{"id":1046,"date":"2022-06-29T12:29:07","date_gmt":"2022-06-29T12:29:07","guid":{"rendered":"https:\/\/skpohjantahti.fi\/uudet\/?page_id=1046"},"modified":"2024-05-06T07:50:39","modified_gmt":"2024-05-06T07:50:39","slug":"jaseneksi","status":"publish","type":"page","link":"https:\/\/skpohjantahti.fi\/index.php\/jaseneksi\/","title":{"rendered":"J\u00e4seneksi"},"content":{"rendered":"\t\t<div data-elementor-type=\"wp-page\" data-elementor-id=\"1046\" class=\"elementor elementor-1046\">\n\t\t\t\t\t\t<section class=\"elementor-section elementor-top-section elementor-element elementor-element-350e536 elementor-section-boxed elementor-section-height-default elementor-section-height-default\" data-id=\"350e536\" data-element_type=\"section\">\n\t\t\t\t\t\t<div class=\"elementor-container elementor-column-gap-default\">\n\t\t\t\t\t<div class=\"elementor-column elementor-col-100 elementor-top-column elementor-element elementor-element-a1ec0bf\" data-id=\"a1ec0bf\" data-element_type=\"column\">\n\t\t\t<div class=\"elementor-widget-wrap elementor-element-populated\">\n\t\t\t\t\t\t<div class=\"elementor-element elementor-element-765097f elementor-widget elementor-widget-heading\" data-id=\"765097f\" data-element_type=\"widget\" data-widget_type=\"heading.default\">\n\t\t\t\t<div class=\"elementor-widget-container\">\n\t\t\t\t\t<h2 class=\"elementor-heading-title elementor-size-default\">Kuinka liitty\u00e4 SK Pohjant\u00e4hden j\u00e4seneksi<\/h2>\t\t\t\t<\/div>\n\t\t\t\t<\/div>\n\t\t\t\t<div class=\"elementor-element elementor-element-b249c6a elementor-widget elementor-widget-text-editor\" data-id=\"b249c6a\" data-element_type=\"widget\" data-widget_type=\"text-editor.default\">\n\t\t\t\t<div class=\"elementor-widget-container\">\n\t\t\t\t\t\t\t\t\t<p>Pohjant\u00e4hden j\u00e4seneksi liityt\u00e4\u00e4n rekister\u00f6itym\u00e4ll\u00e4 myClub-j\u00e4senpalveluun, ks. lis\u00e4tietoa seuran <a href=\"https:\/\/skpohjantahti.myclub.fi\/flow\/notifications\/public\" target=\"_blank\" rel=\"noopener\">MyClub sivuilta<\/a>.<\/p>\t\t\t\t\t\t\t\t<\/div>\n\t\t\t\t<\/div>\n\t\t\t\t<div class=\"elementor-element elementor-element-18ed475 elementor-widget elementor-widget-text-editor\" data-id=\"18ed475\" data-element_type=\"widget\" data-widget_type=\"text-editor.default\">\n\t\t\t\t<div class=\"elementor-widget-container\">\n\t\t\t\t\t\t\t\t\t<p>Pikaohje rekister\u00f6itymiseen:<\/p><ul><li>Mene osoitteeseen <a class=\"navi2\" href=\"https:\/\/skpohjantahti.myclub.fi\/\">https:\/\/skpohjantahti.myclub.fi\/<\/a><\/li><li>Ja valitse \u201dRekister\u00f6i uusi j\u00e4sentili\u201d<\/li><li>Ensin luodaan k\u00e4ytt\u00e4j\u00e4tunnus eli myClub ID (jollei ole ennest\u00e4\u00e4n) ja sen j\u00e4lkeen luodaan varsinainen seuran j\u00e4sentili.<\/li><li>Kaikille j\u00e4senille on luotava oma j\u00e4sentili, my\u00f6s lapsille. Mutta alle 13-vuotiaan j\u00e4sentili\u00e4 hallinnoi aina huoltaja.<\/li><\/ul>\t\t\t\t\t\t\t\t<\/div>\n\t\t\t\t<\/div>\n\t\t\t\t<div class=\"elementor-element elementor-element-09f2b30 elementor-widget elementor-widget-text-editor\" data-id=\"09f2b30\" data-element_type=\"widget\" data-widget_type=\"text-editor.default\">\n\t\t\t\t<div class=\"elementor-widget-container\">\n\t\t\t\t\t\t\t\t\t<p>Tarkempia ohjeita rekister\u00f6itymiseen saa kysym\u00e4ll\u00e4 osoitteesta <a href=\"http:\/\/jasenasiat(a)skpohjantahti.fi\">jasenasiat(a)skpohjantahti.fi<\/a>. Lasten rekister\u00f6imiseen tulee aina kysy\u00e4 ohjeet: \u00a0<a href=\"mailto:skpohjantahti.lapset@gmail.com\" rel=\"noreferrer\">skpohjantahti.lapset(a)gmail.com<\/a>.<\/p><p>Lis\u00e4ksi uuden j\u00e4senen on l\u00e4hetett\u00e4v\u00e4 viesti osoitteeseen <a href=\"http:\/\/jasenasiat(a)skpohjantahti.fi\">jasenasiat(a)skpohjantahti.fi<\/a> kertoen mille s\u00e4hk\u00f6postilistoille haluaa liitty\u00e4, ks. kohta<a href=\"https:\/\/skpohjantahti.fi\/index.php\/sisainen_tiedotus\/\"> sis\u00e4inen tiedotus<\/a>, koska myClubin ohella asioita tiedotetaan postituslistojen kautta.<\/p><p>J\u00e4senmaksulasku l\u00e4hetet\u00e4\u00e4n s\u00e4hk\u00f6postiin. Jatkossa j\u00e4senmaksu laskutetaan kalenterivuosittain aina vuoden alkupuolella.t<\/p>\t\t\t\t\t\t\t\t<\/div>\n\t\t\t\t<\/div>\n\t\t\t\t<div class=\"elementor-element elementor-element-edbf88c elementor-widget elementor-widget-text-editor\" data-id=\"edbf88c\" data-element_type=\"widget\" data-widget_type=\"text-editor.default\">\n\t\t\t\t<div class=\"elementor-widget-container\">\n\t\t\t\t\t\t\t\t\t<p>J\u00e4senmaksut ovat:<\/p><ul><li><b>40\u20ac<\/b> \u00a0\u00a0\u00a0lapset ja nuoret (alle 21-vuotiaat)<\/li><li><b>40\u20ac<\/b> \u00a0\u00a0\u00a0opiskelijat<\/li><li><b>60\u20ac<\/b> \u00a0\u00a0\u00a0aikuiset<\/li><li><b>120\u20ac<\/b> \u00a0perhemaksu<\/li><li>Kannattajaj\u00e4senmaksu on samansuuruinen kuin vastaava j\u00e4senmaksu<\/li><\/ul>\t\t\t\t\t\t\t\t<\/div>\n\t\t\t\t<\/div>\n\t\t\t\t<div class=\"elementor-element elementor-element-a79d03b elementor-widget elementor-widget-text-editor\" data-id=\"a79d03b\" data-element_type=\"widget\" data-widget_type=\"text-editor.default\">\n\t\t\t\t<div class=\"elementor-widget-container\">\n\t\t\t\t\t\t\t\t\t<p>J\u00e4senedut:<\/p><ul><li>Oikeus tulla nimitetyksi valmennus- tai nuorten ryhmiin<\/li><li>Oikeus seuran valmennustuki- ja stipendij\u00e4rjestelm\u00e4\u00e4n<\/li><li>Oikeus k\u00e4ytt\u00e4\u00e4 IRMA ilmoittautumisj\u00e4rjestelm\u00e4\u00e4 kilpailuihin ilmottautumisiin<\/li><li>Oikeus k\u00e4ytt\u00e4\u00e4 seuran edustusasuja ja seuratunnuksia<\/li><li>Oikeus k\u00e4ytt\u00e4\u00e4 seuran palveluita ja tukea kilpailumatkoissa, yhteistilaisuuksissa ja vastaavissa tapahtumissa<\/li><li>Oikeus osallistua seuran viestijoukkueisiin ja saada seuran tuki yhteisiin kilpailumatkoihin kuten Jukolan viestiin, Venlojen viestiin ja 25mannaviestiin<\/li><li>Vapautus osallistumismaksusta seuran j\u00e4rjest\u00e4mill\u00e4 Oulurasteilla<\/li><li>Oikeus osallistua seuran j\u00e4rjest\u00e4miin tapahtumiin<\/li><\/ul>\t\t\t\t\t\t\t\t<\/div>\n\t\t\t\t<\/div>\n\t\t\t\t<div class=\"elementor-element elementor-element-b673c1e elementor-widget elementor-widget-text-editor\" data-id=\"b673c1e\" data-element_type=\"widget\" data-widget_type=\"text-editor.default\">\n\t\t\t\t<div class=\"elementor-widget-container\">\n\t\t\t\t\t\t\t\t\t<p>J\u00e4senvelvoitteet:<\/p><ul><li>Velvollisuus osallistua seuran j\u00e4rjest\u00e4mien kilpailujen, Oulurastien ja muiden tapahtumien j\u00e4rjestelyihin talkooryhmiss\u00e4<\/li><li>Velvollisuus noudattaa seuran eettisi\u00e4 linjauksia ja pelis\u00e4\u00e4nt\u00f6j\u00e4<\/li><li>(Valmennustukea saavilla) velvollisuus k\u00e4ytt\u00e4\u00e4 seuran edustustusasuja n\u00e4kyvyytt\u00e4 tarjoavissa tilanteissa\u00a0<\/li><\/ul>\t\t\t\t\t\t\t\t<\/div>\n\t\t\t\t<\/div>\n\t\t\t\t\t<\/div>\n\t\t<\/div>\n\t\t\t\t\t<\/div>\n\t\t<\/section>\n\t\t\t\t<\/div>\n\t\t","protected":false},"excerpt":{"rendered":"<p>Kuinka liitty\u00e4 SK Pohjant\u00e4hden j\u00e4seneksi Pohjant\u00e4hden j\u00e4seneksi liityt\u00e4\u00e4n rekister\u00f6itym\u00e4ll\u00e4 myClub-j\u00e4senpalveluun, ks. lis\u00e4tietoa seuran MyClub sivuilta. Pikaohje rekister\u00f6itymiseen: Mene osoitteeseen https:\/\/skpohjantahti.myclub.fi\/ Ja valitse \u201dRekister\u00f6i uusi j\u00e4sentili\u201d Ensin luodaan k\u00e4ytt\u00e4j\u00e4tunnus eli myClub ID (jollei ole ennest\u00e4\u00e4n) ja sen j\u00e4lkeen luodaan varsinainen seuran j\u00e4sentili. Kaikille j\u00e4senille on luotava oma j\u00e4sentili, my\u00f6s lapsille. Mutta alle 13-vuotiaan j\u00e4sentili\u00e4 hallinnoi aina [&hellip;]<\/p>\n","protected":false},"author":2,"featured_media":0,"parent":0,"menu_order":0,"comment_status":"closed","ping_status":"closed","template":"","meta":{"site-sidebar-layout":"no-sidebar","site-content-layout":"page-builder","ast-site-content-layout":"default","site-content-style":"default","site-sidebar-style":"default","ast-global-header-display":"","ast-banner-title-visibility":"","ast-main-header-display":"","ast-hfb-above-header-display":"","ast-hfb-below-header-display":"","ast-hfb-mobile-header-display":"","site-post-title":"disabled","ast-breadcrumbs-content":"","ast-featured-img":"disabled","footer-sml-layout":"","ast-disable-related-posts":"","theme-transparent-header-meta":"default","adv-header-id-meta":"","stick-header-meta":"","header-above-stick-meta":"","header-main-stick-meta":"","header-below-stick-meta":"","astra-migrate-meta-layouts":"default","ast-page-background-enabled":"default","ast-page-background-meta":{"desktop":{"background-color":"","background-image":"","background-repeat":"repeat","background-position":"center center","background-size":"auto","background-attachment":"scroll","background-type":"","background-media":"","overlay-type":"","overlay-color":"","overlay-opacity":"","overlay-gradient":""},"tablet":{"background-color":"","background-image":"","background-repeat":"repeat","background-position":"center center","background-size":"auto","background-attachment":"scroll","background-type":"","background-media":"","overlay-type":"","overlay-color":"","overlay-opacity":"","overlay-gradient":""},"mobile":{"background-color":"","background-image":"","background-repeat":"repeat","background-position":"center center","background-size":"auto","background-attachment":"scroll","background-type":"","background-media":"","overlay-type":"","overlay-color":"","overlay-opacity":"","overlay-gradient":""}},"ast-content-background-meta":{"desktop":{"background-color":"var(--ast-global-color-5)","background-image":"","background-repeat":"repeat","background-position":"center center","background-size":"auto","background-attachment":"scroll","background-type":"","background-media":"","overlay-type":"","overlay-color":"","overlay-opacity":"","overlay-gradient":""},"tablet":{"background-color":"var(--ast-global-color-5)","background-image":"","background-repeat":"repeat","background-position":"center center","background-size":"auto","background-attachment":"scroll","background-type":"","background-media":"","overlay-type":"","overlay-color":"","overlay-opacity":"","overlay-gradient":""},"mobile":{"background-color":"var(--ast-global-color-5)","background-image":"","background-repeat":"repeat","background-position":"center center","background-size":"auto","background-attachment":"scroll","background-type":"","background-media":"","overlay-type":"","overlay-color":"","overlay-opacity":"","overlay-gradient":""}},"footnotes":""},"class_list":["post-1046","page","type-page","status-publish","hentry"],"yoast_head":"<!-- This site is optimized with the Yoast SEO plugin v27.2 - https:\/\/yoast.com\/product\/yoast-seo-wordpress\/ -->\n<title>J\u00e4seneksi - SK Pohjant\u00e4hti<\/title>\n<meta name=\"description\" content=\"Kuinka liitty\u00e4 SK Pohjant\u00e4hden j\u00e4seneksi Pohjant\u00e4hden j\u00e4seneksi liityt\u00e4\u00e4n rekister\u00f6itym\u00e4ll\u00e4 myClub-j\u00e4senpalveluun, ks. lis\u00e4tietoa seuran MyClub sivuilta.\" \/>\n<meta name=\"robots\" content=\"index, follow, max-snippet:-1, max-image-preview:large, max-video-preview:-1\" \/>\n<link rel=\"canonical\" href=\"https:\/\/skpohjantahti.fi\/index.php\/jaseneksi\/\" \/>\n<meta property=\"og:locale\" content=\"fi_FI\" \/>\n<meta property=\"og:type\" content=\"article\" \/>\n<meta property=\"og:title\" content=\"J\u00e4seneksi - SK Pohjant\u00e4hti\" \/>\n<meta property=\"og:description\" content=\"Kuinka liitty\u00e4 SK Pohjant\u00e4hden j\u00e4seneksi Pohjant\u00e4hden j\u00e4seneksi liityt\u00e4\u00e4n rekister\u00f6itym\u00e4ll\u00e4 myClub-j\u00e4senpalveluun, ks. lis\u00e4tietoa seuran MyClub sivuilta.\" \/>\n<meta property=\"og:url\" content=\"https:\/\/skpohjantahti.fi\/index.php\/jaseneksi\/\" \/>\n<meta property=\"og:site_name\" content=\"SK Pohjant\u00e4hti\" \/>\n<meta property=\"article:publisher\" content=\"https:\/\/www.facebook.com\/skpohjantahti\" \/>\n<meta property=\"article:modified_time\" content=\"2024-05-06T07:50:39+00:00\" \/>\n<meta name=\"twitter:card\" content=\"summary_large_image\" \/>\n<meta name=\"twitter:label1\" content=\"Arvioitu lukuaika\" \/>\n\t<meta name=\"twitter:data1\" content=\"2 minuuttia\" \/>\n<script type=\"application\/ld+json\" class=\"yoast-schema-graph\">{\"@context\":\"https:\/\/schema.org\",\"@graph\":[{\"@type\":\"WebPage\",\"@id\":\"https:\/\/skpohjantahti.fi\/index.php\/jaseneksi\/\",\"url\":\"https:\/\/skpohjantahti.fi\/index.php\/jaseneksi\/\",\"name\":\"J\u00e4seneksi - SK Pohjant\u00e4hti\",\"isPartOf\":{\"@id\":\"https:\/\/skpohjantahti.fi\/#website\"},\"datePublished\":\"2022-06-29T12:29:07+00:00\",\"dateModified\":\"2024-05-06T07:50:39+00:00\",\"description\":\"Kuinka liitty\u00e4 SK Pohjant\u00e4hden j\u00e4seneksi Pohjant\u00e4hden j\u00e4seneksi liityt\u00e4\u00e4n rekister\u00f6itym\u00e4ll\u00e4 myClub-j\u00e4senpalveluun, ks. lis\u00e4tietoa seuran MyClub sivuilta.\",\"breadcrumb\":{\"@id\":\"https:\/\/skpohjantahti.fi\/index.php\/jaseneksi\/#breadcrumb\"},\"inLanguage\":\"fi\",\"potentialAction\":[{\"@type\":\"ReadAction\",\"target\":[\"https:\/\/skpohjantahti.fi\/index.php\/jaseneksi\/\"]}]},{\"@type\":\"BreadcrumbList\",\"@id\":\"https:\/\/skpohjantahti.fi\/index.php\/jaseneksi\/#breadcrumb\",\"itemListElement\":[{\"@type\":\"ListItem\",\"position\":1,\"name\":\"Etusivu\",\"item\":\"https:\/\/skpohjantahti.fi\/\"},{\"@type\":\"ListItem\",\"position\":2,\"name\":\"J\u00e4seneksi\"}]},{\"@type\":\"WebSite\",\"@id\":\"https:\/\/skpohjantahti.fi\/#website\",\"url\":\"https:\/\/skpohjantahti.fi\/\",\"name\":\"SK Pohjant\u00e4hti\",\"description\":\"Oululainen suunnistusseura\",\"publisher\":{\"@id\":\"https:\/\/skpohjantahti.fi\/#organization\"},\"potentialAction\":[{\"@type\":\"SearchAction\",\"target\":{\"@type\":\"EntryPoint\",\"urlTemplate\":\"https:\/\/skpohjantahti.fi\/?s={search_term_string}\"},\"query-input\":{\"@type\":\"PropertyValueSpecification\",\"valueRequired\":true,\"valueName\":\"search_term_string\"}}],\"inLanguage\":\"fi\"},{\"@type\":\"Organization\",\"@id\":\"https:\/\/skpohjantahti.fi\/#organization\",\"name\":\"SK Pohjant\u00e4hti\",\"url\":\"https:\/\/skpohjantahti.fi\/\",\"logo\":{\"@type\":\"ImageObject\",\"inLanguage\":\"fi\",\"@id\":\"https:\/\/skpohjantahti.fi\/#\/schema\/logo\/image\/\",\"url\":\"https:\/\/skpohjantahti.fi\/uudet\/wp-content\/uploads\/2022\/04\/cropped-pohjantahti_log_netti_pieni.jpg\",\"contentUrl\":\"https:\/\/skpohjantahti.fi\/uudet\/wp-content\/uploads\/2022\/04\/cropped-pohjantahti_log_netti_pieni.jpg\",\"width\":198,\"height\":66,\"caption\":\"SK Pohjant\u00e4hti\"},\"image\":{\"@id\":\"https:\/\/skpohjantahti.fi\/#\/schema\/logo\/image\/\"},\"sameAs\":[\"https:\/\/www.facebook.com\/skpohjantahti\",\"https:\/\/www.instagram.com\/sk_pohjantahti\/\"]}]}<\/script>\n<!-- \/ Yoast SEO plugin. -->","yoast_head_json":{"title":"J\u00e4seneksi - SK Pohjant\u00e4hti","description":"Kuinka liitty\u00e4 SK Pohjant\u00e4hden j\u00e4seneksi Pohjant\u00e4hden j\u00e4seneksi liityt\u00e4\u00e4n rekister\u00f6itym\u00e4ll\u00e4 myClub-j\u00e4senpalveluun, ks. lis\u00e4tietoa seuran MyClub sivuilta.","robots":{"index":"index","follow":"follow","max-snippet":"max-snippet:-1","max-image-preview":"max-image-preview:large","max-video-preview":"max-video-preview:-1"},"canonical":"https:\/\/skpohjantahti.fi\/index.php\/jaseneksi\/","og_locale":"fi_FI","og_type":"article","og_title":"J\u00e4seneksi - SK Pohjant\u00e4hti","og_description":"Kuinka liitty\u00e4 SK Pohjant\u00e4hden j\u00e4seneksi Pohjant\u00e4hden j\u00e4seneksi liityt\u00e4\u00e4n rekister\u00f6itym\u00e4ll\u00e4 myClub-j\u00e4senpalveluun, ks. lis\u00e4tietoa seuran MyClub sivuilta.","og_url":"https:\/\/skpohjantahti.fi\/index.php\/jaseneksi\/","og_site_name":"SK Pohjant\u00e4hti","article_publisher":"https:\/\/www.facebook.com\/skpohjantahti","article_modified_time":"2024-05-06T07:50:39+00:00","twitter_card":"summary_large_image","twitter_misc":{"Arvioitu lukuaika":"2 minuuttia"},"schema":{"@context":"https:\/\/schema.org","@graph":[{"@type":"WebPage","@id":"https:\/\/skpohjantahti.fi\/index.php\/jaseneksi\/","url":"https:\/\/skpohjantahti.fi\/index.php\/jaseneksi\/","name":"J\u00e4seneksi - SK Pohjant\u00e4hti","isPartOf":{"@id":"https:\/\/skpohjantahti.fi\/#website"},"datePublished":"2022-06-29T12:29:07+00:00","dateModified":"2024-05-06T07:50:39+00:00","description":"Kuinka liitty\u00e4 SK Pohjant\u00e4hden j\u00e4seneksi Pohjant\u00e4hden j\u00e4seneksi liityt\u00e4\u00e4n rekister\u00f6itym\u00e4ll\u00e4 myClub-j\u00e4senpalveluun, ks. lis\u00e4tietoa seuran MyClub sivuilta.","breadcrumb":{"@id":"https:\/\/skpohjantahti.fi\/index.php\/jaseneksi\/#breadcrumb"},"inLanguage":"fi","potentialAction":[{"@type":"ReadAction","target":["https:\/\/skpohjantahti.fi\/index.php\/jaseneksi\/"]}]},{"@type":"BreadcrumbList","@id":"https:\/\/skpohjantahti.fi\/index.php\/jaseneksi\/#breadcrumb","itemListElement":[{"@type":"ListItem","position":1,"name":"Etusivu","item":"https:\/\/skpohjantahti.fi\/"},{"@type":"ListItem","position":2,"name":"J\u00e4seneksi"}]},{"@type":"WebSite","@id":"https:\/\/skpohjantahti.fi\/#website","url":"https:\/\/skpohjantahti.fi\/","name":"SK Pohjant\u00e4hti","description":"Oululainen suunnistusseura","publisher":{"@id":"https:\/\/skpohjantahti.fi\/#organization"},"potentialAction":[{"@type":"SearchAction","target":{"@type":"EntryPoint","urlTemplate":"https:\/\/skpohjantahti.fi\/?s={search_term_string}"},"query-input":{"@type":"PropertyValueSpecification","valueRequired":true,"valueName":"search_term_string"}}],"inLanguage":"fi"},{"@type":"Organization","@id":"https:\/\/skpohjantahti.fi\/#organization","name":"SK Pohjant\u00e4hti","url":"https:\/\/skpohjantahti.fi\/","logo":{"@type":"ImageObject","inLanguage":"fi","@id":"https:\/\/skpohjantahti.fi\/#\/schema\/logo\/image\/","url":"https:\/\/skpohjantahti.fi\/uudet\/wp-content\/uploads\/2022\/04\/cropped-pohjantahti_log_netti_pieni.jpg","contentUrl":"https:\/\/skpohjantahti.fi\/uudet\/wp-content\/uploads\/2022\/04\/cropped-pohjantahti_log_netti_pieni.jpg","width":198,"height":66,"caption":"SK Pohjant\u00e4hti"},"image":{"@id":"https:\/\/skpohjantahti.fi\/#\/schema\/logo\/image\/"},"sameAs":["https:\/\/www.facebook.com\/skpohjantahti","https:\/\/www.instagram.com\/sk_pohjantahti\/"]}]}},"_links":{"self":[{"href":"https:\/\/skpohjantahti.fi\/index.php\/wp-json\/wp\/v2\/pages\/1046","targetHints":{"allow":["GET"]}}],"collection":[{"href":"https:\/\/skpohjantahti.fi\/index.php\/wp-json\/wp\/v2\/pages"}],"about":[{"href":"https:\/\/skpohjantahti.fi\/index.php\/wp-json\/wp\/v2\/types\/page"}],"author":[{"embeddable":true,"href":"https:\/\/skpohjantahti.fi\/index.php\/wp-json\/wp\/v2\/users\/2"}],"replies":[{"embeddable":true,"href":"https:\/\/skpohjantahti.fi\/index.php\/wp-json\/wp\/v2\/comments?post=1046"}],"version-history":[{"count":28,"href":"https:\/\/skpohjantahti.fi\/index.php\/wp-json\/wp\/v2\/pages\/1046\/revisions"}],"predecessor-version":[{"id":4073,"href":"https:\/\/skpohjantahti.fi\/index.php\/wp-json\/wp\/v2\/pages\/1046\/revisions\/4073"}],"wp:attachment":[{"href":"https:\/\/skpohjantahti.fi\/index.php\/wp-json\/wp\/v2\/media?parent=1046"}],"curies":[{"name":"wp","href":"https:\/\/api.w.org\/{rel}","templated":true}]}}