{"id":1168,"date":"2022-07-04T12:38:06","date_gmt":"2022-07-04T12:38:06","guid":{"rendered":"https:\/\/skpohjantahti.fi\/uudet\/?page_id=1168"},"modified":"2022-12-27T08:36:53","modified_gmt":"2022-12-27T08:36:53","slug":"kartat","status":"publish","type":"page","link":"https:\/\/skpohjantahti.fi\/index.php\/kartat\/","title":{"rendered":"Kartat"},"content":{"rendered":"\t\t<div data-elementor-type=\"wp-page\" data-elementor-id=\"1168\" class=\"elementor elementor-1168\">\n\t\t\t\t\t\t<section class=\"elementor-section elementor-top-section elementor-element elementor-element-b872030 elementor-section-boxed elementor-section-height-default elementor-section-height-default\" data-id=\"b872030\" data-element_type=\"section\">\n\t\t\t\t\t\t<div class=\"elementor-container elementor-column-gap-default\">\n\t\t\t\t\t<div class=\"elementor-column elementor-col-50 elementor-top-column elementor-element elementor-element-9054aa0\" data-id=\"9054aa0\" data-element_type=\"column\">\n\t\t\t<div class=\"elementor-widget-wrap elementor-element-populated\">\n\t\t\t\t\t\t<div class=\"elementor-element elementor-element-6a2dc8e elementor-widget elementor-widget-heading\" data-id=\"6a2dc8e\" data-element_type=\"widget\" data-widget_type=\"heading.default\">\n\t\t\t\t<div class=\"elementor-widget-container\">\n\t\t\t\t\t<h3 class=\"elementor-heading-title elementor-size-default\">SK Pohjant\u00e4hden kartat<\/h3>\t\t\t\t<\/div>\n\t\t\t\t<\/div>\n\t\t\t\t<div class=\"elementor-element elementor-element-23c514d elementor-widget elementor-widget-text-editor\" data-id=\"23c514d\" data-element_type=\"widget\" data-widget_type=\"text-editor.default\">\n\t\t\t\t<div class=\"elementor-widget-container\">\n\t\t\t\t\t\t\t\t\t<p>Oulun Suunnistajat \/ SK Pohjant\u00e4hti ovat julkaisseet vuodesta 1972 l\u00e4htien n. 200 suunnistuksen erikoiskarttaa. Ennen t\u00e4t\u00e4 suunnistettiin p\u00e4\u00e4osin peruskartoilla. Seuraavassa listassa on vuoden 2017 j\u00e4lkeen julkaistut kartat. Karttojen sijainnin voi tarkistaa Suomen Suunnistusliiton <span style=\"text-decoration: underline;\"><a href=\"http:\/\/www.karttarekisteri.fi\" target=\"_blank\" rel=\"noopener\">karttarekisterist\u00e4<\/a><\/span>.<\/p>\t\t\t\t\t\t\t\t<\/div>\n\t\t\t\t<\/div>\n\t\t\t\t<div class=\"elementor-element elementor-element-9eecd4b elementor-widget elementor-widget-text-editor\" data-id=\"9eecd4b\" data-element_type=\"widget\" data-widget_type=\"text-editor.default\">\n\t\t\t\t<div class=\"elementor-widget-container\">\n\t\t\t\t\t\t\t\t\t<p>Karttoja voi tiedustella Petri Karjalaiselta, valmapetri(at)gmail.com, p. 050-3377 873.<\/p>\t\t\t\t\t\t\t\t<\/div>\n\t\t\t\t<\/div>\n\t\t\t\t\t<\/div>\n\t\t<\/div>\n\t\t\t\t<div class=\"elementor-column elementor-col-50 elementor-top-column elementor-element elementor-element-299e241\" data-id=\"299e241\" data-element_type=\"column\">\n\t\t\t<div class=\"elementor-widget-wrap elementor-element-populated\">\n\t\t\t\t\t\t<div class=\"elementor-element elementor-element-ca8dfbb elementor-widget elementor-widget-image\" data-id=\"ca8dfbb\" data-element_type=\"widget\" data-widget_type=\"image.default\">\n\t\t\t\t<div class=\"elementor-widget-container\">\n\t\t\t\t\t\t\t\t\t\t\t\t\t\t\t<img fetchpriority=\"high\" decoding=\"async\" width=\"296\" height=\"300\" src=\"https:\/\/skpohjantahti.fi\/uudet\/wp-content\/uploads\/2022\/07\/kartta-296x300.png\" class=\"attachment-medium size-medium wp-image-1186\" alt=\"\" srcset=\"https:\/\/skpohjantahti.fi\/uudet\/wp-content\/uploads\/2022\/07\/kartta-296x300.png 296w, https:\/\/skpohjantahti.fi\/uudet\/wp-content\/uploads\/2022\/07\/kartta.png 335w\" sizes=\"(max-width: 296px) 100vw, 296px\" \/>\t\t\t\t\t\t\t\t\t\t\t\t\t\t\t<\/div>\n\t\t\t\t<\/div>\n\t\t\t\t\t<\/div>\n\t\t<\/div>\n\t\t\t\t\t<\/div>\n\t\t<\/section>\n\t\t\t\t<section class=\"elementor-section elementor-top-section elementor-element elementor-element-2185ac6 elementor-section-boxed elementor-section-height-default elementor-section-height-default\" data-id=\"2185ac6\" data-element_type=\"section\">\n\t\t\t\t\t\t<div class=\"elementor-container elementor-column-gap-default\">\n\t\t\t\t\t<div class=\"elementor-column elementor-col-100 elementor-top-column elementor-element elementor-element-bdd13e0\" data-id=\"bdd13e0\" data-element_type=\"column\">\n\t\t\t<div class=\"elementor-widget-wrap elementor-element-populated\">\n\t\t\t\t\t\t<div class=\"elementor-element elementor-element-977277c elementor-widget elementor-widget-shortcode\" data-id=\"977277c\" data-element_type=\"widget\" data-widget_type=\"shortcode.default\">\n\t\t\t\t<div class=\"elementor-widget-container\">\n\t\t\t\t\t\t\t<div class=\"elementor-shortcode\">\n<table id=\"tablepress-1\" class=\"tablepress tablepress-id-1\">\n<thead>\n<tr class=\"row-1\">\n\t<th class=\"column-1\">Kartan nro<\/th><th class=\"column-2\">Kartan nimi<\/th><th class=\"column-3\">Kartan koko\/km2<\/th><th class=\"column-4\">Kartan mittak.<\/th><th class=\"column-5\">vuosi\/rek.tunnus<\/th>\n<\/tr>\n<\/thead>\n<tbody class=\"row-striping row-hover\">\n<tr class=\"row-2\">\n\t<td class=\"column-1\">159.<\/td><td class=\"column-2\">Pilpaoja<\/td><td class=\"column-3\">9<\/td><td class=\"column-4\">10 000<\/td><td class=\"column-5\">17 13 01<\/td>\n<\/tr>\n<tr class=\"row-3\">\n\t<td class=\"column-1\">160.<\/td><td class=\"column-2\">Patosillat<\/td><td class=\"column-3\">1<\/td><td class=\"column-4\">4 000<\/td><td class=\"column-5\">17 13 02<\/td>\n<\/tr>\n<tr class=\"row-4\">\n\t<td class=\"column-1\">161.<\/td><td class=\"column-2\">Sarkkiranta<\/td><td class=\"column-3\">1<\/td><td class=\"column-4\">4 000<\/td><td class=\"column-5\">17 13 03<\/td>\n<\/tr>\n<tr class=\"row-5\">\n\t<td class=\"column-1\">162.<\/td><td class=\"column-2\">Merikoski<\/td><td class=\"column-3\">1<\/td><td class=\"column-4\">4 000<\/td><td class=\"column-5\">18 13 04<\/td>\n<\/tr>\n<tr class=\"row-6\">\n\t<td class=\"column-1\">163.<\/td><td class=\"column-2\">Linnansaari<\/td><td class=\"column-3\">1<\/td><td class=\"column-4\">4 000<\/td><td class=\"column-5\">18 13 05<\/td>\n<\/tr>\n<tr class=\"row-7\">\n\t<td class=\"column-1\">164.<\/td><td class=\"column-2\">Hollihaka<\/td><td class=\"column-3\">1<\/td><td class=\"column-4\">4 000<\/td><td class=\"column-5\">18 13 06<\/td>\n<\/tr>\n<tr class=\"row-8\">\n\t<td class=\"column-1\">165.<\/td><td class=\"column-2\">Raksila<\/td><td class=\"column-3\">1<\/td><td class=\"column-4\">4 000<\/td><td class=\"column-5\">18 13 07<\/td>\n<\/tr>\n<tr class=\"row-9\">\n\t<td class=\"column-1\">166.<\/td><td class=\"column-2\">Isokangas<\/td><td class=\"column-3\">9<\/td><td class=\"column-4\">10 000<\/td><td class=\"column-5\">19 13 01<\/td>\n<\/tr>\n<tr class=\"row-10\">\n\t<td class=\"column-1\">167.<\/td><td class=\"column-2\">Linnanmaa<\/td><td class=\"column-3\">1<\/td><td class=\"column-4\">4 000<\/td><td class=\"column-5\">19 13 02<\/td>\n<\/tr>\n<tr class=\"row-11\">\n\t<td class=\"column-1\">168.<\/td><td class=\"column-2\">Kaijonharju<\/td><td class=\"column-3\">1<\/td><td class=\"column-4\">4 000<\/td><td class=\"column-5\">19 13 03<\/td>\n<\/tr>\n<tr class=\"row-12\">\n\t<td class=\"column-1\">169.<\/td><td class=\"column-2\">Rotuaari<\/td><td class=\"column-3\">1<\/td><td class=\"column-4\">4 000<\/td><td class=\"column-5\">19 13 04<\/td>\n<\/tr>\n<tr class=\"row-13\">\n\t<td class=\"column-1\">170.<\/td><td class=\"column-2\">Koskenniska<\/td><td class=\"column-3\">1<\/td><td class=\"column-4\">4 000<\/td><td class=\"column-5\">20 13 05<\/td>\n<\/tr>\n<tr class=\"row-14\">\n\t<td class=\"column-1\">171.<\/td><td class=\"column-2\">Sadinselk\u00e4<\/td><td class=\"column-3\">4<\/td><td class=\"column-4\">10 000<\/td><td class=\"column-5\">20 13 06<\/td>\n<\/tr>\n<tr class=\"row-15\">\n\t<td class=\"column-1\">172.<\/td><td class=\"column-2\">Ketunluolakangas<\/td><td class=\"column-3\">4<\/td><td class=\"column-4\">10 000<\/td><td class=\"column-5\">20 13 07<\/td>\n<\/tr>\n<tr class=\"row-16\">\n\t<td class=\"column-1\">173.<\/td><td class=\"column-2\">Pikkarala<\/td><td class=\"column-3\">5<\/td><td class=\"column-4\">10 000<\/td><td class=\"column-5\">20 13 08<\/td>\n<\/tr>\n<tr class=\"row-17\">\n\t<td class=\"column-1\">174.<\/td><td class=\"column-2\">Alppila<\/td><td class=\"column-3\">1<\/td><td class=\"column-4\">4 000<\/td><td class=\"column-5\">20 13 09<\/td>\n<\/tr>\n<tr class=\"row-18\">\n\t<td class=\"column-1\">175.<\/td><td class=\"column-2\">L\u00e4nsi-Tuira<\/td><td class=\"column-3\">1<\/td><td class=\"column-4\">4 000<\/td><td class=\"column-5\">20 13 10<\/td>\n<\/tr>\n<tr class=\"row-19\">\n\t<td class=\"column-1\">176.<\/td><td class=\"column-2\">H\u00f6yhty\u00e4<\/td><td class=\"column-3\">1<\/td><td class=\"column-4\">4000<\/td><td class=\"column-5\">21 13 01<\/td>\n<\/tr>\n<tr class=\"row-20\">\n\t<td class=\"column-1\">177.<\/td><td class=\"column-2\">It\u00e4-Tuira<\/td><td class=\"column-3\">1<\/td><td class=\"column-4\">4000<\/td><td class=\"column-5\">21 13 02<\/td>\n<\/tr>\n<tr class=\"row-21\">\n\t<td class=\"column-1\">178.<\/td><td class=\"column-2\">Lintulampi<\/td><td class=\"column-3\">1<\/td><td class=\"column-4\">4000<\/td><td class=\"column-5\">21 13 03<\/td>\n<\/tr>\n<tr class=\"row-22\">\n\t<td class=\"column-1\">179.<\/td><td class=\"column-2\">Juminkangas<\/td><td class=\"column-3\">7<\/td><td class=\"column-4\">10000<\/td><td class=\"column-5\">21 13 04<\/td>\n<\/tr>\n<tr class=\"row-23\">\n\t<td class=\"column-1\">180.<\/td><td class=\"column-2\">Ojanper\u00e4nkangas<\/td><td class=\"column-3\">2<\/td><td class=\"column-4\">7500<\/td><td class=\"column-5\">21 13 06<\/td>\n<\/tr>\n<tr class=\"row-24\">\n\t<td class=\"column-1\">181.<\/td><td class=\"column-2\">Liminka<\/td><td class=\"column-3\">1<\/td><td class=\"column-4\">4000<\/td><td class=\"column-5\">21 13 07<\/td>\n<\/tr>\n<tr class=\"row-25\">\n\t<td class=\"column-1\">182.<\/td><td class=\"column-2\">Peuhu<\/td><td class=\"column-3\">7<\/td><td class=\"column-4\">10000<\/td><td class=\"column-5\">21 13 08<\/td>\n<\/tr>\n<tr class=\"row-26\">\n\t<td class=\"column-1\">183.<\/td><td class=\"column-2\">Kemintien sillat<\/td><td class=\"column-3\">1<\/td><td class=\"column-4\">4000<\/td><td class=\"column-5\">21 13 12<\/td>\n<\/tr>\n<tr class=\"row-27\">\n\t<td class=\"column-1\">184.<\/td><td class=\"column-2\">Pajukalliot<\/td><td class=\"column-3\">2<\/td><td class=\"column-4\">10000<\/td><td class=\"column-5\">21 13 13<\/td>\n<\/tr>\n<tr class=\"row-28\">\n\t<td class=\"column-1\">185.<\/td><td class=\"column-2\">Soidinmaa<\/td><td class=\"column-3\">3<\/td><td class=\"column-4\">10000<\/td><td class=\"column-5\">21 13 14<\/td>\n<\/tr>\n<tr class=\"row-29\">\n\t<td class=\"column-1\">186.<\/td><td class=\"column-2\">Kaukovainio<\/td><td class=\"column-3\">1<\/td><td class=\"column-4\">4000<\/td><td class=\"column-5\">21 13 15<\/td>\n<\/tr>\n<tr class=\"row-30\">\n\t<td class=\"column-1\">187.<\/td><td class=\"column-2\">Karjasilta<\/td><td class=\"column-3\">1<\/td><td class=\"column-4\">4000<\/td><td class=\"column-5\">22 13 04<\/td>\n<\/tr>\n<tr class=\"row-31\">\n\t<td class=\"column-1\">188.<\/td><td class=\"column-2\">Tyrn\u00e4v\u00e4<\/td><td class=\"column-3\">2<\/td><td class=\"column-4\">7500<\/td><td class=\"column-5\">22 13 18<\/td>\n<\/tr>\n<tr class=\"row-32\">\n\t<td class=\"column-1\">189.<\/td><td class=\"column-2\">Tyrn\u00e4v\u00e4n keskusta<\/td><td class=\"column-3\">1<\/td><td class=\"column-4\">4000<\/td><td class=\"column-5\">22 13 09<\/td>\n<\/tr>\n<tr class=\"row-33\">\n\t<td class=\"column-1\">190.<\/td><td class=\"column-2\">Lukkarinm\u00e4ki<\/td><td class=\"column-3\">5<\/td><td class=\"column-4\">10000<\/td><td class=\"column-5\">22 13 11<\/td>\n<\/tr>\n<tr class=\"row-34\">\n\t<td class=\"column-1\">191.<\/td><td class=\"column-2\">M\u00e4ntyl\u00e4<\/td><td class=\"column-3\">1<\/td><td class=\"column-4\">4000<\/td><td class=\"column-5\">22 13 13<\/td>\n<\/tr>\n<tr class=\"row-35\">\n\t<td class=\"column-1\">192.<\/td><td class=\"column-2\">Laanila<\/td><td class=\"column-3\">1<\/td><td class=\"column-4\">4000<\/td><td class=\"column-5\">22 13 14<\/td>\n<\/tr>\n<tr class=\"row-36\">\n\t<td class=\"column-1\">193.<\/td><td class=\"column-2\">Ketolanper\u00e4<\/td><td class=\"column-3\">3<\/td><td class=\"column-4\">7500<\/td><td class=\"column-5\">22 13 15<\/td>\n<\/tr>\n<tr class=\"row-37\">\n\t<td class=\"column-1\">194.<\/td><td class=\"column-2\">Salonselk\u00e4<\/td><td class=\"column-3\">3<\/td><td class=\"column-4\">10000<\/td><td class=\"column-5\">22 13 18<\/td>\n<\/tr>\n<tr class=\"row-38\">\n\t<td class=\"column-1\">195.<\/td><td class=\"column-2\">Hiironen<\/td><td class=\"column-3\">0,7<\/td><td class=\"column-4\">4000<\/td><td class=\"column-5\">23 13 04<\/td>\n<\/tr>\n<tr class=\"row-39\">\n\t<td class=\"column-1\">195.<\/td><td class=\"column-2\">Kivivaara<\/td><td class=\"column-3\">5<\/td><td class=\"column-4\">10000<\/td><td class=\"column-5\">23 13 05<\/td>\n<\/tr>\n<tr class=\"row-40\">\n\t<td class=\"column-1\">197.<\/td><td class=\"column-2\">Hein\u00e4p\u00e4\u00e4<\/td><td class=\"column-3\">0,5<\/td><td class=\"column-4\">4000<\/td><td class=\"column-5\">23 13 08<\/td>\n<\/tr>\n<tr class=\"row-41\">\n\t<td class=\"column-1\">198.<\/td><td class=\"column-2\">Etu-Ly\u00f6tty<\/td><td class=\"column-3\">0,5<\/td><td class=\"column-4\">4000<\/td><td class=\"column-5\">23 13 09<\/td>\n<\/tr>\n<tr class=\"row-42\">\n\t<td class=\"column-1\">199.<\/td><td class=\"column-2\">Sarkkiranta<\/td><td class=\"column-3\">0,7<\/td><td class=\"column-4\">4000<\/td><td class=\"column-5\">23 13 10<\/td>\n<\/tr>\n<tr class=\"row-43\">\n\t<td class=\"column-1\">200.<\/td><td class=\"column-2\">Maikkula<\/td><td class=\"column-3\">0,7<\/td><td class=\"column-4\">4000<\/td><td class=\"column-5\">23 13 12<\/td>\n<\/tr>\n<tr class=\"row-44\">\n\t<td class=\"column-1\">201.<\/td><td class=\"column-2\">Kaukovainio<\/td><td class=\"column-3\">0,8<\/td><td class=\"column-4\">4000<\/td><td class=\"column-5\">23 13 14<\/td>\n<\/tr>\n<tr class=\"row-45\">\n\t<td class=\"column-1\">202.<\/td><td class=\"column-2\">Raksila<\/td><td class=\"column-3\">0,8<\/td><td class=\"column-4\">4000<\/td><td class=\"column-5\">23 13 15<\/td>\n<\/tr>\n<\/tbody>\n<\/table>\n<!-- #tablepress-1 from cache --><\/div>\n\t\t\t\t\t\t<\/div>\n\t\t\t\t<\/div>\n\t\t\t\t\t<\/div>\n\t\t<\/div>\n\t\t\t\t\t<\/div>\n\t\t<\/section>\n\t\t\t\t<\/div>\n\t\t","protected":false},"excerpt":{"rendered":"<p>SK Pohjant\u00e4hden kartat Oulun Suunnistajat \/ SK Pohjant\u00e4hti ovat julkaisseet vuodesta 1972 l\u00e4htien n. 200 suunnistuksen erikoiskarttaa. Ennen t\u00e4t\u00e4 suunnistettiin p\u00e4\u00e4osin peruskartoilla. Seuraavassa listassa on vuoden 2017 j\u00e4lkeen julkaistut kartat. Karttojen sijainnin voi tarkistaa Suomen Suunnistusliiton karttarekisterist\u00e4. Karttoja voi tiedustella Petri Karjalaiselta, valmapetri(at)gmail.com, p. 050-3377 873.<\/p>\n","protected":false},"author":2,"featured_media":0,"parent":0,"menu_order":0,"comment_status":"closed","ping_status":"closed","template":"","meta":{"site-sidebar-layout":"no-sidebar","site-content-layout":"page-builder","ast-site-content-layout":"default","site-content-style":"default","site-sidebar-style":"default","ast-global-header-display":"","ast-banner-title-visibility":"","ast-main-header-display":"","ast-hfb-above-header-display":"","ast-hfb-below-header-display":"","ast-hfb-mobile-header-display":"","site-post-title":"disabled","ast-breadcrumbs-content":"","ast-featured-img":"disabled","footer-sml-layout":"","ast-disable-related-posts":"","theme-transparent-header-meta":"default","adv-header-id-meta":"","stick-header-meta":"","header-above-stick-meta":"","header-main-stick-meta":"","header-below-stick-meta":"","astra-migrate-meta-layouts":"default","ast-page-background-enabled":"default","ast-page-background-meta":{"desktop":{"background-color":"","background-image":"","background-repeat":"repeat","background-position":"center center","background-size":"auto","background-attachment":"scroll","background-type":"","background-media":"","overlay-type":"","overlay-color":"","overlay-opacity":"","overlay-gradient":""},"tablet":{"background-color":"","background-image":"","background-repeat":"repeat","background-position":"center center","background-size":"auto","background-attachment":"scroll","background-type":"","background-media":"","overlay-type":"","overlay-color":"","overlay-opacity":"","overlay-gradient":""},"mobile":{"background-color":"","background-image":"","background-repeat":"repeat","background-position":"center center","background-size":"auto","background-attachment":"scroll","background-type":"","background-media":"","overlay-type":"","overlay-color":"","overlay-opacity":"","overlay-gradient":""}},"ast-content-background-meta":{"desktop":{"background-color":"var(--ast-global-color-5)","background-image":"","background-repeat":"repeat","background-position":"center center","background-size":"auto","background-attachment":"scroll","background-type":"","background-media":"","overlay-type":"","overlay-color":"","overlay-opacity":"","overlay-gradient":""},"tablet":{"background-color":"var(--ast-global-color-5)","background-image":"","background-repeat":"repeat","background-position":"center center","background-size":"auto","background-attachment":"scroll","background-type":"","background-media":"","overlay-type":"","overlay-color":"","overlay-opacity":"","overlay-gradient":""},"mobile":{"background-color":"var(--ast-global-color-5)","background-image":"","background-repeat":"repeat","background-position":"center center","background-size":"auto","background-attachment":"scroll","background-type":"","background-media":"","overlay-type":"","overlay-color":"","overlay-opacity":"","overlay-gradient":""}},"footnotes":""},"class_list":["post-1168","page","type-page","status-publish","hentry"],"yoast_head":"<!-- This site is optimized with the Yoast SEO plugin v27.2 - https:\/\/yoast.com\/product\/yoast-seo-wordpress\/ -->\n<title>Kartat - SK Pohjant\u00e4hti<\/title>\n<meta name=\"description\" content=\"Oulun Suunnistajat \/ SK Pohjant\u00e4hti ovat julkaisseet vuodesta 1972 l\u00e4htien n. 200 suunnistuksen erikoiskarttaa. Karttojen sijainnin voi tarkistaa Suomen Suunnistusliiton karttarekisterist\u00e4.\" \/>\n<meta name=\"robots\" content=\"index, follow, max-snippet:-1, max-image-preview:large, max-video-preview:-1\" \/>\n<link rel=\"canonical\" href=\"https:\/\/skpohjantahti.fi\/index.php\/kartat\/\" \/>\n<meta property=\"og:locale\" content=\"fi_FI\" \/>\n<meta property=\"og:type\" content=\"article\" \/>\n<meta property=\"og:title\" content=\"Kartat - SK Pohjant\u00e4hti\" \/>\n<meta property=\"og:description\" content=\"Oulun Suunnistajat \/ SK Pohjant\u00e4hti ovat julkaisseet vuodesta 1972 l\u00e4htien n. 200 suunnistuksen erikoiskarttaa. Karttojen sijainnin voi tarkistaa Suomen Suunnistusliiton karttarekisterist\u00e4.\" \/>\n<meta property=\"og:url\" content=\"https:\/\/skpohjantahti.fi\/index.php\/kartat\/\" \/>\n<meta property=\"og:site_name\" content=\"SK Pohjant\u00e4hti\" \/>\n<meta property=\"article:publisher\" content=\"https:\/\/www.facebook.com\/skpohjantahti\" \/>\n<meta property=\"article:modified_time\" content=\"2022-12-27T08:36:53+00:00\" \/>\n<meta property=\"og:image\" content=\"https:\/\/skpohjantahti.fi\/uudet\/wp-content\/uploads\/2022\/07\/kartta-296x300.png\" \/>\n<meta name=\"twitter:card\" content=\"summary_large_image\" \/>\n<meta name=\"twitter:label1\" content=\"Arvioitu lukuaika\" \/>\n\t<meta name=\"twitter:data1\" content=\"1 minuutti\" \/>\n<script type=\"application\/ld+json\" class=\"yoast-schema-graph\">{\"@context\":\"https:\/\/schema.org\",\"@graph\":[{\"@type\":\"WebPage\",\"@id\":\"https:\/\/skpohjantahti.fi\/index.php\/kartat\/\",\"url\":\"https:\/\/skpohjantahti.fi\/index.php\/kartat\/\",\"name\":\"Kartat - SK Pohjant\u00e4hti\",\"isPartOf\":{\"@id\":\"https:\/\/skpohjantahti.fi\/#website\"},\"primaryImageOfPage\":{\"@id\":\"https:\/\/skpohjantahti.fi\/index.php\/kartat\/#primaryimage\"},\"image\":{\"@id\":\"https:\/\/skpohjantahti.fi\/index.php\/kartat\/#primaryimage\"},\"thumbnailUrl\":\"https:\/\/skpohjantahti.fi\/uudet\/wp-content\/uploads\/2022\/07\/kartta-296x300.png\",\"datePublished\":\"2022-07-04T12:38:06+00:00\",\"dateModified\":\"2022-12-27T08:36:53+00:00\",\"description\":\"Oulun Suunnistajat \/ SK Pohjant\u00e4hti ovat julkaisseet vuodesta 1972 l\u00e4htien n. 200 suunnistuksen erikoiskarttaa. Karttojen sijainnin voi tarkistaa Suomen Suunnistusliiton karttarekisterist\u00e4.\",\"breadcrumb\":{\"@id\":\"https:\/\/skpohjantahti.fi\/index.php\/kartat\/#breadcrumb\"},\"inLanguage\":\"fi\",\"potentialAction\":[{\"@type\":\"ReadAction\",\"target\":[\"https:\/\/skpohjantahti.fi\/index.php\/kartat\/\"]}]},{\"@type\":\"ImageObject\",\"inLanguage\":\"fi\",\"@id\":\"https:\/\/skpohjantahti.fi\/index.php\/kartat\/#primaryimage\",\"url\":\"https:\/\/skpohjantahti.fi\/uudet\/wp-content\/uploads\/2022\/07\/kartta.png\",\"contentUrl\":\"https:\/\/skpohjantahti.fi\/uudet\/wp-content\/uploads\/2022\/07\/kartta.png\",\"width\":335,\"height\":340},{\"@type\":\"BreadcrumbList\",\"@id\":\"https:\/\/skpohjantahti.fi\/index.php\/kartat\/#breadcrumb\",\"itemListElement\":[{\"@type\":\"ListItem\",\"position\":1,\"name\":\"Etusivu\",\"item\":\"https:\/\/skpohjantahti.fi\/\"},{\"@type\":\"ListItem\",\"position\":2,\"name\":\"Kartat\"}]},{\"@type\":\"WebSite\",\"@id\":\"https:\/\/skpohjantahti.fi\/#website\",\"url\":\"https:\/\/skpohjantahti.fi\/\",\"name\":\"SK Pohjant\u00e4hti\",\"description\":\"Oululainen suunnistusseura\",\"publisher\":{\"@id\":\"https:\/\/skpohjantahti.fi\/#organization\"},\"potentialAction\":[{\"@type\":\"SearchAction\",\"target\":{\"@type\":\"EntryPoint\",\"urlTemplate\":\"https:\/\/skpohjantahti.fi\/?s={search_term_string}\"},\"query-input\":{\"@type\":\"PropertyValueSpecification\",\"valueRequired\":true,\"valueName\":\"search_term_string\"}}],\"inLanguage\":\"fi\"},{\"@type\":\"Organization\",\"@id\":\"https:\/\/skpohjantahti.fi\/#organization\",\"name\":\"SK Pohjant\u00e4hti\",\"url\":\"https:\/\/skpohjantahti.fi\/\",\"logo\":{\"@type\":\"ImageObject\",\"inLanguage\":\"fi\",\"@id\":\"https:\/\/skpohjantahti.fi\/#\/schema\/logo\/image\/\",\"url\":\"https:\/\/skpohjantahti.fi\/uudet\/wp-content\/uploads\/2022\/04\/cropped-pohjantahti_log_netti_pieni.jpg\",\"contentUrl\":\"https:\/\/skpohjantahti.fi\/uudet\/wp-content\/uploads\/2022\/04\/cropped-pohjantahti_log_netti_pieni.jpg\",\"width\":198,\"height\":66,\"caption\":\"SK Pohjant\u00e4hti\"},\"image\":{\"@id\":\"https:\/\/skpohjantahti.fi\/#\/schema\/logo\/image\/\"},\"sameAs\":[\"https:\/\/www.facebook.com\/skpohjantahti\",\"https:\/\/www.instagram.com\/sk_pohjantahti\/\"]}]}<\/script>\n<!-- \/ Yoast SEO plugin. -->","yoast_head_json":{"title":"Kartat - SK Pohjant\u00e4hti","description":"Oulun Suunnistajat \/ SK Pohjant\u00e4hti ovat julkaisseet vuodesta 1972 l\u00e4htien n. 200 suunnistuksen erikoiskarttaa. Karttojen sijainnin voi tarkistaa Suomen Suunnistusliiton karttarekisterist\u00e4.","robots":{"index":"index","follow":"follow","max-snippet":"max-snippet:-1","max-image-preview":"max-image-preview:large","max-video-preview":"max-video-preview:-1"},"canonical":"https:\/\/skpohjantahti.fi\/index.php\/kartat\/","og_locale":"fi_FI","og_type":"article","og_title":"Kartat - SK Pohjant\u00e4hti","og_description":"Oulun Suunnistajat \/ SK Pohjant\u00e4hti ovat julkaisseet vuodesta 1972 l\u00e4htien n. 200 suunnistuksen erikoiskarttaa. Karttojen sijainnin voi tarkistaa Suomen Suunnistusliiton karttarekisterist\u00e4.","og_url":"https:\/\/skpohjantahti.fi\/index.php\/kartat\/","og_site_name":"SK Pohjant\u00e4hti","article_publisher":"https:\/\/www.facebook.com\/skpohjantahti","article_modified_time":"2022-12-27T08:36:53+00:00","og_image":[{"url":"https:\/\/skpohjantahti.fi\/uudet\/wp-content\/uploads\/2022\/07\/kartta-296x300.png","type":"","width":"","height":""}],"twitter_card":"summary_large_image","twitter_misc":{"Arvioitu lukuaika":"1 minuutti"},"schema":{"@context":"https:\/\/schema.org","@graph":[{"@type":"WebPage","@id":"https:\/\/skpohjantahti.fi\/index.php\/kartat\/","url":"https:\/\/skpohjantahti.fi\/index.php\/kartat\/","name":"Kartat - SK Pohjant\u00e4hti","isPartOf":{"@id":"https:\/\/skpohjantahti.fi\/#website"},"primaryImageOfPage":{"@id":"https:\/\/skpohjantahti.fi\/index.php\/kartat\/#primaryimage"},"image":{"@id":"https:\/\/skpohjantahti.fi\/index.php\/kartat\/#primaryimage"},"thumbnailUrl":"https:\/\/skpohjantahti.fi\/uudet\/wp-content\/uploads\/2022\/07\/kartta-296x300.png","datePublished":"2022-07-04T12:38:06+00:00","dateModified":"2022-12-27T08:36:53+00:00","description":"Oulun Suunnistajat \/ SK Pohjant\u00e4hti ovat julkaisseet vuodesta 1972 l\u00e4htien n. 200 suunnistuksen erikoiskarttaa. Karttojen sijainnin voi tarkistaa Suomen Suunnistusliiton karttarekisterist\u00e4.","breadcrumb":{"@id":"https:\/\/skpohjantahti.fi\/index.php\/kartat\/#breadcrumb"},"inLanguage":"fi","potentialAction":[{"@type":"ReadAction","target":["https:\/\/skpohjantahti.fi\/index.php\/kartat\/"]}]},{"@type":"ImageObject","inLanguage":"fi","@id":"https:\/\/skpohjantahti.fi\/index.php\/kartat\/#primaryimage","url":"https:\/\/skpohjantahti.fi\/uudet\/wp-content\/uploads\/2022\/07\/kartta.png","contentUrl":"https:\/\/skpohjantahti.fi\/uudet\/wp-content\/uploads\/2022\/07\/kartta.png","width":335,"height":340},{"@type":"BreadcrumbList","@id":"https:\/\/skpohjantahti.fi\/index.php\/kartat\/#breadcrumb","itemListElement":[{"@type":"ListItem","position":1,"name":"Etusivu","item":"https:\/\/skpohjantahti.fi\/"},{"@type":"ListItem","position":2,"name":"Kartat"}]},{"@type":"WebSite","@id":"https:\/\/skpohjantahti.fi\/#website","url":"https:\/\/skpohjantahti.fi\/","name":"SK Pohjant\u00e4hti","description":"Oululainen suunnistusseura","publisher":{"@id":"https:\/\/skpohjantahti.fi\/#organization"},"potentialAction":[{"@type":"SearchAction","target":{"@type":"EntryPoint","urlTemplate":"https:\/\/skpohjantahti.fi\/?s={search_term_string}"},"query-input":{"@type":"PropertyValueSpecification","valueRequired":true,"valueName":"search_term_string"}}],"inLanguage":"fi"},{"@type":"Organization","@id":"https:\/\/skpohjantahti.fi\/#organization","name":"SK Pohjant\u00e4hti","url":"https:\/\/skpohjantahti.fi\/","logo":{"@type":"ImageObject","inLanguage":"fi","@id":"https:\/\/skpohjantahti.fi\/#\/schema\/logo\/image\/","url":"https:\/\/skpohjantahti.fi\/uudet\/wp-content\/uploads\/2022\/04\/cropped-pohjantahti_log_netti_pieni.jpg","contentUrl":"https:\/\/skpohjantahti.fi\/uudet\/wp-content\/uploads\/2022\/04\/cropped-pohjantahti_log_netti_pieni.jpg","width":198,"height":66,"caption":"SK Pohjant\u00e4hti"},"image":{"@id":"https:\/\/skpohjantahti.fi\/#\/schema\/logo\/image\/"},"sameAs":["https:\/\/www.facebook.com\/skpohjantahti","https:\/\/www.instagram.com\/sk_pohjantahti\/"]}]}},"_links":{"self":[{"href":"https:\/\/skpohjantahti.fi\/index.php\/wp-json\/wp\/v2\/pages\/1168","targetHints":{"allow":["GET"]}}],"collection":[{"href":"https:\/\/skpohjantahti.fi\/index.php\/wp-json\/wp\/v2\/pages"}],"about":[{"href":"https:\/\/skpohjantahti.fi\/index.php\/wp-json\/wp\/v2\/types\/page"}],"author":[{"embeddable":true,"href":"https:\/\/skpohjantahti.fi\/index.php\/wp-json\/wp\/v2\/users\/2"}],"replies":[{"embeddable":true,"href":"https:\/\/skpohjantahti.fi\/index.php\/wp-json\/wp\/v2\/comments?post=1168"}],"version-history":[{"count":24,"href":"https:\/\/skpohjantahti.fi\/index.php\/wp-json\/wp\/v2\/pages\/1168\/revisions"}],"predecessor-version":[{"id":2367,"href":"https:\/\/skpohjantahti.fi\/index.php\/wp-json\/wp\/v2\/pages\/1168\/revisions\/2367"}],"wp:attachment":[{"href":"https:\/\/skpohjantahti.fi\/index.php\/wp-json\/wp\/v2\/media?parent=1168"}],"curies":[{"name":"wp","href":"https:\/\/api.w.org\/{rel}","templated":true}]}}