{"id":1266,"date":"2022-07-06T16:17:40","date_gmt":"2022-07-06T16:17:40","guid":{"rendered":"https:\/\/skpohjantahti.fi\/uudet\/?page_id=1266"},"modified":"2026-03-21T16:27:30","modified_gmt":"2026-03-21T14:27:30","slug":"valmennus","status":"publish","type":"page","link":"https:\/\/skpohjantahti.fi\/index.php\/valmennus\/","title":{"rendered":"Valmennusryhm\u00e4t"},"content":{"rendered":"\t\t<div data-elementor-type=\"wp-page\" data-elementor-id=\"1266\" class=\"elementor elementor-1266\">\n\t\t\t\t\t\t<section class=\"elementor-section elementor-top-section elementor-element elementor-element-f6cb5e2 elementor-section-boxed elementor-section-height-default elementor-section-height-default\" data-id=\"f6cb5e2\" data-element_type=\"section\">\n\t\t\t\t\t\t<div class=\"elementor-container elementor-column-gap-default\">\n\t\t\t\t\t<div class=\"elementor-column elementor-col-100 elementor-top-column elementor-element elementor-element-573da51\" data-id=\"573da51\" data-element_type=\"column\">\n\t\t\t<div class=\"elementor-widget-wrap elementor-element-populated\">\n\t\t\t\t\t\t<div class=\"elementor-element elementor-element-7941293 elementor-widget elementor-widget-heading\" data-id=\"7941293\" data-element_type=\"widget\" data-widget_type=\"heading.default\">\n\t\t\t\t<div class=\"elementor-widget-container\">\n\t\t\t\t\t<h2 class=\"elementor-heading-title elementor-size-default\">Valmennusryhm\u00e4t 2026<\/h2>\t\t\t\t<\/div>\n\t\t\t\t<\/div>\n\t\t\t\t<div class=\"elementor-element elementor-element-d51a2b7 elementor-widget elementor-widget-text-editor\" data-id=\"d51a2b7\" data-element_type=\"widget\" data-widget_type=\"text-editor.default\">\n\t\t\t\t<div class=\"elementor-widget-container\">\n\t\t\t\t\t\t\t\t\t<p><span style=\"font-size: 2rem; font-style: inherit;\">Toimintasuunnitelma 2026<\/span><\/p>\n<div>Kaudelle 2026 seuran miesten, naisten ja nuorten valmennusryhm\u00e4t yhdistyv\u00e4t. Valmennusryhm\u00e4n sis\u00e4lle muodostetaan <b>huippuryhm\u00e4<\/b> toimintasuunnitelmasta l\u00f6ytyv\u00e4t hakukriteerit t\u00e4ytt\u00e4ville urheilijoille. Lue lis\u00e4\u00e4 <a href=\"https:\/\/skpohjantahti.fi\/uudet\/wp-content\/uploads\/2025\/11\/toimintasuunnitelma_kausi2026.pdf\">toimintasuunnitelmasta<\/a>.<\/div>\n<div><span style=\"font-family: Mulish, sans-serif; font-size: 2rem; font-weight: bold;\">&nbsp;<\/span><\/div>\n<h3 style=\"font-style: normal;\">Harjoituskalenteri 2026<\/h3>\n<div><a href=\"https:\/\/skpohjantahti.fi\/uudet\/wp-content\/uploads\/2026\/03\/Kauden-2026-suunnitelmapohjaa-v3.pdf\">Harjoituskalenteri 11\/2025 &#8211; 10\/2026<\/a> (<span style=\"color: #ff0000;\">versio 3 \/ 14.3.2026<\/span>) Huom! Huhti-lokakuun ohjelma edelleen alustava. Kaikki muutokset vain MyClubissa.<br>&nbsp;<b>eSKo MicroChamps 2526<\/b><\/div>\n<div>\n<ul>\n<li><a href=\"https:\/\/skpohjantahti.fi\/uudet\/wp-content\/uploads\/2025\/11\/t20251115.html\">#1 Liminka 15.11.2025<\/a><\/li>\n<\/ul>\n<\/div>\n<div>&nbsp;<\/div>\n<h3>Suunta Huipulle seuraohjelma<\/h3>\n<p>SK Pohjant\u00e4hti on kaudella 2026 mukana Suomen Suunnistusliiton Suunta Huipulle -seuraohjelmassa, jonka tavoitteena on huippu-urheilutoiminnan kehitt\u00e4minen seuroissa. Seuraohjelmalla tuetaan erityisesti 15\u201319-vuotiaiden valmennusta. Seuraohjelman my\u00f6t\u00e4 nuorten ryhm\u00e4n toimintaan kuuluvat ohjelman mukaiset maasto-, rata-ja ominaisuustestit. Lis\u00e4ksi seuraohjelman my\u00f6t\u00e4 toteutetaan lis\u00e4leirityst\u00e4 nuorten ryhm\u00e4n leirien lis\u00e4ksi, my\u00f6s yhteisty\u00f6ss\u00e4 muiden seurojen kesken. N\u00e4ill\u00e4 leireill\u00e4 tuetaan tavoitteellisesti harjoittelevien ja kilpailevien yli 15-vuotiaiden valmennusta.<\/p>\n<h3>Suunnistajat ja sarja kes\u00e4ll\u00e4 2026<\/h3>\n<div>\n<ul>\n<li>H21 Helander Iisak<\/li>\n<li>H21 Rahko Sampo<\/li>\n<li>H21 Koirikivi Riku<\/li>\n<li>D21 Hatajavaara Saana-Maria<\/li>\n<li>D21 Salmela Anni<\/li>\n<li>D21 Haajanen Sofia<\/li>\n<li>D21 Wennman Heini<\/li>\n<li>D21 Joensuu Marttiina<\/li>\n<li>D21 Haataja Anna<\/li>\n<li>D21 Goman Anna<\/li>\n<li>D21 Anttila Minea<\/li>\n<li>H20 Heino Veikka<\/li>\n<li>D20 Pihlajaniemi Aini<\/li>\n<li>D20 Niinim\u00e4ki Nelli<\/li>\n<li>D20 Palosaari Maiju<\/li>\n<li>D20 Kuusikko Kiia<\/li>\n<li>H18 Ryytty Eino<\/li>\n<li>H18 Paakkolanvaara Kalle<\/li>\n<li>D18 Anttila Ilona<\/li>\n<li>D18 L\u00e4nsitie Pinja<\/li>\n<li>D18 Simil\u00e4 Helmiina<\/li>\n<li>D18 Tikkanen Pieta<\/li>\n<li>D18 Hokkanen Liina<\/li>\n<li>D18 V\u00e4is\u00e4nen Martta<\/li>\n<li>D18 Heikkinen Aada<\/li>\n<li>H17 Juhonsalo Toivo<\/li>\n<li>H17 Sev\u00e4kivi Heikki<\/li>\n<li>D17 Ryytty Inka<\/li>\n<li>H16 Karhu Lauri<\/li>\n<li>D16 Hokkanen Hilma<\/li>\n<li>D16 R\u00e4s\u00e4nen Reeta<\/li>\n<li>D16 Poikela Heta<\/li>\n<li>D16 M\u00e4\u00e4tt\u00e4 Malla<\/li>\n<li>D16 Kangas Inga<\/li>\n<li>H15 Tahkokorpi Heino<\/li>\n<li>D15 Ryytty Elena<\/li>\n<li>H14 Sev\u00e4kivi Eero<\/li>\n<li>H14 Kangas Emil<\/li>\n<li>D14 Heikkinen Aamu<\/li>\n<li>D14 Anttila Oona<\/li>\n<li>D14 Tanner Anni<\/li>\n<li>D14 Kangas Saga<\/li>\n<li>D14 M\u00e4\u00e4tt\u00e4 Hilla<\/li>\n<li>H13 Tahkokorpi Henrik<\/li>\n<li>H13 Puurunen Peetu<\/li>\n<li>H13 Kantomaa Leo<\/li>\n<li>D13 Taipale Julia<\/li>\n<li>D13 Pitk\u00e4nen Enni<\/li>\n<\/ul>\n<\/div>\n<div>\n<h3 style=\"font-style: normal;\">Vastuuhenkil\u00f6t 2026<\/h3>\n<ul>\n<li><span style=\"font-style: inherit; font-weight: inherit;\">Marko Kuusikko (huippuryhm\u00e4)<\/span><\/li>\n<li><span style=\"font-style: inherit; font-weight: inherit;\">Janne Pihlajaniemi&nbsp;<\/span><span style=\"font-style: inherit; font-weight: inherit;\">(huippuryhm\u00e4)<\/span><\/li>\n<li><span style=\"font-style: inherit; font-weight: inherit;\">Marttiina Joensuu (huippuryhm\u00e4)<\/span><\/li>\n<li><span style=\"font-style: inherit; font-weight: inherit;\">Johanna Hankonen (huippuryhm\u00e4)<\/span><\/li>\n<li><span style=\"font-style: inherit; font-weight: inherit;\">Sofia Haajanen (huippuryhm\u00e4)<\/span><\/li>\n<li><span style=\"font-style: inherit; font-weight: inherit;\">Jouni Simil\u00e4 (huippuryhm\u00e4)<\/span><\/li>\n<li><span style=\"font-style: inherit; font-weight: inherit;\">Mervi Ryytty<\/span><\/li>\n<li><span style=\"font-style: inherit; font-weight: inherit;\">Satu Haajanen<\/span><\/li>\n<li><span style=\"font-style: inherit; font-weight: inherit;\">Anni Hokkanen<\/span><\/li>\n<li><span style=\"font-style: inherit; font-weight: inherit;\">Juha Pitk\u00e4nen<\/span><\/li>\n<li><span style=\"font-style: inherit; font-weight: inherit;\">Aleksi R\u00e4s\u00e4nen<\/span><\/li>\n<li><span style=\"font-style: inherit; font-weight: inherit;\">Vastuuhenkil\u00f6iden teht\u00e4v\u00e4jako tehd\u00e4\u00e4n talvikauden aikana<\/span><\/li>\n<\/ul>\n<\/div>\t\t\t\t\t\t\t\t<\/div>\n\t\t\t\t<\/div>\n\t\t\t\t\t<\/div>\n\t\t<\/div>\n\t\t\t\t\t<\/div>\n\t\t<\/section>\n\t\t\t\t<section class=\"elementor-section elementor-top-section elementor-element elementor-element-d8b263c elementor-section-boxed elementor-section-height-default elementor-section-height-default\" data-id=\"d8b263c\" data-element_type=\"section\">\n\t\t\t\t\t\t<div class=\"elementor-container elementor-column-gap-default\">\n\t\t\t\t\t<div class=\"elementor-column elementor-col-100 elementor-top-column elementor-element elementor-element-77d9421\" data-id=\"77d9421\" data-element_type=\"column\">\n\t\t\t<div class=\"elementor-widget-wrap elementor-element-populated\">\n\t\t\t\t\t\t<div class=\"elementor-element elementor-element-cce675b elementor-widget elementor-widget-image\" data-id=\"cce675b\" data-element_type=\"widget\" id=\"SuuntaHuipulle\" data-widget_type=\"image.default\">\n\t\t\t\t<div class=\"elementor-widget-container\">\n\t\t\t\t\t\t\t\t\t\t\t\t\t\t\t<img decoding=\"async\" width=\"192\" height=\"145\" src=\"https:\/\/skpohjantahti.fi\/uudet\/wp-content\/uploads\/2022\/07\/SuuntaHuipulle.png\" class=\"attachment-medium size-medium wp-image-1222\" alt=\"\" \/>\t\t\t\t\t\t\t\t\t\t\t\t\t\t\t<\/div>\n\t\t\t\t<\/div>\n\t\t\t\t<div class=\"elementor-element elementor-element-0e72088 elementor-widget elementor-widget-heading\" data-id=\"0e72088\" data-element_type=\"widget\" data-widget_type=\"heading.default\">\n\t\t\t\t<div class=\"elementor-widget-container\">\n\t\t\t\t\t<h2 class=\"elementor-heading-title elementor-size-default\">Suunta Huipulle seuraohjelma 2026<\/h2>\t\t\t\t<\/div>\n\t\t\t\t<\/div>\n\t\t\t\t<div class=\"elementor-element elementor-element-c483df0 elementor-widget elementor-widget-text-editor\" data-id=\"c483df0\" data-element_type=\"widget\" data-widget_type=\"text-editor.default\">\n\t\t\t\t<div class=\"elementor-widget-container\">\n\t\t\t\t\t\t\t\t\t<p>SK Pohjant\u00e4hti on mukana Suomen Suunnistusliiton Suunta Huipulle -seuraohjelmassa. Suunta Huipulle -ohjelma tukee seuroja innostavien ja kehitt\u00e4vien valmennusymp\u00e4rist\u00f6jen rakentamisessa. Huippu-urheilu- ja seuratoimintaa kehitet\u00e4\u00e4n yhteisty\u00f6ss\u00e4 liiton ja muiden seurojen kanssa erityisesti suunnistajan polun valintavaiheen (15-19 -vuotiaita) suunnistajia ajatellen. Tavoitteena on, ett\u00e4 valmennustoiminnan kehittyminen n\u00e4kyy erityisesti huippusuunnistajan tai huipulle t\u00e4ht\u00e4\u00e4v\u00e4n suunnistajan arkivalmennuksessa ja -ymp\u00e4rist\u00f6ss\u00e4.<\/p><p>Lis\u00e4tietoa ohjelmasta <span style=\"text-decoration: underline;\"><a title=\"SuuntaHuipulle\" href=\"https:\/\/www.suunnistusliitto.fi\/huippu\/akatemiavalmennus-ja-alueet\/suunta-huipulle-kehittamisohjelma\/\" target=\"_blank\" rel=\"noopener\">suunnistusliiton sivuilta<\/a><\/span><\/p><h3>Avoimet taitoharjoitukset<\/h3><p>Kes\u00e4aikana (huhtikuu-syyskuu) aikana j\u00e4rjestet\u00e4\u00e4n (yleens\u00e4) kerran viikossa taitoharjoituksia Oulun seudulla harjoituskalenterin mukaisesti. Taitoharjoitusten tarkempi ohjelma julkaistaan kev\u00e4\u00e4ll\u00e4. Karttamaksu muille kuin Pohjant\u00e4hden valmennusryhm\u00e4l\u00e4isille on 8 \u20ac\/harjoitus. Osa harjoituksista on avoinna my\u00f6s omatoimiseen taitoharjoitteluun.<\/p><p>Kysy lis\u00e4tiedot yhteyshenkil\u00f6lt\u00e4.<\/p><h3>Leirit ja harjoitusp\u00e4iv\u00e4t<\/h3><p>SK Pohjant\u00e4hden leiritys toteutetaan p\u00e4\u00e4osin seuran valmennusryhmien yhteisty\u00f6n\u00e4.\u00a0<\/p><p>Talvikauden aikana toteutetaan valmennusryhmien ja muiden seurojen yhteisty\u00f6n\u00e4 sprinttileiri, sprinttip\u00e4ivi\u00e4 sek\u00e4 muita sprinttitapahtumia Oulussa harjoituskalenterin mukaisesti. Kysy lis\u00e4\u00e4 yhteyshenkil\u00f6lt\u00e4.<\/p><p><span style=\"font-family: Mulish, sans-serif; font-size: 2rem; font-style: inherit; font-weight: bold;\">Testit<\/span><\/p><p>Kauden aikana j\u00e4rjestet\u00e4\u00e4n SSL:n ohjeiden mukaiset rata- ja ominaisuustestit.<\/p><p>Testip\u00e4iv\u00e4t ilmoitetaan harjoituskalenterissa.<\/p><p>Talvikauden aikana j\u00e4rjestet\u00e4\u00e4n harjoituskalenterin mukaisesti Kaukovainion testijuoksut, joissa ik\u00e4sarjan mukaan juostaan 3,3\/6,6\/9,9 kilometrin testijuoksu.<\/p><h3>Muuta<\/h3><p>Talvikauden aikana j\u00e4rjestet\u00e4\u00e4n tiistaisin juoksuharjoitukset Ouluhallissa. Harjoituksia vet\u00e4\u00e4 Sanna M\u00e4nnikk\u00f6. Juoksuharjoitukset ovat avoimet my\u00f6s muiden seurojen nuorille suunnistajille. Kysy lis\u00e4tiedot.<\/p><p>Muusta Pohjant\u00e4hden nuorten valmennustoiminnasta lis\u00e4tietoja nuorten sivuilta. SK Pohjant\u00e4hti ja muut Oulun seudun seurat j\u00e4rjest\u00e4v\u00e4t vuoden aikana mm. talvisarjaa ja Y\u00f6-cuppia, jotka palvelevat hyvin suunnistajan ymp\u00e4rivuotista harjoittelua.<\/p><h3>Lis\u00e4tietoja<\/h3><p>Suunta Huipulle -ohjelman yhteyshenkil\u00f6n\u00e4 toimii Jouni Simil\u00e4, jouni.simila(at)hotmail.com, puh. 0405359589.<\/p>\t\t\t\t\t\t\t\t<\/div>\n\t\t\t\t<\/div>\n\t\t\t\t\t<\/div>\n\t\t<\/div>\n\t\t\t\t\t<\/div>\n\t\t<\/section>\n\t\t\t\t<\/div>\n\t\t","protected":false},"excerpt":{"rendered":"<p>Valmennusryhm\u00e4t 2026 Toimintasuunnitelma 2026 Kaudelle 2026 seuran miesten, naisten ja nuorten valmennusryhm\u00e4t yhdistyv\u00e4t. Valmennusryhm\u00e4n sis\u00e4lle muodostetaan huippuryhm\u00e4 toimintasuunnitelmasta l\u00f6ytyv\u00e4t hakukriteerit t\u00e4ytt\u00e4ville urheilijoille. Lue lis\u00e4\u00e4 toimintasuunnitelmasta. &nbsp; Harjoituskalenteri 2026 Harjoituskalenteri 11\/2025 &#8211; 10\/2026 (versio 3 \/ 14.3.2026) Huom! Huhti-lokakuun ohjelma edelleen alustava. Kaikki muutokset vain MyClubissa.&nbsp;eSKo MicroChamps 2526 #1 Liminka 15.11.2025 &nbsp; Suunta Huipulle seuraohjelma SK [&hellip;]<\/p>\n","protected":false},"author":2,"featured_media":0,"parent":0,"menu_order":0,"comment_status":"closed","ping_status":"closed","template":"","meta":{"site-sidebar-layout":"no-sidebar","site-content-layout":"page-builder","ast-site-content-layout":"full-width-container","site-content-style":"unboxed","site-sidebar-style":"unboxed","ast-global-header-display":"","ast-banner-title-visibility":"","ast-main-header-display":"","ast-hfb-above-header-display":"","ast-hfb-below-header-display":"","ast-hfb-mobile-header-display":"","site-post-title":"disabled","ast-breadcrumbs-content":"","ast-featured-img":"disabled","footer-sml-layout":"","ast-disable-related-posts":"","theme-transparent-header-meta":"default","adv-header-id-meta":"","stick-header-meta":"","header-above-stick-meta":"","header-main-stick-meta":"","header-below-stick-meta":"","astra-migrate-meta-layouts":"set","ast-page-background-enabled":"default","ast-page-background-meta":{"desktop":{"background-color":"","background-image":"","background-repeat":"repeat","background-position":"center center","background-size":"auto","background-attachment":"scroll","background-type":"","background-media":"","overlay-type":"","overlay-color":"","overlay-opacity":"","overlay-gradient":""},"tablet":{"background-color":"","background-image":"","background-repeat":"repeat","background-position":"center center","background-size":"auto","background-attachment":"scroll","background-type":"","background-media":"","overlay-type":"","overlay-color":"","overlay-opacity":"","overlay-gradient":""},"mobile":{"background-color":"","background-image":"","background-repeat":"repeat","background-position":"center center","background-size":"auto","background-attachment":"scroll","background-type":"","background-media":"","overlay-type":"","overlay-color":"","overlay-opacity":"","overlay-gradient":""}},"ast-content-background-meta":{"desktop":{"background-color":"var(--ast-global-color-5)","background-image":"","background-repeat":"repeat","background-position":"center center","background-size":"auto","background-attachment":"scroll","background-type":"","background-media":"","overlay-type":"","overlay-color":"","overlay-opacity":"","overlay-gradient":""},"tablet":{"background-color":"var(--ast-global-color-5)","background-image":"","background-repeat":"repeat","background-position":"center center","background-size":"auto","background-attachment":"scroll","background-type":"","background-media":"","overlay-type":"","overlay-color":"","overlay-opacity":"","overlay-gradient":""},"mobile":{"background-color":"var(--ast-global-color-5)","background-image":"","background-repeat":"repeat","background-position":"center center","background-size":"auto","background-attachment":"scroll","background-type":"","background-media":"","overlay-type":"","overlay-color":"","overlay-opacity":"","overlay-gradient":""}},"footnotes":""},"class_list":["post-1266","page","type-page","status-publish","hentry"],"yoast_head":"<!-- This site is optimized with the Yoast SEO plugin v27.2 - https:\/\/yoast.com\/product\/yoast-seo-wordpress\/ -->\n<title>Valmennusryhm\u00e4t - SK Pohjant\u00e4hti<\/title>\n<meta name=\"robots\" content=\"index, follow, max-snippet:-1, max-image-preview:large, max-video-preview:-1\" \/>\n<link rel=\"canonical\" href=\"https:\/\/skpohjantahti.fi\/index.php\/valmennus\/\" \/>\n<meta property=\"og:locale\" content=\"fi_FI\" \/>\n<meta property=\"og:type\" content=\"article\" \/>\n<meta property=\"og:title\" content=\"Valmennusryhm\u00e4t - SK Pohjant\u00e4hti\" \/>\n<meta property=\"og:description\" content=\"Valmennusryhm\u00e4t 2026 Toimintasuunnitelma 2026 Kaudelle 2026 seuran miesten, naisten ja nuorten valmennusryhm\u00e4t yhdistyv\u00e4t. Valmennusryhm\u00e4n sis\u00e4lle muodostetaan huippuryhm\u00e4 toimintasuunnitelmasta l\u00f6ytyv\u00e4t hakukriteerit t\u00e4ytt\u00e4ville urheilijoille. Lue lis\u00e4\u00e4 toimintasuunnitelmasta. &nbsp; Harjoituskalenteri 2026 Harjoituskalenteri 11\/2025 &#8211; 10\/2026 (versio 3 \/ 14.3.2026) Huom! Huhti-lokakuun ohjelma edelleen alustava. Kaikki muutokset vain MyClubissa.&nbsp;eSKo MicroChamps 2526 #1 Liminka 15.11.2025 &nbsp; Suunta Huipulle seuraohjelma SK [&hellip;]\" \/>\n<meta property=\"og:url\" content=\"https:\/\/skpohjantahti.fi\/index.php\/valmennus\/\" \/>\n<meta property=\"og:site_name\" content=\"SK Pohjant\u00e4hti\" \/>\n<meta property=\"article:publisher\" content=\"https:\/\/www.facebook.com\/skpohjantahti\" \/>\n<meta property=\"article:modified_time\" content=\"2026-03-21T14:27:30+00:00\" \/>\n<meta property=\"og:image\" content=\"https:\/\/skpohjantahti.fi\/uudet\/wp-content\/uploads\/2022\/07\/SuuntaHuipulle.png\" \/>\n\t<meta property=\"og:image:width\" content=\"192\" \/>\n\t<meta property=\"og:image:height\" content=\"145\" \/>\n\t<meta property=\"og:image:type\" content=\"image\/png\" \/>\n<meta name=\"twitter:card\" content=\"summary_large_image\" \/>\n<meta name=\"twitter:label1\" content=\"Arvioitu lukuaika\" \/>\n\t<meta name=\"twitter:data1\" content=\"4 minuuttia\" \/>\n<script type=\"application\/ld+json\" class=\"yoast-schema-graph\">{\"@context\":\"https:\/\/schema.org\",\"@graph\":[{\"@type\":\"WebPage\",\"@id\":\"https:\/\/skpohjantahti.fi\/index.php\/valmennus\/\",\"url\":\"https:\/\/skpohjantahti.fi\/index.php\/valmennus\/\",\"name\":\"Valmennusryhm\u00e4t - SK Pohjant\u00e4hti\",\"isPartOf\":{\"@id\":\"https:\/\/skpohjantahti.fi\/#website\"},\"primaryImageOfPage\":{\"@id\":\"https:\/\/skpohjantahti.fi\/index.php\/valmennus\/#primaryimage\"},\"image\":{\"@id\":\"https:\/\/skpohjantahti.fi\/index.php\/valmennus\/#primaryimage\"},\"thumbnailUrl\":\"https:\/\/skpohjantahti.fi\/uudet\/wp-content\/uploads\/2022\/07\/SuuntaHuipulle.png\",\"datePublished\":\"2022-07-06T16:17:40+00:00\",\"dateModified\":\"2026-03-21T14:27:30+00:00\",\"breadcrumb\":{\"@id\":\"https:\/\/skpohjantahti.fi\/index.php\/valmennus\/#breadcrumb\"},\"inLanguage\":\"fi\",\"potentialAction\":[{\"@type\":\"ReadAction\",\"target\":[\"https:\/\/skpohjantahti.fi\/index.php\/valmennus\/\"]}]},{\"@type\":\"ImageObject\",\"inLanguage\":\"fi\",\"@id\":\"https:\/\/skpohjantahti.fi\/index.php\/valmennus\/#primaryimage\",\"url\":\"https:\/\/skpohjantahti.fi\/uudet\/wp-content\/uploads\/2022\/07\/SuuntaHuipulle.png\",\"contentUrl\":\"https:\/\/skpohjantahti.fi\/uudet\/wp-content\/uploads\/2022\/07\/SuuntaHuipulle.png\",\"width\":192,\"height\":145},{\"@type\":\"BreadcrumbList\",\"@id\":\"https:\/\/skpohjantahti.fi\/index.php\/valmennus\/#breadcrumb\",\"itemListElement\":[{\"@type\":\"ListItem\",\"position\":1,\"name\":\"Etusivu\",\"item\":\"https:\/\/skpohjantahti.fi\/\"},{\"@type\":\"ListItem\",\"position\":2,\"name\":\"Valmennusryhm\u00e4t\"}]},{\"@type\":\"WebSite\",\"@id\":\"https:\/\/skpohjantahti.fi\/#website\",\"url\":\"https:\/\/skpohjantahti.fi\/\",\"name\":\"SK Pohjant\u00e4hti\",\"description\":\"Oululainen suunnistusseura\",\"publisher\":{\"@id\":\"https:\/\/skpohjantahti.fi\/#organization\"},\"potentialAction\":[{\"@type\":\"SearchAction\",\"target\":{\"@type\":\"EntryPoint\",\"urlTemplate\":\"https:\/\/skpohjantahti.fi\/?s={search_term_string}\"},\"query-input\":{\"@type\":\"PropertyValueSpecification\",\"valueRequired\":true,\"valueName\":\"search_term_string\"}}],\"inLanguage\":\"fi\"},{\"@type\":\"Organization\",\"@id\":\"https:\/\/skpohjantahti.fi\/#organization\",\"name\":\"SK Pohjant\u00e4hti\",\"url\":\"https:\/\/skpohjantahti.fi\/\",\"logo\":{\"@type\":\"ImageObject\",\"inLanguage\":\"fi\",\"@id\":\"https:\/\/skpohjantahti.fi\/#\/schema\/logo\/image\/\",\"url\":\"https:\/\/skpohjantahti.fi\/uudet\/wp-content\/uploads\/2022\/04\/cropped-pohjantahti_log_netti_pieni.jpg\",\"contentUrl\":\"https:\/\/skpohjantahti.fi\/uudet\/wp-content\/uploads\/2022\/04\/cropped-pohjantahti_log_netti_pieni.jpg\",\"width\":198,\"height\":66,\"caption\":\"SK Pohjant\u00e4hti\"},\"image\":{\"@id\":\"https:\/\/skpohjantahti.fi\/#\/schema\/logo\/image\/\"},\"sameAs\":[\"https:\/\/www.facebook.com\/skpohjantahti\",\"https:\/\/www.instagram.com\/sk_pohjantahti\/\"]}]}<\/script>\n<!-- \/ Yoast SEO plugin. -->","yoast_head_json":{"title":"Valmennusryhm\u00e4t - SK Pohjant\u00e4hti","robots":{"index":"index","follow":"follow","max-snippet":"max-snippet:-1","max-image-preview":"max-image-preview:large","max-video-preview":"max-video-preview:-1"},"canonical":"https:\/\/skpohjantahti.fi\/index.php\/valmennus\/","og_locale":"fi_FI","og_type":"article","og_title":"Valmennusryhm\u00e4t - SK Pohjant\u00e4hti","og_description":"Valmennusryhm\u00e4t 2026 Toimintasuunnitelma 2026 Kaudelle 2026 seuran miesten, naisten ja nuorten valmennusryhm\u00e4t yhdistyv\u00e4t. Valmennusryhm\u00e4n sis\u00e4lle muodostetaan huippuryhm\u00e4 toimintasuunnitelmasta l\u00f6ytyv\u00e4t hakukriteerit t\u00e4ytt\u00e4ville urheilijoille. Lue lis\u00e4\u00e4 toimintasuunnitelmasta. &nbsp; Harjoituskalenteri 2026 Harjoituskalenteri 11\/2025 &#8211; 10\/2026 (versio 3 \/ 14.3.2026) Huom! Huhti-lokakuun ohjelma edelleen alustava. Kaikki muutokset vain MyClubissa.&nbsp;eSKo MicroChamps 2526 #1 Liminka 15.11.2025 &nbsp; Suunta Huipulle seuraohjelma SK [&hellip;]","og_url":"https:\/\/skpohjantahti.fi\/index.php\/valmennus\/","og_site_name":"SK Pohjant\u00e4hti","article_publisher":"https:\/\/www.facebook.com\/skpohjantahti","article_modified_time":"2026-03-21T14:27:30+00:00","og_image":[{"width":192,"height":145,"url":"https:\/\/skpohjantahti.fi\/uudet\/wp-content\/uploads\/2022\/07\/SuuntaHuipulle.png","type":"image\/png"}],"twitter_card":"summary_large_image","twitter_misc":{"Arvioitu lukuaika":"4 minuuttia"},"schema":{"@context":"https:\/\/schema.org","@graph":[{"@type":"WebPage","@id":"https:\/\/skpohjantahti.fi\/index.php\/valmennus\/","url":"https:\/\/skpohjantahti.fi\/index.php\/valmennus\/","name":"Valmennusryhm\u00e4t - SK Pohjant\u00e4hti","isPartOf":{"@id":"https:\/\/skpohjantahti.fi\/#website"},"primaryImageOfPage":{"@id":"https:\/\/skpohjantahti.fi\/index.php\/valmennus\/#primaryimage"},"image":{"@id":"https:\/\/skpohjantahti.fi\/index.php\/valmennus\/#primaryimage"},"thumbnailUrl":"https:\/\/skpohjantahti.fi\/uudet\/wp-content\/uploads\/2022\/07\/SuuntaHuipulle.png","datePublished":"2022-07-06T16:17:40+00:00","dateModified":"2026-03-21T14:27:30+00:00","breadcrumb":{"@id":"https:\/\/skpohjantahti.fi\/index.php\/valmennus\/#breadcrumb"},"inLanguage":"fi","potentialAction":[{"@type":"ReadAction","target":["https:\/\/skpohjantahti.fi\/index.php\/valmennus\/"]}]},{"@type":"ImageObject","inLanguage":"fi","@id":"https:\/\/skpohjantahti.fi\/index.php\/valmennus\/#primaryimage","url":"https:\/\/skpohjantahti.fi\/uudet\/wp-content\/uploads\/2022\/07\/SuuntaHuipulle.png","contentUrl":"https:\/\/skpohjantahti.fi\/uudet\/wp-content\/uploads\/2022\/07\/SuuntaHuipulle.png","width":192,"height":145},{"@type":"BreadcrumbList","@id":"https:\/\/skpohjantahti.fi\/index.php\/valmennus\/#breadcrumb","itemListElement":[{"@type":"ListItem","position":1,"name":"Etusivu","item":"https:\/\/skpohjantahti.fi\/"},{"@type":"ListItem","position":2,"name":"Valmennusryhm\u00e4t"}]},{"@type":"WebSite","@id":"https:\/\/skpohjantahti.fi\/#website","url":"https:\/\/skpohjantahti.fi\/","name":"SK Pohjant\u00e4hti","description":"Oululainen suunnistusseura","publisher":{"@id":"https:\/\/skpohjantahti.fi\/#organization"},"potentialAction":[{"@type":"SearchAction","target":{"@type":"EntryPoint","urlTemplate":"https:\/\/skpohjantahti.fi\/?s={search_term_string}"},"query-input":{"@type":"PropertyValueSpecification","valueRequired":true,"valueName":"search_term_string"}}],"inLanguage":"fi"},{"@type":"Organization","@id":"https:\/\/skpohjantahti.fi\/#organization","name":"SK Pohjant\u00e4hti","url":"https:\/\/skpohjantahti.fi\/","logo":{"@type":"ImageObject","inLanguage":"fi","@id":"https:\/\/skpohjantahti.fi\/#\/schema\/logo\/image\/","url":"https:\/\/skpohjantahti.fi\/uudet\/wp-content\/uploads\/2022\/04\/cropped-pohjantahti_log_netti_pieni.jpg","contentUrl":"https:\/\/skpohjantahti.fi\/uudet\/wp-content\/uploads\/2022\/04\/cropped-pohjantahti_log_netti_pieni.jpg","width":198,"height":66,"caption":"SK Pohjant\u00e4hti"},"image":{"@id":"https:\/\/skpohjantahti.fi\/#\/schema\/logo\/image\/"},"sameAs":["https:\/\/www.facebook.com\/skpohjantahti","https:\/\/www.instagram.com\/sk_pohjantahti\/"]}]}},"_links":{"self":[{"href":"https:\/\/skpohjantahti.fi\/index.php\/wp-json\/wp\/v2\/pages\/1266","targetHints":{"allow":["GET"]}}],"collection":[{"href":"https:\/\/skpohjantahti.fi\/index.php\/wp-json\/wp\/v2\/pages"}],"about":[{"href":"https:\/\/skpohjantahti.fi\/index.php\/wp-json\/wp\/v2\/types\/page"}],"author":[{"embeddable":true,"href":"https:\/\/skpohjantahti.fi\/index.php\/wp-json\/wp\/v2\/users\/2"}],"replies":[{"embeddable":true,"href":"https:\/\/skpohjantahti.fi\/index.php\/wp-json\/wp\/v2\/comments?post=1266"}],"version-history":[{"count":172,"href":"https:\/\/skpohjantahti.fi\/index.php\/wp-json\/wp\/v2\/pages\/1266\/revisions"}],"predecessor-version":[{"id":5531,"href":"https:\/\/skpohjantahti.fi\/index.php\/wp-json\/wp\/v2\/pages\/1266\/revisions\/5531"}],"wp:attachment":[{"href":"https:\/\/skpohjantahti.fi\/index.php\/wp-json\/wp\/v2\/media?parent=1266"}],"curies":[{"name":"wp","href":"https:\/\/api.w.org\/{rel}","templated":true}]}}