{"id":1336,"date":"2022-07-28T06:57:27","date_gmt":"2022-07-28T06:57:27","guid":{"rendered":"https:\/\/skpohjantahti.fi\/uudet\/?page_id=1336"},"modified":"2025-04-13T21:32:15","modified_gmt":"2025-04-13T18:32:15","slug":"miehet","status":"publish","type":"page","link":"https:\/\/skpohjantahti.fi\/index.php\/miehet\/","title":{"rendered":"Miehet"},"content":{"rendered":"\t\t<div data-elementor-type=\"wp-page\" data-elementor-id=\"1336\" class=\"elementor elementor-1336\">\n\t\t\t\t\t\t<section class=\"elementor-section elementor-top-section elementor-element elementor-element-863de3b elementor-section-boxed elementor-section-height-default elementor-section-height-default\" data-id=\"863de3b\" data-element_type=\"section\">\n\t\t\t\t\t\t<div class=\"elementor-container elementor-column-gap-default\">\n\t\t\t\t\t<div class=\"elementor-column elementor-col-100 elementor-top-column elementor-element elementor-element-3358456\" data-id=\"3358456\" data-element_type=\"column\">\n\t\t\t<div class=\"elementor-widget-wrap elementor-element-populated\">\n\t\t\t\t\t\t<div class=\"elementor-element elementor-element-6ffdf89 elementor-widget elementor-widget-heading\" data-id=\"6ffdf89\" data-element_type=\"widget\" data-widget_type=\"heading.default\">\n\t\t\t\t<div class=\"elementor-widget-container\">\n\t\t\t\t\t<h2 class=\"elementor-heading-title elementor-size-default\">SK Pohjant\u00e4hden miesten edustusryhm\u00e4<\/h2>\t\t\t\t<\/div>\n\t\t\t\t<\/div>\n\t\t\t\t\t<\/div>\n\t\t<\/div>\n\t\t\t\t\t<\/div>\n\t\t<\/section>\n\t\t\t\t<section class=\"elementor-section elementor-top-section elementor-element elementor-element-6f1038d elementor-section-boxed elementor-section-height-default elementor-section-height-default\" data-id=\"6f1038d\" data-element_type=\"section\">\n\t\t\t\t\t\t<div class=\"elementor-container elementor-column-gap-default\">\n\t\t\t\t\t<div class=\"elementor-column elementor-col-100 elementor-top-column elementor-element elementor-element-28d653f\" data-id=\"28d653f\" data-element_type=\"column\">\n\t\t\t<div class=\"elementor-widget-wrap elementor-element-populated\">\n\t\t\t\t\t\t<div class=\"elementor-element elementor-element-fd7b5a9 elementor-widget elementor-widget-image\" data-id=\"fd7b5a9\" data-element_type=\"widget\" data-widget_type=\"image.default\">\n\t\t\t\t<div class=\"elementor-widget-container\">\n\t\t\t\t\t\t\t\t\t\t\t\t\t\t\t<img fetchpriority=\"high\" decoding=\"async\" width=\"768\" height=\"639\" src=\"https:\/\/skpohjantahti.fi\/uudet\/wp-content\/uploads\/2024\/04\/esko2024-768x639.jpeg\" class=\"attachment-medium_large size-medium_large wp-image-4029\" alt=\"\" srcset=\"https:\/\/skpohjantahti.fi\/uudet\/wp-content\/uploads\/2024\/04\/esko2024-768x639.jpeg 768w, https:\/\/skpohjantahti.fi\/uudet\/wp-content\/uploads\/2024\/04\/esko2024-300x250.jpeg 300w, https:\/\/skpohjantahti.fi\/uudet\/wp-content\/uploads\/2024\/04\/esko2024-1024x852.jpeg 1024w, https:\/\/skpohjantahti.fi\/uudet\/wp-content\/uploads\/2024\/04\/esko2024-1536x1279.jpeg 1536w, https:\/\/skpohjantahti.fi\/uudet\/wp-content\/uploads\/2024\/04\/esko2024-2048x1705.jpeg 2048w\" sizes=\"(max-width: 768px) 100vw, 768px\" \/>\t\t\t\t\t\t\t\t\t\t\t\t\t\t\t<\/div>\n\t\t\t\t<\/div>\n\t\t\t\t\t<\/div>\n\t\t<\/div>\n\t\t\t\t\t<\/div>\n\t\t<\/section>\n\t\t\t\t<section class=\"elementor-section elementor-top-section elementor-element elementor-element-8e78821 elementor-section-boxed elementor-section-height-default elementor-section-height-default\" data-id=\"8e78821\" data-element_type=\"section\">\n\t\t\t\t\t\t<div class=\"elementor-container elementor-column-gap-default\">\n\t\t\t\t\t<div class=\"elementor-column elementor-col-100 elementor-top-column elementor-element elementor-element-fe1709e\" data-id=\"fe1709e\" data-element_type=\"column\">\n\t\t\t<div class=\"elementor-widget-wrap elementor-element-populated\">\n\t\t\t\t\t\t<div class=\"elementor-element elementor-element-bace3ab elementor-widget__width-initial elementor-widget elementor-widget-text-editor\" data-id=\"bace3ab\" data-element_type=\"widget\" data-widget_type=\"text-editor.default\">\n\t\t\t\t<div class=\"elementor-widget-container\">\n\t\t\t\t\t\t\t\t\t<h3 style=\"font-style: normal;\">Miesten toiminnan tavoitteet<\/h3>\n<div style=\"font-family: Montserrat, sans-serif; font-size: 16px; font-weight: 400;\">\n<p style=\"font-size: 16px;\">Miesten toiminnan tavoitteena on yll\u00e4pit\u00e4\u00e4 ja kehitt\u00e4\u00e4 miesten viestisuunnistuskulttuuria Oulun seudulla ja laajemmin Pohjois-Suomessa. Erityisen\u00e4 tavoitteena on edesauttaa Oulun seudun nuorten kehityst\u00e4 kohti p\u00e4\u00e4sarjatason suunnistusta tarjoamalla mahdollisuuksia osallistua miesten harjoitustoimintaan ja viesteihin.<\/p>\n<\/div>\n<h3 style=\"font-style: normal;\">Harjoituskalenteri 2025<\/h3>\n<div>\n<p style=\"font-size: 16px;\"><span style=\"font-style: inherit; font-weight: inherit;\">Harjoituskalenteri&nbsp;<\/span><span style=\"font-size: 1rem;\">1<\/span><a style=\"font-size: 1rem; background-color: #ffffff;\" href=\"https:\/\/skpohjantahti.fi\/uudet\/wp-content\/uploads\/2024\/11\/2025-talvi.pdf\">1\/2024-3\/2025<\/a><span style=\"font-size: 1rem;\">&nbsp;<\/span><span style=\"font-size: 1rem;\">(v.2\/30.11.2024)<\/span><\/p><p style=\"font-size: 16px;\"><a href=\"https:\/\/skpohjantahti.fi\/uudet\/wp-content\/uploads\/2025\/04\/2025-loppupuoli.pdf\" style=\"background-color: rgb(255, 255, 255); transition-property: all;\">4-10\/2025<\/a><span style=\"font-size: 1rem;\"><\/span><\/p>\n<\/div>\t\t\t\t\t\t\t\t<\/div>\n\t\t\t\t<\/div>\n\t\t\t\t\t<\/div>\n\t\t<\/div>\n\t\t\t\t\t<\/div>\n\t\t<\/section>\n\t\t\t\t<section class=\"elementor-section elementor-top-section elementor-element elementor-element-bf794d5 elementor-section-boxed elementor-section-height-default elementor-section-height-default\" data-id=\"bf794d5\" data-element_type=\"section\">\n\t\t\t\t\t\t<div class=\"elementor-container elementor-column-gap-default\">\n\t\t\t\t\t<div class=\"elementor-column elementor-col-100 elementor-top-column elementor-element elementor-element-f69baf2\" data-id=\"f69baf2\" data-element_type=\"column\">\n\t\t\t<div class=\"elementor-widget-wrap elementor-element-populated\">\n\t\t\t\t\t\t<div class=\"elementor-element elementor-element-1720335 elementor-widget elementor-widget-heading\" data-id=\"1720335\" data-element_type=\"widget\" data-widget_type=\"heading.default\">\n\t\t\t\t<div class=\"elementor-widget-container\">\n\t\t\t\t\t<h3 class=\"elementor-heading-title elementor-size-default\">Urheilijat<\/h3>\t\t\t\t<\/div>\n\t\t\t\t<\/div>\n\t\t\t\t\t<\/div>\n\t\t<\/div>\n\t\t\t\t\t<\/div>\n\t\t<\/section>\n\t\t\t\t<section class=\"elementor-section elementor-top-section elementor-element elementor-element-849de8a elementor-section-boxed elementor-section-height-default elementor-section-height-default\" data-id=\"849de8a\" data-element_type=\"section\">\n\t\t\t\t\t\t<div class=\"elementor-container elementor-column-gap-default\">\n\t\t\t\t\t<div class=\"elementor-column elementor-col-100 elementor-top-column elementor-element elementor-element-88a40c3\" data-id=\"88a40c3\" data-element_type=\"column\">\n\t\t\t<div class=\"elementor-widget-wrap elementor-element-populated\">\n\t\t\t\t\t\t<div class=\"elementor-element elementor-element-652d0b5 elementor-widget elementor-widget-text-editor\" data-id=\"652d0b5\" data-element_type=\"widget\" data-widget_type=\"text-editor.default\">\n\t\t\t\t<div class=\"elementor-widget-container\">\n\t\t\t\t\t\t\t\t\t<p>Oskari Arvela<\/p><p>Veikka Heino<\/p><p>Lauri Heikka<\/p><p>Iisak Helander<\/p><p>Vili Ihme<\/p><p>Riku Koirikivi<\/p><p>Kalle Paakkolanvaara<\/p><p>Sampo Rahko<\/p><p>Mikko Rahkola<\/p><p>Eino Ryytty<\/p><p>Arttu Taulavuori<\/p>\t\t\t\t\t\t\t\t<\/div>\n\t\t\t\t<\/div>\n\t\t\t\t\t<\/div>\n\t\t<\/div>\n\t\t\t\t\t<\/div>\n\t\t<\/section>\n\t\t\t\t<\/div>\n\t\t","protected":false},"excerpt":{"rendered":"<p>SK Pohjant\u00e4hden miesten edustusryhm\u00e4 Miesten toiminnan tavoitteet Miesten toiminnan tavoitteena on yll\u00e4pit\u00e4\u00e4 ja kehitt\u00e4\u00e4 miesten viestisuunnistuskulttuuria Oulun seudulla ja laajemmin Pohjois-Suomessa. Erityisen\u00e4 tavoitteena on edesauttaa Oulun seudun nuorten kehityst\u00e4 kohti p\u00e4\u00e4sarjatason suunnistusta tarjoamalla mahdollisuuksia osallistua miesten harjoitustoimintaan ja viesteihin. Harjoituskalenteri 2025 Harjoituskalenteri&nbsp;11\/2024-3\/2025&nbsp;(v.2\/30.11.2024) 4-10\/2025 Urheilijat Oskari Arvela Veikka Heino Lauri Heikka Iisak Helander Vili Ihme Riku [&hellip;]<\/p>\n","protected":false},"author":2,"featured_media":0,"parent":0,"menu_order":0,"comment_status":"closed","ping_status":"closed","template":"","meta":{"site-sidebar-layout":"no-sidebar","site-content-layout":"page-builder","ast-site-content-layout":"default","site-content-style":"default","site-sidebar-style":"default","ast-global-header-display":"","ast-banner-title-visibility":"","ast-main-header-display":"","ast-hfb-above-header-display":"","ast-hfb-below-header-display":"","ast-hfb-mobile-header-display":"","site-post-title":"disabled","ast-breadcrumbs-content":"","ast-featured-img":"disabled","footer-sml-layout":"","ast-disable-related-posts":"","theme-transparent-header-meta":"default","adv-header-id-meta":"","stick-header-meta":"","header-above-stick-meta":"","header-main-stick-meta":"","header-below-stick-meta":"","astra-migrate-meta-layouts":"default","ast-page-background-enabled":"default","ast-page-background-meta":{"desktop":{"background-color":"","background-image":"","background-repeat":"repeat","background-position":"center center","background-size":"auto","background-attachment":"scroll","background-type":"","background-media":"","overlay-type":"","overlay-color":"","overlay-opacity":"","overlay-gradient":""},"tablet":{"background-color":"","background-image":"","background-repeat":"repeat","background-position":"center center","background-size":"auto","background-attachment":"scroll","background-type":"","background-media":"","overlay-type":"","overlay-color":"","overlay-opacity":"","overlay-gradient":""},"mobile":{"background-color":"","background-image":"","background-repeat":"repeat","background-position":"center center","background-size":"auto","background-attachment":"scroll","background-type":"","background-media":"","overlay-type":"","overlay-color":"","overlay-opacity":"","overlay-gradient":""}},"ast-content-background-meta":{"desktop":{"background-color":"var(--ast-global-color-5)","background-image":"","background-repeat":"repeat","background-position":"center center","background-size":"auto","background-attachment":"scroll","background-type":"","background-media":"","overlay-type":"","overlay-color":"","overlay-opacity":"","overlay-gradient":""},"tablet":{"background-color":"var(--ast-global-color-5)","background-image":"","background-repeat":"repeat","background-position":"center center","background-size":"auto","background-attachment":"scroll","background-type":"","background-media":"","overlay-type":"","overlay-color":"","overlay-opacity":"","overlay-gradient":""},"mobile":{"background-color":"var(--ast-global-color-5)","background-image":"","background-repeat":"repeat","background-position":"center center","background-size":"auto","background-attachment":"scroll","background-type":"","background-media":"","overlay-type":"","overlay-color":"","overlay-opacity":"","overlay-gradient":""}},"footnotes":""},"class_list":["post-1336","page","type-page","status-publish","hentry"],"yoast_head":"<!-- This site is optimized with the Yoast SEO plugin v27.2 - https:\/\/yoast.com\/product\/yoast-seo-wordpress\/ -->\n<title>Miehet - SK Pohjant\u00e4hti<\/title>\n<meta name=\"description\" content=\"SK Pohjant\u00e4hden miesten edustusryhm\u00e4 Toimintasuunnitelma 2023L\u00f6yd\u00e4t toimintasuunnitelman t\u00e4st\u00e4. Lis\u00e4tietoja antaa Sampo Rahko\" \/>\n<meta name=\"robots\" content=\"index, follow, max-snippet:-1, max-image-preview:large, max-video-preview:-1\" \/>\n<link rel=\"canonical\" href=\"https:\/\/skpohjantahti.fi\/index.php\/miehet\/\" \/>\n<meta property=\"og:locale\" content=\"fi_FI\" \/>\n<meta property=\"og:type\" content=\"article\" \/>\n<meta property=\"og:title\" content=\"Miehet - SK Pohjant\u00e4hti\" \/>\n<meta property=\"og:description\" content=\"SK Pohjant\u00e4hden miesten edustusryhm\u00e4 Toimintasuunnitelma 2023L\u00f6yd\u00e4t toimintasuunnitelman t\u00e4st\u00e4. Lis\u00e4tietoja antaa Sampo Rahko\" \/>\n<meta property=\"og:url\" content=\"https:\/\/skpohjantahti.fi\/index.php\/miehet\/\" \/>\n<meta property=\"og:site_name\" content=\"SK Pohjant\u00e4hti\" \/>\n<meta property=\"article:publisher\" content=\"https:\/\/www.facebook.com\/skpohjantahti\" \/>\n<meta property=\"article:modified_time\" content=\"2025-04-13T18:32:15+00:00\" \/>\n<meta property=\"og:image\" content=\"https:\/\/skpohjantahti.fi\/uudet\/wp-content\/uploads\/2024\/04\/esko2024-scaled.jpeg\" \/>\n\t<meta property=\"og:image:width\" content=\"2560\" \/>\n\t<meta property=\"og:image:height\" content=\"2131\" \/>\n\t<meta property=\"og:image:type\" content=\"image\/jpeg\" \/>\n<meta name=\"twitter:card\" content=\"summary_large_image\" \/>\n<meta name=\"twitter:label1\" content=\"Arvioitu lukuaika\" \/>\n\t<meta name=\"twitter:data1\" content=\"1 minuutti\" \/>\n<script type=\"application\/ld+json\" class=\"yoast-schema-graph\">{\"@context\":\"https:\/\/schema.org\",\"@graph\":[{\"@type\":\"WebPage\",\"@id\":\"https:\/\/skpohjantahti.fi\/index.php\/miehet\/\",\"url\":\"https:\/\/skpohjantahti.fi\/index.php\/miehet\/\",\"name\":\"Miehet - SK Pohjant\u00e4hti\",\"isPartOf\":{\"@id\":\"https:\/\/skpohjantahti.fi\/#website\"},\"primaryImageOfPage\":{\"@id\":\"https:\/\/skpohjantahti.fi\/index.php\/miehet\/#primaryimage\"},\"image\":{\"@id\":\"https:\/\/skpohjantahti.fi\/index.php\/miehet\/#primaryimage\"},\"thumbnailUrl\":\"https:\/\/skpohjantahti.fi\/uudet\/wp-content\/uploads\/2024\/04\/esko2024-768x639.jpeg\",\"datePublished\":\"2022-07-28T06:57:27+00:00\",\"dateModified\":\"2025-04-13T18:32:15+00:00\",\"description\":\"SK Pohjant\u00e4hden miesten edustusryhm\u00e4 Toimintasuunnitelma 2023L\u00f6yd\u00e4t toimintasuunnitelman t\u00e4st\u00e4. Lis\u00e4tietoja antaa Sampo Rahko\",\"breadcrumb\":{\"@id\":\"https:\/\/skpohjantahti.fi\/index.php\/miehet\/#breadcrumb\"},\"inLanguage\":\"fi\",\"potentialAction\":[{\"@type\":\"ReadAction\",\"target\":[\"https:\/\/skpohjantahti.fi\/index.php\/miehet\/\"]}]},{\"@type\":\"ImageObject\",\"inLanguage\":\"fi\",\"@id\":\"https:\/\/skpohjantahti.fi\/index.php\/miehet\/#primaryimage\",\"url\":\"https:\/\/skpohjantahti.fi\/uudet\/wp-content\/uploads\/2024\/04\/esko2024-scaled.jpeg\",\"contentUrl\":\"https:\/\/skpohjantahti.fi\/uudet\/wp-content\/uploads\/2024\/04\/esko2024-scaled.jpeg\",\"width\":2560,\"height\":2131},{\"@type\":\"BreadcrumbList\",\"@id\":\"https:\/\/skpohjantahti.fi\/index.php\/miehet\/#breadcrumb\",\"itemListElement\":[{\"@type\":\"ListItem\",\"position\":1,\"name\":\"Etusivu\",\"item\":\"https:\/\/skpohjantahti.fi\/\"},{\"@type\":\"ListItem\",\"position\":2,\"name\":\"Miehet\"}]},{\"@type\":\"WebSite\",\"@id\":\"https:\/\/skpohjantahti.fi\/#website\",\"url\":\"https:\/\/skpohjantahti.fi\/\",\"name\":\"SK Pohjant\u00e4hti\",\"description\":\"Oululainen suunnistusseura\",\"publisher\":{\"@id\":\"https:\/\/skpohjantahti.fi\/#organization\"},\"potentialAction\":[{\"@type\":\"SearchAction\",\"target\":{\"@type\":\"EntryPoint\",\"urlTemplate\":\"https:\/\/skpohjantahti.fi\/?s={search_term_string}\"},\"query-input\":{\"@type\":\"PropertyValueSpecification\",\"valueRequired\":true,\"valueName\":\"search_term_string\"}}],\"inLanguage\":\"fi\"},{\"@type\":\"Organization\",\"@id\":\"https:\/\/skpohjantahti.fi\/#organization\",\"name\":\"SK Pohjant\u00e4hti\",\"url\":\"https:\/\/skpohjantahti.fi\/\",\"logo\":{\"@type\":\"ImageObject\",\"inLanguage\":\"fi\",\"@id\":\"https:\/\/skpohjantahti.fi\/#\/schema\/logo\/image\/\",\"url\":\"https:\/\/skpohjantahti.fi\/uudet\/wp-content\/uploads\/2022\/04\/cropped-pohjantahti_log_netti_pieni.jpg\",\"contentUrl\":\"https:\/\/skpohjantahti.fi\/uudet\/wp-content\/uploads\/2022\/04\/cropped-pohjantahti_log_netti_pieni.jpg\",\"width\":198,\"height\":66,\"caption\":\"SK Pohjant\u00e4hti\"},\"image\":{\"@id\":\"https:\/\/skpohjantahti.fi\/#\/schema\/logo\/image\/\"},\"sameAs\":[\"https:\/\/www.facebook.com\/skpohjantahti\",\"https:\/\/www.instagram.com\/sk_pohjantahti\/\"]}]}<\/script>\n<!-- \/ Yoast SEO plugin. -->","yoast_head_json":{"title":"Miehet - SK Pohjant\u00e4hti","description":"SK Pohjant\u00e4hden miesten edustusryhm\u00e4 Toimintasuunnitelma 2023L\u00f6yd\u00e4t toimintasuunnitelman t\u00e4st\u00e4. Lis\u00e4tietoja antaa Sampo Rahko","robots":{"index":"index","follow":"follow","max-snippet":"max-snippet:-1","max-image-preview":"max-image-preview:large","max-video-preview":"max-video-preview:-1"},"canonical":"https:\/\/skpohjantahti.fi\/index.php\/miehet\/","og_locale":"fi_FI","og_type":"article","og_title":"Miehet - SK Pohjant\u00e4hti","og_description":"SK Pohjant\u00e4hden miesten edustusryhm\u00e4 Toimintasuunnitelma 2023L\u00f6yd\u00e4t toimintasuunnitelman t\u00e4st\u00e4. Lis\u00e4tietoja antaa Sampo Rahko","og_url":"https:\/\/skpohjantahti.fi\/index.php\/miehet\/","og_site_name":"SK Pohjant\u00e4hti","article_publisher":"https:\/\/www.facebook.com\/skpohjantahti","article_modified_time":"2025-04-13T18:32:15+00:00","og_image":[{"width":2560,"height":2131,"url":"https:\/\/skpohjantahti.fi\/uudet\/wp-content\/uploads\/2024\/04\/esko2024-scaled.jpeg","type":"image\/jpeg"}],"twitter_card":"summary_large_image","twitter_misc":{"Arvioitu lukuaika":"1 minuutti"},"schema":{"@context":"https:\/\/schema.org","@graph":[{"@type":"WebPage","@id":"https:\/\/skpohjantahti.fi\/index.php\/miehet\/","url":"https:\/\/skpohjantahti.fi\/index.php\/miehet\/","name":"Miehet - SK Pohjant\u00e4hti","isPartOf":{"@id":"https:\/\/skpohjantahti.fi\/#website"},"primaryImageOfPage":{"@id":"https:\/\/skpohjantahti.fi\/index.php\/miehet\/#primaryimage"},"image":{"@id":"https:\/\/skpohjantahti.fi\/index.php\/miehet\/#primaryimage"},"thumbnailUrl":"https:\/\/skpohjantahti.fi\/uudet\/wp-content\/uploads\/2024\/04\/esko2024-768x639.jpeg","datePublished":"2022-07-28T06:57:27+00:00","dateModified":"2025-04-13T18:32:15+00:00","description":"SK Pohjant\u00e4hden miesten edustusryhm\u00e4 Toimintasuunnitelma 2023L\u00f6yd\u00e4t toimintasuunnitelman t\u00e4st\u00e4. Lis\u00e4tietoja antaa Sampo Rahko","breadcrumb":{"@id":"https:\/\/skpohjantahti.fi\/index.php\/miehet\/#breadcrumb"},"inLanguage":"fi","potentialAction":[{"@type":"ReadAction","target":["https:\/\/skpohjantahti.fi\/index.php\/miehet\/"]}]},{"@type":"ImageObject","inLanguage":"fi","@id":"https:\/\/skpohjantahti.fi\/index.php\/miehet\/#primaryimage","url":"https:\/\/skpohjantahti.fi\/uudet\/wp-content\/uploads\/2024\/04\/esko2024-scaled.jpeg","contentUrl":"https:\/\/skpohjantahti.fi\/uudet\/wp-content\/uploads\/2024\/04\/esko2024-scaled.jpeg","width":2560,"height":2131},{"@type":"BreadcrumbList","@id":"https:\/\/skpohjantahti.fi\/index.php\/miehet\/#breadcrumb","itemListElement":[{"@type":"ListItem","position":1,"name":"Etusivu","item":"https:\/\/skpohjantahti.fi\/"},{"@type":"ListItem","position":2,"name":"Miehet"}]},{"@type":"WebSite","@id":"https:\/\/skpohjantahti.fi\/#website","url":"https:\/\/skpohjantahti.fi\/","name":"SK Pohjant\u00e4hti","description":"Oululainen suunnistusseura","publisher":{"@id":"https:\/\/skpohjantahti.fi\/#organization"},"potentialAction":[{"@type":"SearchAction","target":{"@type":"EntryPoint","urlTemplate":"https:\/\/skpohjantahti.fi\/?s={search_term_string}"},"query-input":{"@type":"PropertyValueSpecification","valueRequired":true,"valueName":"search_term_string"}}],"inLanguage":"fi"},{"@type":"Organization","@id":"https:\/\/skpohjantahti.fi\/#organization","name":"SK Pohjant\u00e4hti","url":"https:\/\/skpohjantahti.fi\/","logo":{"@type":"ImageObject","inLanguage":"fi","@id":"https:\/\/skpohjantahti.fi\/#\/schema\/logo\/image\/","url":"https:\/\/skpohjantahti.fi\/uudet\/wp-content\/uploads\/2022\/04\/cropped-pohjantahti_log_netti_pieni.jpg","contentUrl":"https:\/\/skpohjantahti.fi\/uudet\/wp-content\/uploads\/2022\/04\/cropped-pohjantahti_log_netti_pieni.jpg","width":198,"height":66,"caption":"SK Pohjant\u00e4hti"},"image":{"@id":"https:\/\/skpohjantahti.fi\/#\/schema\/logo\/image\/"},"sameAs":["https:\/\/www.facebook.com\/skpohjantahti","https:\/\/www.instagram.com\/sk_pohjantahti\/"]}]}},"_links":{"self":[{"href":"https:\/\/skpohjantahti.fi\/index.php\/wp-json\/wp\/v2\/pages\/1336","targetHints":{"allow":["GET"]}}],"collection":[{"href":"https:\/\/skpohjantahti.fi\/index.php\/wp-json\/wp\/v2\/pages"}],"about":[{"href":"https:\/\/skpohjantahti.fi\/index.php\/wp-json\/wp\/v2\/types\/page"}],"author":[{"embeddable":true,"href":"https:\/\/skpohjantahti.fi\/index.php\/wp-json\/wp\/v2\/users\/2"}],"replies":[{"embeddable":true,"href":"https:\/\/skpohjantahti.fi\/index.php\/wp-json\/wp\/v2\/comments?post=1336"}],"version-history":[{"count":79,"href":"https:\/\/skpohjantahti.fi\/index.php\/wp-json\/wp\/v2\/pages\/1336\/revisions"}],"predecessor-version":[{"id":4894,"href":"https:\/\/skpohjantahti.fi\/index.php\/wp-json\/wp\/v2\/pages\/1336\/revisions\/4894"}],"wp:attachment":[{"href":"https:\/\/skpohjantahti.fi\/index.php\/wp-json\/wp\/v2\/media?parent=1336"}],"curies":[{"name":"wp","href":"https:\/\/api.w.org\/{rel}","templated":true}]}}