{"id":1387,"date":"2022-07-30T15:13:01","date_gmt":"2022-07-30T15:13:01","guid":{"rendered":"https:\/\/skpohjantahti.fi\/uudet\/?page_id=1387"},"modified":"2026-04-05T20:08:59","modified_gmt":"2026-04-05T17:08:59","slug":"taitopankki","status":"publish","type":"page","link":"https:\/\/skpohjantahti.fi\/index.php\/taitopankki\/","title":{"rendered":"Taitopankki"},"content":{"rendered":"\t\t<div data-elementor-type=\"wp-page\" data-elementor-id=\"1387\" class=\"elementor elementor-1387\">\n\t\t\t\t\t\t<section class=\"elementor-section elementor-top-section elementor-element elementor-element-7af5478 elementor-section-boxed elementor-section-height-default elementor-section-height-default\" data-id=\"7af5478\" data-element_type=\"section\">\n\t\t\t\t\t\t<div class=\"elementor-container elementor-column-gap-default\">\n\t\t\t\t\t<div class=\"elementor-column elementor-col-100 elementor-top-column elementor-element elementor-element-74eda40\" data-id=\"74eda40\" data-element_type=\"column\">\n\t\t\t<div class=\"elementor-widget-wrap elementor-element-populated\">\n\t\t\t\t\t\t<div class=\"elementor-element elementor-element-ab2169e elementor-widget elementor-widget-heading\" data-id=\"ab2169e\" data-element_type=\"widget\" data-widget_type=\"heading.default\">\n\t\t\t\t<div class=\"elementor-widget-container\">\n\t\t\t\t\t<h2 class=\"elementor-heading-title elementor-size-default\">Taitopankki<\/h2>\t\t\t\t<\/div>\n\t\t\t\t<\/div>\n\t\t\t\t\t<\/div>\n\t\t<\/div>\n\t\t\t\t\t<\/div>\n\t\t<\/section>\n\t\t\t\t<section class=\"elementor-section elementor-top-section elementor-element elementor-element-935618d elementor-section-boxed elementor-section-height-default elementor-section-height-default\" data-id=\"935618d\" data-element_type=\"section\">\n\t\t\t\t\t\t<div class=\"elementor-container elementor-column-gap-default\">\n\t\t\t\t\t<div class=\"elementor-column elementor-col-100 elementor-top-column elementor-element elementor-element-ccb369e\" data-id=\"ccb369e\" data-element_type=\"column\">\n\t\t\t<div class=\"elementor-widget-wrap elementor-element-populated\">\n\t\t\t\t\t\t<div class=\"elementor-element elementor-element-78cd861 elementor-widget elementor-widget-text-editor\" data-id=\"78cd861\" data-element_type=\"widget\" data-widget_type=\"text-editor.default\">\n\t\t\t\t<div class=\"elementor-widget-container\">\n\t\t\t\t\t\t\t\t\t<h3><b>Uudet harjoitukset 2026 nyt taitopankissa!<\/b><\/h3><p><b>Taitopankista l\u00f6yd\u00e4t Pohjant\u00e4hden valmennusryhmien harjoitusten karttoja. Saat s\u00e4hk\u00f6isesti kartan l\u00e4hett\u00e4m\u00e4ll\u00e4 maksukuitin (8 euroa\/kartta) sknuoret (at) outlook.com. Pohjant\u00e4hden liikuntasovellukset tai tilisiirto SK Pohjant\u00e4hden tilille FI70 5741 3620 4424 56 viitteell\u00e4 <span data-olk-copy-source=\"MessageBody\">3052.<\/span><\/b><\/p>\t\t\t\t\t\t\t\t<\/div>\n\t\t\t\t<\/div>\n\t\t\t\t\t<\/div>\n\t\t<\/div>\n\t\t\t\t\t<\/div>\n\t\t<\/section>\n\t\t\t\t<section class=\"elementor-section elementor-top-section elementor-element elementor-element-1e09d84 elementor-section-boxed elementor-section-height-default elementor-section-height-default\" data-id=\"1e09d84\" data-element_type=\"section\">\n\t\t\t\t\t\t<div class=\"elementor-container elementor-column-gap-default\">\n\t\t\t\t\t<div class=\"elementor-column elementor-col-33 elementor-top-column elementor-element elementor-element-7c28d3c\" data-id=\"7c28d3c\" data-element_type=\"column\">\n\t\t\t<div class=\"elementor-widget-wrap elementor-element-populated\">\n\t\t\t\t\t\t<div class=\"elementor-element elementor-element-9aa483f elementor-widget elementor-widget-image\" data-id=\"9aa483f\" data-element_type=\"widget\" data-widget_type=\"image.default\">\n\t\t\t\t<div class=\"elementor-widget-container\">\n\t\t\t\t\t\t\t\t\t\t\t\t\t\t\t<img fetchpriority=\"high\" decoding=\"async\" width=\"413\" height=\"585\" src=\"https:\/\/skpohjantahti.fi\/uudet\/wp-content\/uploads\/2026\/03\/Kummunkangas.jpg\" class=\"attachment-large size-large wp-image-5567\" alt=\"\" srcset=\"https:\/\/skpohjantahti.fi\/uudet\/wp-content\/uploads\/2026\/03\/Kummunkangas.jpg 413w, https:\/\/skpohjantahti.fi\/uudet\/wp-content\/uploads\/2026\/03\/Kummunkangas-212x300.jpg 212w\" sizes=\"(max-width: 413px) 100vw, 413px\" \/>\t\t\t\t\t\t\t\t\t\t\t\t\t\t\t<\/div>\n\t\t\t\t<\/div>\n\t\t\t\t\t<\/div>\n\t\t<\/div>\n\t\t\t\t<div class=\"elementor-column elementor-col-66 elementor-top-column elementor-element elementor-element-6296920\" data-id=\"6296920\" data-element_type=\"column\">\n\t\t\t<div class=\"elementor-widget-wrap elementor-element-populated\">\n\t\t\t\t\t\t<div class=\"elementor-element elementor-element-9a184ed elementor-widget elementor-widget-text-editor\" data-id=\"9a184ed\" data-element_type=\"widget\" data-widget_type=\"text-editor.default\">\n\t\t\t\t<div class=\"elementor-widget-container\">\n\t\t\t\t\t\t\t\t\t<h3 style=\"font-style: normal;\"><span style=\"white-space-collapse: preserve;\">Kummunkankaan keskimatka 22.3.-30.4.2026 (Lumijoki)<\/span><\/h3><p style=\"font-size: 16px; font-style: normal; font-weight: 400;\"><a href=\"https:\/\/skpohjantahti.fi\/uudet\/wp-content\/uploads\/2026\/03\/Taitoharjoitus_ohje_Kummunkangas.pdf\">Harjoitusohje<\/a><\/p>\t\t\t\t\t\t\t\t<\/div>\n\t\t\t\t<\/div>\n\t\t\t\t\t<\/div>\n\t\t<\/div>\n\t\t\t\t\t<\/div>\n\t\t<\/section>\n\t\t\t\t<section class=\"elementor-section elementor-top-section elementor-element elementor-element-bf71ad6 elementor-section-boxed elementor-section-height-default elementor-section-height-default\" data-id=\"bf71ad6\" data-element_type=\"section\">\n\t\t\t\t\t\t<div class=\"elementor-container elementor-column-gap-default\">\n\t\t\t\t\t<div class=\"elementor-column elementor-col-33 elementor-top-column elementor-element elementor-element-67a7ad7\" data-id=\"67a7ad7\" data-element_type=\"column\">\n\t\t\t<div class=\"elementor-widget-wrap elementor-element-populated\">\n\t\t\t\t\t\t<div class=\"elementor-element elementor-element-9736f7d elementor-widget elementor-widget-image\" data-id=\"9736f7d\" data-element_type=\"widget\" data-widget_type=\"image.default\">\n\t\t\t\t<div class=\"elementor-widget-container\">\n\t\t\t\t\t\t\t\t\t\t\t\t\t\t\t<img decoding=\"async\" width=\"585\" height=\"413\" src=\"https:\/\/skpohjantahti.fi\/uudet\/wp-content\/uploads\/2026\/03\/Varttimaki.jpg\" class=\"attachment-large size-large wp-image-5521\" alt=\"\" srcset=\"https:\/\/skpohjantahti.fi\/uudet\/wp-content\/uploads\/2026\/03\/Varttimaki.jpg 585w, https:\/\/skpohjantahti.fi\/uudet\/wp-content\/uploads\/2026\/03\/Varttimaki-300x212.jpg 300w\" sizes=\"(max-width: 585px) 100vw, 585px\" \/>\t\t\t\t\t\t\t\t\t\t\t\t\t\t\t<\/div>\n\t\t\t\t<\/div>\n\t\t\t\t\t<\/div>\n\t\t<\/div>\n\t\t\t\t<div class=\"elementor-column elementor-col-66 elementor-top-column elementor-element elementor-element-0da00cc\" data-id=\"0da00cc\" data-element_type=\"column\">\n\t\t\t<div class=\"elementor-widget-wrap elementor-element-populated\">\n\t\t\t\t\t\t<div class=\"elementor-element elementor-element-18bfe34 elementor-widget elementor-widget-text-editor\" data-id=\"18bfe34\" data-element_type=\"widget\" data-widget_type=\"text-editor.default\">\n\t\t\t\t<div class=\"elementor-widget-container\">\n\t\t\t\t\t\t\t\t\t<h3 style=\"font-style: normal;\"><span style=\"white-space-collapse: preserve;\">Varttim\u00e4en JWOC-keskimatka 20.3.- <span style=\"color: #ff0000;\">15.4.<\/span>2026 (Lumijoki)<\/span><\/h3><p style=\"font-size: 16px; font-style: normal; font-weight: 400;\"><a href=\"https:\/\/skpohjantahti.fi\/uudet\/wp-content\/uploads\/2026\/03\/Varttimaki-ohje.pdf\">Harjoitusohje<\/a><\/p>\t\t\t\t\t\t\t\t<\/div>\n\t\t\t\t<\/div>\n\t\t\t\t\t<\/div>\n\t\t<\/div>\n\t\t\t\t\t<\/div>\n\t\t<\/section>\n\t\t\t\t<section class=\"elementor-section elementor-top-section elementor-element elementor-element-54be4b1 elementor-section-boxed elementor-section-height-default elementor-section-height-default\" data-id=\"54be4b1\" data-element_type=\"section\">\n\t\t\t\t\t\t<div class=\"elementor-container elementor-column-gap-default\">\n\t\t\t\t\t<div class=\"elementor-column elementor-col-33 elementor-top-column elementor-element elementor-element-9de6481\" data-id=\"9de6481\" data-element_type=\"column\">\n\t\t\t<div class=\"elementor-widget-wrap elementor-element-populated\">\n\t\t\t\t\t\t<div class=\"elementor-element elementor-element-4ee0fe0 elementor-widget elementor-widget-image\" data-id=\"4ee0fe0\" data-element_type=\"widget\" data-widget_type=\"image.default\">\n\t\t\t\t<div class=\"elementor-widget-container\">\n\t\t\t\t\t\t\t\t\t\t\t\t\t\t\t<img decoding=\"async\" width=\"707\" height=\"1024\" src=\"https:\/\/skpohjantahti.fi\/uudet\/wp-content\/uploads\/2025\/06\/Kiekonmaja_taito_nauhat-707x1024.png\" class=\"attachment-large size-large wp-image-5074\" alt=\"\" srcset=\"https:\/\/skpohjantahti.fi\/uudet\/wp-content\/uploads\/2025\/06\/Kiekonmaja_taito_nauhat-707x1024.png 707w, https:\/\/skpohjantahti.fi\/uudet\/wp-content\/uploads\/2025\/06\/Kiekonmaja_taito_nauhat-207x300.png 207w, https:\/\/skpohjantahti.fi\/uudet\/wp-content\/uploads\/2025\/06\/Kiekonmaja_taito_nauhat-768x1113.png 768w, https:\/\/skpohjantahti.fi\/uudet\/wp-content\/uploads\/2025\/06\/Kiekonmaja_taito_nauhat.png 1020w\" sizes=\"(max-width: 707px) 100vw, 707px\" \/>\t\t\t\t\t\t\t\t\t\t\t\t\t\t\t<\/div>\n\t\t\t\t<\/div>\n\t\t\t\t\t<\/div>\n\t\t<\/div>\n\t\t\t\t<div class=\"elementor-column elementor-col-66 elementor-top-column elementor-element elementor-element-72abf37\" data-id=\"72abf37\" data-element_type=\"column\">\n\t\t\t<div class=\"elementor-widget-wrap elementor-element-populated\">\n\t\t\t\t\t\t<div class=\"elementor-element elementor-element-416327f elementor-widget elementor-widget-text-editor\" data-id=\"416327f\" data-element_type=\"widget\" data-widget_type=\"text-editor.default\">\n\t\t\t\t<div class=\"elementor-widget-container\">\n\t\t\t\t\t\t\t\t\t<h3 style=\"font-style: normal;\"><span style=\"white-space-collapse: preserve;\">Kiekonmaja no compass (2025, uudet kirkkaat krepit lis\u00e4tty 5.4.2026)<\/span><\/h3><p style=\"font-size: 16px; font-style: normal; font-weight: 400;\"><span style=\"white-space-collapse: preserve;\">Esittely: Harjoituksen teemana suunnassakulku kartta maastonkohteiden mukaan suuntaamalla. Vaativa harjoitus.<\/span><\/p><p style=\"font-size: 16px; font-style: normal; font-weight: 400;\"><span style=\"white-space-collapse: preserve;\">L\u00e4ht\u00f6: Parkista 1,65km, maali samassa paikassa l\u00e4hd\u00f6n kanssa. Ohje kartassa (ei kannata luottaa, ett\u00e4 rastilippu pysynyt paikallaan risteyksess\u00e4, nauha my\u00f6s risteyksess\u00e4).<\/span><\/p><p style=\"font-size: 16px; font-style: normal; font-weight: 400;\"><span style=\"white-space-collapse: preserve;\">Rasteilla: Kuitunauha<\/span><\/p><p style=\"font-size: 16px; font-style: normal; font-weight: 400;\"><span style=\"white-space-collapse: preserve;\">Kartta: 1:10 000 \/ 2,5m<\/span><\/p><p style=\"font-size: 16px; font-style: normal; font-weight: 400;\"><span style=\"white-space-collapse: preserve;\">Radan pituus: 3,9km<\/span><\/p><p style=\"font-size: 16px; font-style: normal; font-weight: 400;\"><a href=\"https:\/\/www.livelox.com\/Viewer\/Kiekonmaja-taito\/Taito?classId=1127056&amp;live=false&amp;tab=player\"><span style=\"white-space-collapse: preserve;\">L<\/span>ivelox<\/a><\/p><p><span style=\"font-size: 16px; font-style: inherit; font-weight: inherit; white-space-collapse: preserve;\">Parkki: <\/span> <span style=\"white-space-collapse: preserve;\"><a href=\"https:\/\/maps.app.goo.gl\/G6xSYdH4cm7i7DHK6\">https:\/\/maps.app.goo.gl\/G6xSYdH4cm7i7DHK6<\/a> <\/span><\/p><p style=\"font-size: 16px; font-style: normal; font-weight: 400;\"><span style=\"white-space-collapse: preserve; font-style: inherit; font-weight: inherit;\">Muuta: \u00c4l\u00e4 luovuta heti, alkaa sujumaan kun opit bongaamaan oikeat kivet.<\/span><\/p>\t\t\t\t\t\t\t\t<\/div>\n\t\t\t\t<\/div>\n\t\t\t\t\t<\/div>\n\t\t<\/div>\n\t\t\t\t\t<\/div>\n\t\t<\/section>\n\t\t\t\t<\/div>\n\t\t","protected":false},"excerpt":{"rendered":"<p>Taitopankki Uudet harjoitukset 2026 nyt taitopankissa! Taitopankista l\u00f6yd\u00e4t Pohjant\u00e4hden valmennusryhmien harjoitusten karttoja. Saat s\u00e4hk\u00f6isesti kartan l\u00e4hett\u00e4m\u00e4ll\u00e4 maksukuitin (8 euroa\/kartta) sknuoret (at) outlook.com. Pohjant\u00e4hden liikuntasovellukset tai tilisiirto SK Pohjant\u00e4hden tilille FI70 5741 3620 4424 56 viitteell\u00e4 3052. Kummunkankaan keskimatka 22.3.-30.4.2026 (Lumijoki) Harjoitusohje Varttim\u00e4en JWOC-keskimatka 20.3.- 15.4.2026 (Lumijoki) Harjoitusohje Kiekonmaja no compass (2025, uudet kirkkaat krepit lis\u00e4tty [&hellip;]<\/p>\n","protected":false},"author":2,"featured_media":0,"parent":0,"menu_order":0,"comment_status":"closed","ping_status":"closed","template":"","meta":{"site-sidebar-layout":"no-sidebar","site-content-layout":"page-builder","ast-site-content-layout":"default","site-content-style":"default","site-sidebar-style":"default","ast-global-header-display":"","ast-banner-title-visibility":"","ast-main-header-display":"","ast-hfb-above-header-display":"","ast-hfb-below-header-display":"","ast-hfb-mobile-header-display":"","site-post-title":"disabled","ast-breadcrumbs-content":"","ast-featured-img":"disabled","footer-sml-layout":"","ast-disable-related-posts":"","theme-transparent-header-meta":"default","adv-header-id-meta":"","stick-header-meta":"","header-above-stick-meta":"","header-main-stick-meta":"","header-below-stick-meta":"","astra-migrate-meta-layouts":"default","ast-page-background-enabled":"default","ast-page-background-meta":{"desktop":{"background-color":"","background-image":"","background-repeat":"repeat","background-position":"center center","background-size":"auto","background-attachment":"scroll","background-type":"","background-media":"","overlay-type":"","overlay-color":"","overlay-opacity":"","overlay-gradient":""},"tablet":{"background-color":"","background-image":"","background-repeat":"repeat","background-position":"center center","background-size":"auto","background-attachment":"scroll","background-type":"","background-media":"","overlay-type":"","overlay-color":"","overlay-opacity":"","overlay-gradient":""},"mobile":{"background-color":"","background-image":"","background-repeat":"repeat","background-position":"center center","background-size":"auto","background-attachment":"scroll","background-type":"","background-media":"","overlay-type":"","overlay-color":"","overlay-opacity":"","overlay-gradient":""}},"ast-content-background-meta":{"desktop":{"background-color":"var(--ast-global-color-5)","background-image":"","background-repeat":"repeat","background-position":"center center","background-size":"auto","background-attachment":"scroll","background-type":"","background-media":"","overlay-type":"","overlay-color":"","overlay-opacity":"","overlay-gradient":""},"tablet":{"background-color":"var(--ast-global-color-5)","background-image":"","background-repeat":"repeat","background-position":"center center","background-size":"auto","background-attachment":"scroll","background-type":"","background-media":"","overlay-type":"","overlay-color":"","overlay-opacity":"","overlay-gradient":""},"mobile":{"background-color":"var(--ast-global-color-5)","background-image":"","background-repeat":"repeat","background-position":"center center","background-size":"auto","background-attachment":"scroll","background-type":"","background-media":"","overlay-type":"","overlay-color":"","overlay-opacity":"","overlay-gradient":""}},"footnotes":""},"class_list":["post-1387","page","type-page","status-publish","hentry"],"yoast_head":"<!-- This site is optimized with the Yoast SEO plugin v27.2 - https:\/\/yoast.com\/product\/yoast-seo-wordpress\/ -->\n<title>Taitopankki - SK Pohjant\u00e4hti<\/title>\n<meta name=\"robots\" content=\"index, follow, max-snippet:-1, max-image-preview:large, max-video-preview:-1\" \/>\n<link rel=\"canonical\" href=\"https:\/\/skpohjantahti.fi\/index.php\/taitopankki\/\" \/>\n<meta property=\"og:locale\" content=\"fi_FI\" \/>\n<meta property=\"og:type\" content=\"article\" \/>\n<meta property=\"og:title\" content=\"Taitopankki - SK Pohjant\u00e4hti\" \/>\n<meta property=\"og:description\" content=\"Taitopankki Uudet harjoitukset 2026 nyt taitopankissa! Taitopankista l\u00f6yd\u00e4t Pohjant\u00e4hden valmennusryhmien harjoitusten karttoja. Saat s\u00e4hk\u00f6isesti kartan l\u00e4hett\u00e4m\u00e4ll\u00e4 maksukuitin (8 euroa\/kartta) sknuoret (at) outlook.com. Pohjant\u00e4hden liikuntasovellukset tai tilisiirto SK Pohjant\u00e4hden tilille FI70 5741 3620 4424 56 viitteell\u00e4 3052. Kummunkankaan keskimatka 22.3.-30.4.2026 (Lumijoki) Harjoitusohje Varttim\u00e4en JWOC-keskimatka 20.3.- 15.4.2026 (Lumijoki) Harjoitusohje Kiekonmaja no compass (2025, uudet kirkkaat krepit lis\u00e4tty [&hellip;]\" \/>\n<meta property=\"og:url\" content=\"https:\/\/skpohjantahti.fi\/index.php\/taitopankki\/\" \/>\n<meta property=\"og:site_name\" content=\"SK Pohjant\u00e4hti\" \/>\n<meta property=\"article:publisher\" content=\"https:\/\/www.facebook.com\/skpohjantahti\" \/>\n<meta property=\"article:modified_time\" content=\"2026-04-05T17:08:59+00:00\" \/>\n<meta property=\"og:image\" content=\"https:\/\/skpohjantahti.fi\/uudet\/wp-content\/uploads\/2026\/03\/Kummunkangas.jpg\" \/>\n\t<meta property=\"og:image:width\" content=\"413\" \/>\n\t<meta property=\"og:image:height\" content=\"585\" \/>\n\t<meta property=\"og:image:type\" content=\"image\/jpeg\" \/>\n<meta name=\"twitter:card\" content=\"summary_large_image\" \/>\n<meta name=\"twitter:label1\" content=\"Arvioitu lukuaika\" \/>\n\t<meta name=\"twitter:data1\" content=\"2 minuuttia\" \/>\n<script type=\"application\/ld+json\" class=\"yoast-schema-graph\">{\"@context\":\"https:\/\/schema.org\",\"@graph\":[{\"@type\":\"WebPage\",\"@id\":\"https:\/\/skpohjantahti.fi\/index.php\/taitopankki\/\",\"url\":\"https:\/\/skpohjantahti.fi\/index.php\/taitopankki\/\",\"name\":\"Taitopankki - SK Pohjant\u00e4hti\",\"isPartOf\":{\"@id\":\"https:\/\/skpohjantahti.fi\/#website\"},\"primaryImageOfPage\":{\"@id\":\"https:\/\/skpohjantahti.fi\/index.php\/taitopankki\/#primaryimage\"},\"image\":{\"@id\":\"https:\/\/skpohjantahti.fi\/index.php\/taitopankki\/#primaryimage\"},\"thumbnailUrl\":\"https:\/\/skpohjantahti.fi\/uudet\/wp-content\/uploads\/2026\/03\/Kummunkangas.jpg\",\"datePublished\":\"2022-07-30T15:13:01+00:00\",\"dateModified\":\"2026-04-05T17:08:59+00:00\",\"breadcrumb\":{\"@id\":\"https:\/\/skpohjantahti.fi\/index.php\/taitopankki\/#breadcrumb\"},\"inLanguage\":\"fi\",\"potentialAction\":[{\"@type\":\"ReadAction\",\"target\":[\"https:\/\/skpohjantahti.fi\/index.php\/taitopankki\/\"]}]},{\"@type\":\"ImageObject\",\"inLanguage\":\"fi\",\"@id\":\"https:\/\/skpohjantahti.fi\/index.php\/taitopankki\/#primaryimage\",\"url\":\"https:\/\/skpohjantahti.fi\/uudet\/wp-content\/uploads\/2026\/03\/Kummunkangas.jpg\",\"contentUrl\":\"https:\/\/skpohjantahti.fi\/uudet\/wp-content\/uploads\/2026\/03\/Kummunkangas.jpg\",\"width\":413,\"height\":585},{\"@type\":\"BreadcrumbList\",\"@id\":\"https:\/\/skpohjantahti.fi\/index.php\/taitopankki\/#breadcrumb\",\"itemListElement\":[{\"@type\":\"ListItem\",\"position\":1,\"name\":\"Etusivu\",\"item\":\"https:\/\/skpohjantahti.fi\/\"},{\"@type\":\"ListItem\",\"position\":2,\"name\":\"Taitopankki\"}]},{\"@type\":\"WebSite\",\"@id\":\"https:\/\/skpohjantahti.fi\/#website\",\"url\":\"https:\/\/skpohjantahti.fi\/\",\"name\":\"SK Pohjant\u00e4hti\",\"description\":\"Oululainen suunnistusseura\",\"publisher\":{\"@id\":\"https:\/\/skpohjantahti.fi\/#organization\"},\"potentialAction\":[{\"@type\":\"SearchAction\",\"target\":{\"@type\":\"EntryPoint\",\"urlTemplate\":\"https:\/\/skpohjantahti.fi\/?s={search_term_string}\"},\"query-input\":{\"@type\":\"PropertyValueSpecification\",\"valueRequired\":true,\"valueName\":\"search_term_string\"}}],\"inLanguage\":\"fi\"},{\"@type\":\"Organization\",\"@id\":\"https:\/\/skpohjantahti.fi\/#organization\",\"name\":\"SK Pohjant\u00e4hti\",\"url\":\"https:\/\/skpohjantahti.fi\/\",\"logo\":{\"@type\":\"ImageObject\",\"inLanguage\":\"fi\",\"@id\":\"https:\/\/skpohjantahti.fi\/#\/schema\/logo\/image\/\",\"url\":\"https:\/\/skpohjantahti.fi\/uudet\/wp-content\/uploads\/2022\/04\/cropped-pohjantahti_log_netti_pieni.jpg\",\"contentUrl\":\"https:\/\/skpohjantahti.fi\/uudet\/wp-content\/uploads\/2022\/04\/cropped-pohjantahti_log_netti_pieni.jpg\",\"width\":198,\"height\":66,\"caption\":\"SK Pohjant\u00e4hti\"},\"image\":{\"@id\":\"https:\/\/skpohjantahti.fi\/#\/schema\/logo\/image\/\"},\"sameAs\":[\"https:\/\/www.facebook.com\/skpohjantahti\",\"https:\/\/www.instagram.com\/sk_pohjantahti\/\"]}]}<\/script>\n<!-- \/ Yoast SEO plugin. -->","yoast_head_json":{"title":"Taitopankki - SK Pohjant\u00e4hti","robots":{"index":"index","follow":"follow","max-snippet":"max-snippet:-1","max-image-preview":"max-image-preview:large","max-video-preview":"max-video-preview:-1"},"canonical":"https:\/\/skpohjantahti.fi\/index.php\/taitopankki\/","og_locale":"fi_FI","og_type":"article","og_title":"Taitopankki - SK Pohjant\u00e4hti","og_description":"Taitopankki Uudet harjoitukset 2026 nyt taitopankissa! Taitopankista l\u00f6yd\u00e4t Pohjant\u00e4hden valmennusryhmien harjoitusten karttoja. Saat s\u00e4hk\u00f6isesti kartan l\u00e4hett\u00e4m\u00e4ll\u00e4 maksukuitin (8 euroa\/kartta) sknuoret (at) outlook.com. Pohjant\u00e4hden liikuntasovellukset tai tilisiirto SK Pohjant\u00e4hden tilille FI70 5741 3620 4424 56 viitteell\u00e4 3052. Kummunkankaan keskimatka 22.3.-30.4.2026 (Lumijoki) Harjoitusohje Varttim\u00e4en JWOC-keskimatka 20.3.- 15.4.2026 (Lumijoki) Harjoitusohje Kiekonmaja no compass (2025, uudet kirkkaat krepit lis\u00e4tty [&hellip;]","og_url":"https:\/\/skpohjantahti.fi\/index.php\/taitopankki\/","og_site_name":"SK Pohjant\u00e4hti","article_publisher":"https:\/\/www.facebook.com\/skpohjantahti","article_modified_time":"2026-04-05T17:08:59+00:00","og_image":[{"width":413,"height":585,"url":"https:\/\/skpohjantahti.fi\/uudet\/wp-content\/uploads\/2026\/03\/Kummunkangas.jpg","type":"image\/jpeg"}],"twitter_card":"summary_large_image","twitter_misc":{"Arvioitu lukuaika":"2 minuuttia"},"schema":{"@context":"https:\/\/schema.org","@graph":[{"@type":"WebPage","@id":"https:\/\/skpohjantahti.fi\/index.php\/taitopankki\/","url":"https:\/\/skpohjantahti.fi\/index.php\/taitopankki\/","name":"Taitopankki - SK Pohjant\u00e4hti","isPartOf":{"@id":"https:\/\/skpohjantahti.fi\/#website"},"primaryImageOfPage":{"@id":"https:\/\/skpohjantahti.fi\/index.php\/taitopankki\/#primaryimage"},"image":{"@id":"https:\/\/skpohjantahti.fi\/index.php\/taitopankki\/#primaryimage"},"thumbnailUrl":"https:\/\/skpohjantahti.fi\/uudet\/wp-content\/uploads\/2026\/03\/Kummunkangas.jpg","datePublished":"2022-07-30T15:13:01+00:00","dateModified":"2026-04-05T17:08:59+00:00","breadcrumb":{"@id":"https:\/\/skpohjantahti.fi\/index.php\/taitopankki\/#breadcrumb"},"inLanguage":"fi","potentialAction":[{"@type":"ReadAction","target":["https:\/\/skpohjantahti.fi\/index.php\/taitopankki\/"]}]},{"@type":"ImageObject","inLanguage":"fi","@id":"https:\/\/skpohjantahti.fi\/index.php\/taitopankki\/#primaryimage","url":"https:\/\/skpohjantahti.fi\/uudet\/wp-content\/uploads\/2026\/03\/Kummunkangas.jpg","contentUrl":"https:\/\/skpohjantahti.fi\/uudet\/wp-content\/uploads\/2026\/03\/Kummunkangas.jpg","width":413,"height":585},{"@type":"BreadcrumbList","@id":"https:\/\/skpohjantahti.fi\/index.php\/taitopankki\/#breadcrumb","itemListElement":[{"@type":"ListItem","position":1,"name":"Etusivu","item":"https:\/\/skpohjantahti.fi\/"},{"@type":"ListItem","position":2,"name":"Taitopankki"}]},{"@type":"WebSite","@id":"https:\/\/skpohjantahti.fi\/#website","url":"https:\/\/skpohjantahti.fi\/","name":"SK Pohjant\u00e4hti","description":"Oululainen suunnistusseura","publisher":{"@id":"https:\/\/skpohjantahti.fi\/#organization"},"potentialAction":[{"@type":"SearchAction","target":{"@type":"EntryPoint","urlTemplate":"https:\/\/skpohjantahti.fi\/?s={search_term_string}"},"query-input":{"@type":"PropertyValueSpecification","valueRequired":true,"valueName":"search_term_string"}}],"inLanguage":"fi"},{"@type":"Organization","@id":"https:\/\/skpohjantahti.fi\/#organization","name":"SK Pohjant\u00e4hti","url":"https:\/\/skpohjantahti.fi\/","logo":{"@type":"ImageObject","inLanguage":"fi","@id":"https:\/\/skpohjantahti.fi\/#\/schema\/logo\/image\/","url":"https:\/\/skpohjantahti.fi\/uudet\/wp-content\/uploads\/2022\/04\/cropped-pohjantahti_log_netti_pieni.jpg","contentUrl":"https:\/\/skpohjantahti.fi\/uudet\/wp-content\/uploads\/2022\/04\/cropped-pohjantahti_log_netti_pieni.jpg","width":198,"height":66,"caption":"SK Pohjant\u00e4hti"},"image":{"@id":"https:\/\/skpohjantahti.fi\/#\/schema\/logo\/image\/"},"sameAs":["https:\/\/www.facebook.com\/skpohjantahti","https:\/\/www.instagram.com\/sk_pohjantahti\/"]}]}},"_links":{"self":[{"href":"https:\/\/skpohjantahti.fi\/index.php\/wp-json\/wp\/v2\/pages\/1387","targetHints":{"allow":["GET"]}}],"collection":[{"href":"https:\/\/skpohjantahti.fi\/index.php\/wp-json\/wp\/v2\/pages"}],"about":[{"href":"https:\/\/skpohjantahti.fi\/index.php\/wp-json\/wp\/v2\/types\/page"}],"author":[{"embeddable":true,"href":"https:\/\/skpohjantahti.fi\/index.php\/wp-json\/wp\/v2\/users\/2"}],"replies":[{"embeddable":true,"href":"https:\/\/skpohjantahti.fi\/index.php\/wp-json\/wp\/v2\/comments?post=1387"}],"version-history":[{"count":146,"href":"https:\/\/skpohjantahti.fi\/index.php\/wp-json\/wp\/v2\/pages\/1387\/revisions"}],"predecessor-version":[{"id":5622,"href":"https:\/\/skpohjantahti.fi\/index.php\/wp-json\/wp\/v2\/pages\/1387\/revisions\/5622"}],"wp:attachment":[{"href":"https:\/\/skpohjantahti.fi\/index.php\/wp-json\/wp\/v2\/media?parent=1387"}],"curies":[{"name":"wp","href":"https:\/\/api.w.org\/{rel}","templated":true}]}}