{"id":1498,"date":"2022-08-28T08:34:47","date_gmt":"2022-08-28T08:34:47","guid":{"rendered":"https:\/\/skpohjantahti.fi\/uudet\/?page_id=1498"},"modified":"2022-08-28T08:36:58","modified_gmt":"2022-08-28T08:36:58","slug":"vns-2021","status":"publish","type":"page","link":"https:\/\/skpohjantahti.fi\/index.php\/vns-2021\/","title":{"rendered":"VNS 2021"},"content":{"rendered":"\t\t<div data-elementor-type=\"wp-page\" data-elementor-id=\"1498\" class=\"elementor elementor-1498\">\n\t\t\t\t\t\t<section class=\"elementor-section elementor-top-section elementor-element elementor-element-6e57440 elementor-section-boxed elementor-section-height-default elementor-section-height-default\" data-id=\"6e57440\" data-element_type=\"section\">\n\t\t\t\t\t\t<div class=\"elementor-container elementor-column-gap-default\">\n\t\t\t\t\t<div class=\"elementor-column elementor-col-100 elementor-top-column elementor-element elementor-element-09a589c\" data-id=\"09a589c\" data-element_type=\"column\">\n\t\t\t<div class=\"elementor-widget-wrap elementor-element-populated\">\n\t\t\t\t\t\t<div class=\"elementor-element elementor-element-7e10123 elementor-widget elementor-widget-heading\" data-id=\"7e10123\" data-element_type=\"widget\" data-widget_type=\"heading.default\">\n\t\t\t\t<div class=\"elementor-widget-container\">\n\t\t\t\t\t<h2 class=\"elementor-heading-title elementor-size-default\">2021<\/h2>\t\t\t\t<\/div>\n\t\t\t\t<\/div>\n\t\t\t\t\t<\/div>\n\t\t<\/div>\n\t\t\t\t\t<\/div>\n\t\t<\/section>\n\t\t\t\t<section class=\"elementor-section elementor-top-section elementor-element elementor-element-c7ed248 elementor-section-boxed elementor-section-height-default elementor-section-height-default\" data-id=\"c7ed248\" data-element_type=\"section\">\n\t\t\t\t\t\t<div class=\"elementor-container elementor-column-gap-default\">\n\t\t\t\t\t<div class=\"elementor-column elementor-col-100 elementor-top-column elementor-element elementor-element-9c6cfd4\" data-id=\"9c6cfd4\" data-element_type=\"column\">\n\t\t\t<div class=\"elementor-widget-wrap elementor-element-populated\">\n\t\t\t\t\t\t<div class=\"elementor-element elementor-element-4e34a53 elementor-widget elementor-widget-text-editor\" data-id=\"4e34a53\" data-element_type=\"widget\" data-widget_type=\"text-editor.default\">\n\t\t\t\t<div class=\"elementor-widget-container\">\n\t\t\t\t\t\t\t\t\t<p style=\"box-sizing: inherit; margin-right: auto; margin-bottom: 32px; margin-left: auto; -webkit-font-smoothing: antialiased; max-width: calc(750px); font-size: 1.3225rem; line-height: 1.125; overflow-wrap: break-word; color: rgb(48, 48, 48); font-family: &quot;Noto Sans&quot;, -apple-system, BlinkMacSystemFont, &quot;Segoe UI&quot;, Roboto, Oxygen, Ubuntu, Cantarell, &quot;Fira Sans&quot;, &quot;Droid Sans&quot;, &quot;Helvetica Neue&quot;, sans-serif; font-style: normal; font-weight: 400;\">#1 Kaukovainion kauhut \u2013 ratamestari Vili Ihme<\/p><p style=\"box-sizing: inherit; margin: 32px auto; -webkit-font-smoothing: antialiased; max-width: calc(750px); overflow-wrap: break-word; color: rgb(48, 48, 48); font-family: &quot;Noto Sans&quot;, -apple-system, BlinkMacSystemFont, &quot;Segoe UI&quot;, Roboto, Oxygen, Ubuntu, Cantarell, &quot;Fira Sans&quot;, &quot;Droid Sans&quot;, &quot;Helvetica Neue&quot;, sans-serif; font-size: 20px; font-style: normal; font-weight: 400;\"><a href=\"https:\/\/1drv.ms\/b\/s!Ajs7jrSsyutyhGLRG1VHFtFaReeA\" style=\"box-sizing: inherit; color: var(--wp--preset--color--primary); cursor: pointer; max-width: unset; text-decoration-line: underline;\">Kaukovainion tulokset<\/a><\/p><h3 style=\"box-sizing: inherit; margin: 32px auto; -webkit-font-smoothing: antialiased; max-width: calc(750px); overflow-wrap: break-word; color: rgb(48, 48, 48); font-family: &quot;Noto Sans&quot;, -apple-system, BlinkMacSystemFont, &quot;Segoe UI&quot;, Roboto, Oxygen, Ubuntu, Cantarell, &quot;Fira Sans&quot;, &quot;Droid Sans&quot;, &quot;Helvetica Neue&quot;, sans-serif; font-size: 20px; font-style: normal; font-weight: 400;\"><a href=\"https:\/\/1drv.ms\/b\/s!Ajs7jrSsyutyhGML0ygPg-x6h_2i?e=cAccpJ\" style=\"box-sizing: inherit; color: var(--wp--preset--color--primary); cursor: pointer; max-width: unset; text-decoration-line: underline;\">Kaukovainion v\u00e4liajat<br><\/a><a href=\"https:\/\/www.tulospalvelu.fi\/gps\/20211103VNSKaukovain\/\" style=\"box-sizing: inherit; color: var(--wp--preset--color--primary); cursor: pointer; max-width: unset; text-decoration-line: underline;\">GPS-seuranta<\/a>&nbsp;I&nbsp;<a href=\"http:\/\/3drerun.worldofo.com\/2d\/?lidstr=20211103VNSKaukovain\/\" style=\"box-sizing: inherit; color: var(--wp--preset--color--primary); cursor: pointer; max-width: unset; text-decoration-line: underline;\">2DRerun<br><\/a><a href=\"https:\/\/1drv.ms\/b\/s!Ajs7jrSsyutyhF6WzH-JQUqYiErR\" style=\"box-sizing: inherit; color: var(--wp--preset--color--primary); cursor: pointer; max-width: unset; text-decoration-line: underline;\">Reitinvalinta-analyysit<\/a><\/h3><h3 style=\"box-sizing: inherit; margin: 32px auto; -webkit-font-smoothing: antialiased; max-width: calc(750px); overflow-wrap: break-word; color: rgb(48, 48, 48); font-family: &quot;Noto Sans&quot;, -apple-system, BlinkMacSystemFont, &quot;Segoe UI&quot;, Roboto, Oxygen, Ubuntu, Cantarell, &quot;Fira Sans&quot;, &quot;Droid Sans&quot;, &quot;Helvetica Neue&quot;, sans-serif; font-size: 20px; font-style: normal; font-weight: 400;\"><a href=\"https:\/\/1drv.ms\/b\/s!Ajs7jrSsyutyhF6WzH-JQUqYiErR\" style=\"box-sizing: inherit; color: var(--wp--preset--color--primary); cursor: pointer; max-width: unset; text-decoration-line: underline;\"><br><\/a>#2 Kemintien sillat \u2013 ratamestari Severi Simil\u00e4<\/h3><h3 style=\"box-sizing: inherit; margin: 32px auto; -webkit-font-smoothing: antialiased; max-width: calc(750px); overflow-wrap: break-word; color: rgb(48, 48, 48); font-family: &quot;Noto Sans&quot;, -apple-system, BlinkMacSystemFont, &quot;Segoe UI&quot;, Roboto, Oxygen, Ubuntu, Cantarell, &quot;Fira Sans&quot;, &quot;Droid Sans&quot;, &quot;Helvetica Neue&quot;, sans-serif; font-size: 20px; font-style: normal; font-weight: 400;\"><a href=\"https:\/\/1drv.ms\/b\/s!Ajs7jrSsyutyhGm9INpEnnZRvVVQ\" style=\"box-sizing: inherit; color: var(--wp--preset--color--primary); cursor: pointer; max-width: unset; text-decoration-line: underline;\">Tulokset<br><\/a><a href=\"https:\/\/1drv.ms\/b\/s!Ajs7jrSsyutyhGjqeOMiMzx9B5R9?e=1biEly\" style=\"box-sizing: inherit; color: var(--wp--preset--color--primary); cursor: pointer; max-width: unset; text-decoration-line: underline;\">V\u00e4liajat<br><\/a><a href=\"https:\/\/www.tulospalvelu.fi\/gps\/20211110VNSKemintie\/\" style=\"box-sizing: inherit; color: var(--wp--preset--color--primary); cursor: pointer; max-width: unset; text-decoration-line: underline;\">GPS-seuranta<\/a>&nbsp;I&nbsp;<a href=\"http:\/\/3drerun.worldofo.com\/2d\/?lidstr=20211110VNSKemintie\/\" style=\"box-sizing: inherit; color: var(--wp--preset--color--primary); cursor: pointer; max-width: unset; text-decoration-line: underline;\">2DRerun<br><\/a><a href=\"https:\/\/1drv.ms\/b\/s!Ajs7jrSsyutyhGy_WN0pp4zfimSX?e=IDIdTX\" style=\"box-sizing: inherit; color: var(--wp--preset--color--primary); cursor: pointer; max-width: unset; text-decoration-line: underline;\">Reitinvalinta-analyysit<\/a><\/h3><h3 style=\"box-sizing: inherit; margin: 32px auto; -webkit-font-smoothing: antialiased; max-width: calc(750px); overflow-wrap: break-word; color: rgb(48, 48, 48); font-family: &quot;Noto Sans&quot;, -apple-system, BlinkMacSystemFont, &quot;Segoe UI&quot;, Roboto, Oxygen, Ubuntu, Cantarell, &quot;Fira Sans&quot;, &quot;Droid Sans&quot;, &quot;Helvetica Neue&quot;, sans-serif; font-size: 20px; font-style: normal; font-weight: 400;\"><a href=\"https:\/\/1drv.ms\/b\/s!Ajs7jrSsyutyhGy_WN0pp4zfimSX?e=IDIdTX\" style=\"box-sizing: inherit; color: var(--wp--preset--color--primary); cursor: pointer; max-width: unset; text-decoration-line: underline;\"><br><\/a>#3 Back to H\u00f6yhty\u00e4 \u2013 ratamestari Ville Parkkinen<\/h3><h3 style=\"box-sizing: inherit; margin: 32px auto; -webkit-font-smoothing: antialiased; max-width: calc(750px); overflow-wrap: break-word; color: rgb(48, 48, 48); font-family: &quot;Noto Sans&quot;, -apple-system, BlinkMacSystemFont, &quot;Segoe UI&quot;, Roboto, Oxygen, Ubuntu, Cantarell, &quot;Fira Sans&quot;, &quot;Droid Sans&quot;, &quot;Helvetica Neue&quot;, sans-serif; font-size: 20px; font-style: normal; font-weight: 400;\"><a href=\"https:\/\/1drv.ms\/b\/s!Ajs7jrSsyutyhHsENvHo21kWtrWm?e=8HkppL\" style=\"box-sizing: inherit; color: var(--wp--preset--color--primary); cursor: pointer; max-width: unset; text-decoration-line: underline;\">Tulokset<br><\/a><a href=\"https:\/\/1drv.ms\/b\/s!Ajs7jrSsyutyhHx-PTZC1gC4IMo_?e=inCchy\" style=\"box-sizing: inherit; color: var(--wp--preset--color--primary); cursor: pointer; max-width: unset; text-decoration-line: underline;\">V\u00e4liajat<br><\/a><a href=\"https:\/\/www.tulospalvelu.fi\/gps\/20211117VNSHoyhtya\/\" style=\"box-sizing: inherit; color: var(--wp--preset--color--primary); cursor: pointer; max-width: unset; text-decoration-line: underline;\">GPS-seuranta<\/a>&nbsp;I&nbsp;<a href=\"http:\/\/3drerun.worldofo.com\/2d\/?lidstr=20211117VNSHoyhtya\/\" style=\"box-sizing: inherit; color: var(--wp--preset--color--primary); cursor: pointer; max-width: unset; text-decoration-line: underline;\">2DRerun<br><\/a>Reitinvalinta-analyysit:&nbsp;<a href=\"https:\/\/1drv.ms\/b\/s!Ajs7jrSsyutyhHe5laWz0JIn9qft?e=ze7Jww\" style=\"box-sizing: inherit; color: var(--wp--preset--color--primary); cursor: pointer; max-width: unset; text-decoration-line: underline;\">Sprint H<\/a>&nbsp;I&nbsp;<a href=\"https:\/\/1drv.ms\/b\/s!Ajs7jrSsyutyhHkHvelkAlKeneiq?e=XBafZU\" style=\"box-sizing: inherit; color: var(--wp--preset--color--primary); cursor: pointer; max-width: unset; text-decoration-line: underline;\">Sprint D<\/a>&nbsp;I&nbsp;<a href=\"https:\/\/1drv.ms\/b\/s!Ajs7jrSsyutyhHgEBSbbRmOHPOLb?e=11aP4P\" style=\"box-sizing: inherit; color: var(--wp--preset--color--primary); cursor: pointer; max-width: unset; text-decoration-line: underline;\">Sprint H lyhyt&nbsp;<\/a>I&nbsp;<a href=\"https:\/\/1drv.ms\/b\/s!Ajs7jrSsyutyhHaaSvhOFD3qzGcU?e=2WQILg\" style=\"box-sizing: inherit; color: var(--wp--preset--color--primary); cursor: pointer; max-width: unset; text-decoration-line: underline;\">Sprint D lyhyt<\/a><\/h3>\t\t\t\t\t\t\t\t<\/div>\n\t\t\t\t<\/div>\n\t\t\t\t\t<\/div>\n\t\t<\/div>\n\t\t\t\t\t<\/div>\n\t\t<\/section>\n\t\t\t\t<\/div>\n\t\t","protected":false},"excerpt":{"rendered":"<p>2021 #1 Kaukovainion kauhut \u2013 ratamestari Vili Ihme Kaukovainion tulokset Kaukovainion v\u00e4liajatGPS-seuranta&nbsp;I&nbsp;2DRerunReitinvalinta-analyysit #2 Kemintien sillat \u2013 ratamestari Severi Simil\u00e4 TuloksetV\u00e4liajatGPS-seuranta&nbsp;I&nbsp;2DRerunReitinvalinta-analyysit #3 Back to H\u00f6yhty\u00e4 \u2013 ratamestari Ville Parkkinen TuloksetV\u00e4liajatGPS-seuranta&nbsp;I&nbsp;2DRerunReitinvalinta-analyysit:&nbsp;Sprint H&nbsp;I&nbsp;Sprint D&nbsp;I&nbsp;Sprint H lyhyt&nbsp;I&nbsp;Sprint D lyhyt<\/p>\n","protected":false},"author":2,"featured_media":0,"parent":0,"menu_order":0,"comment_status":"closed","ping_status":"closed","template":"","meta":{"site-sidebar-layout":"no-sidebar","site-content-layout":"page-builder","ast-site-content-layout":"default","site-content-style":"default","site-sidebar-style":"default","ast-global-header-display":"","ast-banner-title-visibility":"","ast-main-header-display":"","ast-hfb-above-header-display":"","ast-hfb-below-header-display":"","ast-hfb-mobile-header-display":"","site-post-title":"disabled","ast-breadcrumbs-content":"","ast-featured-img":"disabled","footer-sml-layout":"","ast-disable-related-posts":"","theme-transparent-header-meta":"","adv-header-id-meta":"","stick-header-meta":"","header-above-stick-meta":"","header-main-stick-meta":"","header-below-stick-meta":"","astra-migrate-meta-layouts":"default","ast-page-background-enabled":"default","ast-page-background-meta":{"desktop":{"background-color":"","background-image":"","background-repeat":"repeat","background-position":"center center","background-size":"auto","background-attachment":"scroll","background-type":"","background-media":"","overlay-type":"","overlay-color":"","overlay-opacity":"","overlay-gradient":""},"tablet":{"background-color":"","background-image":"","background-repeat":"repeat","background-position":"center center","background-size":"auto","background-attachment":"scroll","background-type":"","background-media":"","overlay-type":"","overlay-color":"","overlay-opacity":"","overlay-gradient":""},"mobile":{"background-color":"","background-image":"","background-repeat":"repeat","background-position":"center center","background-size":"auto","background-attachment":"scroll","background-type":"","background-media":"","overlay-type":"","overlay-color":"","overlay-opacity":"","overlay-gradient":""}},"ast-content-background-meta":{"desktop":{"background-color":"var(--ast-global-color-5)","background-image":"","background-repeat":"repeat","background-position":"center center","background-size":"auto","background-attachment":"scroll","background-type":"","background-media":"","overlay-type":"","overlay-color":"","overlay-opacity":"","overlay-gradient":""},"tablet":{"background-color":"var(--ast-global-color-5)","background-image":"","background-repeat":"repeat","background-position":"center center","background-size":"auto","background-attachment":"scroll","background-type":"","background-media":"","overlay-type":"","overlay-color":"","overlay-opacity":"","overlay-gradient":""},"mobile":{"background-color":"var(--ast-global-color-5)","background-image":"","background-repeat":"repeat","background-position":"center center","background-size":"auto","background-attachment":"scroll","background-type":"","background-media":"","overlay-type":"","overlay-color":"","overlay-opacity":"","overlay-gradient":""}},"footnotes":""},"class_list":["post-1498","page","type-page","status-publish","hentry"],"yoast_head":"<!-- This site is optimized with the Yoast SEO plugin v27.2 - https:\/\/yoast.com\/product\/yoast-seo-wordpress\/ -->\n<title>VNS 2021 - SK Pohjant\u00e4hti<\/title>\n<meta name=\"robots\" content=\"index, follow, max-snippet:-1, max-image-preview:large, max-video-preview:-1\" \/>\n<link rel=\"canonical\" href=\"https:\/\/skpohjantahti.fi\/index.php\/vns-2021\/\" \/>\n<meta property=\"og:locale\" content=\"fi_FI\" \/>\n<meta property=\"og:type\" content=\"article\" \/>\n<meta property=\"og:title\" content=\"VNS 2021 - SK Pohjant\u00e4hti\" \/>\n<meta property=\"og:description\" content=\"2021 #1 Kaukovainion kauhut \u2013 ratamestari Vili Ihme Kaukovainion tulokset Kaukovainion v\u00e4liajatGPS-seuranta&nbsp;I&nbsp;2DRerunReitinvalinta-analyysit #2 Kemintien sillat \u2013 ratamestari Severi Simil\u00e4 TuloksetV\u00e4liajatGPS-seuranta&nbsp;I&nbsp;2DRerunReitinvalinta-analyysit #3 Back to H\u00f6yhty\u00e4 \u2013 ratamestari Ville Parkkinen TuloksetV\u00e4liajatGPS-seuranta&nbsp;I&nbsp;2DRerunReitinvalinta-analyysit:&nbsp;Sprint H&nbsp;I&nbsp;Sprint D&nbsp;I&nbsp;Sprint H lyhyt&nbsp;I&nbsp;Sprint D lyhyt\" \/>\n<meta property=\"og:url\" content=\"https:\/\/skpohjantahti.fi\/index.php\/vns-2021\/\" \/>\n<meta property=\"og:site_name\" content=\"SK Pohjant\u00e4hti\" \/>\n<meta property=\"article:publisher\" content=\"https:\/\/www.facebook.com\/skpohjantahti\" \/>\n<meta property=\"article:modified_time\" content=\"2022-08-28T08:36:58+00:00\" \/>\n<meta name=\"twitter:card\" content=\"summary_large_image\" \/>\n<script type=\"application\/ld+json\" class=\"yoast-schema-graph\">{\"@context\":\"https:\/\/schema.org\",\"@graph\":[{\"@type\":\"WebPage\",\"@id\":\"https:\/\/skpohjantahti.fi\/index.php\/vns-2021\/\",\"url\":\"https:\/\/skpohjantahti.fi\/index.php\/vns-2021\/\",\"name\":\"VNS 2021 - SK Pohjant\u00e4hti\",\"isPartOf\":{\"@id\":\"https:\/\/skpohjantahti.fi\/#website\"},\"datePublished\":\"2022-08-28T08:34:47+00:00\",\"dateModified\":\"2022-08-28T08:36:58+00:00\",\"breadcrumb\":{\"@id\":\"https:\/\/skpohjantahti.fi\/index.php\/vns-2021\/#breadcrumb\"},\"inLanguage\":\"fi\",\"potentialAction\":[{\"@type\":\"ReadAction\",\"target\":[\"https:\/\/skpohjantahti.fi\/index.php\/vns-2021\/\"]}]},{\"@type\":\"BreadcrumbList\",\"@id\":\"https:\/\/skpohjantahti.fi\/index.php\/vns-2021\/#breadcrumb\",\"itemListElement\":[{\"@type\":\"ListItem\",\"position\":1,\"name\":\"Etusivu\",\"item\":\"https:\/\/skpohjantahti.fi\/\"},{\"@type\":\"ListItem\",\"position\":2,\"name\":\"VNS 2021\"}]},{\"@type\":\"WebSite\",\"@id\":\"https:\/\/skpohjantahti.fi\/#website\",\"url\":\"https:\/\/skpohjantahti.fi\/\",\"name\":\"SK Pohjant\u00e4hti\",\"description\":\"Oululainen suunnistusseura\",\"publisher\":{\"@id\":\"https:\/\/skpohjantahti.fi\/#organization\"},\"potentialAction\":[{\"@type\":\"SearchAction\",\"target\":{\"@type\":\"EntryPoint\",\"urlTemplate\":\"https:\/\/skpohjantahti.fi\/?s={search_term_string}\"},\"query-input\":{\"@type\":\"PropertyValueSpecification\",\"valueRequired\":true,\"valueName\":\"search_term_string\"}}],\"inLanguage\":\"fi\"},{\"@type\":\"Organization\",\"@id\":\"https:\/\/skpohjantahti.fi\/#organization\",\"name\":\"SK Pohjant\u00e4hti\",\"url\":\"https:\/\/skpohjantahti.fi\/\",\"logo\":{\"@type\":\"ImageObject\",\"inLanguage\":\"fi\",\"@id\":\"https:\/\/skpohjantahti.fi\/#\/schema\/logo\/image\/\",\"url\":\"https:\/\/skpohjantahti.fi\/uudet\/wp-content\/uploads\/2022\/04\/cropped-pohjantahti_log_netti_pieni.jpg\",\"contentUrl\":\"https:\/\/skpohjantahti.fi\/uudet\/wp-content\/uploads\/2022\/04\/cropped-pohjantahti_log_netti_pieni.jpg\",\"width\":198,\"height\":66,\"caption\":\"SK Pohjant\u00e4hti\"},\"image\":{\"@id\":\"https:\/\/skpohjantahti.fi\/#\/schema\/logo\/image\/\"},\"sameAs\":[\"https:\/\/www.facebook.com\/skpohjantahti\",\"https:\/\/www.instagram.com\/sk_pohjantahti\/\"]}]}<\/script>\n<!-- \/ Yoast SEO plugin. -->","yoast_head_json":{"title":"VNS 2021 - SK Pohjant\u00e4hti","robots":{"index":"index","follow":"follow","max-snippet":"max-snippet:-1","max-image-preview":"max-image-preview:large","max-video-preview":"max-video-preview:-1"},"canonical":"https:\/\/skpohjantahti.fi\/index.php\/vns-2021\/","og_locale":"fi_FI","og_type":"article","og_title":"VNS 2021 - SK Pohjant\u00e4hti","og_description":"2021 #1 Kaukovainion kauhut \u2013 ratamestari Vili Ihme Kaukovainion tulokset Kaukovainion v\u00e4liajatGPS-seuranta&nbsp;I&nbsp;2DRerunReitinvalinta-analyysit #2 Kemintien sillat \u2013 ratamestari Severi Simil\u00e4 TuloksetV\u00e4liajatGPS-seuranta&nbsp;I&nbsp;2DRerunReitinvalinta-analyysit #3 Back to H\u00f6yhty\u00e4 \u2013 ratamestari Ville Parkkinen TuloksetV\u00e4liajatGPS-seuranta&nbsp;I&nbsp;2DRerunReitinvalinta-analyysit:&nbsp;Sprint H&nbsp;I&nbsp;Sprint D&nbsp;I&nbsp;Sprint H lyhyt&nbsp;I&nbsp;Sprint D lyhyt","og_url":"https:\/\/skpohjantahti.fi\/index.php\/vns-2021\/","og_site_name":"SK Pohjant\u00e4hti","article_publisher":"https:\/\/www.facebook.com\/skpohjantahti","article_modified_time":"2022-08-28T08:36:58+00:00","twitter_card":"summary_large_image","schema":{"@context":"https:\/\/schema.org","@graph":[{"@type":"WebPage","@id":"https:\/\/skpohjantahti.fi\/index.php\/vns-2021\/","url":"https:\/\/skpohjantahti.fi\/index.php\/vns-2021\/","name":"VNS 2021 - SK Pohjant\u00e4hti","isPartOf":{"@id":"https:\/\/skpohjantahti.fi\/#website"},"datePublished":"2022-08-28T08:34:47+00:00","dateModified":"2022-08-28T08:36:58+00:00","breadcrumb":{"@id":"https:\/\/skpohjantahti.fi\/index.php\/vns-2021\/#breadcrumb"},"inLanguage":"fi","potentialAction":[{"@type":"ReadAction","target":["https:\/\/skpohjantahti.fi\/index.php\/vns-2021\/"]}]},{"@type":"BreadcrumbList","@id":"https:\/\/skpohjantahti.fi\/index.php\/vns-2021\/#breadcrumb","itemListElement":[{"@type":"ListItem","position":1,"name":"Etusivu","item":"https:\/\/skpohjantahti.fi\/"},{"@type":"ListItem","position":2,"name":"VNS 2021"}]},{"@type":"WebSite","@id":"https:\/\/skpohjantahti.fi\/#website","url":"https:\/\/skpohjantahti.fi\/","name":"SK Pohjant\u00e4hti","description":"Oululainen suunnistusseura","publisher":{"@id":"https:\/\/skpohjantahti.fi\/#organization"},"potentialAction":[{"@type":"SearchAction","target":{"@type":"EntryPoint","urlTemplate":"https:\/\/skpohjantahti.fi\/?s={search_term_string}"},"query-input":{"@type":"PropertyValueSpecification","valueRequired":true,"valueName":"search_term_string"}}],"inLanguage":"fi"},{"@type":"Organization","@id":"https:\/\/skpohjantahti.fi\/#organization","name":"SK Pohjant\u00e4hti","url":"https:\/\/skpohjantahti.fi\/","logo":{"@type":"ImageObject","inLanguage":"fi","@id":"https:\/\/skpohjantahti.fi\/#\/schema\/logo\/image\/","url":"https:\/\/skpohjantahti.fi\/uudet\/wp-content\/uploads\/2022\/04\/cropped-pohjantahti_log_netti_pieni.jpg","contentUrl":"https:\/\/skpohjantahti.fi\/uudet\/wp-content\/uploads\/2022\/04\/cropped-pohjantahti_log_netti_pieni.jpg","width":198,"height":66,"caption":"SK Pohjant\u00e4hti"},"image":{"@id":"https:\/\/skpohjantahti.fi\/#\/schema\/logo\/image\/"},"sameAs":["https:\/\/www.facebook.com\/skpohjantahti","https:\/\/www.instagram.com\/sk_pohjantahti\/"]}]}},"_links":{"self":[{"href":"https:\/\/skpohjantahti.fi\/index.php\/wp-json\/wp\/v2\/pages\/1498","targetHints":{"allow":["GET"]}}],"collection":[{"href":"https:\/\/skpohjantahti.fi\/index.php\/wp-json\/wp\/v2\/pages"}],"about":[{"href":"https:\/\/skpohjantahti.fi\/index.php\/wp-json\/wp\/v2\/types\/page"}],"author":[{"embeddable":true,"href":"https:\/\/skpohjantahti.fi\/index.php\/wp-json\/wp\/v2\/users\/2"}],"replies":[{"embeddable":true,"href":"https:\/\/skpohjantahti.fi\/index.php\/wp-json\/wp\/v2\/comments?post=1498"}],"version-history":[{"count":3,"href":"https:\/\/skpohjantahti.fi\/index.php\/wp-json\/wp\/v2\/pages\/1498\/revisions"}],"predecessor-version":[{"id":1501,"href":"https:\/\/skpohjantahti.fi\/index.php\/wp-json\/wp\/v2\/pages\/1498\/revisions\/1501"}],"wp:attachment":[{"href":"https:\/\/skpohjantahti.fi\/index.php\/wp-json\/wp\/v2\/media?parent=1498"}],"curies":[{"name":"wp","href":"https:\/\/api.w.org\/{rel}","templated":true}]}}