{"id":1571,"date":"2022-10-16T07:18:10","date_gmt":"2022-10-16T07:18:10","guid":{"rendered":"https:\/\/skpohjantahti.fi\/?page_id=1571"},"modified":"2025-11-09T11:11:49","modified_gmt":"2025-11-09T09:11:49","slug":"valostore-night-sprint","status":"publish","type":"page","link":"https:\/\/skpohjantahti.fi\/index.php\/valostore-night-sprint\/","title":{"rendered":"Valostore Night Sprint"},"content":{"rendered":"<p><img decoding=\"async\" class=\"alignnone size-medium wp-image-3502\" src=\"https:\/\/skpohjantahti.fi\/uudet\/wp-content\/uploads\/2023\/10\/valobanneri-300x74.jpg\" alt=\"Valostore Night Sprint\" width=\"300\" height=\"74\" srcset=\"https:\/\/skpohjantahti.fi\/uudet\/wp-content\/uploads\/2023\/10\/valobanneri-300x74.jpg 300w, https:\/\/skpohjantahti.fi\/uudet\/wp-content\/uploads\/2023\/10\/valobanneri.jpg 419w\" sizes=\"(max-width: 300px) 100vw, 300px\" \/><\/p>\n<h3>Marraskuinen lamppuseikkailu Oulun parhailla sprinttikartoilla<\/h3>\n<ul>\n<li><b>Eliitti:<\/b><span lang=\"FI\">\u00a0V\u00e4h\u00e4n p\u00e4\u00e4sarjan tavanomaista rataa pidempi sprinttirata, jolla haaste on viritetty tappiinsa. Katujen ja puistojen valtiaille!<\/span><\/li>\n<li><b>Aktiivi:<\/b><span lang=\"FI\"><b>\u00a0<\/b>Sprinttihaastetta on t\u00e4ll\u00e4kin radalla, mutta aavistuksen v\u00e4hemm\u00e4n pituutta ja v\u00e4h\u00e4n maltillisempaa py\u00f6rityst\u00e4.<\/span><\/li>\n<li><b>Seikkailu:<\/b><span lang=\"FI\"><b>\u00a0<\/b>Rata, jolla suunnistushaaste on aloittelijalle sopiva unohtamatta l\u00f6yt\u00e4misen riemua. Runsasrastiset, koko perheelle sopivat radat.<\/span><\/li>\n<\/ul>\n<h3><strong>Tapahtumaohje<\/strong><\/h3>\n<p>Tapahtumatiedot julkaistaan osoitteessa <a href=\"https:\/\/oulurastit.info\">oulurastit.info<\/a><\/p>\n<p><strong>Ilmoittautuminen<\/strong><\/p>\n<p>Tapahtumiin ilmoittaudutaan ennalta t\u00e4ytt\u00e4m\u00e4ll\u00e4 ilmoittautumislomake ja maksamalla osallistuminen ennakkoon. Ilmoittautuminen tapahtuu viimeist\u00e4\u00e4n tapahtumaa edelt\u00e4v\u00e4n\u00e4 maanantaina klo 24.00 menness\u00e4.<\/p>\n<p>Paikan p\u00e4\u00e4ll\u00e4 ilmoittauduttaessa maksuv\u00e4linein\u00e4 tasaraha (tai liikuntasetelien ja rahan yhdistelm\u00e4) tai tilisiirto.<\/p>\n<p>Ilmoittautuminen paikan p\u00e4\u00e4ll\u00e4 l\u00e4ht\u00f6paikalla.<\/p>\n<p><strong>Emitin vuokraaminen<\/strong><\/p>\n<p>Emit-korttien vuokrausta ei valitettavasti ole tarjolla. Kysy kaverilta lainaksi korttia jos et omista omaa!<\/p>\n<p><strong>L\u00e4ht\u00f6ajat<\/strong><\/p>\n<p>L\u00e4ht\u00f6aika on 17:30-18:45. L\u00e4ht\u00f6 tapahtuu Oulurastiperiaatteella kahdesta jonosta:<\/p>\n<ul>\n<li>Jono 1 Eliitti<\/li>\n<li>Jono 2 Aktiivi ja Seikkailu<\/li>\n<\/ul>\n<p><strong>Lamppu ja keng\u00e4t<\/strong><\/p>\n<p>Kaupunkisuunnistuksessa katuvalot auttavat monissa kohdin suunnistusta. Reitille saattaa osua kuitenkin pimeit\u00e4kin kohtia, jossa\u00a0<a href=\"https:\/\/valostore.fi\/tuotteet\/otsalamppu\/otsavalaisimet\/\">otsalamppua<\/a>\u00a0tarvitaan muuhunkin kuin kartan lukuun. Kevyt, mutta tarvittaessa kohtuullista valotehoa antava lamppu on k\u00e4yt\u00e4nn\u00f6llisin.<\/p>\n<p>Mik\u00e4li ei ole vaaraa lumesta ja pakkasesta, sprinttisuunnistuskenk\u00e4 tai niiden puuttuessa lenkkikenk\u00e4 on paras jalkine. J\u00e4isiss\u00e4 oloissa nastallinen talvijuoksukenk\u00e4 on paras jalkine.<\/p>\n<p><strong>Osallistumismaksut<\/strong><\/p>\n<p>Tapahtumien osallistumismaksu on ennakkoon 8 euroa ja paikan p\u00e4\u00e4ll\u00e4 10 euroa. Alle 18-vuotiaat puoleen hintaan. Seikkailurata 4 euroa\/kartta.<\/p>\n<p>SK Pohjant\u00e4hden lapset, nuoret ja valmennusryhmien j\u00e4senet ilmaiseksi.<\/p>\n<p><strong>Maksutavat<\/strong><\/p>\n<ul>\n<li>Tilisiirto tilille FI70 5741 3620 4424 56 Suunnistuskerho Pohjant\u00e4hti, viitenumero 7650<\/li>\n<li>Mobiilimaksu (Smartum, ePassi, Edenred)<\/li>\n<li>Liikuntasetelien tai tasarahan toimittaminen l\u00e4ht\u00f6paikan karttalaatikkoon<\/li>\n<\/ul>\n<p><strong>Kartat<\/strong><\/p>\n<p>Tapahtumien kartat ovat laadukkaita 1:4000 sprinttisuunnistuskarttoja. Omat muovit mukaan<\/p>\n<p><strong>Toiminta tapahtumapaikalla<\/strong><\/p>\n<p>Suosi polkupy\u00f6r\u00e4\u00e4, mutta muista\u00a0<a href=\"https:\/\/valostore.fi\/tuotteet\/polkupyoran_valaisimet_lamput\/\">valaisin<\/a>! Autolla saapuessasi parkkeeraa sallituille parkkipaikoille. Ei erillist\u00e4 pys\u00e4k\u00f6innin ohjausta. Suunnistaja voi j\u00e4tt\u00e4\u00e4 auton vaikka v\u00e4h\u00e4n kauemmaksi tapahtumapaikasta ruuhkien v\u00e4ltt\u00e4miseksi ja h\u00f6lkk\u00e4ill\u00e4 paikalle.<\/p>\n<p>Alkuverryttelyn j\u00e4lkeen tule suoraan l\u00e4ht\u00f6paikalle. L\u00e4ht\u00f6paikka ilmoitetaan tapahtuman erillisohjeissa. Ilmoita nimesi ja jos olet maksanut ennakkoon, voit ottaa kartan ja l\u00e4hte\u00e4 matkaan. J\u00e4t\u00e4 edelliseen l\u00e4htij\u00e4\u00e4n kohtuullinen v\u00e4li, mik\u00e4li l\u00e4ht\u00f6 ruuhkautuu.<\/p>\n<p>Huomioi liikenne ja muut liikkujat. \u00c4l\u00e4 ylit\u00e4 teit\u00e4 muualta kuin sallituista ylityspaikoista.<\/p>\n<p>Tarkista tapahtuman erillisohjeista, onko emitin purku maalissa. Jos ei ole, seuraa viitotusta emitin purkuun.<\/p>\n<p><strong>Kielletyt kohteet<\/strong><\/p>\n<p>Kaupunkialueella suunnistettaessa kartan kiellettyj\u00e4 kohteita on ehdottomasti kunnioitettava. Tutustuthan Suomen Suunnistusliiton sivuilla ohjeisiin\u00a0<a href=\"http:\/\/www.suunnistusliitto.fi\/kilpailu\/saannot-ja-ohjeet\/sprinttisuunnistuksen-kielletyt-kohteet\/\">karttaan merkityist\u00e4 kiellettyist\u00e4 kohteista<\/a><\/p>\n<p><strong>Tunnelmia aikaisemmilta vuosilta<\/strong><\/p>\n<ul>\n<li>Kalevan tilaajille: <a href=\"https:\/\/www.kaleva.fi\/otsalamppujen-kirkasta-kajoa-raksilan-marraskuises\/3100686\" target=\"_blank\" rel=\"noopener\"><span style=\"font-size: 16px;\">Ot\u00adsa\u00adlamp\u00adpu\u00adjen kir\u00adkas\u00adta kajoa Rak\u00adsi\u00adlan mar\u00adras\u00adkui\u00adses\u00adsa illassa \u2013\u2009&#8221;Pime\u00e4n ajan kau\u00adpun\u00adki\u00adsuun\u00adnis\u00adtuk\u00adses\u00adta on tullut viime vuosina hitti<\/span><\/a><\/li>\n<li>\n<p class=\"post-title entry-title\">Oulurasteilijan blogi: <a href=\"https:\/\/suunnistajana.blogspot.com\/2020\/11\/valostore-night-sprint-koskenniskan.html\" target=\"_blank\" rel=\"noopener\">Valostore Night Sprint, Koskenniskan kuohut 5.11.2020<\/a><\/p>\n<\/li>\n<\/ul>\n","protected":false},"excerpt":{"rendered":"<p>Marraskuinen lamppuseikkailu Oulun parhailla sprinttikartoilla Eliitti:\u00a0V\u00e4h\u00e4n p\u00e4\u00e4sarjan tavanomaista rataa pidempi sprinttirata, jolla haaste on viritetty tappiinsa. Katujen ja puistojen valtiaille! Aktiivi:\u00a0Sprinttihaastetta on t\u00e4ll\u00e4kin radalla, mutta aavistuksen v\u00e4hemm\u00e4n pituutta ja v\u00e4h\u00e4n maltillisempaa py\u00f6rityst\u00e4. Seikkailu:\u00a0Rata, jolla suunnistushaaste on aloittelijalle sopiva unohtamatta l\u00f6yt\u00e4misen riemua. Runsasrastiset, koko perheelle sopivat radat. Tapahtumaohje Tapahtumatiedot julkaistaan osoitteessa oulurastit.info Ilmoittautuminen Tapahtumiin ilmoittaudutaan ennalta [&hellip;]<\/p>\n","protected":false},"author":2,"featured_media":1572,"parent":0,"menu_order":0,"comment_status":"closed","ping_status":"closed","template":"elementor_theme","meta":{"site-sidebar-layout":"default","site-content-layout":"page-builder","ast-site-content-layout":"default","site-content-style":"default","site-sidebar-style":"default","ast-global-header-display":"","ast-banner-title-visibility":"","ast-main-header-display":"","ast-hfb-above-header-display":"","ast-hfb-below-header-display":"","ast-hfb-mobile-header-display":"","site-post-title":"disabled","ast-breadcrumbs-content":"","ast-featured-img":"","footer-sml-layout":"","ast-disable-related-posts":"","theme-transparent-header-meta":"default","adv-header-id-meta":"","stick-header-meta":"","header-above-stick-meta":"","header-main-stick-meta":"","header-below-stick-meta":"","astra-migrate-meta-layouts":"set","ast-page-background-enabled":"default","ast-page-background-meta":{"desktop":{"background-color":"","background-image":"","background-repeat":"repeat","background-position":"center center","background-size":"auto","background-attachment":"scroll","background-type":"","background-media":"","overlay-type":"","overlay-color":"","overlay-opacity":"","overlay-gradient":""},"tablet":{"background-color":"","background-image":"","background-repeat":"repeat","background-position":"center center","background-size":"auto","background-attachment":"scroll","background-type":"","background-media":"","overlay-type":"","overlay-color":"","overlay-opacity":"","overlay-gradient":""},"mobile":{"background-color":"","background-image":"","background-repeat":"repeat","background-position":"center center","background-size":"auto","background-attachment":"scroll","background-type":"","background-media":"","overlay-type":"","overlay-color":"","overlay-opacity":"","overlay-gradient":""}},"ast-content-background-meta":{"desktop":{"background-color":"var(--ast-global-color-5)","background-image":"","background-repeat":"repeat","background-position":"center center","background-size":"auto","background-attachment":"scroll","background-type":"","background-media":"","overlay-type":"","overlay-color":"","overlay-opacity":"","overlay-gradient":""},"tablet":{"background-color":"var(--ast-global-color-5)","background-image":"","background-repeat":"repeat","background-position":"center center","background-size":"auto","background-attachment":"scroll","background-type":"","background-media":"","overlay-type":"","overlay-color":"","overlay-opacity":"","overlay-gradient":""},"mobile":{"background-color":"var(--ast-global-color-5)","background-image":"","background-repeat":"repeat","background-position":"center center","background-size":"auto","background-attachment":"scroll","background-type":"","background-media":"","overlay-type":"","overlay-color":"","overlay-opacity":"","overlay-gradient":""}},"footnotes":""},"class_list":["post-1571","page","type-page","status-publish","has-post-thumbnail","hentry"],"yoast_head":"<!-- This site is optimized with the Yoast SEO plugin v27.2 - https:\/\/yoast.com\/product\/yoast-seo-wordpress\/ -->\n<title>Valostore Night Sprint - SK Pohjant\u00e4hti<\/title>\n<meta name=\"robots\" content=\"index, follow, max-snippet:-1, max-image-preview:large, max-video-preview:-1\" \/>\n<link rel=\"canonical\" href=\"https:\/\/skpohjantahti.fi\/index.php\/valostore-night-sprint\/\" \/>\n<meta property=\"og:locale\" content=\"fi_FI\" \/>\n<meta property=\"og:type\" content=\"article\" \/>\n<meta property=\"og:title\" content=\"Valostore Night Sprint - SK Pohjant\u00e4hti\" \/>\n<meta property=\"og:description\" content=\"Marraskuinen lamppuseikkailu Oulun parhailla sprinttikartoilla Eliitti:\u00a0V\u00e4h\u00e4n p\u00e4\u00e4sarjan tavanomaista rataa pidempi sprinttirata, jolla haaste on viritetty tappiinsa. Katujen ja puistojen valtiaille! Aktiivi:\u00a0Sprinttihaastetta on t\u00e4ll\u00e4kin radalla, mutta aavistuksen v\u00e4hemm\u00e4n pituutta ja v\u00e4h\u00e4n maltillisempaa py\u00f6rityst\u00e4. Seikkailu:\u00a0Rata, jolla suunnistushaaste on aloittelijalle sopiva unohtamatta l\u00f6yt\u00e4misen riemua. Runsasrastiset, koko perheelle sopivat radat. Tapahtumaohje Tapahtumatiedot julkaistaan osoitteessa oulurastit.info Ilmoittautuminen Tapahtumiin ilmoittaudutaan ennalta [&hellip;]\" \/>\n<meta property=\"og:url\" content=\"https:\/\/skpohjantahti.fi\/index.php\/valostore-night-sprint\/\" \/>\n<meta property=\"og:site_name\" content=\"SK Pohjant\u00e4hti\" \/>\n<meta property=\"article:publisher\" content=\"https:\/\/www.facebook.com\/skpohjantahti\" \/>\n<meta property=\"article:modified_time\" content=\"2025-11-09T09:11:49+00:00\" \/>\n<meta property=\"og:image\" content=\"https:\/\/skpohjantahti.fi\/uudet\/wp-content\/uploads\/2022\/10\/valobanneri.jpg\" \/>\n\t<meta property=\"og:image:width\" content=\"419\" \/>\n\t<meta property=\"og:image:height\" content=\"103\" \/>\n\t<meta property=\"og:image:type\" content=\"image\/jpeg\" \/>\n<meta name=\"twitter:card\" content=\"summary_large_image\" \/>\n<meta name=\"twitter:label1\" content=\"Arvioitu lukuaika\" \/>\n\t<meta name=\"twitter:data1\" content=\"3 minuuttia\" \/>\n<script type=\"application\/ld+json\" class=\"yoast-schema-graph\">{\"@context\":\"https:\/\/schema.org\",\"@graph\":[{\"@type\":\"WebPage\",\"@id\":\"https:\/\/skpohjantahti.fi\/index.php\/valostore-night-sprint\/\",\"url\":\"https:\/\/skpohjantahti.fi\/index.php\/valostore-night-sprint\/\",\"name\":\"Valostore Night Sprint - SK Pohjant\u00e4hti\",\"isPartOf\":{\"@id\":\"https:\/\/skpohjantahti.fi\/#website\"},\"primaryImageOfPage\":{\"@id\":\"https:\/\/skpohjantahti.fi\/index.php\/valostore-night-sprint\/#primaryimage\"},\"image\":{\"@id\":\"https:\/\/skpohjantahti.fi\/index.php\/valostore-night-sprint\/#primaryimage\"},\"thumbnailUrl\":\"https:\/\/skpohjantahti.fi\/uudet\/wp-content\/uploads\/2022\/10\/valobanneri.jpg\",\"datePublished\":\"2022-10-16T07:18:10+00:00\",\"dateModified\":\"2025-11-09T09:11:49+00:00\",\"breadcrumb\":{\"@id\":\"https:\/\/skpohjantahti.fi\/index.php\/valostore-night-sprint\/#breadcrumb\"},\"inLanguage\":\"fi\",\"potentialAction\":[{\"@type\":\"ReadAction\",\"target\":[\"https:\/\/skpohjantahti.fi\/index.php\/valostore-night-sprint\/\"]}]},{\"@type\":\"ImageObject\",\"inLanguage\":\"fi\",\"@id\":\"https:\/\/skpohjantahti.fi\/index.php\/valostore-night-sprint\/#primaryimage\",\"url\":\"https:\/\/skpohjantahti.fi\/uudet\/wp-content\/uploads\/2022\/10\/valobanneri.jpg\",\"contentUrl\":\"https:\/\/skpohjantahti.fi\/uudet\/wp-content\/uploads\/2022\/10\/valobanneri.jpg\",\"width\":419,\"height\":103},{\"@type\":\"BreadcrumbList\",\"@id\":\"https:\/\/skpohjantahti.fi\/index.php\/valostore-night-sprint\/#breadcrumb\",\"itemListElement\":[{\"@type\":\"ListItem\",\"position\":1,\"name\":\"Etusivu\",\"item\":\"https:\/\/skpohjantahti.fi\/\"},{\"@type\":\"ListItem\",\"position\":2,\"name\":\"Valostore Night Sprint\"}]},{\"@type\":\"WebSite\",\"@id\":\"https:\/\/skpohjantahti.fi\/#website\",\"url\":\"https:\/\/skpohjantahti.fi\/\",\"name\":\"SK Pohjant\u00e4hti\",\"description\":\"Oululainen suunnistusseura\",\"publisher\":{\"@id\":\"https:\/\/skpohjantahti.fi\/#organization\"},\"potentialAction\":[{\"@type\":\"SearchAction\",\"target\":{\"@type\":\"EntryPoint\",\"urlTemplate\":\"https:\/\/skpohjantahti.fi\/?s={search_term_string}\"},\"query-input\":{\"@type\":\"PropertyValueSpecification\",\"valueRequired\":true,\"valueName\":\"search_term_string\"}}],\"inLanguage\":\"fi\"},{\"@type\":\"Organization\",\"@id\":\"https:\/\/skpohjantahti.fi\/#organization\",\"name\":\"SK Pohjant\u00e4hti\",\"url\":\"https:\/\/skpohjantahti.fi\/\",\"logo\":{\"@type\":\"ImageObject\",\"inLanguage\":\"fi\",\"@id\":\"https:\/\/skpohjantahti.fi\/#\/schema\/logo\/image\/\",\"url\":\"https:\/\/skpohjantahti.fi\/uudet\/wp-content\/uploads\/2022\/04\/cropped-pohjantahti_log_netti_pieni.jpg\",\"contentUrl\":\"https:\/\/skpohjantahti.fi\/uudet\/wp-content\/uploads\/2022\/04\/cropped-pohjantahti_log_netti_pieni.jpg\",\"width\":198,\"height\":66,\"caption\":\"SK Pohjant\u00e4hti\"},\"image\":{\"@id\":\"https:\/\/skpohjantahti.fi\/#\/schema\/logo\/image\/\"},\"sameAs\":[\"https:\/\/www.facebook.com\/skpohjantahti\",\"https:\/\/www.instagram.com\/sk_pohjantahti\/\"]}]}<\/script>\n<!-- \/ Yoast SEO plugin. -->","yoast_head_json":{"title":"Valostore Night Sprint - SK Pohjant\u00e4hti","robots":{"index":"index","follow":"follow","max-snippet":"max-snippet:-1","max-image-preview":"max-image-preview:large","max-video-preview":"max-video-preview:-1"},"canonical":"https:\/\/skpohjantahti.fi\/index.php\/valostore-night-sprint\/","og_locale":"fi_FI","og_type":"article","og_title":"Valostore Night Sprint - SK Pohjant\u00e4hti","og_description":"Marraskuinen lamppuseikkailu Oulun parhailla sprinttikartoilla Eliitti:\u00a0V\u00e4h\u00e4n p\u00e4\u00e4sarjan tavanomaista rataa pidempi sprinttirata, jolla haaste on viritetty tappiinsa. Katujen ja puistojen valtiaille! Aktiivi:\u00a0Sprinttihaastetta on t\u00e4ll\u00e4kin radalla, mutta aavistuksen v\u00e4hemm\u00e4n pituutta ja v\u00e4h\u00e4n maltillisempaa py\u00f6rityst\u00e4. Seikkailu:\u00a0Rata, jolla suunnistushaaste on aloittelijalle sopiva unohtamatta l\u00f6yt\u00e4misen riemua. Runsasrastiset, koko perheelle sopivat radat. Tapahtumaohje Tapahtumatiedot julkaistaan osoitteessa oulurastit.info Ilmoittautuminen Tapahtumiin ilmoittaudutaan ennalta [&hellip;]","og_url":"https:\/\/skpohjantahti.fi\/index.php\/valostore-night-sprint\/","og_site_name":"SK Pohjant\u00e4hti","article_publisher":"https:\/\/www.facebook.com\/skpohjantahti","article_modified_time":"2025-11-09T09:11:49+00:00","og_image":[{"width":419,"height":103,"url":"https:\/\/skpohjantahti.fi\/uudet\/wp-content\/uploads\/2022\/10\/valobanneri.jpg","type":"image\/jpeg"}],"twitter_card":"summary_large_image","twitter_misc":{"Arvioitu lukuaika":"3 minuuttia"},"schema":{"@context":"https:\/\/schema.org","@graph":[{"@type":"WebPage","@id":"https:\/\/skpohjantahti.fi\/index.php\/valostore-night-sprint\/","url":"https:\/\/skpohjantahti.fi\/index.php\/valostore-night-sprint\/","name":"Valostore Night Sprint - SK Pohjant\u00e4hti","isPartOf":{"@id":"https:\/\/skpohjantahti.fi\/#website"},"primaryImageOfPage":{"@id":"https:\/\/skpohjantahti.fi\/index.php\/valostore-night-sprint\/#primaryimage"},"image":{"@id":"https:\/\/skpohjantahti.fi\/index.php\/valostore-night-sprint\/#primaryimage"},"thumbnailUrl":"https:\/\/skpohjantahti.fi\/uudet\/wp-content\/uploads\/2022\/10\/valobanneri.jpg","datePublished":"2022-10-16T07:18:10+00:00","dateModified":"2025-11-09T09:11:49+00:00","breadcrumb":{"@id":"https:\/\/skpohjantahti.fi\/index.php\/valostore-night-sprint\/#breadcrumb"},"inLanguage":"fi","potentialAction":[{"@type":"ReadAction","target":["https:\/\/skpohjantahti.fi\/index.php\/valostore-night-sprint\/"]}]},{"@type":"ImageObject","inLanguage":"fi","@id":"https:\/\/skpohjantahti.fi\/index.php\/valostore-night-sprint\/#primaryimage","url":"https:\/\/skpohjantahti.fi\/uudet\/wp-content\/uploads\/2022\/10\/valobanneri.jpg","contentUrl":"https:\/\/skpohjantahti.fi\/uudet\/wp-content\/uploads\/2022\/10\/valobanneri.jpg","width":419,"height":103},{"@type":"BreadcrumbList","@id":"https:\/\/skpohjantahti.fi\/index.php\/valostore-night-sprint\/#breadcrumb","itemListElement":[{"@type":"ListItem","position":1,"name":"Etusivu","item":"https:\/\/skpohjantahti.fi\/"},{"@type":"ListItem","position":2,"name":"Valostore Night Sprint"}]},{"@type":"WebSite","@id":"https:\/\/skpohjantahti.fi\/#website","url":"https:\/\/skpohjantahti.fi\/","name":"SK Pohjant\u00e4hti","description":"Oululainen suunnistusseura","publisher":{"@id":"https:\/\/skpohjantahti.fi\/#organization"},"potentialAction":[{"@type":"SearchAction","target":{"@type":"EntryPoint","urlTemplate":"https:\/\/skpohjantahti.fi\/?s={search_term_string}"},"query-input":{"@type":"PropertyValueSpecification","valueRequired":true,"valueName":"search_term_string"}}],"inLanguage":"fi"},{"@type":"Organization","@id":"https:\/\/skpohjantahti.fi\/#organization","name":"SK Pohjant\u00e4hti","url":"https:\/\/skpohjantahti.fi\/","logo":{"@type":"ImageObject","inLanguage":"fi","@id":"https:\/\/skpohjantahti.fi\/#\/schema\/logo\/image\/","url":"https:\/\/skpohjantahti.fi\/uudet\/wp-content\/uploads\/2022\/04\/cropped-pohjantahti_log_netti_pieni.jpg","contentUrl":"https:\/\/skpohjantahti.fi\/uudet\/wp-content\/uploads\/2022\/04\/cropped-pohjantahti_log_netti_pieni.jpg","width":198,"height":66,"caption":"SK Pohjant\u00e4hti"},"image":{"@id":"https:\/\/skpohjantahti.fi\/#\/schema\/logo\/image\/"},"sameAs":["https:\/\/www.facebook.com\/skpohjantahti","https:\/\/www.instagram.com\/sk_pohjantahti\/"]}]}},"_links":{"self":[{"href":"https:\/\/skpohjantahti.fi\/index.php\/wp-json\/wp\/v2\/pages\/1571","targetHints":{"allow":["GET"]}}],"collection":[{"href":"https:\/\/skpohjantahti.fi\/index.php\/wp-json\/wp\/v2\/pages"}],"about":[{"href":"https:\/\/skpohjantahti.fi\/index.php\/wp-json\/wp\/v2\/types\/page"}],"author":[{"embeddable":true,"href":"https:\/\/skpohjantahti.fi\/index.php\/wp-json\/wp\/v2\/users\/2"}],"replies":[{"embeddable":true,"href":"https:\/\/skpohjantahti.fi\/index.php\/wp-json\/wp\/v2\/comments?post=1571"}],"version-history":[{"count":22,"href":"https:\/\/skpohjantahti.fi\/index.php\/wp-json\/wp\/v2\/pages\/1571\/revisions"}],"predecessor-version":[{"id":5345,"href":"https:\/\/skpohjantahti.fi\/index.php\/wp-json\/wp\/v2\/pages\/1571\/revisions\/5345"}],"wp:featuredmedia":[{"embeddable":true,"href":"https:\/\/skpohjantahti.fi\/index.php\/wp-json\/wp\/v2\/media\/1572"}],"wp:attachment":[{"href":"https:\/\/skpohjantahti.fi\/index.php\/wp-json\/wp\/v2\/media?parent=1571"}],"curies":[{"name":"wp","href":"https:\/\/api.w.org\/{rel}","templated":true}]}}