{"id":1659,"date":"2022-11-02T16:10:55","date_gmt":"2022-11-02T16:10:55","guid":{"rendered":"https:\/\/skpohjantahti.fi\/?page_id=1659"},"modified":"2022-11-09T09:15:47","modified_gmt":"2022-11-09T09:15:47","slug":"elementor-1659","status":"publish","type":"page","link":"https:\/\/skpohjantahti.fi\/index.php\/elementor-1659\/","title":{"rendered":"Elementor #1659"},"content":{"rendered":"\t\t<div data-elementor-type=\"wp-page\" data-elementor-id=\"1659\" class=\"elementor elementor-1659\">\n\t\t\t\t\t\t<section class=\"elementor-section elementor-top-section elementor-element elementor-element-4e3bb68 elementor-section-boxed elementor-section-height-default elementor-section-height-default\" data-id=\"4e3bb68\" data-element_type=\"section\">\n\t\t\t\t\t\t<div class=\"elementor-container elementor-column-gap-default\">\n\t\t\t\t\t<div class=\"elementor-column elementor-col-100 elementor-top-column elementor-element elementor-element-66dd40d\" data-id=\"66dd40d\" data-element_type=\"column\">\n\t\t\t<div class=\"elementor-widget-wrap\">\n\t\t\t\t\t\t\t<\/div>\n\t\t<\/div>\n\t\t\t\t\t<\/div>\n\t\t<\/section>\n\t\t\t\t<section class=\"elementor-section elementor-top-section elementor-element elementor-element-ee1775a elementor-section-boxed elementor-section-height-default elementor-section-height-default\" data-id=\"ee1775a\" data-element_type=\"section\">\n\t\t\t\t\t\t<div class=\"elementor-container elementor-column-gap-default\">\n\t\t\t\t\t<div class=\"elementor-column elementor-col-100 elementor-top-column elementor-element elementor-element-aacd123\" data-id=\"aacd123\" data-element_type=\"column\">\n\t\t\t<div class=\"elementor-widget-wrap elementor-element-populated\">\n\t\t\t\t\t\t<div class=\"elementor-element elementor-element-86a4ec1 elementor-widget elementor-widget-heading\" data-id=\"86a4ec1\" data-element_type=\"widget\" data-widget_type=\"heading.default\">\n\t\t\t\t<div class=\"elementor-widget-container\">\n\t\t\t\t\t<h2 class=\"elementor-heading-title elementor-size-default\">VNS Ritaharju<\/h2>\t\t\t\t<\/div>\n\t\t\t\t<\/div>\n\t\t\t\t\t<\/div>\n\t\t<\/div>\n\t\t\t\t\t<\/div>\n\t\t<\/section>\n\t\t\t\t<section class=\"elementor-section elementor-top-section elementor-element elementor-element-ea31341 elementor-section-boxed elementor-section-height-default elementor-section-height-default\" data-id=\"ea31341\" data-element_type=\"section\">\n\t\t\t\t\t\t<div class=\"elementor-container elementor-column-gap-default\">\n\t\t\t\t\t<div class=\"elementor-column elementor-col-100 elementor-top-column elementor-element elementor-element-e6dcdd4\" data-id=\"e6dcdd4\" data-element_type=\"column\">\n\t\t\t<div class=\"elementor-widget-wrap elementor-element-populated\">\n\t\t\t\t\t\t<div class=\"elementor-element elementor-element-6ab7bf1 elementor-widget elementor-widget-image\" data-id=\"6ab7bf1\" data-element_type=\"widget\" data-widget_type=\"image.default\">\n\t\t\t\t<div class=\"elementor-widget-container\">\n\t\t\t\t\t\t\t\t\t\t\t\t\t\t\t<img fetchpriority=\"high\" decoding=\"async\" width=\"768\" height=\"615\" src=\"https:\/\/skpohjantahti.fi\/uudet\/wp-content\/uploads\/2022\/11\/Ritainfo-768x615.jpg\" class=\"attachment-medium_large size-medium_large wp-image-1660\" alt=\"\" srcset=\"https:\/\/skpohjantahti.fi\/uudet\/wp-content\/uploads\/2022\/11\/Ritainfo-768x615.jpg 768w, https:\/\/skpohjantahti.fi\/uudet\/wp-content\/uploads\/2022\/11\/Ritainfo-300x240.jpg 300w, https:\/\/skpohjantahti.fi\/uudet\/wp-content\/uploads\/2022\/11\/Ritainfo-1024x820.jpg 1024w, https:\/\/skpohjantahti.fi\/uudet\/wp-content\/uploads\/2022\/11\/Ritainfo.jpg 1254w\" sizes=\"(max-width: 768px) 100vw, 768px\" \/>\t\t\t\t\t\t\t\t\t\t\t\t\t\t\t<\/div>\n\t\t\t\t<\/div>\n\t\t\t\t\t<\/div>\n\t\t<\/div>\n\t\t\t\t\t<\/div>\n\t\t<\/section>\n\t\t\t\t<section class=\"elementor-section elementor-top-section elementor-element elementor-element-939b19f elementor-section-boxed elementor-section-height-default elementor-section-height-default\" data-id=\"939b19f\" data-element_type=\"section\">\n\t\t\t\t\t\t<div class=\"elementor-container elementor-column-gap-default\">\n\t\t\t\t\t<div class=\"elementor-column elementor-col-100 elementor-top-column elementor-element elementor-element-1a67141\" data-id=\"1a67141\" data-element_type=\"column\">\n\t\t\t<div class=\"elementor-widget-wrap elementor-element-populated\">\n\t\t\t\t\t\t<div class=\"elementor-element elementor-element-aa7c98c elementor-widget elementor-widget-text-editor\" data-id=\"aa7c98c\" data-element_type=\"widget\" data-widget_type=\"text-editor.default\">\n\t\t\t\t<div class=\"elementor-widget-container\">\n\t\t\t\t\t\t\t\t\t<p><b>Radat<\/b><\/p>\n<p>Eliitti 3,7km, 24 rastia <b>Huom! Kartank\u00e4\u00e4nt\u00f6<\/b><\/p>\n<p>Aktiivi 3,2km, 16 rastia<\/p>\n<p>Seikkailu 1,5km, 13 rastia<\/p>\n<p><b>Kartta<\/b><\/p>\n<p>Eliitti 1:4000 \/ 2m, Muut radat 1:3000 \/ 2m. Kartoittaja Petri Karjalainen 2022.<\/p>\n<p><b>Ohjeet<\/b><\/p>\n<p>Info ja l\u00e4ht\u00f6 ovat Rita-aukion koulun ja Ritaharjun K-marketin v\u00e4liss\u00e4 osoitteessa Rita-aukiontie 6.. Jos tulet paikalle autolla, auton voi pys\u00e4k\u00f6id\u00e4 alueelta l\u00f6ytyville parkkipaikoille liikennes\u00e4\u00e4nt\u00f6j\u00e4 noudattaen. <b>\u00c4l\u00e4 kuitenkaan pys\u00e4k\u00f6i Rita-aukion tai Ritaharjun koulun parkkipaikoille, sill\u00e4 ne ovat suunnistusaluetta.&nbsp;<\/b><\/p>\n<p>Radat ylitt\u00e4v\u00e4t Rita-aukiontien. Seikkailuradalla ylitys on ohjattu suojatiet\u00e4 pitkin. Muilla radoilla ylityksess\u00e4 on syyt\u00e4 k\u00e4ytt\u00e4\u00e4 erityist\u00e4 varovaisuutta.<\/p>\n<p><\/p>\t\t\t\t\t\t\t\t<\/div>\n\t\t\t\t<\/div>\n\t\t\t\t\t<\/div>\n\t\t<\/div>\n\t\t\t\t\t<\/div>\n\t\t<\/section>\n\t\t\t\t<\/div>\n\t\t","protected":false},"excerpt":{"rendered":"<p>VNS Ritaharju Radat Eliitti 3,7km, 24 rastia Huom! Kartank\u00e4\u00e4nt\u00f6 Aktiivi 3,2km, 16 rastia Seikkailu 1,5km, 13 rastia Kartta Eliitti 1:4000 \/ 2m, Muut radat 1:3000 \/ 2m. Kartoittaja Petri Karjalainen 2022. Ohjeet Info ja l\u00e4ht\u00f6 ovat Rita-aukion koulun ja Ritaharjun K-marketin v\u00e4liss\u00e4 osoitteessa Rita-aukiontie 6.. Jos tulet paikalle autolla, auton voi pys\u00e4k\u00f6id\u00e4 alueelta l\u00f6ytyville parkkipaikoille [&hellip;]<\/p>\n","protected":false},"author":2,"featured_media":0,"parent":0,"menu_order":0,"comment_status":"closed","ping_status":"closed","template":"","meta":{"site-sidebar-layout":"no-sidebar","site-content-layout":"page-builder","ast-site-content-layout":"default","site-content-style":"default","site-sidebar-style":"default","ast-global-header-display":"","ast-banner-title-visibility":"","ast-main-header-display":"","ast-hfb-above-header-display":"","ast-hfb-below-header-display":"","ast-hfb-mobile-header-display":"","site-post-title":"disabled","ast-breadcrumbs-content":"","ast-featured-img":"disabled","footer-sml-layout":"","ast-disable-related-posts":"","theme-transparent-header-meta":"","adv-header-id-meta":"","stick-header-meta":"","header-above-stick-meta":"","header-main-stick-meta":"","header-below-stick-meta":"","astra-migrate-meta-layouts":"default","ast-page-background-enabled":"default","ast-page-background-meta":{"desktop":{"background-color":"","background-image":"","background-repeat":"repeat","background-position":"center center","background-size":"auto","background-attachment":"scroll","background-type":"","background-media":"","overlay-type":"","overlay-color":"","overlay-opacity":"","overlay-gradient":""},"tablet":{"background-color":"","background-image":"","background-repeat":"repeat","background-position":"center center","background-size":"auto","background-attachment":"scroll","background-type":"","background-media":"","overlay-type":"","overlay-color":"","overlay-opacity":"","overlay-gradient":""},"mobile":{"background-color":"","background-image":"","background-repeat":"repeat","background-position":"center center","background-size":"auto","background-attachment":"scroll","background-type":"","background-media":"","overlay-type":"","overlay-color":"","overlay-opacity":"","overlay-gradient":""}},"ast-content-background-meta":{"desktop":{"background-color":"var(--ast-global-color-5)","background-image":"","background-repeat":"repeat","background-position":"center center","background-size":"auto","background-attachment":"scroll","background-type":"","background-media":"","overlay-type":"","overlay-color":"","overlay-opacity":"","overlay-gradient":""},"tablet":{"background-color":"var(--ast-global-color-5)","background-image":"","background-repeat":"repeat","background-position":"center center","background-size":"auto","background-attachment":"scroll","background-type":"","background-media":"","overlay-type":"","overlay-color":"","overlay-opacity":"","overlay-gradient":""},"mobile":{"background-color":"var(--ast-global-color-5)","background-image":"","background-repeat":"repeat","background-position":"center center","background-size":"auto","background-attachment":"scroll","background-type":"","background-media":"","overlay-type":"","overlay-color":"","overlay-opacity":"","overlay-gradient":""}},"footnotes":""},"class_list":["post-1659","page","type-page","status-publish","hentry"],"yoast_head":"<!-- This site is optimized with the Yoast SEO plugin v27.2 - https:\/\/yoast.com\/product\/yoast-seo-wordpress\/ -->\n<title>Elementor #1659 - SK Pohjant\u00e4hti<\/title>\n<meta name=\"robots\" content=\"index, follow, max-snippet:-1, max-image-preview:large, max-video-preview:-1\" \/>\n<link rel=\"canonical\" href=\"https:\/\/skpohjantahti.fi\/index.php\/elementor-1659\/\" \/>\n<meta property=\"og:locale\" content=\"fi_FI\" \/>\n<meta property=\"og:type\" content=\"article\" \/>\n<meta property=\"og:title\" content=\"Elementor #1659 - SK Pohjant\u00e4hti\" \/>\n<meta property=\"og:description\" content=\"VNS Ritaharju Radat Eliitti 3,7km, 24 rastia Huom! Kartank\u00e4\u00e4nt\u00f6 Aktiivi 3,2km, 16 rastia Seikkailu 1,5km, 13 rastia Kartta Eliitti 1:4000 \/ 2m, Muut radat 1:3000 \/ 2m. Kartoittaja Petri Karjalainen 2022. Ohjeet Info ja l\u00e4ht\u00f6 ovat Rita-aukion koulun ja Ritaharjun K-marketin v\u00e4liss\u00e4 osoitteessa Rita-aukiontie 6.. Jos tulet paikalle autolla, auton voi pys\u00e4k\u00f6id\u00e4 alueelta l\u00f6ytyville parkkipaikoille [&hellip;]\" \/>\n<meta property=\"og:url\" content=\"https:\/\/skpohjantahti.fi\/index.php\/elementor-1659\/\" \/>\n<meta property=\"og:site_name\" content=\"SK Pohjant\u00e4hti\" \/>\n<meta property=\"article:publisher\" content=\"https:\/\/www.facebook.com\/skpohjantahti\" \/>\n<meta property=\"article:modified_time\" content=\"2022-11-09T09:15:47+00:00\" \/>\n<meta property=\"og:image\" content=\"https:\/\/skpohjantahti.fi\/uudet\/wp-content\/uploads\/2022\/11\/Ritainfo-768x615.jpg\" \/>\n<meta name=\"twitter:card\" content=\"summary_large_image\" \/>\n<script type=\"application\/ld+json\" class=\"yoast-schema-graph\">{\"@context\":\"https:\/\/schema.org\",\"@graph\":[{\"@type\":\"WebPage\",\"@id\":\"https:\/\/skpohjantahti.fi\/index.php\/elementor-1659\/\",\"url\":\"https:\/\/skpohjantahti.fi\/index.php\/elementor-1659\/\",\"name\":\"Elementor #1659 - SK Pohjant\u00e4hti\",\"isPartOf\":{\"@id\":\"https:\/\/skpohjantahti.fi\/#website\"},\"primaryImageOfPage\":{\"@id\":\"https:\/\/skpohjantahti.fi\/index.php\/elementor-1659\/#primaryimage\"},\"image\":{\"@id\":\"https:\/\/skpohjantahti.fi\/index.php\/elementor-1659\/#primaryimage\"},\"thumbnailUrl\":\"https:\/\/skpohjantahti.fi\/uudet\/wp-content\/uploads\/2022\/11\/Ritainfo-768x615.jpg\",\"datePublished\":\"2022-11-02T16:10:55+00:00\",\"dateModified\":\"2022-11-09T09:15:47+00:00\",\"breadcrumb\":{\"@id\":\"https:\/\/skpohjantahti.fi\/index.php\/elementor-1659\/#breadcrumb\"},\"inLanguage\":\"fi\",\"potentialAction\":[{\"@type\":\"ReadAction\",\"target\":[\"https:\/\/skpohjantahti.fi\/index.php\/elementor-1659\/\"]}]},{\"@type\":\"ImageObject\",\"inLanguage\":\"fi\",\"@id\":\"https:\/\/skpohjantahti.fi\/index.php\/elementor-1659\/#primaryimage\",\"url\":\"https:\/\/skpohjantahti.fi\/uudet\/wp-content\/uploads\/2022\/11\/Ritainfo.jpg\",\"contentUrl\":\"https:\/\/skpohjantahti.fi\/uudet\/wp-content\/uploads\/2022\/11\/Ritainfo.jpg\",\"width\":1254,\"height\":1004},{\"@type\":\"BreadcrumbList\",\"@id\":\"https:\/\/skpohjantahti.fi\/index.php\/elementor-1659\/#breadcrumb\",\"itemListElement\":[{\"@type\":\"ListItem\",\"position\":1,\"name\":\"Etusivu\",\"item\":\"https:\/\/skpohjantahti.fi\/\"},{\"@type\":\"ListItem\",\"position\":2,\"name\":\"Elementor #1659\"}]},{\"@type\":\"WebSite\",\"@id\":\"https:\/\/skpohjantahti.fi\/#website\",\"url\":\"https:\/\/skpohjantahti.fi\/\",\"name\":\"SK Pohjant\u00e4hti\",\"description\":\"Oululainen suunnistusseura\",\"publisher\":{\"@id\":\"https:\/\/skpohjantahti.fi\/#organization\"},\"potentialAction\":[{\"@type\":\"SearchAction\",\"target\":{\"@type\":\"EntryPoint\",\"urlTemplate\":\"https:\/\/skpohjantahti.fi\/?s={search_term_string}\"},\"query-input\":{\"@type\":\"PropertyValueSpecification\",\"valueRequired\":true,\"valueName\":\"search_term_string\"}}],\"inLanguage\":\"fi\"},{\"@type\":\"Organization\",\"@id\":\"https:\/\/skpohjantahti.fi\/#organization\",\"name\":\"SK Pohjant\u00e4hti\",\"url\":\"https:\/\/skpohjantahti.fi\/\",\"logo\":{\"@type\":\"ImageObject\",\"inLanguage\":\"fi\",\"@id\":\"https:\/\/skpohjantahti.fi\/#\/schema\/logo\/image\/\",\"url\":\"https:\/\/skpohjantahti.fi\/uudet\/wp-content\/uploads\/2022\/04\/cropped-pohjantahti_log_netti_pieni.jpg\",\"contentUrl\":\"https:\/\/skpohjantahti.fi\/uudet\/wp-content\/uploads\/2022\/04\/cropped-pohjantahti_log_netti_pieni.jpg\",\"width\":198,\"height\":66,\"caption\":\"SK Pohjant\u00e4hti\"},\"image\":{\"@id\":\"https:\/\/skpohjantahti.fi\/#\/schema\/logo\/image\/\"},\"sameAs\":[\"https:\/\/www.facebook.com\/skpohjantahti\",\"https:\/\/www.instagram.com\/sk_pohjantahti\/\"]}]}<\/script>\n<!-- \/ Yoast SEO plugin. -->","yoast_head_json":{"title":"Elementor #1659 - SK Pohjant\u00e4hti","robots":{"index":"index","follow":"follow","max-snippet":"max-snippet:-1","max-image-preview":"max-image-preview:large","max-video-preview":"max-video-preview:-1"},"canonical":"https:\/\/skpohjantahti.fi\/index.php\/elementor-1659\/","og_locale":"fi_FI","og_type":"article","og_title":"Elementor #1659 - SK Pohjant\u00e4hti","og_description":"VNS Ritaharju Radat Eliitti 3,7km, 24 rastia Huom! Kartank\u00e4\u00e4nt\u00f6 Aktiivi 3,2km, 16 rastia Seikkailu 1,5km, 13 rastia Kartta Eliitti 1:4000 \/ 2m, Muut radat 1:3000 \/ 2m. Kartoittaja Petri Karjalainen 2022. Ohjeet Info ja l\u00e4ht\u00f6 ovat Rita-aukion koulun ja Ritaharjun K-marketin v\u00e4liss\u00e4 osoitteessa Rita-aukiontie 6.. Jos tulet paikalle autolla, auton voi pys\u00e4k\u00f6id\u00e4 alueelta l\u00f6ytyville parkkipaikoille [&hellip;]","og_url":"https:\/\/skpohjantahti.fi\/index.php\/elementor-1659\/","og_site_name":"SK Pohjant\u00e4hti","article_publisher":"https:\/\/www.facebook.com\/skpohjantahti","article_modified_time":"2022-11-09T09:15:47+00:00","og_image":[{"url":"https:\/\/skpohjantahti.fi\/uudet\/wp-content\/uploads\/2022\/11\/Ritainfo-768x615.jpg","type":"","width":"","height":""}],"twitter_card":"summary_large_image","schema":{"@context":"https:\/\/schema.org","@graph":[{"@type":"WebPage","@id":"https:\/\/skpohjantahti.fi\/index.php\/elementor-1659\/","url":"https:\/\/skpohjantahti.fi\/index.php\/elementor-1659\/","name":"Elementor #1659 - SK Pohjant\u00e4hti","isPartOf":{"@id":"https:\/\/skpohjantahti.fi\/#website"},"primaryImageOfPage":{"@id":"https:\/\/skpohjantahti.fi\/index.php\/elementor-1659\/#primaryimage"},"image":{"@id":"https:\/\/skpohjantahti.fi\/index.php\/elementor-1659\/#primaryimage"},"thumbnailUrl":"https:\/\/skpohjantahti.fi\/uudet\/wp-content\/uploads\/2022\/11\/Ritainfo-768x615.jpg","datePublished":"2022-11-02T16:10:55+00:00","dateModified":"2022-11-09T09:15:47+00:00","breadcrumb":{"@id":"https:\/\/skpohjantahti.fi\/index.php\/elementor-1659\/#breadcrumb"},"inLanguage":"fi","potentialAction":[{"@type":"ReadAction","target":["https:\/\/skpohjantahti.fi\/index.php\/elementor-1659\/"]}]},{"@type":"ImageObject","inLanguage":"fi","@id":"https:\/\/skpohjantahti.fi\/index.php\/elementor-1659\/#primaryimage","url":"https:\/\/skpohjantahti.fi\/uudet\/wp-content\/uploads\/2022\/11\/Ritainfo.jpg","contentUrl":"https:\/\/skpohjantahti.fi\/uudet\/wp-content\/uploads\/2022\/11\/Ritainfo.jpg","width":1254,"height":1004},{"@type":"BreadcrumbList","@id":"https:\/\/skpohjantahti.fi\/index.php\/elementor-1659\/#breadcrumb","itemListElement":[{"@type":"ListItem","position":1,"name":"Etusivu","item":"https:\/\/skpohjantahti.fi\/"},{"@type":"ListItem","position":2,"name":"Elementor #1659"}]},{"@type":"WebSite","@id":"https:\/\/skpohjantahti.fi\/#website","url":"https:\/\/skpohjantahti.fi\/","name":"SK Pohjant\u00e4hti","description":"Oululainen suunnistusseura","publisher":{"@id":"https:\/\/skpohjantahti.fi\/#organization"},"potentialAction":[{"@type":"SearchAction","target":{"@type":"EntryPoint","urlTemplate":"https:\/\/skpohjantahti.fi\/?s={search_term_string}"},"query-input":{"@type":"PropertyValueSpecification","valueRequired":true,"valueName":"search_term_string"}}],"inLanguage":"fi"},{"@type":"Organization","@id":"https:\/\/skpohjantahti.fi\/#organization","name":"SK Pohjant\u00e4hti","url":"https:\/\/skpohjantahti.fi\/","logo":{"@type":"ImageObject","inLanguage":"fi","@id":"https:\/\/skpohjantahti.fi\/#\/schema\/logo\/image\/","url":"https:\/\/skpohjantahti.fi\/uudet\/wp-content\/uploads\/2022\/04\/cropped-pohjantahti_log_netti_pieni.jpg","contentUrl":"https:\/\/skpohjantahti.fi\/uudet\/wp-content\/uploads\/2022\/04\/cropped-pohjantahti_log_netti_pieni.jpg","width":198,"height":66,"caption":"SK Pohjant\u00e4hti"},"image":{"@id":"https:\/\/skpohjantahti.fi\/#\/schema\/logo\/image\/"},"sameAs":["https:\/\/www.facebook.com\/skpohjantahti","https:\/\/www.instagram.com\/sk_pohjantahti\/"]}]}},"_links":{"self":[{"href":"https:\/\/skpohjantahti.fi\/index.php\/wp-json\/wp\/v2\/pages\/1659","targetHints":{"allow":["GET"]}}],"collection":[{"href":"https:\/\/skpohjantahti.fi\/index.php\/wp-json\/wp\/v2\/pages"}],"about":[{"href":"https:\/\/skpohjantahti.fi\/index.php\/wp-json\/wp\/v2\/types\/page"}],"author":[{"embeddable":true,"href":"https:\/\/skpohjantahti.fi\/index.php\/wp-json\/wp\/v2\/users\/2"}],"replies":[{"embeddable":true,"href":"https:\/\/skpohjantahti.fi\/index.php\/wp-json\/wp\/v2\/comments?post=1659"}],"version-history":[{"count":9,"href":"https:\/\/skpohjantahti.fi\/index.php\/wp-json\/wp\/v2\/pages\/1659\/revisions"}],"predecessor-version":[{"id":1715,"href":"https:\/\/skpohjantahti.fi\/index.php\/wp-json\/wp\/v2\/pages\/1659\/revisions\/1715"}],"wp:attachment":[{"href":"https:\/\/skpohjantahti.fi\/index.php\/wp-json\/wp\/v2\/media?parent=1659"}],"curies":[{"name":"wp","href":"https:\/\/api.w.org\/{rel}","templated":true}]}}