{"id":1734,"date":"2022-11-13T14:51:57","date_gmt":"2022-11-13T14:51:57","guid":{"rendered":"https:\/\/skpohjantahti.fi\/?page_id=1734"},"modified":"2023-12-11T13:43:09","modified_gmt":"2023-12-11T13:43:09","slug":"talvisarja22-23","status":"publish","type":"page","link":"https:\/\/skpohjantahti.fi\/index.php\/talvisarja22-23\/","title":{"rendered":"Talvisarja 22-23"},"content":{"rendered":"\t\t<div data-elementor-type=\"wp-page\" data-elementor-id=\"1734\" class=\"elementor elementor-1734\">\n\t\t\t\t\t\t<section class=\"elementor-section elementor-top-section elementor-element elementor-element-bd8f865 elementor-section-boxed elementor-section-height-default elementor-section-height-default\" data-id=\"bd8f865\" data-element_type=\"section\">\n\t\t\t\t\t\t<div class=\"elementor-container elementor-column-gap-default\">\n\t\t\t\t\t<div class=\"elementor-column elementor-col-100 elementor-top-column elementor-element elementor-element-3fdc805\" data-id=\"3fdc805\" data-element_type=\"column\">\n\t\t\t<div class=\"elementor-widget-wrap elementor-element-populated\">\n\t\t\t\t\t\t<div class=\"elementor-element elementor-element-72b5f65 elementor-widget elementor-widget-heading\" data-id=\"72b5f65\" data-element_type=\"widget\" data-widget_type=\"heading.default\">\n\t\t\t\t<div class=\"elementor-widget-container\">\n\t\t\t\t\t<h2 class=\"elementor-heading-title elementor-size-default\">Talvisarja<\/h2>\t\t\t\t<\/div>\n\t\t\t\t<\/div>\n\t\t\t\t\t<\/div>\n\t\t<\/div>\n\t\t\t\t\t<\/div>\n\t\t<\/section>\n\t\t\t\t<section class=\"elementor-section elementor-top-section elementor-element elementor-element-79396bb elementor-section-boxed elementor-section-height-default elementor-section-height-default\" data-id=\"79396bb\" data-element_type=\"section\">\n\t\t\t\t\t\t<div class=\"elementor-container elementor-column-gap-default\">\n\t\t\t\t\t<div class=\"elementor-column elementor-col-100 elementor-top-column elementor-element elementor-element-3223789\" data-id=\"3223789\" data-element_type=\"column\">\n\t\t\t<div class=\"elementor-widget-wrap elementor-element-populated\">\n\t\t\t\t\t\t<div class=\"elementor-element elementor-element-86138f5 elementor-widget elementor-widget-image\" data-id=\"86138f5\" data-element_type=\"widget\" data-widget_type=\"image.default\">\n\t\t\t\t<div class=\"elementor-widget-container\">\n\t\t\t\t\t\t\t\t\t\t\t\t\t\t\t<img fetchpriority=\"high\" decoding=\"async\" width=\"1024\" height=\"142\" src=\"https:\/\/skpohjantahti.fi\/uudet\/wp-content\/uploads\/2023\/01\/talvisa-1024x142.jpg\" class=\"attachment-large size-large wp-image-2387\" alt=\"\" srcset=\"https:\/\/skpohjantahti.fi\/uudet\/wp-content\/uploads\/2023\/01\/talvisa-1024x142.jpg 1024w, https:\/\/skpohjantahti.fi\/uudet\/wp-content\/uploads\/2023\/01\/talvisa-300x41.jpg 300w, https:\/\/skpohjantahti.fi\/uudet\/wp-content\/uploads\/2023\/01\/talvisa-768x106.jpg 768w, https:\/\/skpohjantahti.fi\/uudet\/wp-content\/uploads\/2023\/01\/talvisa-1536x212.jpg 1536w, https:\/\/skpohjantahti.fi\/uudet\/wp-content\/uploads\/2023\/01\/talvisa.jpg 1982w\" sizes=\"(max-width: 1024px) 100vw, 1024px\" \/>\t\t\t\t\t\t\t\t\t\t\t\t\t\t\t<\/div>\n\t\t\t\t<\/div>\n\t\t\t\t\t<\/div>\n\t\t<\/div>\n\t\t\t\t\t<\/div>\n\t\t<\/section>\n\t\t\t\t<section class=\"elementor-section elementor-top-section elementor-element elementor-element-ccfd15e elementor-section-boxed elementor-section-height-default elementor-section-height-default\" data-id=\"ccfd15e\" data-element_type=\"section\">\n\t\t\t\t\t\t<div class=\"elementor-container elementor-column-gap-default\">\n\t\t\t\t\t<div class=\"elementor-column elementor-col-100 elementor-top-column elementor-element elementor-element-c053647\" data-id=\"c053647\" data-element_type=\"column\">\n\t\t\t<div class=\"elementor-widget-wrap elementor-element-populated\">\n\t\t\t\t\t\t<div class=\"elementor-element elementor-element-e979689 elementor-widget elementor-widget-heading\" data-id=\"e979689\" data-element_type=\"widget\" data-widget_type=\"heading.default\">\n\t\t\t\t<div class=\"elementor-widget-container\">\n\t\t\t\t\t<h3 class=\"elementor-heading-title elementor-size-default\">Tapahtumat 2022-2023<\/h3>\t\t\t\t<\/div>\n\t\t\t\t<\/div>\n\t\t\t\t\t<\/div>\n\t\t<\/div>\n\t\t\t\t\t<\/div>\n\t\t<\/section>\n\t\t\t\t<section class=\"elementor-section elementor-top-section elementor-element elementor-element-cbcabd9 elementor-section-boxed elementor-section-height-default elementor-section-height-default\" data-id=\"cbcabd9\" data-element_type=\"section\">\n\t\t\t\t\t\t<div class=\"elementor-container elementor-column-gap-default\">\n\t\t\t\t\t<div class=\"elementor-column elementor-col-100 elementor-top-column elementor-element elementor-element-8fafb95\" data-id=\"8fafb95\" data-element_type=\"column\">\n\t\t\t<div class=\"elementor-widget-wrap elementor-element-populated\">\n\t\t\t\t\t\t<div class=\"elementor-element elementor-element-9f92d78 elementor-widget elementor-widget-text-editor\" data-id=\"9f92d78\" data-element_type=\"widget\" data-widget_type=\"text-editor.default\">\n\t\t\t\t<div class=\"elementor-widget-container\">\n\t\t\t\t\t\t\t\t\t<p><span style=\"font-size: 1rem;\">L\u00e4hd\u00f6t lauantaisin klo 10.30-11.30 ellei toisin ilmoiteta. Maali suljetaan 12.30.<\/span><\/p>\n<p><b><span style=\"font-size: 1rem;\">17.12.2022&nbsp;<\/span>Pime\u00e4n p\u00e4iv\u00e4n suunnistus aamu Pohjant\u00e4hden toimisto (l\u00e4hd\u00f6t klo 8.00-9.00, maali suljetaan 10.00). Ratamestari Sampo Rahko.<\/b><\/p>\n<p><a href=\"https:\/\/skpohjantahti.fi\/index.php\/17-12-aamu-pohjantahden-toimisto\/\">Ratatiedot <\/a>I <a href=\"https:\/\/goo.gl\/maps\/ZEbijBm9DJvxdKXD8\">Linkki tapahtumapaikalle<\/a> I <a href=\"https:\/\/skpohjantahti.fi\/tulokset\/2022\/Talvisarja_aamu_t221217.html\">Tulokset<\/a> I <a href=\"https:\/\/skpohjantahti.fi\/tulokset\/2022\/Talvisarja_aamu_v221217.html\">V\u00e4liajat<\/a><\/p>\n<p><b><span style=\"font-size: 1rem;\">17.12.2022&nbsp;<\/span><span style=\"font-size: 1rem;\">Pime\u00e4n p\u00e4iv\u00e4n suunnistus ilta Raatin urheilukeskus&nbsp;<\/span><span style=\"font-size: 1rem;\">(l\u00e4hd\u00f6t klo 15.00-16.00, maali suljetaan 17.00). Ratamestari Hannu Niemel\u00e4.<\/span><\/b><\/p>\n<p><a href=\"https:\/\/skpohjantahti.fi\/index.php\/17-12-ilta-raatin-urheilukeskus\/\">Ratatiedot<\/a> I <a href=\"https:\/\/goo.gl\/maps\/xWPMj3LGNazkLMaS9\">Linkki tapahtumapaikalle<\/a> I <a href=\"https:\/\/skpohjantahti.fi\/tulokset\/2022\/Raati_t171222.html\">Tulokset<\/a> I <a href=\"https:\/\/skpohjantahti.fi\/tulokset\/2022\/Raati_v171222.html\">V\u00e4liajat<\/a><\/p>\n<p><span style=\"font-size: 1rem;\"><b>7.1.2023 HaHe<\/b><\/span><\/p>\n<p><a href=\"https:\/\/oulurastit.info\/event\/show\/1119\">Ratatiedot<\/a><\/p>\n<p><span style=\"font-size: 1rem;\"><b>14.1.2023 Myllytulli, ratamestari Veikka Heino<\/b><\/span><\/p>\n<p><a href=\"https:\/\/skpohjantahti.fi\/index.php\/14-1\/\">Ratatiedot<\/a> I <a href=\"https:\/\/goo.gl\/maps\/csCNQ9EsTkZmTcSc8\">Linkki tapahtumapaikalle<\/a> I <a href=\"https:\/\/skpohjantahti.fi\/tulokset\/2023\/Myllytulli_t140123.html\">Tulokset<\/a> I <a href=\"https:\/\/skpohjantahti.fi\/tulokset\/2023\/Myllytulli_v140123.html\">V\u00e4liajat<\/a><span style=\"font-size: 1rem;\"><br><\/span><\/p>\n<p><span style=\"font-size: 1rem;\"><b>21.1.2023 Kaijonharju, ratamestari Severi Simil\u00e4<\/b><\/span><\/p>\n<p><a href=\"https:\/\/skpohjantahti.fi\/index.php\/talvisarja-21-1\/\">Ratatiedot<\/a> I <a href=\"https:\/\/goo.gl\/maps\/jxB3HTVDjzo649JZ6\">Linkki tapahtumapaikalle<\/a> I <a href=\"https:\/\/skpohjantahti.fi\/uudet\/wp-content\/uploads\/2023\/01\/tulokset_talvisarja_21012023.html\">Tulokset<\/a> I <a href=\"https:\/\/skpohjantahti.fi\/uudet\/wp-content\/uploads\/2023\/01\/valiajat_talvisarja_21012023.html\">V\u00e4liajat<\/a><span style=\"font-size: 1rem;\"><br><\/span><\/p>\n<p><span style=\"font-size: 1rem;\"><b>28.1.2023 KoskRi<\/b><\/span><\/p>\n<p><a href=\"https:\/\/oulurastit.info\/series\/show\/3\">Ratatiedot<\/a> I<a href=\"https:\/\/goo.gl\/maps\/tbPGGdZzDV6bQ22o6\"> Linkki tapahtumapaikalle<\/a><\/p>\n<p><b>4.2.2023 HaHe<\/b><\/p>\n<p><a href=\"https:\/\/oulurastit.info\/event\/show\/1125\">Ratatiedot <\/a>I <a href=\"https:\/\/goo.gl\/maps\/Mub3aC1YeMxReCxF8\">Linkki tapahtumapaikalle<\/a><\/p>\n<p><b>11.2.2023 KoskRi<\/b><\/p>\n<p><a href=\"https:\/\/oulurastit.info\/event\/show\/1126\">Ratatiedot <\/a>I <a href=\"https:\/\/asiointi.maanmittauslaitos.fi\/karttapaikka\/?lang=fi&amp;share=customMarker&amp;n=7214746.197328247&amp;e=434067.526&amp;title=Talvisarja%2011.2.&amp;desc=&amp;zoom=11&amp;layers=W3siaWQiOjIsIm9wYWNpdHkiOjEwMH1d-z\">Linkki tapahtumapaikalle<\/a><\/p>\n<p><b>18.2.2023 H\u00f6yhty\u00e4, ratamestari Arttu Taulavuori<\/b><\/p>\n<p><a href=\"https:\/\/skpohjantahti.fi\/index.php\/18-2-hoyhtya\/\">Ratatiedot<\/a> I <a href=\"https:\/\/goo.gl\/maps\/oYykxJXJX1rjGdmk7\">Linkki tapahtumapaikalle<\/a> I <a href=\"https:\/\/skpohjantahti.fi\/uudet\/wp-content\/uploads\/2023\/02\/Tekstitulokset.html\">Tulokset<\/a> I <a href=\"https:\/\/skpohjantahti.fi\/uudet\/wp-content\/uploads\/2023\/02\/valiajat.html\">V\u00e4liajat<\/a><\/p>\n<p><b>25.2.2023 Kaukovainio, ratamestari Riku Koirikivi<\/b><\/p>\n<p><a href=\"https:\/\/skpohjantahti.fi\/index.php\/talvisarja-25-2-kaukovainio\/\">Ratatiedot<\/a> I <a href=\"https:\/\/goo.gl\/maps\/2iv3DAkz517sMiaX8\">Linkki tapahtumapaikalle<\/a> I <a href=\"https:\/\/skpohjantahti.fi\/uudet\/wp-content\/uploads\/2023\/02\/t230225.html\">Tulokset<\/a> I <a href=\"https:\/\/skpohjantahti.fi\/uudet\/wp-content\/uploads\/2023\/02\/v230225.html\">V\u00e4liajat<\/a><\/p>\n<p><b>18.3.2023 Tuira, ratamestari Outi Aikio<\/b><\/p>\n<p><a href=\"https:\/\/skpohjantahti.fi\/index.php\/tuira-18-3\/\">Ratatiedot<\/a> I<a href=\"https:\/\/goo.gl\/maps\/2z9aynXLTVZk9Luv8\" target=\"_blank\" rel=\"noopener\"> Linkki tapahtumapaikalle<\/a>&nbsp;I <a href=\"https:\/\/skpohjantahti.fi\/uudet\/wp-content\/uploads\/2023\/03\/t230318.html\">Tulokset<\/a> I <a href=\"https:\/\/skpohjantahti.fi\/uudet\/wp-content\/uploads\/2023\/03\/v230318.html\">V\u00e4liajat<\/a><\/p>\n<p><b>25.3.2023 Kaakkuri, ratamestari Vili Ihme<\/b><\/p>\n<p><a href=\"https:\/\/skpohjantahti.fi\/index.php\/kaakkuri-25-3\/\">Ratatiedot<\/a> I <a href=\"https:\/\/goo.gl\/maps\/gQj7AjxCSGSiNfD26\">Linkki tapahtumapaikalle<\/a> I <a href=\"https:\/\/skpohjantahti.fi\/uudet\/wp-content\/uploads\/2023\/03\/t230325.html\">Tulokset <\/a>I <a href=\"https:\/\/skpohjantahti.fi\/uudet\/wp-content\/uploads\/2023\/03\/v230325.html\">V\u00e4liajat<\/a><\/p>\n<p><b>1.4.2023 KoskRi<\/b><\/p>\n<p>Ratatiedot I Linkki tapahtumapaikalle<\/p>\t\t\t\t\t\t\t\t<\/div>\n\t\t\t\t<\/div>\n\t\t\t\t<div class=\"elementor-element elementor-element-64b2f2b elementor-widget elementor-widget-heading\" data-id=\"64b2f2b\" data-element_type=\"widget\" data-widget_type=\"heading.default\">\n\t\t\t\t<div class=\"elementor-widget-container\">\n\t\t\t\t\t<h4 class=\"elementor-heading-title elementor-size-default\">Perhesuunnistukset<\/h4>\t\t\t\t<\/div>\n\t\t\t\t<\/div>\n\t\t\t\t<div class=\"elementor-element elementor-element-5ec33b1 elementor-widget elementor-widget-text-editor\" data-id=\"5ec33b1\" data-element_type=\"widget\" data-widget_type=\"text-editor.default\">\n\t\t\t\t<div class=\"elementor-widget-container\">\n\t\t\t\t\t\t\t\t\t<p>Talvisarjan perhesuunnistukset j\u00e4rjestet\u00e4\u00e4n kerran kuussa. Tarkemmat tiedot perhesuunnistuksista l\u00e4hemp\u00e4n\u00e4 ajankohtaa.\u00a0<\/p><p><strong>17.12.2022 Raatin urheilukeskus kello 15 &#8211; 16.<\/strong><\/p><p><strong>18.2.2023 H\u00f6yhty\u00e4<\/strong><\/p><p><strong>25.3.2023 Kaakkuri <\/strong>l\u00e4ht\u00f6 <a href=\"https:\/\/goo.gl\/maps\/gQj7AjxCSGSiNfD26\">Kaakkurin urheilukeskuksen parkkipaikalta<\/a> kello 10.30-11.30.<\/p>\t\t\t\t\t\t\t\t<\/div>\n\t\t\t\t<\/div>\n\t\t\t\t\t<\/div>\n\t\t<\/div>\n\t\t\t\t\t<\/div>\n\t\t<\/section>\n\t\t\t\t<\/div>\n\t\t","protected":false},"excerpt":{"rendered":"<p>Talvisarja Tapahtumat 2022-2023 L\u00e4hd\u00f6t lauantaisin klo 10.30-11.30 ellei toisin ilmoiteta. Maali suljetaan 12.30. 17.12.2022\u00a0Pime\u00e4n p\u00e4iv\u00e4n suunnistus aamu Pohjant\u00e4hden toimisto (l\u00e4hd\u00f6t klo 8.00-9.00, maali suljetaan 10.00). Ratamestari Sampo Rahko. Ratatiedot I Linkki tapahtumapaikalle I Tulokset I V\u00e4liajat 17.12.2022\u00a0Pime\u00e4n p\u00e4iv\u00e4n suunnistus ilta Raatin urheilukeskus\u00a0(l\u00e4hd\u00f6t klo 15.00-16.00, maali suljetaan 17.00). Ratamestari Hannu Niemel\u00e4. Ratatiedot I Linkki tapahtumapaikalle I [&hellip;]<\/p>\n","protected":false},"author":2,"featured_media":0,"parent":0,"menu_order":0,"comment_status":"closed","ping_status":"closed","template":"","meta":{"site-sidebar-layout":"no-sidebar","site-content-layout":"page-builder","ast-site-content-layout":"default","site-content-style":"default","site-sidebar-style":"default","ast-global-header-display":"","ast-banner-title-visibility":"","ast-main-header-display":"","ast-hfb-above-header-display":"","ast-hfb-below-header-display":"","ast-hfb-mobile-header-display":"","site-post-title":"disabled","ast-breadcrumbs-content":"","ast-featured-img":"disabled","footer-sml-layout":"","ast-disable-related-posts":"","theme-transparent-header-meta":"default","adv-header-id-meta":"","stick-header-meta":"","header-above-stick-meta":"","header-main-stick-meta":"","header-below-stick-meta":"","astra-migrate-meta-layouts":"default","ast-page-background-enabled":"default","ast-page-background-meta":{"desktop":{"background-color":"","background-image":"","background-repeat":"repeat","background-position":"center center","background-size":"auto","background-attachment":"scroll","background-type":"","background-media":"","overlay-type":"","overlay-color":"","overlay-opacity":"","overlay-gradient":""},"tablet":{"background-color":"","background-image":"","background-repeat":"repeat","background-position":"center center","background-size":"auto","background-attachment":"scroll","background-type":"","background-media":"","overlay-type":"","overlay-color":"","overlay-opacity":"","overlay-gradient":""},"mobile":{"background-color":"","background-image":"","background-repeat":"repeat","background-position":"center center","background-size":"auto","background-attachment":"scroll","background-type":"","background-media":"","overlay-type":"","overlay-color":"","overlay-opacity":"","overlay-gradient":""}},"ast-content-background-meta":{"desktop":{"background-color":"var(--ast-global-color-5)","background-image":"","background-repeat":"repeat","background-position":"center center","background-size":"auto","background-attachment":"scroll","background-type":"","background-media":"","overlay-type":"","overlay-color":"","overlay-opacity":"","overlay-gradient":""},"tablet":{"background-color":"var(--ast-global-color-5)","background-image":"","background-repeat":"repeat","background-position":"center center","background-size":"auto","background-attachment":"scroll","background-type":"","background-media":"","overlay-type":"","overlay-color":"","overlay-opacity":"","overlay-gradient":""},"mobile":{"background-color":"var(--ast-global-color-5)","background-image":"","background-repeat":"repeat","background-position":"center center","background-size":"auto","background-attachment":"scroll","background-type":"","background-media":"","overlay-type":"","overlay-color":"","overlay-opacity":"","overlay-gradient":""}},"footnotes":""},"class_list":["post-1734","page","type-page","status-publish","hentry"],"yoast_head":"<!-- This site is optimized with the Yoast SEO plugin v27.2 - https:\/\/yoast.com\/product\/yoast-seo-wordpress\/ -->\n<title>Talvisarja 22-23 - SK Pohjant\u00e4hti<\/title>\n<meta name=\"description\" content=\"Talvisarja 22-23 SK Pohjant\u00e4hti - Kaakkuri Kaakkurin urheilukeskus L\u00e4hd\u00f6t: 10:30-11:30, maali sulkeutuu klo 12:30.\" \/>\n<meta name=\"robots\" content=\"index, follow, max-snippet:-1, max-image-preview:large, max-video-preview:-1\" \/>\n<link rel=\"canonical\" href=\"https:\/\/skpohjantahti.fi\/index.php\/talvisarja22-23\/\" \/>\n<meta property=\"og:locale\" content=\"fi_FI\" \/>\n<meta property=\"og:type\" content=\"article\" \/>\n<meta property=\"og:title\" content=\"Talvisarja 22-23 - SK Pohjant\u00e4hti\" \/>\n<meta property=\"og:description\" content=\"Talvisarja 22-23 SK Pohjant\u00e4hti - Kaakkuri Kaakkurin urheilukeskus L\u00e4hd\u00f6t: 10:30-11:30, maali sulkeutuu klo 12:30.\" \/>\n<meta property=\"og:url\" content=\"https:\/\/skpohjantahti.fi\/index.php\/talvisarja22-23\/\" \/>\n<meta property=\"og:site_name\" content=\"SK Pohjant\u00e4hti\" \/>\n<meta property=\"article:publisher\" content=\"https:\/\/www.facebook.com\/skpohjantahti\" \/>\n<meta property=\"article:modified_time\" content=\"2023-12-11T13:43:09+00:00\" \/>\n<meta property=\"og:image\" content=\"https:\/\/skpohjantahti.fi\/uudet\/wp-content\/uploads\/2023\/01\/talvisa-1024x142.jpg\" \/>\n<meta name=\"twitter:card\" content=\"summary_large_image\" \/>\n<meta name=\"twitter:label1\" content=\"Arvioitu lukuaika\" \/>\n\t<meta name=\"twitter:data1\" content=\"2 minuuttia\" \/>\n<script type=\"application\/ld+json\" class=\"yoast-schema-graph\">{\"@context\":\"https:\/\/schema.org\",\"@graph\":[{\"@type\":\"WebPage\",\"@id\":\"https:\/\/skpohjantahti.fi\/index.php\/talvisarja22-23\/\",\"url\":\"https:\/\/skpohjantahti.fi\/index.php\/talvisarja22-23\/\",\"name\":\"Talvisarja 22-23 - SK Pohjant\u00e4hti\",\"isPartOf\":{\"@id\":\"https:\/\/skpohjantahti.fi\/#website\"},\"primaryImageOfPage\":{\"@id\":\"https:\/\/skpohjantahti.fi\/index.php\/talvisarja22-23\/#primaryimage\"},\"image\":{\"@id\":\"https:\/\/skpohjantahti.fi\/index.php\/talvisarja22-23\/#primaryimage\"},\"thumbnailUrl\":\"https:\/\/skpohjantahti.fi\/uudet\/wp-content\/uploads\/2023\/01\/talvisa-1024x142.jpg\",\"datePublished\":\"2022-11-13T14:51:57+00:00\",\"dateModified\":\"2023-12-11T13:43:09+00:00\",\"description\":\"Talvisarja 22-23 SK Pohjant\u00e4hti - Kaakkuri Kaakkurin urheilukeskus L\u00e4hd\u00f6t: 10:30-11:30, maali sulkeutuu klo 12:30.\",\"breadcrumb\":{\"@id\":\"https:\/\/skpohjantahti.fi\/index.php\/talvisarja22-23\/#breadcrumb\"},\"inLanguage\":\"fi\",\"potentialAction\":[{\"@type\":\"ReadAction\",\"target\":[\"https:\/\/skpohjantahti.fi\/index.php\/talvisarja22-23\/\"]}]},{\"@type\":\"ImageObject\",\"inLanguage\":\"fi\",\"@id\":\"https:\/\/skpohjantahti.fi\/index.php\/talvisarja22-23\/#primaryimage\",\"url\":\"https:\/\/skpohjantahti.fi\/uudet\/wp-content\/uploads\/2023\/01\/talvisa.jpg\",\"contentUrl\":\"https:\/\/skpohjantahti.fi\/uudet\/wp-content\/uploads\/2023\/01\/talvisa.jpg\",\"width\":1982,\"height\":274},{\"@type\":\"BreadcrumbList\",\"@id\":\"https:\/\/skpohjantahti.fi\/index.php\/talvisarja22-23\/#breadcrumb\",\"itemListElement\":[{\"@type\":\"ListItem\",\"position\":1,\"name\":\"Etusivu\",\"item\":\"https:\/\/skpohjantahti.fi\/\"},{\"@type\":\"ListItem\",\"position\":2,\"name\":\"Talvisarja 22-23\"}]},{\"@type\":\"WebSite\",\"@id\":\"https:\/\/skpohjantahti.fi\/#website\",\"url\":\"https:\/\/skpohjantahti.fi\/\",\"name\":\"SK Pohjant\u00e4hti\",\"description\":\"Oululainen suunnistusseura\",\"publisher\":{\"@id\":\"https:\/\/skpohjantahti.fi\/#organization\"},\"potentialAction\":[{\"@type\":\"SearchAction\",\"target\":{\"@type\":\"EntryPoint\",\"urlTemplate\":\"https:\/\/skpohjantahti.fi\/?s={search_term_string}\"},\"query-input\":{\"@type\":\"PropertyValueSpecification\",\"valueRequired\":true,\"valueName\":\"search_term_string\"}}],\"inLanguage\":\"fi\"},{\"@type\":\"Organization\",\"@id\":\"https:\/\/skpohjantahti.fi\/#organization\",\"name\":\"SK Pohjant\u00e4hti\",\"url\":\"https:\/\/skpohjantahti.fi\/\",\"logo\":{\"@type\":\"ImageObject\",\"inLanguage\":\"fi\",\"@id\":\"https:\/\/skpohjantahti.fi\/#\/schema\/logo\/image\/\",\"url\":\"https:\/\/skpohjantahti.fi\/uudet\/wp-content\/uploads\/2022\/04\/cropped-pohjantahti_log_netti_pieni.jpg\",\"contentUrl\":\"https:\/\/skpohjantahti.fi\/uudet\/wp-content\/uploads\/2022\/04\/cropped-pohjantahti_log_netti_pieni.jpg\",\"width\":198,\"height\":66,\"caption\":\"SK Pohjant\u00e4hti\"},\"image\":{\"@id\":\"https:\/\/skpohjantahti.fi\/#\/schema\/logo\/image\/\"},\"sameAs\":[\"https:\/\/www.facebook.com\/skpohjantahti\",\"https:\/\/www.instagram.com\/sk_pohjantahti\/\"]}]}<\/script>\n<!-- \/ Yoast SEO plugin. -->","yoast_head_json":{"title":"Talvisarja 22-23 - SK Pohjant\u00e4hti","description":"Talvisarja 22-23 SK Pohjant\u00e4hti - Kaakkuri Kaakkurin urheilukeskus L\u00e4hd\u00f6t: 10:30-11:30, maali sulkeutuu klo 12:30.","robots":{"index":"index","follow":"follow","max-snippet":"max-snippet:-1","max-image-preview":"max-image-preview:large","max-video-preview":"max-video-preview:-1"},"canonical":"https:\/\/skpohjantahti.fi\/index.php\/talvisarja22-23\/","og_locale":"fi_FI","og_type":"article","og_title":"Talvisarja 22-23 - SK Pohjant\u00e4hti","og_description":"Talvisarja 22-23 SK Pohjant\u00e4hti - Kaakkuri Kaakkurin urheilukeskus L\u00e4hd\u00f6t: 10:30-11:30, maali sulkeutuu klo 12:30.","og_url":"https:\/\/skpohjantahti.fi\/index.php\/talvisarja22-23\/","og_site_name":"SK Pohjant\u00e4hti","article_publisher":"https:\/\/www.facebook.com\/skpohjantahti","article_modified_time":"2023-12-11T13:43:09+00:00","og_image":[{"url":"https:\/\/skpohjantahti.fi\/uudet\/wp-content\/uploads\/2023\/01\/talvisa-1024x142.jpg","type":"","width":"","height":""}],"twitter_card":"summary_large_image","twitter_misc":{"Arvioitu lukuaika":"2 minuuttia"},"schema":{"@context":"https:\/\/schema.org","@graph":[{"@type":"WebPage","@id":"https:\/\/skpohjantahti.fi\/index.php\/talvisarja22-23\/","url":"https:\/\/skpohjantahti.fi\/index.php\/talvisarja22-23\/","name":"Talvisarja 22-23 - SK Pohjant\u00e4hti","isPartOf":{"@id":"https:\/\/skpohjantahti.fi\/#website"},"primaryImageOfPage":{"@id":"https:\/\/skpohjantahti.fi\/index.php\/talvisarja22-23\/#primaryimage"},"image":{"@id":"https:\/\/skpohjantahti.fi\/index.php\/talvisarja22-23\/#primaryimage"},"thumbnailUrl":"https:\/\/skpohjantahti.fi\/uudet\/wp-content\/uploads\/2023\/01\/talvisa-1024x142.jpg","datePublished":"2022-11-13T14:51:57+00:00","dateModified":"2023-12-11T13:43:09+00:00","description":"Talvisarja 22-23 SK Pohjant\u00e4hti - Kaakkuri Kaakkurin urheilukeskus L\u00e4hd\u00f6t: 10:30-11:30, maali sulkeutuu klo 12:30.","breadcrumb":{"@id":"https:\/\/skpohjantahti.fi\/index.php\/talvisarja22-23\/#breadcrumb"},"inLanguage":"fi","potentialAction":[{"@type":"ReadAction","target":["https:\/\/skpohjantahti.fi\/index.php\/talvisarja22-23\/"]}]},{"@type":"ImageObject","inLanguage":"fi","@id":"https:\/\/skpohjantahti.fi\/index.php\/talvisarja22-23\/#primaryimage","url":"https:\/\/skpohjantahti.fi\/uudet\/wp-content\/uploads\/2023\/01\/talvisa.jpg","contentUrl":"https:\/\/skpohjantahti.fi\/uudet\/wp-content\/uploads\/2023\/01\/talvisa.jpg","width":1982,"height":274},{"@type":"BreadcrumbList","@id":"https:\/\/skpohjantahti.fi\/index.php\/talvisarja22-23\/#breadcrumb","itemListElement":[{"@type":"ListItem","position":1,"name":"Etusivu","item":"https:\/\/skpohjantahti.fi\/"},{"@type":"ListItem","position":2,"name":"Talvisarja 22-23"}]},{"@type":"WebSite","@id":"https:\/\/skpohjantahti.fi\/#website","url":"https:\/\/skpohjantahti.fi\/","name":"SK Pohjant\u00e4hti","description":"Oululainen suunnistusseura","publisher":{"@id":"https:\/\/skpohjantahti.fi\/#organization"},"potentialAction":[{"@type":"SearchAction","target":{"@type":"EntryPoint","urlTemplate":"https:\/\/skpohjantahti.fi\/?s={search_term_string}"},"query-input":{"@type":"PropertyValueSpecification","valueRequired":true,"valueName":"search_term_string"}}],"inLanguage":"fi"},{"@type":"Organization","@id":"https:\/\/skpohjantahti.fi\/#organization","name":"SK Pohjant\u00e4hti","url":"https:\/\/skpohjantahti.fi\/","logo":{"@type":"ImageObject","inLanguage":"fi","@id":"https:\/\/skpohjantahti.fi\/#\/schema\/logo\/image\/","url":"https:\/\/skpohjantahti.fi\/uudet\/wp-content\/uploads\/2022\/04\/cropped-pohjantahti_log_netti_pieni.jpg","contentUrl":"https:\/\/skpohjantahti.fi\/uudet\/wp-content\/uploads\/2022\/04\/cropped-pohjantahti_log_netti_pieni.jpg","width":198,"height":66,"caption":"SK Pohjant\u00e4hti"},"image":{"@id":"https:\/\/skpohjantahti.fi\/#\/schema\/logo\/image\/"},"sameAs":["https:\/\/www.facebook.com\/skpohjantahti","https:\/\/www.instagram.com\/sk_pohjantahti\/"]}]}},"_links":{"self":[{"href":"https:\/\/skpohjantahti.fi\/index.php\/wp-json\/wp\/v2\/pages\/1734","targetHints":{"allow":["GET"]}}],"collection":[{"href":"https:\/\/skpohjantahti.fi\/index.php\/wp-json\/wp\/v2\/pages"}],"about":[{"href":"https:\/\/skpohjantahti.fi\/index.php\/wp-json\/wp\/v2\/types\/page"}],"author":[{"embeddable":true,"href":"https:\/\/skpohjantahti.fi\/index.php\/wp-json\/wp\/v2\/users\/2"}],"replies":[{"embeddable":true,"href":"https:\/\/skpohjantahti.fi\/index.php\/wp-json\/wp\/v2\/comments?post=1734"}],"version-history":[{"count":142,"href":"https:\/\/skpohjantahti.fi\/index.php\/wp-json\/wp\/v2\/pages\/1734\/revisions"}],"predecessor-version":[{"id":3643,"href":"https:\/\/skpohjantahti.fi\/index.php\/wp-json\/wp\/v2\/pages\/1734\/revisions\/3643"}],"wp:attachment":[{"href":"https:\/\/skpohjantahti.fi\/index.php\/wp-json\/wp\/v2\/media?parent=1734"}],"curies":[{"name":"wp","href":"https:\/\/api.w.org\/{rel}","templated":true}]}}