{"id":1743,"date":"2022-11-14T10:06:42","date_gmt":"2022-11-14T10:06:42","guid":{"rendered":"https:\/\/skpohjantahti.fi\/?page_id=1743"},"modified":"2026-01-22T08:12:15","modified_gmt":"2026-01-22T06:12:15","slug":"eskon-polku","status":"publish","type":"page","link":"https:\/\/skpohjantahti.fi\/index.php\/eskon-polku\/","title":{"rendered":"eSKon polku"},"content":{"rendered":"\t\t<div data-elementor-type=\"wp-page\" data-elementor-id=\"1743\" class=\"elementor elementor-1743\">\n\t\t\t\t\t\t<section class=\"elementor-section elementor-top-section elementor-element elementor-element-b36d855 elementor-section-boxed elementor-section-height-default elementor-section-height-default\" data-id=\"b36d855\" data-element_type=\"section\">\n\t\t\t\t\t\t<div class=\"elementor-container elementor-column-gap-default\">\n\t\t\t\t\t<div class=\"elementor-column elementor-col-100 elementor-top-column elementor-element elementor-element-86896d2\" data-id=\"86896d2\" data-element_type=\"column\">\n\t\t\t<div class=\"elementor-widget-wrap elementor-element-populated\">\n\t\t\t\t\t\t<div class=\"elementor-element elementor-element-99d3cef elementor-widget elementor-widget-heading\" data-id=\"99d3cef\" data-element_type=\"widget\" data-widget_type=\"heading.default\">\n\t\t\t\t<div class=\"elementor-widget-container\">\n\t\t\t\t\t<h2 class=\"elementor-heading-title elementor-size-default\">eSKon polku<\/h2>\t\t\t\t<\/div>\n\t\t\t\t<\/div>\n\t\t\t\t\t<\/div>\n\t\t<\/div>\n\t\t\t\t\t<\/div>\n\t\t<\/section>\n\t\t\t\t<section class=\"elementor-section elementor-top-section elementor-element elementor-element-cd1943a elementor-section-boxed elementor-section-height-default elementor-section-height-default\" data-id=\"cd1943a\" data-element_type=\"section\">\n\t\t\t\t\t\t<div class=\"elementor-container elementor-column-gap-default\">\n\t\t\t\t\t<div class=\"elementor-column elementor-col-100 elementor-top-column elementor-element elementor-element-a804394\" data-id=\"a804394\" data-element_type=\"column\">\n\t\t\t<div class=\"elementor-widget-wrap elementor-element-populated\">\n\t\t\t\t\t\t<div class=\"elementor-element elementor-element-895b331 elementor-widget elementor-widget-image\" data-id=\"895b331\" data-element_type=\"widget\" data-widget_type=\"image.default\">\n\t\t\t\t<div class=\"elementor-widget-container\">\n\t\t\t\t\t\t\t\t\t\t\t\t\t\t\t<img fetchpriority=\"high\" decoding=\"async\" width=\"1024\" height=\"568\" src=\"https:\/\/skpohjantahti.fi\/uudet\/wp-content\/uploads\/2026\/01\/eSKon-polku-1024x568.jpeg\" class=\"attachment-large size-large wp-image-5465\" alt=\"\" srcset=\"https:\/\/skpohjantahti.fi\/uudet\/wp-content\/uploads\/2026\/01\/eSKon-polku-1024x568.jpeg 1024w, https:\/\/skpohjantahti.fi\/uudet\/wp-content\/uploads\/2026\/01\/eSKon-polku-300x166.jpeg 300w, https:\/\/skpohjantahti.fi\/uudet\/wp-content\/uploads\/2026\/01\/eSKon-polku-768x426.jpeg 768w, https:\/\/skpohjantahti.fi\/uudet\/wp-content\/uploads\/2026\/01\/eSKon-polku-1536x852.jpeg 1536w, https:\/\/skpohjantahti.fi\/uudet\/wp-content\/uploads\/2026\/01\/eSKon-polku.jpeg 1600w\" sizes=\"(max-width: 1024px) 100vw, 1024px\" \/>\t\t\t\t\t\t\t\t\t\t\t\t\t\t\t<\/div>\n\t\t\t\t<\/div>\n\t\t\t\t\t<\/div>\n\t\t<\/div>\n\t\t\t\t\t<\/div>\n\t\t<\/section>\n\t\t\t\t<section class=\"elementor-section elementor-top-section elementor-element elementor-element-09ff2a7 elementor-section-boxed elementor-section-height-default elementor-section-height-default\" data-id=\"09ff2a7\" data-element_type=\"section\">\n\t\t\t\t\t\t<div class=\"elementor-container elementor-column-gap-default\">\n\t\t\t\t\t<div class=\"elementor-column elementor-col-100 elementor-top-column elementor-element elementor-element-2123ff9\" data-id=\"2123ff9\" data-element_type=\"column\">\n\t\t\t<div class=\"elementor-widget-wrap elementor-element-populated\">\n\t\t\t\t\t\t<div class=\"elementor-element elementor-element-04a4137 elementor-widget elementor-widget-text-editor\" data-id=\"04a4137\" data-element_type=\"widget\" data-widget_type=\"text-editor.default\">\n\t\t\t\t<div class=\"elementor-widget-container\">\n\t\t\t\t\t\t\t\t\t<p>SK Pohjant\u00e4hden valmennuksen linjaus, eSKon polku, perustuu <a href=\"https:\/\/www.suunnistusliitto.fi\/nuoriso\/nuori-suunta-lasten-ja-nuorten-suunnistus\/suunnistajan-polku\/\">Suomen suunnistusliiton valmennuslinjauksiin<\/a>. Toimintaa koordinoi seuran valmennusty\u00f6ryhm\u00e4, johon kuuluvat eri valmennusryhmien edustajat.<\/p>\n<p>Valmennustoiminta perustuu valmennusryhm\u00e4n ja huippuryhm\u00e4n yhteisty\u00f6h\u00f6n. Lasten ryhm\u00e4n vanhimmalle ik\u00e4luokalle tarjotaan mahdollisuuksia tutustua valmennusryhm\u00e4n toimintaan.<\/p>\n<h5>Valmennusty\u00f6ryhm\u00e4n keskeisi\u00e4 teht\u00e4vi\u00e4:<\/h5>\n<ul>\n<li>Valmennuksen suunnittelu, toteutus ja seuranta.<\/li>\n<li>Valmennuksen vuosittainen kehitt\u00e4minen ja painopistealueiden toteutus.<\/li>\n<li>Valmennusryhmien toiminnan ohjaus ja yhteisty\u00f6n koordinointi.<\/li>\n<li>Valmennukseen liittyv\u00e4n koulutuksen toteutus.<\/li>\n<li>Yhteydenpito seuran johtokuntaan (edustaja\/edustajat johtokunnassa) ja valmennusta<br>koskevien asioiden valmistelu.<\/li>\n<\/ul>\n<h5>Valmennuksen tavoitteena:<\/h5>\n<ul>\n<li>Tukea seuran kilpa- ja huippu-urheilijoiden kehittymist\u00e4, valmentautumista ja menestymist\u00e4.<\/li>\n<li>Kehitt\u00e4\u00e4 seuran valmennustoimintaa vaiheittain nykysuunnistuksen vaatimuksia<br>vastaavaksi.<\/li>\n<li>Edist\u00e4\u00e4 kilpa- ja huippusuunnistuksen edellytyksi\u00e4 erityisesti Oulussa ja Pohjois-Suomessa.<\/li>\n<li>\n<p>Menesty\u00e4 seurana viestisuunnistuksen p\u00e4\u00e4kilpailuissa.<\/p>\n<\/li>\n<\/ul>\n<h5>Valmennustoiminnan keskeiset muodot:<\/h5>\n<ul>\n<li>P\u00e4ivitt\u00e4isen harjoittelun tukeminen<br>&nbsp;&#8211; ryhm\u00e4- ja henkil\u00f6kohtainen valmennus, yhteisharjoittelu.<\/li>\n<li>Suunnistustaidon kehitt\u00e4minen<br>&#8211; monipuolinen suunnistus- ja taitoharjoittelu<br>&#8211; harjoitusten ja suoritusten analysointi.<\/li>\n<li>Erilaisten kest\u00e4vyys- ja tukiharjoitusten j\u00e4rjest\u00e4minen.<\/li>\n<li>Harjoitusleirien j\u00e4rjest\u00e4minen.<\/li>\n<li>Testit ja seuranta.<\/li>\n<li>Kilpailuihin valmistautumisen tukeminen.<\/li>\n<li>Valmennustiedon lis\u00e4\u00e4minen.<\/li>\n<li>Urheilijoiden kokemuksen ja osaamisen jakaminen.<\/li>\n<\/ul>\t\t\t\t\t\t\t\t<\/div>\n\t\t\t\t<\/div>\n\t\t\t\t\t<\/div>\n\t\t<\/div>\n\t\t\t\t\t<\/div>\n\t\t<\/section>\n\t\t\t\t<\/div>\n\t\t","protected":false},"excerpt":{"rendered":"<p>eSKon polku SK Pohjant\u00e4hden valmennuksen linjaus, eSKon polku, perustuu Suomen suunnistusliiton valmennuslinjauksiin. Toimintaa koordinoi seuran valmennusty\u00f6ryhm\u00e4, johon kuuluvat eri valmennusryhmien edustajat. Valmennustoiminta perustuu valmennusryhm\u00e4n ja huippuryhm\u00e4n yhteisty\u00f6h\u00f6n. Lasten ryhm\u00e4n vanhimmalle ik\u00e4luokalle tarjotaan mahdollisuuksia tutustua valmennusryhm\u00e4n toimintaan. Valmennusty\u00f6ryhm\u00e4n keskeisi\u00e4 teht\u00e4vi\u00e4: Valmennuksen suunnittelu, toteutus ja seuranta. Valmennuksen vuosittainen kehitt\u00e4minen ja painopistealueiden toteutus. Valmennusryhmien toiminnan ohjaus ja yhteisty\u00f6n [&hellip;]<\/p>\n","protected":false},"author":2,"featured_media":0,"parent":0,"menu_order":0,"comment_status":"closed","ping_status":"closed","template":"","meta":{"site-sidebar-layout":"no-sidebar","site-content-layout":"page-builder","ast-site-content-layout":"default","site-content-style":"default","site-sidebar-style":"default","ast-global-header-display":"","ast-banner-title-visibility":"","ast-main-header-display":"","ast-hfb-above-header-display":"","ast-hfb-below-header-display":"","ast-hfb-mobile-header-display":"","site-post-title":"disabled","ast-breadcrumbs-content":"","ast-featured-img":"disabled","footer-sml-layout":"","ast-disable-related-posts":"","theme-transparent-header-meta":"default","adv-header-id-meta":"","stick-header-meta":"","header-above-stick-meta":"","header-main-stick-meta":"","header-below-stick-meta":"","astra-migrate-meta-layouts":"default","ast-page-background-enabled":"default","ast-page-background-meta":{"desktop":{"background-color":"","background-image":"","background-repeat":"repeat","background-position":"center center","background-size":"auto","background-attachment":"scroll","background-type":"","background-media":"","overlay-type":"","overlay-color":"","overlay-opacity":"","overlay-gradient":""},"tablet":{"background-color":"","background-image":"","background-repeat":"repeat","background-position":"center center","background-size":"auto","background-attachment":"scroll","background-type":"","background-media":"","overlay-type":"","overlay-color":"","overlay-opacity":"","overlay-gradient":""},"mobile":{"background-color":"","background-image":"","background-repeat":"repeat","background-position":"center center","background-size":"auto","background-attachment":"scroll","background-type":"","background-media":"","overlay-type":"","overlay-color":"","overlay-opacity":"","overlay-gradient":""}},"ast-content-background-meta":{"desktop":{"background-color":"var(--ast-global-color-5)","background-image":"","background-repeat":"repeat","background-position":"center center","background-size":"auto","background-attachment":"scroll","background-type":"","background-media":"","overlay-type":"","overlay-color":"","overlay-opacity":"","overlay-gradient":""},"tablet":{"background-color":"var(--ast-global-color-5)","background-image":"","background-repeat":"repeat","background-position":"center center","background-size":"auto","background-attachment":"scroll","background-type":"","background-media":"","overlay-type":"","overlay-color":"","overlay-opacity":"","overlay-gradient":""},"mobile":{"background-color":"var(--ast-global-color-5)","background-image":"","background-repeat":"repeat","background-position":"center center","background-size":"auto","background-attachment":"scroll","background-type":"","background-media":"","overlay-type":"","overlay-color":"","overlay-opacity":"","overlay-gradient":""}},"footnotes":""},"class_list":["post-1743","page","type-page","status-publish","hentry"],"yoast_head":"<!-- This site is optimized with the Yoast SEO plugin v27.2 - https:\/\/yoast.com\/product\/yoast-seo-wordpress\/ -->\n<title>eSKon polku - SK Pohjant\u00e4hti<\/title>\n<meta name=\"description\" content=\"eSKon polku SK Pohjant\u00e4hden valmennuksen linjaus, eSKon polku, perustuu Suomen suunnistusliiton valmennuslinjauksiin.\" \/>\n<meta name=\"robots\" content=\"index, follow, max-snippet:-1, max-image-preview:large, max-video-preview:-1\" \/>\n<link rel=\"canonical\" href=\"https:\/\/skpohjantahti.fi\/index.php\/eskon-polku\/\" \/>\n<meta property=\"og:locale\" content=\"fi_FI\" \/>\n<meta property=\"og:type\" content=\"article\" \/>\n<meta property=\"og:title\" content=\"eSKon polku - SK Pohjant\u00e4hti\" \/>\n<meta property=\"og:description\" content=\"eSKon polku SK Pohjant\u00e4hden valmennuksen linjaus, eSKon polku, perustuu Suomen suunnistusliiton valmennuslinjauksiin.\" \/>\n<meta property=\"og:url\" content=\"https:\/\/skpohjantahti.fi\/index.php\/eskon-polku\/\" \/>\n<meta property=\"og:site_name\" content=\"SK Pohjant\u00e4hti\" \/>\n<meta property=\"article:publisher\" content=\"https:\/\/www.facebook.com\/skpohjantahti\" \/>\n<meta property=\"article:modified_time\" content=\"2026-01-22T06:12:15+00:00\" \/>\n<meta property=\"og:image\" content=\"https:\/\/skpohjantahti.fi\/uudet\/wp-content\/uploads\/2026\/01\/eSKon-polku.jpeg\" \/>\n\t<meta property=\"og:image:width\" content=\"1600\" \/>\n\t<meta property=\"og:image:height\" content=\"887\" \/>\n\t<meta property=\"og:image:type\" content=\"image\/jpeg\" \/>\n<meta name=\"twitter:card\" content=\"summary_large_image\" \/>\n<meta name=\"twitter:label1\" content=\"Arvioitu lukuaika\" \/>\n\t<meta name=\"twitter:data1\" content=\"2 minuuttia\" \/>\n<script type=\"application\/ld+json\" class=\"yoast-schema-graph\">{\"@context\":\"https:\/\/schema.org\",\"@graph\":[{\"@type\":\"WebPage\",\"@id\":\"https:\/\/skpohjantahti.fi\/index.php\/eskon-polku\/\",\"url\":\"https:\/\/skpohjantahti.fi\/index.php\/eskon-polku\/\",\"name\":\"eSKon polku - SK Pohjant\u00e4hti\",\"isPartOf\":{\"@id\":\"https:\/\/skpohjantahti.fi\/#website\"},\"primaryImageOfPage\":{\"@id\":\"https:\/\/skpohjantahti.fi\/index.php\/eskon-polku\/#primaryimage\"},\"image\":{\"@id\":\"https:\/\/skpohjantahti.fi\/index.php\/eskon-polku\/#primaryimage\"},\"thumbnailUrl\":\"https:\/\/skpohjantahti.fi\/uudet\/wp-content\/uploads\/2026\/01\/eSKon-polku-1024x568.jpeg\",\"datePublished\":\"2022-11-14T10:06:42+00:00\",\"dateModified\":\"2026-01-22T06:12:15+00:00\",\"description\":\"eSKon polku SK Pohjant\u00e4hden valmennuksen linjaus, eSKon polku, perustuu Suomen suunnistusliiton valmennuslinjauksiin.\",\"breadcrumb\":{\"@id\":\"https:\/\/skpohjantahti.fi\/index.php\/eskon-polku\/#breadcrumb\"},\"inLanguage\":\"fi\",\"potentialAction\":[{\"@type\":\"ReadAction\",\"target\":[\"https:\/\/skpohjantahti.fi\/index.php\/eskon-polku\/\"]}]},{\"@type\":\"ImageObject\",\"inLanguage\":\"fi\",\"@id\":\"https:\/\/skpohjantahti.fi\/index.php\/eskon-polku\/#primaryimage\",\"url\":\"https:\/\/skpohjantahti.fi\/uudet\/wp-content\/uploads\/2026\/01\/eSKon-polku.jpeg\",\"contentUrl\":\"https:\/\/skpohjantahti.fi\/uudet\/wp-content\/uploads\/2026\/01\/eSKon-polku.jpeg\",\"width\":1600,\"height\":887},{\"@type\":\"BreadcrumbList\",\"@id\":\"https:\/\/skpohjantahti.fi\/index.php\/eskon-polku\/#breadcrumb\",\"itemListElement\":[{\"@type\":\"ListItem\",\"position\":1,\"name\":\"Etusivu\",\"item\":\"https:\/\/skpohjantahti.fi\/\"},{\"@type\":\"ListItem\",\"position\":2,\"name\":\"eSKon polku\"}]},{\"@type\":\"WebSite\",\"@id\":\"https:\/\/skpohjantahti.fi\/#website\",\"url\":\"https:\/\/skpohjantahti.fi\/\",\"name\":\"SK Pohjant\u00e4hti\",\"description\":\"Oululainen suunnistusseura\",\"publisher\":{\"@id\":\"https:\/\/skpohjantahti.fi\/#organization\"},\"potentialAction\":[{\"@type\":\"SearchAction\",\"target\":{\"@type\":\"EntryPoint\",\"urlTemplate\":\"https:\/\/skpohjantahti.fi\/?s={search_term_string}\"},\"query-input\":{\"@type\":\"PropertyValueSpecification\",\"valueRequired\":true,\"valueName\":\"search_term_string\"}}],\"inLanguage\":\"fi\"},{\"@type\":\"Organization\",\"@id\":\"https:\/\/skpohjantahti.fi\/#organization\",\"name\":\"SK Pohjant\u00e4hti\",\"url\":\"https:\/\/skpohjantahti.fi\/\",\"logo\":{\"@type\":\"ImageObject\",\"inLanguage\":\"fi\",\"@id\":\"https:\/\/skpohjantahti.fi\/#\/schema\/logo\/image\/\",\"url\":\"https:\/\/skpohjantahti.fi\/uudet\/wp-content\/uploads\/2022\/04\/cropped-pohjantahti_log_netti_pieni.jpg\",\"contentUrl\":\"https:\/\/skpohjantahti.fi\/uudet\/wp-content\/uploads\/2022\/04\/cropped-pohjantahti_log_netti_pieni.jpg\",\"width\":198,\"height\":66,\"caption\":\"SK Pohjant\u00e4hti\"},\"image\":{\"@id\":\"https:\/\/skpohjantahti.fi\/#\/schema\/logo\/image\/\"},\"sameAs\":[\"https:\/\/www.facebook.com\/skpohjantahti\",\"https:\/\/www.instagram.com\/sk_pohjantahti\/\"]}]}<\/script>\n<!-- \/ Yoast SEO plugin. -->","yoast_head_json":{"title":"eSKon polku - SK Pohjant\u00e4hti","description":"eSKon polku SK Pohjant\u00e4hden valmennuksen linjaus, eSKon polku, perustuu Suomen suunnistusliiton valmennuslinjauksiin.","robots":{"index":"index","follow":"follow","max-snippet":"max-snippet:-1","max-image-preview":"max-image-preview:large","max-video-preview":"max-video-preview:-1"},"canonical":"https:\/\/skpohjantahti.fi\/index.php\/eskon-polku\/","og_locale":"fi_FI","og_type":"article","og_title":"eSKon polku - SK Pohjant\u00e4hti","og_description":"eSKon polku SK Pohjant\u00e4hden valmennuksen linjaus, eSKon polku, perustuu Suomen suunnistusliiton valmennuslinjauksiin.","og_url":"https:\/\/skpohjantahti.fi\/index.php\/eskon-polku\/","og_site_name":"SK Pohjant\u00e4hti","article_publisher":"https:\/\/www.facebook.com\/skpohjantahti","article_modified_time":"2026-01-22T06:12:15+00:00","og_image":[{"width":1600,"height":887,"url":"https:\/\/skpohjantahti.fi\/uudet\/wp-content\/uploads\/2026\/01\/eSKon-polku.jpeg","type":"image\/jpeg"}],"twitter_card":"summary_large_image","twitter_misc":{"Arvioitu lukuaika":"2 minuuttia"},"schema":{"@context":"https:\/\/schema.org","@graph":[{"@type":"WebPage","@id":"https:\/\/skpohjantahti.fi\/index.php\/eskon-polku\/","url":"https:\/\/skpohjantahti.fi\/index.php\/eskon-polku\/","name":"eSKon polku - SK Pohjant\u00e4hti","isPartOf":{"@id":"https:\/\/skpohjantahti.fi\/#website"},"primaryImageOfPage":{"@id":"https:\/\/skpohjantahti.fi\/index.php\/eskon-polku\/#primaryimage"},"image":{"@id":"https:\/\/skpohjantahti.fi\/index.php\/eskon-polku\/#primaryimage"},"thumbnailUrl":"https:\/\/skpohjantahti.fi\/uudet\/wp-content\/uploads\/2026\/01\/eSKon-polku-1024x568.jpeg","datePublished":"2022-11-14T10:06:42+00:00","dateModified":"2026-01-22T06:12:15+00:00","description":"eSKon polku SK Pohjant\u00e4hden valmennuksen linjaus, eSKon polku, perustuu Suomen suunnistusliiton valmennuslinjauksiin.","breadcrumb":{"@id":"https:\/\/skpohjantahti.fi\/index.php\/eskon-polku\/#breadcrumb"},"inLanguage":"fi","potentialAction":[{"@type":"ReadAction","target":["https:\/\/skpohjantahti.fi\/index.php\/eskon-polku\/"]}]},{"@type":"ImageObject","inLanguage":"fi","@id":"https:\/\/skpohjantahti.fi\/index.php\/eskon-polku\/#primaryimage","url":"https:\/\/skpohjantahti.fi\/uudet\/wp-content\/uploads\/2026\/01\/eSKon-polku.jpeg","contentUrl":"https:\/\/skpohjantahti.fi\/uudet\/wp-content\/uploads\/2026\/01\/eSKon-polku.jpeg","width":1600,"height":887},{"@type":"BreadcrumbList","@id":"https:\/\/skpohjantahti.fi\/index.php\/eskon-polku\/#breadcrumb","itemListElement":[{"@type":"ListItem","position":1,"name":"Etusivu","item":"https:\/\/skpohjantahti.fi\/"},{"@type":"ListItem","position":2,"name":"eSKon polku"}]},{"@type":"WebSite","@id":"https:\/\/skpohjantahti.fi\/#website","url":"https:\/\/skpohjantahti.fi\/","name":"SK Pohjant\u00e4hti","description":"Oululainen suunnistusseura","publisher":{"@id":"https:\/\/skpohjantahti.fi\/#organization"},"potentialAction":[{"@type":"SearchAction","target":{"@type":"EntryPoint","urlTemplate":"https:\/\/skpohjantahti.fi\/?s={search_term_string}"},"query-input":{"@type":"PropertyValueSpecification","valueRequired":true,"valueName":"search_term_string"}}],"inLanguage":"fi"},{"@type":"Organization","@id":"https:\/\/skpohjantahti.fi\/#organization","name":"SK Pohjant\u00e4hti","url":"https:\/\/skpohjantahti.fi\/","logo":{"@type":"ImageObject","inLanguage":"fi","@id":"https:\/\/skpohjantahti.fi\/#\/schema\/logo\/image\/","url":"https:\/\/skpohjantahti.fi\/uudet\/wp-content\/uploads\/2022\/04\/cropped-pohjantahti_log_netti_pieni.jpg","contentUrl":"https:\/\/skpohjantahti.fi\/uudet\/wp-content\/uploads\/2022\/04\/cropped-pohjantahti_log_netti_pieni.jpg","width":198,"height":66,"caption":"SK Pohjant\u00e4hti"},"image":{"@id":"https:\/\/skpohjantahti.fi\/#\/schema\/logo\/image\/"},"sameAs":["https:\/\/www.facebook.com\/skpohjantahti","https:\/\/www.instagram.com\/sk_pohjantahti\/"]}]}},"_links":{"self":[{"href":"https:\/\/skpohjantahti.fi\/index.php\/wp-json\/wp\/v2\/pages\/1743","targetHints":{"allow":["GET"]}}],"collection":[{"href":"https:\/\/skpohjantahti.fi\/index.php\/wp-json\/wp\/v2\/pages"}],"about":[{"href":"https:\/\/skpohjantahti.fi\/index.php\/wp-json\/wp\/v2\/types\/page"}],"author":[{"embeddable":true,"href":"https:\/\/skpohjantahti.fi\/index.php\/wp-json\/wp\/v2\/users\/2"}],"replies":[{"embeddable":true,"href":"https:\/\/skpohjantahti.fi\/index.php\/wp-json\/wp\/v2\/comments?post=1743"}],"version-history":[{"count":25,"href":"https:\/\/skpohjantahti.fi\/index.php\/wp-json\/wp\/v2\/pages\/1743\/revisions"}],"predecessor-version":[{"id":5475,"href":"https:\/\/skpohjantahti.fi\/index.php\/wp-json\/wp\/v2\/pages\/1743\/revisions\/5475"}],"wp:attachment":[{"href":"https:\/\/skpohjantahti.fi\/index.php\/wp-json\/wp\/v2\/media?parent=1743"}],"curies":[{"name":"wp","href":"https:\/\/api.w.org\/{rel}","templated":true}]}}