{"id":1801,"date":"2022-11-19T08:53:31","date_gmt":"2022-11-19T08:53:31","guid":{"rendered":"https:\/\/skpohjantahti.fi\/?page_id=1801"},"modified":"2022-11-19T09:06:13","modified_gmt":"2022-11-19T09:06:13","slug":"laanila-23-11-2022","status":"publish","type":"page","link":"https:\/\/skpohjantahti.fi\/index.php\/laanila-23-11-2022\/","title":{"rendered":"Laanila 23.11.2022"},"content":{"rendered":"\t\t<div data-elementor-type=\"wp-page\" data-elementor-id=\"1801\" class=\"elementor elementor-1801\">\n\t\t\t\t\t\t<section class=\"elementor-section elementor-top-section elementor-element elementor-element-d580ffa elementor-section-boxed elementor-section-height-default elementor-section-height-default\" data-id=\"d580ffa\" data-element_type=\"section\">\n\t\t\t\t\t\t<div class=\"elementor-container elementor-column-gap-default\">\n\t\t\t\t\t<div class=\"elementor-column elementor-col-100 elementor-top-column elementor-element elementor-element-f5c1972\" data-id=\"f5c1972\" data-element_type=\"column\">\n\t\t\t<div class=\"elementor-widget-wrap elementor-element-populated\">\n\t\t\t\t\t\t<div class=\"elementor-element elementor-element-8652718 elementor-widget elementor-widget-heading\" data-id=\"8652718\" data-element_type=\"widget\" data-widget_type=\"heading.default\">\n\t\t\t\t<div class=\"elementor-widget-container\">\n\t\t\t\t\t<h2 class=\"elementor-heading-title elementor-size-default\">Laanila 23.11.2022<\/h2>\t\t\t\t<\/div>\n\t\t\t\t<\/div>\n\t\t\t\t\t<\/div>\n\t\t<\/div>\n\t\t\t\t\t<\/div>\n\t\t<\/section>\n\t\t\t\t<section class=\"elementor-section elementor-top-section elementor-element elementor-element-652c504 elementor-section-boxed elementor-section-height-default elementor-section-height-default\" data-id=\"652c504\" data-element_type=\"section\">\n\t\t\t\t\t\t<div class=\"elementor-container elementor-column-gap-default\">\n\t\t\t\t\t<div class=\"elementor-column elementor-col-100 elementor-top-column elementor-element elementor-element-4d34a15\" data-id=\"4d34a15\" data-element_type=\"column\">\n\t\t\t<div class=\"elementor-widget-wrap elementor-element-populated\">\n\t\t\t\t\t\t<div class=\"elementor-element elementor-element-dcebd83 elementor-widget elementor-widget-text-editor\" data-id=\"dcebd83\" data-element_type=\"widget\" data-widget_type=\"text-editor.default\">\n\t\t\t\t<div class=\"elementor-widget-container\">\n\t\t\t\t\t\t\t\t\t<p>Laanilassa on luvassa haastavia reitinvalintateht\u00e4vi\u00e4. Useat tiet pirstovat suunnistusalueen ja erityist\u00e4 varovaisuutta onkin noudatettava teiden ylityksiss\u00e4. Karttaan merkittyj\u00e4 teiden ylityspaikkoja on ehdottomasti kunnioitettava. Kartan alueella on my\u00f6s rautatie, jonka ylitt\u00e4minen on ehdottomasti kielletty\u00e4. Seikkailurata kiert\u00e4\u00e4 turvallisessa ymp\u00e4rist\u00f6ss\u00e4 Tuiran uimarannan ymp\u00e4rist\u00f6ss\u00e4.<\/p>\n<p>L\u00e4ht\u00f6 ja maali ovat Tuiran uimarannan huoltorakennuksen luona, osoite on Koskitie 58. Alueella on niukasti parkkipaikkoja ja auto kannattaakin j\u00e4tt\u00e4\u00e4 v\u00e4h\u00e4n kauemmaksi tapahtumapaikasta.<\/p>\n<p>Ratatiedot:<\/p>\n<p>Eliitti: 4,1km \/ 17 rastia, 1:4000<\/p>\n<p>Aktiivi: 3,3km \/ 13 rastia, 1:4000<\/p>\n<p>Seikkailu: 1,4km \/ 12 rastia, 1:3000<\/p>\t\t\t\t\t\t\t\t<\/div>\n\t\t\t\t<\/div>\n\t\t\t\t\t<\/div>\n\t\t<\/div>\n\t\t\t\t\t<\/div>\n\t\t<\/section>\n\t\t\t\t<\/div>\n\t\t","protected":false},"excerpt":{"rendered":"<p>Laanila 23.11.2022 Laanilassa on luvassa haastavia reitinvalintateht\u00e4vi\u00e4. Useat tiet pirstovat suunnistusalueen ja erityist\u00e4 varovaisuutta onkin noudatettava teiden ylityksiss\u00e4. Karttaan merkittyj\u00e4 teiden ylityspaikkoja on ehdottomasti kunnioitettava. Kartan alueella on my\u00f6s rautatie, jonka ylitt\u00e4minen on ehdottomasti kielletty\u00e4. Seikkailurata kiert\u00e4\u00e4 turvallisessa ymp\u00e4rist\u00f6ss\u00e4 Tuiran uimarannan ymp\u00e4rist\u00f6ss\u00e4. L\u00e4ht\u00f6 ja maali ovat Tuiran uimarannan huoltorakennuksen luona, osoite on Koskitie 58. Alueella [&hellip;]<\/p>\n","protected":false},"author":2,"featured_media":0,"parent":0,"menu_order":0,"comment_status":"closed","ping_status":"closed","template":"","meta":{"site-sidebar-layout":"no-sidebar","site-content-layout":"page-builder","ast-site-content-layout":"default","site-content-style":"default","site-sidebar-style":"default","ast-global-header-display":"","ast-banner-title-visibility":"","ast-main-header-display":"","ast-hfb-above-header-display":"","ast-hfb-below-header-display":"","ast-hfb-mobile-header-display":"","site-post-title":"disabled","ast-breadcrumbs-content":"","ast-featured-img":"disabled","footer-sml-layout":"","ast-disable-related-posts":"","theme-transparent-header-meta":"","adv-header-id-meta":"","stick-header-meta":"","header-above-stick-meta":"","header-main-stick-meta":"","header-below-stick-meta":"","astra-migrate-meta-layouts":"default","ast-page-background-enabled":"default","ast-page-background-meta":{"desktop":{"background-color":"","background-image":"","background-repeat":"repeat","background-position":"center center","background-size":"auto","background-attachment":"scroll","background-type":"","background-media":"","overlay-type":"","overlay-color":"","overlay-opacity":"","overlay-gradient":""},"tablet":{"background-color":"","background-image":"","background-repeat":"repeat","background-position":"center center","background-size":"auto","background-attachment":"scroll","background-type":"","background-media":"","overlay-type":"","overlay-color":"","overlay-opacity":"","overlay-gradient":""},"mobile":{"background-color":"","background-image":"","background-repeat":"repeat","background-position":"center center","background-size":"auto","background-attachment":"scroll","background-type":"","background-media":"","overlay-type":"","overlay-color":"","overlay-opacity":"","overlay-gradient":""}},"ast-content-background-meta":{"desktop":{"background-color":"var(--ast-global-color-5)","background-image":"","background-repeat":"repeat","background-position":"center center","background-size":"auto","background-attachment":"scroll","background-type":"","background-media":"","overlay-type":"","overlay-color":"","overlay-opacity":"","overlay-gradient":""},"tablet":{"background-color":"var(--ast-global-color-5)","background-image":"","background-repeat":"repeat","background-position":"center center","background-size":"auto","background-attachment":"scroll","background-type":"","background-media":"","overlay-type":"","overlay-color":"","overlay-opacity":"","overlay-gradient":""},"mobile":{"background-color":"var(--ast-global-color-5)","background-image":"","background-repeat":"repeat","background-position":"center center","background-size":"auto","background-attachment":"scroll","background-type":"","background-media":"","overlay-type":"","overlay-color":"","overlay-opacity":"","overlay-gradient":""}},"footnotes":""},"class_list":["post-1801","page","type-page","status-publish","hentry"],"yoast_head":"<!-- This site is optimized with the Yoast SEO plugin v27.2 - https:\/\/yoast.com\/product\/yoast-seo-wordpress\/ -->\n<title>Laanila 23.11.2022 - SK Pohjant\u00e4hti<\/title>\n<meta name=\"robots\" content=\"index, follow, max-snippet:-1, max-image-preview:large, max-video-preview:-1\" \/>\n<link rel=\"canonical\" href=\"https:\/\/skpohjantahti.fi\/index.php\/laanila-23-11-2022\/\" \/>\n<meta property=\"og:locale\" content=\"fi_FI\" \/>\n<meta property=\"og:type\" content=\"article\" \/>\n<meta property=\"og:title\" content=\"Laanila 23.11.2022 - SK Pohjant\u00e4hti\" \/>\n<meta property=\"og:description\" content=\"Laanila 23.11.2022 Laanilassa on luvassa haastavia reitinvalintateht\u00e4vi\u00e4. Useat tiet pirstovat suunnistusalueen ja erityist\u00e4 varovaisuutta onkin noudatettava teiden ylityksiss\u00e4. Karttaan merkittyj\u00e4 teiden ylityspaikkoja on ehdottomasti kunnioitettava. Kartan alueella on my\u00f6s rautatie, jonka ylitt\u00e4minen on ehdottomasti kielletty\u00e4. Seikkailurata kiert\u00e4\u00e4 turvallisessa ymp\u00e4rist\u00f6ss\u00e4 Tuiran uimarannan ymp\u00e4rist\u00f6ss\u00e4. L\u00e4ht\u00f6 ja maali ovat Tuiran uimarannan huoltorakennuksen luona, osoite on Koskitie 58. Alueella [&hellip;]\" \/>\n<meta property=\"og:url\" content=\"https:\/\/skpohjantahti.fi\/index.php\/laanila-23-11-2022\/\" \/>\n<meta property=\"og:site_name\" content=\"SK Pohjant\u00e4hti\" \/>\n<meta property=\"article:publisher\" content=\"https:\/\/www.facebook.com\/skpohjantahti\" \/>\n<meta property=\"article:modified_time\" content=\"2022-11-19T09:06:13+00:00\" \/>\n<meta name=\"twitter:card\" content=\"summary_large_image\" \/>\n<script type=\"application\/ld+json\" class=\"yoast-schema-graph\">{\"@context\":\"https:\/\/schema.org\",\"@graph\":[{\"@type\":\"WebPage\",\"@id\":\"https:\/\/skpohjantahti.fi\/index.php\/laanila-23-11-2022\/\",\"url\":\"https:\/\/skpohjantahti.fi\/index.php\/laanila-23-11-2022\/\",\"name\":\"Laanila 23.11.2022 - SK Pohjant\u00e4hti\",\"isPartOf\":{\"@id\":\"https:\/\/skpohjantahti.fi\/#website\"},\"datePublished\":\"2022-11-19T08:53:31+00:00\",\"dateModified\":\"2022-11-19T09:06:13+00:00\",\"breadcrumb\":{\"@id\":\"https:\/\/skpohjantahti.fi\/index.php\/laanila-23-11-2022\/#breadcrumb\"},\"inLanguage\":\"fi\",\"potentialAction\":[{\"@type\":\"ReadAction\",\"target\":[\"https:\/\/skpohjantahti.fi\/index.php\/laanila-23-11-2022\/\"]}]},{\"@type\":\"BreadcrumbList\",\"@id\":\"https:\/\/skpohjantahti.fi\/index.php\/laanila-23-11-2022\/#breadcrumb\",\"itemListElement\":[{\"@type\":\"ListItem\",\"position\":1,\"name\":\"Etusivu\",\"item\":\"https:\/\/skpohjantahti.fi\/\"},{\"@type\":\"ListItem\",\"position\":2,\"name\":\"Laanila 23.11.2022\"}]},{\"@type\":\"WebSite\",\"@id\":\"https:\/\/skpohjantahti.fi\/#website\",\"url\":\"https:\/\/skpohjantahti.fi\/\",\"name\":\"SK Pohjant\u00e4hti\",\"description\":\"Oululainen suunnistusseura\",\"publisher\":{\"@id\":\"https:\/\/skpohjantahti.fi\/#organization\"},\"potentialAction\":[{\"@type\":\"SearchAction\",\"target\":{\"@type\":\"EntryPoint\",\"urlTemplate\":\"https:\/\/skpohjantahti.fi\/?s={search_term_string}\"},\"query-input\":{\"@type\":\"PropertyValueSpecification\",\"valueRequired\":true,\"valueName\":\"search_term_string\"}}],\"inLanguage\":\"fi\"},{\"@type\":\"Organization\",\"@id\":\"https:\/\/skpohjantahti.fi\/#organization\",\"name\":\"SK Pohjant\u00e4hti\",\"url\":\"https:\/\/skpohjantahti.fi\/\",\"logo\":{\"@type\":\"ImageObject\",\"inLanguage\":\"fi\",\"@id\":\"https:\/\/skpohjantahti.fi\/#\/schema\/logo\/image\/\",\"url\":\"https:\/\/skpohjantahti.fi\/uudet\/wp-content\/uploads\/2022\/04\/cropped-pohjantahti_log_netti_pieni.jpg\",\"contentUrl\":\"https:\/\/skpohjantahti.fi\/uudet\/wp-content\/uploads\/2022\/04\/cropped-pohjantahti_log_netti_pieni.jpg\",\"width\":198,\"height\":66,\"caption\":\"SK Pohjant\u00e4hti\"},\"image\":{\"@id\":\"https:\/\/skpohjantahti.fi\/#\/schema\/logo\/image\/\"},\"sameAs\":[\"https:\/\/www.facebook.com\/skpohjantahti\",\"https:\/\/www.instagram.com\/sk_pohjantahti\/\"]}]}<\/script>\n<!-- \/ Yoast SEO plugin. -->","yoast_head_json":{"title":"Laanila 23.11.2022 - SK Pohjant\u00e4hti","robots":{"index":"index","follow":"follow","max-snippet":"max-snippet:-1","max-image-preview":"max-image-preview:large","max-video-preview":"max-video-preview:-1"},"canonical":"https:\/\/skpohjantahti.fi\/index.php\/laanila-23-11-2022\/","og_locale":"fi_FI","og_type":"article","og_title":"Laanila 23.11.2022 - SK Pohjant\u00e4hti","og_description":"Laanila 23.11.2022 Laanilassa on luvassa haastavia reitinvalintateht\u00e4vi\u00e4. Useat tiet pirstovat suunnistusalueen ja erityist\u00e4 varovaisuutta onkin noudatettava teiden ylityksiss\u00e4. Karttaan merkittyj\u00e4 teiden ylityspaikkoja on ehdottomasti kunnioitettava. Kartan alueella on my\u00f6s rautatie, jonka ylitt\u00e4minen on ehdottomasti kielletty\u00e4. Seikkailurata kiert\u00e4\u00e4 turvallisessa ymp\u00e4rist\u00f6ss\u00e4 Tuiran uimarannan ymp\u00e4rist\u00f6ss\u00e4. L\u00e4ht\u00f6 ja maali ovat Tuiran uimarannan huoltorakennuksen luona, osoite on Koskitie 58. Alueella [&hellip;]","og_url":"https:\/\/skpohjantahti.fi\/index.php\/laanila-23-11-2022\/","og_site_name":"SK Pohjant\u00e4hti","article_publisher":"https:\/\/www.facebook.com\/skpohjantahti","article_modified_time":"2022-11-19T09:06:13+00:00","twitter_card":"summary_large_image","schema":{"@context":"https:\/\/schema.org","@graph":[{"@type":"WebPage","@id":"https:\/\/skpohjantahti.fi\/index.php\/laanila-23-11-2022\/","url":"https:\/\/skpohjantahti.fi\/index.php\/laanila-23-11-2022\/","name":"Laanila 23.11.2022 - SK Pohjant\u00e4hti","isPartOf":{"@id":"https:\/\/skpohjantahti.fi\/#website"},"datePublished":"2022-11-19T08:53:31+00:00","dateModified":"2022-11-19T09:06:13+00:00","breadcrumb":{"@id":"https:\/\/skpohjantahti.fi\/index.php\/laanila-23-11-2022\/#breadcrumb"},"inLanguage":"fi","potentialAction":[{"@type":"ReadAction","target":["https:\/\/skpohjantahti.fi\/index.php\/laanila-23-11-2022\/"]}]},{"@type":"BreadcrumbList","@id":"https:\/\/skpohjantahti.fi\/index.php\/laanila-23-11-2022\/#breadcrumb","itemListElement":[{"@type":"ListItem","position":1,"name":"Etusivu","item":"https:\/\/skpohjantahti.fi\/"},{"@type":"ListItem","position":2,"name":"Laanila 23.11.2022"}]},{"@type":"WebSite","@id":"https:\/\/skpohjantahti.fi\/#website","url":"https:\/\/skpohjantahti.fi\/","name":"SK Pohjant\u00e4hti","description":"Oululainen suunnistusseura","publisher":{"@id":"https:\/\/skpohjantahti.fi\/#organization"},"potentialAction":[{"@type":"SearchAction","target":{"@type":"EntryPoint","urlTemplate":"https:\/\/skpohjantahti.fi\/?s={search_term_string}"},"query-input":{"@type":"PropertyValueSpecification","valueRequired":true,"valueName":"search_term_string"}}],"inLanguage":"fi"},{"@type":"Organization","@id":"https:\/\/skpohjantahti.fi\/#organization","name":"SK Pohjant\u00e4hti","url":"https:\/\/skpohjantahti.fi\/","logo":{"@type":"ImageObject","inLanguage":"fi","@id":"https:\/\/skpohjantahti.fi\/#\/schema\/logo\/image\/","url":"https:\/\/skpohjantahti.fi\/uudet\/wp-content\/uploads\/2022\/04\/cropped-pohjantahti_log_netti_pieni.jpg","contentUrl":"https:\/\/skpohjantahti.fi\/uudet\/wp-content\/uploads\/2022\/04\/cropped-pohjantahti_log_netti_pieni.jpg","width":198,"height":66,"caption":"SK Pohjant\u00e4hti"},"image":{"@id":"https:\/\/skpohjantahti.fi\/#\/schema\/logo\/image\/"},"sameAs":["https:\/\/www.facebook.com\/skpohjantahti","https:\/\/www.instagram.com\/sk_pohjantahti\/"]}]}},"_links":{"self":[{"href":"https:\/\/skpohjantahti.fi\/index.php\/wp-json\/wp\/v2\/pages\/1801","targetHints":{"allow":["GET"]}}],"collection":[{"href":"https:\/\/skpohjantahti.fi\/index.php\/wp-json\/wp\/v2\/pages"}],"about":[{"href":"https:\/\/skpohjantahti.fi\/index.php\/wp-json\/wp\/v2\/types\/page"}],"author":[{"embeddable":true,"href":"https:\/\/skpohjantahti.fi\/index.php\/wp-json\/wp\/v2\/users\/2"}],"replies":[{"embeddable":true,"href":"https:\/\/skpohjantahti.fi\/index.php\/wp-json\/wp\/v2\/comments?post=1801"}],"version-history":[{"count":6,"href":"https:\/\/skpohjantahti.fi\/index.php\/wp-json\/wp\/v2\/pages\/1801\/revisions"}],"predecessor-version":[{"id":1811,"href":"https:\/\/skpohjantahti.fi\/index.php\/wp-json\/wp\/v2\/pages\/1801\/revisions\/1811"}],"wp:attachment":[{"href":"https:\/\/skpohjantahti.fi\/index.php\/wp-json\/wp\/v2\/media?parent=1801"}],"curies":[{"name":"wp","href":"https:\/\/api.w.org\/{rel}","templated":true}]}}