{"id":1887,"date":"2022-12-09T10:40:21","date_gmt":"2022-12-09T10:40:21","guid":{"rendered":"https:\/\/skpohjantahti.fi\/?page_id=1887"},"modified":"2022-12-09T13:40:41","modified_gmt":"2022-12-09T13:40:41","slug":"tietosuojaseloste","status":"publish","type":"page","link":"https:\/\/skpohjantahti.fi\/index.php\/tietosuojaseloste\/","title":{"rendered":"Tietosuojaseloste"},"content":{"rendered":"\t\t<div data-elementor-type=\"wp-page\" data-elementor-id=\"1887\" class=\"elementor elementor-1887\">\n\t\t\t\t\t\t<section class=\"elementor-section elementor-top-section elementor-element elementor-element-7bf40e6 elementor-section-boxed elementor-section-height-default elementor-section-height-default\" data-id=\"7bf40e6\" data-element_type=\"section\">\n\t\t\t\t\t\t<div class=\"elementor-container elementor-column-gap-default\">\n\t\t\t\t\t<div class=\"elementor-column elementor-col-100 elementor-top-column elementor-element elementor-element-ce65df9\" data-id=\"ce65df9\" data-element_type=\"column\">\n\t\t\t<div class=\"elementor-widget-wrap elementor-element-populated\">\n\t\t\t\t\t\t<div class=\"elementor-element elementor-element-154d7cd elementor-widget elementor-widget-heading\" data-id=\"154d7cd\" data-element_type=\"widget\" data-widget_type=\"heading.default\">\n\t\t\t\t<div class=\"elementor-widget-container\">\n\t\t\t\t\t<h2 class=\"elementor-heading-title elementor-size-default\">J\u00e4senrekisterin tietosuojaseloste<\/h2>\t\t\t\t<\/div>\n\t\t\t\t<\/div>\n\t\t\t\t\t<\/div>\n\t\t<\/div>\n\t\t\t\t\t<\/div>\n\t\t<\/section>\n\t\t\t\t<section class=\"elementor-section elementor-top-section elementor-element elementor-element-a259d8c elementor-section-boxed elementor-section-height-default elementor-section-height-default\" data-id=\"a259d8c\" data-element_type=\"section\">\n\t\t\t\t\t\t<div class=\"elementor-container elementor-column-gap-default\">\n\t\t\t\t\t<div class=\"elementor-column elementor-col-100 elementor-top-column elementor-element elementor-element-d1142b6\" data-id=\"d1142b6\" data-element_type=\"column\">\n\t\t\t<div class=\"elementor-widget-wrap elementor-element-populated\">\n\t\t\t\t\t\t<div class=\"elementor-element elementor-element-9b993eb elementor-widget elementor-widget-text-editor\" data-id=\"9b993eb\" data-element_type=\"widget\" data-widget_type=\"text-editor.default\">\n\t\t\t\t<div class=\"elementor-widget-container\">\n\t\t\t\t\t\t\t\t\t<p class=\"MsoNormal\">EU:n yleisen tietosuoja-asetuksen (GDPR) mukainen rekisteri- ja tietosuojaseloste.<\/p><p class=\"MsoNormal\">P\u00e4ivitetty 23.5.2018<\/p>\t\t\t\t\t\t\t\t<\/div>\n\t\t\t\t<\/div>\n\t\t\t\t<div class=\"elementor-element elementor-element-7455715 elementor-widget elementor-widget-heading\" data-id=\"7455715\" data-element_type=\"widget\" data-widget_type=\"heading.default\">\n\t\t\t\t<div class=\"elementor-widget-container\">\n\t\t\t\t\t<h5 class=\"elementor-heading-title elementor-size-default\"><p>1. Rekisterin yll\u00e4pit\u00e4j\u00e4<span style=\"font-size: 1.5rem;font-style: inherit\"><\/span><\/p><\/h5>\t\t\t\t<\/div>\n\t\t\t\t<\/div>\n\t\t\t\t<div class=\"elementor-element elementor-element-b3375a9 elementor-widget elementor-widget-text-editor\" data-id=\"b3375a9\" data-element_type=\"widget\" data-widget_type=\"text-editor.default\">\n\t\t\t\t<div class=\"elementor-widget-container\">\n\t\t\t\t\t\t\t\t\t<p class=\"MsoNormal\">Suunnistuskerho Pohjant\u00e4hti, Oulu ry<\/p><p class=\"MsoNormal\">Rautatienkatu 11<\/p><p class=\"MsoNormal\">90100 Oulu<\/p>\t\t\t\t\t\t\t\t<\/div>\n\t\t\t\t<\/div>\n\t\t\t\t<div class=\"elementor-element elementor-element-9b9c848 elementor-widget elementor-widget-heading\" data-id=\"9b9c848\" data-element_type=\"widget\" data-widget_type=\"heading.default\">\n\t\t\t\t<div class=\"elementor-widget-container\">\n\t\t\t\t\t<h5 class=\"elementor-heading-title elementor-size-default\"><p>2. Rekisteriasioiden yhteystieto<span style=\"font-size: 1.5rem;font-style: inherit\"><\/span><\/p><\/h5>\t\t\t\t<\/div>\n\t\t\t\t<\/div>\n\t\t\t\t<div class=\"elementor-element elementor-element-6bb1f3f elementor-widget elementor-widget-text-editor\" data-id=\"6bb1f3f\" data-element_type=\"widget\" data-widget_type=\"text-editor.default\">\n\t\t\t\t<div class=\"elementor-widget-container\">\n\t\t\t\t\t\t\t\t\t<p class=\"MsoNormal\">jasenasiat(a)skpohjantahti.fi<\/p>\t\t\t\t\t\t\t\t<\/div>\n\t\t\t\t<\/div>\n\t\t\t\t<div class=\"elementor-element elementor-element-6484481 elementor-widget elementor-widget-heading\" data-id=\"6484481\" data-element_type=\"widget\" data-widget_type=\"heading.default\">\n\t\t\t\t<div class=\"elementor-widget-container\">\n\t\t\t\t\t<h5 class=\"elementor-heading-title elementor-size-default\"><p>3. Henkil\u00f6tietojen k\u00e4ytt\u00f6tarkoitus<span style=\"font-size: 1.5rem;font-style: inherit\"><\/span><\/p><\/h5>\t\t\t\t<\/div>\n\t\t\t\t<\/div>\n\t\t\t\t<div class=\"elementor-element elementor-element-1472b54 elementor-widget elementor-widget-text-editor\" data-id=\"1472b54\" data-element_type=\"widget\" data-widget_type=\"text-editor.default\">\n\t\t\t\t<div class=\"elementor-widget-container\">\n\t\t\t\t\t\t\t\t\t<p class=\"MsoNormal\">Henkil\u00f6tietojen k\u00e4sittelyn tarkoituksena on:<\/p><p class=\"MsoNormal\">\u2022 j\u00e4senyyden hoitaminen<\/p><p class=\"MsoNormal\">\u2022 palveluiden toimittaminen<\/p><p class=\"MsoNormal\">\u2022 tiedotus<\/p>\t\t\t\t\t\t\t\t<\/div>\n\t\t\t\t<\/div>\n\t\t\t\t<div class=\"elementor-element elementor-element-fc55ed8 elementor-widget elementor-widget-heading\" data-id=\"fc55ed8\" data-element_type=\"widget\" data-widget_type=\"heading.default\">\n\t\t\t\t<div class=\"elementor-widget-container\">\n\t\t\t\t\t<h5 class=\"elementor-heading-title elementor-size-default\"><p class=\"MsoNormal\">4. Mit\u00e4 tietoja k\u00e4sittelemme?<\/p><\/h5>\t\t\t\t<\/div>\n\t\t\t\t<\/div>\n\t\t\t\t<div class=\"elementor-element elementor-element-1dc6ca8 elementor-widget elementor-widget-text-editor\" data-id=\"1dc6ca8\" data-element_type=\"widget\" data-widget_type=\"text-editor.default\">\n\t\t\t\t<div class=\"elementor-widget-container\">\n\t\t\t\t\t\t\t\t\t<p>K\u00e4sittelemme j\u00e4senrekisterin yhteydess\u00e4 seuraavia j\u00e4senen tai muun rekister\u00f6idyn k\u00e4ytt\u00e4j\u00e4n henkil\u00f6tietoja:<\/p><p>\u2022 rekister\u00f6idyn nimi<\/p><p>\u2022 rekister\u00f6idyn yhteystiedot kuten s\u00e4hk\u00f6postiosoite, puhelinnumero ja osoitetiedot<\/p><p>Tallennamme my\u00f6s nettisivuillamme uutisia ja tapahtumia laativien henkil\u00f6iden IP<span style=\"font-family: Calibri, sans-serif;\"><span style=\"font-size: 14.6667px;\">&#8211;<\/span><\/span>osoitteet.<\/p>\t\t\t\t\t\t\t\t<\/div>\n\t\t\t\t<\/div>\n\t\t\t\t<div class=\"elementor-element elementor-element-376ebcd elementor-widget elementor-widget-heading\" data-id=\"376ebcd\" data-element_type=\"widget\" data-widget_type=\"heading.default\">\n\t\t\t\t<div class=\"elementor-widget-container\">\n\t\t\t\t\t<h5 class=\"elementor-heading-title elementor-size-default\"><p class=\"MsoNormal\">5. Mist\u00e4 saamme tietoja?<\/p><\/h5>\t\t\t\t<\/div>\n\t\t\t\t<\/div>\n\t\t\t\t<div class=\"elementor-element elementor-element-89deae3 elementor-widget elementor-widget-text-editor\" data-id=\"89deae3\" data-element_type=\"widget\" data-widget_type=\"text-editor.default\">\n\t\t\t\t<div class=\"elementor-widget-container\">\n\t\t\t\t\t\t\t\t\t<p class=\"MsoNormal\">Saamme tietoja vain rekister\u00f6idylt\u00e4 itselt\u00e4\u00e4n.<\/p>\t\t\t\t\t\t\t\t<\/div>\n\t\t\t\t<\/div>\n\t\t\t\t<div class=\"elementor-element elementor-element-264cd61 elementor-widget elementor-widget-heading\" data-id=\"264cd61\" data-element_type=\"widget\" data-widget_type=\"heading.default\">\n\t\t\t\t<div class=\"elementor-widget-container\">\n\t\t\t\t\t<h5 class=\"elementor-heading-title elementor-size-default\"><p class=\"MsoNormal\">6. Tietojen luovuttaminen ja siirt\u00e4minen<\/p><\/h5>\t\t\t\t<\/div>\n\t\t\t\t<\/div>\n\t\t\t\t<div class=\"elementor-element elementor-element-bd084c5 elementor-widget elementor-widget-text-editor\" data-id=\"bd084c5\" data-element_type=\"widget\" data-widget_type=\"text-editor.default\">\n\t\t\t\t<div class=\"elementor-widget-container\">\n\t\t\t\t\t\t\t\t\t<p class=\"MsoNormal\">Tietoja voidaan rekisterinpit\u00e4j\u00e4n harkinnan perusteella luovuttaa kulloinkin voimassaolevan lains\u00e4\u00e4d\u00e4nn\u00f6n sallimissa ja velvoittamissa rajoissa yhteisty\u00f6kumppaneillemme, jollei rekister\u00f6ity ole kielt\u00e4nyt tietojen luovuttamista.<\/p><p class=\"MsoNormal\">Tietojen luovuttaminen yhteisty\u00f6kumppaneille tapahtuu vain k\u00e4ytt\u00f6tarkoituksiin, jotka tukevat rekisterin toiminta-ajatusta.<\/p>\t\t\t\t\t\t\t\t<\/div>\n\t\t\t\t<\/div>\n\t\t\t\t<div class=\"elementor-element elementor-element-0665961 elementor-widget elementor-widget-heading\" data-id=\"0665961\" data-element_type=\"widget\" data-widget_type=\"heading.default\">\n\t\t\t\t<div class=\"elementor-widget-container\">\n\t\t\t\t\t<h5 class=\"elementor-heading-title elementor-size-default\"><p>7. Tietojen oikeellisuus ja poistaminen<span style=\"font-size: 1.5rem;font-style: inherit\"><\/span><\/p><\/h5>\t\t\t\t<\/div>\n\t\t\t\t<\/div>\n\t\t\t\t<div class=\"elementor-element elementor-element-8392a52 elementor-widget elementor-widget-text-editor\" data-id=\"8392a52\" data-element_type=\"widget\" data-widget_type=\"text-editor.default\">\n\t\t\t\t<div class=\"elementor-widget-container\">\n\t\t\t\t\t\t\t\t\t<p class=\"MsoNormal\">Rekister\u00f6idyll\u00e4 on oikeus tarkastaa rekisteritietojen oikeellisuus yll\u00e4pit\u00e4j\u00e4lt\u00e4.<\/p><p class=\"MsoNormal\">Huolehdimme sellaisista kohtuullisista toimenpiteist\u00e4, joilla varmistetaan, ettei\u00a0<span style=\"font-style: inherit; font-weight: inherit;\">rekister\u00f6idyst\u00e4 s\u00e4ilytet\u00e4 rekisteriss\u00e4 yhteensopimattomia, vanhentuneita tai virheellisi\u00e4\u00a0<\/span><span style=\"font-style: inherit; font-weight: inherit;\">henkil\u00f6tietoja.<\/span><\/p><p class=\"MsoNormal\">Tietoja s\u00e4ilytet\u00e4\u00e4n niin kauan kuin rekister\u00f6ity on seuran j\u00e4sen. Tietoja voidaan my\u00f6s\u00a0<span style=\"font-style: inherit; font-weight: inherit;\">s\u00e4ilytt\u00e4\u00e4 j\u00e4senyyden j\u00e4lkeen, jos t\u00e4st\u00e4 erikseen sovitaan rekister\u00f6idyn kanssa.<\/span><\/p>\t\t\t\t\t\t\t\t<\/div>\n\t\t\t\t<\/div>\n\t\t\t\t<div class=\"elementor-element elementor-element-b133182 elementor-widget elementor-widget-heading\" data-id=\"b133182\" data-element_type=\"widget\" data-widget_type=\"heading.default\">\n\t\t\t\t<div class=\"elementor-widget-container\">\n\t\t\t\t\t<h5 class=\"elementor-heading-title elementor-size-default\"><p class=\"MsoNormal\">8. Tietojen suojaus<\/p><\/h5>\t\t\t\t<\/div>\n\t\t\t\t<\/div>\n\t\t\t\t<div class=\"elementor-element elementor-element-2a8074a elementor-widget elementor-widget-text-editor\" data-id=\"2a8074a\" data-element_type=\"widget\" data-widget_type=\"text-editor.default\">\n\t\t\t\t<div class=\"elementor-widget-container\">\n\t\t\t\t\t\t\t\t\t<p class=\"MsoNormal\">Rekisterin sis\u00e4lt\u00e4m\u00e4t tiedot ovat palomuurein, salasanoin ja muin tietoturvatoimialan yleisesti hyv\u00e4ksytt\u00e4vin teknisin keinoin suojattuja.<\/p><p class=\"MsoNormal\">Henkil\u00f6tietoja sis\u00e4lt\u00e4v\u00e4n j\u00e4rjestelm\u00e4n k\u00e4ytt\u00f6\u00f6n ovat oikeutettuja vain ne henkil\u00f6t, joilla toimenkuvansa puolesta on oikeus k\u00e4sitell\u00e4 asiakastietoja.<\/p>\t\t\t\t\t\t\t\t<\/div>\n\t\t\t\t<\/div>\n\t\t\t\t<div class=\"elementor-element elementor-element-15a8612 elementor-widget elementor-widget-heading\" data-id=\"15a8612\" data-element_type=\"widget\" data-widget_type=\"heading.default\">\n\t\t\t\t<div class=\"elementor-widget-container\">\n\t\t\t\t\t<h5 class=\"elementor-heading-title elementor-size-default\"><p class=\"MsoNormal\">9. Rekister\u00f6idyn oikeudet<\/h5>\t\t\t\t<\/div>\n\t\t\t\t<\/div>\n\t\t\t\t<div class=\"elementor-element elementor-element-95826bf elementor-widget elementor-widget-text-editor\" data-id=\"95826bf\" data-element_type=\"widget\" data-widget_type=\"text-editor.default\">\n\t\t\t\t<div class=\"elementor-widget-container\">\n\t\t\t\t\t\t\t\t\t<p class=\"MsoNormal\">Rekister\u00f6ityn\u00e4 sinulla on oikeus tarkastaa itse\u00e4si koskevat j\u00e4senrekisteriin tallennetuttiedot ja vaatia virheellisen tiedon oikaisua tai poistamista. Sinulla on my\u00f6s oikeus peruuttaa suostumuksesi tai muuttaa sit\u00e4.<\/p><p class=\"MsoNormal\">Rekister\u00f6ityn\u00e4 sinulla on tietosuoja-asetuksen mukaisesti oikeus vastustaa tai pyyt\u00e4\u00e4 tietojesi k\u00e4sittelyn rajoittamista sek\u00e4 tehd\u00e4 valitus henkil\u00f6tietojen k\u00e4sittelyst\u00e4 valvontaviranomaiselle.<\/p>\t\t\t\t\t\t\t\t<\/div>\n\t\t\t\t<\/div>\n\t\t\t\t\t<\/div>\n\t\t<\/div>\n\t\t\t\t\t<\/div>\n\t\t<\/section>\n\t\t\t\t<\/div>\n\t\t","protected":false},"excerpt":{"rendered":"<p>J\u00e4senrekisterin tietosuojaseloste EU:n yleisen tietosuoja-asetuksen (GDPR) mukainen rekisteri- ja tietosuojaseloste. P\u00e4ivitetty 23.5.2018 1. Rekisterin yll\u00e4pit\u00e4j\u00e4 Suunnistuskerho Pohjant\u00e4hti, Oulu ry Rautatienkatu 11 90100 Oulu 2. Rekisteriasioiden yhteystieto jasenasiat(a)skpohjantahti.fi 3. Henkil\u00f6tietojen k\u00e4ytt\u00f6tarkoitus Henkil\u00f6tietojen k\u00e4sittelyn tarkoituksena on: \u2022 j\u00e4senyyden hoitaminen \u2022 palveluiden toimittaminen \u2022 tiedotus 4. Mit\u00e4 tietoja k\u00e4sittelemme? K\u00e4sittelemme j\u00e4senrekisterin yhteydess\u00e4 seuraavia j\u00e4senen tai muun rekister\u00f6idyn k\u00e4ytt\u00e4j\u00e4n [&hellip;]<\/p>\n","protected":false},"author":2,"featured_media":0,"parent":0,"menu_order":0,"comment_status":"closed","ping_status":"closed","template":"","meta":{"site-sidebar-layout":"no-sidebar","site-content-layout":"page-builder","ast-site-content-layout":"default","site-content-style":"default","site-sidebar-style":"default","ast-global-header-display":"","ast-banner-title-visibility":"","ast-main-header-display":"","ast-hfb-above-header-display":"","ast-hfb-below-header-display":"","ast-hfb-mobile-header-display":"","site-post-title":"disabled","ast-breadcrumbs-content":"","ast-featured-img":"disabled","footer-sml-layout":"","ast-disable-related-posts":"","theme-transparent-header-meta":"default","adv-header-id-meta":"","stick-header-meta":"","header-above-stick-meta":"","header-main-stick-meta":"","header-below-stick-meta":"","astra-migrate-meta-layouts":"default","ast-page-background-enabled":"default","ast-page-background-meta":{"desktop":{"background-color":"","background-image":"","background-repeat":"repeat","background-position":"center center","background-size":"auto","background-attachment":"scroll","background-type":"","background-media":"","overlay-type":"","overlay-color":"","overlay-opacity":"","overlay-gradient":""},"tablet":{"background-color":"","background-image":"","background-repeat":"repeat","background-position":"center center","background-size":"auto","background-attachment":"scroll","background-type":"","background-media":"","overlay-type":"","overlay-color":"","overlay-opacity":"","overlay-gradient":""},"mobile":{"background-color":"","background-image":"","background-repeat":"repeat","background-position":"center center","background-size":"auto","background-attachment":"scroll","background-type":"","background-media":"","overlay-type":"","overlay-color":"","overlay-opacity":"","overlay-gradient":""}},"ast-content-background-meta":{"desktop":{"background-color":"var(--ast-global-color-5)","background-image":"","background-repeat":"repeat","background-position":"center center","background-size":"auto","background-attachment":"scroll","background-type":"","background-media":"","overlay-type":"","overlay-color":"","overlay-opacity":"","overlay-gradient":""},"tablet":{"background-color":"var(--ast-global-color-5)","background-image":"","background-repeat":"repeat","background-position":"center center","background-size":"auto","background-attachment":"scroll","background-type":"","background-media":"","overlay-type":"","overlay-color":"","overlay-opacity":"","overlay-gradient":""},"mobile":{"background-color":"var(--ast-global-color-5)","background-image":"","background-repeat":"repeat","background-position":"center center","background-size":"auto","background-attachment":"scroll","background-type":"","background-media":"","overlay-type":"","overlay-color":"","overlay-opacity":"","overlay-gradient":""}},"footnotes":""},"class_list":["post-1887","page","type-page","status-publish","hentry"],"yoast_head":"<!-- This site is optimized with the Yoast SEO plugin v27.2 - https:\/\/yoast.com\/product\/yoast-seo-wordpress\/ -->\n<title>Tietosuojaseloste - SK Pohjant\u00e4hti<\/title>\n<meta name=\"robots\" content=\"index, follow, max-snippet:-1, max-image-preview:large, max-video-preview:-1\" \/>\n<link rel=\"canonical\" href=\"https:\/\/skpohjantahti.fi\/index.php\/tietosuojaseloste\/\" \/>\n<meta property=\"og:locale\" content=\"fi_FI\" \/>\n<meta property=\"og:type\" content=\"article\" \/>\n<meta property=\"og:title\" content=\"Tietosuojaseloste - SK Pohjant\u00e4hti\" \/>\n<meta property=\"og:description\" content=\"J\u00e4senrekisterin tietosuojaseloste EU:n yleisen tietosuoja-asetuksen (GDPR) mukainen rekisteri- ja tietosuojaseloste. P\u00e4ivitetty 23.5.2018 1. Rekisterin yll\u00e4pit\u00e4j\u00e4 Suunnistuskerho Pohjant\u00e4hti, Oulu ry Rautatienkatu 11 90100 Oulu 2. Rekisteriasioiden yhteystieto jasenasiat(a)skpohjantahti.fi 3. Henkil\u00f6tietojen k\u00e4ytt\u00f6tarkoitus Henkil\u00f6tietojen k\u00e4sittelyn tarkoituksena on: \u2022 j\u00e4senyyden hoitaminen \u2022 palveluiden toimittaminen \u2022 tiedotus 4. Mit\u00e4 tietoja k\u00e4sittelemme? K\u00e4sittelemme j\u00e4senrekisterin yhteydess\u00e4 seuraavia j\u00e4senen tai muun rekister\u00f6idyn k\u00e4ytt\u00e4j\u00e4n [&hellip;]\" \/>\n<meta property=\"og:url\" content=\"https:\/\/skpohjantahti.fi\/index.php\/tietosuojaseloste\/\" \/>\n<meta property=\"og:site_name\" content=\"SK Pohjant\u00e4hti\" \/>\n<meta property=\"article:publisher\" content=\"https:\/\/www.facebook.com\/skpohjantahti\" \/>\n<meta property=\"article:modified_time\" content=\"2022-12-09T13:40:41+00:00\" \/>\n<meta name=\"twitter:card\" content=\"summary_large_image\" \/>\n<meta name=\"twitter:label1\" content=\"Arvioitu lukuaika\" \/>\n\t<meta name=\"twitter:data1\" content=\"2 minuuttia\" \/>\n<script type=\"application\/ld+json\" class=\"yoast-schema-graph\">{\"@context\":\"https:\/\/schema.org\",\"@graph\":[{\"@type\":\"WebPage\",\"@id\":\"https:\/\/skpohjantahti.fi\/index.php\/tietosuojaseloste\/\",\"url\":\"https:\/\/skpohjantahti.fi\/index.php\/tietosuojaseloste\/\",\"name\":\"Tietosuojaseloste - SK Pohjant\u00e4hti\",\"isPartOf\":{\"@id\":\"https:\/\/skpohjantahti.fi\/#website\"},\"datePublished\":\"2022-12-09T10:40:21+00:00\",\"dateModified\":\"2022-12-09T13:40:41+00:00\",\"breadcrumb\":{\"@id\":\"https:\/\/skpohjantahti.fi\/index.php\/tietosuojaseloste\/#breadcrumb\"},\"inLanguage\":\"fi\",\"potentialAction\":[{\"@type\":\"ReadAction\",\"target\":[\"https:\/\/skpohjantahti.fi\/index.php\/tietosuojaseloste\/\"]}]},{\"@type\":\"BreadcrumbList\",\"@id\":\"https:\/\/skpohjantahti.fi\/index.php\/tietosuojaseloste\/#breadcrumb\",\"itemListElement\":[{\"@type\":\"ListItem\",\"position\":1,\"name\":\"Etusivu\",\"item\":\"https:\/\/skpohjantahti.fi\/\"},{\"@type\":\"ListItem\",\"position\":2,\"name\":\"Tietosuojaseloste\"}]},{\"@type\":\"WebSite\",\"@id\":\"https:\/\/skpohjantahti.fi\/#website\",\"url\":\"https:\/\/skpohjantahti.fi\/\",\"name\":\"SK Pohjant\u00e4hti\",\"description\":\"Oululainen suunnistusseura\",\"publisher\":{\"@id\":\"https:\/\/skpohjantahti.fi\/#organization\"},\"potentialAction\":[{\"@type\":\"SearchAction\",\"target\":{\"@type\":\"EntryPoint\",\"urlTemplate\":\"https:\/\/skpohjantahti.fi\/?s={search_term_string}\"},\"query-input\":{\"@type\":\"PropertyValueSpecification\",\"valueRequired\":true,\"valueName\":\"search_term_string\"}}],\"inLanguage\":\"fi\"},{\"@type\":\"Organization\",\"@id\":\"https:\/\/skpohjantahti.fi\/#organization\",\"name\":\"SK Pohjant\u00e4hti\",\"url\":\"https:\/\/skpohjantahti.fi\/\",\"logo\":{\"@type\":\"ImageObject\",\"inLanguage\":\"fi\",\"@id\":\"https:\/\/skpohjantahti.fi\/#\/schema\/logo\/image\/\",\"url\":\"https:\/\/skpohjantahti.fi\/uudet\/wp-content\/uploads\/2022\/04\/cropped-pohjantahti_log_netti_pieni.jpg\",\"contentUrl\":\"https:\/\/skpohjantahti.fi\/uudet\/wp-content\/uploads\/2022\/04\/cropped-pohjantahti_log_netti_pieni.jpg\",\"width\":198,\"height\":66,\"caption\":\"SK Pohjant\u00e4hti\"},\"image\":{\"@id\":\"https:\/\/skpohjantahti.fi\/#\/schema\/logo\/image\/\"},\"sameAs\":[\"https:\/\/www.facebook.com\/skpohjantahti\",\"https:\/\/www.instagram.com\/sk_pohjantahti\/\"]}]}<\/script>\n<!-- \/ Yoast SEO plugin. -->","yoast_head_json":{"title":"Tietosuojaseloste - SK Pohjant\u00e4hti","robots":{"index":"index","follow":"follow","max-snippet":"max-snippet:-1","max-image-preview":"max-image-preview:large","max-video-preview":"max-video-preview:-1"},"canonical":"https:\/\/skpohjantahti.fi\/index.php\/tietosuojaseloste\/","og_locale":"fi_FI","og_type":"article","og_title":"Tietosuojaseloste - SK Pohjant\u00e4hti","og_description":"J\u00e4senrekisterin tietosuojaseloste EU:n yleisen tietosuoja-asetuksen (GDPR) mukainen rekisteri- ja tietosuojaseloste. P\u00e4ivitetty 23.5.2018 1. Rekisterin yll\u00e4pit\u00e4j\u00e4 Suunnistuskerho Pohjant\u00e4hti, Oulu ry Rautatienkatu 11 90100 Oulu 2. Rekisteriasioiden yhteystieto jasenasiat(a)skpohjantahti.fi 3. Henkil\u00f6tietojen k\u00e4ytt\u00f6tarkoitus Henkil\u00f6tietojen k\u00e4sittelyn tarkoituksena on: \u2022 j\u00e4senyyden hoitaminen \u2022 palveluiden toimittaminen \u2022 tiedotus 4. Mit\u00e4 tietoja k\u00e4sittelemme? K\u00e4sittelemme j\u00e4senrekisterin yhteydess\u00e4 seuraavia j\u00e4senen tai muun rekister\u00f6idyn k\u00e4ytt\u00e4j\u00e4n [&hellip;]","og_url":"https:\/\/skpohjantahti.fi\/index.php\/tietosuojaseloste\/","og_site_name":"SK Pohjant\u00e4hti","article_publisher":"https:\/\/www.facebook.com\/skpohjantahti","article_modified_time":"2022-12-09T13:40:41+00:00","twitter_card":"summary_large_image","twitter_misc":{"Arvioitu lukuaika":"2 minuuttia"},"schema":{"@context":"https:\/\/schema.org","@graph":[{"@type":"WebPage","@id":"https:\/\/skpohjantahti.fi\/index.php\/tietosuojaseloste\/","url":"https:\/\/skpohjantahti.fi\/index.php\/tietosuojaseloste\/","name":"Tietosuojaseloste - SK Pohjant\u00e4hti","isPartOf":{"@id":"https:\/\/skpohjantahti.fi\/#website"},"datePublished":"2022-12-09T10:40:21+00:00","dateModified":"2022-12-09T13:40:41+00:00","breadcrumb":{"@id":"https:\/\/skpohjantahti.fi\/index.php\/tietosuojaseloste\/#breadcrumb"},"inLanguage":"fi","potentialAction":[{"@type":"ReadAction","target":["https:\/\/skpohjantahti.fi\/index.php\/tietosuojaseloste\/"]}]},{"@type":"BreadcrumbList","@id":"https:\/\/skpohjantahti.fi\/index.php\/tietosuojaseloste\/#breadcrumb","itemListElement":[{"@type":"ListItem","position":1,"name":"Etusivu","item":"https:\/\/skpohjantahti.fi\/"},{"@type":"ListItem","position":2,"name":"Tietosuojaseloste"}]},{"@type":"WebSite","@id":"https:\/\/skpohjantahti.fi\/#website","url":"https:\/\/skpohjantahti.fi\/","name":"SK Pohjant\u00e4hti","description":"Oululainen suunnistusseura","publisher":{"@id":"https:\/\/skpohjantahti.fi\/#organization"},"potentialAction":[{"@type":"SearchAction","target":{"@type":"EntryPoint","urlTemplate":"https:\/\/skpohjantahti.fi\/?s={search_term_string}"},"query-input":{"@type":"PropertyValueSpecification","valueRequired":true,"valueName":"search_term_string"}}],"inLanguage":"fi"},{"@type":"Organization","@id":"https:\/\/skpohjantahti.fi\/#organization","name":"SK Pohjant\u00e4hti","url":"https:\/\/skpohjantahti.fi\/","logo":{"@type":"ImageObject","inLanguage":"fi","@id":"https:\/\/skpohjantahti.fi\/#\/schema\/logo\/image\/","url":"https:\/\/skpohjantahti.fi\/uudet\/wp-content\/uploads\/2022\/04\/cropped-pohjantahti_log_netti_pieni.jpg","contentUrl":"https:\/\/skpohjantahti.fi\/uudet\/wp-content\/uploads\/2022\/04\/cropped-pohjantahti_log_netti_pieni.jpg","width":198,"height":66,"caption":"SK Pohjant\u00e4hti"},"image":{"@id":"https:\/\/skpohjantahti.fi\/#\/schema\/logo\/image\/"},"sameAs":["https:\/\/www.facebook.com\/skpohjantahti","https:\/\/www.instagram.com\/sk_pohjantahti\/"]}]}},"_links":{"self":[{"href":"https:\/\/skpohjantahti.fi\/index.php\/wp-json\/wp\/v2\/pages\/1887","targetHints":{"allow":["GET"]}}],"collection":[{"href":"https:\/\/skpohjantahti.fi\/index.php\/wp-json\/wp\/v2\/pages"}],"about":[{"href":"https:\/\/skpohjantahti.fi\/index.php\/wp-json\/wp\/v2\/types\/page"}],"author":[{"embeddable":true,"href":"https:\/\/skpohjantahti.fi\/index.php\/wp-json\/wp\/v2\/users\/2"}],"replies":[{"embeddable":true,"href":"https:\/\/skpohjantahti.fi\/index.php\/wp-json\/wp\/v2\/comments?post=1887"}],"version-history":[{"count":23,"href":"https:\/\/skpohjantahti.fi\/index.php\/wp-json\/wp\/v2\/pages\/1887\/revisions"}],"predecessor-version":[{"id":1916,"href":"https:\/\/skpohjantahti.fi\/index.php\/wp-json\/wp\/v2\/pages\/1887\/revisions\/1916"}],"wp:attachment":[{"href":"https:\/\/skpohjantahti.fi\/index.php\/wp-json\/wp\/v2\/media?parent=1887"}],"curies":[{"name":"wp","href":"https:\/\/api.w.org\/{rel}","templated":true}]}}