{"id":2004,"date":"2022-12-14T10:34:23","date_gmt":"2022-12-14T10:34:23","guid":{"rendered":"https:\/\/skpohjantahti.fi\/?page_id=2004"},"modified":"2022-12-27T09:17:28","modified_gmt":"2022-12-27T09:17:28","slug":"sisainen_tiedotus","status":"publish","type":"page","link":"https:\/\/skpohjantahti.fi\/index.php\/sisainen_tiedotus\/","title":{"rendered":"Sis\u00e4inen tiedotus"},"content":{"rendered":"\t\t<div data-elementor-type=\"wp-page\" data-elementor-id=\"2004\" class=\"elementor elementor-2004\">\n\t\t\t\t\t\t<section class=\"elementor-section elementor-top-section elementor-element elementor-element-786e4c6 elementor-section-boxed elementor-section-height-default elementor-section-height-default\" data-id=\"786e4c6\" data-element_type=\"section\">\n\t\t\t\t\t\t<div class=\"elementor-container elementor-column-gap-default\">\n\t\t\t\t\t<div class=\"elementor-column elementor-col-100 elementor-top-column elementor-element elementor-element-5683c15\" data-id=\"5683c15\" data-element_type=\"column\">\n\t\t\t<div class=\"elementor-widget-wrap elementor-element-populated\">\n\t\t\t\t\t\t<div class=\"elementor-element elementor-element-920858e elementor-widget elementor-widget-heading\" data-id=\"920858e\" data-element_type=\"widget\" data-widget_type=\"heading.default\">\n\t\t\t\t<div class=\"elementor-widget-container\">\n\t\t\t\t\t<h2 class=\"elementor-heading-title elementor-size-default\"><div data-id=\"5853298\" data-element_type=\"widget\" data-widget_type=\"heading.default\" style=\"flex-direction: var(--flex-direction);flex-wrap: var(--flex-wrap);justify-content: var(--justify-content);align-items: var(--align-items);align-content: var(--align-content);gap: var(--gap);flex-basis: var(--flex-basis);flex-grow: var(--flex-grow);flex-shrink: var(--flex-shrink);align-self: var(--align-self);--widgets-spacing:20px;font-family: Montserrat, sans-serif;font-size: 16px;font-weight: 400;white-space: normal\"><div><h2>Seuran sis\u00e4inen tiedotus s\u00e4hk\u00f6postilla<\/h2><\/div><\/div><\/h2>\t\t\t\t<\/div>\n\t\t\t\t<\/div>\n\t\t\t\t\t<\/div>\n\t\t<\/div>\n\t\t\t\t\t<\/div>\n\t\t<\/section>\n\t\t\t\t<section class=\"elementor-section elementor-top-section elementor-element elementor-element-4024de7 elementor-section-boxed elementor-section-height-default elementor-section-height-default\" data-id=\"4024de7\" data-element_type=\"section\">\n\t\t\t\t\t\t<div class=\"elementor-container elementor-column-gap-default\">\n\t\t\t\t\t<div class=\"elementor-column elementor-col-100 elementor-top-column elementor-element elementor-element-91acf67\" data-id=\"91acf67\" data-element_type=\"column\">\n\t\t\t<div class=\"elementor-widget-wrap elementor-element-populated\">\n\t\t\t\t\t\t<div class=\"elementor-element elementor-element-185a9ef elementor-widget elementor-widget-text-editor\" data-id=\"185a9ef\" data-element_type=\"widget\" data-widget_type=\"text-editor.default\">\n\t\t\t\t<div class=\"elementor-widget-container\">\n\t\t\t\t\t\t\t\t\t<p>SK Pohjant\u00e4hden omia postituslistoja k\u00e4ytet\u00e4\u00e4n seuran sis\u00e4iseen tiedottamiseen. Haluttaessa l\u00e4hett\u00e4\u00e4 listalle viesti, lis\u00e4t\u00e4\u00e4n kyseisen listan nimi viestin vastaanottaja -kentt\u00e4\u00e4n. L\u00e4hett\u00e4minen listoille on mahdollista vain niist\u00e4 osoitteista, jotka ovat itsekin listan vastaanottajia. Tarvittaessa muitakin osoitteita voidaan lis\u00e4t\u00e4 sallituiksi l\u00e4hett\u00e4jiksi.<\/p><p>K\u00e4ytett\u00e4viss\u00e4 on seuraavat postituslistat:<\/p><ul><li><b>pohjantahti-tiedotus(a)skpohjantahti.fi<br \/><\/b>Listalla pyrit\u00e4\u00e4n pit\u00e4m\u00e4\u00e4n kaikki pohjant\u00e4htel\u00e4iset, jotka listalle haluavat.<\/li><li><b>pohjantahti-johto(a)skpohjantahti.fi<br \/><\/b>Listalla ovat johtokunnan j\u00e4senet.<\/li><\/ul><p>Lis\u00e4ksi ovat k\u00e4ytett\u00e4viss\u00e4 seuraavat s\u00e4hk\u00f6postiosoitteet, joiden kautta saat yhteyden asianomaisiin seuran toimihenkil\u00f6ihin:<\/p><ul><li><b>sihteeri(a)skpohjantahti.fi<\/b><\/li><li>Seuran toimintaan liittyv\u00e4t yleiset asiat<\/li><li><b>jasenasiat(a)skpohjantahti.fi<\/b><\/li><li>Seuran j\u00e4senyyteen liittyv\u00e4t yleiset asiat (MyClub, postituslistat, jne.)<\/li><li><b>hallinta(a)skpohjantahti.fi<\/b><\/li><li>Seuran nettisivuihin liittyv\u00e4t asiat<\/li><li><b>kilpailut(a)skpohjantahti.fi<\/b><\/li><li>Kilpailutoimintaan liittyv\u00e4 asiat<\/li><li><b>kartat(a)skpohjantahti.fi<\/b><\/li><li>Karttoihin liittyv\u00e4t asia<\/li><li><b>muuttolaatikot(a)skpohjantahti.fi<\/b><\/li><li>Muuttolaatikoiden vuokra<\/li><\/ul>\t\t\t\t\t\t\t\t<\/div>\n\t\t\t\t<\/div>\n\t\t\t\t\t<\/div>\n\t\t<\/div>\n\t\t\t\t\t<\/div>\n\t\t<\/section>\n\t\t\t\t<\/div>\n\t\t","protected":false},"excerpt":{"rendered":"<p>Seuran sis\u00e4inen tiedotus s\u00e4hk\u00f6postilla SK Pohjant\u00e4hden omia postituslistoja k\u00e4ytet\u00e4\u00e4n seuran sis\u00e4iseen tiedottamiseen. Haluttaessa l\u00e4hett\u00e4\u00e4 listalle viesti, lis\u00e4t\u00e4\u00e4n kyseisen listan nimi viestin vastaanottaja -kentt\u00e4\u00e4n. L\u00e4hett\u00e4minen listoille on mahdollista vain niist\u00e4 osoitteista, jotka ovat itsekin listan vastaanottajia. Tarvittaessa muitakin osoitteita voidaan lis\u00e4t\u00e4 sallituiksi l\u00e4hett\u00e4jiksi. K\u00e4ytett\u00e4viss\u00e4 on seuraavat postituslistat: pohjantahti-tiedotus(a)skpohjantahti.fi Listalla pyrit\u00e4\u00e4n pit\u00e4m\u00e4\u00e4n kaikki pohjant\u00e4htel\u00e4iset, jotka listalle haluavat. [&hellip;]<\/p>\n","protected":false},"author":2,"featured_media":0,"parent":0,"menu_order":0,"comment_status":"closed","ping_status":"closed","template":"","meta":{"site-sidebar-layout":"no-sidebar","site-content-layout":"page-builder","ast-site-content-layout":"default","site-content-style":"default","site-sidebar-style":"default","ast-global-header-display":"","ast-banner-title-visibility":"","ast-main-header-display":"","ast-hfb-above-header-display":"","ast-hfb-below-header-display":"","ast-hfb-mobile-header-display":"","site-post-title":"disabled","ast-breadcrumbs-content":"","ast-featured-img":"disabled","footer-sml-layout":"","ast-disable-related-posts":"","theme-transparent-header-meta":"default","adv-header-id-meta":"","stick-header-meta":"","header-above-stick-meta":"","header-main-stick-meta":"","header-below-stick-meta":"","astra-migrate-meta-layouts":"default","ast-page-background-enabled":"default","ast-page-background-meta":{"desktop":{"background-color":"","background-image":"","background-repeat":"repeat","background-position":"center center","background-size":"auto","background-attachment":"scroll","background-type":"","background-media":"","overlay-type":"","overlay-color":"","overlay-opacity":"","overlay-gradient":""},"tablet":{"background-color":"","background-image":"","background-repeat":"repeat","background-position":"center center","background-size":"auto","background-attachment":"scroll","background-type":"","background-media":"","overlay-type":"","overlay-color":"","overlay-opacity":"","overlay-gradient":""},"mobile":{"background-color":"","background-image":"","background-repeat":"repeat","background-position":"center center","background-size":"auto","background-attachment":"scroll","background-type":"","background-media":"","overlay-type":"","overlay-color":"","overlay-opacity":"","overlay-gradient":""}},"ast-content-background-meta":{"desktop":{"background-color":"var(--ast-global-color-5)","background-image":"","background-repeat":"repeat","background-position":"center center","background-size":"auto","background-attachment":"scroll","background-type":"","background-media":"","overlay-type":"","overlay-color":"","overlay-opacity":"","overlay-gradient":""},"tablet":{"background-color":"var(--ast-global-color-5)","background-image":"","background-repeat":"repeat","background-position":"center center","background-size":"auto","background-attachment":"scroll","background-type":"","background-media":"","overlay-type":"","overlay-color":"","overlay-opacity":"","overlay-gradient":""},"mobile":{"background-color":"var(--ast-global-color-5)","background-image":"","background-repeat":"repeat","background-position":"center center","background-size":"auto","background-attachment":"scroll","background-type":"","background-media":"","overlay-type":"","overlay-color":"","overlay-opacity":"","overlay-gradient":""}},"footnotes":""},"class_list":["post-2004","page","type-page","status-publish","hentry"],"yoast_head":"<!-- This site is optimized with the Yoast SEO plugin v27.2 - https:\/\/yoast.com\/product\/yoast-seo-wordpress\/ -->\n<title>Sis\u00e4inen tiedotus - SK Pohjant\u00e4hti<\/title>\n<meta name=\"description\" content=\"Seuran sis\u00e4inen tiedotus s\u00e4hk\u00f6postilla SK Pohjant\u00e4hden omia postituslistoja k\u00e4ytet\u00e4\u00e4n seuran sis\u00e4iseen tiedottamiseen.\" \/>\n<meta name=\"robots\" content=\"index, follow, max-snippet:-1, max-image-preview:large, max-video-preview:-1\" \/>\n<link rel=\"canonical\" href=\"https:\/\/skpohjantahti.fi\/index.php\/sisainen_tiedotus\/\" \/>\n<meta property=\"og:locale\" content=\"fi_FI\" \/>\n<meta property=\"og:type\" content=\"article\" \/>\n<meta property=\"og:title\" content=\"Sis\u00e4inen tiedotus - SK Pohjant\u00e4hti\" \/>\n<meta property=\"og:description\" content=\"Seuran sis\u00e4inen tiedotus s\u00e4hk\u00f6postilla SK Pohjant\u00e4hden omia postituslistoja k\u00e4ytet\u00e4\u00e4n seuran sis\u00e4iseen tiedottamiseen.\" \/>\n<meta property=\"og:url\" content=\"https:\/\/skpohjantahti.fi\/index.php\/sisainen_tiedotus\/\" \/>\n<meta property=\"og:site_name\" content=\"SK Pohjant\u00e4hti\" \/>\n<meta property=\"article:publisher\" content=\"https:\/\/www.facebook.com\/skpohjantahti\" \/>\n<meta property=\"article:modified_time\" content=\"2022-12-27T09:17:28+00:00\" \/>\n<meta name=\"twitter:card\" content=\"summary_large_image\" \/>\n<meta name=\"twitter:label1\" content=\"Arvioitu lukuaika\" \/>\n\t<meta name=\"twitter:data1\" content=\"1 minuutti\" \/>\n<script type=\"application\/ld+json\" class=\"yoast-schema-graph\">{\"@context\":\"https:\/\/schema.org\",\"@graph\":[{\"@type\":\"WebPage\",\"@id\":\"https:\/\/skpohjantahti.fi\/index.php\/sisainen_tiedotus\/\",\"url\":\"https:\/\/skpohjantahti.fi\/index.php\/sisainen_tiedotus\/\",\"name\":\"Sis\u00e4inen tiedotus - SK Pohjant\u00e4hti\",\"isPartOf\":{\"@id\":\"https:\/\/skpohjantahti.fi\/#website\"},\"datePublished\":\"2022-12-14T10:34:23+00:00\",\"dateModified\":\"2022-12-27T09:17:28+00:00\",\"description\":\"Seuran sis\u00e4inen tiedotus s\u00e4hk\u00f6postilla SK Pohjant\u00e4hden omia postituslistoja k\u00e4ytet\u00e4\u00e4n seuran sis\u00e4iseen tiedottamiseen.\",\"breadcrumb\":{\"@id\":\"https:\/\/skpohjantahti.fi\/index.php\/sisainen_tiedotus\/#breadcrumb\"},\"inLanguage\":\"fi\",\"potentialAction\":[{\"@type\":\"ReadAction\",\"target\":[\"https:\/\/skpohjantahti.fi\/index.php\/sisainen_tiedotus\/\"]}]},{\"@type\":\"BreadcrumbList\",\"@id\":\"https:\/\/skpohjantahti.fi\/index.php\/sisainen_tiedotus\/#breadcrumb\",\"itemListElement\":[{\"@type\":\"ListItem\",\"position\":1,\"name\":\"Etusivu\",\"item\":\"https:\/\/skpohjantahti.fi\/\"},{\"@type\":\"ListItem\",\"position\":2,\"name\":\"Sis\u00e4inen tiedotus\"}]},{\"@type\":\"WebSite\",\"@id\":\"https:\/\/skpohjantahti.fi\/#website\",\"url\":\"https:\/\/skpohjantahti.fi\/\",\"name\":\"SK Pohjant\u00e4hti\",\"description\":\"Oululainen suunnistusseura\",\"publisher\":{\"@id\":\"https:\/\/skpohjantahti.fi\/#organization\"},\"potentialAction\":[{\"@type\":\"SearchAction\",\"target\":{\"@type\":\"EntryPoint\",\"urlTemplate\":\"https:\/\/skpohjantahti.fi\/?s={search_term_string}\"},\"query-input\":{\"@type\":\"PropertyValueSpecification\",\"valueRequired\":true,\"valueName\":\"search_term_string\"}}],\"inLanguage\":\"fi\"},{\"@type\":\"Organization\",\"@id\":\"https:\/\/skpohjantahti.fi\/#organization\",\"name\":\"SK Pohjant\u00e4hti\",\"url\":\"https:\/\/skpohjantahti.fi\/\",\"logo\":{\"@type\":\"ImageObject\",\"inLanguage\":\"fi\",\"@id\":\"https:\/\/skpohjantahti.fi\/#\/schema\/logo\/image\/\",\"url\":\"https:\/\/skpohjantahti.fi\/uudet\/wp-content\/uploads\/2022\/04\/cropped-pohjantahti_log_netti_pieni.jpg\",\"contentUrl\":\"https:\/\/skpohjantahti.fi\/uudet\/wp-content\/uploads\/2022\/04\/cropped-pohjantahti_log_netti_pieni.jpg\",\"width\":198,\"height\":66,\"caption\":\"SK Pohjant\u00e4hti\"},\"image\":{\"@id\":\"https:\/\/skpohjantahti.fi\/#\/schema\/logo\/image\/\"},\"sameAs\":[\"https:\/\/www.facebook.com\/skpohjantahti\",\"https:\/\/www.instagram.com\/sk_pohjantahti\/\"]}]}<\/script>\n<!-- \/ Yoast SEO plugin. -->","yoast_head_json":{"title":"Sis\u00e4inen tiedotus - SK Pohjant\u00e4hti","description":"Seuran sis\u00e4inen tiedotus s\u00e4hk\u00f6postilla SK Pohjant\u00e4hden omia postituslistoja k\u00e4ytet\u00e4\u00e4n seuran sis\u00e4iseen tiedottamiseen.","robots":{"index":"index","follow":"follow","max-snippet":"max-snippet:-1","max-image-preview":"max-image-preview:large","max-video-preview":"max-video-preview:-1"},"canonical":"https:\/\/skpohjantahti.fi\/index.php\/sisainen_tiedotus\/","og_locale":"fi_FI","og_type":"article","og_title":"Sis\u00e4inen tiedotus - SK Pohjant\u00e4hti","og_description":"Seuran sis\u00e4inen tiedotus s\u00e4hk\u00f6postilla SK Pohjant\u00e4hden omia postituslistoja k\u00e4ytet\u00e4\u00e4n seuran sis\u00e4iseen tiedottamiseen.","og_url":"https:\/\/skpohjantahti.fi\/index.php\/sisainen_tiedotus\/","og_site_name":"SK Pohjant\u00e4hti","article_publisher":"https:\/\/www.facebook.com\/skpohjantahti","article_modified_time":"2022-12-27T09:17:28+00:00","twitter_card":"summary_large_image","twitter_misc":{"Arvioitu lukuaika":"1 minuutti"},"schema":{"@context":"https:\/\/schema.org","@graph":[{"@type":"WebPage","@id":"https:\/\/skpohjantahti.fi\/index.php\/sisainen_tiedotus\/","url":"https:\/\/skpohjantahti.fi\/index.php\/sisainen_tiedotus\/","name":"Sis\u00e4inen tiedotus - SK Pohjant\u00e4hti","isPartOf":{"@id":"https:\/\/skpohjantahti.fi\/#website"},"datePublished":"2022-12-14T10:34:23+00:00","dateModified":"2022-12-27T09:17:28+00:00","description":"Seuran sis\u00e4inen tiedotus s\u00e4hk\u00f6postilla SK Pohjant\u00e4hden omia postituslistoja k\u00e4ytet\u00e4\u00e4n seuran sis\u00e4iseen tiedottamiseen.","breadcrumb":{"@id":"https:\/\/skpohjantahti.fi\/index.php\/sisainen_tiedotus\/#breadcrumb"},"inLanguage":"fi","potentialAction":[{"@type":"ReadAction","target":["https:\/\/skpohjantahti.fi\/index.php\/sisainen_tiedotus\/"]}]},{"@type":"BreadcrumbList","@id":"https:\/\/skpohjantahti.fi\/index.php\/sisainen_tiedotus\/#breadcrumb","itemListElement":[{"@type":"ListItem","position":1,"name":"Etusivu","item":"https:\/\/skpohjantahti.fi\/"},{"@type":"ListItem","position":2,"name":"Sis\u00e4inen tiedotus"}]},{"@type":"WebSite","@id":"https:\/\/skpohjantahti.fi\/#website","url":"https:\/\/skpohjantahti.fi\/","name":"SK Pohjant\u00e4hti","description":"Oululainen suunnistusseura","publisher":{"@id":"https:\/\/skpohjantahti.fi\/#organization"},"potentialAction":[{"@type":"SearchAction","target":{"@type":"EntryPoint","urlTemplate":"https:\/\/skpohjantahti.fi\/?s={search_term_string}"},"query-input":{"@type":"PropertyValueSpecification","valueRequired":true,"valueName":"search_term_string"}}],"inLanguage":"fi"},{"@type":"Organization","@id":"https:\/\/skpohjantahti.fi\/#organization","name":"SK Pohjant\u00e4hti","url":"https:\/\/skpohjantahti.fi\/","logo":{"@type":"ImageObject","inLanguage":"fi","@id":"https:\/\/skpohjantahti.fi\/#\/schema\/logo\/image\/","url":"https:\/\/skpohjantahti.fi\/uudet\/wp-content\/uploads\/2022\/04\/cropped-pohjantahti_log_netti_pieni.jpg","contentUrl":"https:\/\/skpohjantahti.fi\/uudet\/wp-content\/uploads\/2022\/04\/cropped-pohjantahti_log_netti_pieni.jpg","width":198,"height":66,"caption":"SK Pohjant\u00e4hti"},"image":{"@id":"https:\/\/skpohjantahti.fi\/#\/schema\/logo\/image\/"},"sameAs":["https:\/\/www.facebook.com\/skpohjantahti","https:\/\/www.instagram.com\/sk_pohjantahti\/"]}]}},"_links":{"self":[{"href":"https:\/\/skpohjantahti.fi\/index.php\/wp-json\/wp\/v2\/pages\/2004","targetHints":{"allow":["GET"]}}],"collection":[{"href":"https:\/\/skpohjantahti.fi\/index.php\/wp-json\/wp\/v2\/pages"}],"about":[{"href":"https:\/\/skpohjantahti.fi\/index.php\/wp-json\/wp\/v2\/types\/page"}],"author":[{"embeddable":true,"href":"https:\/\/skpohjantahti.fi\/index.php\/wp-json\/wp\/v2\/users\/2"}],"replies":[{"embeddable":true,"href":"https:\/\/skpohjantahti.fi\/index.php\/wp-json\/wp\/v2\/comments?post=2004"}],"version-history":[{"count":21,"href":"https:\/\/skpohjantahti.fi\/index.php\/wp-json\/wp\/v2\/pages\/2004\/revisions"}],"predecessor-version":[{"id":2243,"href":"https:\/\/skpohjantahti.fi\/index.php\/wp-json\/wp\/v2\/pages\/2004\/revisions\/2243"}],"wp:attachment":[{"href":"https:\/\/skpohjantahti.fi\/index.php\/wp-json\/wp\/v2\/media?parent=2004"}],"curies":[{"name":"wp","href":"https:\/\/api.w.org\/{rel}","templated":true}]}}