{"id":2204,"date":"2022-12-22T13:07:25","date_gmt":"2022-12-22T13:07:25","guid":{"rendered":"https:\/\/skpohjantahti.fi\/?page_id=2204"},"modified":"2023-02-01T08:17:01","modified_gmt":"2023-02-01T08:17:01","slug":"miten-kilpailuihin","status":"publish","type":"page","link":"https:\/\/skpohjantahti.fi\/index.php\/miten-kilpailuihin\/","title":{"rendered":"Miten kilpailuihin"},"content":{"rendered":"\t\t<div data-elementor-type=\"wp-page\" data-elementor-id=\"2204\" class=\"elementor elementor-2204\">\n\t\t\t\t\t\t<section class=\"elementor-section elementor-top-section elementor-element elementor-element-648076c elementor-section-boxed elementor-section-height-default elementor-section-height-default\" data-id=\"648076c\" data-element_type=\"section\">\n\t\t\t\t\t\t<div class=\"elementor-container elementor-column-gap-default\">\n\t\t\t\t\t<div class=\"elementor-column elementor-col-100 elementor-top-column elementor-element elementor-element-367c74f\" data-id=\"367c74f\" data-element_type=\"column\">\n\t\t\t<div class=\"elementor-widget-wrap elementor-element-populated\">\n\t\t\t\t\t\t<div class=\"elementor-element elementor-element-dcdb24f elementor-widget elementor-widget-heading\" data-id=\"dcdb24f\" data-element_type=\"widget\" data-widget_type=\"heading.default\">\n\t\t\t\t<div class=\"elementor-widget-container\">\n\t\t\t\t\t<h2 class=\"elementor-heading-title elementor-size-default\">Miten kilpailuihin?<\/h2>\t\t\t\t<\/div>\n\t\t\t\t<\/div>\n\t\t\t\t<div class=\"elementor-element elementor-element-d92987e elementor-widget elementor-widget-text-editor\" data-id=\"d92987e\" data-element_type=\"widget\" data-widget_type=\"text-editor.default\">\n\t\t\t\t<div class=\"elementor-widget-container\">\n\t\t\t\t\t\t\t\t\t<p>Osallistuessasi suunnistusliiton j\u00e4rjest\u00e4miin kilpailuihin tarvitset kilpailulisenssin.<br \/>Sellaisen saat\u00a0<a class=\"navi2\" title=\"irma\" href=\"https:\/\/www.suunnistusliitto.fi\/liitto\/lisenssi\/\">SSL:n sivuilta<\/a>.<\/p><p>Pelk\u00e4st\u00e4\u00e4n iltarasteille ja Pohjant\u00e4hden omiin tapahtumiin osallistumiseen ei vaadita lisenssi\u00e4.<\/p><p align=\"left\">Kilpailuihin ilmoittautumiset hoidetaan suunnistusliiton <a href=\"https:\/\/irma.suunnistusliitto.fi\/irma\/public\/competitioncalendar\/view\">IRMA<\/a> tietoj\u00e4rjestelm\u00e4n kautta.<br \/>Kyseisess\u00e4 palvelussa ker\u00e4t\u00e4\u00e4n my\u00f6s viestijoukkueet ilmoittautumisten perusteella.<\/p><p>J\u00e4rjestelm\u00e4\u00e4n kirjaudutaan omalla lisenssinumerolla ja salasana on aluksi henkil\u00f6tunnuksen loppuosa, mik\u00e4 kannattaa vaihtaa heti ensimm\u00e4isell\u00e4 k\u00e4ytt\u00f6kerralla.<\/p><p>Lis\u00e4\u00e4 ohjeita IRMA:n k\u00e4yt\u00f6st\u00e4: <a class=\"navi2\" title=\"ohje\" href=\"https:\/\/www.suunnistusliitto.fi\/irma\/irma-ohjeet-suunnistaja\/\">IRMA:n aloitusohjeita.<\/a><\/p>\t\t\t\t\t\t\t\t<\/div>\n\t\t\t\t<\/div>\n\t\t\t\t\t<\/div>\n\t\t<\/div>\n\t\t\t\t\t<\/div>\n\t\t<\/section>\n\t\t\t\t<\/div>\n\t\t","protected":false},"excerpt":{"rendered":"<p>Miten kilpailuihin? Osallistuessasi suunnistusliiton j\u00e4rjest\u00e4miin kilpailuihin tarvitset kilpailulisenssin.Sellaisen saat\u00a0SSL:n sivuilta. Pelk\u00e4st\u00e4\u00e4n iltarasteille ja Pohjant\u00e4hden omiin tapahtumiin osallistumiseen ei vaadita lisenssi\u00e4. Kilpailuihin ilmoittautumiset hoidetaan suunnistusliiton IRMA tietoj\u00e4rjestelm\u00e4n kautta.Kyseisess\u00e4 palvelussa ker\u00e4t\u00e4\u00e4n my\u00f6s viestijoukkueet ilmoittautumisten perusteella. J\u00e4rjestelm\u00e4\u00e4n kirjaudutaan omalla lisenssinumerolla ja salasana on aluksi henkil\u00f6tunnuksen loppuosa, mik\u00e4 kannattaa vaihtaa heti ensimm\u00e4isell\u00e4 k\u00e4ytt\u00f6kerralla. Lis\u00e4\u00e4 ohjeita IRMA:n k\u00e4yt\u00f6st\u00e4: IRMA:n aloitusohjeita.<\/p>\n","protected":false},"author":2,"featured_media":0,"parent":0,"menu_order":0,"comment_status":"closed","ping_status":"closed","template":"","meta":{"site-sidebar-layout":"no-sidebar","site-content-layout":"page-builder","ast-site-content-layout":"default","site-content-style":"default","site-sidebar-style":"default","ast-global-header-display":"","ast-banner-title-visibility":"","ast-main-header-display":"","ast-hfb-above-header-display":"","ast-hfb-below-header-display":"","ast-hfb-mobile-header-display":"","site-post-title":"disabled","ast-breadcrumbs-content":"","ast-featured-img":"disabled","footer-sml-layout":"","ast-disable-related-posts":"","theme-transparent-header-meta":"default","adv-header-id-meta":"","stick-header-meta":"","header-above-stick-meta":"","header-main-stick-meta":"","header-below-stick-meta":"","astra-migrate-meta-layouts":"default","ast-page-background-enabled":"default","ast-page-background-meta":{"desktop":{"background-color":"","background-image":"","background-repeat":"repeat","background-position":"center center","background-size":"auto","background-attachment":"scroll","background-type":"","background-media":"","overlay-type":"","overlay-color":"","overlay-opacity":"","overlay-gradient":""},"tablet":{"background-color":"","background-image":"","background-repeat":"repeat","background-position":"center center","background-size":"auto","background-attachment":"scroll","background-type":"","background-media":"","overlay-type":"","overlay-color":"","overlay-opacity":"","overlay-gradient":""},"mobile":{"background-color":"","background-image":"","background-repeat":"repeat","background-position":"center center","background-size":"auto","background-attachment":"scroll","background-type":"","background-media":"","overlay-type":"","overlay-color":"","overlay-opacity":"","overlay-gradient":""}},"ast-content-background-meta":{"desktop":{"background-color":"var(--ast-global-color-5)","background-image":"","background-repeat":"repeat","background-position":"center center","background-size":"auto","background-attachment":"scroll","background-type":"","background-media":"","overlay-type":"","overlay-color":"","overlay-opacity":"","overlay-gradient":""},"tablet":{"background-color":"var(--ast-global-color-5)","background-image":"","background-repeat":"repeat","background-position":"center center","background-size":"auto","background-attachment":"scroll","background-type":"","background-media":"","overlay-type":"","overlay-color":"","overlay-opacity":"","overlay-gradient":""},"mobile":{"background-color":"var(--ast-global-color-5)","background-image":"","background-repeat":"repeat","background-position":"center center","background-size":"auto","background-attachment":"scroll","background-type":"","background-media":"","overlay-type":"","overlay-color":"","overlay-opacity":"","overlay-gradient":""}},"footnotes":""},"class_list":["post-2204","page","type-page","status-publish","hentry"],"yoast_head":"<!-- This site is optimized with the Yoast SEO plugin v27.2 - https:\/\/yoast.com\/product\/yoast-seo-wordpress\/ -->\n<title>Miten kilpailuihin - SK Pohjant\u00e4hti<\/title>\n<meta name=\"description\" content=\"Miten kilpailuihin Osallistuessasi suunnistusliiton j\u00e4rjest\u00e4miin kilpailuihin tarvitset kilpailulisenssin. Sellaisen saat SSL:n sivuilta.\" \/>\n<meta name=\"robots\" content=\"index, follow, max-snippet:-1, max-image-preview:large, max-video-preview:-1\" \/>\n<link rel=\"canonical\" href=\"https:\/\/skpohjantahti.fi\/index.php\/miten-kilpailuihin\/\" \/>\n<meta property=\"og:locale\" content=\"fi_FI\" \/>\n<meta property=\"og:type\" content=\"article\" \/>\n<meta property=\"og:title\" content=\"Miten kilpailuihin - SK Pohjant\u00e4hti\" \/>\n<meta property=\"og:description\" content=\"Miten kilpailuihin Osallistuessasi suunnistusliiton j\u00e4rjest\u00e4miin kilpailuihin tarvitset kilpailulisenssin. Sellaisen saat SSL:n sivuilta.\" \/>\n<meta property=\"og:url\" content=\"https:\/\/skpohjantahti.fi\/index.php\/miten-kilpailuihin\/\" \/>\n<meta property=\"og:site_name\" content=\"SK Pohjant\u00e4hti\" \/>\n<meta property=\"article:publisher\" content=\"https:\/\/www.facebook.com\/skpohjantahti\" \/>\n<meta property=\"article:modified_time\" content=\"2023-02-01T08:17:01+00:00\" \/>\n<meta name=\"twitter:card\" content=\"summary_large_image\" \/>\n<meta name=\"twitter:label1\" content=\"Arvioitu lukuaika\" \/>\n\t<meta name=\"twitter:data1\" content=\"1 minuutti\" \/>\n<script type=\"application\/ld+json\" class=\"yoast-schema-graph\">{\"@context\":\"https:\/\/schema.org\",\"@graph\":[{\"@type\":\"WebPage\",\"@id\":\"https:\/\/skpohjantahti.fi\/index.php\/miten-kilpailuihin\/\",\"url\":\"https:\/\/skpohjantahti.fi\/index.php\/miten-kilpailuihin\/\",\"name\":\"Miten kilpailuihin - SK Pohjant\u00e4hti\",\"isPartOf\":{\"@id\":\"https:\/\/skpohjantahti.fi\/#website\"},\"datePublished\":\"2022-12-22T13:07:25+00:00\",\"dateModified\":\"2023-02-01T08:17:01+00:00\",\"description\":\"Miten kilpailuihin Osallistuessasi suunnistusliiton j\u00e4rjest\u00e4miin kilpailuihin tarvitset kilpailulisenssin. Sellaisen saat SSL:n sivuilta.\",\"breadcrumb\":{\"@id\":\"https:\/\/skpohjantahti.fi\/index.php\/miten-kilpailuihin\/#breadcrumb\"},\"inLanguage\":\"fi\",\"potentialAction\":[{\"@type\":\"ReadAction\",\"target\":[\"https:\/\/skpohjantahti.fi\/index.php\/miten-kilpailuihin\/\"]}]},{\"@type\":\"BreadcrumbList\",\"@id\":\"https:\/\/skpohjantahti.fi\/index.php\/miten-kilpailuihin\/#breadcrumb\",\"itemListElement\":[{\"@type\":\"ListItem\",\"position\":1,\"name\":\"Etusivu\",\"item\":\"https:\/\/skpohjantahti.fi\/\"},{\"@type\":\"ListItem\",\"position\":2,\"name\":\"Miten kilpailuihin\"}]},{\"@type\":\"WebSite\",\"@id\":\"https:\/\/skpohjantahti.fi\/#website\",\"url\":\"https:\/\/skpohjantahti.fi\/\",\"name\":\"SK Pohjant\u00e4hti\",\"description\":\"Oululainen suunnistusseura\",\"publisher\":{\"@id\":\"https:\/\/skpohjantahti.fi\/#organization\"},\"potentialAction\":[{\"@type\":\"SearchAction\",\"target\":{\"@type\":\"EntryPoint\",\"urlTemplate\":\"https:\/\/skpohjantahti.fi\/?s={search_term_string}\"},\"query-input\":{\"@type\":\"PropertyValueSpecification\",\"valueRequired\":true,\"valueName\":\"search_term_string\"}}],\"inLanguage\":\"fi\"},{\"@type\":\"Organization\",\"@id\":\"https:\/\/skpohjantahti.fi\/#organization\",\"name\":\"SK Pohjant\u00e4hti\",\"url\":\"https:\/\/skpohjantahti.fi\/\",\"logo\":{\"@type\":\"ImageObject\",\"inLanguage\":\"fi\",\"@id\":\"https:\/\/skpohjantahti.fi\/#\/schema\/logo\/image\/\",\"url\":\"https:\/\/skpohjantahti.fi\/uudet\/wp-content\/uploads\/2022\/04\/cropped-pohjantahti_log_netti_pieni.jpg\",\"contentUrl\":\"https:\/\/skpohjantahti.fi\/uudet\/wp-content\/uploads\/2022\/04\/cropped-pohjantahti_log_netti_pieni.jpg\",\"width\":198,\"height\":66,\"caption\":\"SK Pohjant\u00e4hti\"},\"image\":{\"@id\":\"https:\/\/skpohjantahti.fi\/#\/schema\/logo\/image\/\"},\"sameAs\":[\"https:\/\/www.facebook.com\/skpohjantahti\",\"https:\/\/www.instagram.com\/sk_pohjantahti\/\"]}]}<\/script>\n<!-- \/ Yoast SEO plugin. -->","yoast_head_json":{"title":"Miten kilpailuihin - SK Pohjant\u00e4hti","description":"Miten kilpailuihin Osallistuessasi suunnistusliiton j\u00e4rjest\u00e4miin kilpailuihin tarvitset kilpailulisenssin. Sellaisen saat SSL:n sivuilta.","robots":{"index":"index","follow":"follow","max-snippet":"max-snippet:-1","max-image-preview":"max-image-preview:large","max-video-preview":"max-video-preview:-1"},"canonical":"https:\/\/skpohjantahti.fi\/index.php\/miten-kilpailuihin\/","og_locale":"fi_FI","og_type":"article","og_title":"Miten kilpailuihin - SK Pohjant\u00e4hti","og_description":"Miten kilpailuihin Osallistuessasi suunnistusliiton j\u00e4rjest\u00e4miin kilpailuihin tarvitset kilpailulisenssin. Sellaisen saat SSL:n sivuilta.","og_url":"https:\/\/skpohjantahti.fi\/index.php\/miten-kilpailuihin\/","og_site_name":"SK Pohjant\u00e4hti","article_publisher":"https:\/\/www.facebook.com\/skpohjantahti","article_modified_time":"2023-02-01T08:17:01+00:00","twitter_card":"summary_large_image","twitter_misc":{"Arvioitu lukuaika":"1 minuutti"},"schema":{"@context":"https:\/\/schema.org","@graph":[{"@type":"WebPage","@id":"https:\/\/skpohjantahti.fi\/index.php\/miten-kilpailuihin\/","url":"https:\/\/skpohjantahti.fi\/index.php\/miten-kilpailuihin\/","name":"Miten kilpailuihin - SK Pohjant\u00e4hti","isPartOf":{"@id":"https:\/\/skpohjantahti.fi\/#website"},"datePublished":"2022-12-22T13:07:25+00:00","dateModified":"2023-02-01T08:17:01+00:00","description":"Miten kilpailuihin Osallistuessasi suunnistusliiton j\u00e4rjest\u00e4miin kilpailuihin tarvitset kilpailulisenssin. Sellaisen saat SSL:n sivuilta.","breadcrumb":{"@id":"https:\/\/skpohjantahti.fi\/index.php\/miten-kilpailuihin\/#breadcrumb"},"inLanguage":"fi","potentialAction":[{"@type":"ReadAction","target":["https:\/\/skpohjantahti.fi\/index.php\/miten-kilpailuihin\/"]}]},{"@type":"BreadcrumbList","@id":"https:\/\/skpohjantahti.fi\/index.php\/miten-kilpailuihin\/#breadcrumb","itemListElement":[{"@type":"ListItem","position":1,"name":"Etusivu","item":"https:\/\/skpohjantahti.fi\/"},{"@type":"ListItem","position":2,"name":"Miten kilpailuihin"}]},{"@type":"WebSite","@id":"https:\/\/skpohjantahti.fi\/#website","url":"https:\/\/skpohjantahti.fi\/","name":"SK Pohjant\u00e4hti","description":"Oululainen suunnistusseura","publisher":{"@id":"https:\/\/skpohjantahti.fi\/#organization"},"potentialAction":[{"@type":"SearchAction","target":{"@type":"EntryPoint","urlTemplate":"https:\/\/skpohjantahti.fi\/?s={search_term_string}"},"query-input":{"@type":"PropertyValueSpecification","valueRequired":true,"valueName":"search_term_string"}}],"inLanguage":"fi"},{"@type":"Organization","@id":"https:\/\/skpohjantahti.fi\/#organization","name":"SK Pohjant\u00e4hti","url":"https:\/\/skpohjantahti.fi\/","logo":{"@type":"ImageObject","inLanguage":"fi","@id":"https:\/\/skpohjantahti.fi\/#\/schema\/logo\/image\/","url":"https:\/\/skpohjantahti.fi\/uudet\/wp-content\/uploads\/2022\/04\/cropped-pohjantahti_log_netti_pieni.jpg","contentUrl":"https:\/\/skpohjantahti.fi\/uudet\/wp-content\/uploads\/2022\/04\/cropped-pohjantahti_log_netti_pieni.jpg","width":198,"height":66,"caption":"SK Pohjant\u00e4hti"},"image":{"@id":"https:\/\/skpohjantahti.fi\/#\/schema\/logo\/image\/"},"sameAs":["https:\/\/www.facebook.com\/skpohjantahti","https:\/\/www.instagram.com\/sk_pohjantahti\/"]}]}},"_links":{"self":[{"href":"https:\/\/skpohjantahti.fi\/index.php\/wp-json\/wp\/v2\/pages\/2204","targetHints":{"allow":["GET"]}}],"collection":[{"href":"https:\/\/skpohjantahti.fi\/index.php\/wp-json\/wp\/v2\/pages"}],"about":[{"href":"https:\/\/skpohjantahti.fi\/index.php\/wp-json\/wp\/v2\/types\/page"}],"author":[{"embeddable":true,"href":"https:\/\/skpohjantahti.fi\/index.php\/wp-json\/wp\/v2\/users\/2"}],"replies":[{"embeddable":true,"href":"https:\/\/skpohjantahti.fi\/index.php\/wp-json\/wp\/v2\/comments?post=2204"}],"version-history":[{"count":10,"href":"https:\/\/skpohjantahti.fi\/index.php\/wp-json\/wp\/v2\/pages\/2204\/revisions"}],"predecessor-version":[{"id":2427,"href":"https:\/\/skpohjantahti.fi\/index.php\/wp-json\/wp\/v2\/pages\/2204\/revisions\/2427"}],"wp:attachment":[{"href":"https:\/\/skpohjantahti.fi\/index.php\/wp-json\/wp\/v2\/media?parent=2204"}],"curies":[{"name":"wp","href":"https:\/\/api.w.org\/{rel}","templated":true}]}}