{"id":2300,"date":"2023-01-04T09:55:52","date_gmt":"2023-01-04T09:55:52","guid":{"rendered":"https:\/\/skpohjantahti.fi\/?page_id=2300"},"modified":"2023-03-10T14:24:02","modified_gmt":"2023-03-10T14:24:02","slug":"muuttolaatikot","status":"publish","type":"page","link":"https:\/\/skpohjantahti.fi\/index.php\/muuttolaatikot\/","title":{"rendered":"muuttolaatikot"},"content":{"rendered":"\t\t<div data-elementor-type=\"wp-page\" data-elementor-id=\"2300\" class=\"elementor elementor-2300\">\n\t\t\t\t\t\t<section class=\"elementor-section elementor-top-section elementor-element elementor-element-9def4ce elementor-section-boxed elementor-section-height-default elementor-section-height-default\" data-id=\"9def4ce\" data-element_type=\"section\">\n\t\t\t\t\t\t\t<div class=\"elementor-background-overlay\"><\/div>\n\t\t\t\t\t\t\t<div class=\"elementor-container elementor-column-gap-default\">\n\t\t\t\t\t<div class=\"elementor-column elementor-col-100 elementor-top-column elementor-element elementor-element-4e11f3e\" data-id=\"4e11f3e\" data-element_type=\"column\">\n\t\t\t<div class=\"elementor-widget-wrap elementor-element-populated\">\n\t\t\t\t\t\t\t<\/div>\n\t\t<\/div>\n\t\t\t\t\t<\/div>\n\t\t<\/section>\n\t\t\t\t<section class=\"elementor-section elementor-top-section elementor-element elementor-element-cc78779 elementor-section-boxed elementor-section-height-default elementor-section-height-default\" data-id=\"cc78779\" data-element_type=\"section\" data-settings=\"{&quot;background_background&quot;:&quot;classic&quot;}\">\n\t\t\t\t\t\t\t<div class=\"elementor-background-overlay\"><\/div>\n\t\t\t\t\t\t\t<div class=\"elementor-container elementor-column-gap-default\">\n\t\t\t\t\t<div class=\"elementor-column elementor-col-100 elementor-top-column elementor-element elementor-element-6c0dd21\" data-id=\"6c0dd21\" data-element_type=\"column\">\n\t\t\t<div class=\"elementor-widget-wrap elementor-element-populated\">\n\t\t\t\t\t\t<section class=\"elementor-section elementor-inner-section elementor-element elementor-element-5a9e193 elementor-section-boxed elementor-section-height-default elementor-section-height-default\" data-id=\"5a9e193\" data-element_type=\"section\" data-settings=\"{&quot;background_background&quot;:&quot;classic&quot;}\">\n\t\t\t\t\t\t\t<div class=\"elementor-background-overlay\"><\/div>\n\t\t\t\t\t\t\t<div class=\"elementor-container elementor-column-gap-default\">\n\t\t\t\t\t<div class=\"elementor-column elementor-col-50 elementor-inner-column elementor-element elementor-element-4b62497\" data-id=\"4b62497\" data-element_type=\"column\">\n\t\t\t<div class=\"elementor-widget-wrap elementor-element-populated\">\n\t\t\t\t\t\t<div class=\"elementor-element elementor-element-8c4fc70 elementor-widget elementor-widget-heading\" data-id=\"8c4fc70\" data-element_type=\"widget\" data-widget_type=\"heading.default\">\n\t\t\t\t<div class=\"elementor-widget-container\">\n\t\t\t\t\t<h2 class=\"elementor-heading-title elementor-size-default\">SK Pohjant\u00e4hden muuttolaatikoiden vuokraus Oulussa<\/h2>\t\t\t\t<\/div>\n\t\t\t\t<\/div>\n\t\t\t\t<div class=\"elementor-element elementor-element-b2ea57d elementor-widget elementor-widget-text-editor\" data-id=\"b2ea57d\" data-element_type=\"widget\" data-widget_type=\"text-editor.default\">\n\t\t\t\t<div class=\"elementor-widget-container\">\n\t\t\t\t\t\t\t\t\t<p>Vuokraa meilt\u00e4 edulliset ja kest\u00e4v\u00e4t muuttolaatikot, jotka helpottavat muuttoa ja\u00a0 samalla tuet SK Pohjant\u00e4hden nuorten toimintaa.<\/p><p>Kest\u00e4viin muuttolaatikoihin pakattuna tavaraa on helppo ja nopea liikuttaa kantamalla tai nokkak\u00e4rryill\u00e4.\u00a0<\/p><p>Muuttolaatikkomme ovat tilavuudeltaan n. 52 litraa. Sis\u00e4mitat ovat noin 53 x 34 x 29 cm ja ulkomitat ovat 61 x 38 x 30 cm. Laatikot ovat pinottavia, joten niit\u00e4 on helppo kuljettaa paikasta toiseen.\u00a0<\/p><p>Muuttolaatikot on hyv\u00e4 varata kahta viikkoa ennen muuttop\u00e4iv\u00e4\u00e4. Laatikot voi noutaa varastoltamme sovittuna p\u00e4iv\u00e4n\u00e4, ja tarkemmat ohjeet noudosta saat varauksen vahvistamisen yhteydess\u00e4.<\/p><p>Kotimuutoissa tarvitaan keskim\u00e4\u00e4rin yksi laatikko\/neli\u00f6. Toimistomuutoissa tarvitaan yleens\u00e4 laatikko\/ 7 mappia.<\/p>\t\t\t\t\t\t\t\t<\/div>\n\t\t\t\t<\/div>\n\t\t\t\t<div class=\"elementor-element elementor-element-403e148 elementor-widget__width-initial elementor-widget elementor-widget-text-editor\" data-id=\"403e148\" data-element_type=\"widget\" id=\"#hinnasto\" data-widget_type=\"text-editor.default\">\n\t\t\t\t<div class=\"elementor-widget-container\">\n\t\t\t\t\t\t\t\t\t<h5>Hinnasto<\/h5><ul><li>Muuttolaatikoiden vuokraus 0,15 \u20ac\/p\u00e4iv\u00e4\/kpl<\/li><li>Nokkak\u00e4rryjen vuokraus 5,00 \u20ac<\/li><li>Palauttamaton tai rikkoutunut laatikko 15,00 \u20ac\/kpl<\/li><\/ul>\t\t\t\t\t\t\t\t<\/div>\n\t\t\t\t<\/div>\n\t\t\t\t<div class=\"elementor-element elementor-element-e004725 elementor-widget elementor-widget-text-editor\" data-id=\"e004725\" data-element_type=\"widget\" data-widget_type=\"text-editor.default\">\n\t\t\t\t<div class=\"elementor-widget-container\">\n\t\t\t\t\t\t\t\t\t<p>Jos sinulla on kysytt\u00e4v\u00e4\u00e4 muuttolaatikoiden vuokrauksesta tai tarvitset apua laatikoiden m\u00e4\u00e4r\u00e4n arvioinnissa, voit ottaa meihin yhteytt\u00e4 puhelimitse p. <strong>040 519 5624 <\/strong>tai s\u00e4hk\u00f6postilla muuttolaatikot(at)skpohjantahti.fi. Vastaamme mielell\u00e4mme kaikkiin kysymyksiisi ja autamme l\u00f6yt\u00e4m\u00e4\u00e4n sopivan ratkaisun muuttoa varten.<\/p>\t\t\t\t\t\t\t\t<\/div>\n\t\t\t\t<\/div>\n\t\t\t\t\t<\/div>\n\t\t<\/div>\n\t\t\t\t<div class=\"elementor-column elementor-col-50 elementor-inner-column elementor-element elementor-element-c368382\" data-id=\"c368382\" data-element_type=\"column\" data-settings=\"{&quot;background_background&quot;:&quot;classic&quot;}\">\n\t\t\t<div class=\"elementor-widget-wrap elementor-element-populated\">\n\t\t\t\t\t\t<div class=\"elementor-element elementor-element-dc50587 elementor-widget elementor-widget-wpforms\" data-id=\"dc50587\" data-element_type=\"widget\" data-widget_type=\"wpforms.default\">\n\t\t\t\t<div class=\"elementor-widget-container\">\n\t\t\t\t\t<div class=\"wpforms-container \" id=\"wpforms-2302\"><form id=\"wpforms-form-2302\" class=\"wpforms-validate wpforms-form wpforms-ajax-form\" data-formid=\"2302\" method=\"post\" enctype=\"multipart\/form-data\" action=\"\/index.php\/wp-json\/wp\/v2\/pages\/2300\" data-token=\"f52f2ce0189291182125f961a5404a03\" data-token-time=\"1777366800\"><div class=\"wpforms-head-container\"><div class=\"wpforms-title\">Tarjouspyynt\u00f6 muuttolaatikoiden vuokrauksesta<\/div><\/div><noscript class=\"wpforms-error-noscript\">Please enable JavaScript in your browser to complete this form.<\/noscript><div class=\"wpforms-field-container\"><div id=\"wpforms-2302-field_0-container\" class=\"wpforms-field wpforms-field-name\" data-field-id=\"0\"><label class=\"wpforms-field-label\" for=\"wpforms-2302-field_0\">Nimi <span class=\"wpforms-required-label\">*<\/span><\/label><input type=\"text\" id=\"wpforms-2302-field_0\" class=\"wpforms-field-medium wpforms-field-required\" name=\"wpforms[fields][0]\" required><div class=\"wpforms-field-description\">T\u00e4ll\u00e4 lomakkeella voit kysy\u00e4 tarjouksen SK Pohjant\u00e4hden muuttolaatikoiden vuokrauksesta. T\u00e4hdell\u00e4 (*) merkityt kent\u00e4t ovat pakollisia.<\/div><\/div><div id=\"wpforms-2302-field_1-container\" class=\"wpforms-field wpforms-field-email\" data-field-id=\"1\"><label class=\"wpforms-field-label\" for=\"wpforms-2302-field_1\">S\u00e4hk\u00f6posti <span class=\"wpforms-required-label\">*<\/span><\/label><input type=\"email\" id=\"wpforms-2302-field_1\" class=\"wpforms-field-medium wpforms-field-required\" name=\"wpforms[fields][1]\" spellcheck=\"false\" required><\/div><div id=\"wpforms-2302-field_7-container\" class=\"wpforms-field wpforms-field-number\" data-field-id=\"7\"><label class=\"wpforms-field-label\" for=\"wpforms-2302-field_7\">Puhelinnumero <span class=\"wpforms-required-label\">*<\/span><\/label><input type=\"number\" id=\"wpforms-2302-field_7\" class=\"wpforms-field-medium wpforms-field-required\" name=\"wpforms[fields][7]\" step=\"any\" required><\/div><div id=\"wpforms-2302-field_5-container\" class=\"wpforms-field wpforms-field-number-slider\" data-field-id=\"5\"><label class=\"wpforms-field-label\" for=\"wpforms-2302-field_5\">Kuinka monta laatikkoa tarvitset?<\/label>\n<input\n\ttype=\"range\"\n\tid=\"wpforms-2302-field_5\" class=\"wpforms-field-medium\" name=\"wpforms[fields][5]\" value=\"0\"\t\tmin=\"0\"\n\tmax=\"150\"\n\tstep=\"1\">\n\n<div class=\"wpforms-field-number-slider-hint\"\n\tdata-hint=\"Selected Value: {value}\">\n\tSelected Value: <b>0<\/b><\/div>\n<div class=\"wpforms-field-description\">Yleens\u00e4 muuttolaatikoita tarvitaan yksi laatikko yht\u00e4 neli\u00f6metri\u00e4 kohden. <\/div><\/div><div id=\"wpforms-2302-field_2-container\" class=\"wpforms-field wpforms-field-textarea\" data-field-id=\"2\"><label class=\"wpforms-field-label\" for=\"wpforms-2302-field_2\">Milloin tarvitset muuttolaatikot? <span class=\"wpforms-required-label\">*<\/span><\/label><textarea id=\"wpforms-2302-field_2\" class=\"wpforms-field-medium wpforms-field-required\" name=\"wpforms[fields][2]\" required><\/textarea><\/div><\/div><!-- .wpforms-field-container --><div class=\"wpforms-recaptcha-container wpforms-is-hcaptcha\" ><div class=\"h-captcha\" data-sitekey=\"d621e73e-1bef-4591-86c8-931ab3d329fc\"><\/div><input type=\"text\" name=\"g-recaptcha-hidden\" class=\"wpforms-recaptcha-hidden\" style=\"position:absolute!important;clip:rect(0,0,0,0)!important;height:1px!important;width:1px!important;border:0!important;overflow:hidden!important;padding:0!important;margin:0!important;\" data-rule-hcaptcha=\"1\"><\/div><div class=\"wpforms-submit-container\" ><input type=\"hidden\" name=\"wpforms[id]\" value=\"2302\"><input type=\"hidden\" name=\"page_title\" value=\"\"><input type=\"hidden\" name=\"page_url\" value=\"https:\/\/skpohjantahti.fi\/index.php\/wp-json\/wp\/v2\/pages\/2300\"><input type=\"hidden\" name=\"url_referer\" value=\"\"><button type=\"submit\" name=\"wpforms[submit]\" id=\"wpforms-submit-2302\" class=\"wpforms-submit\" data-alt-text=\"L\u00e4hetet\u00e4\u00e4n...\" data-submit-text=\"L\u00e4het\u00e4 tarjouspyynt\u00f6\" aria-live=\"assertive\" value=\"wpforms-submit\">L\u00e4het\u00e4 tarjouspyynt\u00f6<\/button><img decoding=\"async\" src=\"https:\/\/skpohjantahti.fi\/uudet\/wp-content\/plugins\/wpforms-lite\/assets\/images\/submit-spin.svg\" class=\"wpforms-submit-spinner\" style=\"display: none;\" width=\"26\" height=\"26\" alt=\"Loading\"><\/div><\/form><\/div>  <!-- .wpforms-container -->\t\t\t\t<\/div>\n\t\t\t\t<\/div>\n\t\t\t\t<div class=\"elementor-element elementor-element-a345abe elementor-widget elementor-widget-image\" data-id=\"a345abe\" data-element_type=\"widget\" data-widget_type=\"image.default\">\n\t\t\t\t<div class=\"elementor-widget-container\">\n\t\t\t\t\t\t\t\t\t\t\t\t\t\t\t<img fetchpriority=\"high\" decoding=\"async\" width=\"225\" height=\"300\" src=\"https:\/\/skpohjantahti.fi\/uudet\/wp-content\/uploads\/2023\/02\/muuttolaatikot1_2-225x300.png\" class=\"attachment-medium size-medium wp-image-2429\" alt=\"\" srcset=\"https:\/\/skpohjantahti.fi\/uudet\/wp-content\/uploads\/2023\/02\/muuttolaatikot1_2-225x300.png 225w, https:\/\/skpohjantahti.fi\/uudet\/wp-content\/uploads\/2023\/02\/muuttolaatikot1_2-768x1024.png 768w, https:\/\/skpohjantahti.fi\/uudet\/wp-content\/uploads\/2023\/02\/muuttolaatikot1_2-1152x1536.png 1152w, https:\/\/skpohjantahti.fi\/uudet\/wp-content\/uploads\/2023\/02\/muuttolaatikot1_2-1536x2048.png 1536w\" sizes=\"(max-width: 225px) 100vw, 225px\" \/>\t\t\t\t\t\t\t\t\t\t\t\t\t\t\t<\/div>\n\t\t\t\t<\/div>\n\t\t\t\t\t<\/div>\n\t\t<\/div>\n\t\t\t\t\t<\/div>\n\t\t<\/section>\n\t\t\t\t<section class=\"elementor-section elementor-inner-section elementor-element elementor-element-15e2688 elementor-section-boxed elementor-section-height-default elementor-section-height-default\" data-id=\"15e2688\" data-element_type=\"section\">\n\t\t\t\t\t\t<div class=\"elementor-container elementor-column-gap-default\">\n\t\t\t\t\t<div class=\"elementor-column elementor-col-50 elementor-inner-column elementor-element elementor-element-03f6ad1\" data-id=\"03f6ad1\" data-element_type=\"column\">\n\t\t\t<div class=\"elementor-widget-wrap\">\n\t\t\t\t\t\t\t<\/div>\n\t\t<\/div>\n\t\t\t\t<div class=\"elementor-column elementor-col-50 elementor-inner-column elementor-element elementor-element-dddb75b\" data-id=\"dddb75b\" data-element_type=\"column\">\n\t\t\t<div class=\"elementor-widget-wrap\">\n\t\t\t\t\t\t\t<\/div>\n\t\t<\/div>\n\t\t\t\t\t<\/div>\n\t\t<\/section>\n\t\t\t\t\t<\/div>\n\t\t<\/div>\n\t\t\t\t\t<\/div>\n\t\t<\/section>\n\t\t\t\t<\/div>\n\t\t","protected":false},"excerpt":{"rendered":"<p>SK Pohjant\u00e4hden muuttolaatikoiden vuokraus Oulussa Vuokraa meilt\u00e4 edulliset ja kest\u00e4v\u00e4t muuttolaatikot, jotka helpottavat muuttoa ja\u00a0 samalla tuet SK Pohjant\u00e4hden nuorten toimintaa. Kest\u00e4viin muuttolaatikoihin pakattuna tavaraa on helppo ja nopea liikuttaa kantamalla tai nokkak\u00e4rryill\u00e4.\u00a0 Muuttolaatikkomme ovat tilavuudeltaan n. 52 litraa. Sis\u00e4mitat ovat noin 53 x 34 x 29 cm ja ulkomitat ovat 61 x 38 x [&hellip;]<\/p>\n","protected":false},"author":2,"featured_media":0,"parent":0,"menu_order":0,"comment_status":"closed","ping_status":"closed","template":"","meta":{"site-sidebar-layout":"no-sidebar","site-content-layout":"page-builder","ast-site-content-layout":"default","site-content-style":"default","site-sidebar-style":"default","ast-global-header-display":"","ast-banner-title-visibility":"","ast-main-header-display":"","ast-hfb-above-header-display":"","ast-hfb-below-header-display":"","ast-hfb-mobile-header-display":"","site-post-title":"disabled","ast-breadcrumbs-content":"","ast-featured-img":"disabled","footer-sml-layout":"","ast-disable-related-posts":"","theme-transparent-header-meta":"default","adv-header-id-meta":"","stick-header-meta":"","header-above-stick-meta":"","header-main-stick-meta":"","header-below-stick-meta":"","astra-migrate-meta-layouts":"default","ast-page-background-enabled":"default","ast-page-background-meta":{"desktop":{"background-color":"","background-image":"","background-repeat":"repeat","background-position":"center center","background-size":"auto","background-attachment":"scroll","background-type":"","background-media":"","overlay-type":"","overlay-color":"","overlay-opacity":"","overlay-gradient":""},"tablet":{"background-color":"","background-image":"","background-repeat":"repeat","background-position":"center center","background-size":"auto","background-attachment":"scroll","background-type":"","background-media":"","overlay-type":"","overlay-color":"","overlay-opacity":"","overlay-gradient":""},"mobile":{"background-color":"","background-image":"","background-repeat":"repeat","background-position":"center center","background-size":"auto","background-attachment":"scroll","background-type":"","background-media":"","overlay-type":"","overlay-color":"","overlay-opacity":"","overlay-gradient":""}},"ast-content-background-meta":{"desktop":{"background-color":"var(--ast-global-color-5)","background-image":"","background-repeat":"repeat","background-position":"center center","background-size":"auto","background-attachment":"scroll","background-type":"","background-media":"","overlay-type":"","overlay-color":"","overlay-opacity":"","overlay-gradient":""},"tablet":{"background-color":"var(--ast-global-color-5)","background-image":"","background-repeat":"repeat","background-position":"center center","background-size":"auto","background-attachment":"scroll","background-type":"","background-media":"","overlay-type":"","overlay-color":"","overlay-opacity":"","overlay-gradient":""},"mobile":{"background-color":"var(--ast-global-color-5)","background-image":"","background-repeat":"repeat","background-position":"center center","background-size":"auto","background-attachment":"scroll","background-type":"","background-media":"","overlay-type":"","overlay-color":"","overlay-opacity":"","overlay-gradient":""}},"footnotes":""},"class_list":["post-2300","page","type-page","status-publish","hentry"],"yoast_head":"<!-- This site is optimized with the Yoast SEO plugin v27.4 - https:\/\/yoast.com\/product\/yoast-seo-wordpress\/ -->\n<title>muuttolaatikot - SK Pohjant\u00e4hti<\/title>\n<meta name=\"description\" content=\"% Vuokraa meilt\u00e4 edulliset ja kest\u00e4v\u00e4t muuttolaatikot. Samalla tuet SK Pohjant\u00e4hden nuorten toimintaa. Kest\u00e4viin muuttolaatikoihin pakattuna tavaraa on helppo ja nopea liikuttaa kantamalla tai nokkak\u00e4rryill\u00e4.\" \/>\n<meta name=\"robots\" content=\"index, follow, max-snippet:-1, max-image-preview:large, max-video-preview:-1\" \/>\n<link rel=\"canonical\" href=\"https:\/\/skpohjantahti.fi\/index.php\/muuttolaatikot\/\" \/>\n<meta property=\"og:locale\" content=\"fi_FI\" \/>\n<meta property=\"og:type\" content=\"article\" \/>\n<meta property=\"og:title\" content=\"muuttolaatikot - SK Pohjant\u00e4hti\" \/>\n<meta property=\"og:description\" content=\"% Vuokraa meilt\u00e4 edulliset ja kest\u00e4v\u00e4t muuttolaatikot. Samalla tuet SK Pohjant\u00e4hden nuorten toimintaa. Kest\u00e4viin muuttolaatikoihin pakattuna tavaraa on helppo ja nopea liikuttaa kantamalla tai nokkak\u00e4rryill\u00e4.\" \/>\n<meta property=\"og:url\" content=\"https:\/\/skpohjantahti.fi\/index.php\/muuttolaatikot\/\" \/>\n<meta property=\"og:site_name\" content=\"SK Pohjant\u00e4hti\" \/>\n<meta property=\"article:publisher\" content=\"https:\/\/www.facebook.com\/skpohjantahti\" \/>\n<meta property=\"article:modified_time\" content=\"2023-03-10T14:24:02+00:00\" \/>\n<meta property=\"og:image\" content=\"https:\/\/skpohjantahti.fi\/uudet\/wp-content\/uploads\/2023\/02\/muuttolaatikot1_2-225x300.png\" \/>\n<meta name=\"twitter:card\" content=\"summary_large_image\" \/>\n<meta name=\"twitter:label1\" content=\"Arvioitu lukuaika\" \/>\n\t<meta name=\"twitter:data1\" content=\"2 minuuttia\" \/>\n<script type=\"application\/ld+json\" class=\"yoast-schema-graph\">{\"@context\":\"https:\\\/\\\/schema.org\",\"@graph\":[{\"@type\":\"WebPage\",\"@id\":\"https:\\\/\\\/skpohjantahti.fi\\\/index.php\\\/muuttolaatikot\\\/\",\"url\":\"https:\\\/\\\/skpohjantahti.fi\\\/index.php\\\/muuttolaatikot\\\/\",\"name\":\"muuttolaatikot - SK Pohjant\u00e4hti\",\"isPartOf\":{\"@id\":\"https:\\\/\\\/skpohjantahti.fi\\\/#website\"},\"primaryImageOfPage\":{\"@id\":\"https:\\\/\\\/skpohjantahti.fi\\\/index.php\\\/muuttolaatikot\\\/#primaryimage\"},\"image\":{\"@id\":\"https:\\\/\\\/skpohjantahti.fi\\\/index.php\\\/muuttolaatikot\\\/#primaryimage\"},\"thumbnailUrl\":\"https:\\\/\\\/skpohjantahti.fi\\\/uudet\\\/wp-content\\\/uploads\\\/2023\\\/02\\\/muuttolaatikot1_2-225x300.png\",\"datePublished\":\"2023-01-04T09:55:52+00:00\",\"dateModified\":\"2023-03-10T14:24:02+00:00\",\"description\":\"% Vuokraa meilt\u00e4 edulliset ja kest\u00e4v\u00e4t muuttolaatikot. Samalla tuet SK Pohjant\u00e4hden nuorten toimintaa. Kest\u00e4viin muuttolaatikoihin pakattuna tavaraa on helppo ja nopea liikuttaa kantamalla tai nokkak\u00e4rryill\u00e4.\",\"breadcrumb\":{\"@id\":\"https:\\\/\\\/skpohjantahti.fi\\\/index.php\\\/muuttolaatikot\\\/#breadcrumb\"},\"inLanguage\":\"fi\",\"potentialAction\":[{\"@type\":\"ReadAction\",\"target\":[\"https:\\\/\\\/skpohjantahti.fi\\\/index.php\\\/muuttolaatikot\\\/\"]}]},{\"@type\":\"ImageObject\",\"inLanguage\":\"fi\",\"@id\":\"https:\\\/\\\/skpohjantahti.fi\\\/index.php\\\/muuttolaatikot\\\/#primaryimage\",\"url\":\"https:\\\/\\\/skpohjantahti.fi\\\/uudet\\\/wp-content\\\/uploads\\\/2023\\\/02\\\/muuttolaatikot1_2.png\",\"contentUrl\":\"https:\\\/\\\/skpohjantahti.fi\\\/uudet\\\/wp-content\\\/uploads\\\/2023\\\/02\\\/muuttolaatikot1_2.png\",\"width\":3072,\"height\":4096},{\"@type\":\"BreadcrumbList\",\"@id\":\"https:\\\/\\\/skpohjantahti.fi\\\/index.php\\\/muuttolaatikot\\\/#breadcrumb\",\"itemListElement\":[{\"@type\":\"ListItem\",\"position\":1,\"name\":\"Etusivu\",\"item\":\"https:\\\/\\\/skpohjantahti.fi\\\/\"},{\"@type\":\"ListItem\",\"position\":2,\"name\":\"muuttolaatikot\"}]},{\"@type\":\"WebSite\",\"@id\":\"https:\\\/\\\/skpohjantahti.fi\\\/#website\",\"url\":\"https:\\\/\\\/skpohjantahti.fi\\\/\",\"name\":\"SK Pohjant\u00e4hti\",\"description\":\"Oululainen suunnistusseura\",\"publisher\":{\"@id\":\"https:\\\/\\\/skpohjantahti.fi\\\/#organization\"},\"potentialAction\":[{\"@type\":\"SearchAction\",\"target\":{\"@type\":\"EntryPoint\",\"urlTemplate\":\"https:\\\/\\\/skpohjantahti.fi\\\/?s={search_term_string}\"},\"query-input\":{\"@type\":\"PropertyValueSpecification\",\"valueRequired\":true,\"valueName\":\"search_term_string\"}}],\"inLanguage\":\"fi\"},{\"@type\":\"Organization\",\"@id\":\"https:\\\/\\\/skpohjantahti.fi\\\/#organization\",\"name\":\"SK Pohjant\u00e4hti\",\"url\":\"https:\\\/\\\/skpohjantahti.fi\\\/\",\"logo\":{\"@type\":\"ImageObject\",\"inLanguage\":\"fi\",\"@id\":\"https:\\\/\\\/skpohjantahti.fi\\\/#\\\/schema\\\/logo\\\/image\\\/\",\"url\":\"https:\\\/\\\/skpohjantahti.fi\\\/uudet\\\/wp-content\\\/uploads\\\/2022\\\/04\\\/cropped-pohjantahti_log_netti_pieni.jpg\",\"contentUrl\":\"https:\\\/\\\/skpohjantahti.fi\\\/uudet\\\/wp-content\\\/uploads\\\/2022\\\/04\\\/cropped-pohjantahti_log_netti_pieni.jpg\",\"width\":198,\"height\":66,\"caption\":\"SK Pohjant\u00e4hti\"},\"image\":{\"@id\":\"https:\\\/\\\/skpohjantahti.fi\\\/#\\\/schema\\\/logo\\\/image\\\/\"},\"sameAs\":[\"https:\\\/\\\/www.facebook.com\\\/skpohjantahti\",\"https:\\\/\\\/www.instagram.com\\\/sk_pohjantahti\\\/\"]}]}<\/script>\n<!-- \/ Yoast SEO plugin. -->","yoast_head_json":{"title":"muuttolaatikot - SK Pohjant\u00e4hti","description":"% Vuokraa meilt\u00e4 edulliset ja kest\u00e4v\u00e4t muuttolaatikot. Samalla tuet SK Pohjant\u00e4hden nuorten toimintaa. Kest\u00e4viin muuttolaatikoihin pakattuna tavaraa on helppo ja nopea liikuttaa kantamalla tai nokkak\u00e4rryill\u00e4.","robots":{"index":"index","follow":"follow","max-snippet":"max-snippet:-1","max-image-preview":"max-image-preview:large","max-video-preview":"max-video-preview:-1"},"canonical":"https:\/\/skpohjantahti.fi\/index.php\/muuttolaatikot\/","og_locale":"fi_FI","og_type":"article","og_title":"muuttolaatikot - SK Pohjant\u00e4hti","og_description":"% Vuokraa meilt\u00e4 edulliset ja kest\u00e4v\u00e4t muuttolaatikot. Samalla tuet SK Pohjant\u00e4hden nuorten toimintaa. Kest\u00e4viin muuttolaatikoihin pakattuna tavaraa on helppo ja nopea liikuttaa kantamalla tai nokkak\u00e4rryill\u00e4.","og_url":"https:\/\/skpohjantahti.fi\/index.php\/muuttolaatikot\/","og_site_name":"SK Pohjant\u00e4hti","article_publisher":"https:\/\/www.facebook.com\/skpohjantahti","article_modified_time":"2023-03-10T14:24:02+00:00","og_image":[{"url":"https:\/\/skpohjantahti.fi\/uudet\/wp-content\/uploads\/2023\/02\/muuttolaatikot1_2-225x300.png","type":"","width":"","height":""}],"twitter_card":"summary_large_image","twitter_misc":{"Arvioitu lukuaika":"2 minuuttia"},"schema":{"@context":"https:\/\/schema.org","@graph":[{"@type":"WebPage","@id":"https:\/\/skpohjantahti.fi\/index.php\/muuttolaatikot\/","url":"https:\/\/skpohjantahti.fi\/index.php\/muuttolaatikot\/","name":"muuttolaatikot - SK Pohjant\u00e4hti","isPartOf":{"@id":"https:\/\/skpohjantahti.fi\/#website"},"primaryImageOfPage":{"@id":"https:\/\/skpohjantahti.fi\/index.php\/muuttolaatikot\/#primaryimage"},"image":{"@id":"https:\/\/skpohjantahti.fi\/index.php\/muuttolaatikot\/#primaryimage"},"thumbnailUrl":"https:\/\/skpohjantahti.fi\/uudet\/wp-content\/uploads\/2023\/02\/muuttolaatikot1_2-225x300.png","datePublished":"2023-01-04T09:55:52+00:00","dateModified":"2023-03-10T14:24:02+00:00","description":"% Vuokraa meilt\u00e4 edulliset ja kest\u00e4v\u00e4t muuttolaatikot. Samalla tuet SK Pohjant\u00e4hden nuorten toimintaa. Kest\u00e4viin muuttolaatikoihin pakattuna tavaraa on helppo ja nopea liikuttaa kantamalla tai nokkak\u00e4rryill\u00e4.","breadcrumb":{"@id":"https:\/\/skpohjantahti.fi\/index.php\/muuttolaatikot\/#breadcrumb"},"inLanguage":"fi","potentialAction":[{"@type":"ReadAction","target":["https:\/\/skpohjantahti.fi\/index.php\/muuttolaatikot\/"]}]},{"@type":"ImageObject","inLanguage":"fi","@id":"https:\/\/skpohjantahti.fi\/index.php\/muuttolaatikot\/#primaryimage","url":"https:\/\/skpohjantahti.fi\/uudet\/wp-content\/uploads\/2023\/02\/muuttolaatikot1_2.png","contentUrl":"https:\/\/skpohjantahti.fi\/uudet\/wp-content\/uploads\/2023\/02\/muuttolaatikot1_2.png","width":3072,"height":4096},{"@type":"BreadcrumbList","@id":"https:\/\/skpohjantahti.fi\/index.php\/muuttolaatikot\/#breadcrumb","itemListElement":[{"@type":"ListItem","position":1,"name":"Etusivu","item":"https:\/\/skpohjantahti.fi\/"},{"@type":"ListItem","position":2,"name":"muuttolaatikot"}]},{"@type":"WebSite","@id":"https:\/\/skpohjantahti.fi\/#website","url":"https:\/\/skpohjantahti.fi\/","name":"SK Pohjant\u00e4hti","description":"Oululainen suunnistusseura","publisher":{"@id":"https:\/\/skpohjantahti.fi\/#organization"},"potentialAction":[{"@type":"SearchAction","target":{"@type":"EntryPoint","urlTemplate":"https:\/\/skpohjantahti.fi\/?s={search_term_string}"},"query-input":{"@type":"PropertyValueSpecification","valueRequired":true,"valueName":"search_term_string"}}],"inLanguage":"fi"},{"@type":"Organization","@id":"https:\/\/skpohjantahti.fi\/#organization","name":"SK Pohjant\u00e4hti","url":"https:\/\/skpohjantahti.fi\/","logo":{"@type":"ImageObject","inLanguage":"fi","@id":"https:\/\/skpohjantahti.fi\/#\/schema\/logo\/image\/","url":"https:\/\/skpohjantahti.fi\/uudet\/wp-content\/uploads\/2022\/04\/cropped-pohjantahti_log_netti_pieni.jpg","contentUrl":"https:\/\/skpohjantahti.fi\/uudet\/wp-content\/uploads\/2022\/04\/cropped-pohjantahti_log_netti_pieni.jpg","width":198,"height":66,"caption":"SK Pohjant\u00e4hti"},"image":{"@id":"https:\/\/skpohjantahti.fi\/#\/schema\/logo\/image\/"},"sameAs":["https:\/\/www.facebook.com\/skpohjantahti","https:\/\/www.instagram.com\/sk_pohjantahti\/"]}]}},"_links":{"self":[{"href":"https:\/\/skpohjantahti.fi\/index.php\/wp-json\/wp\/v2\/pages\/2300","targetHints":{"allow":["GET"]}}],"collection":[{"href":"https:\/\/skpohjantahti.fi\/index.php\/wp-json\/wp\/v2\/pages"}],"about":[{"href":"https:\/\/skpohjantahti.fi\/index.php\/wp-json\/wp\/v2\/types\/page"}],"author":[{"embeddable":true,"href":"https:\/\/skpohjantahti.fi\/index.php\/wp-json\/wp\/v2\/users\/2"}],"replies":[{"embeddable":true,"href":"https:\/\/skpohjantahti.fi\/index.php\/wp-json\/wp\/v2\/comments?post=2300"}],"version-history":[{"count":44,"href":"https:\/\/skpohjantahti.fi\/index.php\/wp-json\/wp\/v2\/pages\/2300\/revisions"}],"predecessor-version":[{"id":2688,"href":"https:\/\/skpohjantahti.fi\/index.php\/wp-json\/wp\/v2\/pages\/2300\/revisions\/2688"}],"wp:attachment":[{"href":"https:\/\/skpohjantahti.fi\/index.php\/wp-json\/wp\/v2\/media?parent=2300"}],"curies":[{"name":"wp","href":"https:\/\/api.w.org\/{rel}","templated":true}]}}