{"id":2529,"date":"2023-02-22T14:23:00","date_gmt":"2023-02-22T14:23:00","guid":{"rendered":"https:\/\/skpohjantahti.fi\/?page_id=2529"},"modified":"2023-02-22T14:32:39","modified_gmt":"2023-02-22T14:32:39","slug":"talvisarja-25-2-kaukovainio","status":"publish","type":"page","link":"https:\/\/skpohjantahti.fi\/index.php\/talvisarja-25-2-kaukovainio\/","title":{"rendered":"Talvisarja 25.2.Kaukovainio"},"content":{"rendered":"\t\t<div data-elementor-type=\"wp-page\" data-elementor-id=\"2529\" class=\"elementor elementor-2529\">\n\t\t\t\t\t\t<section class=\"elementor-section elementor-top-section elementor-element elementor-element-6bc8287 elementor-section-boxed elementor-section-height-default elementor-section-height-default\" data-id=\"6bc8287\" data-element_type=\"section\">\n\t\t\t\t\t\t<div class=\"elementor-container elementor-column-gap-default\">\n\t\t\t\t\t<div class=\"elementor-column elementor-col-100 elementor-top-column elementor-element elementor-element-200dc7d\" data-id=\"200dc7d\" data-element_type=\"column\">\n\t\t\t<div class=\"elementor-widget-wrap elementor-element-populated\">\n\t\t\t\t\t\t<div class=\"elementor-element elementor-element-8ac3650 elementor-widget elementor-widget-heading\" data-id=\"8ac3650\" data-element_type=\"widget\" data-widget_type=\"heading.default\">\n\t\t\t\t<div class=\"elementor-widget-container\">\n\t\t\t\t\t<h2 class=\"elementor-heading-title elementor-size-default\">25.2. Kaukovainio<\/h2>\t\t\t\t<\/div>\n\t\t\t\t<\/div>\n\t\t\t\t\t<\/div>\n\t\t<\/div>\n\t\t\t\t\t<\/div>\n\t\t<\/section>\n\t\t\t\t<section class=\"elementor-section elementor-top-section elementor-element elementor-element-716b2b9 elementor-section-boxed elementor-section-height-default elementor-section-height-default\" data-id=\"716b2b9\" data-element_type=\"section\">\n\t\t\t\t\t\t<div class=\"elementor-container elementor-column-gap-default\">\n\t\t\t\t\t<div class=\"elementor-column elementor-col-100 elementor-top-column elementor-element elementor-element-cddea92\" data-id=\"cddea92\" data-element_type=\"column\">\n\t\t\t<div class=\"elementor-widget-wrap elementor-element-populated\">\n\t\t\t\t\t\t<section class=\"elementor-section elementor-inner-section elementor-element elementor-element-df7a4d9 elementor-section-boxed elementor-section-height-default elementor-section-height-default\" data-id=\"df7a4d9\" data-element_type=\"section\">\n\t\t\t\t\t\t<div class=\"elementor-container elementor-column-gap-default\">\n\t\t\t\t\t<div class=\"elementor-column elementor-col-50 elementor-inner-column elementor-element elementor-element-aba89b5\" data-id=\"aba89b5\" data-element_type=\"column\">\n\t\t\t<div class=\"elementor-widget-wrap elementor-element-populated\">\n\t\t\t\t\t\t<div class=\"elementor-element elementor-element-293a264 elementor-widget elementor-widget-text-editor\" data-id=\"293a264\" data-element_type=\"widget\" data-widget_type=\"text-editor.default\">\n\t\t\t\t<div class=\"elementor-widget-container\">\n\t\t\t\t\t\t\t\t\t<div><b>L\u00e4hd\u00f6t:<\/b>\u00a010:30-11:30, maali sulkeutuu klo 12:30.<\/div><div>\u00a0<\/div><div><b>Ratapituudet ja rastien m\u00e4\u00e4r\u00e4t: <\/b><\/div><div>A-rata, pituus 3,1 km (juosten noin 5) 17 rastia<\/div><div>B-rata, pituus 2,1 km (juosten noin 3,5) 12 rastia<\/div><div>C-rata pituus 1,2 km (juosten noin 1,8) 10 rastia, sopii perheen pienimmille.<\/div><div><p>Taitorata pituus 2 km (juosten noin 3) 15 rastia. Radalle piirretty kiellettyj\u00e4 alueita ja lis\u00e4tty esteit\u00e4. Rasteilla 1, 3, 11, 12, 14 ja 15 on kreppi, muuten samoja rastipisteit\u00e4 kuin kuntoradoissa.\u00a0<\/p><\/div><div><p><b>Kartta:<\/b>\u00a01:4000 sprinttikartta, kartoittaja Petri Karjalainen.<\/p><p><b>Leimaus:<\/b>\u00a0Emit<\/p><\/div><p>Karttaan on merkitty kielletyksi Merikotkantie, Maakotkantie ja Joutsentie, jotka saa ylitt\u00e4\u00e4 vain karttaan merkityist\u00e4 paikoista. Kukin rata ylitt\u00e4\u00e4 kyseiset tiet, joten tarkkana ja huolellisuutta liikenteen kanssa.<\/p>\t\t\t\t\t\t\t\t<\/div>\n\t\t\t\t<\/div>\n\t\t\t\t\t<\/div>\n\t\t<\/div>\n\t\t\t\t<div class=\"elementor-column elementor-col-50 elementor-inner-column elementor-element elementor-element-10c0108\" data-id=\"10c0108\" data-element_type=\"column\">\n\t\t\t<div class=\"elementor-widget-wrap elementor-element-populated\">\n\t\t\t\t\t\t<div class=\"elementor-element elementor-element-29fd75c elementor-widget elementor-widget-image\" data-id=\"29fd75c\" data-element_type=\"widget\" data-widget_type=\"image.default\">\n\t\t\t\t<div class=\"elementor-widget-container\">\n\t\t\t\t\t\t\t\t\t\t\t\t\t\t\t<img fetchpriority=\"high\" decoding=\"async\" width=\"300\" height=\"225\" src=\"https:\/\/skpohjantahti.fi\/uudet\/wp-content\/uploads\/2023\/02\/rasti_talvi2-300x225.jpg\" class=\"attachment-medium size-medium wp-image-2541\" alt=\"\" srcset=\"https:\/\/skpohjantahti.fi\/uudet\/wp-content\/uploads\/2023\/02\/rasti_talvi2-300x225.jpg 300w, https:\/\/skpohjantahti.fi\/uudet\/wp-content\/uploads\/2023\/02\/rasti_talvi2-768x576.jpg 768w, https:\/\/skpohjantahti.fi\/uudet\/wp-content\/uploads\/2023\/02\/rasti_talvi2.jpg 899w\" sizes=\"(max-width: 300px) 100vw, 300px\" \/>\t\t\t\t\t\t\t\t\t\t\t\t\t\t\t<\/div>\n\t\t\t\t<\/div>\n\t\t\t\t\t<\/div>\n\t\t<\/div>\n\t\t\t\t\t<\/div>\n\t\t<\/section>\n\t\t\t\t\t<\/div>\n\t\t<\/div>\n\t\t\t\t\t<\/div>\n\t\t<\/section>\n\t\t\t\t<\/div>\n\t\t","protected":false},"excerpt":{"rendered":"<p>25.2. Kaukovainio L\u00e4hd\u00f6t:\u00a010:30-11:30, maali sulkeutuu klo 12:30.\u00a0Ratapituudet ja rastien m\u00e4\u00e4r\u00e4t: A-rata, pituus 3,1 km (juosten noin 5) 17 rastiaB-rata, pituus 2,1 km (juosten noin 3,5) 12 rastiaC-rata pituus 1,2 km (juosten noin 1,8) 10 rastia, sopii perheen pienimmille. Taitorata pituus 2 km (juosten noin 3) 15 rastia. Radalle piirretty kiellettyj\u00e4 alueita ja lis\u00e4tty esteit\u00e4. Rasteilla [&hellip;]<\/p>\n","protected":false},"author":2,"featured_media":0,"parent":0,"menu_order":0,"comment_status":"closed","ping_status":"closed","template":"","meta":{"site-sidebar-layout":"no-sidebar","site-content-layout":"page-builder","ast-site-content-layout":"default","site-content-style":"default","site-sidebar-style":"default","ast-global-header-display":"","ast-banner-title-visibility":"","ast-main-header-display":"","ast-hfb-above-header-display":"","ast-hfb-below-header-display":"","ast-hfb-mobile-header-display":"","site-post-title":"disabled","ast-breadcrumbs-content":"","ast-featured-img":"disabled","footer-sml-layout":"","ast-disable-related-posts":"","theme-transparent-header-meta":"","adv-header-id-meta":"","stick-header-meta":"","header-above-stick-meta":"","header-main-stick-meta":"","header-below-stick-meta":"","astra-migrate-meta-layouts":"default","ast-page-background-enabled":"default","ast-page-background-meta":{"desktop":{"background-color":"","background-image":"","background-repeat":"repeat","background-position":"center center","background-size":"auto","background-attachment":"scroll","background-type":"","background-media":"","overlay-type":"","overlay-color":"","overlay-opacity":"","overlay-gradient":""},"tablet":{"background-color":"","background-image":"","background-repeat":"repeat","background-position":"center center","background-size":"auto","background-attachment":"scroll","background-type":"","background-media":"","overlay-type":"","overlay-color":"","overlay-opacity":"","overlay-gradient":""},"mobile":{"background-color":"","background-image":"","background-repeat":"repeat","background-position":"center center","background-size":"auto","background-attachment":"scroll","background-type":"","background-media":"","overlay-type":"","overlay-color":"","overlay-opacity":"","overlay-gradient":""}},"ast-content-background-meta":{"desktop":{"background-color":"var(--ast-global-color-5)","background-image":"","background-repeat":"repeat","background-position":"center center","background-size":"auto","background-attachment":"scroll","background-type":"","background-media":"","overlay-type":"","overlay-color":"","overlay-opacity":"","overlay-gradient":""},"tablet":{"background-color":"var(--ast-global-color-5)","background-image":"","background-repeat":"repeat","background-position":"center center","background-size":"auto","background-attachment":"scroll","background-type":"","background-media":"","overlay-type":"","overlay-color":"","overlay-opacity":"","overlay-gradient":""},"mobile":{"background-color":"var(--ast-global-color-5)","background-image":"","background-repeat":"repeat","background-position":"center center","background-size":"auto","background-attachment":"scroll","background-type":"","background-media":"","overlay-type":"","overlay-color":"","overlay-opacity":"","overlay-gradient":""}},"footnotes":""},"class_list":["post-2529","page","type-page","status-publish","hentry"],"yoast_head":"<!-- This site is optimized with the Yoast SEO plugin v27.5 - https:\/\/yoast.com\/product\/yoast-seo-wordpress\/ -->\n<title>Talvisarja 25.2.Kaukovainio - SK Pohjant\u00e4hti<\/title>\n<meta name=\"robots\" content=\"index, follow, max-snippet:-1, max-image-preview:large, max-video-preview:-1\" \/>\n<link rel=\"canonical\" href=\"https:\/\/skpohjantahti.fi\/index.php\/talvisarja-25-2-kaukovainio\/\" \/>\n<meta property=\"og:locale\" content=\"fi_FI\" \/>\n<meta property=\"og:type\" content=\"article\" \/>\n<meta property=\"og:title\" content=\"Talvisarja 25.2.Kaukovainio - SK Pohjant\u00e4hti\" \/>\n<meta property=\"og:description\" content=\"25.2. Kaukovainio L\u00e4hd\u00f6t:\u00a010:30-11:30, maali sulkeutuu klo 12:30.\u00a0Ratapituudet ja rastien m\u00e4\u00e4r\u00e4t: A-rata, pituus 3,1 km (juosten noin 5) 17 rastiaB-rata, pituus 2,1 km (juosten noin 3,5) 12 rastiaC-rata pituus 1,2 km (juosten noin 1,8) 10 rastia, sopii perheen pienimmille. Taitorata pituus 2 km (juosten noin 3) 15 rastia. Radalle piirretty kiellettyj\u00e4 alueita ja lis\u00e4tty esteit\u00e4. Rasteilla [&hellip;]\" \/>\n<meta property=\"og:url\" content=\"https:\/\/skpohjantahti.fi\/index.php\/talvisarja-25-2-kaukovainio\/\" \/>\n<meta property=\"og:site_name\" content=\"SK Pohjant\u00e4hti\" \/>\n<meta property=\"article:publisher\" content=\"https:\/\/www.facebook.com\/skpohjantahti\" \/>\n<meta property=\"article:modified_time\" content=\"2023-02-22T14:32:39+00:00\" \/>\n<meta property=\"og:image\" content=\"https:\/\/skpohjantahti.fi\/uudet\/wp-content\/uploads\/2023\/02\/rasti_talvi2-300x225.jpg\" \/>\n<meta name=\"twitter:card\" content=\"summary_large_image\" \/>\n<meta name=\"twitter:label1\" content=\"Arvioitu lukuaika\" \/>\n\t<meta name=\"twitter:data1\" content=\"1 minuutti\" \/>\n<script type=\"application\/ld+json\" class=\"yoast-schema-graph\">{\"@context\":\"https:\\\/\\\/schema.org\",\"@graph\":[{\"@type\":\"WebPage\",\"@id\":\"https:\\\/\\\/skpohjantahti.fi\\\/index.php\\\/talvisarja-25-2-kaukovainio\\\/\",\"url\":\"https:\\\/\\\/skpohjantahti.fi\\\/index.php\\\/talvisarja-25-2-kaukovainio\\\/\",\"name\":\"Talvisarja 25.2.Kaukovainio - SK Pohjant\u00e4hti\",\"isPartOf\":{\"@id\":\"https:\\\/\\\/skpohjantahti.fi\\\/#website\"},\"primaryImageOfPage\":{\"@id\":\"https:\\\/\\\/skpohjantahti.fi\\\/index.php\\\/talvisarja-25-2-kaukovainio\\\/#primaryimage\"},\"image\":{\"@id\":\"https:\\\/\\\/skpohjantahti.fi\\\/index.php\\\/talvisarja-25-2-kaukovainio\\\/#primaryimage\"},\"thumbnailUrl\":\"https:\\\/\\\/skpohjantahti.fi\\\/uudet\\\/wp-content\\\/uploads\\\/2023\\\/02\\\/rasti_talvi2-300x225.jpg\",\"datePublished\":\"2023-02-22T14:23:00+00:00\",\"dateModified\":\"2023-02-22T14:32:39+00:00\",\"breadcrumb\":{\"@id\":\"https:\\\/\\\/skpohjantahti.fi\\\/index.php\\\/talvisarja-25-2-kaukovainio\\\/#breadcrumb\"},\"inLanguage\":\"fi\",\"potentialAction\":[{\"@type\":\"ReadAction\",\"target\":[\"https:\\\/\\\/skpohjantahti.fi\\\/index.php\\\/talvisarja-25-2-kaukovainio\\\/\"]}]},{\"@type\":\"ImageObject\",\"inLanguage\":\"fi\",\"@id\":\"https:\\\/\\\/skpohjantahti.fi\\\/index.php\\\/talvisarja-25-2-kaukovainio\\\/#primaryimage\",\"url\":\"https:\\\/\\\/skpohjantahti.fi\\\/uudet\\\/wp-content\\\/uploads\\\/2023\\\/02\\\/rasti_talvi2.jpg\",\"contentUrl\":\"https:\\\/\\\/skpohjantahti.fi\\\/uudet\\\/wp-content\\\/uploads\\\/2023\\\/02\\\/rasti_talvi2.jpg\",\"width\":899,\"height\":674},{\"@type\":\"BreadcrumbList\",\"@id\":\"https:\\\/\\\/skpohjantahti.fi\\\/index.php\\\/talvisarja-25-2-kaukovainio\\\/#breadcrumb\",\"itemListElement\":[{\"@type\":\"ListItem\",\"position\":1,\"name\":\"Etusivu\",\"item\":\"https:\\\/\\\/skpohjantahti.fi\\\/\"},{\"@type\":\"ListItem\",\"position\":2,\"name\":\"Talvisarja 25.2.Kaukovainio\"}]},{\"@type\":\"WebSite\",\"@id\":\"https:\\\/\\\/skpohjantahti.fi\\\/#website\",\"url\":\"https:\\\/\\\/skpohjantahti.fi\\\/\",\"name\":\"SK Pohjant\u00e4hti\",\"description\":\"Oululainen suunnistusseura\",\"publisher\":{\"@id\":\"https:\\\/\\\/skpohjantahti.fi\\\/#organization\"},\"potentialAction\":[{\"@type\":\"SearchAction\",\"target\":{\"@type\":\"EntryPoint\",\"urlTemplate\":\"https:\\\/\\\/skpohjantahti.fi\\\/?s={search_term_string}\"},\"query-input\":{\"@type\":\"PropertyValueSpecification\",\"valueRequired\":true,\"valueName\":\"search_term_string\"}}],\"inLanguage\":\"fi\"},{\"@type\":\"Organization\",\"@id\":\"https:\\\/\\\/skpohjantahti.fi\\\/#organization\",\"name\":\"SK Pohjant\u00e4hti\",\"url\":\"https:\\\/\\\/skpohjantahti.fi\\\/\",\"logo\":{\"@type\":\"ImageObject\",\"inLanguage\":\"fi\",\"@id\":\"https:\\\/\\\/skpohjantahti.fi\\\/#\\\/schema\\\/logo\\\/image\\\/\",\"url\":\"https:\\\/\\\/skpohjantahti.fi\\\/uudet\\\/wp-content\\\/uploads\\\/2022\\\/04\\\/cropped-pohjantahti_log_netti_pieni.jpg\",\"contentUrl\":\"https:\\\/\\\/skpohjantahti.fi\\\/uudet\\\/wp-content\\\/uploads\\\/2022\\\/04\\\/cropped-pohjantahti_log_netti_pieni.jpg\",\"width\":198,\"height\":66,\"caption\":\"SK Pohjant\u00e4hti\"},\"image\":{\"@id\":\"https:\\\/\\\/skpohjantahti.fi\\\/#\\\/schema\\\/logo\\\/image\\\/\"},\"sameAs\":[\"https:\\\/\\\/www.facebook.com\\\/skpohjantahti\",\"https:\\\/\\\/www.instagram.com\\\/sk_pohjantahti\\\/\"]}]}<\/script>\n<!-- \/ Yoast SEO plugin. -->","yoast_head_json":{"title":"Talvisarja 25.2.Kaukovainio - SK Pohjant\u00e4hti","robots":{"index":"index","follow":"follow","max-snippet":"max-snippet:-1","max-image-preview":"max-image-preview:large","max-video-preview":"max-video-preview:-1"},"canonical":"https:\/\/skpohjantahti.fi\/index.php\/talvisarja-25-2-kaukovainio\/","og_locale":"fi_FI","og_type":"article","og_title":"Talvisarja 25.2.Kaukovainio - SK Pohjant\u00e4hti","og_description":"25.2. Kaukovainio L\u00e4hd\u00f6t:\u00a010:30-11:30, maali sulkeutuu klo 12:30.\u00a0Ratapituudet ja rastien m\u00e4\u00e4r\u00e4t: A-rata, pituus 3,1 km (juosten noin 5) 17 rastiaB-rata, pituus 2,1 km (juosten noin 3,5) 12 rastiaC-rata pituus 1,2 km (juosten noin 1,8) 10 rastia, sopii perheen pienimmille. Taitorata pituus 2 km (juosten noin 3) 15 rastia. Radalle piirretty kiellettyj\u00e4 alueita ja lis\u00e4tty esteit\u00e4. Rasteilla [&hellip;]","og_url":"https:\/\/skpohjantahti.fi\/index.php\/talvisarja-25-2-kaukovainio\/","og_site_name":"SK Pohjant\u00e4hti","article_publisher":"https:\/\/www.facebook.com\/skpohjantahti","article_modified_time":"2023-02-22T14:32:39+00:00","og_image":[{"url":"https:\/\/skpohjantahti.fi\/uudet\/wp-content\/uploads\/2023\/02\/rasti_talvi2-300x225.jpg","type":"","width":"","height":""}],"twitter_card":"summary_large_image","twitter_misc":{"Arvioitu lukuaika":"1 minuutti"},"schema":{"@context":"https:\/\/schema.org","@graph":[{"@type":"WebPage","@id":"https:\/\/skpohjantahti.fi\/index.php\/talvisarja-25-2-kaukovainio\/","url":"https:\/\/skpohjantahti.fi\/index.php\/talvisarja-25-2-kaukovainio\/","name":"Talvisarja 25.2.Kaukovainio - SK Pohjant\u00e4hti","isPartOf":{"@id":"https:\/\/skpohjantahti.fi\/#website"},"primaryImageOfPage":{"@id":"https:\/\/skpohjantahti.fi\/index.php\/talvisarja-25-2-kaukovainio\/#primaryimage"},"image":{"@id":"https:\/\/skpohjantahti.fi\/index.php\/talvisarja-25-2-kaukovainio\/#primaryimage"},"thumbnailUrl":"https:\/\/skpohjantahti.fi\/uudet\/wp-content\/uploads\/2023\/02\/rasti_talvi2-300x225.jpg","datePublished":"2023-02-22T14:23:00+00:00","dateModified":"2023-02-22T14:32:39+00:00","breadcrumb":{"@id":"https:\/\/skpohjantahti.fi\/index.php\/talvisarja-25-2-kaukovainio\/#breadcrumb"},"inLanguage":"fi","potentialAction":[{"@type":"ReadAction","target":["https:\/\/skpohjantahti.fi\/index.php\/talvisarja-25-2-kaukovainio\/"]}]},{"@type":"ImageObject","inLanguage":"fi","@id":"https:\/\/skpohjantahti.fi\/index.php\/talvisarja-25-2-kaukovainio\/#primaryimage","url":"https:\/\/skpohjantahti.fi\/uudet\/wp-content\/uploads\/2023\/02\/rasti_talvi2.jpg","contentUrl":"https:\/\/skpohjantahti.fi\/uudet\/wp-content\/uploads\/2023\/02\/rasti_talvi2.jpg","width":899,"height":674},{"@type":"BreadcrumbList","@id":"https:\/\/skpohjantahti.fi\/index.php\/talvisarja-25-2-kaukovainio\/#breadcrumb","itemListElement":[{"@type":"ListItem","position":1,"name":"Etusivu","item":"https:\/\/skpohjantahti.fi\/"},{"@type":"ListItem","position":2,"name":"Talvisarja 25.2.Kaukovainio"}]},{"@type":"WebSite","@id":"https:\/\/skpohjantahti.fi\/#website","url":"https:\/\/skpohjantahti.fi\/","name":"SK Pohjant\u00e4hti","description":"Oululainen suunnistusseura","publisher":{"@id":"https:\/\/skpohjantahti.fi\/#organization"},"potentialAction":[{"@type":"SearchAction","target":{"@type":"EntryPoint","urlTemplate":"https:\/\/skpohjantahti.fi\/?s={search_term_string}"},"query-input":{"@type":"PropertyValueSpecification","valueRequired":true,"valueName":"search_term_string"}}],"inLanguage":"fi"},{"@type":"Organization","@id":"https:\/\/skpohjantahti.fi\/#organization","name":"SK Pohjant\u00e4hti","url":"https:\/\/skpohjantahti.fi\/","logo":{"@type":"ImageObject","inLanguage":"fi","@id":"https:\/\/skpohjantahti.fi\/#\/schema\/logo\/image\/","url":"https:\/\/skpohjantahti.fi\/uudet\/wp-content\/uploads\/2022\/04\/cropped-pohjantahti_log_netti_pieni.jpg","contentUrl":"https:\/\/skpohjantahti.fi\/uudet\/wp-content\/uploads\/2022\/04\/cropped-pohjantahti_log_netti_pieni.jpg","width":198,"height":66,"caption":"SK Pohjant\u00e4hti"},"image":{"@id":"https:\/\/skpohjantahti.fi\/#\/schema\/logo\/image\/"},"sameAs":["https:\/\/www.facebook.com\/skpohjantahti","https:\/\/www.instagram.com\/sk_pohjantahti\/"]}]}},"_links":{"self":[{"href":"https:\/\/skpohjantahti.fi\/index.php\/wp-json\/wp\/v2\/pages\/2529","targetHints":{"allow":["GET"]}}],"collection":[{"href":"https:\/\/skpohjantahti.fi\/index.php\/wp-json\/wp\/v2\/pages"}],"about":[{"href":"https:\/\/skpohjantahti.fi\/index.php\/wp-json\/wp\/v2\/types\/page"}],"author":[{"embeddable":true,"href":"https:\/\/skpohjantahti.fi\/index.php\/wp-json\/wp\/v2\/users\/2"}],"replies":[{"embeddable":true,"href":"https:\/\/skpohjantahti.fi\/index.php\/wp-json\/wp\/v2\/comments?post=2529"}],"version-history":[{"count":12,"href":"https:\/\/skpohjantahti.fi\/index.php\/wp-json\/wp\/v2\/pages\/2529\/revisions"}],"predecessor-version":[{"id":2545,"href":"https:\/\/skpohjantahti.fi\/index.php\/wp-json\/wp\/v2\/pages\/2529\/revisions\/2545"}],"wp:attachment":[{"href":"https:\/\/skpohjantahti.fi\/index.php\/wp-json\/wp\/v2\/media?parent=2529"}],"curies":[{"name":"wp","href":"https:\/\/api.w.org\/{rel}","templated":true}]}}