{"id":2779,"date":"2023-03-21T12:14:15","date_gmt":"2023-03-21T12:14:15","guid":{"rendered":"https:\/\/skpohjantahti.fi\/?page_id=2779"},"modified":"2023-03-21T12:17:41","modified_gmt":"2023-03-21T12:17:41","slug":"kaakkuri-25-3","status":"publish","type":"page","link":"https:\/\/skpohjantahti.fi\/index.php\/kaakkuri-25-3\/","title":{"rendered":"Kaakkuri 25.3."},"content":{"rendered":"\t\t<div data-elementor-type=\"wp-page\" data-elementor-id=\"2779\" class=\"elementor elementor-2779\">\n\t\t\t\t\t\t<section class=\"elementor-section elementor-top-section elementor-element elementor-element-4fc2223 elementor-section-boxed elementor-section-height-default elementor-section-height-default\" data-id=\"4fc2223\" data-element_type=\"section\">\n\t\t\t\t\t\t<div class=\"elementor-container elementor-column-gap-default\">\n\t\t\t\t\t<div class=\"elementor-column elementor-col-100 elementor-top-column elementor-element elementor-element-c1ab389\" data-id=\"c1ab389\" data-element_type=\"column\">\n\t\t\t<div class=\"elementor-widget-wrap elementor-element-populated\">\n\t\t\t\t\t\t<div class=\"elementor-element elementor-element-7dd8838 elementor-widget elementor-widget-heading\" data-id=\"7dd8838\" data-element_type=\"widget\" data-widget_type=\"heading.default\">\n\t\t\t\t<div class=\"elementor-widget-container\">\n\t\t\t\t\t<h2 class=\"elementor-heading-title elementor-size-default\">Kaakkuri 25.3.<\/h2>\t\t\t\t<\/div>\n\t\t\t\t<\/div>\n\t\t\t\t\t<\/div>\n\t\t<\/div>\n\t\t\t\t\t<\/div>\n\t\t<\/section>\n\t\t\t\t<section class=\"elementor-section elementor-top-section elementor-element elementor-element-99f395b elementor-section-boxed elementor-section-height-default elementor-section-height-default\" data-id=\"99f395b\" data-element_type=\"section\">\n\t\t\t\t\t\t<div class=\"elementor-container elementor-column-gap-default\">\n\t\t\t\t\t<div class=\"elementor-column elementor-col-100 elementor-top-column elementor-element elementor-element-0856315\" data-id=\"0856315\" data-element_type=\"column\">\n\t\t\t<div class=\"elementor-widget-wrap elementor-element-populated\">\n\t\t\t\t\t\t<section class=\"elementor-section elementor-inner-section elementor-element elementor-element-1bf6010 elementor-section-boxed elementor-section-height-default elementor-section-height-default\" data-id=\"1bf6010\" data-element_type=\"section\">\n\t\t\t\t\t\t<div class=\"elementor-container elementor-column-gap-default\">\n\t\t\t\t\t<div class=\"elementor-column elementor-col-50 elementor-inner-column elementor-element elementor-element-7a5987e\" data-id=\"7a5987e\" data-element_type=\"column\">\n\t\t\t<div class=\"elementor-widget-wrap elementor-element-populated\">\n\t\t\t\t\t\t<div class=\"elementor-element elementor-element-1e5d678 elementor-widget elementor-widget-text-editor\" data-id=\"1e5d678\" data-element_type=\"widget\" data-widget_type=\"text-editor.default\">\n\t\t\t\t<div class=\"elementor-widget-container\">\n\t\t\t\t\t\t\t\t\t<p>Kaakkurin urheilukeskus<\/p><p>Pys\u00e4k\u00f6inti: Urheilukeskuksen parkkipaikka, Kaakonpojan p\u00e4iv\u00e4kodin parkkipaikka ja l\u00e4hialueen katujen varret, mihin pys\u00e4k\u00f6inti on sallittu.\u00a0<\/p><p><strong>L\u00e4hd\u00f6t:<\/strong> 10.30-11.30, maali sulkeutuu: 12.30<\/p><p>\u00a0<\/p><p><strong>Ratapituudet (mitattu optimireitti\u00e4 pitkin):<\/strong><\/p><p>A-rata 4,9 km 17 rastia<\/p><p>B-rata 3,5 km 14 rastia<\/p><p>C-rata 1,5 km 8 rastia<\/p><p>Perhesuunnistus 0,9 km 6 rastia<\/p><p>taitorata 3,55 km sis\u00e4lt\u00e4en kaksi v\u00e4yl\u00e4\u00e4 ja reitinvalintaradan<\/p><p><strong>Kartta:<\/strong>\u00a01:4000 sprinttikartta, kartoittaja Petri Karjalainen.<\/p><p><strong>Leimaus:<\/strong> Emit\u00a0<\/p><p>huom<span style=\"font-style: inherit; font-weight: inherit;\">: taitoradan rasteilla keltaiset kuitunauhat.<\/span><\/p><p><strong>Huomio:<\/strong> Isot autotiet ovat kielletty, ylitys vain suojateiden kohdalta. Ylityspaikat ovat merkitty karttaan. Osa pihoista on kiellettyj\u00e4 ja merkitty karttaan kielletyn alueen merkill\u00e4. Lis\u00e4ksi osa pihojen kulkuv\u00e4ylist\u00e4 on merkattu karttaan kielletyiksi ylityskielto merkill\u00e4, tarkoituksena ehk\u00e4ist\u00e4 tarpeetonta liikkumista pihamailla, maastossa n\u00e4ill\u00e4 kohdilla ei ole kieltonauhaa tai aitaa. Pyyd\u00e4n noudattamaan kartan kieltoja.<\/p><p><strong>Erillisohje perhesuunnistus-radalle ja C-radalle:<\/strong> Ohjelmassa makea p\u00e4\u00e4si\u00e4issuunnistus. Kierr\u00e4 lapsille suunniteltu suunnistusrata ja bongaa p\u00e4\u00e4si\u00e4isyll\u00e4tyksi\u00e4.<\/p><p>\u00a0<\/p>\t\t\t\t\t\t\t\t<\/div>\n\t\t\t\t<\/div>\n\t\t\t\t\t<\/div>\n\t\t<\/div>\n\t\t\t\t<div class=\"elementor-column elementor-col-50 elementor-inner-column elementor-element elementor-element-e2488b3\" data-id=\"e2488b3\" data-element_type=\"column\">\n\t\t\t<div class=\"elementor-widget-wrap elementor-element-populated\">\n\t\t\t\t\t\t<div class=\"elementor-element elementor-element-03c5964 elementor-widget elementor-widget-image\" data-id=\"03c5964\" data-element_type=\"widget\" data-widget_type=\"image.default\">\n\t\t\t\t<div class=\"elementor-widget-container\">\n\t\t\t\t\t\t\t\t\t\t\t\t\t\t\t<img fetchpriority=\"high\" decoding=\"async\" width=\"768\" height=\"425\" src=\"https:\/\/skpohjantahti.fi\/uudet\/wp-content\/uploads\/2023\/01\/kaijo2-768x425.jpg\" class=\"attachment-medium_large size-medium_large wp-image-2408\" alt=\"\" srcset=\"https:\/\/skpohjantahti.fi\/uudet\/wp-content\/uploads\/2023\/01\/kaijo2-768x425.jpg 768w, https:\/\/skpohjantahti.fi\/uudet\/wp-content\/uploads\/2023\/01\/kaijo2-300x166.jpg 300w, https:\/\/skpohjantahti.fi\/uudet\/wp-content\/uploads\/2023\/01\/kaijo2.jpg 889w\" sizes=\"(max-width: 768px) 100vw, 768px\" \/>\t\t\t\t\t\t\t\t\t\t\t\t\t\t\t<\/div>\n\t\t\t\t<\/div>\n\t\t\t\t\t<\/div>\n\t\t<\/div>\n\t\t\t\t\t<\/div>\n\t\t<\/section>\n\t\t\t\t\t<\/div>\n\t\t<\/div>\n\t\t\t\t\t<\/div>\n\t\t<\/section>\n\t\t\t\t<\/div>\n\t\t","protected":false},"excerpt":{"rendered":"<p>Kaakkuri 25.3. Kaakkurin urheilukeskus Pys\u00e4k\u00f6inti: Urheilukeskuksen parkkipaikka, Kaakonpojan p\u00e4iv\u00e4kodin parkkipaikka ja l\u00e4hialueen katujen varret, mihin pys\u00e4k\u00f6inti on sallittu.\u00a0 L\u00e4hd\u00f6t: 10.30-11.30, maali sulkeutuu: 12.30 \u00a0 Ratapituudet (mitattu optimireitti\u00e4 pitkin): A-rata 4,9 km 17 rastia B-rata 3,5 km 14 rastia C-rata 1,5 km 8 rastia Perhesuunnistus 0,9 km 6 rastia taitorata 3,55 km sis\u00e4lt\u00e4en kaksi v\u00e4yl\u00e4\u00e4 ja [&hellip;]<\/p>\n","protected":false},"author":2,"featured_media":0,"parent":0,"menu_order":0,"comment_status":"closed","ping_status":"closed","template":"","meta":{"site-sidebar-layout":"no-sidebar","site-content-layout":"page-builder","ast-site-content-layout":"default","site-content-style":"default","site-sidebar-style":"default","ast-global-header-display":"","ast-banner-title-visibility":"","ast-main-header-display":"","ast-hfb-above-header-display":"","ast-hfb-below-header-display":"","ast-hfb-mobile-header-display":"","site-post-title":"disabled","ast-breadcrumbs-content":"","ast-featured-img":"disabled","footer-sml-layout":"","ast-disable-related-posts":"","theme-transparent-header-meta":"","adv-header-id-meta":"","stick-header-meta":"","header-above-stick-meta":"","header-main-stick-meta":"","header-below-stick-meta":"","astra-migrate-meta-layouts":"default","ast-page-background-enabled":"default","ast-page-background-meta":{"desktop":{"background-color":"","background-image":"","background-repeat":"repeat","background-position":"center center","background-size":"auto","background-attachment":"scroll","background-type":"","background-media":"","overlay-type":"","overlay-color":"","overlay-opacity":"","overlay-gradient":""},"tablet":{"background-color":"","background-image":"","background-repeat":"repeat","background-position":"center center","background-size":"auto","background-attachment":"scroll","background-type":"","background-media":"","overlay-type":"","overlay-color":"","overlay-opacity":"","overlay-gradient":""},"mobile":{"background-color":"","background-image":"","background-repeat":"repeat","background-position":"center center","background-size":"auto","background-attachment":"scroll","background-type":"","background-media":"","overlay-type":"","overlay-color":"","overlay-opacity":"","overlay-gradient":""}},"ast-content-background-meta":{"desktop":{"background-color":"var(--ast-global-color-5)","background-image":"","background-repeat":"repeat","background-position":"center center","background-size":"auto","background-attachment":"scroll","background-type":"","background-media":"","overlay-type":"","overlay-color":"","overlay-opacity":"","overlay-gradient":""},"tablet":{"background-color":"var(--ast-global-color-5)","background-image":"","background-repeat":"repeat","background-position":"center center","background-size":"auto","background-attachment":"scroll","background-type":"","background-media":"","overlay-type":"","overlay-color":"","overlay-opacity":"","overlay-gradient":""},"mobile":{"background-color":"var(--ast-global-color-5)","background-image":"","background-repeat":"repeat","background-position":"center center","background-size":"auto","background-attachment":"scroll","background-type":"","background-media":"","overlay-type":"","overlay-color":"","overlay-opacity":"","overlay-gradient":""}},"footnotes":""},"class_list":["post-2779","page","type-page","status-publish","hentry"],"yoast_head":"<!-- This site is optimized with the Yoast SEO plugin v27.2 - https:\/\/yoast.com\/product\/yoast-seo-wordpress\/ -->\n<title>Kaakkuri 25.3. - SK Pohjant\u00e4hti<\/title>\n<meta name=\"robots\" content=\"index, follow, max-snippet:-1, max-image-preview:large, max-video-preview:-1\" \/>\n<link rel=\"canonical\" href=\"https:\/\/skpohjantahti.fi\/index.php\/kaakkuri-25-3\/\" \/>\n<meta property=\"og:locale\" content=\"fi_FI\" \/>\n<meta property=\"og:type\" content=\"article\" \/>\n<meta property=\"og:title\" content=\"Kaakkuri 25.3. - SK Pohjant\u00e4hti\" \/>\n<meta property=\"og:description\" content=\"Kaakkuri 25.3. Kaakkurin urheilukeskus Pys\u00e4k\u00f6inti: Urheilukeskuksen parkkipaikka, Kaakonpojan p\u00e4iv\u00e4kodin parkkipaikka ja l\u00e4hialueen katujen varret, mihin pys\u00e4k\u00f6inti on sallittu.\u00a0 L\u00e4hd\u00f6t: 10.30-11.30, maali sulkeutuu: 12.30 \u00a0 Ratapituudet (mitattu optimireitti\u00e4 pitkin): A-rata 4,9 km 17 rastia B-rata 3,5 km 14 rastia C-rata 1,5 km 8 rastia Perhesuunnistus 0,9 km 6 rastia taitorata 3,55 km sis\u00e4lt\u00e4en kaksi v\u00e4yl\u00e4\u00e4 ja [&hellip;]\" \/>\n<meta property=\"og:url\" content=\"https:\/\/skpohjantahti.fi\/index.php\/kaakkuri-25-3\/\" \/>\n<meta property=\"og:site_name\" content=\"SK Pohjant\u00e4hti\" \/>\n<meta property=\"article:publisher\" content=\"https:\/\/www.facebook.com\/skpohjantahti\" \/>\n<meta property=\"article:modified_time\" content=\"2023-03-21T12:17:41+00:00\" \/>\n<meta property=\"og:image\" content=\"https:\/\/skpohjantahti.fi\/uudet\/wp-content\/uploads\/2023\/01\/kaijo2-768x425.jpg\" \/>\n<meta name=\"twitter:card\" content=\"summary_large_image\" \/>\n<meta name=\"twitter:label1\" content=\"Arvioitu lukuaika\" \/>\n\t<meta name=\"twitter:data1\" content=\"2 minuuttia\" \/>\n<script type=\"application\/ld+json\" class=\"yoast-schema-graph\">{\"@context\":\"https:\/\/schema.org\",\"@graph\":[{\"@type\":\"WebPage\",\"@id\":\"https:\/\/skpohjantahti.fi\/index.php\/kaakkuri-25-3\/\",\"url\":\"https:\/\/skpohjantahti.fi\/index.php\/kaakkuri-25-3\/\",\"name\":\"Kaakkuri 25.3. - SK Pohjant\u00e4hti\",\"isPartOf\":{\"@id\":\"https:\/\/skpohjantahti.fi\/#website\"},\"primaryImageOfPage\":{\"@id\":\"https:\/\/skpohjantahti.fi\/index.php\/kaakkuri-25-3\/#primaryimage\"},\"image\":{\"@id\":\"https:\/\/skpohjantahti.fi\/index.php\/kaakkuri-25-3\/#primaryimage\"},\"thumbnailUrl\":\"https:\/\/skpohjantahti.fi\/uudet\/wp-content\/uploads\/2023\/01\/kaijo2-768x425.jpg\",\"datePublished\":\"2023-03-21T12:14:15+00:00\",\"dateModified\":\"2023-03-21T12:17:41+00:00\",\"breadcrumb\":{\"@id\":\"https:\/\/skpohjantahti.fi\/index.php\/kaakkuri-25-3\/#breadcrumb\"},\"inLanguage\":\"fi\",\"potentialAction\":[{\"@type\":\"ReadAction\",\"target\":[\"https:\/\/skpohjantahti.fi\/index.php\/kaakkuri-25-3\/\"]}]},{\"@type\":\"ImageObject\",\"inLanguage\":\"fi\",\"@id\":\"https:\/\/skpohjantahti.fi\/index.php\/kaakkuri-25-3\/#primaryimage\",\"url\":\"https:\/\/skpohjantahti.fi\/uudet\/wp-content\/uploads\/2023\/01\/kaijo2.jpg\",\"contentUrl\":\"https:\/\/skpohjantahti.fi\/uudet\/wp-content\/uploads\/2023\/01\/kaijo2.jpg\",\"width\":889,\"height\":492},{\"@type\":\"BreadcrumbList\",\"@id\":\"https:\/\/skpohjantahti.fi\/index.php\/kaakkuri-25-3\/#breadcrumb\",\"itemListElement\":[{\"@type\":\"ListItem\",\"position\":1,\"name\":\"Etusivu\",\"item\":\"https:\/\/skpohjantahti.fi\/\"},{\"@type\":\"ListItem\",\"position\":2,\"name\":\"Kaakkuri 25.3.\"}]},{\"@type\":\"WebSite\",\"@id\":\"https:\/\/skpohjantahti.fi\/#website\",\"url\":\"https:\/\/skpohjantahti.fi\/\",\"name\":\"SK Pohjant\u00e4hti\",\"description\":\"Oululainen suunnistusseura\",\"publisher\":{\"@id\":\"https:\/\/skpohjantahti.fi\/#organization\"},\"potentialAction\":[{\"@type\":\"SearchAction\",\"target\":{\"@type\":\"EntryPoint\",\"urlTemplate\":\"https:\/\/skpohjantahti.fi\/?s={search_term_string}\"},\"query-input\":{\"@type\":\"PropertyValueSpecification\",\"valueRequired\":true,\"valueName\":\"search_term_string\"}}],\"inLanguage\":\"fi\"},{\"@type\":\"Organization\",\"@id\":\"https:\/\/skpohjantahti.fi\/#organization\",\"name\":\"SK Pohjant\u00e4hti\",\"url\":\"https:\/\/skpohjantahti.fi\/\",\"logo\":{\"@type\":\"ImageObject\",\"inLanguage\":\"fi\",\"@id\":\"https:\/\/skpohjantahti.fi\/#\/schema\/logo\/image\/\",\"url\":\"https:\/\/skpohjantahti.fi\/uudet\/wp-content\/uploads\/2022\/04\/cropped-pohjantahti_log_netti_pieni.jpg\",\"contentUrl\":\"https:\/\/skpohjantahti.fi\/uudet\/wp-content\/uploads\/2022\/04\/cropped-pohjantahti_log_netti_pieni.jpg\",\"width\":198,\"height\":66,\"caption\":\"SK Pohjant\u00e4hti\"},\"image\":{\"@id\":\"https:\/\/skpohjantahti.fi\/#\/schema\/logo\/image\/\"},\"sameAs\":[\"https:\/\/www.facebook.com\/skpohjantahti\",\"https:\/\/www.instagram.com\/sk_pohjantahti\/\"]}]}<\/script>\n<!-- \/ Yoast SEO plugin. -->","yoast_head_json":{"title":"Kaakkuri 25.3. - SK Pohjant\u00e4hti","robots":{"index":"index","follow":"follow","max-snippet":"max-snippet:-1","max-image-preview":"max-image-preview:large","max-video-preview":"max-video-preview:-1"},"canonical":"https:\/\/skpohjantahti.fi\/index.php\/kaakkuri-25-3\/","og_locale":"fi_FI","og_type":"article","og_title":"Kaakkuri 25.3. - SK Pohjant\u00e4hti","og_description":"Kaakkuri 25.3. Kaakkurin urheilukeskus Pys\u00e4k\u00f6inti: Urheilukeskuksen parkkipaikka, Kaakonpojan p\u00e4iv\u00e4kodin parkkipaikka ja l\u00e4hialueen katujen varret, mihin pys\u00e4k\u00f6inti on sallittu.\u00a0 L\u00e4hd\u00f6t: 10.30-11.30, maali sulkeutuu: 12.30 \u00a0 Ratapituudet (mitattu optimireitti\u00e4 pitkin): A-rata 4,9 km 17 rastia B-rata 3,5 km 14 rastia C-rata 1,5 km 8 rastia Perhesuunnistus 0,9 km 6 rastia taitorata 3,55 km sis\u00e4lt\u00e4en kaksi v\u00e4yl\u00e4\u00e4 ja [&hellip;]","og_url":"https:\/\/skpohjantahti.fi\/index.php\/kaakkuri-25-3\/","og_site_name":"SK Pohjant\u00e4hti","article_publisher":"https:\/\/www.facebook.com\/skpohjantahti","article_modified_time":"2023-03-21T12:17:41+00:00","og_image":[{"url":"https:\/\/skpohjantahti.fi\/uudet\/wp-content\/uploads\/2023\/01\/kaijo2-768x425.jpg","type":"","width":"","height":""}],"twitter_card":"summary_large_image","twitter_misc":{"Arvioitu lukuaika":"2 minuuttia"},"schema":{"@context":"https:\/\/schema.org","@graph":[{"@type":"WebPage","@id":"https:\/\/skpohjantahti.fi\/index.php\/kaakkuri-25-3\/","url":"https:\/\/skpohjantahti.fi\/index.php\/kaakkuri-25-3\/","name":"Kaakkuri 25.3. - SK Pohjant\u00e4hti","isPartOf":{"@id":"https:\/\/skpohjantahti.fi\/#website"},"primaryImageOfPage":{"@id":"https:\/\/skpohjantahti.fi\/index.php\/kaakkuri-25-3\/#primaryimage"},"image":{"@id":"https:\/\/skpohjantahti.fi\/index.php\/kaakkuri-25-3\/#primaryimage"},"thumbnailUrl":"https:\/\/skpohjantahti.fi\/uudet\/wp-content\/uploads\/2023\/01\/kaijo2-768x425.jpg","datePublished":"2023-03-21T12:14:15+00:00","dateModified":"2023-03-21T12:17:41+00:00","breadcrumb":{"@id":"https:\/\/skpohjantahti.fi\/index.php\/kaakkuri-25-3\/#breadcrumb"},"inLanguage":"fi","potentialAction":[{"@type":"ReadAction","target":["https:\/\/skpohjantahti.fi\/index.php\/kaakkuri-25-3\/"]}]},{"@type":"ImageObject","inLanguage":"fi","@id":"https:\/\/skpohjantahti.fi\/index.php\/kaakkuri-25-3\/#primaryimage","url":"https:\/\/skpohjantahti.fi\/uudet\/wp-content\/uploads\/2023\/01\/kaijo2.jpg","contentUrl":"https:\/\/skpohjantahti.fi\/uudet\/wp-content\/uploads\/2023\/01\/kaijo2.jpg","width":889,"height":492},{"@type":"BreadcrumbList","@id":"https:\/\/skpohjantahti.fi\/index.php\/kaakkuri-25-3\/#breadcrumb","itemListElement":[{"@type":"ListItem","position":1,"name":"Etusivu","item":"https:\/\/skpohjantahti.fi\/"},{"@type":"ListItem","position":2,"name":"Kaakkuri 25.3."}]},{"@type":"WebSite","@id":"https:\/\/skpohjantahti.fi\/#website","url":"https:\/\/skpohjantahti.fi\/","name":"SK Pohjant\u00e4hti","description":"Oululainen suunnistusseura","publisher":{"@id":"https:\/\/skpohjantahti.fi\/#organization"},"potentialAction":[{"@type":"SearchAction","target":{"@type":"EntryPoint","urlTemplate":"https:\/\/skpohjantahti.fi\/?s={search_term_string}"},"query-input":{"@type":"PropertyValueSpecification","valueRequired":true,"valueName":"search_term_string"}}],"inLanguage":"fi"},{"@type":"Organization","@id":"https:\/\/skpohjantahti.fi\/#organization","name":"SK Pohjant\u00e4hti","url":"https:\/\/skpohjantahti.fi\/","logo":{"@type":"ImageObject","inLanguage":"fi","@id":"https:\/\/skpohjantahti.fi\/#\/schema\/logo\/image\/","url":"https:\/\/skpohjantahti.fi\/uudet\/wp-content\/uploads\/2022\/04\/cropped-pohjantahti_log_netti_pieni.jpg","contentUrl":"https:\/\/skpohjantahti.fi\/uudet\/wp-content\/uploads\/2022\/04\/cropped-pohjantahti_log_netti_pieni.jpg","width":198,"height":66,"caption":"SK Pohjant\u00e4hti"},"image":{"@id":"https:\/\/skpohjantahti.fi\/#\/schema\/logo\/image\/"},"sameAs":["https:\/\/www.facebook.com\/skpohjantahti","https:\/\/www.instagram.com\/sk_pohjantahti\/"]}]}},"_links":{"self":[{"href":"https:\/\/skpohjantahti.fi\/index.php\/wp-json\/wp\/v2\/pages\/2779","targetHints":{"allow":["GET"]}}],"collection":[{"href":"https:\/\/skpohjantahti.fi\/index.php\/wp-json\/wp\/v2\/pages"}],"about":[{"href":"https:\/\/skpohjantahti.fi\/index.php\/wp-json\/wp\/v2\/types\/page"}],"author":[{"embeddable":true,"href":"https:\/\/skpohjantahti.fi\/index.php\/wp-json\/wp\/v2\/users\/2"}],"replies":[{"embeddable":true,"href":"https:\/\/skpohjantahti.fi\/index.php\/wp-json\/wp\/v2\/comments?post=2779"}],"version-history":[{"count":4,"href":"https:\/\/skpohjantahti.fi\/index.php\/wp-json\/wp\/v2\/pages\/2779\/revisions"}],"predecessor-version":[{"id":2783,"href":"https:\/\/skpohjantahti.fi\/index.php\/wp-json\/wp\/v2\/pages\/2779\/revisions\/2783"}],"wp:attachment":[{"href":"https:\/\/skpohjantahti.fi\/index.php\/wp-json\/wp\/v2\/media?parent=2779"}],"curies":[{"name":"wp","href":"https:\/\/api.w.org\/{rel}","templated":true}]}}