{"id":2797,"date":"2023-03-26T16:38:13","date_gmt":"2023-03-26T16:38:13","guid":{"rendered":"https:\/\/skpohjantahti.fi\/?page_id=2797"},"modified":"2023-05-03T16:50:01","modified_gmt":"2023-05-03T16:50:01","slug":"sprintticup-2023","status":"publish","type":"page","link":"https:\/\/skpohjantahti.fi\/index.php\/sprintticup-2023\/","title":{"rendered":"Sprintticup 2023"},"content":{"rendered":"\t\t<div data-elementor-type=\"wp-page\" data-elementor-id=\"2797\" class=\"elementor elementor-2797\">\n\t\t\t\t\t\t<section class=\"elementor-section elementor-top-section elementor-element elementor-element-3b53672 elementor-section-boxed elementor-section-height-default elementor-section-height-default\" data-id=\"3b53672\" data-element_type=\"section\">\n\t\t\t\t\t\t<div class=\"elementor-container elementor-column-gap-default\">\n\t\t\t\t\t<div class=\"elementor-column elementor-col-100 elementor-top-column elementor-element elementor-element-6cb217a\" data-id=\"6cb217a\" data-element_type=\"column\">\n\t\t\t<div class=\"elementor-widget-wrap elementor-element-populated\">\n\t\t\t\t\t\t<div class=\"elementor-element elementor-element-07e9b33 elementor-widget elementor-widget-heading\" data-id=\"07e9b33\" data-element_type=\"widget\" data-widget_type=\"heading.default\">\n\t\t\t\t<div class=\"elementor-widget-container\">\n\t\t\t\t\t<h2 class=\"elementor-heading-title elementor-size-default\">Sprintticup 2023<\/h2>\t\t\t\t<\/div>\n\t\t\t\t<\/div>\n\t\t\t\t\t<\/div>\n\t\t<\/div>\n\t\t\t\t\t<\/div>\n\t\t<\/section>\n\t\t\t\t<section class=\"elementor-section elementor-top-section elementor-element elementor-element-fa1f340 elementor-section-boxed elementor-section-height-default elementor-section-height-default\" data-id=\"fa1f340\" data-element_type=\"section\">\n\t\t\t\t\t\t<div class=\"elementor-container elementor-column-gap-default\">\n\t\t\t\t\t<div class=\"elementor-column elementor-col-100 elementor-top-column elementor-element elementor-element-e78315c\" data-id=\"e78315c\" data-element_type=\"column\">\n\t\t\t<div class=\"elementor-widget-wrap elementor-element-populated\">\n\t\t\t\t\t\t<div class=\"elementor-element elementor-element-4fe8af2 elementor-widget elementor-widget-text-editor\" data-id=\"4fe8af2\" data-element_type=\"widget\" data-widget_type=\"text-editor.default\">\n\t\t\t\t<div class=\"elementor-widget-container\">\n\t\t\t\t\t\t\t\t\t<p><b>Sprintticup tuo j\u00e4lleen kolme erinomaista uutta karttaa ja niille asiantuntemuksella laaditut radat suunnistusv\u00e4en iloksi. N\u00e4ill\u00e4 radoilla on sek\u00e4 fysiikka ett\u00e4 p\u00e4\u00e4koppa kovilla. Kolme ratavaihtoehtoa: pidempi sprintti on laadittu p\u00e4\u00e4sarjan vaatimustasolle, lyhyempi 16-18 ja 45-60 -vuotiaiden sarjojen vaatimustasolle. Lasten rata on aloittelijoille sopiva rata.<\/b><\/p><p><b>L\u00e4ht\u00f6ajat: klo 18.00-19.00, maali sulkeutuu 19.45.<\/b><\/p><p><b>Karttamaksut:\u00a0\u00a0<\/b><b style=\"font-style: inherit;\">Aikuiset 7 \u20ac. Lapset (alle 18 v.) 3 \u20ac. Perheet 14 \u20ac (max. 2 aikuista, sis\u00e4lt\u00e4\u00e4 4 karttaa, lis\u00e4kartat 3 \u20ac \/ kpl). Kilpailukortin (Emit) vuokra 2 \u20ac ja alle 18-vuotiailta maksuton. Pohjant\u00e4hden valmennusryhm\u00e4t ja lapset ilman maksua.<\/b><\/p>\t\t\t\t\t\t\t\t<\/div>\n\t\t\t\t<\/div>\n\t\t\t\t\t<\/div>\n\t\t<\/div>\n\t\t\t\t\t<\/div>\n\t\t<\/section>\n\t\t\t\t<section class=\"elementor-section elementor-top-section elementor-element elementor-element-43f9e86 elementor-section-boxed elementor-section-height-default elementor-section-height-default\" data-id=\"43f9e86\" data-element_type=\"section\">\n\t\t\t\t\t\t<div class=\"elementor-container elementor-column-gap-default\">\n\t\t\t\t\t<div class=\"elementor-column elementor-col-50 elementor-top-column elementor-element elementor-element-f08f81f\" data-id=\"f08f81f\" data-element_type=\"column\">\n\t\t\t<div class=\"elementor-widget-wrap elementor-element-populated\">\n\t\t\t\t\t\t<div class=\"elementor-element elementor-element-0347932 elementor-widget elementor-widget-image\" data-id=\"0347932\" data-element_type=\"widget\" data-widget_type=\"image.default\">\n\t\t\t\t<div class=\"elementor-widget-container\">\n\t\t\t\t\t\t\t\t\t\t\t\t\t\t\t<img fetchpriority=\"high\" decoding=\"async\" width=\"768\" height=\"522\" src=\"https:\/\/skpohjantahti.fi\/uudet\/wp-content\/uploads\/2023\/03\/liminka_220723-1-768x522.jpg\" class=\"attachment-medium_large size-medium_large wp-image-2800\" alt=\"\" srcset=\"https:\/\/skpohjantahti.fi\/uudet\/wp-content\/uploads\/2023\/03\/liminka_220723-1-768x522.jpg 768w, https:\/\/skpohjantahti.fi\/uudet\/wp-content\/uploads\/2023\/03\/liminka_220723-1-300x204.jpg 300w, https:\/\/skpohjantahti.fi\/uudet\/wp-content\/uploads\/2023\/03\/liminka_220723-1-1024x695.jpg 1024w, https:\/\/skpohjantahti.fi\/uudet\/wp-content\/uploads\/2023\/03\/liminka_220723-1.jpg 1225w\" sizes=\"(max-width: 768px) 100vw, 768px\" \/>\t\t\t\t\t\t\t\t\t\t\t\t\t\t\t<\/div>\n\t\t\t\t<\/div>\n\t\t\t\t\t<\/div>\n\t\t<\/div>\n\t\t\t\t<div class=\"elementor-column elementor-col-50 elementor-top-column elementor-element elementor-element-0f97857\" data-id=\"0f97857\" data-element_type=\"column\">\n\t\t\t<div class=\"elementor-widget-wrap elementor-element-populated\">\n\t\t\t\t\t\t<div class=\"elementor-element elementor-element-9c730f8 elementor-widget elementor-widget-text-editor\" data-id=\"9c730f8\" data-element_type=\"widget\" data-widget_type=\"text-editor.default\">\n\t\t\t\t<div class=\"elementor-widget-container\">\n\t\t\t\t\t\t\t\t\t<h3>Liminka 19.4.2023, ratamestari nuorten valmennustiimi<\/h3><p><a href=\"https:\/\/goo.gl\/maps\/sPPeodfoAgMFPQxd8\">Linkki tapahtumapaikalle<\/a><\/p><p>Ratatiedot: Pidempi sprintti n. 4km, Lyhyempi sprintti n. 3km. Lasten rata n. 2km.<\/p><p>Kartta: 1:4000 \/ 2m\u00a0<span style=\"font-size: 1rem;\">Petri Karjalainen 2023<\/span><\/p><p><a href=\"https:\/\/skpohjantahti.fi\/uudet\/wp-content\/uploads\/2023\/04\/t20230419.html\">Tulokset<\/a><\/p><p><a href=\"https:\/\/skpohjantahti.fi\/uudet\/wp-content\/uploads\/2023\/04\/v20230419.html\">V\u00e4liajat<\/a><\/p>\t\t\t\t\t\t\t\t<\/div>\n\t\t\t\t<\/div>\n\t\t\t\t\t<\/div>\n\t\t<\/div>\n\t\t\t\t\t<\/div>\n\t\t<\/section>\n\t\t\t\t<section class=\"elementor-section elementor-top-section elementor-element elementor-element-7ac9481 elementor-section-boxed elementor-section-height-default elementor-section-height-default\" data-id=\"7ac9481\" data-element_type=\"section\">\n\t\t\t\t\t\t<div class=\"elementor-container elementor-column-gap-default\">\n\t\t\t\t\t<div class=\"elementor-column elementor-col-50 elementor-top-column elementor-element elementor-element-109c0bd\" data-id=\"109c0bd\" data-element_type=\"column\">\n\t\t\t<div class=\"elementor-widget-wrap elementor-element-populated\">\n\t\t\t\t\t\t<div class=\"elementor-element elementor-element-0a8c348 elementor-widget elementor-widget-image\" data-id=\"0a8c348\" data-element_type=\"widget\" data-widget_type=\"image.default\">\n\t\t\t\t<div class=\"elementor-widget-container\">\n\t\t\t\t\t\t\t\t\t\t\t\t\t\t\t<img decoding=\"async\" width=\"617\" height=\"421\" src=\"https:\/\/skpohjantahti.fi\/uudet\/wp-content\/uploads\/2023\/04\/hiironen_malli.jpg\" class=\"attachment-medium_large size-medium_large wp-image-2817\" alt=\"\" srcset=\"https:\/\/skpohjantahti.fi\/uudet\/wp-content\/uploads\/2023\/04\/hiironen_malli.jpg 617w, https:\/\/skpohjantahti.fi\/uudet\/wp-content\/uploads\/2023\/04\/hiironen_malli-300x205.jpg 300w\" sizes=\"(max-width: 617px) 100vw, 617px\" \/>\t\t\t\t\t\t\t\t\t\t\t\t\t\t\t<\/div>\n\t\t\t\t<\/div>\n\t\t\t\t\t<\/div>\n\t\t<\/div>\n\t\t\t\t<div class=\"elementor-column elementor-col-50 elementor-top-column elementor-element elementor-element-07f09e6\" data-id=\"07f09e6\" data-element_type=\"column\">\n\t\t\t<div class=\"elementor-widget-wrap elementor-element-populated\">\n\t\t\t\t\t\t<div class=\"elementor-element elementor-element-b05055e elementor-widget elementor-widget-text-editor\" data-id=\"b05055e\" data-element_type=\"widget\" data-widget_type=\"text-editor.default\">\n\t\t\t\t<div class=\"elementor-widget-container\">\n\t\t\t\t\t\t\t\t\t<h3 style=\"font-style: normal;\">Hiironen 26.4.2023, ratamestari Timo Karppinen ja nuorten valmennustiimi<\/h3>\n<p style=\"font-size: 16px; font-style: normal; font-weight: 400;\"><a href=\"https:\/\/goo.gl\/maps\/HKYZYVBjLreGfbKi8\">Linkki tapahtumapaikalle<\/a>&nbsp;<\/p>\n<p style=\"font-size: 16px; font-style: normal; font-weight: 400;\">Ratatiedot:&nbsp;<span style=\"font-size: 1rem;\">Pidempi sprintti n. 4km, Lyhyempi sprintti n. 3km. Lasten rata n. 2km.&nbsp;<\/span><\/p>\n<p style=\"font-size: 16px; font-style: normal; font-weight: 400;\">Kartta:&nbsp;<span style=\"font-size: 1rem;\">1:4000 \/ 2m&nbsp;<\/span><span style=\"font-size: 1rem;\">Petri Karjalainen 2023<\/span><\/p>\n<p style=\"font-size: 16px; font-style: normal; font-weight: 400;\"><a href=\"https:\/\/skpohjantahti.fi\/uudet\/wp-content\/uploads\/2023\/04\/t20230427.html\">Tulokset<\/a><\/p>\n<p style=\"font-size: 16px; font-style: normal; font-weight: 400;\"><a href=\"https:\/\/skpohjantahti.fi\/uudet\/wp-content\/uploads\/2023\/04\/v20230427.html\">V\u00e4liajat<\/a><\/p>\t\t\t\t\t\t\t\t<\/div>\n\t\t\t\t<\/div>\n\t\t\t\t\t<\/div>\n\t\t<\/div>\n\t\t\t\t\t<\/div>\n\t\t<\/section>\n\t\t\t\t<section class=\"elementor-section elementor-top-section elementor-element elementor-element-1b4ed49 elementor-section-boxed elementor-section-height-default elementor-section-height-default\" data-id=\"1b4ed49\" data-element_type=\"section\">\n\t\t\t\t\t\t<div class=\"elementor-container elementor-column-gap-default\">\n\t\t\t\t\t<div class=\"elementor-column elementor-col-50 elementor-top-column elementor-element elementor-element-19ddc01\" data-id=\"19ddc01\" data-element_type=\"column\">\n\t\t\t<div class=\"elementor-widget-wrap elementor-element-populated\">\n\t\t\t\t\t\t<div class=\"elementor-element elementor-element-d55034a elementor-widget elementor-widget-image\" data-id=\"d55034a\" data-element_type=\"widget\" data-widget_type=\"image.default\">\n\t\t\t\t<div class=\"elementor-widget-container\">\n\t\t\t\t\t\t\t\t\t\t\t\t\t\t\t<img decoding=\"async\" width=\"768\" height=\"522\" src=\"https:\/\/skpohjantahti.fi\/uudet\/wp-content\/uploads\/2023\/03\/220714_tyrnava-768x522.jpg\" class=\"attachment-medium_large size-medium_large wp-image-2801\" alt=\"\" srcset=\"https:\/\/skpohjantahti.fi\/uudet\/wp-content\/uploads\/2023\/03\/220714_tyrnava-768x522.jpg 768w, https:\/\/skpohjantahti.fi\/uudet\/wp-content\/uploads\/2023\/03\/220714_tyrnava-300x204.jpg 300w, https:\/\/skpohjantahti.fi\/uudet\/wp-content\/uploads\/2023\/03\/220714_tyrnava-1024x696.jpg 1024w, https:\/\/skpohjantahti.fi\/uudet\/wp-content\/uploads\/2023\/03\/220714_tyrnava.jpg 1219w\" sizes=\"(max-width: 768px) 100vw, 768px\" \/>\t\t\t\t\t\t\t\t\t\t\t\t\t\t\t<\/div>\n\t\t\t\t<\/div>\n\t\t\t\t\t<\/div>\n\t\t<\/div>\n\t\t\t\t<div class=\"elementor-column elementor-col-50 elementor-top-column elementor-element elementor-element-12d7763\" data-id=\"12d7763\" data-element_type=\"column\">\n\t\t\t<div class=\"elementor-widget-wrap elementor-element-populated\">\n\t\t\t\t\t\t<div class=\"elementor-element elementor-element-f29e3af elementor-widget elementor-widget-text-editor\" data-id=\"f29e3af\" data-element_type=\"widget\" data-widget_type=\"text-editor.default\">\n\t\t\t\t<div class=\"elementor-widget-container\">\n\t\t\t\t\t\t\t\t\t<h3 style=\"font-style: normal;\">Tyrn\u00e4v\u00e4 3.5.2023, ratamestari nuorten valmennustiimi<\/h3>\n<p style=\"font-size: 16px; font-style: normal; font-weight: 400;\"><a href=\"https:\/\/goo.gl\/maps\/wCn8VjHgZMyQzugGA\">Linkki tapahtumapaikalle<\/a><\/p>\n<p style=\"font-size: 16px; font-style: normal; font-weight: 400;\">Ratatiedot:&nbsp;<span style=\"font-size: 1rem;\">Pidempi sprintti n. 4km, Lyhyempi sprintti n. 3km. Lasten rata n. 2km.&nbsp;<\/span><br><\/p>\n<p style=\"font-size: 16px; font-style: normal; font-weight: 400;\"><span style=\"font-size: 1rem;\">Ohjeet: Luvassa on j\u00e4lleen t\u00e4ysiveriset sprinttiradat, joilla vaativuus on viritetty kilpasuunnistustasolle. Radoilla on muutama &#8221;tekokielletty&#8221; alue, joilla on saatu reitinvalintoihin lis\u00e4\u00e4 vaativuutta. Niit\u00e4 ei ole mitenk\u00e4\u00e4n merkitty maastoon. Kunnioita suunnistaessasi n\u00e4it\u00e4 kieltoja ja valitse reittisi sen mukaan mitk\u00e4 reitit ovat kartan mukaan sallittuja.<\/span><\/p>\n<p style=\"font-size: 16px; font-style: normal; font-weight: 400;\">Kartta:&nbsp;<span style=\"font-size: 1rem;\">1:4000 \/ 2m&nbsp;<\/span><span style=\"font-size: 1rem;\">Petri Karjalainen 2023<\/span><\/p>\n<p style=\"font-size: 16px; font-style: normal; font-weight: 400;\"><a href=\"https:\/\/skpohjantahti.fi\/uudet\/wp-content\/uploads\/2023\/05\/t20230503.html\">Tulokset<\/a><\/p>\n<p style=\"font-size: 16px; font-style: normal; font-weight: 400;\"><a href=\"https:\/\/skpohjantahti.fi\/uudet\/wp-content\/uploads\/2023\/05\/v20230503.html\">V\u00e4liajat<\/a><\/p>\t\t\t\t\t\t\t\t<\/div>\n\t\t\t\t<\/div>\n\t\t\t\t\t<\/div>\n\t\t<\/div>\n\t\t\t\t\t<\/div>\n\t\t<\/section>\n\t\t\t\t<\/div>\n\t\t","protected":false},"excerpt":{"rendered":"<p>Sprintticup 2023 Sprintticup tuo j\u00e4lleen kolme erinomaista uutta karttaa ja niille asiantuntemuksella laaditut radat suunnistusv\u00e4en iloksi. N\u00e4ill\u00e4 radoilla on sek\u00e4 fysiikka ett\u00e4 p\u00e4\u00e4koppa kovilla. Kolme ratavaihtoehtoa: pidempi sprintti on laadittu p\u00e4\u00e4sarjan vaatimustasolle, lyhyempi 16-18 ja 45-60 -vuotiaiden sarjojen vaatimustasolle. Lasten rata on aloittelijoille sopiva rata. L\u00e4ht\u00f6ajat: klo 18.00-19.00, maali sulkeutuu 19.45. Karttamaksut:\u00a0\u00a0Aikuiset 7 \u20ac. Lapset [&hellip;]<\/p>\n","protected":false},"author":2,"featured_media":0,"parent":0,"menu_order":0,"comment_status":"closed","ping_status":"closed","template":"","meta":{"site-sidebar-layout":"no-sidebar","site-content-layout":"page-builder","ast-site-content-layout":"default","site-content-style":"default","site-sidebar-style":"default","ast-global-header-display":"","ast-banner-title-visibility":"","ast-main-header-display":"","ast-hfb-above-header-display":"","ast-hfb-below-header-display":"","ast-hfb-mobile-header-display":"","site-post-title":"disabled","ast-breadcrumbs-content":"","ast-featured-img":"disabled","footer-sml-layout":"","ast-disable-related-posts":"","theme-transparent-header-meta":"","adv-header-id-meta":"","stick-header-meta":"","header-above-stick-meta":"","header-main-stick-meta":"","header-below-stick-meta":"","astra-migrate-meta-layouts":"default","ast-page-background-enabled":"default","ast-page-background-meta":{"desktop":{"background-color":"","background-image":"","background-repeat":"repeat","background-position":"center center","background-size":"auto","background-attachment":"scroll","background-type":"","background-media":"","overlay-type":"","overlay-color":"","overlay-opacity":"","overlay-gradient":""},"tablet":{"background-color":"","background-image":"","background-repeat":"repeat","background-position":"center center","background-size":"auto","background-attachment":"scroll","background-type":"","background-media":"","overlay-type":"","overlay-color":"","overlay-opacity":"","overlay-gradient":""},"mobile":{"background-color":"","background-image":"","background-repeat":"repeat","background-position":"center center","background-size":"auto","background-attachment":"scroll","background-type":"","background-media":"","overlay-type":"","overlay-color":"","overlay-opacity":"","overlay-gradient":""}},"ast-content-background-meta":{"desktop":{"background-color":"var(--ast-global-color-5)","background-image":"","background-repeat":"repeat","background-position":"center center","background-size":"auto","background-attachment":"scroll","background-type":"","background-media":"","overlay-type":"","overlay-color":"","overlay-opacity":"","overlay-gradient":""},"tablet":{"background-color":"var(--ast-global-color-5)","background-image":"","background-repeat":"repeat","background-position":"center center","background-size":"auto","background-attachment":"scroll","background-type":"","background-media":"","overlay-type":"","overlay-color":"","overlay-opacity":"","overlay-gradient":""},"mobile":{"background-color":"var(--ast-global-color-5)","background-image":"","background-repeat":"repeat","background-position":"center center","background-size":"auto","background-attachment":"scroll","background-type":"","background-media":"","overlay-type":"","overlay-color":"","overlay-opacity":"","overlay-gradient":""}},"footnotes":""},"class_list":["post-2797","page","type-page","status-publish","hentry"],"yoast_head":"<!-- This site is optimized with the Yoast SEO plugin v27.4 - https:\/\/yoast.com\/product\/yoast-seo-wordpress\/ -->\n<title>Sprintticup 2023 - SK Pohjant\u00e4hti<\/title>\n<meta name=\"robots\" content=\"index, follow, max-snippet:-1, max-image-preview:large, max-video-preview:-1\" \/>\n<link rel=\"canonical\" href=\"https:\/\/skpohjantahti.fi\/index.php\/sprintticup-2023\/\" \/>\n<meta property=\"og:locale\" content=\"fi_FI\" \/>\n<meta property=\"og:type\" content=\"article\" \/>\n<meta property=\"og:title\" content=\"Sprintticup 2023 - SK Pohjant\u00e4hti\" \/>\n<meta property=\"og:description\" content=\"Sprintticup 2023 Sprintticup tuo j\u00e4lleen kolme erinomaista uutta karttaa ja niille asiantuntemuksella laaditut radat suunnistusv\u00e4en iloksi. N\u00e4ill\u00e4 radoilla on sek\u00e4 fysiikka ett\u00e4 p\u00e4\u00e4koppa kovilla. Kolme ratavaihtoehtoa: pidempi sprintti on laadittu p\u00e4\u00e4sarjan vaatimustasolle, lyhyempi 16-18 ja 45-60 -vuotiaiden sarjojen vaatimustasolle. Lasten rata on aloittelijoille sopiva rata. L\u00e4ht\u00f6ajat: klo 18.00-19.00, maali sulkeutuu 19.45. Karttamaksut:\u00a0\u00a0Aikuiset 7 \u20ac. Lapset [&hellip;]\" \/>\n<meta property=\"og:url\" content=\"https:\/\/skpohjantahti.fi\/index.php\/sprintticup-2023\/\" \/>\n<meta property=\"og:site_name\" content=\"SK Pohjant\u00e4hti\" \/>\n<meta property=\"article:publisher\" content=\"https:\/\/www.facebook.com\/skpohjantahti\" \/>\n<meta property=\"article:modified_time\" content=\"2023-05-03T16:50:01+00:00\" \/>\n<meta property=\"og:image\" content=\"https:\/\/skpohjantahti.fi\/uudet\/wp-content\/uploads\/2023\/03\/liminka_220723-1-768x522.jpg\" \/>\n<meta name=\"twitter:card\" content=\"summary_large_image\" \/>\n<meta name=\"twitter:label1\" content=\"Arvioitu lukuaika\" \/>\n\t<meta name=\"twitter:data1\" content=\"2 minuuttia\" \/>\n<script type=\"application\/ld+json\" class=\"yoast-schema-graph\">{\"@context\":\"https:\\\/\\\/schema.org\",\"@graph\":[{\"@type\":\"WebPage\",\"@id\":\"https:\\\/\\\/skpohjantahti.fi\\\/index.php\\\/sprintticup-2023\\\/\",\"url\":\"https:\\\/\\\/skpohjantahti.fi\\\/index.php\\\/sprintticup-2023\\\/\",\"name\":\"Sprintticup 2023 - SK Pohjant\u00e4hti\",\"isPartOf\":{\"@id\":\"https:\\\/\\\/skpohjantahti.fi\\\/#website\"},\"primaryImageOfPage\":{\"@id\":\"https:\\\/\\\/skpohjantahti.fi\\\/index.php\\\/sprintticup-2023\\\/#primaryimage\"},\"image\":{\"@id\":\"https:\\\/\\\/skpohjantahti.fi\\\/index.php\\\/sprintticup-2023\\\/#primaryimage\"},\"thumbnailUrl\":\"https:\\\/\\\/skpohjantahti.fi\\\/uudet\\\/wp-content\\\/uploads\\\/2023\\\/03\\\/liminka_220723-1-768x522.jpg\",\"datePublished\":\"2023-03-26T16:38:13+00:00\",\"dateModified\":\"2023-05-03T16:50:01+00:00\",\"breadcrumb\":{\"@id\":\"https:\\\/\\\/skpohjantahti.fi\\\/index.php\\\/sprintticup-2023\\\/#breadcrumb\"},\"inLanguage\":\"fi\",\"potentialAction\":[{\"@type\":\"ReadAction\",\"target\":[\"https:\\\/\\\/skpohjantahti.fi\\\/index.php\\\/sprintticup-2023\\\/\"]}]},{\"@type\":\"ImageObject\",\"inLanguage\":\"fi\",\"@id\":\"https:\\\/\\\/skpohjantahti.fi\\\/index.php\\\/sprintticup-2023\\\/#primaryimage\",\"url\":\"https:\\\/\\\/skpohjantahti.fi\\\/uudet\\\/wp-content\\\/uploads\\\/2023\\\/03\\\/liminka_220723-1.jpg\",\"contentUrl\":\"https:\\\/\\\/skpohjantahti.fi\\\/uudet\\\/wp-content\\\/uploads\\\/2023\\\/03\\\/liminka_220723-1.jpg\",\"width\":1225,\"height\":832},{\"@type\":\"BreadcrumbList\",\"@id\":\"https:\\\/\\\/skpohjantahti.fi\\\/index.php\\\/sprintticup-2023\\\/#breadcrumb\",\"itemListElement\":[{\"@type\":\"ListItem\",\"position\":1,\"name\":\"Etusivu\",\"item\":\"https:\\\/\\\/skpohjantahti.fi\\\/\"},{\"@type\":\"ListItem\",\"position\":2,\"name\":\"Sprintticup 2023\"}]},{\"@type\":\"WebSite\",\"@id\":\"https:\\\/\\\/skpohjantahti.fi\\\/#website\",\"url\":\"https:\\\/\\\/skpohjantahti.fi\\\/\",\"name\":\"SK Pohjant\u00e4hti\",\"description\":\"Oululainen suunnistusseura\",\"publisher\":{\"@id\":\"https:\\\/\\\/skpohjantahti.fi\\\/#organization\"},\"potentialAction\":[{\"@type\":\"SearchAction\",\"target\":{\"@type\":\"EntryPoint\",\"urlTemplate\":\"https:\\\/\\\/skpohjantahti.fi\\\/?s={search_term_string}\"},\"query-input\":{\"@type\":\"PropertyValueSpecification\",\"valueRequired\":true,\"valueName\":\"search_term_string\"}}],\"inLanguage\":\"fi\"},{\"@type\":\"Organization\",\"@id\":\"https:\\\/\\\/skpohjantahti.fi\\\/#organization\",\"name\":\"SK Pohjant\u00e4hti\",\"url\":\"https:\\\/\\\/skpohjantahti.fi\\\/\",\"logo\":{\"@type\":\"ImageObject\",\"inLanguage\":\"fi\",\"@id\":\"https:\\\/\\\/skpohjantahti.fi\\\/#\\\/schema\\\/logo\\\/image\\\/\",\"url\":\"https:\\\/\\\/skpohjantahti.fi\\\/uudet\\\/wp-content\\\/uploads\\\/2022\\\/04\\\/cropped-pohjantahti_log_netti_pieni.jpg\",\"contentUrl\":\"https:\\\/\\\/skpohjantahti.fi\\\/uudet\\\/wp-content\\\/uploads\\\/2022\\\/04\\\/cropped-pohjantahti_log_netti_pieni.jpg\",\"width\":198,\"height\":66,\"caption\":\"SK Pohjant\u00e4hti\"},\"image\":{\"@id\":\"https:\\\/\\\/skpohjantahti.fi\\\/#\\\/schema\\\/logo\\\/image\\\/\"},\"sameAs\":[\"https:\\\/\\\/www.facebook.com\\\/skpohjantahti\",\"https:\\\/\\\/www.instagram.com\\\/sk_pohjantahti\\\/\"]}]}<\/script>\n<!-- \/ Yoast SEO plugin. -->","yoast_head_json":{"title":"Sprintticup 2023 - SK Pohjant\u00e4hti","robots":{"index":"index","follow":"follow","max-snippet":"max-snippet:-1","max-image-preview":"max-image-preview:large","max-video-preview":"max-video-preview:-1"},"canonical":"https:\/\/skpohjantahti.fi\/index.php\/sprintticup-2023\/","og_locale":"fi_FI","og_type":"article","og_title":"Sprintticup 2023 - SK Pohjant\u00e4hti","og_description":"Sprintticup 2023 Sprintticup tuo j\u00e4lleen kolme erinomaista uutta karttaa ja niille asiantuntemuksella laaditut radat suunnistusv\u00e4en iloksi. N\u00e4ill\u00e4 radoilla on sek\u00e4 fysiikka ett\u00e4 p\u00e4\u00e4koppa kovilla. Kolme ratavaihtoehtoa: pidempi sprintti on laadittu p\u00e4\u00e4sarjan vaatimustasolle, lyhyempi 16-18 ja 45-60 -vuotiaiden sarjojen vaatimustasolle. Lasten rata on aloittelijoille sopiva rata. L\u00e4ht\u00f6ajat: klo 18.00-19.00, maali sulkeutuu 19.45. Karttamaksut:\u00a0\u00a0Aikuiset 7 \u20ac. Lapset [&hellip;]","og_url":"https:\/\/skpohjantahti.fi\/index.php\/sprintticup-2023\/","og_site_name":"SK Pohjant\u00e4hti","article_publisher":"https:\/\/www.facebook.com\/skpohjantahti","article_modified_time":"2023-05-03T16:50:01+00:00","og_image":[{"url":"https:\/\/skpohjantahti.fi\/uudet\/wp-content\/uploads\/2023\/03\/liminka_220723-1-768x522.jpg","type":"","width":"","height":""}],"twitter_card":"summary_large_image","twitter_misc":{"Arvioitu lukuaika":"2 minuuttia"},"schema":{"@context":"https:\/\/schema.org","@graph":[{"@type":"WebPage","@id":"https:\/\/skpohjantahti.fi\/index.php\/sprintticup-2023\/","url":"https:\/\/skpohjantahti.fi\/index.php\/sprintticup-2023\/","name":"Sprintticup 2023 - SK Pohjant\u00e4hti","isPartOf":{"@id":"https:\/\/skpohjantahti.fi\/#website"},"primaryImageOfPage":{"@id":"https:\/\/skpohjantahti.fi\/index.php\/sprintticup-2023\/#primaryimage"},"image":{"@id":"https:\/\/skpohjantahti.fi\/index.php\/sprintticup-2023\/#primaryimage"},"thumbnailUrl":"https:\/\/skpohjantahti.fi\/uudet\/wp-content\/uploads\/2023\/03\/liminka_220723-1-768x522.jpg","datePublished":"2023-03-26T16:38:13+00:00","dateModified":"2023-05-03T16:50:01+00:00","breadcrumb":{"@id":"https:\/\/skpohjantahti.fi\/index.php\/sprintticup-2023\/#breadcrumb"},"inLanguage":"fi","potentialAction":[{"@type":"ReadAction","target":["https:\/\/skpohjantahti.fi\/index.php\/sprintticup-2023\/"]}]},{"@type":"ImageObject","inLanguage":"fi","@id":"https:\/\/skpohjantahti.fi\/index.php\/sprintticup-2023\/#primaryimage","url":"https:\/\/skpohjantahti.fi\/uudet\/wp-content\/uploads\/2023\/03\/liminka_220723-1.jpg","contentUrl":"https:\/\/skpohjantahti.fi\/uudet\/wp-content\/uploads\/2023\/03\/liminka_220723-1.jpg","width":1225,"height":832},{"@type":"BreadcrumbList","@id":"https:\/\/skpohjantahti.fi\/index.php\/sprintticup-2023\/#breadcrumb","itemListElement":[{"@type":"ListItem","position":1,"name":"Etusivu","item":"https:\/\/skpohjantahti.fi\/"},{"@type":"ListItem","position":2,"name":"Sprintticup 2023"}]},{"@type":"WebSite","@id":"https:\/\/skpohjantahti.fi\/#website","url":"https:\/\/skpohjantahti.fi\/","name":"SK Pohjant\u00e4hti","description":"Oululainen suunnistusseura","publisher":{"@id":"https:\/\/skpohjantahti.fi\/#organization"},"potentialAction":[{"@type":"SearchAction","target":{"@type":"EntryPoint","urlTemplate":"https:\/\/skpohjantahti.fi\/?s={search_term_string}"},"query-input":{"@type":"PropertyValueSpecification","valueRequired":true,"valueName":"search_term_string"}}],"inLanguage":"fi"},{"@type":"Organization","@id":"https:\/\/skpohjantahti.fi\/#organization","name":"SK Pohjant\u00e4hti","url":"https:\/\/skpohjantahti.fi\/","logo":{"@type":"ImageObject","inLanguage":"fi","@id":"https:\/\/skpohjantahti.fi\/#\/schema\/logo\/image\/","url":"https:\/\/skpohjantahti.fi\/uudet\/wp-content\/uploads\/2022\/04\/cropped-pohjantahti_log_netti_pieni.jpg","contentUrl":"https:\/\/skpohjantahti.fi\/uudet\/wp-content\/uploads\/2022\/04\/cropped-pohjantahti_log_netti_pieni.jpg","width":198,"height":66,"caption":"SK Pohjant\u00e4hti"},"image":{"@id":"https:\/\/skpohjantahti.fi\/#\/schema\/logo\/image\/"},"sameAs":["https:\/\/www.facebook.com\/skpohjantahti","https:\/\/www.instagram.com\/sk_pohjantahti\/"]}]}},"_links":{"self":[{"href":"https:\/\/skpohjantahti.fi\/index.php\/wp-json\/wp\/v2\/pages\/2797","targetHints":{"allow":["GET"]}}],"collection":[{"href":"https:\/\/skpohjantahti.fi\/index.php\/wp-json\/wp\/v2\/pages"}],"about":[{"href":"https:\/\/skpohjantahti.fi\/index.php\/wp-json\/wp\/v2\/types\/page"}],"author":[{"embeddable":true,"href":"https:\/\/skpohjantahti.fi\/index.php\/wp-json\/wp\/v2\/users\/2"}],"replies":[{"embeddable":true,"href":"https:\/\/skpohjantahti.fi\/index.php\/wp-json\/wp\/v2\/comments?post=2797"}],"version-history":[{"count":82,"href":"https:\/\/skpohjantahti.fi\/index.php\/wp-json\/wp\/v2\/pages\/2797\/revisions"}],"predecessor-version":[{"id":2979,"href":"https:\/\/skpohjantahti.fi\/index.php\/wp-json\/wp\/v2\/pages\/2797\/revisions\/2979"}],"wp:attachment":[{"href":"https:\/\/skpohjantahti.fi\/index.php\/wp-json\/wp\/v2\/media?parent=2797"}],"curies":[{"name":"wp","href":"https:\/\/api.w.org\/{rel}","templated":true}]}}