{"id":2908,"date":"2023-04-21T10:10:00","date_gmt":"2023-04-21T10:10:00","guid":{"rendered":"https:\/\/skpohjantahti.fi\/?page_id=2908"},"modified":"2023-09-04T09:54:04","modified_gmt":"2023-09-04T09:54:04","slug":"kompassi-tapahtumat-2023","status":"publish","type":"page","link":"https:\/\/skpohjantahti.fi\/index.php\/kompassi-tapahtumat-2023\/","title":{"rendered":"Kompassi-tapahtumat 2023"},"content":{"rendered":"\t\t<div data-elementor-type=\"wp-page\" data-elementor-id=\"2908\" class=\"elementor elementor-2908\">\n\t\t\t\t\t\t<section class=\"elementor-section elementor-top-section elementor-element elementor-element-86c0a26 elementor-section-boxed elementor-section-height-default elementor-section-height-default\" data-id=\"86c0a26\" data-element_type=\"section\">\n\t\t\t\t\t\t<div class=\"elementor-container elementor-column-gap-default\">\n\t\t\t\t\t<div class=\"elementor-column elementor-col-100 elementor-top-column elementor-element elementor-element-5887169\" data-id=\"5887169\" data-element_type=\"column\">\n\t\t\t<div class=\"elementor-widget-wrap elementor-element-populated\">\n\t\t\t\t\t\t<div class=\"elementor-element elementor-element-5010c85 elementor-widget__width-inherit elementor-widget elementor-widget-image\" data-id=\"5010c85\" data-element_type=\"widget\" data-widget_type=\"image.default\">\n\t\t\t\t<div class=\"elementor-widget-container\">\n\t\t\t\t\t\t\t\t\t\t\t\t\t\t\t<img fetchpriority=\"high\" decoding=\"async\" width=\"2362\" height=\"1181\" src=\"https:\/\/skpohjantahti.fi\/uudet\/wp-content\/uploads\/2023\/04\/tapahtumat_tahtaimessa_1_rgb-1.jpg\" class=\"attachment-full size-full wp-image-2910\" alt=\"\" srcset=\"https:\/\/skpohjantahti.fi\/uudet\/wp-content\/uploads\/2023\/04\/tapahtumat_tahtaimessa_1_rgb-1.jpg 2362w, https:\/\/skpohjantahti.fi\/uudet\/wp-content\/uploads\/2023\/04\/tapahtumat_tahtaimessa_1_rgb-1-300x150.jpg 300w, https:\/\/skpohjantahti.fi\/uudet\/wp-content\/uploads\/2023\/04\/tapahtumat_tahtaimessa_1_rgb-1-1024x512.jpg 1024w, https:\/\/skpohjantahti.fi\/uudet\/wp-content\/uploads\/2023\/04\/tapahtumat_tahtaimessa_1_rgb-1-768x384.jpg 768w, https:\/\/skpohjantahti.fi\/uudet\/wp-content\/uploads\/2023\/04\/tapahtumat_tahtaimessa_1_rgb-1-1536x768.jpg 1536w, https:\/\/skpohjantahti.fi\/uudet\/wp-content\/uploads\/2023\/04\/tapahtumat_tahtaimessa_1_rgb-1-2048x1024.jpg 2048w\" sizes=\"(max-width: 2362px) 100vw, 2362px\" \/>\t\t\t\t\t\t\t\t\t\t\t\t\t\t\t<\/div>\n\t\t\t\t<\/div>\n\t\t\t\t\t<\/div>\n\t\t<\/div>\n\t\t\t\t\t<\/div>\n\t\t<\/section>\n\t\t\t\t<section class=\"elementor-section elementor-top-section elementor-element elementor-element-9a172d6 elementor-section-boxed elementor-section-height-default elementor-section-height-default\" data-id=\"9a172d6\" data-element_type=\"section\">\n\t\t\t\t\t\t<div class=\"elementor-container elementor-column-gap-default\">\n\t\t\t\t\t<div class=\"elementor-column elementor-col-100 elementor-top-column elementor-element elementor-element-b2283f6\" data-id=\"b2283f6\" data-element_type=\"column\">\n\t\t\t<div class=\"elementor-widget-wrap elementor-element-populated\">\n\t\t\t\t\t\t<section class=\"elementor-section elementor-inner-section elementor-element elementor-element-048b683 elementor-section-boxed elementor-section-height-default elementor-section-height-default\" data-id=\"048b683\" data-element_type=\"section\">\n\t\t\t\t\t\t<div class=\"elementor-container elementor-column-gap-default\">\n\t\t\t\t\t<div class=\"elementor-column elementor-col-50 elementor-inner-column elementor-element elementor-element-0aa6695\" data-id=\"0aa6695\" data-element_type=\"column\">\n\t\t\t<div class=\"elementor-widget-wrap elementor-element-populated\">\n\t\t\t\t\t\t<div class=\"elementor-element elementor-element-2488c0b elementor-widget elementor-widget-heading\" data-id=\"2488c0b\" data-element_type=\"widget\" data-widget_type=\"heading.default\">\n\t\t\t\t<div class=\"elementor-widget-container\">\n\t\t\t\t\t<h2 class=\"elementor-heading-title elementor-size-default\">Kompassi-tapahtumat 2023<\/h2>\t\t\t\t<\/div>\n\t\t\t\t<\/div>\n\t\t\t\t<div class=\"elementor-element elementor-element-2e09c08 elementor-widget elementor-widget-image\" data-id=\"2e09c08\" data-element_type=\"widget\" data-widget_type=\"image.default\">\n\t\t\t\t<div class=\"elementor-widget-container\">\n\t\t\t\t\t\t\t\t\t\t\t\t\t\t\t<img decoding=\"async\" width=\"1009\" height=\"616\" src=\"https:\/\/skpohjantahti.fi\/uudet\/wp-content\/uploads\/2023\/04\/kompassi-pohjois-pohjanmaa.jpeg\" class=\"attachment-large size-large wp-image-2911\" alt=\"\" srcset=\"https:\/\/skpohjantahti.fi\/uudet\/wp-content\/uploads\/2023\/04\/kompassi-pohjois-pohjanmaa.jpeg 1009w, https:\/\/skpohjantahti.fi\/uudet\/wp-content\/uploads\/2023\/04\/kompassi-pohjois-pohjanmaa-300x183.jpeg 300w, https:\/\/skpohjantahti.fi\/uudet\/wp-content\/uploads\/2023\/04\/kompassi-pohjois-pohjanmaa-768x469.jpeg 768w\" sizes=\"(max-width: 1009px) 100vw, 1009px\" \/>\t\t\t\t\t\t\t\t\t\t\t\t\t\t\t<\/div>\n\t\t\t\t<\/div>\n\t\t\t\t\t<\/div>\n\t\t<\/div>\n\t\t\t\t<div class=\"elementor-column elementor-col-50 elementor-inner-column elementor-element elementor-element-f3051e3\" data-id=\"f3051e3\" data-element_type=\"column\">\n\t\t\t<div class=\"elementor-widget-wrap elementor-element-populated\">\n\t\t\t\t\t\t<div class=\"elementor-element elementor-element-4013a66 elementor-widget elementor-widget-text-editor\" data-id=\"4013a66\" data-element_type=\"widget\" data-widget_type=\"text-editor.default\">\n\t\t\t\t<div class=\"elementor-widget-container\">\n\t\t\t\t\t\t\t\t\t<p>Kompassi-tapahtumat ovat suunnistustapahtumia, jotka on suunniteltu lasten ehdoilla. Tapahtumista l\u00f6ytyy innostavia suunnistusteht\u00e4vi\u00e4, jotka sopivat kilpailu- ja seikkailumielisille, mutta my\u00f6s aloittelijoille on tarjolla turvallisia haasteita.<\/p><p class=\"MsoNormal\">\u00a0<\/p>\t\t\t\t\t\t\t\t<\/div>\n\t\t\t\t<\/div>\n\t\t\t\t<div class=\"elementor-element elementor-element-e81ce81 elementor-widget elementor-widget-text-editor\" data-id=\"e81ce81\" data-element_type=\"widget\" data-widget_type=\"text-editor.default\">\n\t\t\t\t<div class=\"elementor-widget-container\">\n\t\t\t\t\t\t\t\t\t<p><strong>Pohjois-Pohjanmaan Kompassi-tapahtumat 2023<\/strong><\/p><p><strong>22.5. Seuratason Kompassi-tapahtuma<\/strong><\/p><p>Kiekonmaja klo 18.00<\/p><p><a href=\"https:\/\/skpohjantahti.fi\/?page_id=3005&amp;preview=true\">Tapahtumatiedot<\/a> I <a href=\"https:\/\/goo.gl\/maps\/XCq96Es18nhUbaS59?coh=178571&amp;entry=tt\">Linkki tapahtumapaikalle<\/a>\u00a0<span style=\"font-size: 1rem;\">I <a href=\"https:\/\/skpohjantahti.fi\/index.php\/kompassicup1-tulokset-2023\/\">Tulokset<\/a><\/span><span style=\"font-size: 1rem;\">\u00a0<\/span><\/p><p><strong>10.8. <a href=\"https:\/\/www.laitasaarenveto.fi\/suunnistus\/kompassi-cup-10-8-2023\/\">Seuratason 2. Kompassi-tapahtuma Muhoksella<\/a><\/strong><\/p><p><strong>2.9. <a href=\"http:\/\/henkilokohtaiset kilpasarjat ja matkat\" data-wplink-url-error=\"true\">Kompassi-tapahtuma<\/a>, henkil\u00f6kohtainen<\/strong><\/p><p><a href=\"https:\/\/skpohjantahti.fi\/index.php\/kompassi-tapahtuma-2-9-2023\/#henkilokohtainen_kilpailu\">Tapahtumatiedot<\/a> <span style=\"font-size: 1rem;\">I <\/span><a href=\"https:\/\/asiointi.maanmittauslaitos.fi\/karttapaikka\/?lang=fi&amp;share=customMarker&amp;n=7198618.12469082&amp;e=441086.248969861&amp;title=Kompassicup%20launtai&amp;desc=&amp;zoom=12&amp;layers=W3siaWQiOjIsIm9wYWNpdHkiOjEwMH1d-z\">Tapahtumapaikka<\/a> <span style=\"font-size: 1rem;\">I <\/span><a href=\"https:\/\/skpohjantahti.fi\/index.php\/kompassi-tapahtuma-2-9-2023\/#henkilokohtaiset_kilpasarjat_ja_matkat\">Kilpailuohjeet<\/a><\/p><p>Henkil\u00f6kohtaiset<a href=\"https:\/\/skpohjantahti.fi\/index.php\/kompassitapahtuma-tulokset-2023-henkilokohtainen\/\"> tulokset<\/a> I <a href=\"https:\/\/skpohjantahti.fi\/index.php\/kompassitapahtuma-2023-henkilokohtainen-valiajat\/\">v\u00e4liajat<\/a> I ForFun <a href=\"https:\/\/skpohjantahti.fi\/index.php\/kompassitapahtuma-2023-forfun-tulokset\/\">tulokset<\/a> I\u00a0<a href=\"https:\/\/skpohjantahti.fi\/index.php\/kompassitapahtuma-2023-forfun-valiajat\/\">v\u00e4liajat<\/a><\/p><p><strong>3.9. <a href=\"https:\/\/skpohjantahti.fi\/index.php\/kompassi-tapahtuma-2-9-2023\">Kompassi-tapahtuma<\/a>, viesti<\/strong><\/p><p><a href=\"https:\/\/skpohjantahti.fi\/index.php\/kompassi-tapahtuma-2-9-2023\/#viesti\">Tapahtumatiedot<\/a>\u00a0<span style=\"font-size: 1rem;\">I<\/span> <a href=\"https:\/\/asiointi.maanmittauslaitos.fi\/karttapaikka\/?lang=fi&amp;share=customMarker&amp;n=7198584.072176203&amp;e=442115.8948410815&amp;title=Kompassicup%20sunnuntai&amp;desc=&amp;zoom=10&amp;layers=W3siaWQiOjIsIm9wYWNpdHkiOjEwMH1d-z\">Tapahtumapaikka<\/a><span style=\"font-size: 1rem;\">I <\/span><a href=\"https:\/\/skpohjantahti.fi\/index.php\/kompassi-tapahtuma-2-9-2023\/#viestikilpailu_sarjat_ja_matkat\">Kilpailuohjeet<\/a><\/p><p><a href=\"https:\/\/skpohjantahti.fi\/index.php\/kompassitapahtuma-2023-viesti-tulokset\/\">Tulokset<\/a> I\u00a0<a href=\"https:\/\/skpohjantahti.fi\/index.php\/kompassitapahtuma-2023-viesti-valiajat\/\">V\u00e4liajat<\/a><\/p><p><strong>4.11. Leiri<\/strong><\/p>\t\t\t\t\t\t\t\t<\/div>\n\t\t\t\t<\/div>\n\t\t\t\t\t<\/div>\n\t\t<\/div>\n\t\t\t\t\t<\/div>\n\t\t<\/section>\n\t\t\t\t\t<\/div>\n\t\t<\/div>\n\t\t\t\t\t<\/div>\n\t\t<\/section>\n\t\t\t\t<\/div>\n\t\t","protected":false},"excerpt":{"rendered":"<p>Kompassi-tapahtumat 2023 Kompassi-tapahtumat ovat suunnistustapahtumia, jotka on suunniteltu lasten ehdoilla. Tapahtumista l\u00f6ytyy innostavia suunnistusteht\u00e4vi\u00e4, jotka sopivat kilpailu- ja seikkailumielisille, mutta my\u00f6s aloittelijoille on tarjolla turvallisia haasteita. \u00a0 Pohjois-Pohjanmaan Kompassi-tapahtumat 2023 22.5. Seuratason Kompassi-tapahtuma Kiekonmaja klo 18.00 Tapahtumatiedot I Linkki tapahtumapaikalle\u00a0I Tulokset\u00a0 10.8. Seuratason 2. Kompassi-tapahtuma Muhoksella 2.9. Kompassi-tapahtuma, henkil\u00f6kohtainen Tapahtumatiedot I Tapahtumapaikka I Kilpailuohjeet Henkil\u00f6kohtaiset [&hellip;]<\/p>\n","protected":false},"author":2,"featured_media":0,"parent":0,"menu_order":0,"comment_status":"closed","ping_status":"closed","template":"","meta":{"site-sidebar-layout":"no-sidebar","site-content-layout":"page-builder","ast-site-content-layout":"default","site-content-style":"default","site-sidebar-style":"default","ast-global-header-display":"","ast-banner-title-visibility":"","ast-main-header-display":"","ast-hfb-above-header-display":"","ast-hfb-below-header-display":"","ast-hfb-mobile-header-display":"","site-post-title":"disabled","ast-breadcrumbs-content":"","ast-featured-img":"disabled","footer-sml-layout":"","ast-disable-related-posts":"","theme-transparent-header-meta":"","adv-header-id-meta":"","stick-header-meta":"","header-above-stick-meta":"","header-main-stick-meta":"","header-below-stick-meta":"","astra-migrate-meta-layouts":"default","ast-page-background-enabled":"default","ast-page-background-meta":{"desktop":{"background-color":"","background-image":"","background-repeat":"repeat","background-position":"center center","background-size":"auto","background-attachment":"scroll","background-type":"","background-media":"","overlay-type":"","overlay-color":"","overlay-opacity":"","overlay-gradient":""},"tablet":{"background-color":"","background-image":"","background-repeat":"repeat","background-position":"center center","background-size":"auto","background-attachment":"scroll","background-type":"","background-media":"","overlay-type":"","overlay-color":"","overlay-opacity":"","overlay-gradient":""},"mobile":{"background-color":"","background-image":"","background-repeat":"repeat","background-position":"center center","background-size":"auto","background-attachment":"scroll","background-type":"","background-media":"","overlay-type":"","overlay-color":"","overlay-opacity":"","overlay-gradient":""}},"ast-content-background-meta":{"desktop":{"background-color":"var(--ast-global-color-5)","background-image":"","background-repeat":"repeat","background-position":"center center","background-size":"auto","background-attachment":"scroll","background-type":"","background-media":"","overlay-type":"","overlay-color":"","overlay-opacity":"","overlay-gradient":""},"tablet":{"background-color":"var(--ast-global-color-5)","background-image":"","background-repeat":"repeat","background-position":"center center","background-size":"auto","background-attachment":"scroll","background-type":"","background-media":"","overlay-type":"","overlay-color":"","overlay-opacity":"","overlay-gradient":""},"mobile":{"background-color":"var(--ast-global-color-5)","background-image":"","background-repeat":"repeat","background-position":"center center","background-size":"auto","background-attachment":"scroll","background-type":"","background-media":"","overlay-type":"","overlay-color":"","overlay-opacity":"","overlay-gradient":""}},"footnotes":""},"class_list":["post-2908","page","type-page","status-publish","hentry"],"yoast_head":"<!-- This site is optimized with the Yoast SEO plugin v27.2 - https:\/\/yoast.com\/product\/yoast-seo-wordpress\/ -->\n<title>Kompassi-tapahtumat 2023 - SK Pohjant\u00e4hti<\/title>\n<meta name=\"robots\" content=\"index, follow, max-snippet:-1, max-image-preview:large, max-video-preview:-1\" \/>\n<link rel=\"canonical\" href=\"https:\/\/skpohjantahti.fi\/index.php\/kompassi-tapahtumat-2023\/\" \/>\n<meta property=\"og:locale\" content=\"fi_FI\" \/>\n<meta property=\"og:type\" content=\"article\" \/>\n<meta property=\"og:title\" content=\"Kompassi-tapahtumat 2023 - SK Pohjant\u00e4hti\" \/>\n<meta property=\"og:description\" content=\"Kompassi-tapahtumat 2023 Kompassi-tapahtumat ovat suunnistustapahtumia, jotka on suunniteltu lasten ehdoilla. Tapahtumista l\u00f6ytyy innostavia suunnistusteht\u00e4vi\u00e4, jotka sopivat kilpailu- ja seikkailumielisille, mutta my\u00f6s aloittelijoille on tarjolla turvallisia haasteita. \u00a0 Pohjois-Pohjanmaan Kompassi-tapahtumat 2023 22.5. Seuratason Kompassi-tapahtuma Kiekonmaja klo 18.00 Tapahtumatiedot I Linkki tapahtumapaikalle\u00a0I Tulokset\u00a0 10.8. Seuratason 2. Kompassi-tapahtuma Muhoksella 2.9. Kompassi-tapahtuma, henkil\u00f6kohtainen Tapahtumatiedot I Tapahtumapaikka I Kilpailuohjeet Henkil\u00f6kohtaiset [&hellip;]\" \/>\n<meta property=\"og:url\" content=\"https:\/\/skpohjantahti.fi\/index.php\/kompassi-tapahtumat-2023\/\" \/>\n<meta property=\"og:site_name\" content=\"SK Pohjant\u00e4hti\" \/>\n<meta property=\"article:publisher\" content=\"https:\/\/www.facebook.com\/skpohjantahti\" \/>\n<meta property=\"article:modified_time\" content=\"2023-09-04T09:54:04+00:00\" \/>\n<meta property=\"og:image\" content=\"https:\/\/skpohjantahti.fi\/uudet\/wp-content\/uploads\/2023\/04\/tapahtumat_tahtaimessa_1_rgb-1.jpg\" \/>\n<meta name=\"twitter:card\" content=\"summary_large_image\" \/>\n<script type=\"application\/ld+json\" class=\"yoast-schema-graph\">{\"@context\":\"https:\/\/schema.org\",\"@graph\":[{\"@type\":\"WebPage\",\"@id\":\"https:\/\/skpohjantahti.fi\/index.php\/kompassi-tapahtumat-2023\/\",\"url\":\"https:\/\/skpohjantahti.fi\/index.php\/kompassi-tapahtumat-2023\/\",\"name\":\"Kompassi-tapahtumat 2023 - SK Pohjant\u00e4hti\",\"isPartOf\":{\"@id\":\"https:\/\/skpohjantahti.fi\/#website\"},\"primaryImageOfPage\":{\"@id\":\"https:\/\/skpohjantahti.fi\/index.php\/kompassi-tapahtumat-2023\/#primaryimage\"},\"image\":{\"@id\":\"https:\/\/skpohjantahti.fi\/index.php\/kompassi-tapahtumat-2023\/#primaryimage\"},\"thumbnailUrl\":\"https:\/\/skpohjantahti.fi\/uudet\/wp-content\/uploads\/2023\/04\/tapahtumat_tahtaimessa_1_rgb-1.jpg\",\"datePublished\":\"2023-04-21T10:10:00+00:00\",\"dateModified\":\"2023-09-04T09:54:04+00:00\",\"breadcrumb\":{\"@id\":\"https:\/\/skpohjantahti.fi\/index.php\/kompassi-tapahtumat-2023\/#breadcrumb\"},\"inLanguage\":\"fi\",\"potentialAction\":[{\"@type\":\"ReadAction\",\"target\":[\"https:\/\/skpohjantahti.fi\/index.php\/kompassi-tapahtumat-2023\/\"]}]},{\"@type\":\"ImageObject\",\"inLanguage\":\"fi\",\"@id\":\"https:\/\/skpohjantahti.fi\/index.php\/kompassi-tapahtumat-2023\/#primaryimage\",\"url\":\"https:\/\/skpohjantahti.fi\/uudet\/wp-content\/uploads\/2023\/04\/tapahtumat_tahtaimessa_1_rgb-1.jpg\",\"contentUrl\":\"https:\/\/skpohjantahti.fi\/uudet\/wp-content\/uploads\/2023\/04\/tapahtumat_tahtaimessa_1_rgb-1.jpg\",\"width\":2362,\"height\":1181},{\"@type\":\"BreadcrumbList\",\"@id\":\"https:\/\/skpohjantahti.fi\/index.php\/kompassi-tapahtumat-2023\/#breadcrumb\",\"itemListElement\":[{\"@type\":\"ListItem\",\"position\":1,\"name\":\"Etusivu\",\"item\":\"https:\/\/skpohjantahti.fi\/\"},{\"@type\":\"ListItem\",\"position\":2,\"name\":\"Kompassi-tapahtumat 2023\"}]},{\"@type\":\"WebSite\",\"@id\":\"https:\/\/skpohjantahti.fi\/#website\",\"url\":\"https:\/\/skpohjantahti.fi\/\",\"name\":\"SK Pohjant\u00e4hti\",\"description\":\"Oululainen suunnistusseura\",\"publisher\":{\"@id\":\"https:\/\/skpohjantahti.fi\/#organization\"},\"potentialAction\":[{\"@type\":\"SearchAction\",\"target\":{\"@type\":\"EntryPoint\",\"urlTemplate\":\"https:\/\/skpohjantahti.fi\/?s={search_term_string}\"},\"query-input\":{\"@type\":\"PropertyValueSpecification\",\"valueRequired\":true,\"valueName\":\"search_term_string\"}}],\"inLanguage\":\"fi\"},{\"@type\":\"Organization\",\"@id\":\"https:\/\/skpohjantahti.fi\/#organization\",\"name\":\"SK Pohjant\u00e4hti\",\"url\":\"https:\/\/skpohjantahti.fi\/\",\"logo\":{\"@type\":\"ImageObject\",\"inLanguage\":\"fi\",\"@id\":\"https:\/\/skpohjantahti.fi\/#\/schema\/logo\/image\/\",\"url\":\"https:\/\/skpohjantahti.fi\/uudet\/wp-content\/uploads\/2022\/04\/cropped-pohjantahti_log_netti_pieni.jpg\",\"contentUrl\":\"https:\/\/skpohjantahti.fi\/uudet\/wp-content\/uploads\/2022\/04\/cropped-pohjantahti_log_netti_pieni.jpg\",\"width\":198,\"height\":66,\"caption\":\"SK Pohjant\u00e4hti\"},\"image\":{\"@id\":\"https:\/\/skpohjantahti.fi\/#\/schema\/logo\/image\/\"},\"sameAs\":[\"https:\/\/www.facebook.com\/skpohjantahti\",\"https:\/\/www.instagram.com\/sk_pohjantahti\/\"]}]}<\/script>\n<!-- \/ Yoast SEO plugin. -->","yoast_head_json":{"title":"Kompassi-tapahtumat 2023 - SK Pohjant\u00e4hti","robots":{"index":"index","follow":"follow","max-snippet":"max-snippet:-1","max-image-preview":"max-image-preview:large","max-video-preview":"max-video-preview:-1"},"canonical":"https:\/\/skpohjantahti.fi\/index.php\/kompassi-tapahtumat-2023\/","og_locale":"fi_FI","og_type":"article","og_title":"Kompassi-tapahtumat 2023 - SK Pohjant\u00e4hti","og_description":"Kompassi-tapahtumat 2023 Kompassi-tapahtumat ovat suunnistustapahtumia, jotka on suunniteltu lasten ehdoilla. Tapahtumista l\u00f6ytyy innostavia suunnistusteht\u00e4vi\u00e4, jotka sopivat kilpailu- ja seikkailumielisille, mutta my\u00f6s aloittelijoille on tarjolla turvallisia haasteita. \u00a0 Pohjois-Pohjanmaan Kompassi-tapahtumat 2023 22.5. Seuratason Kompassi-tapahtuma Kiekonmaja klo 18.00 Tapahtumatiedot I Linkki tapahtumapaikalle\u00a0I Tulokset\u00a0 10.8. Seuratason 2. Kompassi-tapahtuma Muhoksella 2.9. Kompassi-tapahtuma, henkil\u00f6kohtainen Tapahtumatiedot I Tapahtumapaikka I Kilpailuohjeet Henkil\u00f6kohtaiset [&hellip;]","og_url":"https:\/\/skpohjantahti.fi\/index.php\/kompassi-tapahtumat-2023\/","og_site_name":"SK Pohjant\u00e4hti","article_publisher":"https:\/\/www.facebook.com\/skpohjantahti","article_modified_time":"2023-09-04T09:54:04+00:00","og_image":[{"url":"https:\/\/skpohjantahti.fi\/uudet\/wp-content\/uploads\/2023\/04\/tapahtumat_tahtaimessa_1_rgb-1.jpg","type":"","width":"","height":""}],"twitter_card":"summary_large_image","schema":{"@context":"https:\/\/schema.org","@graph":[{"@type":"WebPage","@id":"https:\/\/skpohjantahti.fi\/index.php\/kompassi-tapahtumat-2023\/","url":"https:\/\/skpohjantahti.fi\/index.php\/kompassi-tapahtumat-2023\/","name":"Kompassi-tapahtumat 2023 - SK Pohjant\u00e4hti","isPartOf":{"@id":"https:\/\/skpohjantahti.fi\/#website"},"primaryImageOfPage":{"@id":"https:\/\/skpohjantahti.fi\/index.php\/kompassi-tapahtumat-2023\/#primaryimage"},"image":{"@id":"https:\/\/skpohjantahti.fi\/index.php\/kompassi-tapahtumat-2023\/#primaryimage"},"thumbnailUrl":"https:\/\/skpohjantahti.fi\/uudet\/wp-content\/uploads\/2023\/04\/tapahtumat_tahtaimessa_1_rgb-1.jpg","datePublished":"2023-04-21T10:10:00+00:00","dateModified":"2023-09-04T09:54:04+00:00","breadcrumb":{"@id":"https:\/\/skpohjantahti.fi\/index.php\/kompassi-tapahtumat-2023\/#breadcrumb"},"inLanguage":"fi","potentialAction":[{"@type":"ReadAction","target":["https:\/\/skpohjantahti.fi\/index.php\/kompassi-tapahtumat-2023\/"]}]},{"@type":"ImageObject","inLanguage":"fi","@id":"https:\/\/skpohjantahti.fi\/index.php\/kompassi-tapahtumat-2023\/#primaryimage","url":"https:\/\/skpohjantahti.fi\/uudet\/wp-content\/uploads\/2023\/04\/tapahtumat_tahtaimessa_1_rgb-1.jpg","contentUrl":"https:\/\/skpohjantahti.fi\/uudet\/wp-content\/uploads\/2023\/04\/tapahtumat_tahtaimessa_1_rgb-1.jpg","width":2362,"height":1181},{"@type":"BreadcrumbList","@id":"https:\/\/skpohjantahti.fi\/index.php\/kompassi-tapahtumat-2023\/#breadcrumb","itemListElement":[{"@type":"ListItem","position":1,"name":"Etusivu","item":"https:\/\/skpohjantahti.fi\/"},{"@type":"ListItem","position":2,"name":"Kompassi-tapahtumat 2023"}]},{"@type":"WebSite","@id":"https:\/\/skpohjantahti.fi\/#website","url":"https:\/\/skpohjantahti.fi\/","name":"SK Pohjant\u00e4hti","description":"Oululainen suunnistusseura","publisher":{"@id":"https:\/\/skpohjantahti.fi\/#organization"},"potentialAction":[{"@type":"SearchAction","target":{"@type":"EntryPoint","urlTemplate":"https:\/\/skpohjantahti.fi\/?s={search_term_string}"},"query-input":{"@type":"PropertyValueSpecification","valueRequired":true,"valueName":"search_term_string"}}],"inLanguage":"fi"},{"@type":"Organization","@id":"https:\/\/skpohjantahti.fi\/#organization","name":"SK Pohjant\u00e4hti","url":"https:\/\/skpohjantahti.fi\/","logo":{"@type":"ImageObject","inLanguage":"fi","@id":"https:\/\/skpohjantahti.fi\/#\/schema\/logo\/image\/","url":"https:\/\/skpohjantahti.fi\/uudet\/wp-content\/uploads\/2022\/04\/cropped-pohjantahti_log_netti_pieni.jpg","contentUrl":"https:\/\/skpohjantahti.fi\/uudet\/wp-content\/uploads\/2022\/04\/cropped-pohjantahti_log_netti_pieni.jpg","width":198,"height":66,"caption":"SK Pohjant\u00e4hti"},"image":{"@id":"https:\/\/skpohjantahti.fi\/#\/schema\/logo\/image\/"},"sameAs":["https:\/\/www.facebook.com\/skpohjantahti","https:\/\/www.instagram.com\/sk_pohjantahti\/"]}]}},"_links":{"self":[{"href":"https:\/\/skpohjantahti.fi\/index.php\/wp-json\/wp\/v2\/pages\/2908","targetHints":{"allow":["GET"]}}],"collection":[{"href":"https:\/\/skpohjantahti.fi\/index.php\/wp-json\/wp\/v2\/pages"}],"about":[{"href":"https:\/\/skpohjantahti.fi\/index.php\/wp-json\/wp\/v2\/types\/page"}],"author":[{"embeddable":true,"href":"https:\/\/skpohjantahti.fi\/index.php\/wp-json\/wp\/v2\/users\/2"}],"replies":[{"embeddable":true,"href":"https:\/\/skpohjantahti.fi\/index.php\/wp-json\/wp\/v2\/comments?post=2908"}],"version-history":[{"count":55,"href":"https:\/\/skpohjantahti.fi\/index.php\/wp-json\/wp\/v2\/pages\/2908\/revisions"}],"predecessor-version":[{"id":3459,"href":"https:\/\/skpohjantahti.fi\/index.php\/wp-json\/wp\/v2\/pages\/2908\/revisions\/3459"}],"wp:attachment":[{"href":"https:\/\/skpohjantahti.fi\/index.php\/wp-json\/wp\/v2\/media?parent=2908"}],"curies":[{"name":"wp","href":"https:\/\/api.w.org\/{rel}","templated":true}]}}