{"id":3386,"date":"2023-09-04T08:23:00","date_gmt":"2023-09-04T08:23:00","guid":{"rendered":"https:\/\/skpohjantahti.fi\/?page_id=3386"},"modified":"2023-09-04T09:45:47","modified_gmt":"2023-09-04T09:45:47","slug":"kompassitapahtuma-tulokset-2023-henkilokohtainen","status":"publish","type":"page","link":"https:\/\/skpohjantahti.fi\/index.php\/kompassitapahtuma-tulokset-2023-henkilokohtainen\/","title":{"rendered":"Kompassitapahtuma tulokset 2023 henkilokohtainen"},"content":{"rendered":"\t\t<div data-elementor-type=\"wp-page\" data-elementor-id=\"3386\" class=\"elementor elementor-3386\">\n\t\t\t\t\t\t<section class=\"elementor-section elementor-top-section elementor-element elementor-element-1bd71fa elementor-section-boxed elementor-section-height-default elementor-section-height-default\" data-id=\"1bd71fa\" data-element_type=\"section\">\n\t\t\t\t\t\t<div class=\"elementor-container elementor-column-gap-default\">\n\t\t\t\t\t<div class=\"elementor-column elementor-col-100 elementor-top-column elementor-element elementor-element-eb93ac0\" data-id=\"eb93ac0\" data-element_type=\"column\">\n\t\t\t<div class=\"elementor-widget-wrap elementor-element-populated\">\n\t\t\t\t\t\t<div class=\"elementor-element elementor-element-0950321 elementor-widget elementor-widget-heading\" data-id=\"0950321\" data-element_type=\"widget\" data-widget_type=\"heading.default\">\n\t\t\t\t<div class=\"elementor-widget-container\">\n\t\t\t\t\t<h2 class=\"elementor-heading-title elementor-size-default\">Kompassi-tapahtuma P-P 2.9.2023, henkil\u00f6kohtaiset tulokset, SK Pohjant\u00e4hti<\/h2>\t\t\t\t<\/div>\n\t\t\t\t<\/div>\n\t\t\t\t\t<\/div>\n\t\t<\/div>\n\t\t\t\t\t<\/div>\n\t\t<\/section>\n\t\t\t\t<section class=\"elementor-section elementor-top-section elementor-element elementor-element-3fb7116 elementor-section-boxed elementor-section-height-default elementor-section-height-default\" data-id=\"3fb7116\" data-element_type=\"section\">\n\t\t\t\t\t\t<div class=\"elementor-container elementor-column-gap-default\">\n\t\t\t\t\t<div class=\"elementor-column elementor-col-100 elementor-top-column elementor-element elementor-element-2726835\" data-id=\"2726835\" data-element_type=\"column\">\n\t\t\t<div class=\"elementor-widget-wrap elementor-element-populated\">\n\t\t\t\t\t\t\t<\/div>\n\t\t<\/div>\n\t\t\t\t\t<\/div>\n\t\t<\/section>\n\t\t\t\t<section class=\"elementor-section elementor-top-section elementor-element elementor-element-520215a elementor-section-boxed elementor-section-height-default elementor-section-height-default\" data-id=\"520215a\" data-element_type=\"section\">\n\t\t\t\t\t\t<div class=\"elementor-container elementor-column-gap-default\">\n\t\t\t\t\t<div class=\"elementor-column elementor-col-100 elementor-top-column elementor-element elementor-element-55e6c66\" data-id=\"55e6c66\" data-element_type=\"column\">\n\t\t\t<div class=\"elementor-widget-wrap elementor-element-populated\">\n\t\t\t\t\t\t<div class=\"elementor-element elementor-element-46e2447 elementor-widget elementor-widget-text-editor\" data-id=\"46e2447\" data-element_type=\"widget\" data-widget_type=\"text-editor.default\">\n\t\t\t\t<div class=\"elementor-widget-container\">\n\t\t\t\t\t\t\t\t\t <a href=\"#1\">D14<\/a>  <a href=\"#2\">H14<\/a>  <a href=\"#3\">D12<\/a>  <a href=\"#4\">H12<\/a>  <a href=\"#5\">H12TR<\/a>  <a href=\"#6\">D10<\/a>  <a href=\"#7\">H10<\/a>  <a href=\"#8\">D10RR<\/a>  <a href=\"#9\">H10RR<\/a> \n\n<h3 id=\"1\">D14   2,55 km<\/h3>\n\n\n<pre>\nL\u00e4hti : 9   Keskeytti : 0   Hyl\u00e4tty : 0\n\n   1.      7 Ryytty Inka                         Pohjant      15.28           \n   2.     10 Ryytty Elena                        Pohjant      19.08    +03.40 \n   3.      1 Hokkanen Hilma                      Pohjant      22.04    +06.36 \n   4.      6 Poikela Heta                        Pohjant      22.06    +06.38 \n   5.      9 Tihinen Milja                       LaiVe        23.14    +07.46 \n   6.      8 R\u00e4s\u00e4nen Reeta                       Pohjant      24.38    +09.10 \n   7.      2 Juka Eevi                           LaiVe        30.38    +15.10 \n   8.      5 M\u00e4\u00e4tt\u00e4 Malla                        Pohjant      34.23    +18.55 \n   9.      4 Korhonen Jenny                      Pohjant      38.14    +22.46 \n\n<\/pre>\n\n\n<h3 id=\"2\">H14   2,55 km<\/h3>\n\n\n<pre>\nL\u00e4hti : 1   Keskeytti : 0   Hyl\u00e4tty : 0\n\n   1.     12 Sev\u00e4kivi Heikki                     Pohjant      19.03           \n\n<\/pre>\n\n\n<h3 id=\"3\">D12   2,08 km<\/h3>\n\n\n<pre>\nL\u00e4hti : 6   Keskeytti : 0   Hyl\u00e4tty : 0\n\n   1.     22 Heikkinen Aamu                      Pohjant      20.17           \n   2.     26 R\u00e4s\u00e4nen Tilda                       Pohjant      21.55    +01.38 \n   3.     21 Anttila Oona                        Pohjant      22.28    +02.11 \n   4.     23 Kangas Saga                         Pohjant      23.10    +02.53 \n   5.      0 Tanner Anni                         Pohjant      24.24    +04.07 \n   6.     24 M\u00e4\u00e4tt\u00e4 Hilla                        Pohjant      29.57    +09.40 \n\n<\/pre>\n\n\n<h3 id=\"4\">H12   2,08 km<\/h3>\n\n\n<pre>\nL\u00e4hti : 1   Keskeytti : 0   Hyl\u00e4tty : 0\n\n   1.     32 Sev\u00e4kivi Eero                       Pohjant      19.13           \n\n<\/pre>\n\n\n<h3 id=\"5\">H12TR   1,47 km<\/h3>\n\n\n<pre>\nL\u00e4hti : 1   Keskeytti : 0   Hyl\u00e4tty : 0\n\n   1.     51 Tihinen Elias                       LaiVe        14.21           \n\n<\/pre>\n\n\n<h3 id=\"6\">D10   1,45 km<\/h3>\n\n\n<pre>\nL\u00e4hti : 3   Keskeytti : 0   Hyl\u00e4tty : 0\n\n   1.     61 Pitk\u00e4nen Enni                       Pohjant      08.19           \n   2.     84 Tanner Emma                         Pohjant      11.25    +03.06 \n   3.     62 Taipale Julia                       Pohjant      11.53    +03.34 \n\n<\/pre>\n\n\n<h3 id=\"7\">H10   1,45 km<\/h3>\n\n\n<pre>\nL\u00e4hti : 2   Keskeytti : 0   Hyl\u00e4tty : 0\n\n   1.     72 Valkama Vili                        Pohjant      10.49           \n   2.     71 Aalto Jorma                         HaHe         12.01    +01.12 \n\n<\/pre>\n\n\n<h3 id=\"8\">D10RR   2,16 km<\/h3>\n\n\n<pre>\nL\u00e4hti : 4   Keskeytti : 0   Hyl\u00e4tty : 0\n\n   1.     82 Eskeli Emilia                       Pohjant      15.55           \n   2.     85 Tanner Iida                         Pohjant      19.42    +03.47 \n   3.     83 Patosalmi Emma                      LaiVe        24.44    +08.49 \n   4.     81 Aalto Taimi                         HaHe         24.59    +09.04 \n\n<\/pre>\n\n\n<h3 id=\"9\">H10RR   2,16 km<\/h3>\n\n\n<pre>\nL\u00e4hti : 2   Keskeytti : 0   Hyl\u00e4tty : 0\n\n   1.     92 Vainio Juuso                        PudU         13.09           \n   2.     91 Pes\u00e4l\u00e4 Sampo                        Pohjant      15.27    +02.18 \n\n<\/pre>\n\t\t\t\t\t\t\t\t<\/div>\n\t\t\t\t<\/div>\n\t\t\t\t\t<\/div>\n\t\t<\/div>\n\t\t\t\t\t<\/div>\n\t\t<\/section>\n\t\t\t\t<\/div>\n\t\t","protected":false},"excerpt":{"rendered":"<p>Kompassi-tapahtuma P-P 2.9.2023, henkil\u00f6kohtaiset tulokset, SK Pohjant\u00e4hti D14 H14 D12 H12 H12TR D10 H10 D10RR H10RR D14 2,55 km L\u00e4hti : 9 Keskeytti : 0 Hyl\u00e4tty : 0 1. 7 Ryytty Inka Pohjant 15.28 2. 10 Ryytty Elena Pohjant 19.08 +03.40 3. 1 Hokkanen Hilma Pohjant 22.04 +06.36 4. 6 Poikela Heta Pohjant 22.06 +06.38 [&hellip;]<\/p>\n","protected":false},"author":2,"featured_media":0,"parent":0,"menu_order":0,"comment_status":"closed","ping_status":"closed","template":"","meta":{"site-sidebar-layout":"no-sidebar","site-content-layout":"page-builder","ast-site-content-layout":"default","site-content-style":"default","site-sidebar-style":"default","ast-global-header-display":"","ast-banner-title-visibility":"","ast-main-header-display":"","ast-hfb-above-header-display":"","ast-hfb-below-header-display":"","ast-hfb-mobile-header-display":"","site-post-title":"disabled","ast-breadcrumbs-content":"","ast-featured-img":"disabled","footer-sml-layout":"","ast-disable-related-posts":"","theme-transparent-header-meta":"default","adv-header-id-meta":"","stick-header-meta":"","header-above-stick-meta":"","header-main-stick-meta":"","header-below-stick-meta":"","astra-migrate-meta-layouts":"default","ast-page-background-enabled":"default","ast-page-background-meta":{"desktop":{"background-color":"","background-image":"","background-repeat":"repeat","background-position":"center center","background-size":"auto","background-attachment":"scroll","background-type":"","background-media":"","overlay-type":"","overlay-color":"","overlay-opacity":"","overlay-gradient":""},"tablet":{"background-color":"","background-image":"","background-repeat":"repeat","background-position":"center center","background-size":"auto","background-attachment":"scroll","background-type":"","background-media":"","overlay-type":"","overlay-color":"","overlay-opacity":"","overlay-gradient":""},"mobile":{"background-color":"","background-image":"","background-repeat":"repeat","background-position":"center center","background-size":"auto","background-attachment":"scroll","background-type":"","background-media":"","overlay-type":"","overlay-color":"","overlay-opacity":"","overlay-gradient":""}},"ast-content-background-meta":{"desktop":{"background-color":"var(--ast-global-color-5)","background-image":"","background-repeat":"repeat","background-position":"center center","background-size":"auto","background-attachment":"scroll","background-type":"","background-media":"","overlay-type":"","overlay-color":"","overlay-opacity":"","overlay-gradient":""},"tablet":{"background-color":"var(--ast-global-color-5)","background-image":"","background-repeat":"repeat","background-position":"center center","background-size":"auto","background-attachment":"scroll","background-type":"","background-media":"","overlay-type":"","overlay-color":"","overlay-opacity":"","overlay-gradient":""},"mobile":{"background-color":"var(--ast-global-color-5)","background-image":"","background-repeat":"repeat","background-position":"center center","background-size":"auto","background-attachment":"scroll","background-type":"","background-media":"","overlay-type":"","overlay-color":"","overlay-opacity":"","overlay-gradient":""}},"footnotes":""},"class_list":["post-3386","page","type-page","status-publish","hentry"],"yoast_head":"<!-- This site is optimized with the Yoast SEO plugin v27.2 - https:\/\/yoast.com\/product\/yoast-seo-wordpress\/ -->\n<title>Kompassitapahtuma tulokset 2023 henkilokohtainen - SK Pohjant\u00e4hti<\/title>\n<meta name=\"robots\" content=\"index, follow, max-snippet:-1, max-image-preview:large, max-video-preview:-1\" \/>\n<link rel=\"canonical\" href=\"https:\/\/skpohjantahti.fi\/index.php\/kompassitapahtuma-tulokset-2023-henkilokohtainen\/\" \/>\n<meta property=\"og:locale\" content=\"fi_FI\" \/>\n<meta property=\"og:type\" content=\"article\" \/>\n<meta property=\"og:title\" content=\"Kompassitapahtuma tulokset 2023 henkilokohtainen - SK Pohjant\u00e4hti\" \/>\n<meta property=\"og:description\" content=\"Kompassi-tapahtuma P-P 2.9.2023, henkil\u00f6kohtaiset tulokset, SK Pohjant\u00e4hti D14 H14 D12 H12 H12TR D10 H10 D10RR H10RR D14 2,55 km L\u00e4hti : 9 Keskeytti : 0 Hyl\u00e4tty : 0 1. 7 Ryytty Inka Pohjant 15.28 2. 10 Ryytty Elena Pohjant 19.08 +03.40 3. 1 Hokkanen Hilma Pohjant 22.04 +06.36 4. 6 Poikela Heta Pohjant 22.06 +06.38 [&hellip;]\" \/>\n<meta property=\"og:url\" content=\"https:\/\/skpohjantahti.fi\/index.php\/kompassitapahtuma-tulokset-2023-henkilokohtainen\/\" \/>\n<meta property=\"og:site_name\" content=\"SK Pohjant\u00e4hti\" \/>\n<meta property=\"article:publisher\" content=\"https:\/\/www.facebook.com\/skpohjantahti\" \/>\n<meta property=\"article:modified_time\" content=\"2023-09-04T09:45:47+00:00\" \/>\n<meta name=\"twitter:card\" content=\"summary_large_image\" \/>\n<meta name=\"twitter:label1\" content=\"Arvioitu lukuaika\" \/>\n\t<meta name=\"twitter:data1\" content=\"1 minuutti\" \/>\n<script type=\"application\/ld+json\" class=\"yoast-schema-graph\">{\"@context\":\"https:\/\/schema.org\",\"@graph\":[{\"@type\":\"WebPage\",\"@id\":\"https:\/\/skpohjantahti.fi\/index.php\/kompassitapahtuma-tulokset-2023-henkilokohtainen\/\",\"url\":\"https:\/\/skpohjantahti.fi\/index.php\/kompassitapahtuma-tulokset-2023-henkilokohtainen\/\",\"name\":\"Kompassitapahtuma tulokset 2023 henkilokohtainen - SK Pohjant\u00e4hti\",\"isPartOf\":{\"@id\":\"https:\/\/skpohjantahti.fi\/#website\"},\"datePublished\":\"2023-09-04T08:23:00+00:00\",\"dateModified\":\"2023-09-04T09:45:47+00:00\",\"breadcrumb\":{\"@id\":\"https:\/\/skpohjantahti.fi\/index.php\/kompassitapahtuma-tulokset-2023-henkilokohtainen\/#breadcrumb\"},\"inLanguage\":\"fi\",\"potentialAction\":[{\"@type\":\"ReadAction\",\"target\":[\"https:\/\/skpohjantahti.fi\/index.php\/kompassitapahtuma-tulokset-2023-henkilokohtainen\/\"]}]},{\"@type\":\"BreadcrumbList\",\"@id\":\"https:\/\/skpohjantahti.fi\/index.php\/kompassitapahtuma-tulokset-2023-henkilokohtainen\/#breadcrumb\",\"itemListElement\":[{\"@type\":\"ListItem\",\"position\":1,\"name\":\"Etusivu\",\"item\":\"https:\/\/skpohjantahti.fi\/\"},{\"@type\":\"ListItem\",\"position\":2,\"name\":\"Kompassitapahtuma tulokset 2023 henkilokohtainen\"}]},{\"@type\":\"WebSite\",\"@id\":\"https:\/\/skpohjantahti.fi\/#website\",\"url\":\"https:\/\/skpohjantahti.fi\/\",\"name\":\"SK Pohjant\u00e4hti\",\"description\":\"Oululainen suunnistusseura\",\"publisher\":{\"@id\":\"https:\/\/skpohjantahti.fi\/#organization\"},\"potentialAction\":[{\"@type\":\"SearchAction\",\"target\":{\"@type\":\"EntryPoint\",\"urlTemplate\":\"https:\/\/skpohjantahti.fi\/?s={search_term_string}\"},\"query-input\":{\"@type\":\"PropertyValueSpecification\",\"valueRequired\":true,\"valueName\":\"search_term_string\"}}],\"inLanguage\":\"fi\"},{\"@type\":\"Organization\",\"@id\":\"https:\/\/skpohjantahti.fi\/#organization\",\"name\":\"SK Pohjant\u00e4hti\",\"url\":\"https:\/\/skpohjantahti.fi\/\",\"logo\":{\"@type\":\"ImageObject\",\"inLanguage\":\"fi\",\"@id\":\"https:\/\/skpohjantahti.fi\/#\/schema\/logo\/image\/\",\"url\":\"https:\/\/skpohjantahti.fi\/uudet\/wp-content\/uploads\/2022\/04\/cropped-pohjantahti_log_netti_pieni.jpg\",\"contentUrl\":\"https:\/\/skpohjantahti.fi\/uudet\/wp-content\/uploads\/2022\/04\/cropped-pohjantahti_log_netti_pieni.jpg\",\"width\":198,\"height\":66,\"caption\":\"SK Pohjant\u00e4hti\"},\"image\":{\"@id\":\"https:\/\/skpohjantahti.fi\/#\/schema\/logo\/image\/\"},\"sameAs\":[\"https:\/\/www.facebook.com\/skpohjantahti\",\"https:\/\/www.instagram.com\/sk_pohjantahti\/\"]}]}<\/script>\n<!-- \/ Yoast SEO plugin. -->","yoast_head_json":{"title":"Kompassitapahtuma tulokset 2023 henkilokohtainen - SK Pohjant\u00e4hti","robots":{"index":"index","follow":"follow","max-snippet":"max-snippet:-1","max-image-preview":"max-image-preview:large","max-video-preview":"max-video-preview:-1"},"canonical":"https:\/\/skpohjantahti.fi\/index.php\/kompassitapahtuma-tulokset-2023-henkilokohtainen\/","og_locale":"fi_FI","og_type":"article","og_title":"Kompassitapahtuma tulokset 2023 henkilokohtainen - SK Pohjant\u00e4hti","og_description":"Kompassi-tapahtuma P-P 2.9.2023, henkil\u00f6kohtaiset tulokset, SK Pohjant\u00e4hti D14 H14 D12 H12 H12TR D10 H10 D10RR H10RR D14 2,55 km L\u00e4hti : 9 Keskeytti : 0 Hyl\u00e4tty : 0 1. 7 Ryytty Inka Pohjant 15.28 2. 10 Ryytty Elena Pohjant 19.08 +03.40 3. 1 Hokkanen Hilma Pohjant 22.04 +06.36 4. 6 Poikela Heta Pohjant 22.06 +06.38 [&hellip;]","og_url":"https:\/\/skpohjantahti.fi\/index.php\/kompassitapahtuma-tulokset-2023-henkilokohtainen\/","og_site_name":"SK Pohjant\u00e4hti","article_publisher":"https:\/\/www.facebook.com\/skpohjantahti","article_modified_time":"2023-09-04T09:45:47+00:00","twitter_card":"summary_large_image","twitter_misc":{"Arvioitu lukuaika":"1 minuutti"},"schema":{"@context":"https:\/\/schema.org","@graph":[{"@type":"WebPage","@id":"https:\/\/skpohjantahti.fi\/index.php\/kompassitapahtuma-tulokset-2023-henkilokohtainen\/","url":"https:\/\/skpohjantahti.fi\/index.php\/kompassitapahtuma-tulokset-2023-henkilokohtainen\/","name":"Kompassitapahtuma tulokset 2023 henkilokohtainen - SK Pohjant\u00e4hti","isPartOf":{"@id":"https:\/\/skpohjantahti.fi\/#website"},"datePublished":"2023-09-04T08:23:00+00:00","dateModified":"2023-09-04T09:45:47+00:00","breadcrumb":{"@id":"https:\/\/skpohjantahti.fi\/index.php\/kompassitapahtuma-tulokset-2023-henkilokohtainen\/#breadcrumb"},"inLanguage":"fi","potentialAction":[{"@type":"ReadAction","target":["https:\/\/skpohjantahti.fi\/index.php\/kompassitapahtuma-tulokset-2023-henkilokohtainen\/"]}]},{"@type":"BreadcrumbList","@id":"https:\/\/skpohjantahti.fi\/index.php\/kompassitapahtuma-tulokset-2023-henkilokohtainen\/#breadcrumb","itemListElement":[{"@type":"ListItem","position":1,"name":"Etusivu","item":"https:\/\/skpohjantahti.fi\/"},{"@type":"ListItem","position":2,"name":"Kompassitapahtuma tulokset 2023 henkilokohtainen"}]},{"@type":"WebSite","@id":"https:\/\/skpohjantahti.fi\/#website","url":"https:\/\/skpohjantahti.fi\/","name":"SK Pohjant\u00e4hti","description":"Oululainen suunnistusseura","publisher":{"@id":"https:\/\/skpohjantahti.fi\/#organization"},"potentialAction":[{"@type":"SearchAction","target":{"@type":"EntryPoint","urlTemplate":"https:\/\/skpohjantahti.fi\/?s={search_term_string}"},"query-input":{"@type":"PropertyValueSpecification","valueRequired":true,"valueName":"search_term_string"}}],"inLanguage":"fi"},{"@type":"Organization","@id":"https:\/\/skpohjantahti.fi\/#organization","name":"SK Pohjant\u00e4hti","url":"https:\/\/skpohjantahti.fi\/","logo":{"@type":"ImageObject","inLanguage":"fi","@id":"https:\/\/skpohjantahti.fi\/#\/schema\/logo\/image\/","url":"https:\/\/skpohjantahti.fi\/uudet\/wp-content\/uploads\/2022\/04\/cropped-pohjantahti_log_netti_pieni.jpg","contentUrl":"https:\/\/skpohjantahti.fi\/uudet\/wp-content\/uploads\/2022\/04\/cropped-pohjantahti_log_netti_pieni.jpg","width":198,"height":66,"caption":"SK Pohjant\u00e4hti"},"image":{"@id":"https:\/\/skpohjantahti.fi\/#\/schema\/logo\/image\/"},"sameAs":["https:\/\/www.facebook.com\/skpohjantahti","https:\/\/www.instagram.com\/sk_pohjantahti\/"]}]}},"_links":{"self":[{"href":"https:\/\/skpohjantahti.fi\/index.php\/wp-json\/wp\/v2\/pages\/3386","targetHints":{"allow":["GET"]}}],"collection":[{"href":"https:\/\/skpohjantahti.fi\/index.php\/wp-json\/wp\/v2\/pages"}],"about":[{"href":"https:\/\/skpohjantahti.fi\/index.php\/wp-json\/wp\/v2\/types\/page"}],"author":[{"embeddable":true,"href":"https:\/\/skpohjantahti.fi\/index.php\/wp-json\/wp\/v2\/users\/2"}],"replies":[{"embeddable":true,"href":"https:\/\/skpohjantahti.fi\/index.php\/wp-json\/wp\/v2\/comments?post=3386"}],"version-history":[{"count":17,"href":"https:\/\/skpohjantahti.fi\/index.php\/wp-json\/wp\/v2\/pages\/3386\/revisions"}],"predecessor-version":[{"id":3450,"href":"https:\/\/skpohjantahti.fi\/index.php\/wp-json\/wp\/v2\/pages\/3386\/revisions\/3450"}],"wp:attachment":[{"href":"https:\/\/skpohjantahti.fi\/index.php\/wp-json\/wp\/v2\/media?parent=3386"}],"curies":[{"name":"wp","href":"https:\/\/api.w.org\/{rel}","templated":true}]}}