{"id":3412,"date":"2023-09-04T09:03:14","date_gmt":"2023-09-04T09:03:14","guid":{"rendered":"https:\/\/skpohjantahti.fi\/?page_id=3412"},"modified":"2023-09-04T09:42:44","modified_gmt":"2023-09-04T09:42:44","slug":"kompassitapahtuma-2023-forfun-tulokset","status":"publish","type":"page","link":"https:\/\/skpohjantahti.fi\/index.php\/kompassitapahtuma-2023-forfun-tulokset\/","title":{"rendered":"Kompassitapahtuma 2023 Forfun tulokset"},"content":{"rendered":"\t\t<div data-elementor-type=\"wp-page\" data-elementor-id=\"3412\" class=\"elementor elementor-3412\">\n\t\t\t\t\t\t<section class=\"elementor-section elementor-top-section elementor-element elementor-element-a2d0d8c elementor-section-boxed elementor-section-height-default elementor-section-height-default\" data-id=\"a2d0d8c\" data-element_type=\"section\">\n\t\t\t\t\t\t<div class=\"elementor-container elementor-column-gap-default\">\n\t\t\t\t\t<div class=\"elementor-column elementor-col-100 elementor-top-column elementor-element elementor-element-9091758\" data-id=\"9091758\" data-element_type=\"column\">\n\t\t\t<div class=\"elementor-widget-wrap elementor-element-populated\">\n\t\t\t\t\t\t<div class=\"elementor-element elementor-element-e71eb6e elementor-widget elementor-widget-heading\" data-id=\"e71eb6e\" data-element_type=\"widget\" data-widget_type=\"heading.default\">\n\t\t\t\t<div class=\"elementor-widget-container\">\n\t\t\t\t\t<h2 class=\"elementor-heading-title elementor-size-default\">ForFun tulokset 2.9.2023<\/h2>\t\t\t\t<\/div>\n\t\t\t\t<\/div>\n\t\t\t\t<div class=\"elementor-element elementor-element-a6c22ca elementor-widget elementor-widget-text-editor\" data-id=\"a6c22ca\" data-element_type=\"widget\" data-widget_type=\"text-editor.default\">\n\t\t\t\t<div class=\"elementor-widget-container\">\n\t\t\t\t\t\t\t\t\t<PRE>\n(L\u00e4hti: 9, Keskeytti: 0, Hyl\u00e4tty: 0)\n\n   Aho Lauri                     LaiVe                              17.59   \n   H\u00e4iki\u00f6 Sanni                  Pohjant                            25.33    \n   Lotvonen Venla                Laive                              14.09          \n   Lukkari Ellen                 LaiVe                              23.31    \n   Lukkari Linnea                LaiVe                              35.11    \n   Pes\u00e4l\u00e4 Aino                   Pohjant                            20.01    \n   Pitk\u00e4nen Fiiu                 Pohjant                            34.34    \n   Tihinen Emma                  LaiVe                              36.06    \n   V\u00e4\u00e4n\u00e4nen Oiva                                                    31.17   \n<\/PRE>\n<H3>ForFun 1<\/H3>\n\n<PRE>\n(L\u00e4hti: 2, Keskeytti: 0, Hyl\u00e4tty: 0)\n\n   Tikkanen Freja                                                   13.23          \n   Valkama Aada                  Pohjant                            26.04   \n<\/PRE>\n<H3>ForFun 2<\/H3>\n\n<PRE>\n(L\u00e4hti: 1, Keskeytti: 0, Hyl\u00e4tty: 0)\n\n   H\u00e4iki\u00f6 Aaro                   Pohjant                            16.22          \n<\/PRE>\n<H3>ForFun 3<\/H3>\n\n<PRE>\n(L\u00e4hti: 2, Keskeytti: 0, Hyl\u00e4tty: 0)\n\n   R\u00e4s\u00e4nen Tilda                 Pohjant                            28.05          \n   Kangas Saga                   Pohjant                            28.05          \n<\/PRE>\n<H3>ForFun 4<\/H3>\n\n<PRE>\n(L\u00e4hti: 3, Keskeytti: 0, Hyl\u00e4tty: 0)\n\n   R\u00e4s\u00e4nen Reeta                 Pohjant                            21.37          \n   Taipale Julia                 Pohjant                            40.09    \n   Valkama Vili                  Pohjant                            40.10   \n<\/PRE>\t\t\t\t\t\t\t\t<\/div>\n\t\t\t\t<\/div>\n\t\t\t\t\t<\/div>\n\t\t<\/div>\n\t\t\t\t\t<\/div>\n\t\t<\/section>\n\t\t\t\t<\/div>\n\t\t","protected":false},"excerpt":{"rendered":"<p>ForFun tulokset 2.9.2023 (L\u00e4hti: 9, Keskeytti: 0, Hyl\u00e4tty: 0) Aho Lauri LaiVe 17.59 H\u00e4iki\u00f6 Sanni Pohjant 25.33 Lotvonen Venla Laive 14.09 Lukkari Ellen LaiVe 23.31 Lukkari Linnea LaiVe 35.11 Pes\u00e4l\u00e4 Aino Pohjant 20.01 Pitk\u00e4nen Fiiu Pohjant 34.34 Tihinen Emma LaiVe 36.06 V\u00e4\u00e4n\u00e4nen Oiva 31.17 ForFun 1 (L\u00e4hti: 2, Keskeytti: 0, Hyl\u00e4tty: 0) Tikkanen Freja 13.23 [&hellip;]<\/p>\n","protected":false},"author":2,"featured_media":0,"parent":0,"menu_order":0,"comment_status":"closed","ping_status":"closed","template":"","meta":{"site-sidebar-layout":"no-sidebar","site-content-layout":"page-builder","ast-site-content-layout":"default","site-content-style":"default","site-sidebar-style":"default","ast-global-header-display":"","ast-banner-title-visibility":"","ast-main-header-display":"","ast-hfb-above-header-display":"","ast-hfb-below-header-display":"","ast-hfb-mobile-header-display":"","site-post-title":"disabled","ast-breadcrumbs-content":"","ast-featured-img":"disabled","footer-sml-layout":"","ast-disable-related-posts":"","theme-transparent-header-meta":"default","adv-header-id-meta":"","stick-header-meta":"","header-above-stick-meta":"","header-main-stick-meta":"","header-below-stick-meta":"","astra-migrate-meta-layouts":"default","ast-page-background-enabled":"default","ast-page-background-meta":{"desktop":{"background-color":"","background-image":"","background-repeat":"repeat","background-position":"center center","background-size":"auto","background-attachment":"scroll","background-type":"","background-media":"","overlay-type":"","overlay-color":"","overlay-opacity":"","overlay-gradient":""},"tablet":{"background-color":"","background-image":"","background-repeat":"repeat","background-position":"center center","background-size":"auto","background-attachment":"scroll","background-type":"","background-media":"","overlay-type":"","overlay-color":"","overlay-opacity":"","overlay-gradient":""},"mobile":{"background-color":"","background-image":"","background-repeat":"repeat","background-position":"center center","background-size":"auto","background-attachment":"scroll","background-type":"","background-media":"","overlay-type":"","overlay-color":"","overlay-opacity":"","overlay-gradient":""}},"ast-content-background-meta":{"desktop":{"background-color":"var(--ast-global-color-5)","background-image":"","background-repeat":"repeat","background-position":"center center","background-size":"auto","background-attachment":"scroll","background-type":"","background-media":"","overlay-type":"","overlay-color":"","overlay-opacity":"","overlay-gradient":""},"tablet":{"background-color":"var(--ast-global-color-5)","background-image":"","background-repeat":"repeat","background-position":"center center","background-size":"auto","background-attachment":"scroll","background-type":"","background-media":"","overlay-type":"","overlay-color":"","overlay-opacity":"","overlay-gradient":""},"mobile":{"background-color":"var(--ast-global-color-5)","background-image":"","background-repeat":"repeat","background-position":"center center","background-size":"auto","background-attachment":"scroll","background-type":"","background-media":"","overlay-type":"","overlay-color":"","overlay-opacity":"","overlay-gradient":""}},"footnotes":""},"class_list":["post-3412","page","type-page","status-publish","hentry"],"yoast_head":"<!-- This site is optimized with the Yoast SEO plugin v27.2 - https:\/\/yoast.com\/product\/yoast-seo-wordpress\/ -->\n<title>Kompassitapahtuma 2023 Forfun tulokset - SK Pohjant\u00e4hti<\/title>\n<meta name=\"robots\" content=\"index, follow, max-snippet:-1, max-image-preview:large, max-video-preview:-1\" \/>\n<link rel=\"canonical\" href=\"https:\/\/skpohjantahti.fi\/index.php\/kompassitapahtuma-2023-forfun-tulokset\/\" \/>\n<meta property=\"og:locale\" content=\"fi_FI\" \/>\n<meta property=\"og:type\" content=\"article\" \/>\n<meta property=\"og:title\" content=\"Kompassitapahtuma 2023 Forfun tulokset - SK Pohjant\u00e4hti\" \/>\n<meta property=\"og:description\" content=\"ForFun tulokset 2.9.2023 (L\u00e4hti: 9, Keskeytti: 0, Hyl\u00e4tty: 0) Aho Lauri LaiVe 17.59 H\u00e4iki\u00f6 Sanni Pohjant 25.33 Lotvonen Venla Laive 14.09 Lukkari Ellen LaiVe 23.31 Lukkari Linnea LaiVe 35.11 Pes\u00e4l\u00e4 Aino Pohjant 20.01 Pitk\u00e4nen Fiiu Pohjant 34.34 Tihinen Emma LaiVe 36.06 V\u00e4\u00e4n\u00e4nen Oiva 31.17 ForFun 1 (L\u00e4hti: 2, Keskeytti: 0, Hyl\u00e4tty: 0) Tikkanen Freja 13.23 [&hellip;]\" \/>\n<meta property=\"og:url\" content=\"https:\/\/skpohjantahti.fi\/index.php\/kompassitapahtuma-2023-forfun-tulokset\/\" \/>\n<meta property=\"og:site_name\" content=\"SK Pohjant\u00e4hti\" \/>\n<meta property=\"article:publisher\" content=\"https:\/\/www.facebook.com\/skpohjantahti\" \/>\n<meta property=\"article:modified_time\" content=\"2023-09-04T09:42:44+00:00\" \/>\n<meta name=\"twitter:card\" content=\"summary_large_image\" \/>\n<script type=\"application\/ld+json\" class=\"yoast-schema-graph\">{\"@context\":\"https:\/\/schema.org\",\"@graph\":[{\"@type\":\"WebPage\",\"@id\":\"https:\/\/skpohjantahti.fi\/index.php\/kompassitapahtuma-2023-forfun-tulokset\/\",\"url\":\"https:\/\/skpohjantahti.fi\/index.php\/kompassitapahtuma-2023-forfun-tulokset\/\",\"name\":\"Kompassitapahtuma 2023 Forfun tulokset - SK Pohjant\u00e4hti\",\"isPartOf\":{\"@id\":\"https:\/\/skpohjantahti.fi\/#website\"},\"datePublished\":\"2023-09-04T09:03:14+00:00\",\"dateModified\":\"2023-09-04T09:42:44+00:00\",\"breadcrumb\":{\"@id\":\"https:\/\/skpohjantahti.fi\/index.php\/kompassitapahtuma-2023-forfun-tulokset\/#breadcrumb\"},\"inLanguage\":\"fi\",\"potentialAction\":[{\"@type\":\"ReadAction\",\"target\":[\"https:\/\/skpohjantahti.fi\/index.php\/kompassitapahtuma-2023-forfun-tulokset\/\"]}]},{\"@type\":\"BreadcrumbList\",\"@id\":\"https:\/\/skpohjantahti.fi\/index.php\/kompassitapahtuma-2023-forfun-tulokset\/#breadcrumb\",\"itemListElement\":[{\"@type\":\"ListItem\",\"position\":1,\"name\":\"Etusivu\",\"item\":\"https:\/\/skpohjantahti.fi\/\"},{\"@type\":\"ListItem\",\"position\":2,\"name\":\"Kompassitapahtuma 2023 Forfun tulokset\"}]},{\"@type\":\"WebSite\",\"@id\":\"https:\/\/skpohjantahti.fi\/#website\",\"url\":\"https:\/\/skpohjantahti.fi\/\",\"name\":\"SK Pohjant\u00e4hti\",\"description\":\"Oululainen suunnistusseura\",\"publisher\":{\"@id\":\"https:\/\/skpohjantahti.fi\/#organization\"},\"potentialAction\":[{\"@type\":\"SearchAction\",\"target\":{\"@type\":\"EntryPoint\",\"urlTemplate\":\"https:\/\/skpohjantahti.fi\/?s={search_term_string}\"},\"query-input\":{\"@type\":\"PropertyValueSpecification\",\"valueRequired\":true,\"valueName\":\"search_term_string\"}}],\"inLanguage\":\"fi\"},{\"@type\":\"Organization\",\"@id\":\"https:\/\/skpohjantahti.fi\/#organization\",\"name\":\"SK Pohjant\u00e4hti\",\"url\":\"https:\/\/skpohjantahti.fi\/\",\"logo\":{\"@type\":\"ImageObject\",\"inLanguage\":\"fi\",\"@id\":\"https:\/\/skpohjantahti.fi\/#\/schema\/logo\/image\/\",\"url\":\"https:\/\/skpohjantahti.fi\/uudet\/wp-content\/uploads\/2022\/04\/cropped-pohjantahti_log_netti_pieni.jpg\",\"contentUrl\":\"https:\/\/skpohjantahti.fi\/uudet\/wp-content\/uploads\/2022\/04\/cropped-pohjantahti_log_netti_pieni.jpg\",\"width\":198,\"height\":66,\"caption\":\"SK Pohjant\u00e4hti\"},\"image\":{\"@id\":\"https:\/\/skpohjantahti.fi\/#\/schema\/logo\/image\/\"},\"sameAs\":[\"https:\/\/www.facebook.com\/skpohjantahti\",\"https:\/\/www.instagram.com\/sk_pohjantahti\/\"]}]}<\/script>\n<!-- \/ Yoast SEO plugin. -->","yoast_head_json":{"title":"Kompassitapahtuma 2023 Forfun tulokset - SK Pohjant\u00e4hti","robots":{"index":"index","follow":"follow","max-snippet":"max-snippet:-1","max-image-preview":"max-image-preview:large","max-video-preview":"max-video-preview:-1"},"canonical":"https:\/\/skpohjantahti.fi\/index.php\/kompassitapahtuma-2023-forfun-tulokset\/","og_locale":"fi_FI","og_type":"article","og_title":"Kompassitapahtuma 2023 Forfun tulokset - SK Pohjant\u00e4hti","og_description":"ForFun tulokset 2.9.2023 (L\u00e4hti: 9, Keskeytti: 0, Hyl\u00e4tty: 0) Aho Lauri LaiVe 17.59 H\u00e4iki\u00f6 Sanni Pohjant 25.33 Lotvonen Venla Laive 14.09 Lukkari Ellen LaiVe 23.31 Lukkari Linnea LaiVe 35.11 Pes\u00e4l\u00e4 Aino Pohjant 20.01 Pitk\u00e4nen Fiiu Pohjant 34.34 Tihinen Emma LaiVe 36.06 V\u00e4\u00e4n\u00e4nen Oiva 31.17 ForFun 1 (L\u00e4hti: 2, Keskeytti: 0, Hyl\u00e4tty: 0) Tikkanen Freja 13.23 [&hellip;]","og_url":"https:\/\/skpohjantahti.fi\/index.php\/kompassitapahtuma-2023-forfun-tulokset\/","og_site_name":"SK Pohjant\u00e4hti","article_publisher":"https:\/\/www.facebook.com\/skpohjantahti","article_modified_time":"2023-09-04T09:42:44+00:00","twitter_card":"summary_large_image","schema":{"@context":"https:\/\/schema.org","@graph":[{"@type":"WebPage","@id":"https:\/\/skpohjantahti.fi\/index.php\/kompassitapahtuma-2023-forfun-tulokset\/","url":"https:\/\/skpohjantahti.fi\/index.php\/kompassitapahtuma-2023-forfun-tulokset\/","name":"Kompassitapahtuma 2023 Forfun tulokset - SK Pohjant\u00e4hti","isPartOf":{"@id":"https:\/\/skpohjantahti.fi\/#website"},"datePublished":"2023-09-04T09:03:14+00:00","dateModified":"2023-09-04T09:42:44+00:00","breadcrumb":{"@id":"https:\/\/skpohjantahti.fi\/index.php\/kompassitapahtuma-2023-forfun-tulokset\/#breadcrumb"},"inLanguage":"fi","potentialAction":[{"@type":"ReadAction","target":["https:\/\/skpohjantahti.fi\/index.php\/kompassitapahtuma-2023-forfun-tulokset\/"]}]},{"@type":"BreadcrumbList","@id":"https:\/\/skpohjantahti.fi\/index.php\/kompassitapahtuma-2023-forfun-tulokset\/#breadcrumb","itemListElement":[{"@type":"ListItem","position":1,"name":"Etusivu","item":"https:\/\/skpohjantahti.fi\/"},{"@type":"ListItem","position":2,"name":"Kompassitapahtuma 2023 Forfun tulokset"}]},{"@type":"WebSite","@id":"https:\/\/skpohjantahti.fi\/#website","url":"https:\/\/skpohjantahti.fi\/","name":"SK Pohjant\u00e4hti","description":"Oululainen suunnistusseura","publisher":{"@id":"https:\/\/skpohjantahti.fi\/#organization"},"potentialAction":[{"@type":"SearchAction","target":{"@type":"EntryPoint","urlTemplate":"https:\/\/skpohjantahti.fi\/?s={search_term_string}"},"query-input":{"@type":"PropertyValueSpecification","valueRequired":true,"valueName":"search_term_string"}}],"inLanguage":"fi"},{"@type":"Organization","@id":"https:\/\/skpohjantahti.fi\/#organization","name":"SK Pohjant\u00e4hti","url":"https:\/\/skpohjantahti.fi\/","logo":{"@type":"ImageObject","inLanguage":"fi","@id":"https:\/\/skpohjantahti.fi\/#\/schema\/logo\/image\/","url":"https:\/\/skpohjantahti.fi\/uudet\/wp-content\/uploads\/2022\/04\/cropped-pohjantahti_log_netti_pieni.jpg","contentUrl":"https:\/\/skpohjantahti.fi\/uudet\/wp-content\/uploads\/2022\/04\/cropped-pohjantahti_log_netti_pieni.jpg","width":198,"height":66,"caption":"SK Pohjant\u00e4hti"},"image":{"@id":"https:\/\/skpohjantahti.fi\/#\/schema\/logo\/image\/"},"sameAs":["https:\/\/www.facebook.com\/skpohjantahti","https:\/\/www.instagram.com\/sk_pohjantahti\/"]}]}},"_links":{"self":[{"href":"https:\/\/skpohjantahti.fi\/index.php\/wp-json\/wp\/v2\/pages\/3412","targetHints":{"allow":["GET"]}}],"collection":[{"href":"https:\/\/skpohjantahti.fi\/index.php\/wp-json\/wp\/v2\/pages"}],"about":[{"href":"https:\/\/skpohjantahti.fi\/index.php\/wp-json\/wp\/v2\/types\/page"}],"author":[{"embeddable":true,"href":"https:\/\/skpohjantahti.fi\/index.php\/wp-json\/wp\/v2\/users\/2"}],"replies":[{"embeddable":true,"href":"https:\/\/skpohjantahti.fi\/index.php\/wp-json\/wp\/v2\/comments?post=3412"}],"version-history":[{"count":7,"href":"https:\/\/skpohjantahti.fi\/index.php\/wp-json\/wp\/v2\/pages\/3412\/revisions"}],"predecessor-version":[{"id":3448,"href":"https:\/\/skpohjantahti.fi\/index.php\/wp-json\/wp\/v2\/pages\/3412\/revisions\/3448"}],"wp:attachment":[{"href":"https:\/\/skpohjantahti.fi\/index.php\/wp-json\/wp\/v2\/media?parent=3412"}],"curies":[{"name":"wp","href":"https:\/\/api.w.org\/{rel}","templated":true}]}}