{"id":3418,"date":"2023-09-04T09:07:26","date_gmt":"2023-09-04T09:07:26","guid":{"rendered":"https:\/\/skpohjantahti.fi\/?page_id=3418"},"modified":"2023-09-04T09:52:27","modified_gmt":"2023-09-04T09:52:27","slug":"kompassitapahtuma-2023-forfun-valiajat","status":"publish","type":"page","link":"https:\/\/skpohjantahti.fi\/index.php\/kompassitapahtuma-2023-forfun-valiajat\/","title":{"rendered":"Kompassitapahtuma 2023 ForFun v\u00e4liajat"},"content":{"rendered":"\t\t<div data-elementor-type=\"wp-page\" data-elementor-id=\"3418\" class=\"elementor elementor-3418\">\n\t\t\t\t\t\t<section class=\"elementor-section elementor-top-section elementor-element elementor-element-26e7fa7 elementor-section-boxed elementor-section-height-default elementor-section-height-default\" data-id=\"26e7fa7\" data-element_type=\"section\">\n\t\t\t\t\t\t<div class=\"elementor-container elementor-column-gap-default\">\n\t\t\t\t\t<div class=\"elementor-column elementor-col-100 elementor-top-column elementor-element elementor-element-c3400a1\" data-id=\"c3400a1\" data-element_type=\"column\">\n\t\t\t<div class=\"elementor-widget-wrap elementor-element-populated\">\n\t\t\t\t\t\t<div class=\"elementor-element elementor-element-53cfd3f elementor-widget elementor-widget-heading\" data-id=\"53cfd3f\" data-element_type=\"widget\" data-widget_type=\"heading.default\">\n\t\t\t\t<div class=\"elementor-widget-container\">\n\t\t\t\t\t<h2 class=\"elementor-heading-title elementor-size-default\">ForFun v\u00e4liajat 2.9.2023<\/h2>\t\t\t\t<\/div>\n\t\t\t\t<\/div>\n\t\t\t\t<div class=\"elementor-element elementor-element-84c3c19 elementor-widget elementor-widget-text-editor\" data-id=\"84c3c19\" data-element_type=\"widget\" data-widget_type=\"text-editor.default\">\n\t\t\t\t<div class=\"elementor-widget-container\">\n\t\t\t\t\t\t\t\t\t<PRE>\n                                  1. [101]   2. [102]   3. [103]   4. [104]   5. [105]   6. [063]   7. [100]      Tulos\n<span style=\"background:#ffffff;\">      Aho Lauri                <span style=\"color:#0b00ef\">    2-00.53<\/span><span style=\"color:#0b00ef\">    2-03.30<\/span><span style=\"color:#0b00ef\">    2-06.16<\/span><span style=\"color:#0b00ef\">    2-10.36<\/span><span style=\"color:#0b00ef\">    2-14.17<\/span><span style=\"color:#0b00ef\">    2-16.47<\/span><span style=\"color:#0b00ef\">    2-17.59<\/span>      17.59\n                               <span style=\"color:#0b00ef\">    2-00.53<\/span><span style=\"color:#0b00ef\">    2-02.37<\/span><span style=\"color:#ef0000\">    1-02.46<\/span><span style=\"color:#0b00ef\">    2-04.20<\/span><span style=\"color:#5149f1\">    3-03.41<\/span><span style=\"color:#5149f1\">    3-02.30<\/span><span style=\"color:#5149f1\">    3-01.12<\/span>           \n<\/span><span style=\"background:#f4f4f4;\">      H\u00e4iki\u00f6 Sanni                 4-01.05    6-07.23    5-11.39    5-16.27    5-19.34    5-24.01    5-25.33      25.33\n                                   4-01.05    8-06.18    5-04.16<span style=\"color:#5149f1\">    3-04.48<\/span><span style=\"color:#0b00ef\">    2-03.07<\/span>    6-04.27    6-01.32           \n<\/span><span style=\"background:#f4f4f4;\">      Lotvonen Venla           <span style=\"color:#ef0000\">    1-00.36<\/span><span style=\"color:#ef0000\">    1-02.20<\/span><span style=\"color:#ef0000\">    1-05.17<\/span><span style=\"color:#ef0000\">    1-08.57<\/span><span style=\"color:#ef0000\">    1-10.45<\/span><span style=\"color:#ef0000\">    1-13.00<\/span><span style=\"color:#ef0000\">    1-14.09<\/span>      14.09\n                               <span style=\"color:#ef0000\">    1-00.36<\/span><span style=\"color:#ef0000\">    1-01.44<\/span><span style=\"color:#0b00ef\">    2-02.57<\/span><span style=\"color:#ef0000\">    1-03.40<\/span><span style=\"color:#ef0000\">    1-01.48<\/span><span style=\"color:#0b00ef\">    2-02.15<\/span><span style=\"color:#ef0000\">    1-01.09<\/span>           \n<\/span><span style=\"background:#ffffff;\">      Lukkari Ellen                6-01.24    4-05.22    4-08.22    4-14.54    4-18.57    4-22.21    4-23.31      23.31\n                                   6-01.24    5-03.58<span style=\"color:#5149f1\">    3-03.00<\/span>    5-06.32    5-04.03    4-03.24<span style=\"color:#0b00ef\">    2-01.10<\/span>           \n<\/span><span style=\"background:#ffffff;\">      Lukkari Linnea               9-02.14    8-07.45    8-14.49    8-24.01    8-28.52    8-33.45    8-35.11      35.11\n                                   9-02.14    6-05.31    7-07.04    9-09.12    6-04.51    8-04.53    5-01.26           \n<\/span><span style=\"background:#f4f4f4;\">      Pes\u00e4l\u00e4 Aino              <span style=\"color:#5149f1\">    3-00.55<\/span><span style=\"color:#5149f1\">    3-04.29<\/span><span style=\"color:#5149f1\">    3-07.49<\/span><span style=\"color:#5149f1\">    3-12.54<\/span><span style=\"color:#5149f1\">    3-16.43<\/span><span style=\"color:#5149f1\">    3-18.46<\/span><span style=\"color:#5149f1\">    3-20.01<\/span>      20.01\n                               <span style=\"color:#5149f1\">    3-00.55<\/span><span style=\"color:#5149f1\">    3-03.34<\/span>    4-03.20    4-05.05    4-03.49<span style=\"color:#ef0000\">    1-02.03<\/span>    4-01.15           \n<\/span><span style=\"background:#f4f4f4;\">      Pitk\u00e4nen Fiiu                8-01.45    5-05.27    7-13.53    7-22.01    7-26.54    7-30.49    7-34.34      34.34\n                                   8-01.45    4-03.42    9-08.26    7-08.08    7-04.53    5-03.55    9-03.45           \n<\/span><span style=\"background:#f4f4f4;\">      Tihinen Emma                 7-01.39    9-07.56    9-15.06    9-24.09    9-29.03    9-33.53    9-36.06      36.06\n                                   7-01.39    7-06.17    8-07.10    8-09.03    8-04.54    7-04.50    8-02.13           \n<\/span><span style=\"background:#ffffff;\">      V\u00e4\u00e4n\u00e4nen Oiva                4-01.05    7-07.26    6-12.08    6-18.59    6-24.16    6-29.27    6-31.17      31.17\n                                   4-01.05    9-06.21    6-04.42    6-06.51    9-05.17    9-05.11    7-01.50           \n<\/span><\/PRE>\n<H3>ForFun 1, tilanne rasteilla, rastiv\u00e4lien ajat<\/H3>\n\n<PRE>\n                                  1. [071]   2. [072]   3. [073]   4. [074]   5. [136]   6. [100]      Tulos\n<span style=\"background:#ffffff;\">      Tikkanen Freja           <span style=\"color:#ef0000\">    1-01.18<\/span><span style=\"color:#ef0000\">    1-04.01<\/span><span style=\"color:#ef0000\">    1-06.17<\/span><span style=\"color:#ef0000\">    1-10.01<\/span><span style=\"color:#ef0000\">    1-12.32<\/span><span style=\"color:#ef0000\">    1-13.23<\/span>      13.23\n                               <span style=\"color:#ef0000\">    1-01.18<\/span><span style=\"color:#ef0000\">    1-02.43<\/span><span style=\"color:#ef0000\">    1-02.16<\/span><span style=\"color:#ef0000\">    1-03.44<\/span><span style=\"color:#ef0000\">    1-02.31<\/span><span style=\"color:#ef0000\">    1-00.51<\/span>           \n<\/span><span style=\"background:#f4f4f4;\">      Valkama Aada             <span style=\"color:#0b00ef\">    2-03.51<\/span><span style=\"color:#0b00ef\">    2-09.25<\/span><span style=\"color:#0b00ef\">    2-13.52<\/span><span style=\"color:#0b00ef\">    2-20.28<\/span><span style=\"color:#0b00ef\">    2-24.47<\/span><span style=\"color:#0b00ef\">    2-26.04<\/span>      26.04\n                               <span style=\"color:#0b00ef\">    2-03.51<\/span><span style=\"color:#0b00ef\">    2-05.34<\/span><span style=\"color:#0b00ef\">    2-04.27<\/span><span style=\"color:#0b00ef\">    2-06.36<\/span><span style=\"color:#0b00ef\">    2-04.19<\/span><span style=\"color:#0b00ef\">    2-01.17<\/span>           \n<\/span><\/PRE>\n<H3>ForFun 2, tilanne rasteilla, rastiv\u00e4lien ajat<\/H3>\n\n<PRE>\n                                  1. [061]   2. [065]   3. [062]   4. [035]   5. [067]   6. [069]   7. [136]   8. [100]      Tulos\n<span style=\"background:#ffffff;\">      H\u00e4iki\u00f6 Aaro              <span style=\"color:#ef0000\">    1-01.45<\/span><span style=\"color:#ef0000\">    1-04.21<\/span><span style=\"color:#ef0000\">    1-05.33<\/span><span style=\"color:#ef0000\">    1-08.31<\/span><span style=\"color:#ef0000\">    1-10.39<\/span><span style=\"color:#ef0000\">    1-14.42<\/span><span style=\"color:#ef0000\">    1-15.37<\/span><span style=\"color:#ef0000\">    1-16.22<\/span>      16.22\n                               <span style=\"color:#ef0000\">    1-01.45<\/span><span style=\"color:#ef0000\">    1-02.36<\/span><span style=\"color:#ef0000\">    1-01.12<\/span><span style=\"color:#ef0000\">    1-02.58<\/span><span style=\"color:#ef0000\">    1-02.08<\/span><span style=\"color:#ef0000\">    1-04.03<\/span><span style=\"color:#ef0000\">    1-00.55<\/span><span style=\"color:#ef0000\">    1-00.45<\/span>           \n<\/span><\/PRE>\n<H3>ForFun 3, tilanne rasteilla, rastiv\u00e4lien ajat<\/H3>\n\n<PRE>\n                                  1. [134]   2. [062]   3. [035]   4. [135]   5. [067]   6. [072]   7. [075]   8. [074]   9. [069]  10. [136]  11. [100]      Tulos\n<span style=\"background:#ffffff;\">      Kangas Saga              <span style=\"color:#0b00ef\">    2-02.46<\/span><span style=\"color:#0b00ef\">    2-06.27<\/span><span style=\"color:#0b00ef\">    2-09.56<\/span><span style=\"color:#0b00ef\">    2-13.11<\/span><span style=\"color:#0b00ef\">    2-14.28<\/span><span style=\"color:#0b00ef\">    2-15.44<\/span><span style=\"color:#0b00ef\">    2-22.07<\/span><span style=\"color:#0b00ef\">    2-24.59<\/span><span style=\"color:#0b00ef\">    2-26.07<\/span><span style=\"color:#0b00ef\">    2-27.15<\/span><span style=\"color:#ef0000\">    1-28.05<\/span>      28.05\n                               <span style=\"color:#0b00ef\">    2-02.46<\/span><span style=\"color:#0b00ef\">    2-03.41<\/span><span style=\"color:#0b00ef\">    2-03.29<\/span><span style=\"color:#0b00ef\">    2-03.15<\/span><span style=\"color:#ef0000\">    1-01.17<\/span><span style=\"color:#ef0000\">    1-01.16<\/span><span style=\"color:#0b00ef\">    2-06.23<\/span><span style=\"color:#0b00ef\">    2-02.52<\/span><span style=\"color:#ef0000\">    1-01.08<\/span><span style=\"color:#ef0000\">    1-01.08<\/span><span style=\"color:#ef0000\">    1-00.50<\/span>           \n<\/span><span style=\"background:#f4f4f4;\">      R\u00e4s\u00e4nen Tilda            <span style=\"color:#ef0000\">    1-02.42<\/span><span style=\"color:#ef0000\">    1-06.20<\/span><span style=\"color:#ef0000\">    1-09.38<\/span><span style=\"color:#ef0000\">    1-12.39<\/span><span style=\"color:#ef0000\">    1-14.15<\/span><span style=\"color:#ef0000\">    1-15.41<\/span><span style=\"color:#ef0000\">    1-22.00<\/span><span style=\"color:#ef0000\">    1-24.49<\/span><span style=\"color:#ef0000\">    1-26.03<\/span><span style=\"color:#ef0000\">    1-27.12<\/span><span style=\"color:#ef0000\">    1-28.05<\/span>      28.05\n                               <span style=\"color:#ef0000\">    1-02.42<\/span><span style=\"color:#ef0000\">    1-03.38<\/span><span style=\"color:#ef0000\">    1-03.18<\/span><span style=\"color:#ef0000\">    1-03.01<\/span><span style=\"color:#0b00ef\">    2-01.36<\/span><span style=\"color:#0b00ef\">    2-01.26<\/span><span style=\"color:#ef0000\">    1-06.19<\/span><span style=\"color:#ef0000\">    1-02.49<\/span><span style=\"color:#0b00ef\">    2-01.14<\/span><span style=\"color:#0b00ef\">    2-01.09<\/span><span style=\"color:#0b00ef\">    2-00.53<\/span>           \n<\/span><\/PRE>\n<H3>ForFun 4, tilanne rasteilla, rastiv\u00e4lien ajat<\/H3>\n\n<PRE>\n                                  1. [061]   2. [065]   3. [062]   4. [035]   5. [135]   6. [069]   7. [136]   8. [100]      Tulos\n<span style=\"background:#f4f4f4;\">      R\u00e4s\u00e4nen Reeta            <span style=\"color:#ef0000\">    1-02.09<\/span><span style=\"color:#ef0000\">    1-05.18<\/span><span style=\"color:#ef0000\">    1-06.51<\/span><span style=\"color:#ef0000\">    1-14.14<\/span><span style=\"color:#ef0000\">    1-17.00<\/span><span style=\"color:#ef0000\">    1-19.34<\/span><span style=\"color:#ef0000\">    1-20.27<\/span><span style=\"color:#ef0000\">    1-21.37<\/span>      21.37\n                               <span style=\"color:#ef0000\">    1-02.09<\/span><span style=\"color:#ef0000\">    1-03.09<\/span><span style=\"color:#ef0000\">    1-01.33<\/span><span style=\"color:#5149f1\">    3-07.23<\/span><span style=\"color:#ef0000\">    1-02.46<\/span><span style=\"color:#ef0000\">    1-02.34<\/span><span style=\"color:#ef0000\">    1-00.53<\/span><span style=\"color:#5149f1\">    3-01.10<\/span>           \n<\/span><span style=\"background:#ffffff;\">      Taipale Julia            <span style=\"color:#0b00ef\">    2-04.00<\/span><span style=\"color:#0b00ef\">    2-13.15<\/span><span style=\"color:#0b00ef\">    2-18.48<\/span><span style=\"color:#0b00ef\">    2-26.01<\/span><span style=\"color:#0b00ef\">    2-32.12<\/span><span style=\"color:#0b00ef\">    2-37.52<\/span><span style=\"color:#0b00ef\">    2-39.19<\/span><span style=\"color:#0b00ef\">    2-40.09<\/span>      40.09\n                               <span style=\"color:#0b00ef\">    2-04.00<\/span><span style=\"color:#5149f1\">    3-09.15<\/span><span style=\"color:#0b00ef\">    2-05.33<\/span><span style=\"color:#0b00ef\">    2-07.13<\/span><span style=\"color:#5149f1\">    3-06.11<\/span><span style=\"color:#0b00ef\">    2-05.40<\/span><span style=\"color:#5149f1\">    3-01.27<\/span><span style=\"color:#0b00ef\">    2-00.50<\/span>           \n<\/span><span style=\"background:#f4f4f4;\">      Valkama Vili             <span style=\"color:#5149f1\">    3-04.05<\/span><span style=\"color:#5149f1\">    3-13.19<\/span><span style=\"color:#5149f1\">    3-18.58<\/span><span style=\"color:#5149f1\">    3-26.08<\/span><span style=\"color:#5149f1\">    3-32.16<\/span><span style=\"color:#5149f1\">    3-37.58<\/span><span style=\"color:#5149f1\">    3-39.23<\/span><span style=\"color:#5149f1\">    3-40.10<\/span>      40.10\n                               <span style=\"color:#5149f1\">    3-04.05<\/span><span style=\"color:#0b00ef\">    2-09.14<\/span><span style=\"color:#5149f1\">    3-05.39<\/span><span style=\"color:#ef0000\">    1-07.10<\/span><span style=\"color:#0b00ef\">    2-06.08<\/span><span style=\"color:#5149f1\">    3-05.42<\/span><span style=\"color:#0b00ef\">    2-01.25<\/span><span style=\"color:#ef0000\">    1-00.47<\/span>           \n<\/span><\/PRE>\n\t\t\t\t\t\t\t\t<\/div>\n\t\t\t\t<\/div>\n\t\t\t\t\t<\/div>\n\t\t<\/div>\n\t\t\t\t\t<\/div>\n\t\t<\/section>\n\t\t\t\t<\/div>\n\t\t","protected":false},"excerpt":{"rendered":"<p>ForFun v\u00e4liajat 2.9.2023 1. [101] 2. [102] 3. [103] 4. [104] 5. [105] 6. [063] 7. [100] Tulos Aho Lauri 2-00.53 2-03.30 2-06.16 2-10.36 2-14.17 2-16.47 2-17.59 17.59 2-00.53 2-02.37 1-02.46 2-04.20 3-03.41 3-02.30 3-01.12 H\u00e4iki\u00f6 Sanni 4-01.05 6-07.23 5-11.39 5-16.27 5-19.34 5-24.01 5-25.33 25.33 4-01.05 8-06.18 5-04.16 3-04.48 2-03.07 6-04.27 6-01.32 Lotvonen Venla 1-00.36 [&hellip;]<\/p>\n","protected":false},"author":2,"featured_media":0,"parent":0,"menu_order":0,"comment_status":"closed","ping_status":"closed","template":"","meta":{"site-sidebar-layout":"no-sidebar","site-content-layout":"page-builder","ast-site-content-layout":"default","site-content-style":"default","site-sidebar-style":"default","ast-global-header-display":"","ast-banner-title-visibility":"","ast-main-header-display":"","ast-hfb-above-header-display":"","ast-hfb-below-header-display":"","ast-hfb-mobile-header-display":"","site-post-title":"disabled","ast-breadcrumbs-content":"","ast-featured-img":"disabled","footer-sml-layout":"","ast-disable-related-posts":"","theme-transparent-header-meta":"default","adv-header-id-meta":"","stick-header-meta":"","header-above-stick-meta":"","header-main-stick-meta":"","header-below-stick-meta":"","astra-migrate-meta-layouts":"default","ast-page-background-enabled":"default","ast-page-background-meta":{"desktop":{"background-color":"","background-image":"","background-repeat":"repeat","background-position":"center center","background-size":"auto","background-attachment":"scroll","background-type":"","background-media":"","overlay-type":"","overlay-color":"","overlay-opacity":"","overlay-gradient":""},"tablet":{"background-color":"","background-image":"","background-repeat":"repeat","background-position":"center center","background-size":"auto","background-attachment":"scroll","background-type":"","background-media":"","overlay-type":"","overlay-color":"","overlay-opacity":"","overlay-gradient":""},"mobile":{"background-color":"","background-image":"","background-repeat":"repeat","background-position":"center center","background-size":"auto","background-attachment":"scroll","background-type":"","background-media":"","overlay-type":"","overlay-color":"","overlay-opacity":"","overlay-gradient":""}},"ast-content-background-meta":{"desktop":{"background-color":"var(--ast-global-color-5)","background-image":"","background-repeat":"repeat","background-position":"center center","background-size":"auto","background-attachment":"scroll","background-type":"","background-media":"","overlay-type":"","overlay-color":"","overlay-opacity":"","overlay-gradient":""},"tablet":{"background-color":"var(--ast-global-color-5)","background-image":"","background-repeat":"repeat","background-position":"center center","background-size":"auto","background-attachment":"scroll","background-type":"","background-media":"","overlay-type":"","overlay-color":"","overlay-opacity":"","overlay-gradient":""},"mobile":{"background-color":"var(--ast-global-color-5)","background-image":"","background-repeat":"repeat","background-position":"center center","background-size":"auto","background-attachment":"scroll","background-type":"","background-media":"","overlay-type":"","overlay-color":"","overlay-opacity":"","overlay-gradient":""}},"footnotes":""},"class_list":["post-3418","page","type-page","status-publish","hentry"],"yoast_head":"<!-- This site is optimized with the Yoast SEO plugin v27.2 - https:\/\/yoast.com\/product\/yoast-seo-wordpress\/ -->\n<title>Kompassitapahtuma 2023 ForFun v\u00e4liajat - SK Pohjant\u00e4hti<\/title>\n<meta name=\"robots\" content=\"index, follow, max-snippet:-1, max-image-preview:large, max-video-preview:-1\" \/>\n<link rel=\"canonical\" href=\"https:\/\/skpohjantahti.fi\/index.php\/kompassitapahtuma-2023-forfun-valiajat\/\" \/>\n<meta property=\"og:locale\" content=\"fi_FI\" \/>\n<meta property=\"og:type\" content=\"article\" \/>\n<meta property=\"og:title\" content=\"Kompassitapahtuma 2023 ForFun v\u00e4liajat - SK Pohjant\u00e4hti\" \/>\n<meta property=\"og:description\" content=\"ForFun v\u00e4liajat 2.9.2023 1. [101] 2. [102] 3. [103] 4. [104] 5. [105] 6. [063] 7. [100] Tulos Aho Lauri 2-00.53 2-03.30 2-06.16 2-10.36 2-14.17 2-16.47 2-17.59 17.59 2-00.53 2-02.37 1-02.46 2-04.20 3-03.41 3-02.30 3-01.12 H\u00e4iki\u00f6 Sanni 4-01.05 6-07.23 5-11.39 5-16.27 5-19.34 5-24.01 5-25.33 25.33 4-01.05 8-06.18 5-04.16 3-04.48 2-03.07 6-04.27 6-01.32 Lotvonen Venla 1-00.36 [&hellip;]\" \/>\n<meta property=\"og:url\" content=\"https:\/\/skpohjantahti.fi\/index.php\/kompassitapahtuma-2023-forfun-valiajat\/\" \/>\n<meta property=\"og:site_name\" content=\"SK Pohjant\u00e4hti\" \/>\n<meta property=\"article:publisher\" content=\"https:\/\/www.facebook.com\/skpohjantahti\" \/>\n<meta property=\"article:modified_time\" content=\"2023-09-04T09:52:27+00:00\" \/>\n<meta name=\"twitter:card\" content=\"summary_large_image\" \/>\n<meta name=\"twitter:label1\" content=\"Arvioitu lukuaika\" \/>\n\t<meta name=\"twitter:data1\" content=\"2 minuuttia\" \/>\n<script type=\"application\/ld+json\" class=\"yoast-schema-graph\">{\"@context\":\"https:\/\/schema.org\",\"@graph\":[{\"@type\":\"WebPage\",\"@id\":\"https:\/\/skpohjantahti.fi\/index.php\/kompassitapahtuma-2023-forfun-valiajat\/\",\"url\":\"https:\/\/skpohjantahti.fi\/index.php\/kompassitapahtuma-2023-forfun-valiajat\/\",\"name\":\"Kompassitapahtuma 2023 ForFun v\u00e4liajat - SK Pohjant\u00e4hti\",\"isPartOf\":{\"@id\":\"https:\/\/skpohjantahti.fi\/#website\"},\"datePublished\":\"2023-09-04T09:07:26+00:00\",\"dateModified\":\"2023-09-04T09:52:27+00:00\",\"breadcrumb\":{\"@id\":\"https:\/\/skpohjantahti.fi\/index.php\/kompassitapahtuma-2023-forfun-valiajat\/#breadcrumb\"},\"inLanguage\":\"fi\",\"potentialAction\":[{\"@type\":\"ReadAction\",\"target\":[\"https:\/\/skpohjantahti.fi\/index.php\/kompassitapahtuma-2023-forfun-valiajat\/\"]}]},{\"@type\":\"BreadcrumbList\",\"@id\":\"https:\/\/skpohjantahti.fi\/index.php\/kompassitapahtuma-2023-forfun-valiajat\/#breadcrumb\",\"itemListElement\":[{\"@type\":\"ListItem\",\"position\":1,\"name\":\"Etusivu\",\"item\":\"https:\/\/skpohjantahti.fi\/\"},{\"@type\":\"ListItem\",\"position\":2,\"name\":\"Kompassitapahtuma 2023 ForFun v\u00e4liajat\"}]},{\"@type\":\"WebSite\",\"@id\":\"https:\/\/skpohjantahti.fi\/#website\",\"url\":\"https:\/\/skpohjantahti.fi\/\",\"name\":\"SK Pohjant\u00e4hti\",\"description\":\"Oululainen suunnistusseura\",\"publisher\":{\"@id\":\"https:\/\/skpohjantahti.fi\/#organization\"},\"potentialAction\":[{\"@type\":\"SearchAction\",\"target\":{\"@type\":\"EntryPoint\",\"urlTemplate\":\"https:\/\/skpohjantahti.fi\/?s={search_term_string}\"},\"query-input\":{\"@type\":\"PropertyValueSpecification\",\"valueRequired\":true,\"valueName\":\"search_term_string\"}}],\"inLanguage\":\"fi\"},{\"@type\":\"Organization\",\"@id\":\"https:\/\/skpohjantahti.fi\/#organization\",\"name\":\"SK Pohjant\u00e4hti\",\"url\":\"https:\/\/skpohjantahti.fi\/\",\"logo\":{\"@type\":\"ImageObject\",\"inLanguage\":\"fi\",\"@id\":\"https:\/\/skpohjantahti.fi\/#\/schema\/logo\/image\/\",\"url\":\"https:\/\/skpohjantahti.fi\/uudet\/wp-content\/uploads\/2022\/04\/cropped-pohjantahti_log_netti_pieni.jpg\",\"contentUrl\":\"https:\/\/skpohjantahti.fi\/uudet\/wp-content\/uploads\/2022\/04\/cropped-pohjantahti_log_netti_pieni.jpg\",\"width\":198,\"height\":66,\"caption\":\"SK Pohjant\u00e4hti\"},\"image\":{\"@id\":\"https:\/\/skpohjantahti.fi\/#\/schema\/logo\/image\/\"},\"sameAs\":[\"https:\/\/www.facebook.com\/skpohjantahti\",\"https:\/\/www.instagram.com\/sk_pohjantahti\/\"]}]}<\/script>\n<!-- \/ Yoast SEO plugin. -->","yoast_head_json":{"title":"Kompassitapahtuma 2023 ForFun v\u00e4liajat - SK Pohjant\u00e4hti","robots":{"index":"index","follow":"follow","max-snippet":"max-snippet:-1","max-image-preview":"max-image-preview:large","max-video-preview":"max-video-preview:-1"},"canonical":"https:\/\/skpohjantahti.fi\/index.php\/kompassitapahtuma-2023-forfun-valiajat\/","og_locale":"fi_FI","og_type":"article","og_title":"Kompassitapahtuma 2023 ForFun v\u00e4liajat - SK Pohjant\u00e4hti","og_description":"ForFun v\u00e4liajat 2.9.2023 1. [101] 2. [102] 3. [103] 4. [104] 5. [105] 6. [063] 7. [100] Tulos Aho Lauri 2-00.53 2-03.30 2-06.16 2-10.36 2-14.17 2-16.47 2-17.59 17.59 2-00.53 2-02.37 1-02.46 2-04.20 3-03.41 3-02.30 3-01.12 H\u00e4iki\u00f6 Sanni 4-01.05 6-07.23 5-11.39 5-16.27 5-19.34 5-24.01 5-25.33 25.33 4-01.05 8-06.18 5-04.16 3-04.48 2-03.07 6-04.27 6-01.32 Lotvonen Venla 1-00.36 [&hellip;]","og_url":"https:\/\/skpohjantahti.fi\/index.php\/kompassitapahtuma-2023-forfun-valiajat\/","og_site_name":"SK Pohjant\u00e4hti","article_publisher":"https:\/\/www.facebook.com\/skpohjantahti","article_modified_time":"2023-09-04T09:52:27+00:00","twitter_card":"summary_large_image","twitter_misc":{"Arvioitu lukuaika":"2 minuuttia"},"schema":{"@context":"https:\/\/schema.org","@graph":[{"@type":"WebPage","@id":"https:\/\/skpohjantahti.fi\/index.php\/kompassitapahtuma-2023-forfun-valiajat\/","url":"https:\/\/skpohjantahti.fi\/index.php\/kompassitapahtuma-2023-forfun-valiajat\/","name":"Kompassitapahtuma 2023 ForFun v\u00e4liajat - SK Pohjant\u00e4hti","isPartOf":{"@id":"https:\/\/skpohjantahti.fi\/#website"},"datePublished":"2023-09-04T09:07:26+00:00","dateModified":"2023-09-04T09:52:27+00:00","breadcrumb":{"@id":"https:\/\/skpohjantahti.fi\/index.php\/kompassitapahtuma-2023-forfun-valiajat\/#breadcrumb"},"inLanguage":"fi","potentialAction":[{"@type":"ReadAction","target":["https:\/\/skpohjantahti.fi\/index.php\/kompassitapahtuma-2023-forfun-valiajat\/"]}]},{"@type":"BreadcrumbList","@id":"https:\/\/skpohjantahti.fi\/index.php\/kompassitapahtuma-2023-forfun-valiajat\/#breadcrumb","itemListElement":[{"@type":"ListItem","position":1,"name":"Etusivu","item":"https:\/\/skpohjantahti.fi\/"},{"@type":"ListItem","position":2,"name":"Kompassitapahtuma 2023 ForFun v\u00e4liajat"}]},{"@type":"WebSite","@id":"https:\/\/skpohjantahti.fi\/#website","url":"https:\/\/skpohjantahti.fi\/","name":"SK Pohjant\u00e4hti","description":"Oululainen suunnistusseura","publisher":{"@id":"https:\/\/skpohjantahti.fi\/#organization"},"potentialAction":[{"@type":"SearchAction","target":{"@type":"EntryPoint","urlTemplate":"https:\/\/skpohjantahti.fi\/?s={search_term_string}"},"query-input":{"@type":"PropertyValueSpecification","valueRequired":true,"valueName":"search_term_string"}}],"inLanguage":"fi"},{"@type":"Organization","@id":"https:\/\/skpohjantahti.fi\/#organization","name":"SK Pohjant\u00e4hti","url":"https:\/\/skpohjantahti.fi\/","logo":{"@type":"ImageObject","inLanguage":"fi","@id":"https:\/\/skpohjantahti.fi\/#\/schema\/logo\/image\/","url":"https:\/\/skpohjantahti.fi\/uudet\/wp-content\/uploads\/2022\/04\/cropped-pohjantahti_log_netti_pieni.jpg","contentUrl":"https:\/\/skpohjantahti.fi\/uudet\/wp-content\/uploads\/2022\/04\/cropped-pohjantahti_log_netti_pieni.jpg","width":198,"height":66,"caption":"SK Pohjant\u00e4hti"},"image":{"@id":"https:\/\/skpohjantahti.fi\/#\/schema\/logo\/image\/"},"sameAs":["https:\/\/www.facebook.com\/skpohjantahti","https:\/\/www.instagram.com\/sk_pohjantahti\/"]}]}},"_links":{"self":[{"href":"https:\/\/skpohjantahti.fi\/index.php\/wp-json\/wp\/v2\/pages\/3418","targetHints":{"allow":["GET"]}}],"collection":[{"href":"https:\/\/skpohjantahti.fi\/index.php\/wp-json\/wp\/v2\/pages"}],"about":[{"href":"https:\/\/skpohjantahti.fi\/index.php\/wp-json\/wp\/v2\/types\/page"}],"author":[{"embeddable":true,"href":"https:\/\/skpohjantahti.fi\/index.php\/wp-json\/wp\/v2\/users\/2"}],"replies":[{"embeddable":true,"href":"https:\/\/skpohjantahti.fi\/index.php\/wp-json\/wp\/v2\/comments?post=3418"}],"version-history":[{"count":5,"href":"https:\/\/skpohjantahti.fi\/index.php\/wp-json\/wp\/v2\/pages\/3418\/revisions"}],"predecessor-version":[{"id":3456,"href":"https:\/\/skpohjantahti.fi\/index.php\/wp-json\/wp\/v2\/pages\/3418\/revisions\/3456"}],"wp:attachment":[{"href":"https:\/\/skpohjantahti.fi\/index.php\/wp-json\/wp\/v2\/media?parent=3418"}],"curies":[{"name":"wp","href":"https:\/\/api.w.org\/{rel}","templated":true}]}}