{"id":3424,"date":"2023-09-04T09:14:04","date_gmt":"2023-09-04T09:14:04","guid":{"rendered":"https:\/\/skpohjantahti.fi\/?page_id=3424"},"modified":"2023-09-04T09:47:51","modified_gmt":"2023-09-04T09:47:51","slug":"kompassitapahtuma-2023-viesti-tulokset","status":"publish","type":"page","link":"https:\/\/skpohjantahti.fi\/index.php\/kompassitapahtuma-2023-viesti-tulokset\/","title":{"rendered":"Kompassitapahtuma 2023 viesti tulokset"},"content":{"rendered":"\t\t<div data-elementor-type=\"wp-page\" data-elementor-id=\"3424\" class=\"elementor elementor-3424\">\n\t\t\t\t\t\t<section class=\"elementor-section elementor-top-section elementor-element elementor-element-f075700 elementor-section-boxed elementor-section-height-default elementor-section-height-default\" data-id=\"f075700\" data-element_type=\"section\">\n\t\t\t\t\t\t<div class=\"elementor-container elementor-column-gap-default\">\n\t\t\t\t\t<div class=\"elementor-column elementor-col-100 elementor-top-column elementor-element elementor-element-063daf2\" data-id=\"063daf2\" data-element_type=\"column\">\n\t\t\t<div class=\"elementor-widget-wrap elementor-element-populated\">\n\t\t\t\t\t\t<div class=\"elementor-element elementor-element-d327dc2 elementor-widget elementor-widget-heading\" data-id=\"d327dc2\" data-element_type=\"widget\" data-widget_type=\"heading.default\">\n\t\t\t\t<div class=\"elementor-widget-container\">\n\t\t\t\t\t<h2 class=\"elementor-heading-title elementor-size-default\">P-P Kompassi-viesti 3.9.2023, Pikkarala, SK Pohjant\u00e4hti<\/h2>\t\t\t\t<\/div>\n\t\t\t\t<\/div>\n\t\t\t\t\t<\/div>\n\t\t<\/div>\n\t\t\t\t\t<\/div>\n\t\t<\/section>\n\t\t\t\t<section class=\"elementor-section elementor-top-section elementor-element elementor-element-b95480c elementor-section-boxed elementor-section-height-default elementor-section-height-default\" data-id=\"b95480c\" data-element_type=\"section\">\n\t\t\t\t\t\t<div class=\"elementor-container elementor-column-gap-default\">\n\t\t\t\t\t<div class=\"elementor-column elementor-col-100 elementor-top-column elementor-element elementor-element-0fc1b17\" data-id=\"0fc1b17\" data-element_type=\"column\">\n\t\t\t<div class=\"elementor-widget-wrap elementor-element-populated\">\n\t\t\t\t\t\t<div class=\"elementor-element elementor-element-378877a elementor-widget elementor-widget-text-editor\" data-id=\"378877a\" data-element_type=\"widget\" data-widget_type=\"text-editor.default\">\n\t\t\t\t<div class=\"elementor-widget-container\">\n\t\t\t\t\t\t\t\t\t <a href=\"#1\">H14<\/a>  <a href=\"#2\">D14<\/a>  <a href=\"#3\">H12<\/a>  <a href=\"#4\">D12<\/a>  <a href=\"#5\">H10<\/a>  <a href=\"#6\">D10<\/a>  <a href=\"#7\">H10S<\/a>  <a href=\"#8\">D10S<\/a> \n<h3 id=\"1\">H14<\/h3>\n<pre>\n(1,8 + 1,8 + 1,9 + 1,9)\n\n<span style=\"background:#f4f4f4;\">   1.    23 SK Pohjant\u00e4hti 1                                                 57.11           <\/span>\n            1 Heikki Sev\u00e4kivi                              14.18    1.       14.18        1. \n            2 Inka Ryytty                                  13.52    2.       28.10        1. \n            3 Heikki Sev\u00e4kivi                              16.38    2.       44.48        2. \n            4 Inka Ryytty                                  12.23    1.       57.11        1. \n<span style=\"background:#f4f4f4;\">   2.    24 SK Pohjant\u00e4hti 2                                                 57.47    +00.36 <\/span>\n            1 Elena Ryytty                                 15.25    2.       15.25        2. \n            2 Reeta R\u00e4s\u00e4nen                                12.46    1.       28.11        2. \n            3 Elena Ryytty                                 13.43    1.       41.54        1. \n            4 Reeta R\u00e4s\u00e4nen                                15.53    2.       57.47        2. \n<span style=\"background:#f4f4f4;\">   3.    25 SK Pohjant\u00e4hti 3                                               1.19.54    +22.43 <\/span>\n            1 Jenny Korhonen                               24.40    3.       24.40        3. \n            2 Malla M\u00e4\u00e4tt\u00e4                                 17.34    3.       42.14        3. \n            3 Jenny Korhonen                               19.28    3.     1.01.42        3. \n            4 Malla M\u00e4\u00e4tt\u00e4                                 18.12    3.     1.19.54        3. \n\n<\/pre>\n\n<h3 id=\"2\">D14<\/h3>\n\n\n<pre>\n(1,8 + 1,8 + 1,9 + 1,9)\n\n<span style=\"background:#f4f4f4;\">   1.    21 SK Pohjant\u00e4hti 1                                               1.02.21           <\/span>\n            1 Inga Kangas                                  14.37    1.       14.37        1. \n            2 Hilma Hokkanen                               14.02    1.       28.39        1. \n            3 Inga Kangas                                  16.51    1.       45.30        1. \n            4 Hilma Hokkanen                               16.51    1.     1.02.21        1. \n<span style=\"background:#f4f4f4;\">   2.    20 Laitasaaren Veto 1                                             1.18.58    +16.37 <\/span>\n            1 Milja Tihinen                                17.07    2.       17.07        2. \n            2 Helmi Leinonen                               17.02    2.       34.09        2. \n            3 Milja Tihinen                                21.11    3.       55.20        2. \n            4 Helmi Leinonen                               23.38    2.     1.18.58        2. \n<span style=\"background:#f4f4f4;\">   -     22 Laitasaaren Veto 2                                                Hyl.           <\/span>\n            1 Eevi Juka                                    29.49    3.       29.49        3. \n            2 Amanda Kakko                                 30.12    3.     1.00.01        3. \n            3 Eevi Juka                                    18.57    2.     1.18.58        3. \n            4 Amanda Kakko                                  Hyl.                             \n\n<\/pre>\n\n<h3 id=\"3\">H12<\/h3>\n\n\n<pre>\n(1,5 + 1,5 + 1,6 + 1,6)\n\n<span style=\"background:#f4f4f4;\">   1.   124 SK Pohjant\u00e4hti 1                                               1.01.10           <\/span>\n            1 Eero Sev\u00e4kivi                                11.21    1.       11.21        1. \n            2 Aaro H\u00e4iki\u00f6                                  09.34    1.       20.55        1. \n            3 Eero Sev\u00e4kivi                                14.21    1.       35.16        1. \n            4 Aaro H\u00e4iki\u00f6                                  25.54    1.     1.01.10        1. \n<span style=\"background:#f4f4f4;\">   2.   123 Laitasaaren Veto 1                                             1.19.20    +18.10 <\/span>\n            1 Elias Tihinen                                16.56    2.       16.56        2. \n            2 Elias Patosalmi                              14.30    2.       31.26        2. \n            3 Elias Tihinen                                19.42    2.       51.08        2. \n            4 Elias Patosalmi                              28.12    2.     1.19.20        2. \n\n<\/pre>\n\n<h3 id=\"4\">D12<\/h3>\n\n\n<pre>\n(1,5 + 1,5 + 1,6 + 1,6)\n\n<span style=\"background:#f4f4f4;\">   1.   122 SK Pohjant\u00e4hti 3                                                 50.12           <\/span>\n            1 Oona Anttila                                 09.37    2.       09.37        2. \n            2 Saga Kangas                                  10.16    1.       19.53        2. \n            3 Oona Anttila                                 14.34    1.       34.27        1. \n            4 Saga Kangas                                  15.45    2.       50.12        1. \n<span style=\"background:#f4f4f4;\">   2.   120 SK Pohjant\u00e4hti 1                                                 56.04    +05.52 <\/span>\n            1 Enni Pitk\u00e4nen                                09.35    1.       09.35        1. \n            2 Anni Tanner                                  10.17    2.       19.52        1. \n            3 Enni Pitk\u00e4nen                                18.03    3.       37.55        2. \n            4 Anni Tanner                                  18.09    3.       56.04        2. \n<span style=\"background:#f4f4f4;\">   3.   121 SK Pohjant\u00e4hti 2                                               1.00.26    +10.14 <\/span>\n            1 Tilda R\u00e4s\u00e4nen                                16.37    3.       16.37        3. \n            2 Aamu Heikkinen                               11.27    3.       28.04        3. \n            3 Tilda R\u00e4s\u00e4nen                                17.05    2.       45.09        3. \n            4 Aamu Heikkinen                               15.17    1.     1.00.26        3. \n\n<\/pre>\n\n<h3 id=\"5\">H10<\/h3>\n\n\n<pre>\n(1,5 + 1,5 + 1,1 + 1,1)\n\n<span style=\"background:#f4f4f4;\">   1.   145 SK Pohjant\u00e4hti 1                                               1.15.44           <\/span>\n            1 Anton H\u00e4iv\u00e4l\u00e4                                14.20    1.       14.20        1. \n            2 Sampo Pes\u00e4l\u00e4                                 13.21    1.       27.41        1. \n            3 Anton H\u00e4iv\u00e4l\u00e4                                35.56    1.     1.03.37        1. \n            4 Sampo Pes\u00e4l\u00e4                                 12.07    1.     1.15.44        1. \n\n<\/pre>\n\n<h3 id=\"6\">D10<\/h3>\n\n\n<pre>\n(1,5 + 1,5 + 1,1 + 1,1)\n\n<span style=\"background:#f4f4f4;\">   1.   158 SK Pohjant\u00e4hti 1                                                 38.38           <\/span>\n            1 Julia Taipale                                11.06    1.       11.06        1. \n            2 Emma Tanner                                  10.35    1.       21.41        1. \n            3 Julia Taipale                                08.39    1.       30.20        1. \n            4 Emma Tanner                                  08.18    1.       38.38        1. \n\n<\/pre>\n\n<h3 id=\"7\">H10S<\/h3>\n\n\n<pre>\n(1,5 + 1,5 + 1,1 + 1,1)\n\n<span style=\"background:#f4f4f4;\">   1.   179 Laitasaaren Veto 1                                               54.23           <\/span>\n            1 Juho Juka                                    16.18    1.       16.18        1. \n            2 Jussi Juka                                   14.02    1.       30.20        1. \n            3 Juho Juka                                    13.14    1.       43.34        1. \n            4 Jussi Juka                                   10.49    1.       54.23        1. \n\n<\/pre>\n\n<h3 id=\"8\">D10S<\/h3>\n\n\n<pre>\n(1,5 + 1,5 + 1,1 + 1,1)\n\n<span style=\"background:#f4f4f4;\">   1.   183 Laitasaaren Veto 2                                               49.33           <\/span>\n            1 Helmi Kakko                                  11.06    1.       11.06        1. \n            2 Venla Lotvonen                               14.53    1.       25.59        1. \n            3 Helmi Kakko                                  08.46    1.       34.45        1. \n            4 Venla Lotvonen                               14.48    2.       49.33        1. \n<span style=\"background:#f4f4f4;\">   2.   184 SK Pohjant\u00e4hti 1                                                 53.22    +03.49 <\/span>\n            1 Eevi Virtala                                 13.37    2.       13.37        2. \n            2 Iida Tanner                                  16.02    2.       29.39        2. \n            3 Eevi Virtala                                 10.34    2.       40.13        2. \n            4 Iida Tanner                                  13.09    1.       53.22        2. \n<span style=\"background:#f4f4f4;\">   3.   182 Laitasaaren Veto 1                                             1.14.22    +24.49 <\/span>\n            1 Ellen Lukkari                                16.23    3.       16.23        3. \n            2 Linnea Lukkari                               23.10    3.       39.33        3. \n            3 Ellen Lukkari                                14.26    3.       53.59        3. \n            4 Linnea Lukkari                               20.23    3.     1.14.22        3. \n\n<\/pre>\n\t\t\t\t\t\t\t\t<\/div>\n\t\t\t\t<\/div>\n\t\t\t\t\t<\/div>\n\t\t<\/div>\n\t\t\t\t\t<\/div>\n\t\t<\/section>\n\t\t\t\t<\/div>\n\t\t","protected":false},"excerpt":{"rendered":"<p>P-P Kompassi-viesti 3.9.2023, Pikkarala, SK Pohjant\u00e4hti H14 D14 H12 D12 H10 D10 H10S D10S H14 (1,8 + 1,8 + 1,9 + 1,9) 1. 23 SK Pohjant\u00e4hti 1 57.11 1 Heikki Sev\u00e4kivi 14.18 1. 14.18 1. 2 Inka Ryytty 13.52 2. 28.10 1. 3 Heikki Sev\u00e4kivi 16.38 2. 44.48 2. 4 Inka Ryytty 12.23 1. 57.11 [&hellip;]<\/p>\n","protected":false},"author":2,"featured_media":0,"parent":0,"menu_order":0,"comment_status":"closed","ping_status":"closed","template":"","meta":{"site-sidebar-layout":"no-sidebar","site-content-layout":"page-builder","ast-site-content-layout":"default","site-content-style":"default","site-sidebar-style":"default","ast-global-header-display":"","ast-banner-title-visibility":"","ast-main-header-display":"","ast-hfb-above-header-display":"","ast-hfb-below-header-display":"","ast-hfb-mobile-header-display":"","site-post-title":"disabled","ast-breadcrumbs-content":"","ast-featured-img":"disabled","footer-sml-layout":"","ast-disable-related-posts":"","theme-transparent-header-meta":"default","adv-header-id-meta":"","stick-header-meta":"","header-above-stick-meta":"","header-main-stick-meta":"","header-below-stick-meta":"","astra-migrate-meta-layouts":"default","ast-page-background-enabled":"default","ast-page-background-meta":{"desktop":{"background-color":"","background-image":"","background-repeat":"repeat","background-position":"center center","background-size":"auto","background-attachment":"scroll","background-type":"","background-media":"","overlay-type":"","overlay-color":"","overlay-opacity":"","overlay-gradient":""},"tablet":{"background-color":"","background-image":"","background-repeat":"repeat","background-position":"center center","background-size":"auto","background-attachment":"scroll","background-type":"","background-media":"","overlay-type":"","overlay-color":"","overlay-opacity":"","overlay-gradient":""},"mobile":{"background-color":"","background-image":"","background-repeat":"repeat","background-position":"center center","background-size":"auto","background-attachment":"scroll","background-type":"","background-media":"","overlay-type":"","overlay-color":"","overlay-opacity":"","overlay-gradient":""}},"ast-content-background-meta":{"desktop":{"background-color":"var(--ast-global-color-5)","background-image":"","background-repeat":"repeat","background-position":"center center","background-size":"auto","background-attachment":"scroll","background-type":"","background-media":"","overlay-type":"","overlay-color":"","overlay-opacity":"","overlay-gradient":""},"tablet":{"background-color":"var(--ast-global-color-5)","background-image":"","background-repeat":"repeat","background-position":"center center","background-size":"auto","background-attachment":"scroll","background-type":"","background-media":"","overlay-type":"","overlay-color":"","overlay-opacity":"","overlay-gradient":""},"mobile":{"background-color":"var(--ast-global-color-5)","background-image":"","background-repeat":"repeat","background-position":"center center","background-size":"auto","background-attachment":"scroll","background-type":"","background-media":"","overlay-type":"","overlay-color":"","overlay-opacity":"","overlay-gradient":""}},"footnotes":""},"class_list":["post-3424","page","type-page","status-publish","hentry"],"yoast_head":"<!-- This site is optimized with the Yoast SEO plugin v27.2 - https:\/\/yoast.com\/product\/yoast-seo-wordpress\/ -->\n<title>Kompassitapahtuma 2023 viesti tulokset - SK Pohjant\u00e4hti<\/title>\n<meta name=\"robots\" content=\"index, follow, max-snippet:-1, max-image-preview:large, max-video-preview:-1\" \/>\n<link rel=\"canonical\" href=\"https:\/\/skpohjantahti.fi\/index.php\/kompassitapahtuma-2023-viesti-tulokset\/\" \/>\n<meta property=\"og:locale\" content=\"fi_FI\" \/>\n<meta property=\"og:type\" content=\"article\" \/>\n<meta property=\"og:title\" content=\"Kompassitapahtuma 2023 viesti tulokset - SK Pohjant\u00e4hti\" \/>\n<meta property=\"og:description\" content=\"P-P Kompassi-viesti 3.9.2023, Pikkarala, SK Pohjant\u00e4hti H14 D14 H12 D12 H10 D10 H10S D10S H14 (1,8 + 1,8 + 1,9 + 1,9) 1. 23 SK Pohjant\u00e4hti 1 57.11 1 Heikki Sev\u00e4kivi 14.18 1. 14.18 1. 2 Inka Ryytty 13.52 2. 28.10 1. 3 Heikki Sev\u00e4kivi 16.38 2. 44.48 2. 4 Inka Ryytty 12.23 1. 57.11 [&hellip;]\" \/>\n<meta property=\"og:url\" content=\"https:\/\/skpohjantahti.fi\/index.php\/kompassitapahtuma-2023-viesti-tulokset\/\" \/>\n<meta property=\"og:site_name\" content=\"SK Pohjant\u00e4hti\" \/>\n<meta property=\"article:publisher\" content=\"https:\/\/www.facebook.com\/skpohjantahti\" \/>\n<meta property=\"article:modified_time\" content=\"2023-09-04T09:47:51+00:00\" \/>\n<meta name=\"twitter:card\" content=\"summary_large_image\" \/>\n<meta name=\"twitter:label1\" content=\"Arvioitu lukuaika\" \/>\n\t<meta name=\"twitter:data1\" content=\"1 minuutti\" \/>\n<script type=\"application\/ld+json\" class=\"yoast-schema-graph\">{\"@context\":\"https:\/\/schema.org\",\"@graph\":[{\"@type\":\"WebPage\",\"@id\":\"https:\/\/skpohjantahti.fi\/index.php\/kompassitapahtuma-2023-viesti-tulokset\/\",\"url\":\"https:\/\/skpohjantahti.fi\/index.php\/kompassitapahtuma-2023-viesti-tulokset\/\",\"name\":\"Kompassitapahtuma 2023 viesti tulokset - SK Pohjant\u00e4hti\",\"isPartOf\":{\"@id\":\"https:\/\/skpohjantahti.fi\/#website\"},\"datePublished\":\"2023-09-04T09:14:04+00:00\",\"dateModified\":\"2023-09-04T09:47:51+00:00\",\"breadcrumb\":{\"@id\":\"https:\/\/skpohjantahti.fi\/index.php\/kompassitapahtuma-2023-viesti-tulokset\/#breadcrumb\"},\"inLanguage\":\"fi\",\"potentialAction\":[{\"@type\":\"ReadAction\",\"target\":[\"https:\/\/skpohjantahti.fi\/index.php\/kompassitapahtuma-2023-viesti-tulokset\/\"]}]},{\"@type\":\"BreadcrumbList\",\"@id\":\"https:\/\/skpohjantahti.fi\/index.php\/kompassitapahtuma-2023-viesti-tulokset\/#breadcrumb\",\"itemListElement\":[{\"@type\":\"ListItem\",\"position\":1,\"name\":\"Etusivu\",\"item\":\"https:\/\/skpohjantahti.fi\/\"},{\"@type\":\"ListItem\",\"position\":2,\"name\":\"Kompassitapahtuma 2023 viesti tulokset\"}]},{\"@type\":\"WebSite\",\"@id\":\"https:\/\/skpohjantahti.fi\/#website\",\"url\":\"https:\/\/skpohjantahti.fi\/\",\"name\":\"SK Pohjant\u00e4hti\",\"description\":\"Oululainen suunnistusseura\",\"publisher\":{\"@id\":\"https:\/\/skpohjantahti.fi\/#organization\"},\"potentialAction\":[{\"@type\":\"SearchAction\",\"target\":{\"@type\":\"EntryPoint\",\"urlTemplate\":\"https:\/\/skpohjantahti.fi\/?s={search_term_string}\"},\"query-input\":{\"@type\":\"PropertyValueSpecification\",\"valueRequired\":true,\"valueName\":\"search_term_string\"}}],\"inLanguage\":\"fi\"},{\"@type\":\"Organization\",\"@id\":\"https:\/\/skpohjantahti.fi\/#organization\",\"name\":\"SK Pohjant\u00e4hti\",\"url\":\"https:\/\/skpohjantahti.fi\/\",\"logo\":{\"@type\":\"ImageObject\",\"inLanguage\":\"fi\",\"@id\":\"https:\/\/skpohjantahti.fi\/#\/schema\/logo\/image\/\",\"url\":\"https:\/\/skpohjantahti.fi\/uudet\/wp-content\/uploads\/2022\/04\/cropped-pohjantahti_log_netti_pieni.jpg\",\"contentUrl\":\"https:\/\/skpohjantahti.fi\/uudet\/wp-content\/uploads\/2022\/04\/cropped-pohjantahti_log_netti_pieni.jpg\",\"width\":198,\"height\":66,\"caption\":\"SK Pohjant\u00e4hti\"},\"image\":{\"@id\":\"https:\/\/skpohjantahti.fi\/#\/schema\/logo\/image\/\"},\"sameAs\":[\"https:\/\/www.facebook.com\/skpohjantahti\",\"https:\/\/www.instagram.com\/sk_pohjantahti\/\"]}]}<\/script>\n<!-- \/ Yoast SEO plugin. -->","yoast_head_json":{"title":"Kompassitapahtuma 2023 viesti tulokset - SK Pohjant\u00e4hti","robots":{"index":"index","follow":"follow","max-snippet":"max-snippet:-1","max-image-preview":"max-image-preview:large","max-video-preview":"max-video-preview:-1"},"canonical":"https:\/\/skpohjantahti.fi\/index.php\/kompassitapahtuma-2023-viesti-tulokset\/","og_locale":"fi_FI","og_type":"article","og_title":"Kompassitapahtuma 2023 viesti tulokset - SK Pohjant\u00e4hti","og_description":"P-P Kompassi-viesti 3.9.2023, Pikkarala, SK Pohjant\u00e4hti H14 D14 H12 D12 H10 D10 H10S D10S H14 (1,8 + 1,8 + 1,9 + 1,9) 1. 23 SK Pohjant\u00e4hti 1 57.11 1 Heikki Sev\u00e4kivi 14.18 1. 14.18 1. 2 Inka Ryytty 13.52 2. 28.10 1. 3 Heikki Sev\u00e4kivi 16.38 2. 44.48 2. 4 Inka Ryytty 12.23 1. 57.11 [&hellip;]","og_url":"https:\/\/skpohjantahti.fi\/index.php\/kompassitapahtuma-2023-viesti-tulokset\/","og_site_name":"SK Pohjant\u00e4hti","article_publisher":"https:\/\/www.facebook.com\/skpohjantahti","article_modified_time":"2023-09-04T09:47:51+00:00","twitter_card":"summary_large_image","twitter_misc":{"Arvioitu lukuaika":"1 minuutti"},"schema":{"@context":"https:\/\/schema.org","@graph":[{"@type":"WebPage","@id":"https:\/\/skpohjantahti.fi\/index.php\/kompassitapahtuma-2023-viesti-tulokset\/","url":"https:\/\/skpohjantahti.fi\/index.php\/kompassitapahtuma-2023-viesti-tulokset\/","name":"Kompassitapahtuma 2023 viesti tulokset - SK Pohjant\u00e4hti","isPartOf":{"@id":"https:\/\/skpohjantahti.fi\/#website"},"datePublished":"2023-09-04T09:14:04+00:00","dateModified":"2023-09-04T09:47:51+00:00","breadcrumb":{"@id":"https:\/\/skpohjantahti.fi\/index.php\/kompassitapahtuma-2023-viesti-tulokset\/#breadcrumb"},"inLanguage":"fi","potentialAction":[{"@type":"ReadAction","target":["https:\/\/skpohjantahti.fi\/index.php\/kompassitapahtuma-2023-viesti-tulokset\/"]}]},{"@type":"BreadcrumbList","@id":"https:\/\/skpohjantahti.fi\/index.php\/kompassitapahtuma-2023-viesti-tulokset\/#breadcrumb","itemListElement":[{"@type":"ListItem","position":1,"name":"Etusivu","item":"https:\/\/skpohjantahti.fi\/"},{"@type":"ListItem","position":2,"name":"Kompassitapahtuma 2023 viesti tulokset"}]},{"@type":"WebSite","@id":"https:\/\/skpohjantahti.fi\/#website","url":"https:\/\/skpohjantahti.fi\/","name":"SK Pohjant\u00e4hti","description":"Oululainen suunnistusseura","publisher":{"@id":"https:\/\/skpohjantahti.fi\/#organization"},"potentialAction":[{"@type":"SearchAction","target":{"@type":"EntryPoint","urlTemplate":"https:\/\/skpohjantahti.fi\/?s={search_term_string}"},"query-input":{"@type":"PropertyValueSpecification","valueRequired":true,"valueName":"search_term_string"}}],"inLanguage":"fi"},{"@type":"Organization","@id":"https:\/\/skpohjantahti.fi\/#organization","name":"SK Pohjant\u00e4hti","url":"https:\/\/skpohjantahti.fi\/","logo":{"@type":"ImageObject","inLanguage":"fi","@id":"https:\/\/skpohjantahti.fi\/#\/schema\/logo\/image\/","url":"https:\/\/skpohjantahti.fi\/uudet\/wp-content\/uploads\/2022\/04\/cropped-pohjantahti_log_netti_pieni.jpg","contentUrl":"https:\/\/skpohjantahti.fi\/uudet\/wp-content\/uploads\/2022\/04\/cropped-pohjantahti_log_netti_pieni.jpg","width":198,"height":66,"caption":"SK Pohjant\u00e4hti"},"image":{"@id":"https:\/\/skpohjantahti.fi\/#\/schema\/logo\/image\/"},"sameAs":["https:\/\/www.facebook.com\/skpohjantahti","https:\/\/www.instagram.com\/sk_pohjantahti\/"]}]}},"_links":{"self":[{"href":"https:\/\/skpohjantahti.fi\/index.php\/wp-json\/wp\/v2\/pages\/3424","targetHints":{"allow":["GET"]}}],"collection":[{"href":"https:\/\/skpohjantahti.fi\/index.php\/wp-json\/wp\/v2\/pages"}],"about":[{"href":"https:\/\/skpohjantahti.fi\/index.php\/wp-json\/wp\/v2\/types\/page"}],"author":[{"embeddable":true,"href":"https:\/\/skpohjantahti.fi\/index.php\/wp-json\/wp\/v2\/users\/2"}],"replies":[{"embeddable":true,"href":"https:\/\/skpohjantahti.fi\/index.php\/wp-json\/wp\/v2\/comments?post=3424"}],"version-history":[{"count":5,"href":"https:\/\/skpohjantahti.fi\/index.php\/wp-json\/wp\/v2\/pages\/3424\/revisions"}],"predecessor-version":[{"id":3452,"href":"https:\/\/skpohjantahti.fi\/index.php\/wp-json\/wp\/v2\/pages\/3424\/revisions\/3452"}],"wp:attachment":[{"href":"https:\/\/skpohjantahti.fi\/index.php\/wp-json\/wp\/v2\/media?parent=3424"}],"curies":[{"name":"wp","href":"https:\/\/api.w.org\/{rel}","templated":true}]}}