{"id":3621,"date":"2023-12-06T19:14:35","date_gmt":"2023-12-06T19:14:35","guid":{"rendered":"https:\/\/skpohjantahti.fi\/?page_id=3621"},"modified":"2024-01-24T07:42:08","modified_gmt":"2024-01-24T07:42:08","slug":"talvisarja","status":"publish","type":"page","link":"https:\/\/skpohjantahti.fi\/index.php\/talvisarja\/","title":{"rendered":"Talvisarja 23-24"},"content":{"rendered":"<p>Talvisarja on perinteinen Oulun alueen lumikauden suunnistussarja, jossa on tarjolla kuntoradat A\/B\/C ja osassa tapahtumia erillinen taitorata. Radat kiert\u00e4v\u00e4t lumitilanteen mukaan osin maastossa. Pahimpaan pakkasaikaan on tarjolla my\u00f6s <strong>sis\u00e4suunnistuksia<\/strong>. Talvisarjan organisoi SK Pohjant\u00e4hti ja yksitt\u00e4isi\u00e4 tapahtumia ovat tervetulleita j\u00e4rjest\u00e4m\u00e4\u00e4n my\u00f6s muut seurat (talvella -24 mukana on Riento kahdella tapahtumalla).<\/p>\n<p><strong>Ohjelma<\/strong><\/p>\n<p>Kalenteri, tapahtumien tarkat tiedot ja tulokset ovat <a href=\"https:\/\/oulurastit.info\" target=\"_blank\" rel=\"noopener\">oulurastisivuilla<\/a>.<br \/>\nN\u00e4ill\u00e4 sivuilla on\u00a0 yhteisten ohjeiden lis\u00e4ksi mahdolliset tapahtumakohtaiset laajemmat lis\u00e4tiedot (esim. sis\u00e4suunnistuksista).<\/p>\n<p><a href=\"https:\/\/skpohjantahti.fi\/index.php\/sisasuunnistus24\/\"><strong>Tammikuun sis\u00e4suunnistuksien sivu.<\/strong><\/a><\/p>\n<h3><strong>Yhteiset ohjeet<\/strong><\/h3>\n<p><strong>L\u00e4hd\u00f6t<\/strong><\/p>\n<p>Talvisarjaa juostaan p\u00e4\u00e4osin lauantaisin, l\u00e4hd\u00f6t klo 10.30-11.30. T\u00e4h\u00e4n voi olla yksitt\u00e4isi\u00e4 poikkeuksia, jolloin aikataulu ilmoitetaan tapahtuma kohtaisissa tiedoissa.<\/p>\n<p><strong>Radat<\/strong><\/p>\n<p>A: 5-7 km, B 4-5km, C 2.5-3 km (sprinttikartalla juostessa matka asettuu alarajoille). Taitorata on mukana (ennalta m\u00e4\u00e4ritellyn teeman kanssa), kun kalenteriin sopii. Lis\u00e4ksi talven aikana muutamassa tapahtumassa on lapsille oma teemarata.<br \/>\nTapahtumakohtaisesti n\u00e4ihin voi tulla poikkeuksia, joista tiedot kommenteissa.<\/p>\n<p><strong>Rastit<\/strong><\/p>\n<p>Talvisarjassa on Emit-leimaus (ja tietysti ratoja voi kiert\u00e4\u00e4 ilman ajanottoa). Maalissa on erillinen leimasin naisille ja miehille, leimaa oikeaan.<\/p>\n<p><strong>Maksut<\/strong><\/p>\n<p>Hinnat ovat: 7\u20ac aikuiset, 4\u20ac lapset, opiskelijat, el\u00e4kel\u00e4iset, ty\u00f6tt\u00f6m\u00e4t, Perheet 14 \u20ac (max. 2 aikuista, sis\u00e4lt\u00e4\u00e4 4 karttaa, lis\u00e4kartat 3 \u20ac \/ kpl).<br \/>\nLis\u00e4kartta useamman radan kiert\u00e4j\u00e4lle (esim. taito + A\/B) 3\u20ac. Laina-Emit 2\u20ac (alle 18v maksuton).<br \/>\nYksitt\u00e4isiss\u00e4 tapahtumissa saatetaan n\u00e4ist\u00e4 poiketa (jos tapahtumakohtaisia kuluja, esim. isompi kartta), jolloin t\u00e4st\u00e4 on maininta tapahtuman kommenteissa.<\/p>\n<p>Maksutavat, katso tapahtumakohtaisista tiedoista.<br \/>\nPaitsi SK Pohjant\u00e4hdelle p\u00e4tee:<br \/>\n-pankki FI 70 5741 3620 4424 56 (viite 2833),<br \/>\n-smartum etc s\u00e4hk\u00f6iset (jos l\u00f6ytyy SK Pohjant\u00e4hti),<br \/>\n-k\u00e4teinen (toiveena tasaraha).<br \/>\n-eSKon junnut ja valmennusryhm\u00e4l\u00e4iset juoksevat ilmaiseksi<br \/>\nMaksuissa aikuisille on &#8217;VANHENEVAT SMARTUMIT K\u00c4YTT\u00d6\u00d6N&#8217;-kampanja (eli halukkaat voivat ostaa sarjalippuja):<br \/>\n-5-9 lippua 6\u20ac\/kpl (eli minimiostos 30\u20ac)<br \/>\n-10 lippua 55\u20ac (ja t\u00e4h\u00e4n p\u00e4\u00e4lle jos viel\u00e4 haluatte lis\u00e4\u00e4, 5\u20ac\/kpl)<br \/>\n-ostaessasi ilmoita m\u00e4\u00e4r\u00e4 ja liit\u00e4 maksukuitti s\u00e4hk\u00f6postiin: panu.hyvonen (at) gmail.com<br \/>\n-voi ostaa 6.1. asti (ja tietysti mik\u00e4 tahansa maksutapa k\u00e4y:)<br \/>\n-jos maksat sarjalipulla, ilmoita karttaa ottaessa nimesi.<br \/>\n<a href=\"http:\/\/skpohjantahti.fi\/talvisarja\/2024\/sarjaliput2324.pdf\" target=\"_blank\" rel=\"noopener\">Sarjalippujen k\u00e4ytt\u00f6tilanne t\u00e4\u00e4ll\u00e4<\/a><\/p>\n<p><strong>Muuta<\/strong><br \/>\nTapahtumissa juostaan korttelialueella, eth\u00e4n mene kielletyille alueille! (linkki: SSL kielletyt kohteet)<br \/>\nEnnakkoilmoittautuminen tarvitaan osassa tapahtumista (ainakin tammikuun puolen sis\u00e4suunnistukset), katso tapahtumakohtaiset ohjeet.<br \/>\nPakkasraja on (ratamestarista riippuen) 17-20 astetta, tiedotus tapahtumakommenttien kautta. Eli jos liikutaan n\u00e4ill\u00e4 rajoilla, tarkasta kommentit ennen kuin l\u00e4hdet suunnistamaan.<\/p>\n<p><a href=\"https:\/\/skpohjantahti.fi\/index.php\/talvisarja-24-jarjestelyohje\/\">J\u00e4rjestelyohje<\/a><\/p>\n<p><a href=\"https:\/\/skpohjantahti.fi\/index.php\/talvisarja22-23\/\">Talvisarja 22-23<\/a><\/p>\n","protected":false},"excerpt":{"rendered":"<p>Talvisarja on perinteinen Oulun alueen lumikauden suunnistussarja, jossa on tarjolla kuntoradat A\/B\/C ja osassa tapahtumia erillinen taitorata. Radat kiert\u00e4v\u00e4t lumitilanteen mukaan osin maastossa. Pahimpaan pakkasaikaan on tarjolla my\u00f6s sis\u00e4suunnistuksia. Talvisarjan organisoi SK Pohjant\u00e4hti ja yksitt\u00e4isi\u00e4 tapahtumia ovat tervetulleita j\u00e4rjest\u00e4m\u00e4\u00e4n my\u00f6s muut seurat (talvella -24 mukana on Riento kahdella tapahtumalla). Ohjelma Kalenteri, tapahtumien tarkat tiedot ja [&hellip;]<\/p>\n","protected":false},"author":2,"featured_media":0,"parent":0,"menu_order":0,"comment_status":"closed","ping_status":"closed","template":"","meta":{"site-sidebar-layout":"default","site-content-layout":"default","ast-site-content-layout":"default","site-content-style":"default","site-sidebar-style":"default","ast-global-header-display":"","ast-banner-title-visibility":"","ast-main-header-display":"","ast-hfb-above-header-display":"","ast-hfb-below-header-display":"","ast-hfb-mobile-header-display":"","site-post-title":"","ast-breadcrumbs-content":"","ast-featured-img":"","footer-sml-layout":"","ast-disable-related-posts":"","theme-transparent-header-meta":"default","adv-header-id-meta":"","stick-header-meta":"","header-above-stick-meta":"","header-main-stick-meta":"","header-below-stick-meta":"","astra-migrate-meta-layouts":"default","ast-page-background-enabled":"default","ast-page-background-meta":{"desktop":{"background-color":"","background-image":"","background-repeat":"repeat","background-position":"center center","background-size":"auto","background-attachment":"scroll","background-type":"","background-media":"","overlay-type":"","overlay-color":"","overlay-opacity":"","overlay-gradient":""},"tablet":{"background-color":"","background-image":"","background-repeat":"repeat","background-position":"center center","background-size":"auto","background-attachment":"scroll","background-type":"","background-media":"","overlay-type":"","overlay-color":"","overlay-opacity":"","overlay-gradient":""},"mobile":{"background-color":"","background-image":"","background-repeat":"repeat","background-position":"center center","background-size":"auto","background-attachment":"scroll","background-type":"","background-media":"","overlay-type":"","overlay-color":"","overlay-opacity":"","overlay-gradient":""}},"ast-content-background-meta":{"desktop":{"background-color":"var(--ast-global-color-5)","background-image":"","background-repeat":"repeat","background-position":"center center","background-size":"auto","background-attachment":"scroll","background-type":"","background-media":"","overlay-type":"","overlay-color":"","overlay-opacity":"","overlay-gradient":""},"tablet":{"background-color":"var(--ast-global-color-5)","background-image":"","background-repeat":"repeat","background-position":"center center","background-size":"auto","background-attachment":"scroll","background-type":"","background-media":"","overlay-type":"","overlay-color":"","overlay-opacity":"","overlay-gradient":""},"mobile":{"background-color":"var(--ast-global-color-5)","background-image":"","background-repeat":"repeat","background-position":"center center","background-size":"auto","background-attachment":"scroll","background-type":"","background-media":"","overlay-type":"","overlay-color":"","overlay-opacity":"","overlay-gradient":""}},"footnotes":""},"class_list":["post-3621","page","type-page","status-publish","hentry"],"yoast_head":"<!-- This site is optimized with the Yoast SEO plugin v27.5 - https:\/\/yoast.com\/product\/yoast-seo-wordpress\/ -->\n<title>Talvisarja 23-24 - SK Pohjant\u00e4hti<\/title>\n<meta name=\"robots\" content=\"index, follow, max-snippet:-1, max-image-preview:large, max-video-preview:-1\" \/>\n<link rel=\"canonical\" href=\"https:\/\/skpohjantahti.fi\/index.php\/talvisarja\/\" \/>\n<meta property=\"og:locale\" content=\"fi_FI\" \/>\n<meta property=\"og:type\" content=\"article\" \/>\n<meta property=\"og:title\" content=\"Talvisarja 23-24 - SK Pohjant\u00e4hti\" \/>\n<meta property=\"og:description\" content=\"Talvisarja on perinteinen Oulun alueen lumikauden suunnistussarja, jossa on tarjolla kuntoradat A\/B\/C ja osassa tapahtumia erillinen taitorata. Radat kiert\u00e4v\u00e4t lumitilanteen mukaan osin maastossa. Pahimpaan pakkasaikaan on tarjolla my\u00f6s sis\u00e4suunnistuksia. Talvisarjan organisoi SK Pohjant\u00e4hti ja yksitt\u00e4isi\u00e4 tapahtumia ovat tervetulleita j\u00e4rjest\u00e4m\u00e4\u00e4n my\u00f6s muut seurat (talvella -24 mukana on Riento kahdella tapahtumalla). Ohjelma Kalenteri, tapahtumien tarkat tiedot ja [&hellip;]\" \/>\n<meta property=\"og:url\" content=\"https:\/\/skpohjantahti.fi\/index.php\/talvisarja\/\" \/>\n<meta property=\"og:site_name\" content=\"SK Pohjant\u00e4hti\" \/>\n<meta property=\"article:publisher\" content=\"https:\/\/www.facebook.com\/skpohjantahti\" \/>\n<meta property=\"article:modified_time\" content=\"2024-01-24T07:42:08+00:00\" \/>\n<meta name=\"twitter:card\" content=\"summary_large_image\" \/>\n<meta name=\"twitter:label1\" content=\"Arvioitu lukuaika\" \/>\n\t<meta name=\"twitter:data1\" content=\"2 minuuttia\" \/>\n<script type=\"application\/ld+json\" class=\"yoast-schema-graph\">{\"@context\":\"https:\\\/\\\/schema.org\",\"@graph\":[{\"@type\":\"WebPage\",\"@id\":\"https:\\\/\\\/skpohjantahti.fi\\\/index.php\\\/talvisarja\\\/\",\"url\":\"https:\\\/\\\/skpohjantahti.fi\\\/index.php\\\/talvisarja\\\/\",\"name\":\"Talvisarja 23-24 - SK Pohjant\u00e4hti\",\"isPartOf\":{\"@id\":\"https:\\\/\\\/skpohjantahti.fi\\\/#website\"},\"datePublished\":\"2023-12-06T19:14:35+00:00\",\"dateModified\":\"2024-01-24T07:42:08+00:00\",\"breadcrumb\":{\"@id\":\"https:\\\/\\\/skpohjantahti.fi\\\/index.php\\\/talvisarja\\\/#breadcrumb\"},\"inLanguage\":\"fi\",\"potentialAction\":[{\"@type\":\"ReadAction\",\"target\":[\"https:\\\/\\\/skpohjantahti.fi\\\/index.php\\\/talvisarja\\\/\"]}]},{\"@type\":\"BreadcrumbList\",\"@id\":\"https:\\\/\\\/skpohjantahti.fi\\\/index.php\\\/talvisarja\\\/#breadcrumb\",\"itemListElement\":[{\"@type\":\"ListItem\",\"position\":1,\"name\":\"Etusivu\",\"item\":\"https:\\\/\\\/skpohjantahti.fi\\\/\"},{\"@type\":\"ListItem\",\"position\":2,\"name\":\"Talvisarja 23-24\"}]},{\"@type\":\"WebSite\",\"@id\":\"https:\\\/\\\/skpohjantahti.fi\\\/#website\",\"url\":\"https:\\\/\\\/skpohjantahti.fi\\\/\",\"name\":\"SK Pohjant\u00e4hti\",\"description\":\"Oululainen suunnistusseura\",\"publisher\":{\"@id\":\"https:\\\/\\\/skpohjantahti.fi\\\/#organization\"},\"potentialAction\":[{\"@type\":\"SearchAction\",\"target\":{\"@type\":\"EntryPoint\",\"urlTemplate\":\"https:\\\/\\\/skpohjantahti.fi\\\/?s={search_term_string}\"},\"query-input\":{\"@type\":\"PropertyValueSpecification\",\"valueRequired\":true,\"valueName\":\"search_term_string\"}}],\"inLanguage\":\"fi\"},{\"@type\":\"Organization\",\"@id\":\"https:\\\/\\\/skpohjantahti.fi\\\/#organization\",\"name\":\"SK Pohjant\u00e4hti\",\"url\":\"https:\\\/\\\/skpohjantahti.fi\\\/\",\"logo\":{\"@type\":\"ImageObject\",\"inLanguage\":\"fi\",\"@id\":\"https:\\\/\\\/skpohjantahti.fi\\\/#\\\/schema\\\/logo\\\/image\\\/\",\"url\":\"https:\\\/\\\/skpohjantahti.fi\\\/uudet\\\/wp-content\\\/uploads\\\/2022\\\/04\\\/cropped-pohjantahti_log_netti_pieni.jpg\",\"contentUrl\":\"https:\\\/\\\/skpohjantahti.fi\\\/uudet\\\/wp-content\\\/uploads\\\/2022\\\/04\\\/cropped-pohjantahti_log_netti_pieni.jpg\",\"width\":198,\"height\":66,\"caption\":\"SK Pohjant\u00e4hti\"},\"image\":{\"@id\":\"https:\\\/\\\/skpohjantahti.fi\\\/#\\\/schema\\\/logo\\\/image\\\/\"},\"sameAs\":[\"https:\\\/\\\/www.facebook.com\\\/skpohjantahti\",\"https:\\\/\\\/www.instagram.com\\\/sk_pohjantahti\\\/\"]}]}<\/script>\n<!-- \/ Yoast SEO plugin. -->","yoast_head_json":{"title":"Talvisarja 23-24 - SK Pohjant\u00e4hti","robots":{"index":"index","follow":"follow","max-snippet":"max-snippet:-1","max-image-preview":"max-image-preview:large","max-video-preview":"max-video-preview:-1"},"canonical":"https:\/\/skpohjantahti.fi\/index.php\/talvisarja\/","og_locale":"fi_FI","og_type":"article","og_title":"Talvisarja 23-24 - SK Pohjant\u00e4hti","og_description":"Talvisarja on perinteinen Oulun alueen lumikauden suunnistussarja, jossa on tarjolla kuntoradat A\/B\/C ja osassa tapahtumia erillinen taitorata. Radat kiert\u00e4v\u00e4t lumitilanteen mukaan osin maastossa. Pahimpaan pakkasaikaan on tarjolla my\u00f6s sis\u00e4suunnistuksia. Talvisarjan organisoi SK Pohjant\u00e4hti ja yksitt\u00e4isi\u00e4 tapahtumia ovat tervetulleita j\u00e4rjest\u00e4m\u00e4\u00e4n my\u00f6s muut seurat (talvella -24 mukana on Riento kahdella tapahtumalla). Ohjelma Kalenteri, tapahtumien tarkat tiedot ja [&hellip;]","og_url":"https:\/\/skpohjantahti.fi\/index.php\/talvisarja\/","og_site_name":"SK Pohjant\u00e4hti","article_publisher":"https:\/\/www.facebook.com\/skpohjantahti","article_modified_time":"2024-01-24T07:42:08+00:00","twitter_card":"summary_large_image","twitter_misc":{"Arvioitu lukuaika":"2 minuuttia"},"schema":{"@context":"https:\/\/schema.org","@graph":[{"@type":"WebPage","@id":"https:\/\/skpohjantahti.fi\/index.php\/talvisarja\/","url":"https:\/\/skpohjantahti.fi\/index.php\/talvisarja\/","name":"Talvisarja 23-24 - SK Pohjant\u00e4hti","isPartOf":{"@id":"https:\/\/skpohjantahti.fi\/#website"},"datePublished":"2023-12-06T19:14:35+00:00","dateModified":"2024-01-24T07:42:08+00:00","breadcrumb":{"@id":"https:\/\/skpohjantahti.fi\/index.php\/talvisarja\/#breadcrumb"},"inLanguage":"fi","potentialAction":[{"@type":"ReadAction","target":["https:\/\/skpohjantahti.fi\/index.php\/talvisarja\/"]}]},{"@type":"BreadcrumbList","@id":"https:\/\/skpohjantahti.fi\/index.php\/talvisarja\/#breadcrumb","itemListElement":[{"@type":"ListItem","position":1,"name":"Etusivu","item":"https:\/\/skpohjantahti.fi\/"},{"@type":"ListItem","position":2,"name":"Talvisarja 23-24"}]},{"@type":"WebSite","@id":"https:\/\/skpohjantahti.fi\/#website","url":"https:\/\/skpohjantahti.fi\/","name":"SK Pohjant\u00e4hti","description":"Oululainen suunnistusseura","publisher":{"@id":"https:\/\/skpohjantahti.fi\/#organization"},"potentialAction":[{"@type":"SearchAction","target":{"@type":"EntryPoint","urlTemplate":"https:\/\/skpohjantahti.fi\/?s={search_term_string}"},"query-input":{"@type":"PropertyValueSpecification","valueRequired":true,"valueName":"search_term_string"}}],"inLanguage":"fi"},{"@type":"Organization","@id":"https:\/\/skpohjantahti.fi\/#organization","name":"SK Pohjant\u00e4hti","url":"https:\/\/skpohjantahti.fi\/","logo":{"@type":"ImageObject","inLanguage":"fi","@id":"https:\/\/skpohjantahti.fi\/#\/schema\/logo\/image\/","url":"https:\/\/skpohjantahti.fi\/uudet\/wp-content\/uploads\/2022\/04\/cropped-pohjantahti_log_netti_pieni.jpg","contentUrl":"https:\/\/skpohjantahti.fi\/uudet\/wp-content\/uploads\/2022\/04\/cropped-pohjantahti_log_netti_pieni.jpg","width":198,"height":66,"caption":"SK Pohjant\u00e4hti"},"image":{"@id":"https:\/\/skpohjantahti.fi\/#\/schema\/logo\/image\/"},"sameAs":["https:\/\/www.facebook.com\/skpohjantahti","https:\/\/www.instagram.com\/sk_pohjantahti\/"]}]}},"_links":{"self":[{"href":"https:\/\/skpohjantahti.fi\/index.php\/wp-json\/wp\/v2\/pages\/3621","targetHints":{"allow":["GET"]}}],"collection":[{"href":"https:\/\/skpohjantahti.fi\/index.php\/wp-json\/wp\/v2\/pages"}],"about":[{"href":"https:\/\/skpohjantahti.fi\/index.php\/wp-json\/wp\/v2\/types\/page"}],"author":[{"embeddable":true,"href":"https:\/\/skpohjantahti.fi\/index.php\/wp-json\/wp\/v2\/users\/2"}],"replies":[{"embeddable":true,"href":"https:\/\/skpohjantahti.fi\/index.php\/wp-json\/wp\/v2\/comments?post=3621"}],"version-history":[{"count":23,"href":"https:\/\/skpohjantahti.fi\/index.php\/wp-json\/wp\/v2\/pages\/3621\/revisions"}],"predecessor-version":[{"id":3779,"href":"https:\/\/skpohjantahti.fi\/index.php\/wp-json\/wp\/v2\/pages\/3621\/revisions\/3779"}],"wp:attachment":[{"href":"https:\/\/skpohjantahti.fi\/index.php\/wp-json\/wp\/v2\/media?parent=3621"}],"curies":[{"name":"wp","href":"https:\/\/api.w.org\/{rel}","templated":true}]}}