{"id":3684,"date":"2023-12-20T14:32:52","date_gmt":"2023-12-20T14:32:52","guid":{"rendered":"https:\/\/skpohjantahti.fi\/?page_id=3684"},"modified":"2024-01-05T12:07:08","modified_gmt":"2024-01-05T12:07:08","slug":"3684-2","status":"publish","type":"page","link":"https:\/\/skpohjantahti.fi\/index.php\/3684-2\/","title":{"rendered":"Linnakangastalo 7.1.2024"},"content":{"rendered":"<p>Tapahtumakohtaiset ohjeet <span data-contrast=\"auto\">(kartta alla)<\/span><\/p>\n<p><strong>Viimeiset ohjeet\/p\u00e4ivitykset (t\u00e4ydentyy, ei haitta vaikka katsot viel\u00e4 su-aamuna)<\/strong>:<br \/>\n-Maalissa eri leimasimet: Miehet, Naiset, leimaa oikeassa!<br \/>\n-Kartan koko A3<br \/>\n-J\u00e4lki-ilmoittautuminen aukeaa klo 10, varakarttoja riitt\u00e4\u00e4 (2\u20ac lis\u00e4maksu)<\/p>\n<p><a href=\"https:\/\/skpohjantahti.fi\/index.php\/sisasuunnistus24\/\">Sis\u00e4suunnistuksien yhteiset ohjeet<\/a><\/p>\n<p><strong>L\u00e4hd\u00f6t:<\/strong> 10.30 &#8211; n. 11.30 (l\u00e4hetet\u00e4\u00e4n max 4 minuutissa, l\u00e4ht\u00f6v\u00e4li minuutti). Muista ennakkoilmoittautua ja tarkastaa l\u00e4ht\u00f6aika. J\u00e4lki-ilmoittautua voi paikan p\u00e4\u00e4ll\u00e4 alkaen klo 10, 2\u20ac lis\u00e4maksu.<\/p>\n<p><span data-contrast=\"auto\"><strong>Paikka<\/strong>: Linnakangastalo, Linnakaarto 20, Kempele.\u00a0 Parkkeeraus talon parkkipaikoille. Tahkosel\u00e4ntien toisella puolella oleva uusi alue on my\u00f6s k\u00e4yt\u00f6ss\u00e4. My\u00f6s \u201dvarattu\u201d -paikoille saa j\u00e4tt\u00e4\u00e4 auton.<\/span><span data-ccp-props=\"{&quot;201341983&quot;:0,&quot;335559739&quot;:160,&quot;335559740&quot;:240}\"><br \/>\n<\/span><\/p>\n<p><span data-contrast=\"auto\"><strong>Sis\u00e4\u00e4ntulo<\/strong>: ovesta B2 (Tahkosel\u00e4ntien puoli), pukeutuminen aulassa, suihkut eiv\u00e4t ole k\u00e4yt\u00f6ss\u00e4, WC:t on, verryttely ulkona.<br \/>\n<\/span><\/p>\n<p><span data-ccp-props=\"{&quot;201341983&quot;:0,&quot;335559739&quot;:160,&quot;335559740&quot;:240}\"><strong>Kartta<\/strong>: 1:600, Petri Karjalainen (mallipala yhteisiss\u00e4 ohjeissa)<br \/>\n<\/span><\/p>\n<p><span data-contrast=\"auto\"><strong>Radat<\/strong>: (ratamestari Timo Karppinen, apuna Petri Karjalainen)<br \/>\n<\/span><span data-contrast=\"auto\">AM: 27 rastia, <\/span><span data-contrast=\"none\">vaativa<\/span><span data-contrast=\"auto\">\u00a0<\/span><span data-ccp-props=\"{&quot;201341983&quot;:0,&quot;335559739&quot;:160,&quot;335559740&quot;:240}\"><br \/>\n<\/span><span data-contrast=\"auto\">AN: 24 rastia, <\/span><span data-contrast=\"none\">vaativa<\/span><span data-ccp-props=\"{&quot;201341983&quot;:0,&quot;335559739&quot;:160,&quot;335559740&quot;:240}\"><br \/>\n<\/span><span data-contrast=\"none\">BM: 18 rastia, keskivaativa<\/span><span data-ccp-props=\"{&quot;201341983&quot;:0,&quot;335559739&quot;:160,&quot;335559740&quot;:240}\"><br \/>\n<\/span><span data-contrast=\"none\">BN: 17 rastia, keskivaativa<\/span><span data-ccp-props=\"{&quot;201341983&quot;:0,&quot;335559739&quot;:160,&quot;335559740&quot;:240}\"><br \/>\n<\/span><span data-contrast=\"none\">C: 14 rastia, helpohko<\/span><span data-ccp-props=\"{&quot;201341983&quot;:0,&quot;335559739&quot;:160,&quot;335559740&quot;:240}\"><br \/>\n<\/span><span data-contrast=\"none\">Matkat: AM: 2,3 km, C: 1,2 km, muut radat noiden v\u00e4list\u00e4.<\/span><span data-ccp-props=\"{&quot;201341983&quot;:0,&quot;335559739&quot;:160,&quot;335559740&quot;:240}\">\u00a0<\/span><\/p>\n<p><strong>Maali<\/strong>: eri leimasimet: Miehet, Naiset, leimaa oikeassa!<\/p>\n<p><strong>Muuta<\/strong>: sis\u00e4tilaa on rajatusti, joten tulkaa &#8217;sopivasti&#8217; juuri ajoissa ja nopeiden j\u00e4lkipelien p\u00e4\u00e4lle poistukaa rivakasti.<br \/>\n<img decoding=\"async\" class=\"alignnone size-full wp-image-3693\" src=\"https:\/\/skpohjantahti.fi\/uudet\/wp-content\/uploads\/2023\/12\/linnakangas_kilpailukeskuskartta.jpg\" alt=\"\" \/><\/p>\n","protected":false},"excerpt":{"rendered":"<p>Tapahtumakohtaiset ohjeet (kartta alla) Viimeiset ohjeet\/p\u00e4ivitykset (t\u00e4ydentyy, ei haitta vaikka katsot viel\u00e4 su-aamuna): -Maalissa eri leimasimet: Miehet, Naiset, leimaa oikeassa! -Kartan koko A3 -J\u00e4lki-ilmoittautuminen aukeaa klo 10, varakarttoja riitt\u00e4\u00e4 (2\u20ac lis\u00e4maksu) Sis\u00e4suunnistuksien yhteiset ohjeet L\u00e4hd\u00f6t: 10.30 &#8211; n. 11.30 (l\u00e4hetet\u00e4\u00e4n max 4 minuutissa, l\u00e4ht\u00f6v\u00e4li minuutti). Muista ennakkoilmoittautua ja tarkastaa l\u00e4ht\u00f6aika. J\u00e4lki-ilmoittautua voi paikan p\u00e4\u00e4ll\u00e4 alkaen [&hellip;]<\/p>\n","protected":false},"author":2,"featured_media":0,"parent":0,"menu_order":0,"comment_status":"closed","ping_status":"closed","template":"","meta":{"site-sidebar-layout":"default","site-content-layout":"default","ast-site-content-layout":"default","site-content-style":"default","site-sidebar-style":"default","ast-global-header-display":"","ast-banner-title-visibility":"","ast-main-header-display":"","ast-hfb-above-header-display":"","ast-hfb-below-header-display":"","ast-hfb-mobile-header-display":"","site-post-title":"","ast-breadcrumbs-content":"","ast-featured-img":"","footer-sml-layout":"","ast-disable-related-posts":"","theme-transparent-header-meta":"default","adv-header-id-meta":"","stick-header-meta":"","header-above-stick-meta":"","header-main-stick-meta":"","header-below-stick-meta":"","astra-migrate-meta-layouts":"default","ast-page-background-enabled":"default","ast-page-background-meta":{"desktop":{"background-color":"","background-image":"","background-repeat":"repeat","background-position":"center center","background-size":"auto","background-attachment":"scroll","background-type":"","background-media":"","overlay-type":"","overlay-color":"","overlay-opacity":"","overlay-gradient":""},"tablet":{"background-color":"","background-image":"","background-repeat":"repeat","background-position":"center center","background-size":"auto","background-attachment":"scroll","background-type":"","background-media":"","overlay-type":"","overlay-color":"","overlay-opacity":"","overlay-gradient":""},"mobile":{"background-color":"","background-image":"","background-repeat":"repeat","background-position":"center center","background-size":"auto","background-attachment":"scroll","background-type":"","background-media":"","overlay-type":"","overlay-color":"","overlay-opacity":"","overlay-gradient":""}},"ast-content-background-meta":{"desktop":{"background-color":"var(--ast-global-color-5)","background-image":"","background-repeat":"repeat","background-position":"center center","background-size":"auto","background-attachment":"scroll","background-type":"","background-media":"","overlay-type":"","overlay-color":"","overlay-opacity":"","overlay-gradient":""},"tablet":{"background-color":"var(--ast-global-color-5)","background-image":"","background-repeat":"repeat","background-position":"center center","background-size":"auto","background-attachment":"scroll","background-type":"","background-media":"","overlay-type":"","overlay-color":"","overlay-opacity":"","overlay-gradient":""},"mobile":{"background-color":"var(--ast-global-color-5)","background-image":"","background-repeat":"repeat","background-position":"center center","background-size":"auto","background-attachment":"scroll","background-type":"","background-media":"","overlay-type":"","overlay-color":"","overlay-opacity":"","overlay-gradient":""}},"footnotes":""},"class_list":["post-3684","page","type-page","status-publish","hentry"],"yoast_head":"<!-- This site is optimized with the Yoast SEO plugin v27.2 - https:\/\/yoast.com\/product\/yoast-seo-wordpress\/ -->\n<title>Linnakangastalo 7.1.2024 - SK Pohjant\u00e4hti<\/title>\n<meta name=\"robots\" content=\"index, follow, max-snippet:-1, max-image-preview:large, max-video-preview:-1\" \/>\n<link rel=\"canonical\" href=\"https:\/\/skpohjantahti.fi\/index.php\/3684-2\/\" \/>\n<meta property=\"og:locale\" content=\"fi_FI\" \/>\n<meta property=\"og:type\" content=\"article\" \/>\n<meta property=\"og:title\" content=\"Linnakangastalo 7.1.2024 - SK Pohjant\u00e4hti\" \/>\n<meta property=\"og:description\" content=\"Tapahtumakohtaiset ohjeet (kartta alla) Viimeiset ohjeet\/p\u00e4ivitykset (t\u00e4ydentyy, ei haitta vaikka katsot viel\u00e4 su-aamuna): -Maalissa eri leimasimet: Miehet, Naiset, leimaa oikeassa! -Kartan koko A3 -J\u00e4lki-ilmoittautuminen aukeaa klo 10, varakarttoja riitt\u00e4\u00e4 (2\u20ac lis\u00e4maksu) Sis\u00e4suunnistuksien yhteiset ohjeet L\u00e4hd\u00f6t: 10.30 &#8211; n. 11.30 (l\u00e4hetet\u00e4\u00e4n max 4 minuutissa, l\u00e4ht\u00f6v\u00e4li minuutti). Muista ennakkoilmoittautua ja tarkastaa l\u00e4ht\u00f6aika. J\u00e4lki-ilmoittautua voi paikan p\u00e4\u00e4ll\u00e4 alkaen [&hellip;]\" \/>\n<meta property=\"og:url\" content=\"https:\/\/skpohjantahti.fi\/index.php\/3684-2\/\" \/>\n<meta property=\"og:site_name\" content=\"SK Pohjant\u00e4hti\" \/>\n<meta property=\"article:publisher\" content=\"https:\/\/www.facebook.com\/skpohjantahti\" \/>\n<meta property=\"article:modified_time\" content=\"2024-01-05T12:07:08+00:00\" \/>\n<meta property=\"og:image\" content=\"https:\/\/skpohjantahti.fi\/uudet\/wp-content\/uploads\/2023\/12\/linnakangas_kilpailukeskuskartta.jpg\" \/>\n<meta name=\"twitter:card\" content=\"summary_large_image\" \/>\n<meta name=\"twitter:label1\" content=\"Arvioitu lukuaika\" \/>\n\t<meta name=\"twitter:data1\" content=\"1 minuutti\" \/>\n<script type=\"application\/ld+json\" class=\"yoast-schema-graph\">{\"@context\":\"https:\/\/schema.org\",\"@graph\":[{\"@type\":\"WebPage\",\"@id\":\"https:\/\/skpohjantahti.fi\/index.php\/3684-2\/\",\"url\":\"https:\/\/skpohjantahti.fi\/index.php\/3684-2\/\",\"name\":\"Linnakangastalo 7.1.2024 - SK Pohjant\u00e4hti\",\"isPartOf\":{\"@id\":\"https:\/\/skpohjantahti.fi\/#website\"},\"primaryImageOfPage\":{\"@id\":\"https:\/\/skpohjantahti.fi\/index.php\/3684-2\/#primaryimage\"},\"image\":{\"@id\":\"https:\/\/skpohjantahti.fi\/index.php\/3684-2\/#primaryimage\"},\"thumbnailUrl\":\"https:\/\/skpohjantahti.fi\/uudet\/wp-content\/uploads\/2023\/12\/linnakangas_kilpailukeskuskartta.jpg\",\"datePublished\":\"2023-12-20T14:32:52+00:00\",\"dateModified\":\"2024-01-05T12:07:08+00:00\",\"breadcrumb\":{\"@id\":\"https:\/\/skpohjantahti.fi\/index.php\/3684-2\/#breadcrumb\"},\"inLanguage\":\"fi\",\"potentialAction\":[{\"@type\":\"ReadAction\",\"target\":[\"https:\/\/skpohjantahti.fi\/index.php\/3684-2\/\"]}]},{\"@type\":\"ImageObject\",\"inLanguage\":\"fi\",\"@id\":\"https:\/\/skpohjantahti.fi\/index.php\/3684-2\/#primaryimage\",\"url\":\"https:\/\/skpohjantahti.fi\/uudet\/wp-content\/uploads\/2023\/12\/linnakangas_kilpailukeskuskartta.jpg\",\"contentUrl\":\"https:\/\/skpohjantahti.fi\/uudet\/wp-content\/uploads\/2023\/12\/linnakangas_kilpailukeskuskartta.jpg\"},{\"@type\":\"BreadcrumbList\",\"@id\":\"https:\/\/skpohjantahti.fi\/index.php\/3684-2\/#breadcrumb\",\"itemListElement\":[{\"@type\":\"ListItem\",\"position\":1,\"name\":\"Etusivu\",\"item\":\"https:\/\/skpohjantahti.fi\/\"},{\"@type\":\"ListItem\",\"position\":2,\"name\":\"Linnakangastalo 7.1.2024\"}]},{\"@type\":\"WebSite\",\"@id\":\"https:\/\/skpohjantahti.fi\/#website\",\"url\":\"https:\/\/skpohjantahti.fi\/\",\"name\":\"SK Pohjant\u00e4hti\",\"description\":\"Oululainen suunnistusseura\",\"publisher\":{\"@id\":\"https:\/\/skpohjantahti.fi\/#organization\"},\"potentialAction\":[{\"@type\":\"SearchAction\",\"target\":{\"@type\":\"EntryPoint\",\"urlTemplate\":\"https:\/\/skpohjantahti.fi\/?s={search_term_string}\"},\"query-input\":{\"@type\":\"PropertyValueSpecification\",\"valueRequired\":true,\"valueName\":\"search_term_string\"}}],\"inLanguage\":\"fi\"},{\"@type\":\"Organization\",\"@id\":\"https:\/\/skpohjantahti.fi\/#organization\",\"name\":\"SK Pohjant\u00e4hti\",\"url\":\"https:\/\/skpohjantahti.fi\/\",\"logo\":{\"@type\":\"ImageObject\",\"inLanguage\":\"fi\",\"@id\":\"https:\/\/skpohjantahti.fi\/#\/schema\/logo\/image\/\",\"url\":\"https:\/\/skpohjantahti.fi\/uudet\/wp-content\/uploads\/2022\/04\/cropped-pohjantahti_log_netti_pieni.jpg\",\"contentUrl\":\"https:\/\/skpohjantahti.fi\/uudet\/wp-content\/uploads\/2022\/04\/cropped-pohjantahti_log_netti_pieni.jpg\",\"width\":198,\"height\":66,\"caption\":\"SK Pohjant\u00e4hti\"},\"image\":{\"@id\":\"https:\/\/skpohjantahti.fi\/#\/schema\/logo\/image\/\"},\"sameAs\":[\"https:\/\/www.facebook.com\/skpohjantahti\",\"https:\/\/www.instagram.com\/sk_pohjantahti\/\"]}]}<\/script>\n<!-- \/ Yoast SEO plugin. -->","yoast_head_json":{"title":"Linnakangastalo 7.1.2024 - SK Pohjant\u00e4hti","robots":{"index":"index","follow":"follow","max-snippet":"max-snippet:-1","max-image-preview":"max-image-preview:large","max-video-preview":"max-video-preview:-1"},"canonical":"https:\/\/skpohjantahti.fi\/index.php\/3684-2\/","og_locale":"fi_FI","og_type":"article","og_title":"Linnakangastalo 7.1.2024 - SK Pohjant\u00e4hti","og_description":"Tapahtumakohtaiset ohjeet (kartta alla) Viimeiset ohjeet\/p\u00e4ivitykset (t\u00e4ydentyy, ei haitta vaikka katsot viel\u00e4 su-aamuna): -Maalissa eri leimasimet: Miehet, Naiset, leimaa oikeassa! -Kartan koko A3 -J\u00e4lki-ilmoittautuminen aukeaa klo 10, varakarttoja riitt\u00e4\u00e4 (2\u20ac lis\u00e4maksu) Sis\u00e4suunnistuksien yhteiset ohjeet L\u00e4hd\u00f6t: 10.30 &#8211; n. 11.30 (l\u00e4hetet\u00e4\u00e4n max 4 minuutissa, l\u00e4ht\u00f6v\u00e4li minuutti). Muista ennakkoilmoittautua ja tarkastaa l\u00e4ht\u00f6aika. J\u00e4lki-ilmoittautua voi paikan p\u00e4\u00e4ll\u00e4 alkaen [&hellip;]","og_url":"https:\/\/skpohjantahti.fi\/index.php\/3684-2\/","og_site_name":"SK Pohjant\u00e4hti","article_publisher":"https:\/\/www.facebook.com\/skpohjantahti","article_modified_time":"2024-01-05T12:07:08+00:00","og_image":[{"url":"https:\/\/skpohjantahti.fi\/uudet\/wp-content\/uploads\/2023\/12\/linnakangas_kilpailukeskuskartta.jpg","type":"","width":"","height":""}],"twitter_card":"summary_large_image","twitter_misc":{"Arvioitu lukuaika":"1 minuutti"},"schema":{"@context":"https:\/\/schema.org","@graph":[{"@type":"WebPage","@id":"https:\/\/skpohjantahti.fi\/index.php\/3684-2\/","url":"https:\/\/skpohjantahti.fi\/index.php\/3684-2\/","name":"Linnakangastalo 7.1.2024 - SK Pohjant\u00e4hti","isPartOf":{"@id":"https:\/\/skpohjantahti.fi\/#website"},"primaryImageOfPage":{"@id":"https:\/\/skpohjantahti.fi\/index.php\/3684-2\/#primaryimage"},"image":{"@id":"https:\/\/skpohjantahti.fi\/index.php\/3684-2\/#primaryimage"},"thumbnailUrl":"https:\/\/skpohjantahti.fi\/uudet\/wp-content\/uploads\/2023\/12\/linnakangas_kilpailukeskuskartta.jpg","datePublished":"2023-12-20T14:32:52+00:00","dateModified":"2024-01-05T12:07:08+00:00","breadcrumb":{"@id":"https:\/\/skpohjantahti.fi\/index.php\/3684-2\/#breadcrumb"},"inLanguage":"fi","potentialAction":[{"@type":"ReadAction","target":["https:\/\/skpohjantahti.fi\/index.php\/3684-2\/"]}]},{"@type":"ImageObject","inLanguage":"fi","@id":"https:\/\/skpohjantahti.fi\/index.php\/3684-2\/#primaryimage","url":"https:\/\/skpohjantahti.fi\/uudet\/wp-content\/uploads\/2023\/12\/linnakangas_kilpailukeskuskartta.jpg","contentUrl":"https:\/\/skpohjantahti.fi\/uudet\/wp-content\/uploads\/2023\/12\/linnakangas_kilpailukeskuskartta.jpg"},{"@type":"BreadcrumbList","@id":"https:\/\/skpohjantahti.fi\/index.php\/3684-2\/#breadcrumb","itemListElement":[{"@type":"ListItem","position":1,"name":"Etusivu","item":"https:\/\/skpohjantahti.fi\/"},{"@type":"ListItem","position":2,"name":"Linnakangastalo 7.1.2024"}]},{"@type":"WebSite","@id":"https:\/\/skpohjantahti.fi\/#website","url":"https:\/\/skpohjantahti.fi\/","name":"SK Pohjant\u00e4hti","description":"Oululainen suunnistusseura","publisher":{"@id":"https:\/\/skpohjantahti.fi\/#organization"},"potentialAction":[{"@type":"SearchAction","target":{"@type":"EntryPoint","urlTemplate":"https:\/\/skpohjantahti.fi\/?s={search_term_string}"},"query-input":{"@type":"PropertyValueSpecification","valueRequired":true,"valueName":"search_term_string"}}],"inLanguage":"fi"},{"@type":"Organization","@id":"https:\/\/skpohjantahti.fi\/#organization","name":"SK Pohjant\u00e4hti","url":"https:\/\/skpohjantahti.fi\/","logo":{"@type":"ImageObject","inLanguage":"fi","@id":"https:\/\/skpohjantahti.fi\/#\/schema\/logo\/image\/","url":"https:\/\/skpohjantahti.fi\/uudet\/wp-content\/uploads\/2022\/04\/cropped-pohjantahti_log_netti_pieni.jpg","contentUrl":"https:\/\/skpohjantahti.fi\/uudet\/wp-content\/uploads\/2022\/04\/cropped-pohjantahti_log_netti_pieni.jpg","width":198,"height":66,"caption":"SK Pohjant\u00e4hti"},"image":{"@id":"https:\/\/skpohjantahti.fi\/#\/schema\/logo\/image\/"},"sameAs":["https:\/\/www.facebook.com\/skpohjantahti","https:\/\/www.instagram.com\/sk_pohjantahti\/"]}]}},"_links":{"self":[{"href":"https:\/\/skpohjantahti.fi\/index.php\/wp-json\/wp\/v2\/pages\/3684","targetHints":{"allow":["GET"]}}],"collection":[{"href":"https:\/\/skpohjantahti.fi\/index.php\/wp-json\/wp\/v2\/pages"}],"about":[{"href":"https:\/\/skpohjantahti.fi\/index.php\/wp-json\/wp\/v2\/types\/page"}],"author":[{"embeddable":true,"href":"https:\/\/skpohjantahti.fi\/index.php\/wp-json\/wp\/v2\/users\/2"}],"replies":[{"embeddable":true,"href":"https:\/\/skpohjantahti.fi\/index.php\/wp-json\/wp\/v2\/comments?post=3684"}],"version-history":[{"count":12,"href":"https:\/\/skpohjantahti.fi\/index.php\/wp-json\/wp\/v2\/pages\/3684\/revisions"}],"predecessor-version":[{"id":3738,"href":"https:\/\/skpohjantahti.fi\/index.php\/wp-json\/wp\/v2\/pages\/3684\/revisions\/3738"}],"wp:attachment":[{"href":"https:\/\/skpohjantahti.fi\/index.php\/wp-json\/wp\/v2\/media?parent=3684"}],"curies":[{"name":"wp","href":"https:\/\/api.w.org\/{rel}","templated":true}]}}