{"id":3743,"date":"2024-01-07T12:02:04","date_gmt":"2024-01-07T12:02:04","guid":{"rendered":"https:\/\/skpohjantahti.fi\/?page_id=3743"},"modified":"2024-01-12T12:40:10","modified_gmt":"2024-01-12T12:40:10","slug":"yliopisto24","status":"publish","type":"page","link":"https:\/\/skpohjantahti.fi\/index.php\/yliopisto24\/","title":{"rendered":"Yliopisto 13. ja 14.1."},"content":{"rendered":"<p>Tapahtumakohtaiset ohjeet<\/p>\n<p><a href=\"https:\/\/skpohjantahti.fi\/index.php\/sisasuunnistus24\/\">Tammikuun sis\u00e4suunnistusten yhteiset ohjeet<\/a><\/p>\n<p>Alla my\u00f6s kartta saapumisesta ja kilpailukeskuksesta.<strong><br \/>\nL\u00e4ht\u00f6<\/strong>: lauantaina klo 16-17.15 ja sunnuntaina 10.30-11.45. Muista ennakkoilmoittautua to 11.1.klo 21 menness\u00e4 (linkki yhteisiss\u00e4 ohjeissa), l\u00e4ht\u00f6listat julkistetaan perjantaina illasta. J\u00e4lki-ilmoittautuminen (2\u20ac lis\u00e4maksu) paikan p\u00e4\u00e4ll\u00e4, alkaen n. puoli tuntia ennen ensimm\u00e4ist\u00e4 l\u00e4ht\u00f6\u00e4.<br \/>\n<strong>Paikka<\/strong>: Oulun yliopisto, Erkki Koiso-Kanttilan katu, Oulu. Parkkeeraus yliopiston parkkipaikoille (ks. kartta, johon merkitty alue on sovittu maksutta sis\u00e4suunnistuksen k\u00e4ytt\u00f6\u00f6n klo 15 alkaen &#8211; varokaa muita maksullisia paikkoja; niit\u00e4 valvotaan my\u00f6s viikonloppuisin).<br \/>\n<strong>Sis\u00e4\u00e4ntulo<\/strong>: ovesta 2T (ison Oulu-tekstin alta, ks. kartta), pukeutuminen Agora AT128, suihkut eiv\u00e4t ole k\u00e4yt\u00f6ss\u00e4, WC:t on. Rastiliput bussipys\u00e4kilt\u00e4 ovelle.<br \/>\n<strong>Kartta<\/strong>: n. 1:600 ja 1:1000, Keijo Ruotsalainen, p\u00e4ivitys Janne Pihlajaniemi ja Petteri Annunen (mallipala yhteisiss\u00e4 ohjeissa)<br \/>\n<strong>Radat:<\/strong> (ratamestari Janne Pihlajaniemi, apuna Petteri Annunen)<\/p>\n<p>Lauantai (keskimatkatyyppinen)<br \/>\nAM: 29 rastia, vaativa, hajonta + kartank\u00e4\u00e4nt\u00f6<br \/>\nAN: 29 rastia, vaativa, hajonta + kartank\u00e4\u00e4nt\u00f6<br \/>\nBM: 20 rastia, keskivaativa<br \/>\nBN: 20 rastia, keskivaativa<br \/>\nC: 14 rastia, helpohko<br \/>\nKartan koko: A3, mittakaava n. 1:600<\/p>\n<p>Sunnuntai (pitk\u00e4 matka -tyyppinen, osin eri alueella kuin lauantai)<\/p>\n<p>AM: 27 rastia, vaativa, hajonta+kartank\u00e4\u00e4nt\u00f6<br \/>\nAN: 27 rastia, vaativa, hajonta+kartank\u00e4\u00e4nt\u00f6<br \/>\nBM: 18 rastia, keskivaativa<br \/>\nBN: 18 rastia, keskivaativa<br \/>\nC: 10 rastia, helpohko<br \/>\nKartan koko: A3, mittakaava n. 1:1000<\/p>\n<p>Molempina p\u00e4ivin\u00e4 on syyt\u00e4 olla tarkkana, ett\u00e4 kiert\u00e4\u00e4 rastit oikeassa j\u00e4rjestyksess\u00e4!<\/p>\n<p><strong>Maali<\/strong>: eri leimasimet: Miehet, Naiset, leimaa oikeassa. Huom. maali on &#8217;kilpailualueella&#8217;.<\/p>\n<p><strong>Muuta<\/strong>: Verryttely ulkona. Varokaa muita liikkujia (yliopistolla riitt\u00e4\u00e4 kulkijoita l\u00e4pi viikonlopun).<\/p>\n<p><img fetchpriority=\"high\" decoding=\"async\" class=\"alignnone size-full wp-image-3762\" src=\"https:\/\/skpohjantahti.fi\/uudet\/wp-content\/uploads\/2024\/01\/yo_keskus.jpg\" alt=\"\" width=\"839\" height=\"597\" srcset=\"https:\/\/skpohjantahti.fi\/uudet\/wp-content\/uploads\/2024\/01\/yo_keskus.jpg 839w, https:\/\/skpohjantahti.fi\/uudet\/wp-content\/uploads\/2024\/01\/yo_keskus-300x213.jpg 300w, https:\/\/skpohjantahti.fi\/uudet\/wp-content\/uploads\/2024\/01\/yo_keskus-768x546.jpg 768w\" sizes=\"(max-width: 839px) 100vw, 839px\" \/> <img decoding=\"async\" class=\"alignnone size-full wp-image-3763\" src=\"https:\/\/skpohjantahti.fi\/uudet\/wp-content\/uploads\/2024\/01\/yo_p-1.jpg\" alt=\"\" width=\"744\" height=\"563\" srcset=\"https:\/\/skpohjantahti.fi\/uudet\/wp-content\/uploads\/2024\/01\/yo_p-1.jpg 744w, https:\/\/skpohjantahti.fi\/uudet\/wp-content\/uploads\/2024\/01\/yo_p-1-300x227.jpg 300w\" sizes=\"(max-width: 744px) 100vw, 744px\" \/><\/p>\n","protected":false},"excerpt":{"rendered":"<p>Tapahtumakohtaiset ohjeet Tammikuun sis\u00e4suunnistusten yhteiset ohjeet Alla my\u00f6s kartta saapumisesta ja kilpailukeskuksesta. L\u00e4ht\u00f6: lauantaina klo 16-17.15 ja sunnuntaina 10.30-11.45. Muista ennakkoilmoittautua to 11.1.klo 21 menness\u00e4 (linkki yhteisiss\u00e4 ohjeissa), l\u00e4ht\u00f6listat julkistetaan perjantaina illasta. J\u00e4lki-ilmoittautuminen (2\u20ac lis\u00e4maksu) paikan p\u00e4\u00e4ll\u00e4, alkaen n. puoli tuntia ennen ensimm\u00e4ist\u00e4 l\u00e4ht\u00f6\u00e4. Paikka: Oulun yliopisto, Erkki Koiso-Kanttilan katu, Oulu. Parkkeeraus yliopiston parkkipaikoille (ks. [&hellip;]<\/p>\n","protected":false},"author":2,"featured_media":0,"parent":0,"menu_order":0,"comment_status":"closed","ping_status":"closed","template":"","meta":{"site-sidebar-layout":"default","site-content-layout":"default","ast-site-content-layout":"default","site-content-style":"default","site-sidebar-style":"default","ast-global-header-display":"","ast-banner-title-visibility":"","ast-main-header-display":"","ast-hfb-above-header-display":"","ast-hfb-below-header-display":"","ast-hfb-mobile-header-display":"","site-post-title":"","ast-breadcrumbs-content":"","ast-featured-img":"","footer-sml-layout":"","ast-disable-related-posts":"","theme-transparent-header-meta":"default","adv-header-id-meta":"","stick-header-meta":"","header-above-stick-meta":"","header-main-stick-meta":"","header-below-stick-meta":"","astra-migrate-meta-layouts":"default","ast-page-background-enabled":"default","ast-page-background-meta":{"desktop":{"background-color":"","background-image":"","background-repeat":"repeat","background-position":"center center","background-size":"auto","background-attachment":"scroll","background-type":"","background-media":"","overlay-type":"","overlay-color":"","overlay-opacity":"","overlay-gradient":""},"tablet":{"background-color":"","background-image":"","background-repeat":"repeat","background-position":"center center","background-size":"auto","background-attachment":"scroll","background-type":"","background-media":"","overlay-type":"","overlay-color":"","overlay-opacity":"","overlay-gradient":""},"mobile":{"background-color":"","background-image":"","background-repeat":"repeat","background-position":"center center","background-size":"auto","background-attachment":"scroll","background-type":"","background-media":"","overlay-type":"","overlay-color":"","overlay-opacity":"","overlay-gradient":""}},"ast-content-background-meta":{"desktop":{"background-color":"var(--ast-global-color-5)","background-image":"","background-repeat":"repeat","background-position":"center center","background-size":"auto","background-attachment":"scroll","background-type":"","background-media":"","overlay-type":"","overlay-color":"","overlay-opacity":"","overlay-gradient":""},"tablet":{"background-color":"var(--ast-global-color-5)","background-image":"","background-repeat":"repeat","background-position":"center center","background-size":"auto","background-attachment":"scroll","background-type":"","background-media":"","overlay-type":"","overlay-color":"","overlay-opacity":"","overlay-gradient":""},"mobile":{"background-color":"var(--ast-global-color-5)","background-image":"","background-repeat":"repeat","background-position":"center center","background-size":"auto","background-attachment":"scroll","background-type":"","background-media":"","overlay-type":"","overlay-color":"","overlay-opacity":"","overlay-gradient":""}},"footnotes":""},"class_list":["post-3743","page","type-page","status-publish","hentry"],"yoast_head":"<!-- This site is optimized with the Yoast SEO plugin v27.2 - https:\/\/yoast.com\/product\/yoast-seo-wordpress\/ -->\n<title>Yliopisto 13. ja 14.1. - SK Pohjant\u00e4hti<\/title>\n<meta name=\"robots\" content=\"index, follow, max-snippet:-1, max-image-preview:large, max-video-preview:-1\" \/>\n<link rel=\"canonical\" href=\"https:\/\/skpohjantahti.fi\/index.php\/yliopisto24\/\" \/>\n<meta property=\"og:locale\" content=\"fi_FI\" \/>\n<meta property=\"og:type\" content=\"article\" \/>\n<meta property=\"og:title\" content=\"Yliopisto 13. ja 14.1. - SK Pohjant\u00e4hti\" \/>\n<meta property=\"og:description\" content=\"Tapahtumakohtaiset ohjeet Tammikuun sis\u00e4suunnistusten yhteiset ohjeet Alla my\u00f6s kartta saapumisesta ja kilpailukeskuksesta. L\u00e4ht\u00f6: lauantaina klo 16-17.15 ja sunnuntaina 10.30-11.45. Muista ennakkoilmoittautua to 11.1.klo 21 menness\u00e4 (linkki yhteisiss\u00e4 ohjeissa), l\u00e4ht\u00f6listat julkistetaan perjantaina illasta. J\u00e4lki-ilmoittautuminen (2\u20ac lis\u00e4maksu) paikan p\u00e4\u00e4ll\u00e4, alkaen n. puoli tuntia ennen ensimm\u00e4ist\u00e4 l\u00e4ht\u00f6\u00e4. Paikka: Oulun yliopisto, Erkki Koiso-Kanttilan katu, Oulu. Parkkeeraus yliopiston parkkipaikoille (ks. [&hellip;]\" \/>\n<meta property=\"og:url\" content=\"https:\/\/skpohjantahti.fi\/index.php\/yliopisto24\/\" \/>\n<meta property=\"og:site_name\" content=\"SK Pohjant\u00e4hti\" \/>\n<meta property=\"article:publisher\" content=\"https:\/\/www.facebook.com\/skpohjantahti\" \/>\n<meta property=\"article:modified_time\" content=\"2024-01-12T12:40:10+00:00\" \/>\n<meta property=\"og:image\" content=\"https:\/\/skpohjantahti.fi\/uudet\/wp-content\/uploads\/2024\/01\/yo_keskus.jpg\" \/>\n<meta name=\"twitter:card\" content=\"summary_large_image\" \/>\n<meta name=\"twitter:label1\" content=\"Arvioitu lukuaika\" \/>\n\t<meta name=\"twitter:data1\" content=\"1 minuutti\" \/>\n<script type=\"application\/ld+json\" class=\"yoast-schema-graph\">{\"@context\":\"https:\/\/schema.org\",\"@graph\":[{\"@type\":\"WebPage\",\"@id\":\"https:\/\/skpohjantahti.fi\/index.php\/yliopisto24\/\",\"url\":\"https:\/\/skpohjantahti.fi\/index.php\/yliopisto24\/\",\"name\":\"Yliopisto 13. ja 14.1. - SK Pohjant\u00e4hti\",\"isPartOf\":{\"@id\":\"https:\/\/skpohjantahti.fi\/#website\"},\"primaryImageOfPage\":{\"@id\":\"https:\/\/skpohjantahti.fi\/index.php\/yliopisto24\/#primaryimage\"},\"image\":{\"@id\":\"https:\/\/skpohjantahti.fi\/index.php\/yliopisto24\/#primaryimage\"},\"thumbnailUrl\":\"https:\/\/skpohjantahti.fi\/uudet\/wp-content\/uploads\/2024\/01\/yo_keskus.jpg\",\"datePublished\":\"2024-01-07T12:02:04+00:00\",\"dateModified\":\"2024-01-12T12:40:10+00:00\",\"breadcrumb\":{\"@id\":\"https:\/\/skpohjantahti.fi\/index.php\/yliopisto24\/#breadcrumb\"},\"inLanguage\":\"fi\",\"potentialAction\":[{\"@type\":\"ReadAction\",\"target\":[\"https:\/\/skpohjantahti.fi\/index.php\/yliopisto24\/\"]}]},{\"@type\":\"ImageObject\",\"inLanguage\":\"fi\",\"@id\":\"https:\/\/skpohjantahti.fi\/index.php\/yliopisto24\/#primaryimage\",\"url\":\"https:\/\/skpohjantahti.fi\/uudet\/wp-content\/uploads\/2024\/01\/yo_keskus.jpg\",\"contentUrl\":\"https:\/\/skpohjantahti.fi\/uudet\/wp-content\/uploads\/2024\/01\/yo_keskus.jpg\",\"width\":839,\"height\":597},{\"@type\":\"BreadcrumbList\",\"@id\":\"https:\/\/skpohjantahti.fi\/index.php\/yliopisto24\/#breadcrumb\",\"itemListElement\":[{\"@type\":\"ListItem\",\"position\":1,\"name\":\"Etusivu\",\"item\":\"https:\/\/skpohjantahti.fi\/\"},{\"@type\":\"ListItem\",\"position\":2,\"name\":\"Yliopisto 13. ja 14.1.\"}]},{\"@type\":\"WebSite\",\"@id\":\"https:\/\/skpohjantahti.fi\/#website\",\"url\":\"https:\/\/skpohjantahti.fi\/\",\"name\":\"SK Pohjant\u00e4hti\",\"description\":\"Oululainen suunnistusseura\",\"publisher\":{\"@id\":\"https:\/\/skpohjantahti.fi\/#organization\"},\"potentialAction\":[{\"@type\":\"SearchAction\",\"target\":{\"@type\":\"EntryPoint\",\"urlTemplate\":\"https:\/\/skpohjantahti.fi\/?s={search_term_string}\"},\"query-input\":{\"@type\":\"PropertyValueSpecification\",\"valueRequired\":true,\"valueName\":\"search_term_string\"}}],\"inLanguage\":\"fi\"},{\"@type\":\"Organization\",\"@id\":\"https:\/\/skpohjantahti.fi\/#organization\",\"name\":\"SK Pohjant\u00e4hti\",\"url\":\"https:\/\/skpohjantahti.fi\/\",\"logo\":{\"@type\":\"ImageObject\",\"inLanguage\":\"fi\",\"@id\":\"https:\/\/skpohjantahti.fi\/#\/schema\/logo\/image\/\",\"url\":\"https:\/\/skpohjantahti.fi\/uudet\/wp-content\/uploads\/2022\/04\/cropped-pohjantahti_log_netti_pieni.jpg\",\"contentUrl\":\"https:\/\/skpohjantahti.fi\/uudet\/wp-content\/uploads\/2022\/04\/cropped-pohjantahti_log_netti_pieni.jpg\",\"width\":198,\"height\":66,\"caption\":\"SK Pohjant\u00e4hti\"},\"image\":{\"@id\":\"https:\/\/skpohjantahti.fi\/#\/schema\/logo\/image\/\"},\"sameAs\":[\"https:\/\/www.facebook.com\/skpohjantahti\",\"https:\/\/www.instagram.com\/sk_pohjantahti\/\"]}]}<\/script>\n<!-- \/ Yoast SEO plugin. -->","yoast_head_json":{"title":"Yliopisto 13. ja 14.1. - SK Pohjant\u00e4hti","robots":{"index":"index","follow":"follow","max-snippet":"max-snippet:-1","max-image-preview":"max-image-preview:large","max-video-preview":"max-video-preview:-1"},"canonical":"https:\/\/skpohjantahti.fi\/index.php\/yliopisto24\/","og_locale":"fi_FI","og_type":"article","og_title":"Yliopisto 13. ja 14.1. - SK Pohjant\u00e4hti","og_description":"Tapahtumakohtaiset ohjeet Tammikuun sis\u00e4suunnistusten yhteiset ohjeet Alla my\u00f6s kartta saapumisesta ja kilpailukeskuksesta. L\u00e4ht\u00f6: lauantaina klo 16-17.15 ja sunnuntaina 10.30-11.45. Muista ennakkoilmoittautua to 11.1.klo 21 menness\u00e4 (linkki yhteisiss\u00e4 ohjeissa), l\u00e4ht\u00f6listat julkistetaan perjantaina illasta. J\u00e4lki-ilmoittautuminen (2\u20ac lis\u00e4maksu) paikan p\u00e4\u00e4ll\u00e4, alkaen n. puoli tuntia ennen ensimm\u00e4ist\u00e4 l\u00e4ht\u00f6\u00e4. Paikka: Oulun yliopisto, Erkki Koiso-Kanttilan katu, Oulu. Parkkeeraus yliopiston parkkipaikoille (ks. [&hellip;]","og_url":"https:\/\/skpohjantahti.fi\/index.php\/yliopisto24\/","og_site_name":"SK Pohjant\u00e4hti","article_publisher":"https:\/\/www.facebook.com\/skpohjantahti","article_modified_time":"2024-01-12T12:40:10+00:00","og_image":[{"url":"https:\/\/skpohjantahti.fi\/uudet\/wp-content\/uploads\/2024\/01\/yo_keskus.jpg","type":"","width":"","height":""}],"twitter_card":"summary_large_image","twitter_misc":{"Arvioitu lukuaika":"1 minuutti"},"schema":{"@context":"https:\/\/schema.org","@graph":[{"@type":"WebPage","@id":"https:\/\/skpohjantahti.fi\/index.php\/yliopisto24\/","url":"https:\/\/skpohjantahti.fi\/index.php\/yliopisto24\/","name":"Yliopisto 13. ja 14.1. - SK Pohjant\u00e4hti","isPartOf":{"@id":"https:\/\/skpohjantahti.fi\/#website"},"primaryImageOfPage":{"@id":"https:\/\/skpohjantahti.fi\/index.php\/yliopisto24\/#primaryimage"},"image":{"@id":"https:\/\/skpohjantahti.fi\/index.php\/yliopisto24\/#primaryimage"},"thumbnailUrl":"https:\/\/skpohjantahti.fi\/uudet\/wp-content\/uploads\/2024\/01\/yo_keskus.jpg","datePublished":"2024-01-07T12:02:04+00:00","dateModified":"2024-01-12T12:40:10+00:00","breadcrumb":{"@id":"https:\/\/skpohjantahti.fi\/index.php\/yliopisto24\/#breadcrumb"},"inLanguage":"fi","potentialAction":[{"@type":"ReadAction","target":["https:\/\/skpohjantahti.fi\/index.php\/yliopisto24\/"]}]},{"@type":"ImageObject","inLanguage":"fi","@id":"https:\/\/skpohjantahti.fi\/index.php\/yliopisto24\/#primaryimage","url":"https:\/\/skpohjantahti.fi\/uudet\/wp-content\/uploads\/2024\/01\/yo_keskus.jpg","contentUrl":"https:\/\/skpohjantahti.fi\/uudet\/wp-content\/uploads\/2024\/01\/yo_keskus.jpg","width":839,"height":597},{"@type":"BreadcrumbList","@id":"https:\/\/skpohjantahti.fi\/index.php\/yliopisto24\/#breadcrumb","itemListElement":[{"@type":"ListItem","position":1,"name":"Etusivu","item":"https:\/\/skpohjantahti.fi\/"},{"@type":"ListItem","position":2,"name":"Yliopisto 13. ja 14.1."}]},{"@type":"WebSite","@id":"https:\/\/skpohjantahti.fi\/#website","url":"https:\/\/skpohjantahti.fi\/","name":"SK Pohjant\u00e4hti","description":"Oululainen suunnistusseura","publisher":{"@id":"https:\/\/skpohjantahti.fi\/#organization"},"potentialAction":[{"@type":"SearchAction","target":{"@type":"EntryPoint","urlTemplate":"https:\/\/skpohjantahti.fi\/?s={search_term_string}"},"query-input":{"@type":"PropertyValueSpecification","valueRequired":true,"valueName":"search_term_string"}}],"inLanguage":"fi"},{"@type":"Organization","@id":"https:\/\/skpohjantahti.fi\/#organization","name":"SK Pohjant\u00e4hti","url":"https:\/\/skpohjantahti.fi\/","logo":{"@type":"ImageObject","inLanguage":"fi","@id":"https:\/\/skpohjantahti.fi\/#\/schema\/logo\/image\/","url":"https:\/\/skpohjantahti.fi\/uudet\/wp-content\/uploads\/2022\/04\/cropped-pohjantahti_log_netti_pieni.jpg","contentUrl":"https:\/\/skpohjantahti.fi\/uudet\/wp-content\/uploads\/2022\/04\/cropped-pohjantahti_log_netti_pieni.jpg","width":198,"height":66,"caption":"SK Pohjant\u00e4hti"},"image":{"@id":"https:\/\/skpohjantahti.fi\/#\/schema\/logo\/image\/"},"sameAs":["https:\/\/www.facebook.com\/skpohjantahti","https:\/\/www.instagram.com\/sk_pohjantahti\/"]}]}},"_links":{"self":[{"href":"https:\/\/skpohjantahti.fi\/index.php\/wp-json\/wp\/v2\/pages\/3743","targetHints":{"allow":["GET"]}}],"collection":[{"href":"https:\/\/skpohjantahti.fi\/index.php\/wp-json\/wp\/v2\/pages"}],"about":[{"href":"https:\/\/skpohjantahti.fi\/index.php\/wp-json\/wp\/v2\/types\/page"}],"author":[{"embeddable":true,"href":"https:\/\/skpohjantahti.fi\/index.php\/wp-json\/wp\/v2\/users\/2"}],"replies":[{"embeddable":true,"href":"https:\/\/skpohjantahti.fi\/index.php\/wp-json\/wp\/v2\/comments?post=3743"}],"version-history":[{"count":7,"href":"https:\/\/skpohjantahti.fi\/index.php\/wp-json\/wp\/v2\/pages\/3743\/revisions"}],"predecessor-version":[{"id":3768,"href":"https:\/\/skpohjantahti.fi\/index.php\/wp-json\/wp\/v2\/pages\/3743\/revisions\/3768"}],"wp:attachment":[{"href":"https:\/\/skpohjantahti.fi\/index.php\/wp-json\/wp\/v2\/media?parent=3743"}],"curies":[{"name":"wp","href":"https:\/\/api.w.org\/{rel}","templated":true}]}}