{"id":3828,"date":"2024-03-07T06:17:22","date_gmt":"2024-03-07T06:17:22","guid":{"rendered":"https:\/\/skpohjantahti.fi\/?page_id=3828"},"modified":"2024-05-05T13:04:24","modified_gmt":"2024-05-05T13:04:24","slug":"ptsprint24","status":"publish","type":"page","link":"https:\/\/skpohjantahti.fi\/index.php\/ptsprint24\/","title":{"rendered":"Pohjant\u00e4hti-sprint 2024"},"content":{"rendered":"<p><img fetchpriority=\"high\" decoding=\"async\" class=\"alignnone size-full wp-image-3835\" src=\"https:\/\/skpohjantahti.fi\/uudet\/wp-content\/uploads\/2024\/03\/ptsprint24-1.jpg\" alt=\"\" width=\"800\" height=\"87\" srcset=\"https:\/\/skpohjantahti.fi\/uudet\/wp-content\/uploads\/2024\/03\/ptsprint24-1.jpg 800w, https:\/\/skpohjantahti.fi\/uudet\/wp-content\/uploads\/2024\/03\/ptsprint24-1-300x33.jpg 300w, https:\/\/skpohjantahti.fi\/uudet\/wp-content\/uploads\/2024\/03\/ptsprint24-1-768x84.jpg 768w\" sizes=\"(max-width: 800px) 100vw, 800px\" \/><br \/>\nPerinteinen Pohjant\u00e4hti-sprint 2024 juostaan sunnuntaina 5.5. keskustan etel\u00e4puolella Hein\u00e4p\u00e4\u00e4n ja Ly\u00f6tyn alueella. Tervetuloa viimeistelem\u00e4\u00e4n kuntoa ennen seuraavan viikonlopun Espoon SM-sprintti\u00e4.<\/p>\n<p>Viimeinen kelitiedote: maasto on lumeton (poislukien lumikasojen j\u00e4m\u00e4t) ja p\u00e4\u00e4osin kuiva. Sen verran yksitt\u00e4isi\u00e4 m\u00e4rki\u00e4 kohtia kuitenkin on, ett\u00e4 kenk\u00e4suositus on m\u00e4rk\u00e4\u00e4 kest\u00e4v\u00e4 maastolenkkari\/suunnistusnappula.<\/p>\n<p>Ja viel\u00e4 mainosta&#8230; eSKon junnut myyv\u00e4t arpoja (joilla kartutetaan Leimaus-leirikassaa), p\u00e4\u00e4palkintona Herkkukori. Ostakaa omanne.<\/p>\n<p><a href=\"https:\/\/skpohjantahti.fi\/index.php\/ptsprint24ennakko\/\">Ennakko<\/a><\/p>\n<p><a href=\"https:\/\/skpohjantahti.fi\/index.php\/ptsprint24kutsu\/\">Kutsu<\/a><\/p>\n<p><a href=\"http:\/\/skpohjantahti.fi\/tiedostot\/hollihaka2020.jpg\" target=\"_blank\" rel=\"noopener\">Vanha kartta<\/a><\/p>\n<p><a href=\"https:\/\/skpohjantahti.fi\/kilpailut\/pohjantahtisprintti2024\/kilpailuohje_ptsprint24.pdf\" target=\"_blank\" rel=\"noopener\">Kilpailuohje<\/a><\/p>\n<p><a href=\"https:\/\/skpohjantahti.fi\/kilpailut\/pohjantahtisprintti2024\/ratayhteenveto_ptsprint24.pdf\" target=\"_blank\" rel=\"noopener\">Sarjat, matkat ja rastim\u00e4\u00e4r\u00e4t<\/a><\/p>\n<p><a href=\"https:\/\/skpohjantahti.fi\/kilpailut\/pohjantahtisprintti2024\/kilpailukeskus.jpg\" target=\"_blank\" rel=\"noopener\">Kilpailukeskuksen kartta<\/a><\/p>\n<p><a href=\"https:\/\/skpohjantahti.fi\/kilpailut\/pohjantahtisprintti2024\/lahto_ap.htm\" target=\"_blank\" rel=\"noopener\">L\u00e4ht\u00f6ajat aamup\u00e4iv\u00e4<\/a><\/p>\n<p><a href=\"https:\/\/skpohjantahti.fi\/kilpailut\/pohjantahtisprintti2024\/lahto_ip.htm\" target=\"_blank\" rel=\"noopener\">L\u00e4ht\u00f6ajat iltap\u00e4iv\u00e4<\/a><\/p>\n<p><a href=\"https:\/\/live.oriento.fi\/results\/2024026\" target=\"_blank\" rel=\"noopener\">Live-tulokset aamup\u00e4iv\u00e4<\/a><\/p>\n<p><a href=\"https:\/\/live.oriento.fi\/results\/2024027\" target=\"_blank\" rel=\"noopener\">Live-tulokset iltap\u00e4iv\u00e4<\/a><\/p>\n<p><a href=\"https:\/\/skpohjantahti.fi\/kilpailut\/pohjantahtisprintti2024\/tulokset_ap.htm\" target=\"_blank\" rel=\"noopener\">Tulokset aamup\u00e4iv\u00e4<\/a><\/p>\n<p><a href=\"https:\/\/skpohjantahti.fi\/kilpailut\/pohjantahtisprintti2024\/va_ap.htm\" target=\"_blank\" rel=\"noopener\">V\u00e4liajat aamup\u00e4iv\u00e4<\/a><\/p>\n<p><a href=\"https:\/\/skpohjantahti.fi\/kilpailut\/pohjantahtisprintti2024\/tulokset_ip.htm\" target=\"_blank\" rel=\"noopener\">Tulokset iltap\u00e4iv\u00e4<\/a><\/p>\n<p><a href=\"https:\/\/skpohjantahti.fi\/kilpailut\/pohjantahtisprintti2024\/va_ip.htm\" target=\"_blank\" rel=\"noopener\">V\u00e4liajat iltap\u00e4iv\u00e4<\/a><\/p>\n<p><a href=\"https:\/\/skpohjantahti.fi\/kilpailut\/pohjantahtisprintti2024\/yhteistulokset.htm\" target=\"_blank\" rel=\"noopener\">Yhteistulokset<\/a><\/p>\n<p><a href=\"https:\/\/www.livelox.com\/?tab=allEvents&amp;timePeriod=allTime&amp;country=FIN&amp;q=SK%20Pohjant%C3%A4hti&amp;sorting=time\" target=\"_blank\" rel=\"noopener\">Livelox<\/a> (aamup\u00e4iv\u00e4 n\u00e4kyy klo 12.30, iltap\u00e4iv\u00e4 klo 15)<\/p>\n","protected":false},"excerpt":{"rendered":"<p>Perinteinen Pohjant\u00e4hti-sprint 2024 juostaan sunnuntaina 5.5. keskustan etel\u00e4puolella Hein\u00e4p\u00e4\u00e4n ja Ly\u00f6tyn alueella. Tervetuloa viimeistelem\u00e4\u00e4n kuntoa ennen seuraavan viikonlopun Espoon SM-sprintti\u00e4. Viimeinen kelitiedote: maasto on lumeton (poislukien lumikasojen j\u00e4m\u00e4t) ja p\u00e4\u00e4osin kuiva. Sen verran yksitt\u00e4isi\u00e4 m\u00e4rki\u00e4 kohtia kuitenkin on, ett\u00e4 kenk\u00e4suositus on m\u00e4rk\u00e4\u00e4 kest\u00e4v\u00e4 maastolenkkari\/suunnistusnappula. Ja viel\u00e4 mainosta&#8230; eSKon junnut myyv\u00e4t arpoja (joilla kartutetaan Leimaus-leirikassaa), p\u00e4\u00e4palkintona [&hellip;]<\/p>\n","protected":false},"author":2,"featured_media":0,"parent":0,"menu_order":0,"comment_status":"closed","ping_status":"closed","template":"","meta":{"site-sidebar-layout":"default","site-content-layout":"default","ast-site-content-layout":"default","site-content-style":"default","site-sidebar-style":"default","ast-global-header-display":"","ast-banner-title-visibility":"","ast-main-header-display":"","ast-hfb-above-header-display":"","ast-hfb-below-header-display":"","ast-hfb-mobile-header-display":"","site-post-title":"","ast-breadcrumbs-content":"","ast-featured-img":"","footer-sml-layout":"","ast-disable-related-posts":"","theme-transparent-header-meta":"default","adv-header-id-meta":"","stick-header-meta":"","header-above-stick-meta":"","header-main-stick-meta":"","header-below-stick-meta":"","astra-migrate-meta-layouts":"default","ast-page-background-enabled":"default","ast-page-background-meta":{"desktop":{"background-color":"","background-image":"","background-repeat":"repeat","background-position":"center center","background-size":"auto","background-attachment":"scroll","background-type":"","background-media":"","overlay-type":"","overlay-color":"","overlay-opacity":"","overlay-gradient":""},"tablet":{"background-color":"","background-image":"","background-repeat":"repeat","background-position":"center center","background-size":"auto","background-attachment":"scroll","background-type":"","background-media":"","overlay-type":"","overlay-color":"","overlay-opacity":"","overlay-gradient":""},"mobile":{"background-color":"","background-image":"","background-repeat":"repeat","background-position":"center center","background-size":"auto","background-attachment":"scroll","background-type":"","background-media":"","overlay-type":"","overlay-color":"","overlay-opacity":"","overlay-gradient":""}},"ast-content-background-meta":{"desktop":{"background-color":"var(--ast-global-color-5)","background-image":"","background-repeat":"repeat","background-position":"center center","background-size":"auto","background-attachment":"scroll","background-type":"","background-media":"","overlay-type":"","overlay-color":"","overlay-opacity":"","overlay-gradient":""},"tablet":{"background-color":"var(--ast-global-color-5)","background-image":"","background-repeat":"repeat","background-position":"center center","background-size":"auto","background-attachment":"scroll","background-type":"","background-media":"","overlay-type":"","overlay-color":"","overlay-opacity":"","overlay-gradient":""},"mobile":{"background-color":"var(--ast-global-color-5)","background-image":"","background-repeat":"repeat","background-position":"center center","background-size":"auto","background-attachment":"scroll","background-type":"","background-media":"","overlay-type":"","overlay-color":"","overlay-opacity":"","overlay-gradient":""}},"footnotes":""},"class_list":["post-3828","page","type-page","status-publish","hentry"],"yoast_head":"<!-- This site is optimized with the Yoast SEO plugin v27.2 - https:\/\/yoast.com\/product\/yoast-seo-wordpress\/ -->\n<title>Pohjant\u00e4hti-sprint 2024 - SK Pohjant\u00e4hti<\/title>\n<meta name=\"robots\" content=\"index, follow, max-snippet:-1, max-image-preview:large, max-video-preview:-1\" \/>\n<link rel=\"canonical\" href=\"https:\/\/skpohjantahti.fi\/index.php\/ptsprint24\/\" \/>\n<meta property=\"og:locale\" content=\"fi_FI\" \/>\n<meta property=\"og:type\" content=\"article\" \/>\n<meta property=\"og:title\" content=\"Pohjant\u00e4hti-sprint 2024 - SK Pohjant\u00e4hti\" \/>\n<meta property=\"og:description\" content=\"Perinteinen Pohjant\u00e4hti-sprint 2024 juostaan sunnuntaina 5.5. keskustan etel\u00e4puolella Hein\u00e4p\u00e4\u00e4n ja Ly\u00f6tyn alueella. Tervetuloa viimeistelem\u00e4\u00e4n kuntoa ennen seuraavan viikonlopun Espoon SM-sprintti\u00e4. Viimeinen kelitiedote: maasto on lumeton (poislukien lumikasojen j\u00e4m\u00e4t) ja p\u00e4\u00e4osin kuiva. Sen verran yksitt\u00e4isi\u00e4 m\u00e4rki\u00e4 kohtia kuitenkin on, ett\u00e4 kenk\u00e4suositus on m\u00e4rk\u00e4\u00e4 kest\u00e4v\u00e4 maastolenkkari\/suunnistusnappula. Ja viel\u00e4 mainosta&#8230; eSKon junnut myyv\u00e4t arpoja (joilla kartutetaan Leimaus-leirikassaa), p\u00e4\u00e4palkintona [&hellip;]\" \/>\n<meta property=\"og:url\" content=\"https:\/\/skpohjantahti.fi\/index.php\/ptsprint24\/\" \/>\n<meta property=\"og:site_name\" content=\"SK Pohjant\u00e4hti\" \/>\n<meta property=\"article:publisher\" content=\"https:\/\/www.facebook.com\/skpohjantahti\" \/>\n<meta property=\"article:modified_time\" content=\"2024-05-05T13:04:24+00:00\" \/>\n<meta property=\"og:image\" content=\"https:\/\/skpohjantahti.fi\/uudet\/wp-content\/uploads\/2024\/03\/ptsprint24-1.jpg\" \/>\n<meta name=\"twitter:card\" content=\"summary_large_image\" \/>\n<meta name=\"twitter:label1\" content=\"Arvioitu lukuaika\" \/>\n\t<meta name=\"twitter:data1\" content=\"1 minuutti\" \/>\n<script type=\"application\/ld+json\" class=\"yoast-schema-graph\">{\"@context\":\"https:\/\/schema.org\",\"@graph\":[{\"@type\":\"WebPage\",\"@id\":\"https:\/\/skpohjantahti.fi\/index.php\/ptsprint24\/\",\"url\":\"https:\/\/skpohjantahti.fi\/index.php\/ptsprint24\/\",\"name\":\"Pohjant\u00e4hti-sprint 2024 - SK Pohjant\u00e4hti\",\"isPartOf\":{\"@id\":\"https:\/\/skpohjantahti.fi\/#website\"},\"primaryImageOfPage\":{\"@id\":\"https:\/\/skpohjantahti.fi\/index.php\/ptsprint24\/#primaryimage\"},\"image\":{\"@id\":\"https:\/\/skpohjantahti.fi\/index.php\/ptsprint24\/#primaryimage\"},\"thumbnailUrl\":\"https:\/\/skpohjantahti.fi\/uudet\/wp-content\/uploads\/2024\/03\/ptsprint24-1.jpg\",\"datePublished\":\"2024-03-07T06:17:22+00:00\",\"dateModified\":\"2024-05-05T13:04:24+00:00\",\"breadcrumb\":{\"@id\":\"https:\/\/skpohjantahti.fi\/index.php\/ptsprint24\/#breadcrumb\"},\"inLanguage\":\"fi\",\"potentialAction\":[{\"@type\":\"ReadAction\",\"target\":[\"https:\/\/skpohjantahti.fi\/index.php\/ptsprint24\/\"]}]},{\"@type\":\"ImageObject\",\"inLanguage\":\"fi\",\"@id\":\"https:\/\/skpohjantahti.fi\/index.php\/ptsprint24\/#primaryimage\",\"url\":\"https:\/\/skpohjantahti.fi\/uudet\/wp-content\/uploads\/2024\/03\/ptsprint24-1.jpg\",\"contentUrl\":\"https:\/\/skpohjantahti.fi\/uudet\/wp-content\/uploads\/2024\/03\/ptsprint24-1.jpg\",\"width\":800,\"height\":87},{\"@type\":\"BreadcrumbList\",\"@id\":\"https:\/\/skpohjantahti.fi\/index.php\/ptsprint24\/#breadcrumb\",\"itemListElement\":[{\"@type\":\"ListItem\",\"position\":1,\"name\":\"Etusivu\",\"item\":\"https:\/\/skpohjantahti.fi\/\"},{\"@type\":\"ListItem\",\"position\":2,\"name\":\"Pohjant\u00e4hti-sprint 2024\"}]},{\"@type\":\"WebSite\",\"@id\":\"https:\/\/skpohjantahti.fi\/#website\",\"url\":\"https:\/\/skpohjantahti.fi\/\",\"name\":\"SK Pohjant\u00e4hti\",\"description\":\"Oululainen suunnistusseura\",\"publisher\":{\"@id\":\"https:\/\/skpohjantahti.fi\/#organization\"},\"potentialAction\":[{\"@type\":\"SearchAction\",\"target\":{\"@type\":\"EntryPoint\",\"urlTemplate\":\"https:\/\/skpohjantahti.fi\/?s={search_term_string}\"},\"query-input\":{\"@type\":\"PropertyValueSpecification\",\"valueRequired\":true,\"valueName\":\"search_term_string\"}}],\"inLanguage\":\"fi\"},{\"@type\":\"Organization\",\"@id\":\"https:\/\/skpohjantahti.fi\/#organization\",\"name\":\"SK Pohjant\u00e4hti\",\"url\":\"https:\/\/skpohjantahti.fi\/\",\"logo\":{\"@type\":\"ImageObject\",\"inLanguage\":\"fi\",\"@id\":\"https:\/\/skpohjantahti.fi\/#\/schema\/logo\/image\/\",\"url\":\"https:\/\/skpohjantahti.fi\/uudet\/wp-content\/uploads\/2022\/04\/cropped-pohjantahti_log_netti_pieni.jpg\",\"contentUrl\":\"https:\/\/skpohjantahti.fi\/uudet\/wp-content\/uploads\/2022\/04\/cropped-pohjantahti_log_netti_pieni.jpg\",\"width\":198,\"height\":66,\"caption\":\"SK Pohjant\u00e4hti\"},\"image\":{\"@id\":\"https:\/\/skpohjantahti.fi\/#\/schema\/logo\/image\/\"},\"sameAs\":[\"https:\/\/www.facebook.com\/skpohjantahti\",\"https:\/\/www.instagram.com\/sk_pohjantahti\/\"]}]}<\/script>\n<!-- \/ Yoast SEO plugin. -->","yoast_head_json":{"title":"Pohjant\u00e4hti-sprint 2024 - SK Pohjant\u00e4hti","robots":{"index":"index","follow":"follow","max-snippet":"max-snippet:-1","max-image-preview":"max-image-preview:large","max-video-preview":"max-video-preview:-1"},"canonical":"https:\/\/skpohjantahti.fi\/index.php\/ptsprint24\/","og_locale":"fi_FI","og_type":"article","og_title":"Pohjant\u00e4hti-sprint 2024 - SK Pohjant\u00e4hti","og_description":"Perinteinen Pohjant\u00e4hti-sprint 2024 juostaan sunnuntaina 5.5. keskustan etel\u00e4puolella Hein\u00e4p\u00e4\u00e4n ja Ly\u00f6tyn alueella. Tervetuloa viimeistelem\u00e4\u00e4n kuntoa ennen seuraavan viikonlopun Espoon SM-sprintti\u00e4. Viimeinen kelitiedote: maasto on lumeton (poislukien lumikasojen j\u00e4m\u00e4t) ja p\u00e4\u00e4osin kuiva. Sen verran yksitt\u00e4isi\u00e4 m\u00e4rki\u00e4 kohtia kuitenkin on, ett\u00e4 kenk\u00e4suositus on m\u00e4rk\u00e4\u00e4 kest\u00e4v\u00e4 maastolenkkari\/suunnistusnappula. Ja viel\u00e4 mainosta&#8230; eSKon junnut myyv\u00e4t arpoja (joilla kartutetaan Leimaus-leirikassaa), p\u00e4\u00e4palkintona [&hellip;]","og_url":"https:\/\/skpohjantahti.fi\/index.php\/ptsprint24\/","og_site_name":"SK Pohjant\u00e4hti","article_publisher":"https:\/\/www.facebook.com\/skpohjantahti","article_modified_time":"2024-05-05T13:04:24+00:00","og_image":[{"url":"https:\/\/skpohjantahti.fi\/uudet\/wp-content\/uploads\/2024\/03\/ptsprint24-1.jpg","type":"","width":"","height":""}],"twitter_card":"summary_large_image","twitter_misc":{"Arvioitu lukuaika":"1 minuutti"},"schema":{"@context":"https:\/\/schema.org","@graph":[{"@type":"WebPage","@id":"https:\/\/skpohjantahti.fi\/index.php\/ptsprint24\/","url":"https:\/\/skpohjantahti.fi\/index.php\/ptsprint24\/","name":"Pohjant\u00e4hti-sprint 2024 - SK Pohjant\u00e4hti","isPartOf":{"@id":"https:\/\/skpohjantahti.fi\/#website"},"primaryImageOfPage":{"@id":"https:\/\/skpohjantahti.fi\/index.php\/ptsprint24\/#primaryimage"},"image":{"@id":"https:\/\/skpohjantahti.fi\/index.php\/ptsprint24\/#primaryimage"},"thumbnailUrl":"https:\/\/skpohjantahti.fi\/uudet\/wp-content\/uploads\/2024\/03\/ptsprint24-1.jpg","datePublished":"2024-03-07T06:17:22+00:00","dateModified":"2024-05-05T13:04:24+00:00","breadcrumb":{"@id":"https:\/\/skpohjantahti.fi\/index.php\/ptsprint24\/#breadcrumb"},"inLanguage":"fi","potentialAction":[{"@type":"ReadAction","target":["https:\/\/skpohjantahti.fi\/index.php\/ptsprint24\/"]}]},{"@type":"ImageObject","inLanguage":"fi","@id":"https:\/\/skpohjantahti.fi\/index.php\/ptsprint24\/#primaryimage","url":"https:\/\/skpohjantahti.fi\/uudet\/wp-content\/uploads\/2024\/03\/ptsprint24-1.jpg","contentUrl":"https:\/\/skpohjantahti.fi\/uudet\/wp-content\/uploads\/2024\/03\/ptsprint24-1.jpg","width":800,"height":87},{"@type":"BreadcrumbList","@id":"https:\/\/skpohjantahti.fi\/index.php\/ptsprint24\/#breadcrumb","itemListElement":[{"@type":"ListItem","position":1,"name":"Etusivu","item":"https:\/\/skpohjantahti.fi\/"},{"@type":"ListItem","position":2,"name":"Pohjant\u00e4hti-sprint 2024"}]},{"@type":"WebSite","@id":"https:\/\/skpohjantahti.fi\/#website","url":"https:\/\/skpohjantahti.fi\/","name":"SK Pohjant\u00e4hti","description":"Oululainen suunnistusseura","publisher":{"@id":"https:\/\/skpohjantahti.fi\/#organization"},"potentialAction":[{"@type":"SearchAction","target":{"@type":"EntryPoint","urlTemplate":"https:\/\/skpohjantahti.fi\/?s={search_term_string}"},"query-input":{"@type":"PropertyValueSpecification","valueRequired":true,"valueName":"search_term_string"}}],"inLanguage":"fi"},{"@type":"Organization","@id":"https:\/\/skpohjantahti.fi\/#organization","name":"SK Pohjant\u00e4hti","url":"https:\/\/skpohjantahti.fi\/","logo":{"@type":"ImageObject","inLanguage":"fi","@id":"https:\/\/skpohjantahti.fi\/#\/schema\/logo\/image\/","url":"https:\/\/skpohjantahti.fi\/uudet\/wp-content\/uploads\/2022\/04\/cropped-pohjantahti_log_netti_pieni.jpg","contentUrl":"https:\/\/skpohjantahti.fi\/uudet\/wp-content\/uploads\/2022\/04\/cropped-pohjantahti_log_netti_pieni.jpg","width":198,"height":66,"caption":"SK Pohjant\u00e4hti"},"image":{"@id":"https:\/\/skpohjantahti.fi\/#\/schema\/logo\/image\/"},"sameAs":["https:\/\/www.facebook.com\/skpohjantahti","https:\/\/www.instagram.com\/sk_pohjantahti\/"]}]}},"_links":{"self":[{"href":"https:\/\/skpohjantahti.fi\/index.php\/wp-json\/wp\/v2\/pages\/3828","targetHints":{"allow":["GET"]}}],"collection":[{"href":"https:\/\/skpohjantahti.fi\/index.php\/wp-json\/wp\/v2\/pages"}],"about":[{"href":"https:\/\/skpohjantahti.fi\/index.php\/wp-json\/wp\/v2\/types\/page"}],"author":[{"embeddable":true,"href":"https:\/\/skpohjantahti.fi\/index.php\/wp-json\/wp\/v2\/users\/2"}],"replies":[{"embeddable":true,"href":"https:\/\/skpohjantahti.fi\/index.php\/wp-json\/wp\/v2\/comments?post=3828"}],"version-history":[{"count":17,"href":"https:\/\/skpohjantahti.fi\/index.php\/wp-json\/wp\/v2\/pages\/3828\/revisions"}],"predecessor-version":[{"id":4070,"href":"https:\/\/skpohjantahti.fi\/index.php\/wp-json\/wp\/v2\/pages\/3828\/revisions\/4070"}],"wp:attachment":[{"href":"https:\/\/skpohjantahti.fi\/index.php\/wp-json\/wp\/v2\/media?parent=3828"}],"curies":[{"name":"wp","href":"https:\/\/api.w.org\/{rel}","templated":true}]}}