{"id":3830,"date":"2024-03-07T06:26:18","date_gmt":"2024-03-07T06:26:18","guid":{"rendered":"https:\/\/skpohjantahti.fi\/?page_id=3830"},"modified":"2024-03-11T07:54:15","modified_gmt":"2024-03-11T07:54:15","slug":"ptsprint24ennakko","status":"publish","type":"page","link":"https:\/\/skpohjantahti.fi\/index.php\/ptsprint24ennakko\/","title":{"rendered":"Pt-sprint 2024 ennakko"},"content":{"rendered":"<p>Pohjant\u00e4hti-sprintti juostaan perinteiseen tapaan viikko ennen SM-sprintti\u00e4 eli sunnuntaina 5.5. Sprintti sis\u00e4lt\u00e4\u00e4 kaksi erillist\u00e4 kilpailua eri alueilla ja tulokset muodostuvat yhteisaikojen mukaan. Aamup\u00e4iv\u00e4n kilpailu on my\u00f6s Pohjois-Pohjanmaan mestaruuskilpailu.<br \/>\nAlueena k\u00e4yt\u00f6ss\u00e4 on Hein\u00e4p\u00e4\u00e4 ja Ly\u00f6tyn etel\u00e4osa, sis\u00e4lt\u00e4en p\u00e4\u00e4osin sprinttisuunnistuksen kannalta uutta aluetta. Hein\u00e4p\u00e4\u00e4n urheilukeskuksesta on vanha sprinttikartta, jossa on viimeksi suunnistettu talvisarjaa muutama vuosi sitten. Kuten aina Pt-sprintiss\u00e4, alueet sopivat sprinttisuunnistukseen mainiosti, tarjoten mahdollisuuden toteuttaa aamu- ja iltap\u00e4iv\u00e4lle toisistaan sopivasti poikkeavat radat. Alueelta l\u00f6ytyy puistoja, kauppakortteleita, yksi 20m korkuinen m\u00e4ki, muutama mets\u00e4saareke ja t\u00e4rkeimp\u00e4n\u00e4 vaihtelevan ik\u00e4isi\u00e4, runsaasti yksityiskohtia sis\u00e4lt\u00e4vi\u00e4 kerrostalokortteleita. Karttapaloja kilpailumaastosta l\u00f6ytyy alta.<br \/>\nKilpailualue on julistettu harjoituskieltoon (tarkemmin oheisessa kuvassa tai Suunnistusliiton Karttarekisteriss\u00e4), kielto kattaa (s\u00e4\u00e4nt\u00f6jen mukaisesti) suunnistusharjoittelun ja kaksi viimeist\u00e4 viikkoa ennen kilpailua kaiken liikkumisen. Kilpailupaikalle saapuminen ja verryttelyyn sallitut alueet kuvataan tarkemmin kutsussa ja kilpailuviikolla julkaistavassa kilpailuohjeessa. Alueen on kartoittanut Petri Karjalainen, paitsi Ly\u00f6tyn puolen Panu Hyv\u00f6nen. Ratamestareina toimii Panu Hyv\u00f6nen, kuudetta kertaa Pohjant\u00e4hti-sprintiss\u00e4.<br \/>\nPitemm\u00e4ksi aikaa Ouluun tuleville l\u00f6ytyy my\u00f6s omatoimisesti juostavaksi sprinttiharjoituksia (talvisarjan taitoratoja tai kev\u00e4\u00e4n Sprintticupin ratoja), kiinnostuneet kyselk\u00e4\u00e4 j\u00e4rjest\u00e4jilt\u00e4. Samoin kannattaa huomata majoitustarjous.<\/p>\n<p><img fetchpriority=\"high\" decoding=\"async\" class=\"alignnone size-full wp-image-3831\" src=\"https:\/\/skpohjantahti.fi\/uudet\/wp-content\/uploads\/2024\/03\/ptsprint24.jpg\" alt=\"\" width=\"700\" height=\"700\" srcset=\"https:\/\/skpohjantahti.fi\/uudet\/wp-content\/uploads\/2024\/03\/ptsprint24.jpg 700w, https:\/\/skpohjantahti.fi\/uudet\/wp-content\/uploads\/2024\/03\/ptsprint24-300x300.jpg 300w, https:\/\/skpohjantahti.fi\/uudet\/wp-content\/uploads\/2024\/03\/ptsprint24-150x150.jpg 150w\" sizes=\"(max-width: 700px) 100vw, 700px\" \/> <img decoding=\"async\" class=\"alignnone size-full wp-image-3832\" src=\"https:\/\/skpohjantahti.fi\/uudet\/wp-content\/uploads\/2024\/03\/ptsprint24_harjkielto.jpg\" alt=\"\" width=\"978\" height=\"680\" srcset=\"https:\/\/skpohjantahti.fi\/uudet\/wp-content\/uploads\/2024\/03\/ptsprint24_harjkielto.jpg 978w, https:\/\/skpohjantahti.fi\/uudet\/wp-content\/uploads\/2024\/03\/ptsprint24_harjkielto-300x209.jpg 300w, https:\/\/skpohjantahti.fi\/uudet\/wp-content\/uploads\/2024\/03\/ptsprint24_harjkielto-768x534.jpg 768w\" sizes=\"(max-width: 978px) 100vw, 978px\" \/><\/p>\n","protected":false},"excerpt":{"rendered":"<p>Pohjant\u00e4hti-sprintti juostaan perinteiseen tapaan viikko ennen SM-sprintti\u00e4 eli sunnuntaina 5.5. Sprintti sis\u00e4lt\u00e4\u00e4 kaksi erillist\u00e4 kilpailua eri alueilla ja tulokset muodostuvat yhteisaikojen mukaan. Aamup\u00e4iv\u00e4n kilpailu on my\u00f6s Pohjois-Pohjanmaan mestaruuskilpailu. Alueena k\u00e4yt\u00f6ss\u00e4 on Hein\u00e4p\u00e4\u00e4 ja Ly\u00f6tyn etel\u00e4osa, sis\u00e4lt\u00e4en p\u00e4\u00e4osin sprinttisuunnistuksen kannalta uutta aluetta. Hein\u00e4p\u00e4\u00e4n urheilukeskuksesta on vanha sprinttikartta, jossa on viimeksi suunnistettu talvisarjaa muutama vuosi sitten. Kuten [&hellip;]<\/p>\n","protected":false},"author":2,"featured_media":0,"parent":0,"menu_order":0,"comment_status":"closed","ping_status":"closed","template":"","meta":{"site-sidebar-layout":"default","site-content-layout":"default","ast-site-content-layout":"default","site-content-style":"default","site-sidebar-style":"default","ast-global-header-display":"","ast-banner-title-visibility":"","ast-main-header-display":"","ast-hfb-above-header-display":"","ast-hfb-below-header-display":"","ast-hfb-mobile-header-display":"","site-post-title":"","ast-breadcrumbs-content":"","ast-featured-img":"","footer-sml-layout":"","ast-disable-related-posts":"","theme-transparent-header-meta":"default","adv-header-id-meta":"","stick-header-meta":"","header-above-stick-meta":"","header-main-stick-meta":"","header-below-stick-meta":"","astra-migrate-meta-layouts":"default","ast-page-background-enabled":"default","ast-page-background-meta":{"desktop":{"background-color":"","background-image":"","background-repeat":"repeat","background-position":"center center","background-size":"auto","background-attachment":"scroll","background-type":"","background-media":"","overlay-type":"","overlay-color":"","overlay-opacity":"","overlay-gradient":""},"tablet":{"background-color":"","background-image":"","background-repeat":"repeat","background-position":"center center","background-size":"auto","background-attachment":"scroll","background-type":"","background-media":"","overlay-type":"","overlay-color":"","overlay-opacity":"","overlay-gradient":""},"mobile":{"background-color":"","background-image":"","background-repeat":"repeat","background-position":"center center","background-size":"auto","background-attachment":"scroll","background-type":"","background-media":"","overlay-type":"","overlay-color":"","overlay-opacity":"","overlay-gradient":""}},"ast-content-background-meta":{"desktop":{"background-color":"var(--ast-global-color-5)","background-image":"","background-repeat":"repeat","background-position":"center center","background-size":"auto","background-attachment":"scroll","background-type":"","background-media":"","overlay-type":"","overlay-color":"","overlay-opacity":"","overlay-gradient":""},"tablet":{"background-color":"var(--ast-global-color-5)","background-image":"","background-repeat":"repeat","background-position":"center center","background-size":"auto","background-attachment":"scroll","background-type":"","background-media":"","overlay-type":"","overlay-color":"","overlay-opacity":"","overlay-gradient":""},"mobile":{"background-color":"var(--ast-global-color-5)","background-image":"","background-repeat":"repeat","background-position":"center center","background-size":"auto","background-attachment":"scroll","background-type":"","background-media":"","overlay-type":"","overlay-color":"","overlay-opacity":"","overlay-gradient":""}},"footnotes":""},"class_list":["post-3830","page","type-page","status-publish","hentry"],"yoast_head":"<!-- This site is optimized with the Yoast SEO plugin v27.2 - https:\/\/yoast.com\/product\/yoast-seo-wordpress\/ -->\n<title>Pt-sprint 2024 ennakko - SK Pohjant\u00e4hti<\/title>\n<meta name=\"robots\" content=\"index, follow, max-snippet:-1, max-image-preview:large, max-video-preview:-1\" \/>\n<link rel=\"canonical\" href=\"https:\/\/skpohjantahti.fi\/index.php\/ptsprint24ennakko\/\" \/>\n<meta property=\"og:locale\" content=\"fi_FI\" \/>\n<meta property=\"og:type\" content=\"article\" \/>\n<meta property=\"og:title\" content=\"Pt-sprint 2024 ennakko - SK Pohjant\u00e4hti\" \/>\n<meta property=\"og:description\" content=\"Pohjant\u00e4hti-sprintti juostaan perinteiseen tapaan viikko ennen SM-sprintti\u00e4 eli sunnuntaina 5.5. Sprintti sis\u00e4lt\u00e4\u00e4 kaksi erillist\u00e4 kilpailua eri alueilla ja tulokset muodostuvat yhteisaikojen mukaan. Aamup\u00e4iv\u00e4n kilpailu on my\u00f6s Pohjois-Pohjanmaan mestaruuskilpailu. Alueena k\u00e4yt\u00f6ss\u00e4 on Hein\u00e4p\u00e4\u00e4 ja Ly\u00f6tyn etel\u00e4osa, sis\u00e4lt\u00e4en p\u00e4\u00e4osin sprinttisuunnistuksen kannalta uutta aluetta. Hein\u00e4p\u00e4\u00e4n urheilukeskuksesta on vanha sprinttikartta, jossa on viimeksi suunnistettu talvisarjaa muutama vuosi sitten. Kuten [&hellip;]\" \/>\n<meta property=\"og:url\" content=\"https:\/\/skpohjantahti.fi\/index.php\/ptsprint24ennakko\/\" \/>\n<meta property=\"og:site_name\" content=\"SK Pohjant\u00e4hti\" \/>\n<meta property=\"article:publisher\" content=\"https:\/\/www.facebook.com\/skpohjantahti\" \/>\n<meta property=\"article:modified_time\" content=\"2024-03-11T07:54:15+00:00\" \/>\n<meta property=\"og:image\" content=\"https:\/\/skpohjantahti.fi\/uudet\/wp-content\/uploads\/2024\/03\/ptsprint24.jpg\" \/>\n<meta name=\"twitter:card\" content=\"summary_large_image\" \/>\n<meta name=\"twitter:label1\" content=\"Arvioitu lukuaika\" \/>\n\t<meta name=\"twitter:data1\" content=\"1 minuutti\" \/>\n<script type=\"application\/ld+json\" class=\"yoast-schema-graph\">{\"@context\":\"https:\/\/schema.org\",\"@graph\":[{\"@type\":\"WebPage\",\"@id\":\"https:\/\/skpohjantahti.fi\/index.php\/ptsprint24ennakko\/\",\"url\":\"https:\/\/skpohjantahti.fi\/index.php\/ptsprint24ennakko\/\",\"name\":\"Pt-sprint 2024 ennakko - SK Pohjant\u00e4hti\",\"isPartOf\":{\"@id\":\"https:\/\/skpohjantahti.fi\/#website\"},\"primaryImageOfPage\":{\"@id\":\"https:\/\/skpohjantahti.fi\/index.php\/ptsprint24ennakko\/#primaryimage\"},\"image\":{\"@id\":\"https:\/\/skpohjantahti.fi\/index.php\/ptsprint24ennakko\/#primaryimage\"},\"thumbnailUrl\":\"https:\/\/skpohjantahti.fi\/uudet\/wp-content\/uploads\/2024\/03\/ptsprint24.jpg\",\"datePublished\":\"2024-03-07T06:26:18+00:00\",\"dateModified\":\"2024-03-11T07:54:15+00:00\",\"breadcrumb\":{\"@id\":\"https:\/\/skpohjantahti.fi\/index.php\/ptsprint24ennakko\/#breadcrumb\"},\"inLanguage\":\"fi\",\"potentialAction\":[{\"@type\":\"ReadAction\",\"target\":[\"https:\/\/skpohjantahti.fi\/index.php\/ptsprint24ennakko\/\"]}]},{\"@type\":\"ImageObject\",\"inLanguage\":\"fi\",\"@id\":\"https:\/\/skpohjantahti.fi\/index.php\/ptsprint24ennakko\/#primaryimage\",\"url\":\"https:\/\/skpohjantahti.fi\/uudet\/wp-content\/uploads\/2024\/03\/ptsprint24.jpg\",\"contentUrl\":\"https:\/\/skpohjantahti.fi\/uudet\/wp-content\/uploads\/2024\/03\/ptsprint24.jpg\",\"width\":700,\"height\":700},{\"@type\":\"BreadcrumbList\",\"@id\":\"https:\/\/skpohjantahti.fi\/index.php\/ptsprint24ennakko\/#breadcrumb\",\"itemListElement\":[{\"@type\":\"ListItem\",\"position\":1,\"name\":\"Etusivu\",\"item\":\"https:\/\/skpohjantahti.fi\/\"},{\"@type\":\"ListItem\",\"position\":2,\"name\":\"Pt-sprint 2024 ennakko\"}]},{\"@type\":\"WebSite\",\"@id\":\"https:\/\/skpohjantahti.fi\/#website\",\"url\":\"https:\/\/skpohjantahti.fi\/\",\"name\":\"SK Pohjant\u00e4hti\",\"description\":\"Oululainen suunnistusseura\",\"publisher\":{\"@id\":\"https:\/\/skpohjantahti.fi\/#organization\"},\"potentialAction\":[{\"@type\":\"SearchAction\",\"target\":{\"@type\":\"EntryPoint\",\"urlTemplate\":\"https:\/\/skpohjantahti.fi\/?s={search_term_string}\"},\"query-input\":{\"@type\":\"PropertyValueSpecification\",\"valueRequired\":true,\"valueName\":\"search_term_string\"}}],\"inLanguage\":\"fi\"},{\"@type\":\"Organization\",\"@id\":\"https:\/\/skpohjantahti.fi\/#organization\",\"name\":\"SK Pohjant\u00e4hti\",\"url\":\"https:\/\/skpohjantahti.fi\/\",\"logo\":{\"@type\":\"ImageObject\",\"inLanguage\":\"fi\",\"@id\":\"https:\/\/skpohjantahti.fi\/#\/schema\/logo\/image\/\",\"url\":\"https:\/\/skpohjantahti.fi\/uudet\/wp-content\/uploads\/2022\/04\/cropped-pohjantahti_log_netti_pieni.jpg\",\"contentUrl\":\"https:\/\/skpohjantahti.fi\/uudet\/wp-content\/uploads\/2022\/04\/cropped-pohjantahti_log_netti_pieni.jpg\",\"width\":198,\"height\":66,\"caption\":\"SK Pohjant\u00e4hti\"},\"image\":{\"@id\":\"https:\/\/skpohjantahti.fi\/#\/schema\/logo\/image\/\"},\"sameAs\":[\"https:\/\/www.facebook.com\/skpohjantahti\",\"https:\/\/www.instagram.com\/sk_pohjantahti\/\"]}]}<\/script>\n<!-- \/ Yoast SEO plugin. -->","yoast_head_json":{"title":"Pt-sprint 2024 ennakko - SK Pohjant\u00e4hti","robots":{"index":"index","follow":"follow","max-snippet":"max-snippet:-1","max-image-preview":"max-image-preview:large","max-video-preview":"max-video-preview:-1"},"canonical":"https:\/\/skpohjantahti.fi\/index.php\/ptsprint24ennakko\/","og_locale":"fi_FI","og_type":"article","og_title":"Pt-sprint 2024 ennakko - SK Pohjant\u00e4hti","og_description":"Pohjant\u00e4hti-sprintti juostaan perinteiseen tapaan viikko ennen SM-sprintti\u00e4 eli sunnuntaina 5.5. Sprintti sis\u00e4lt\u00e4\u00e4 kaksi erillist\u00e4 kilpailua eri alueilla ja tulokset muodostuvat yhteisaikojen mukaan. Aamup\u00e4iv\u00e4n kilpailu on my\u00f6s Pohjois-Pohjanmaan mestaruuskilpailu. Alueena k\u00e4yt\u00f6ss\u00e4 on Hein\u00e4p\u00e4\u00e4 ja Ly\u00f6tyn etel\u00e4osa, sis\u00e4lt\u00e4en p\u00e4\u00e4osin sprinttisuunnistuksen kannalta uutta aluetta. Hein\u00e4p\u00e4\u00e4n urheilukeskuksesta on vanha sprinttikartta, jossa on viimeksi suunnistettu talvisarjaa muutama vuosi sitten. Kuten [&hellip;]","og_url":"https:\/\/skpohjantahti.fi\/index.php\/ptsprint24ennakko\/","og_site_name":"SK Pohjant\u00e4hti","article_publisher":"https:\/\/www.facebook.com\/skpohjantahti","article_modified_time":"2024-03-11T07:54:15+00:00","og_image":[{"url":"https:\/\/skpohjantahti.fi\/uudet\/wp-content\/uploads\/2024\/03\/ptsprint24.jpg","type":"","width":"","height":""}],"twitter_card":"summary_large_image","twitter_misc":{"Arvioitu lukuaika":"1 minuutti"},"schema":{"@context":"https:\/\/schema.org","@graph":[{"@type":"WebPage","@id":"https:\/\/skpohjantahti.fi\/index.php\/ptsprint24ennakko\/","url":"https:\/\/skpohjantahti.fi\/index.php\/ptsprint24ennakko\/","name":"Pt-sprint 2024 ennakko - SK Pohjant\u00e4hti","isPartOf":{"@id":"https:\/\/skpohjantahti.fi\/#website"},"primaryImageOfPage":{"@id":"https:\/\/skpohjantahti.fi\/index.php\/ptsprint24ennakko\/#primaryimage"},"image":{"@id":"https:\/\/skpohjantahti.fi\/index.php\/ptsprint24ennakko\/#primaryimage"},"thumbnailUrl":"https:\/\/skpohjantahti.fi\/uudet\/wp-content\/uploads\/2024\/03\/ptsprint24.jpg","datePublished":"2024-03-07T06:26:18+00:00","dateModified":"2024-03-11T07:54:15+00:00","breadcrumb":{"@id":"https:\/\/skpohjantahti.fi\/index.php\/ptsprint24ennakko\/#breadcrumb"},"inLanguage":"fi","potentialAction":[{"@type":"ReadAction","target":["https:\/\/skpohjantahti.fi\/index.php\/ptsprint24ennakko\/"]}]},{"@type":"ImageObject","inLanguage":"fi","@id":"https:\/\/skpohjantahti.fi\/index.php\/ptsprint24ennakko\/#primaryimage","url":"https:\/\/skpohjantahti.fi\/uudet\/wp-content\/uploads\/2024\/03\/ptsprint24.jpg","contentUrl":"https:\/\/skpohjantahti.fi\/uudet\/wp-content\/uploads\/2024\/03\/ptsprint24.jpg","width":700,"height":700},{"@type":"BreadcrumbList","@id":"https:\/\/skpohjantahti.fi\/index.php\/ptsprint24ennakko\/#breadcrumb","itemListElement":[{"@type":"ListItem","position":1,"name":"Etusivu","item":"https:\/\/skpohjantahti.fi\/"},{"@type":"ListItem","position":2,"name":"Pt-sprint 2024 ennakko"}]},{"@type":"WebSite","@id":"https:\/\/skpohjantahti.fi\/#website","url":"https:\/\/skpohjantahti.fi\/","name":"SK Pohjant\u00e4hti","description":"Oululainen suunnistusseura","publisher":{"@id":"https:\/\/skpohjantahti.fi\/#organization"},"potentialAction":[{"@type":"SearchAction","target":{"@type":"EntryPoint","urlTemplate":"https:\/\/skpohjantahti.fi\/?s={search_term_string}"},"query-input":{"@type":"PropertyValueSpecification","valueRequired":true,"valueName":"search_term_string"}}],"inLanguage":"fi"},{"@type":"Organization","@id":"https:\/\/skpohjantahti.fi\/#organization","name":"SK Pohjant\u00e4hti","url":"https:\/\/skpohjantahti.fi\/","logo":{"@type":"ImageObject","inLanguage":"fi","@id":"https:\/\/skpohjantahti.fi\/#\/schema\/logo\/image\/","url":"https:\/\/skpohjantahti.fi\/uudet\/wp-content\/uploads\/2022\/04\/cropped-pohjantahti_log_netti_pieni.jpg","contentUrl":"https:\/\/skpohjantahti.fi\/uudet\/wp-content\/uploads\/2022\/04\/cropped-pohjantahti_log_netti_pieni.jpg","width":198,"height":66,"caption":"SK Pohjant\u00e4hti"},"image":{"@id":"https:\/\/skpohjantahti.fi\/#\/schema\/logo\/image\/"},"sameAs":["https:\/\/www.facebook.com\/skpohjantahti","https:\/\/www.instagram.com\/sk_pohjantahti\/"]}]}},"_links":{"self":[{"href":"https:\/\/skpohjantahti.fi\/index.php\/wp-json\/wp\/v2\/pages\/3830","targetHints":{"allow":["GET"]}}],"collection":[{"href":"https:\/\/skpohjantahti.fi\/index.php\/wp-json\/wp\/v2\/pages"}],"about":[{"href":"https:\/\/skpohjantahti.fi\/index.php\/wp-json\/wp\/v2\/types\/page"}],"author":[{"embeddable":true,"href":"https:\/\/skpohjantahti.fi\/index.php\/wp-json\/wp\/v2\/users\/2"}],"replies":[{"embeddable":true,"href":"https:\/\/skpohjantahti.fi\/index.php\/wp-json\/wp\/v2\/comments?post=3830"}],"version-history":[{"count":4,"href":"https:\/\/skpohjantahti.fi\/index.php\/wp-json\/wp\/v2\/pages\/3830\/revisions"}],"predecessor-version":[{"id":3892,"href":"https:\/\/skpohjantahti.fi\/index.php\/wp-json\/wp\/v2\/pages\/3830\/revisions\/3892"}],"wp:attachment":[{"href":"https:\/\/skpohjantahti.fi\/index.php\/wp-json\/wp\/v2\/media?parent=3830"}],"curies":[{"name":"wp","href":"https:\/\/api.w.org\/{rel}","templated":true}]}}