{"id":3893,"date":"2024-03-12T08:14:17","date_gmt":"2024-03-12T08:14:17","guid":{"rendered":"https:\/\/skpohjantahti.fi\/?page_id=3893"},"modified":"2024-03-12T08:14:17","modified_gmt":"2024-03-12T08:14:17","slug":"ptsprint24kutsu","status":"publish","type":"page","link":"https:\/\/skpohjantahti.fi\/index.php\/ptsprint24kutsu\/","title":{"rendered":"Pohjant\u00e4hti-sprint 2024 kutsu"},"content":{"rendered":"<p><strong>Sarjat ja maksut<\/strong>: H\/D21-85, H\/D20 osanottomaksu 32\u20ac\/17\u20ac, H\/D18-10 sek\u00e4 10 Avoin 22\u20ac\/12\u20ac.<br \/>\nEnsimm\u00e4inen hinta kaksi osakilpailua, toinen hinta yksi kilpailu. AM-kilpailu aamup\u00e4iv\u00e4n kilpailun<br \/>\nyhteydess\u00e4.<br \/>\n<strong>Matkat<\/strong>: S\u00e4\u00e4nt\u00f6m\u00e4\u00e4r\u00e4iset sprinttimatkat.<br \/>\n<strong>Ilmoittautuminen<\/strong>: Ilmoittautumiset maanantaina 29.4.2024 klo 24:00 menness\u00e4 Irmaan.<br \/>\nOngelmatilanteissa ja peruutuksissa ota yhteytt\u00e4 kilpailut@skpohjantahti.fi.<br \/>\n<strong>J\u00e4lki-ilmoittautuminen<\/strong>: J\u00e4lki-ilmoittautumiset keskiviikkona 1.5.2024 klo 24.00 menness\u00e4 Irmaan,<br \/>\npuolitoistakertainen maksu.<br \/>\n<strong>Leimaus<\/strong>: Emit\u2013leimaus. Emit kortin vuokra 3\u20ac, maksu infoon korttia noudettaessa.<br \/>\n<strong>Opastus<\/strong>: Oulun keskustan etel\u00e4laidalta, Aleksanterinkadun ja Puistokadun risteyksest\u00e4, josta lyhyt<br \/>\nmatka parkkiin kisakeskuksessa.<br \/>\n<strong>Ensimm\u00e4inen l\u00e4ht\u00f6<\/strong>: Sunnuntaina 5.5.2024 klo 11.00, toinen osa kello 13.45 alkaen.<br \/>\n<strong>Kartta<\/strong>: Sprinttisuunnistuskartta 1:4000\/2 m, H\/D35 ja vanhemmat 1:3000\/2 m. Tulostekartta 4\/2024.<br \/>\nAlue on harjoituskiellossa, tarkemmin suunnistuskarttarekisteriss\u00e4. S\u00e4\u00e4nt\u00f6jen mukaan kaikki liikkuminen<br \/>\non kielletty 2 viikkoa ennen kilpailua.<br \/>\n<strong>Toimihenkil\u00f6t<\/strong>: Kilpailun johtaja: Vesa Halonen 040 805 2049, Ratamestari: Panu Hyv\u00f6nen. Valvoja:<br \/>\nLasse Qvist (KoskRi).<br \/>\n<strong>Tiedottaja<\/strong>: Olli Liinamaa 040 546 1418.<br \/>\n<strong>L\u00e4ht\u00f6aikatiedustelut<\/strong>: Internetiss\u00e4 kisojen www-sivuilla https:\/\/skpohjantahti.fi\/index.php\/kilpailut\/<br \/>\nperjantaista 3.5.2024 klo 21:00 l\u00e4htien.<br \/>\n<strong>Kilpailukeskus<\/strong>: Oulu keskustan etel\u00e4puolella. Kilpailukeskuksessa kahvio.<br \/>\n<strong>Pys\u00e4k\u00f6inti<\/strong>: Kilpailukeskuksessa tai v\u00e4litt\u00f6m\u00e4ss\u00e4 l\u00e4heisyydess\u00e4.<br \/>\n<strong>Palkinnot<\/strong>: Palkinnot yhteisaikojen perusteella. Lapset 12- ja 10-vuotiaat kaikki palkitaan. Aamup\u00e4iv\u00e4n<br \/>\nAM kilpailussa AM-mitalit.<br \/>\n<strong>Muuta<\/strong>: Kuntosuunnistus, Oulurastit klo 15.00 alkaen, karttojen myynti infosta. Viikonloppuna tarjolla<br \/>\nsprinttiharjoituksia omatoimirasteina. Kts. kisasivuilta tarkemmat ohjeet. Tarkista kisasivuilta my\u00f6s<br \/>\nOriginal Sokos hotel Arinan majoitustarjous viikonlopuksi.<\/p>\n","protected":false},"excerpt":{"rendered":"<p>Sarjat ja maksut: H\/D21-85, H\/D20 osanottomaksu 32\u20ac\/17\u20ac, H\/D18-10 sek\u00e4 10 Avoin 22\u20ac\/12\u20ac. Ensimm\u00e4inen hinta kaksi osakilpailua, toinen hinta yksi kilpailu. AM-kilpailu aamup\u00e4iv\u00e4n kilpailun yhteydess\u00e4. Matkat: S\u00e4\u00e4nt\u00f6m\u00e4\u00e4r\u00e4iset sprinttimatkat. Ilmoittautuminen: Ilmoittautumiset maanantaina 29.4.2024 klo 24:00 menness\u00e4 Irmaan. Ongelmatilanteissa ja peruutuksissa ota yhteytt\u00e4 kilpailut@skpohjantahti.fi. J\u00e4lki-ilmoittautuminen: J\u00e4lki-ilmoittautumiset keskiviikkona 1.5.2024 klo 24.00 menness\u00e4 Irmaan, puolitoistakertainen maksu. Leimaus: Emit\u2013leimaus. Emit kortin [&hellip;]<\/p>\n","protected":false},"author":2,"featured_media":0,"parent":0,"menu_order":0,"comment_status":"closed","ping_status":"closed","template":"","meta":{"site-sidebar-layout":"default","site-content-layout":"default","ast-site-content-layout":"default","site-content-style":"default","site-sidebar-style":"default","ast-global-header-display":"","ast-banner-title-visibility":"","ast-main-header-display":"","ast-hfb-above-header-display":"","ast-hfb-below-header-display":"","ast-hfb-mobile-header-display":"","site-post-title":"","ast-breadcrumbs-content":"","ast-featured-img":"","footer-sml-layout":"","ast-disable-related-posts":"","theme-transparent-header-meta":"default","adv-header-id-meta":"","stick-header-meta":"","header-above-stick-meta":"","header-main-stick-meta":"","header-below-stick-meta":"","astra-migrate-meta-layouts":"default","ast-page-background-enabled":"default","ast-page-background-meta":{"desktop":{"background-color":"","background-image":"","background-repeat":"repeat","background-position":"center center","background-size":"auto","background-attachment":"scroll","background-type":"","background-media":"","overlay-type":"","overlay-color":"","overlay-opacity":"","overlay-gradient":""},"tablet":{"background-color":"","background-image":"","background-repeat":"repeat","background-position":"center center","background-size":"auto","background-attachment":"scroll","background-type":"","background-media":"","overlay-type":"","overlay-color":"","overlay-opacity":"","overlay-gradient":""},"mobile":{"background-color":"","background-image":"","background-repeat":"repeat","background-position":"center center","background-size":"auto","background-attachment":"scroll","background-type":"","background-media":"","overlay-type":"","overlay-color":"","overlay-opacity":"","overlay-gradient":""}},"ast-content-background-meta":{"desktop":{"background-color":"var(--ast-global-color-5)","background-image":"","background-repeat":"repeat","background-position":"center center","background-size":"auto","background-attachment":"scroll","background-type":"","background-media":"","overlay-type":"","overlay-color":"","overlay-opacity":"","overlay-gradient":""},"tablet":{"background-color":"var(--ast-global-color-5)","background-image":"","background-repeat":"repeat","background-position":"center center","background-size":"auto","background-attachment":"scroll","background-type":"","background-media":"","overlay-type":"","overlay-color":"","overlay-opacity":"","overlay-gradient":""},"mobile":{"background-color":"var(--ast-global-color-5)","background-image":"","background-repeat":"repeat","background-position":"center center","background-size":"auto","background-attachment":"scroll","background-type":"","background-media":"","overlay-type":"","overlay-color":"","overlay-opacity":"","overlay-gradient":""}},"footnotes":""},"class_list":["post-3893","page","type-page","status-publish","hentry"],"yoast_head":"<!-- This site is optimized with the Yoast SEO plugin v27.2 - https:\/\/yoast.com\/product\/yoast-seo-wordpress\/ -->\n<title>Pohjant\u00e4hti-sprint 2024 kutsu - SK Pohjant\u00e4hti<\/title>\n<meta name=\"robots\" content=\"index, follow, max-snippet:-1, max-image-preview:large, max-video-preview:-1\" \/>\n<link rel=\"canonical\" href=\"https:\/\/skpohjantahti.fi\/index.php\/ptsprint24kutsu\/\" \/>\n<meta property=\"og:locale\" content=\"fi_FI\" \/>\n<meta property=\"og:type\" content=\"article\" \/>\n<meta property=\"og:title\" content=\"Pohjant\u00e4hti-sprint 2024 kutsu - SK Pohjant\u00e4hti\" \/>\n<meta property=\"og:description\" content=\"Sarjat ja maksut: H\/D21-85, H\/D20 osanottomaksu 32\u20ac\/17\u20ac, H\/D18-10 sek\u00e4 10 Avoin 22\u20ac\/12\u20ac. Ensimm\u00e4inen hinta kaksi osakilpailua, toinen hinta yksi kilpailu. AM-kilpailu aamup\u00e4iv\u00e4n kilpailun yhteydess\u00e4. Matkat: S\u00e4\u00e4nt\u00f6m\u00e4\u00e4r\u00e4iset sprinttimatkat. Ilmoittautuminen: Ilmoittautumiset maanantaina 29.4.2024 klo 24:00 menness\u00e4 Irmaan. Ongelmatilanteissa ja peruutuksissa ota yhteytt\u00e4 kilpailut@skpohjantahti.fi. J\u00e4lki-ilmoittautuminen: J\u00e4lki-ilmoittautumiset keskiviikkona 1.5.2024 klo 24.00 menness\u00e4 Irmaan, puolitoistakertainen maksu. Leimaus: Emit\u2013leimaus. Emit kortin [&hellip;]\" \/>\n<meta property=\"og:url\" content=\"https:\/\/skpohjantahti.fi\/index.php\/ptsprint24kutsu\/\" \/>\n<meta property=\"og:site_name\" content=\"SK Pohjant\u00e4hti\" \/>\n<meta property=\"article:publisher\" content=\"https:\/\/www.facebook.com\/skpohjantahti\" \/>\n<meta name=\"twitter:card\" content=\"summary_large_image\" \/>\n<meta name=\"twitter:label1\" content=\"Arvioitu lukuaika\" \/>\n\t<meta name=\"twitter:data1\" content=\"1 minuutti\" \/>\n<script type=\"application\/ld+json\" class=\"yoast-schema-graph\">{\"@context\":\"https:\/\/schema.org\",\"@graph\":[{\"@type\":\"WebPage\",\"@id\":\"https:\/\/skpohjantahti.fi\/index.php\/ptsprint24kutsu\/\",\"url\":\"https:\/\/skpohjantahti.fi\/index.php\/ptsprint24kutsu\/\",\"name\":\"Pohjant\u00e4hti-sprint 2024 kutsu - SK Pohjant\u00e4hti\",\"isPartOf\":{\"@id\":\"https:\/\/skpohjantahti.fi\/#website\"},\"datePublished\":\"2024-03-12T08:14:17+00:00\",\"breadcrumb\":{\"@id\":\"https:\/\/skpohjantahti.fi\/index.php\/ptsprint24kutsu\/#breadcrumb\"},\"inLanguage\":\"fi\",\"potentialAction\":[{\"@type\":\"ReadAction\",\"target\":[\"https:\/\/skpohjantahti.fi\/index.php\/ptsprint24kutsu\/\"]}]},{\"@type\":\"BreadcrumbList\",\"@id\":\"https:\/\/skpohjantahti.fi\/index.php\/ptsprint24kutsu\/#breadcrumb\",\"itemListElement\":[{\"@type\":\"ListItem\",\"position\":1,\"name\":\"Etusivu\",\"item\":\"https:\/\/skpohjantahti.fi\/\"},{\"@type\":\"ListItem\",\"position\":2,\"name\":\"Pohjant\u00e4hti-sprint 2024 kutsu\"}]},{\"@type\":\"WebSite\",\"@id\":\"https:\/\/skpohjantahti.fi\/#website\",\"url\":\"https:\/\/skpohjantahti.fi\/\",\"name\":\"SK Pohjant\u00e4hti\",\"description\":\"Oululainen suunnistusseura\",\"publisher\":{\"@id\":\"https:\/\/skpohjantahti.fi\/#organization\"},\"potentialAction\":[{\"@type\":\"SearchAction\",\"target\":{\"@type\":\"EntryPoint\",\"urlTemplate\":\"https:\/\/skpohjantahti.fi\/?s={search_term_string}\"},\"query-input\":{\"@type\":\"PropertyValueSpecification\",\"valueRequired\":true,\"valueName\":\"search_term_string\"}}],\"inLanguage\":\"fi\"},{\"@type\":\"Organization\",\"@id\":\"https:\/\/skpohjantahti.fi\/#organization\",\"name\":\"SK Pohjant\u00e4hti\",\"url\":\"https:\/\/skpohjantahti.fi\/\",\"logo\":{\"@type\":\"ImageObject\",\"inLanguage\":\"fi\",\"@id\":\"https:\/\/skpohjantahti.fi\/#\/schema\/logo\/image\/\",\"url\":\"https:\/\/skpohjantahti.fi\/uudet\/wp-content\/uploads\/2022\/04\/cropped-pohjantahti_log_netti_pieni.jpg\",\"contentUrl\":\"https:\/\/skpohjantahti.fi\/uudet\/wp-content\/uploads\/2022\/04\/cropped-pohjantahti_log_netti_pieni.jpg\",\"width\":198,\"height\":66,\"caption\":\"SK Pohjant\u00e4hti\"},\"image\":{\"@id\":\"https:\/\/skpohjantahti.fi\/#\/schema\/logo\/image\/\"},\"sameAs\":[\"https:\/\/www.facebook.com\/skpohjantahti\",\"https:\/\/www.instagram.com\/sk_pohjantahti\/\"]}]}<\/script>\n<!-- \/ Yoast SEO plugin. -->","yoast_head_json":{"title":"Pohjant\u00e4hti-sprint 2024 kutsu - SK Pohjant\u00e4hti","robots":{"index":"index","follow":"follow","max-snippet":"max-snippet:-1","max-image-preview":"max-image-preview:large","max-video-preview":"max-video-preview:-1"},"canonical":"https:\/\/skpohjantahti.fi\/index.php\/ptsprint24kutsu\/","og_locale":"fi_FI","og_type":"article","og_title":"Pohjant\u00e4hti-sprint 2024 kutsu - SK Pohjant\u00e4hti","og_description":"Sarjat ja maksut: H\/D21-85, H\/D20 osanottomaksu 32\u20ac\/17\u20ac, H\/D18-10 sek\u00e4 10 Avoin 22\u20ac\/12\u20ac. Ensimm\u00e4inen hinta kaksi osakilpailua, toinen hinta yksi kilpailu. AM-kilpailu aamup\u00e4iv\u00e4n kilpailun yhteydess\u00e4. Matkat: S\u00e4\u00e4nt\u00f6m\u00e4\u00e4r\u00e4iset sprinttimatkat. Ilmoittautuminen: Ilmoittautumiset maanantaina 29.4.2024 klo 24:00 menness\u00e4 Irmaan. Ongelmatilanteissa ja peruutuksissa ota yhteytt\u00e4 kilpailut@skpohjantahti.fi. J\u00e4lki-ilmoittautuminen: J\u00e4lki-ilmoittautumiset keskiviikkona 1.5.2024 klo 24.00 menness\u00e4 Irmaan, puolitoistakertainen maksu. Leimaus: Emit\u2013leimaus. Emit kortin [&hellip;]","og_url":"https:\/\/skpohjantahti.fi\/index.php\/ptsprint24kutsu\/","og_site_name":"SK Pohjant\u00e4hti","article_publisher":"https:\/\/www.facebook.com\/skpohjantahti","twitter_card":"summary_large_image","twitter_misc":{"Arvioitu lukuaika":"1 minuutti"},"schema":{"@context":"https:\/\/schema.org","@graph":[{"@type":"WebPage","@id":"https:\/\/skpohjantahti.fi\/index.php\/ptsprint24kutsu\/","url":"https:\/\/skpohjantahti.fi\/index.php\/ptsprint24kutsu\/","name":"Pohjant\u00e4hti-sprint 2024 kutsu - SK Pohjant\u00e4hti","isPartOf":{"@id":"https:\/\/skpohjantahti.fi\/#website"},"datePublished":"2024-03-12T08:14:17+00:00","breadcrumb":{"@id":"https:\/\/skpohjantahti.fi\/index.php\/ptsprint24kutsu\/#breadcrumb"},"inLanguage":"fi","potentialAction":[{"@type":"ReadAction","target":["https:\/\/skpohjantahti.fi\/index.php\/ptsprint24kutsu\/"]}]},{"@type":"BreadcrumbList","@id":"https:\/\/skpohjantahti.fi\/index.php\/ptsprint24kutsu\/#breadcrumb","itemListElement":[{"@type":"ListItem","position":1,"name":"Etusivu","item":"https:\/\/skpohjantahti.fi\/"},{"@type":"ListItem","position":2,"name":"Pohjant\u00e4hti-sprint 2024 kutsu"}]},{"@type":"WebSite","@id":"https:\/\/skpohjantahti.fi\/#website","url":"https:\/\/skpohjantahti.fi\/","name":"SK Pohjant\u00e4hti","description":"Oululainen suunnistusseura","publisher":{"@id":"https:\/\/skpohjantahti.fi\/#organization"},"potentialAction":[{"@type":"SearchAction","target":{"@type":"EntryPoint","urlTemplate":"https:\/\/skpohjantahti.fi\/?s={search_term_string}"},"query-input":{"@type":"PropertyValueSpecification","valueRequired":true,"valueName":"search_term_string"}}],"inLanguage":"fi"},{"@type":"Organization","@id":"https:\/\/skpohjantahti.fi\/#organization","name":"SK Pohjant\u00e4hti","url":"https:\/\/skpohjantahti.fi\/","logo":{"@type":"ImageObject","inLanguage":"fi","@id":"https:\/\/skpohjantahti.fi\/#\/schema\/logo\/image\/","url":"https:\/\/skpohjantahti.fi\/uudet\/wp-content\/uploads\/2022\/04\/cropped-pohjantahti_log_netti_pieni.jpg","contentUrl":"https:\/\/skpohjantahti.fi\/uudet\/wp-content\/uploads\/2022\/04\/cropped-pohjantahti_log_netti_pieni.jpg","width":198,"height":66,"caption":"SK Pohjant\u00e4hti"},"image":{"@id":"https:\/\/skpohjantahti.fi\/#\/schema\/logo\/image\/"},"sameAs":["https:\/\/www.facebook.com\/skpohjantahti","https:\/\/www.instagram.com\/sk_pohjantahti\/"]}]}},"_links":{"self":[{"href":"https:\/\/skpohjantahti.fi\/index.php\/wp-json\/wp\/v2\/pages\/3893","targetHints":{"allow":["GET"]}}],"collection":[{"href":"https:\/\/skpohjantahti.fi\/index.php\/wp-json\/wp\/v2\/pages"}],"about":[{"href":"https:\/\/skpohjantahti.fi\/index.php\/wp-json\/wp\/v2\/types\/page"}],"author":[{"embeddable":true,"href":"https:\/\/skpohjantahti.fi\/index.php\/wp-json\/wp\/v2\/users\/2"}],"replies":[{"embeddable":true,"href":"https:\/\/skpohjantahti.fi\/index.php\/wp-json\/wp\/v2\/comments?post=3893"}],"version-history":[{"count":1,"href":"https:\/\/skpohjantahti.fi\/index.php\/wp-json\/wp\/v2\/pages\/3893\/revisions"}],"predecessor-version":[{"id":3894,"href":"https:\/\/skpohjantahti.fi\/index.php\/wp-json\/wp\/v2\/pages\/3893\/revisions\/3894"}],"wp:attachment":[{"href":"https:\/\/skpohjantahti.fi\/index.php\/wp-json\/wp\/v2\/media?parent=3893"}],"curies":[{"name":"wp","href":"https:\/\/api.w.org\/{rel}","templated":true}]}}