{"id":3932,"date":"2024-04-18T14:18:34","date_gmt":"2024-04-18T14:18:34","guid":{"rendered":"https:\/\/skpohjantahti.fi\/?page_id=3932"},"modified":"2026-03-22T16:28:35","modified_gmt":"2026-03-22T14:28:35","slug":"suunnistuskurssit","status":"publish","type":"page","link":"https:\/\/skpohjantahti.fi\/index.php\/suunnistuskurssit\/","title":{"rendered":"Suunnistuskurssit"},"content":{"rendered":"\t\t<div data-elementor-type=\"wp-page\" data-elementor-id=\"3932\" class=\"elementor elementor-3932\">\n\t\t\t\t\t\t<section class=\"elementor-section elementor-top-section elementor-element elementor-element-65f77efe elementor-section-boxed elementor-section-height-default elementor-section-height-default\" data-id=\"65f77efe\" data-element_type=\"section\">\n\t\t\t\t\t\t<div class=\"elementor-container elementor-column-gap-default\">\n\t\t\t\t\t<div class=\"elementor-column elementor-col-100 elementor-top-column elementor-element elementor-element-d5ca5ee\" data-id=\"d5ca5ee\" data-element_type=\"column\">\n\t\t\t<div class=\"elementor-widget-wrap elementor-element-populated\">\n\t\t\t\t\t\t<div class=\"elementor-element elementor-element-6a768ecf elementor-widget elementor-widget-text-editor\" data-id=\"6a768ecf\" data-element_type=\"widget\" data-widget_type=\"text-editor.default\">\n\t\t\t\t<div class=\"elementor-widget-container\">\n\t\t\t\t\t\t\t\t\t<p>SK Pohjant\u00e4hden suosittu suunnistuskurssi j\u00e4rjestet\u00e4\u00e4n vuosittain toukokuussa ja mahdollisuuksien mukaan toinen kurssi elokuussa. Kurssi on suunnattu nuorille noin 15 v yl\u00f6sp\u00e4in ja aikuisille. Kaikille avoimella kurssilla opitaan suunnistuksen perusteet alkeista alkaen. Osallistuminen ei siis edellyt\u00e4 aikaisempaa suunnistuskokemusta.<\/p><p><strong>Kurssin sis\u00e4lt\u00f6<\/strong><\/p><ul><li>Teoriaopetus: suunnistus lajina, suunnistuksen ja mets\u00e4ss\u00e4 liikkumisen taidot, karttamerkit, kartanluku<\/li><li>Kompassin k\u00e4yt\u00f6n opettelu ja rastinottoharjoitus<\/li><li>Kaksi maastoharjoitusta\u00a0<\/li><\/ul><p>Kurssin k\u00e4yty\u00e4\u00e4n osallistuja voi k\u00e4yd\u00e4 <span style=\"font-size: 1rem;\">omatoimisesti<\/span><span style=\"font-size: 1rem;\">\u00a0<\/span><span style=\"font-style: inherit; font-weight: inherit;\">Oulurasteilla suunnistamassa ja liikkua turvallisesti mets\u00e4ss\u00e4.<\/span><\/p><h4><span style=\"font-style: inherit; font-weight: inherit; color: #ff0000;\">Kev\u00e4\u00e4n 2026 kurssip\u00e4iv\u00e4t julkaistaan pian!<\/span><\/h4><p><strong>Elo-syyskuun 2025 kurssip\u00e4iv\u00e4t<\/strong><\/p><ul><li>ma 25.8. luento, PoPLi\/Kaijonharju 17: 30<\/li><li>ke 27.8 maastoharjoitus Lintulampi klo 17:00<\/li><li>ma 1.9. maastoharjoitus Sankivaara klo 17:00<\/li><li><p>ma 8.9. maastoharjoitus Pikkarala klo 17:00<\/p><\/li><\/ul><p><strong><span style=\"font-size: 16px;\">Hinta ja ilmoittautuminen<\/span><\/strong><\/p><ul><li><span style=\"font-size: 16px;\">Hinta 70 \u20ac, <\/span><span style=\"font-size: 16px;\">Kalevan tilaajille kumppanuusetuna 55 \u20ac <\/span><\/li><li><span style=\"font-size: 16px;\">Sitovat ilmoittautumiset osoitteessa:\u00a0 <\/span><a style=\"font-size: 16px; background-color: #ffffff;\" href=\"https:\/\/skpohjantahti.myclub.fi\/flow\/courses\/9348602\">Suunnistuskoulu 2025 &#8211; syksy (myclub.fi)<\/a><\/li><\/ul><div><p>Ilmoittautuminen tehd\u00e4\u00e4n myClub-j\u00e4rjestelm\u00e4ss\u00e4 (linkki yll\u00e4), josta jatkossa l\u00f6ytyy tarkemmat kurssi- ja tapahtumatiedot. Sivusto opastaa ensin luomaan k\u00e4ytt\u00e4j\u00e4tilin, eli MyClub ID:n, ellei sinulla sit\u00e4 jo ole, ja sen j\u00e4lkeen niin sanotun j\u00e4sentilin. Ilmoittautumiseen riitt\u00e4\u00e4 t\u00e4ytt\u00e4\u00e4 vain nimi ja yhteystiedot.<\/p><p>Kurssille otetaan max 25 henkil\u00f6\u00e4 ilmoittautumisj\u00e4rjestyksess\u00e4. Sen j\u00e4lkeenkin voi ilmoittautua jonoon (my\u00f6s myClubissa). Mik\u00e4li halukkaita on paljon enemm\u00e4n kuin 25, selvitell\u00e4\u00e4n mahdollisuutta k\u00e4ynnist\u00e4\u00e4 toinen ryhm\u00e4.<\/p><p>Ilmoittauduttuasi saat s\u00e4hk\u00f6postilla laskun, jolla maksat kurssille osallistumisen.<\/p><p>Lis\u00e4tietoja voi kysy\u00e4\u00a0<a href=\"mailto:suunnistuskoulu@skpohjantahti.fi\" target=\"_blank\" rel=\"nofollow noopener noreferrer\">suunnistuskoulu@<wbr \/>skpohjantahti.fi<\/a><\/p><\/div><p><strong>Ilmoittautumalla tapahtumaan hyv\u00e4ksyt seuraavat ehdot<\/strong><\/p><ul><li>Ilmoittautumismaksu voidaan palauttaa vain l\u00e4\u00e4k\u00e4rintodistusta vastaan.<\/li><li>Jokainen vastaa omasta vakuutusturvastaan. SK Pohjant\u00e4hti ei vastaa osallistujille tapahtuvista mahdollisista vahingoista.<\/li><li>Tapahtuman aikana valokuvataan sek\u00e4 videokuvataan, valokuvia sek\u00e4 videoita voidaan julkaista sosiaalisissa medioissa sek\u00e4 internetiss\u00e4. SK Pohjant\u00e4hti pid\u00e4tt\u00e4\u00e4 oikeuden julkaista hyv\u00e4n maun mukaista materiaalia kuvaajan luvalla.<\/li><\/ul>\t\t\t\t\t\t\t\t<\/div>\n\t\t\t\t<\/div>\n\t\t\t\t\t<\/div>\n\t\t<\/div>\n\t\t\t\t\t<\/div>\n\t\t<\/section>\n\t\t\t\t<\/div>\n\t\t","protected":false},"excerpt":{"rendered":"<p>SK Pohjant\u00e4hden suosittu suunnistuskurssi j\u00e4rjestet\u00e4\u00e4n vuosittain toukokuussa ja mahdollisuuksien mukaan toinen kurssi elokuussa. Kurssi on suunnattu nuorille noin 15 v yl\u00f6sp\u00e4in ja aikuisille. Kaikille avoimella kurssilla opitaan suunnistuksen perusteet alkeista alkaen. Osallistuminen ei siis edellyt\u00e4 aikaisempaa suunnistuskokemusta. Kurssin sis\u00e4lt\u00f6 Teoriaopetus: suunnistus lajina, suunnistuksen ja mets\u00e4ss\u00e4 liikkumisen taidot, karttamerkit, kartanluku Kompassin k\u00e4yt\u00f6n opettelu ja rastinottoharjoitus Kaksi [&hellip;]<\/p>\n","protected":false},"author":2,"featured_media":0,"parent":0,"menu_order":0,"comment_status":"closed","ping_status":"closed","template":"","meta":{"site-sidebar-layout":"default","site-content-layout":"default","ast-site-content-layout":"default","site-content-style":"default","site-sidebar-style":"default","ast-global-header-display":"","ast-banner-title-visibility":"","ast-main-header-display":"","ast-hfb-above-header-display":"","ast-hfb-below-header-display":"","ast-hfb-mobile-header-display":"","site-post-title":"","ast-breadcrumbs-content":"","ast-featured-img":"","footer-sml-layout":"","ast-disable-related-posts":"","theme-transparent-header-meta":"default","adv-header-id-meta":"","stick-header-meta":"","header-above-stick-meta":"","header-main-stick-meta":"","header-below-stick-meta":"","astra-migrate-meta-layouts":"default","ast-page-background-enabled":"default","ast-page-background-meta":{"desktop":{"background-color":"","background-image":"","background-repeat":"repeat","background-position":"center center","background-size":"auto","background-attachment":"scroll","background-type":"","background-media":"","overlay-type":"","overlay-color":"","overlay-opacity":"","overlay-gradient":""},"tablet":{"background-color":"","background-image":"","background-repeat":"repeat","background-position":"center center","background-size":"auto","background-attachment":"scroll","background-type":"","background-media":"","overlay-type":"","overlay-color":"","overlay-opacity":"","overlay-gradient":""},"mobile":{"background-color":"","background-image":"","background-repeat":"repeat","background-position":"center center","background-size":"auto","background-attachment":"scroll","background-type":"","background-media":"","overlay-type":"","overlay-color":"","overlay-opacity":"","overlay-gradient":""}},"ast-content-background-meta":{"desktop":{"background-color":"var(--ast-global-color-5)","background-image":"","background-repeat":"repeat","background-position":"center center","background-size":"auto","background-attachment":"scroll","background-type":"","background-media":"","overlay-type":"","overlay-color":"","overlay-opacity":"","overlay-gradient":""},"tablet":{"background-color":"var(--ast-global-color-5)","background-image":"","background-repeat":"repeat","background-position":"center center","background-size":"auto","background-attachment":"scroll","background-type":"","background-media":"","overlay-type":"","overlay-color":"","overlay-opacity":"","overlay-gradient":""},"mobile":{"background-color":"var(--ast-global-color-5)","background-image":"","background-repeat":"repeat","background-position":"center center","background-size":"auto","background-attachment":"scroll","background-type":"","background-media":"","overlay-type":"","overlay-color":"","overlay-opacity":"","overlay-gradient":""}},"footnotes":""},"class_list":["post-3932","page","type-page","status-publish","hentry"],"yoast_head":"<!-- This site is optimized with the Yoast SEO plugin v27.2 - https:\/\/yoast.com\/product\/yoast-seo-wordpress\/ -->\n<title>Suunnistuskurssit - SK Pohjant\u00e4hti<\/title>\n<meta name=\"robots\" content=\"index, follow, max-snippet:-1, max-image-preview:large, max-video-preview:-1\" \/>\n<link rel=\"canonical\" href=\"https:\/\/skpohjantahti.fi\/index.php\/suunnistuskurssit\/\" \/>\n<meta property=\"og:locale\" content=\"fi_FI\" \/>\n<meta property=\"og:type\" content=\"article\" \/>\n<meta property=\"og:title\" content=\"Suunnistuskurssit - SK Pohjant\u00e4hti\" \/>\n<meta property=\"og:description\" content=\"SK Pohjant\u00e4hden suosittu suunnistuskurssi j\u00e4rjestet\u00e4\u00e4n vuosittain toukokuussa ja mahdollisuuksien mukaan toinen kurssi elokuussa. Kurssi on suunnattu nuorille noin 15 v yl\u00f6sp\u00e4in ja aikuisille. Kaikille avoimella kurssilla opitaan suunnistuksen perusteet alkeista alkaen. Osallistuminen ei siis edellyt\u00e4 aikaisempaa suunnistuskokemusta. Kurssin sis\u00e4lt\u00f6 Teoriaopetus: suunnistus lajina, suunnistuksen ja mets\u00e4ss\u00e4 liikkumisen taidot, karttamerkit, kartanluku Kompassin k\u00e4yt\u00f6n opettelu ja rastinottoharjoitus Kaksi [&hellip;]\" \/>\n<meta property=\"og:url\" content=\"https:\/\/skpohjantahti.fi\/index.php\/suunnistuskurssit\/\" \/>\n<meta property=\"og:site_name\" content=\"SK Pohjant\u00e4hti\" \/>\n<meta property=\"article:publisher\" content=\"https:\/\/www.facebook.com\/skpohjantahti\" \/>\n<meta property=\"article:modified_time\" content=\"2026-03-22T14:28:35+00:00\" \/>\n<meta name=\"twitter:card\" content=\"summary_large_image\" \/>\n<meta name=\"twitter:label1\" content=\"Arvioitu lukuaika\" \/>\n\t<meta name=\"twitter:data1\" content=\"2 minuuttia\" \/>\n<script type=\"application\/ld+json\" class=\"yoast-schema-graph\">{\"@context\":\"https:\/\/schema.org\",\"@graph\":[{\"@type\":\"WebPage\",\"@id\":\"https:\/\/skpohjantahti.fi\/index.php\/suunnistuskurssit\/\",\"url\":\"https:\/\/skpohjantahti.fi\/index.php\/suunnistuskurssit\/\",\"name\":\"Suunnistuskurssit - SK Pohjant\u00e4hti\",\"isPartOf\":{\"@id\":\"https:\/\/skpohjantahti.fi\/#website\"},\"datePublished\":\"2024-04-18T14:18:34+00:00\",\"dateModified\":\"2026-03-22T14:28:35+00:00\",\"breadcrumb\":{\"@id\":\"https:\/\/skpohjantahti.fi\/index.php\/suunnistuskurssit\/#breadcrumb\"},\"inLanguage\":\"fi\",\"potentialAction\":[{\"@type\":\"ReadAction\",\"target\":[\"https:\/\/skpohjantahti.fi\/index.php\/suunnistuskurssit\/\"]}]},{\"@type\":\"BreadcrumbList\",\"@id\":\"https:\/\/skpohjantahti.fi\/index.php\/suunnistuskurssit\/#breadcrumb\",\"itemListElement\":[{\"@type\":\"ListItem\",\"position\":1,\"name\":\"Etusivu\",\"item\":\"https:\/\/skpohjantahti.fi\/\"},{\"@type\":\"ListItem\",\"position\":2,\"name\":\"Suunnistuskurssit\"}]},{\"@type\":\"WebSite\",\"@id\":\"https:\/\/skpohjantahti.fi\/#website\",\"url\":\"https:\/\/skpohjantahti.fi\/\",\"name\":\"SK Pohjant\u00e4hti\",\"description\":\"Oululainen suunnistusseura\",\"publisher\":{\"@id\":\"https:\/\/skpohjantahti.fi\/#organization\"},\"potentialAction\":[{\"@type\":\"SearchAction\",\"target\":{\"@type\":\"EntryPoint\",\"urlTemplate\":\"https:\/\/skpohjantahti.fi\/?s={search_term_string}\"},\"query-input\":{\"@type\":\"PropertyValueSpecification\",\"valueRequired\":true,\"valueName\":\"search_term_string\"}}],\"inLanguage\":\"fi\"},{\"@type\":\"Organization\",\"@id\":\"https:\/\/skpohjantahti.fi\/#organization\",\"name\":\"SK Pohjant\u00e4hti\",\"url\":\"https:\/\/skpohjantahti.fi\/\",\"logo\":{\"@type\":\"ImageObject\",\"inLanguage\":\"fi\",\"@id\":\"https:\/\/skpohjantahti.fi\/#\/schema\/logo\/image\/\",\"url\":\"https:\/\/skpohjantahti.fi\/uudet\/wp-content\/uploads\/2022\/04\/cropped-pohjantahti_log_netti_pieni.jpg\",\"contentUrl\":\"https:\/\/skpohjantahti.fi\/uudet\/wp-content\/uploads\/2022\/04\/cropped-pohjantahti_log_netti_pieni.jpg\",\"width\":198,\"height\":66,\"caption\":\"SK Pohjant\u00e4hti\"},\"image\":{\"@id\":\"https:\/\/skpohjantahti.fi\/#\/schema\/logo\/image\/\"},\"sameAs\":[\"https:\/\/www.facebook.com\/skpohjantahti\",\"https:\/\/www.instagram.com\/sk_pohjantahti\/\"]}]}<\/script>\n<!-- \/ Yoast SEO plugin. -->","yoast_head_json":{"title":"Suunnistuskurssit - SK Pohjant\u00e4hti","robots":{"index":"index","follow":"follow","max-snippet":"max-snippet:-1","max-image-preview":"max-image-preview:large","max-video-preview":"max-video-preview:-1"},"canonical":"https:\/\/skpohjantahti.fi\/index.php\/suunnistuskurssit\/","og_locale":"fi_FI","og_type":"article","og_title":"Suunnistuskurssit - SK Pohjant\u00e4hti","og_description":"SK Pohjant\u00e4hden suosittu suunnistuskurssi j\u00e4rjestet\u00e4\u00e4n vuosittain toukokuussa ja mahdollisuuksien mukaan toinen kurssi elokuussa. Kurssi on suunnattu nuorille noin 15 v yl\u00f6sp\u00e4in ja aikuisille. Kaikille avoimella kurssilla opitaan suunnistuksen perusteet alkeista alkaen. Osallistuminen ei siis edellyt\u00e4 aikaisempaa suunnistuskokemusta. Kurssin sis\u00e4lt\u00f6 Teoriaopetus: suunnistus lajina, suunnistuksen ja mets\u00e4ss\u00e4 liikkumisen taidot, karttamerkit, kartanluku Kompassin k\u00e4yt\u00f6n opettelu ja rastinottoharjoitus Kaksi [&hellip;]","og_url":"https:\/\/skpohjantahti.fi\/index.php\/suunnistuskurssit\/","og_site_name":"SK Pohjant\u00e4hti","article_publisher":"https:\/\/www.facebook.com\/skpohjantahti","article_modified_time":"2026-03-22T14:28:35+00:00","twitter_card":"summary_large_image","twitter_misc":{"Arvioitu lukuaika":"2 minuuttia"},"schema":{"@context":"https:\/\/schema.org","@graph":[{"@type":"WebPage","@id":"https:\/\/skpohjantahti.fi\/index.php\/suunnistuskurssit\/","url":"https:\/\/skpohjantahti.fi\/index.php\/suunnistuskurssit\/","name":"Suunnistuskurssit - SK Pohjant\u00e4hti","isPartOf":{"@id":"https:\/\/skpohjantahti.fi\/#website"},"datePublished":"2024-04-18T14:18:34+00:00","dateModified":"2026-03-22T14:28:35+00:00","breadcrumb":{"@id":"https:\/\/skpohjantahti.fi\/index.php\/suunnistuskurssit\/#breadcrumb"},"inLanguage":"fi","potentialAction":[{"@type":"ReadAction","target":["https:\/\/skpohjantahti.fi\/index.php\/suunnistuskurssit\/"]}]},{"@type":"BreadcrumbList","@id":"https:\/\/skpohjantahti.fi\/index.php\/suunnistuskurssit\/#breadcrumb","itemListElement":[{"@type":"ListItem","position":1,"name":"Etusivu","item":"https:\/\/skpohjantahti.fi\/"},{"@type":"ListItem","position":2,"name":"Suunnistuskurssit"}]},{"@type":"WebSite","@id":"https:\/\/skpohjantahti.fi\/#website","url":"https:\/\/skpohjantahti.fi\/","name":"SK Pohjant\u00e4hti","description":"Oululainen suunnistusseura","publisher":{"@id":"https:\/\/skpohjantahti.fi\/#organization"},"potentialAction":[{"@type":"SearchAction","target":{"@type":"EntryPoint","urlTemplate":"https:\/\/skpohjantahti.fi\/?s={search_term_string}"},"query-input":{"@type":"PropertyValueSpecification","valueRequired":true,"valueName":"search_term_string"}}],"inLanguage":"fi"},{"@type":"Organization","@id":"https:\/\/skpohjantahti.fi\/#organization","name":"SK Pohjant\u00e4hti","url":"https:\/\/skpohjantahti.fi\/","logo":{"@type":"ImageObject","inLanguage":"fi","@id":"https:\/\/skpohjantahti.fi\/#\/schema\/logo\/image\/","url":"https:\/\/skpohjantahti.fi\/uudet\/wp-content\/uploads\/2022\/04\/cropped-pohjantahti_log_netti_pieni.jpg","contentUrl":"https:\/\/skpohjantahti.fi\/uudet\/wp-content\/uploads\/2022\/04\/cropped-pohjantahti_log_netti_pieni.jpg","width":198,"height":66,"caption":"SK Pohjant\u00e4hti"},"image":{"@id":"https:\/\/skpohjantahti.fi\/#\/schema\/logo\/image\/"},"sameAs":["https:\/\/www.facebook.com\/skpohjantahti","https:\/\/www.instagram.com\/sk_pohjantahti\/"]}]}},"_links":{"self":[{"href":"https:\/\/skpohjantahti.fi\/index.php\/wp-json\/wp\/v2\/pages\/3932","targetHints":{"allow":["GET"]}}],"collection":[{"href":"https:\/\/skpohjantahti.fi\/index.php\/wp-json\/wp\/v2\/pages"}],"about":[{"href":"https:\/\/skpohjantahti.fi\/index.php\/wp-json\/wp\/v2\/types\/page"}],"author":[{"embeddable":true,"href":"https:\/\/skpohjantahti.fi\/index.php\/wp-json\/wp\/v2\/users\/2"}],"replies":[{"embeddable":true,"href":"https:\/\/skpohjantahti.fi\/index.php\/wp-json\/wp\/v2\/comments?post=3932"}],"version-history":[{"count":56,"href":"https:\/\/skpohjantahti.fi\/index.php\/wp-json\/wp\/v2\/pages\/3932\/revisions"}],"predecessor-version":[{"id":5556,"href":"https:\/\/skpohjantahti.fi\/index.php\/wp-json\/wp\/v2\/pages\/3932\/revisions\/5556"}],"wp:attachment":[{"href":"https:\/\/skpohjantahti.fi\/index.php\/wp-json\/wp\/v2\/media?parent=3932"}],"curies":[{"name":"wp","href":"https:\/\/api.w.org\/{rel}","templated":true}]}}