{"id":3945,"date":"2024-04-20T17:17:06","date_gmt":"2024-04-20T17:17:06","guid":{"rendered":"https:\/\/skpohjantahti.fi\/?page_id=3945"},"modified":"2024-09-01T11:06:14","modified_gmt":"2024-09-01T11:06:14","slug":"kompassi-tapahtumat-2024","status":"publish","type":"page","link":"https:\/\/skpohjantahti.fi\/index.php\/kompassi-tapahtumat-2024\/","title":{"rendered":"Kompassi-tapahtumat 2024"},"content":{"rendered":"\t\t<div data-elementor-type=\"wp-page\" data-elementor-id=\"3945\" class=\"elementor elementor-3945\">\n\t\t\t\t\t\t<section class=\"elementor-section elementor-top-section elementor-element elementor-element-504ea14 elementor-section-boxed elementor-section-height-default elementor-section-height-default\" data-id=\"504ea14\" data-element_type=\"section\">\n\t\t\t\t\t\t<div class=\"elementor-container elementor-column-gap-default\">\n\t\t\t\t\t<div class=\"elementor-column elementor-col-100 elementor-top-column elementor-element elementor-element-be6411a\" data-id=\"be6411a\" data-element_type=\"column\">\n\t\t\t<div class=\"elementor-widget-wrap elementor-element-populated\">\n\t\t\t\t\t\t<div class=\"elementor-element elementor-element-98aaa38 elementor-widget elementor-widget-heading\" data-id=\"98aaa38\" data-element_type=\"widget\" data-widget_type=\"heading.default\">\n\t\t\t\t<div class=\"elementor-widget-container\">\n\t\t\t\t\t<h2 class=\"elementor-heading-title elementor-size-default\">Kompassi-tapahtumat 2024<\/h2>\t\t\t\t<\/div>\n\t\t\t\t<\/div>\n\t\t\t\t\t<\/div>\n\t\t<\/div>\n\t\t\t\t\t<\/div>\n\t\t<\/section>\n\t\t\t\t<section class=\"elementor-section elementor-top-section elementor-element elementor-element-4507e31 elementor-section-boxed elementor-section-height-default elementor-section-height-default\" data-id=\"4507e31\" data-element_type=\"section\">\n\t\t\t\t\t\t<div class=\"elementor-container elementor-column-gap-default\">\n\t\t\t\t\t<div class=\"elementor-column elementor-col-50 elementor-top-column elementor-element elementor-element-24f52db\" data-id=\"24f52db\" data-element_type=\"column\">\n\t\t\t<div class=\"elementor-widget-wrap elementor-element-populated\">\n\t\t\t\t\t\t<div class=\"elementor-element elementor-element-cb235fe elementor-widget elementor-widget-image\" data-id=\"cb235fe\" data-element_type=\"widget\" data-widget_type=\"image.default\">\n\t\t\t\t<div class=\"elementor-widget-container\">\n\t\t\t\t\t\t\t\t\t\t\t\t\t\t\t<img decoding=\"async\" width=\"300\" height=\"150\" src=\"https:\/\/skpohjantahti.fi\/uudet\/wp-content\/uploads\/2023\/04\/tapahtumat_tahtaimessa_1_rgb-1-300x150.jpg\" class=\"attachment-medium size-medium wp-image-2910\" alt=\"\" srcset=\"https:\/\/skpohjantahti.fi\/uudet\/wp-content\/uploads\/2023\/04\/tapahtumat_tahtaimessa_1_rgb-1-300x150.jpg 300w, https:\/\/skpohjantahti.fi\/uudet\/wp-content\/uploads\/2023\/04\/tapahtumat_tahtaimessa_1_rgb-1-1024x512.jpg 1024w, https:\/\/skpohjantahti.fi\/uudet\/wp-content\/uploads\/2023\/04\/tapahtumat_tahtaimessa_1_rgb-1-768x384.jpg 768w, https:\/\/skpohjantahti.fi\/uudet\/wp-content\/uploads\/2023\/04\/tapahtumat_tahtaimessa_1_rgb-1-1536x768.jpg 1536w, https:\/\/skpohjantahti.fi\/uudet\/wp-content\/uploads\/2023\/04\/tapahtumat_tahtaimessa_1_rgb-1-2048x1024.jpg 2048w\" sizes=\"(max-width: 300px) 100vw, 300px\" \/>\t\t\t\t\t\t\t\t\t\t\t\t\t\t\t<\/div>\n\t\t\t\t<\/div>\n\t\t\t\t\t<\/div>\n\t\t<\/div>\n\t\t\t\t<div class=\"elementor-column elementor-col-50 elementor-top-column elementor-element elementor-element-8191241\" data-id=\"8191241\" data-element_type=\"column\">\n\t\t\t<div class=\"elementor-widget-wrap elementor-element-populated\">\n\t\t\t\t\t\t<div class=\"elementor-element elementor-element-dea2d7b elementor-widget elementor-widget-text-editor\" data-id=\"dea2d7b\" data-element_type=\"widget\" data-widget_type=\"text-editor.default\">\n\t\t\t\t<div class=\"elementor-widget-container\">\n\t\t\t\t\t\t\t\t\t<p>Kompassi-tapahtumat ovat suunnistustapahtumia, jotka on suunniteltu lasten ehdoilla. Tapahtumista l\u00f6ytyy innostavia suunnistusteht\u00e4vi\u00e4, jotka sopivat kilpailu- ja seikkailumielisille, mutta my\u00f6s aloittelijoille on tarjolla turvallisia haasteita.<\/p><p><a href=\"https:\/\/suunnistus.fi\/kompassitapahtumat\/\" target=\"_blank\" rel=\"noopener\">Kompassi-tapahtumat \u2013 Tule rasteille (suunnistus.fi)<\/a><\/p>\t\t\t\t\t\t\t\t<\/div>\n\t\t\t\t<\/div>\n\t\t\t\t\t<\/div>\n\t\t<\/div>\n\t\t\t\t\t<\/div>\n\t\t<\/section>\n\t\t\t\t<section class=\"elementor-section elementor-top-section elementor-element elementor-element-18ff394 elementor-section-boxed elementor-section-height-default elementor-section-height-default\" data-id=\"18ff394\" data-element_type=\"section\">\n\t\t\t\t\t\t<div class=\"elementor-container elementor-column-gap-default\">\n\t\t\t\t\t<div class=\"elementor-column elementor-col-100 elementor-top-column elementor-element elementor-element-8f97c22\" data-id=\"8f97c22\" data-element_type=\"column\">\n\t\t\t<div class=\"elementor-widget-wrap elementor-element-populated\">\n\t\t\t\t\t\t<div class=\"elementor-element elementor-element-9a9d507 elementor-widget elementor-widget-text-editor\" data-id=\"9a9d507\" data-element_type=\"widget\" data-widget_type=\"text-editor.default\">\n\t\t\t\t<div class=\"elementor-widget-container\">\n\t\t\t\t\t\t\t\t\t<div><strong>Pohjois-Pohjanmaan Kompassi-tapahtumien vuosittainen sarja alkaa toukokuussa ja p\u00e4\u00e4ttyy syyskuussa.<\/strong><\/div><div>\u00a0<\/div><ul><li>7.5.2024\u00a0<strong>Cup 1<\/strong>\u00a0<a href=\"http:\/\/www.ouluntarmo.fi\/suunnistus\" target=\"_blank\" rel=\"noopener\">Oulun Tarmo<\/a> | K\u00f6ykkyrin urheilukeskus, yl\u00e4parkki |<a href=\"https:\/\/skpohjantahti.fi\/uudet\/wp-content\/uploads\/2024\/05\/Kompassitapahtuma_07052024_OuTa.pdf\"> Tapahtumakutsu<\/a> (pdf) | <a style=\"background-color: #ffffff;\" href=\"https:\/\/skpohjantahti.fi\/uudet\/wp-content\/uploads\/2024\/05\/Tapahtumaohjeet-07052024_Koykkyri_OuTa.pdf\" target=\"_blank\" rel=\"noopener\">Kilpailuohje<\/a>\u00a0(pdf)<\/li><li>20.5.2024\u00a0<strong>Cup 2<\/strong> SK Pohjant\u00e4hti | <a href=\"https:\/\/maps.app.goo.gl\/uapz5JfWNEjEHJ8v7\" target=\"_blank\" rel=\"noopener\">Hupisaarten keskusleikkipuisto<\/a> (karttalinkki) | <a href=\"https:\/\/skpohjantahti.fi\/uudet\/wp-content\/uploads\/2024\/05\/Tapahtumakutsu_Hupisaaret_2024.pdf\">Tapahtumakutsu<\/a> (pdf)\u00a0<i style=\"font-weight: inherit;\">Mukana MM2025 Rastiralli-kiertue!\u00a0<\/i>|\u00a0<a href=\"https:\/\/skpohjantahti.fi\/uudet\/wp-content\/uploads\/2024\/05\/Kompassi-cup_Hupisaaret_tapahtumaohje.pdf\" target=\"_blank\" rel=\"noopener\">Kilpailuohje<\/a>\u00a0(pdf)\u00a0<i style=\"font-weight: inherit;\"><span style=\"font-style: normal;\">| <a href=\"https:\/\/skpohjantahti.fi\/uudet\/wp-content\/uploads\/2024\/05\/t20240520.html\" rel=\"noopener\">Tulokset<\/a>\u00a0<\/span><span style=\"font-style: normal;\">| <a href=\"https:\/\/skpohjantahti.fi\/uudet\/wp-content\/uploads\/2024\/05\/t20240520.html\" rel=\"noopener\">Rastiv\u00e4liajat<\/a>\u00a0<\/span><\/i><\/li><li><span style=\"font-style: inherit; font-weight: inherit;\">12.8.2024\u00a0<strong>Cup 3<\/strong>\u00a0<\/span><a style=\"font-style: inherit; font-weight: inherit; background-color: #ffffff;\" href=\"https:\/\/www.laitasaarenveto.fi\/suunnistus\" target=\"_blank\" rel=\"noopener\">Laitasaaren Veto<\/a><span style=\"font-style: inherit; font-weight: inherit;\">\u00a0<\/span><span style=\"font-style: inherit; font-weight: inherit;\">Huom! Muuttunut p\u00e4iv\u00e4m\u00e4\u00e4r\u00e4 |<a href=\"https:\/\/www.laitasaarenveto.fi\/suunnistus\/suunnistusvuosi-2024\/kompassitapahtuma-ma-12-8-2024\/\" target=\"_blank\" rel=\"noopener\">\u00a0Tapahtumatiedot<\/a><\/span><\/li><li>31.8.2024\u00a0<strong>Cup 4<\/strong>\u00a0SK Pohjant\u00e4hti | <a href=\"https:\/\/maps.app.goo.gl\/qFaNZUhNTRUDLkaZA\" target=\"_blank\" rel=\"noopener\">Pehkolanlampi<\/a> (karttalinkki) | <a href=\"https:\/\/skpohjantahti.fi\/uudet\/wp-content\/uploads\/2024\/08\/Kompassi_30082024_tapahtumakutsu.pdf\" target=\"_blank\" rel=\"noopener\">Tapahtumakutsu<\/a> (pdf) | <a href=\"https:\/\/skpohjantahti.fi\/uudet\/wp-content\/uploads\/2024\/08\/KompassiCup_31082024_TapahtumaOhje.pdf\" target=\"_blank\" rel=\"noopener\">Tapahtumaohje<\/a> (pdf) | <a href=\"https:\/\/live.oriento.fi\/results\/2024085\" target=\"_blank\" rel=\"noopener\">Live-tulokset<\/a> | <a href=\"https:\/\/skpohjantahti.fi\/uudet\/wp-content\/uploads\/2024\/08\/KompassiCup_31082024_Tulokset.htm\">Tulokset<\/a> | <a href=\"https:\/\/skpohjantahti.fi\/uudet\/wp-content\/uploads\/2024\/08\/KompassiCup_31082024_Valiajat.htm\">V\u00e4liajat<\/a>\u00a0<\/li><li><b>1.9.2024 <\/b><strong>Cup 5 viesti<\/strong>\u00a0SK Pohjant\u00e4hti | <a href=\"https:\/\/maps.app.goo.gl\/kqECkEcs2ZNMUwdb7\" target=\"_blank\" rel=\"noopener\">Sankivaara<\/a> (karttalinkki) | <a href=\"https:\/\/skpohjantahti.fi\/uudet\/wp-content\/uploads\/2024\/08\/Kompassiviesti_01092024_tapahtumakutsu.pdf\" target=\"_blank\" rel=\"noopener\">Tapahtumakutsu<\/a> (pdf) | <a href=\"https:\/\/skpohjantahti.fi\/uudet\/wp-content\/uploads\/2024\/08\/Kompassiviesti_01092024_tapahtumaohje.pdf\">Tapahtumaohje<\/a> (pdf) | <strong><a href=\"https:\/\/skpohjantahti.fi\/uudet\/wp-content\/uploads\/2024\/09\/Kompassiviesti_01092024_Lopputulokset.htm\">Tulokset<\/a> | <a href=\"https:\/\/skpohjantahti.fi\/uudet\/wp-content\/uploads\/2024\/09\/Kompassiviesti_01092024_Osuusajat.htm\">Osuusajat<\/a> | <a style=\"font-size: 16px; background-color: #ffffff;\" href=\"https:\/\/skpohjantahti.fi\/uudet\/wp-content\/uploads\/2024\/09\/Kompassiviesti_01092024_valiajat_radoittain.htm\">V\u00e4liajat\u00a0<\/a><\/strong><\/li><li>Syksy\u00a0<strong>Leiri<\/strong>\u00a0SK Pohjant\u00e4hti\u00a0|<\/li><\/ul>\t\t\t\t\t\t\t\t<\/div>\n\t\t\t\t<\/div>\n\t\t\t\t\t<\/div>\n\t\t<\/div>\n\t\t\t\t\t<\/div>\n\t\t<\/section>\n\t\t\t\t<\/div>\n\t\t","protected":false},"excerpt":{"rendered":"<p>Kompassi-tapahtumat 2024 Kompassi-tapahtumat ovat suunnistustapahtumia, jotka on suunniteltu lasten ehdoilla. Tapahtumista l\u00f6ytyy innostavia suunnistusteht\u00e4vi\u00e4, jotka sopivat kilpailu- ja seikkailumielisille, mutta my\u00f6s aloittelijoille on tarjolla turvallisia haasteita. Kompassi-tapahtumat \u2013 Tule rasteille (suunnistus.fi) Pohjois-Pohjanmaan Kompassi-tapahtumien vuosittainen sarja alkaa toukokuussa ja p\u00e4\u00e4ttyy syyskuussa.\u00a0 7.5.2024\u00a0Cup 1\u00a0Oulun Tarmo | K\u00f6ykkyrin urheilukeskus, yl\u00e4parkki | Tapahtumakutsu (pdf) | Kilpailuohje\u00a0(pdf) 20.5.2024\u00a0Cup 2 SK [&hellip;]<\/p>\n","protected":false},"author":2,"featured_media":0,"parent":0,"menu_order":0,"comment_status":"closed","ping_status":"closed","template":"","meta":{"site-sidebar-layout":"no-sidebar","site-content-layout":"page-builder","ast-site-content-layout":"default","site-content-style":"default","site-sidebar-style":"default","ast-global-header-display":"","ast-banner-title-visibility":"","ast-main-header-display":"","ast-hfb-above-header-display":"","ast-hfb-below-header-display":"","ast-hfb-mobile-header-display":"","site-post-title":"disabled","ast-breadcrumbs-content":"","ast-featured-img":"disabled","footer-sml-layout":"","ast-disable-related-posts":"","theme-transparent-header-meta":"","adv-header-id-meta":"","stick-header-meta":"","header-above-stick-meta":"","header-main-stick-meta":"","header-below-stick-meta":"","astra-migrate-meta-layouts":"default","ast-page-background-enabled":"default","ast-page-background-meta":{"desktop":{"background-color":"","background-image":"","background-repeat":"repeat","background-position":"center center","background-size":"auto","background-attachment":"scroll","background-type":"","background-media":"","overlay-type":"","overlay-color":"","overlay-opacity":"","overlay-gradient":""},"tablet":{"background-color":"","background-image":"","background-repeat":"repeat","background-position":"center center","background-size":"auto","background-attachment":"scroll","background-type":"","background-media":"","overlay-type":"","overlay-color":"","overlay-opacity":"","overlay-gradient":""},"mobile":{"background-color":"","background-image":"","background-repeat":"repeat","background-position":"center center","background-size":"auto","background-attachment":"scroll","background-type":"","background-media":"","overlay-type":"","overlay-color":"","overlay-opacity":"","overlay-gradient":""}},"ast-content-background-meta":{"desktop":{"background-color":"var(--ast-global-color-5)","background-image":"","background-repeat":"repeat","background-position":"center center","background-size":"auto","background-attachment":"scroll","background-type":"","background-media":"","overlay-type":"","overlay-color":"","overlay-opacity":"","overlay-gradient":""},"tablet":{"background-color":"var(--ast-global-color-5)","background-image":"","background-repeat":"repeat","background-position":"center center","background-size":"auto","background-attachment":"scroll","background-type":"","background-media":"","overlay-type":"","overlay-color":"","overlay-opacity":"","overlay-gradient":""},"mobile":{"background-color":"var(--ast-global-color-5)","background-image":"","background-repeat":"repeat","background-position":"center center","background-size":"auto","background-attachment":"scroll","background-type":"","background-media":"","overlay-type":"","overlay-color":"","overlay-opacity":"","overlay-gradient":""}},"footnotes":""},"class_list":["post-3945","page","type-page","status-publish","hentry"],"yoast_head":"<!-- This site is optimized with the Yoast SEO plugin v27.2 - https:\/\/yoast.com\/product\/yoast-seo-wordpress\/ -->\n<title>Kompassi-tapahtumat 2024 - SK Pohjant\u00e4hti<\/title>\n<meta name=\"robots\" content=\"index, follow, max-snippet:-1, max-image-preview:large, max-video-preview:-1\" \/>\n<link rel=\"canonical\" href=\"https:\/\/skpohjantahti.fi\/index.php\/kompassi-tapahtumat-2024\/\" \/>\n<meta property=\"og:locale\" content=\"fi_FI\" \/>\n<meta property=\"og:type\" content=\"article\" \/>\n<meta property=\"og:title\" content=\"Kompassi-tapahtumat 2024 - SK Pohjant\u00e4hti\" \/>\n<meta property=\"og:description\" content=\"Kompassi-tapahtumat 2024 Kompassi-tapahtumat ovat suunnistustapahtumia, jotka on suunniteltu lasten ehdoilla. Tapahtumista l\u00f6ytyy innostavia suunnistusteht\u00e4vi\u00e4, jotka sopivat kilpailu- ja seikkailumielisille, mutta my\u00f6s aloittelijoille on tarjolla turvallisia haasteita. Kompassi-tapahtumat \u2013 Tule rasteille (suunnistus.fi) Pohjois-Pohjanmaan Kompassi-tapahtumien vuosittainen sarja alkaa toukokuussa ja p\u00e4\u00e4ttyy syyskuussa.\u00a0 7.5.2024\u00a0Cup 1\u00a0Oulun Tarmo | K\u00f6ykkyrin urheilukeskus, yl\u00e4parkki | Tapahtumakutsu (pdf) | Kilpailuohje\u00a0(pdf) 20.5.2024\u00a0Cup 2 SK [&hellip;]\" \/>\n<meta property=\"og:url\" content=\"https:\/\/skpohjantahti.fi\/index.php\/kompassi-tapahtumat-2024\/\" \/>\n<meta property=\"og:site_name\" content=\"SK Pohjant\u00e4hti\" \/>\n<meta property=\"article:publisher\" content=\"https:\/\/www.facebook.com\/skpohjantahti\" \/>\n<meta property=\"article:modified_time\" content=\"2024-09-01T11:06:14+00:00\" \/>\n<meta property=\"og:image\" content=\"https:\/\/skpohjantahti.fi\/uudet\/wp-content\/uploads\/2023\/04\/tapahtumat_tahtaimessa_1_rgb-1-300x150.jpg\" \/>\n<meta name=\"twitter:card\" content=\"summary_large_image\" \/>\n<meta name=\"twitter:label1\" content=\"Arvioitu lukuaika\" \/>\n\t<meta name=\"twitter:data1\" content=\"2 minuuttia\" \/>\n<script type=\"application\/ld+json\" class=\"yoast-schema-graph\">{\"@context\":\"https:\/\/schema.org\",\"@graph\":[{\"@type\":\"WebPage\",\"@id\":\"https:\/\/skpohjantahti.fi\/index.php\/kompassi-tapahtumat-2024\/\",\"url\":\"https:\/\/skpohjantahti.fi\/index.php\/kompassi-tapahtumat-2024\/\",\"name\":\"Kompassi-tapahtumat 2024 - SK Pohjant\u00e4hti\",\"isPartOf\":{\"@id\":\"https:\/\/skpohjantahti.fi\/#website\"},\"primaryImageOfPage\":{\"@id\":\"https:\/\/skpohjantahti.fi\/index.php\/kompassi-tapahtumat-2024\/#primaryimage\"},\"image\":{\"@id\":\"https:\/\/skpohjantahti.fi\/index.php\/kompassi-tapahtumat-2024\/#primaryimage\"},\"thumbnailUrl\":\"https:\/\/skpohjantahti.fi\/uudet\/wp-content\/uploads\/2023\/04\/tapahtumat_tahtaimessa_1_rgb-1-300x150.jpg\",\"datePublished\":\"2024-04-20T17:17:06+00:00\",\"dateModified\":\"2024-09-01T11:06:14+00:00\",\"breadcrumb\":{\"@id\":\"https:\/\/skpohjantahti.fi\/index.php\/kompassi-tapahtumat-2024\/#breadcrumb\"},\"inLanguage\":\"fi\",\"potentialAction\":[{\"@type\":\"ReadAction\",\"target\":[\"https:\/\/skpohjantahti.fi\/index.php\/kompassi-tapahtumat-2024\/\"]}]},{\"@type\":\"ImageObject\",\"inLanguage\":\"fi\",\"@id\":\"https:\/\/skpohjantahti.fi\/index.php\/kompassi-tapahtumat-2024\/#primaryimage\",\"url\":\"https:\/\/skpohjantahti.fi\/uudet\/wp-content\/uploads\/2023\/04\/tapahtumat_tahtaimessa_1_rgb-1.jpg\",\"contentUrl\":\"https:\/\/skpohjantahti.fi\/uudet\/wp-content\/uploads\/2023\/04\/tapahtumat_tahtaimessa_1_rgb-1.jpg\",\"width\":2362,\"height\":1181},{\"@type\":\"BreadcrumbList\",\"@id\":\"https:\/\/skpohjantahti.fi\/index.php\/kompassi-tapahtumat-2024\/#breadcrumb\",\"itemListElement\":[{\"@type\":\"ListItem\",\"position\":1,\"name\":\"Etusivu\",\"item\":\"https:\/\/skpohjantahti.fi\/\"},{\"@type\":\"ListItem\",\"position\":2,\"name\":\"Kompassi-tapahtumat 2024\"}]},{\"@type\":\"WebSite\",\"@id\":\"https:\/\/skpohjantahti.fi\/#website\",\"url\":\"https:\/\/skpohjantahti.fi\/\",\"name\":\"SK Pohjant\u00e4hti\",\"description\":\"Oululainen suunnistusseura\",\"publisher\":{\"@id\":\"https:\/\/skpohjantahti.fi\/#organization\"},\"potentialAction\":[{\"@type\":\"SearchAction\",\"target\":{\"@type\":\"EntryPoint\",\"urlTemplate\":\"https:\/\/skpohjantahti.fi\/?s={search_term_string}\"},\"query-input\":{\"@type\":\"PropertyValueSpecification\",\"valueRequired\":true,\"valueName\":\"search_term_string\"}}],\"inLanguage\":\"fi\"},{\"@type\":\"Organization\",\"@id\":\"https:\/\/skpohjantahti.fi\/#organization\",\"name\":\"SK Pohjant\u00e4hti\",\"url\":\"https:\/\/skpohjantahti.fi\/\",\"logo\":{\"@type\":\"ImageObject\",\"inLanguage\":\"fi\",\"@id\":\"https:\/\/skpohjantahti.fi\/#\/schema\/logo\/image\/\",\"url\":\"https:\/\/skpohjantahti.fi\/uudet\/wp-content\/uploads\/2022\/04\/cropped-pohjantahti_log_netti_pieni.jpg\",\"contentUrl\":\"https:\/\/skpohjantahti.fi\/uudet\/wp-content\/uploads\/2022\/04\/cropped-pohjantahti_log_netti_pieni.jpg\",\"width\":198,\"height\":66,\"caption\":\"SK Pohjant\u00e4hti\"},\"image\":{\"@id\":\"https:\/\/skpohjantahti.fi\/#\/schema\/logo\/image\/\"},\"sameAs\":[\"https:\/\/www.facebook.com\/skpohjantahti\",\"https:\/\/www.instagram.com\/sk_pohjantahti\/\"]}]}<\/script>\n<!-- \/ Yoast SEO plugin. -->","yoast_head_json":{"title":"Kompassi-tapahtumat 2024 - SK Pohjant\u00e4hti","robots":{"index":"index","follow":"follow","max-snippet":"max-snippet:-1","max-image-preview":"max-image-preview:large","max-video-preview":"max-video-preview:-1"},"canonical":"https:\/\/skpohjantahti.fi\/index.php\/kompassi-tapahtumat-2024\/","og_locale":"fi_FI","og_type":"article","og_title":"Kompassi-tapahtumat 2024 - SK Pohjant\u00e4hti","og_description":"Kompassi-tapahtumat 2024 Kompassi-tapahtumat ovat suunnistustapahtumia, jotka on suunniteltu lasten ehdoilla. Tapahtumista l\u00f6ytyy innostavia suunnistusteht\u00e4vi\u00e4, jotka sopivat kilpailu- ja seikkailumielisille, mutta my\u00f6s aloittelijoille on tarjolla turvallisia haasteita. Kompassi-tapahtumat \u2013 Tule rasteille (suunnistus.fi) Pohjois-Pohjanmaan Kompassi-tapahtumien vuosittainen sarja alkaa toukokuussa ja p\u00e4\u00e4ttyy syyskuussa.\u00a0 7.5.2024\u00a0Cup 1\u00a0Oulun Tarmo | K\u00f6ykkyrin urheilukeskus, yl\u00e4parkki | Tapahtumakutsu (pdf) | Kilpailuohje\u00a0(pdf) 20.5.2024\u00a0Cup 2 SK [&hellip;]","og_url":"https:\/\/skpohjantahti.fi\/index.php\/kompassi-tapahtumat-2024\/","og_site_name":"SK Pohjant\u00e4hti","article_publisher":"https:\/\/www.facebook.com\/skpohjantahti","article_modified_time":"2024-09-01T11:06:14+00:00","og_image":[{"url":"https:\/\/skpohjantahti.fi\/uudet\/wp-content\/uploads\/2023\/04\/tapahtumat_tahtaimessa_1_rgb-1-300x150.jpg","type":"","width":"","height":""}],"twitter_card":"summary_large_image","twitter_misc":{"Arvioitu lukuaika":"2 minuuttia"},"schema":{"@context":"https:\/\/schema.org","@graph":[{"@type":"WebPage","@id":"https:\/\/skpohjantahti.fi\/index.php\/kompassi-tapahtumat-2024\/","url":"https:\/\/skpohjantahti.fi\/index.php\/kompassi-tapahtumat-2024\/","name":"Kompassi-tapahtumat 2024 - SK Pohjant\u00e4hti","isPartOf":{"@id":"https:\/\/skpohjantahti.fi\/#website"},"primaryImageOfPage":{"@id":"https:\/\/skpohjantahti.fi\/index.php\/kompassi-tapahtumat-2024\/#primaryimage"},"image":{"@id":"https:\/\/skpohjantahti.fi\/index.php\/kompassi-tapahtumat-2024\/#primaryimage"},"thumbnailUrl":"https:\/\/skpohjantahti.fi\/uudet\/wp-content\/uploads\/2023\/04\/tapahtumat_tahtaimessa_1_rgb-1-300x150.jpg","datePublished":"2024-04-20T17:17:06+00:00","dateModified":"2024-09-01T11:06:14+00:00","breadcrumb":{"@id":"https:\/\/skpohjantahti.fi\/index.php\/kompassi-tapahtumat-2024\/#breadcrumb"},"inLanguage":"fi","potentialAction":[{"@type":"ReadAction","target":["https:\/\/skpohjantahti.fi\/index.php\/kompassi-tapahtumat-2024\/"]}]},{"@type":"ImageObject","inLanguage":"fi","@id":"https:\/\/skpohjantahti.fi\/index.php\/kompassi-tapahtumat-2024\/#primaryimage","url":"https:\/\/skpohjantahti.fi\/uudet\/wp-content\/uploads\/2023\/04\/tapahtumat_tahtaimessa_1_rgb-1.jpg","contentUrl":"https:\/\/skpohjantahti.fi\/uudet\/wp-content\/uploads\/2023\/04\/tapahtumat_tahtaimessa_1_rgb-1.jpg","width":2362,"height":1181},{"@type":"BreadcrumbList","@id":"https:\/\/skpohjantahti.fi\/index.php\/kompassi-tapahtumat-2024\/#breadcrumb","itemListElement":[{"@type":"ListItem","position":1,"name":"Etusivu","item":"https:\/\/skpohjantahti.fi\/"},{"@type":"ListItem","position":2,"name":"Kompassi-tapahtumat 2024"}]},{"@type":"WebSite","@id":"https:\/\/skpohjantahti.fi\/#website","url":"https:\/\/skpohjantahti.fi\/","name":"SK Pohjant\u00e4hti","description":"Oululainen suunnistusseura","publisher":{"@id":"https:\/\/skpohjantahti.fi\/#organization"},"potentialAction":[{"@type":"SearchAction","target":{"@type":"EntryPoint","urlTemplate":"https:\/\/skpohjantahti.fi\/?s={search_term_string}"},"query-input":{"@type":"PropertyValueSpecification","valueRequired":true,"valueName":"search_term_string"}}],"inLanguage":"fi"},{"@type":"Organization","@id":"https:\/\/skpohjantahti.fi\/#organization","name":"SK Pohjant\u00e4hti","url":"https:\/\/skpohjantahti.fi\/","logo":{"@type":"ImageObject","inLanguage":"fi","@id":"https:\/\/skpohjantahti.fi\/#\/schema\/logo\/image\/","url":"https:\/\/skpohjantahti.fi\/uudet\/wp-content\/uploads\/2022\/04\/cropped-pohjantahti_log_netti_pieni.jpg","contentUrl":"https:\/\/skpohjantahti.fi\/uudet\/wp-content\/uploads\/2022\/04\/cropped-pohjantahti_log_netti_pieni.jpg","width":198,"height":66,"caption":"SK Pohjant\u00e4hti"},"image":{"@id":"https:\/\/skpohjantahti.fi\/#\/schema\/logo\/image\/"},"sameAs":["https:\/\/www.facebook.com\/skpohjantahti","https:\/\/www.instagram.com\/sk_pohjantahti\/"]}]}},"_links":{"self":[{"href":"https:\/\/skpohjantahti.fi\/index.php\/wp-json\/wp\/v2\/pages\/3945","targetHints":{"allow":["GET"]}}],"collection":[{"href":"https:\/\/skpohjantahti.fi\/index.php\/wp-json\/wp\/v2\/pages"}],"about":[{"href":"https:\/\/skpohjantahti.fi\/index.php\/wp-json\/wp\/v2\/types\/page"}],"author":[{"embeddable":true,"href":"https:\/\/skpohjantahti.fi\/index.php\/wp-json\/wp\/v2\/users\/2"}],"replies":[{"embeddable":true,"href":"https:\/\/skpohjantahti.fi\/index.php\/wp-json\/wp\/v2\/comments?post=3945"}],"version-history":[{"count":80,"href":"https:\/\/skpohjantahti.fi\/index.php\/wp-json\/wp\/v2\/pages\/3945\/revisions"}],"predecessor-version":[{"id":4852,"href":"https:\/\/skpohjantahti.fi\/index.php\/wp-json\/wp\/v2\/pages\/3945\/revisions\/4852"}],"wp:attachment":[{"href":"https:\/\/skpohjantahti.fi\/index.php\/wp-json\/wp\/v2\/media?parent=3945"}],"curies":[{"name":"wp","href":"https:\/\/api.w.org\/{rel}","templated":true}]}}