{"id":4105,"date":"2024-05-10T05:59:45","date_gmt":"2024-05-10T05:59:45","guid":{"rendered":"https:\/\/skpohjantahti.fi\/?page_id=4105"},"modified":"2024-06-17T13:50:41","modified_gmt":"2024-06-17T13:50:41","slug":"suunnistusta-turvallisesti","status":"publish","type":"page","link":"https:\/\/skpohjantahti.fi\/index.php\/suunnistusta-turvallisesti\/","title":{"rendered":"Suunnistusta turvallisesti"},"content":{"rendered":"\t\t<div data-elementor-type=\"wp-page\" data-elementor-id=\"4105\" class=\"elementor elementor-4105\">\n\t\t\t\t\t\t<section class=\"elementor-section elementor-top-section elementor-element elementor-element-d9eef30 elementor-section-boxed elementor-section-height-default elementor-section-height-default\" data-id=\"d9eef30\" data-element_type=\"section\">\n\t\t\t\t\t\t<div class=\"elementor-container elementor-column-gap-default\">\n\t\t\t\t\t<div class=\"elementor-column elementor-col-66 elementor-top-column elementor-element elementor-element-1c0e035\" data-id=\"1c0e035\" data-element_type=\"column\">\n\t\t\t<div class=\"elementor-widget-wrap elementor-element-populated\">\n\t\t\t\t\t\t<div class=\"elementor-element elementor-element-7757905 elementor-widget elementor-widget-text-editor\" data-id=\"7757905\" data-element_type=\"widget\" data-widget_type=\"text-editor.default\">\n\t\t\t\t<div class=\"elementor-widget-container\">\n\t\t\t\t\t\t\t\t\t<p>Olemme sitoutuneet siihen, ett\u00e4 SK Pohjant\u00e4hdess\u00e4 voit suunnistaa turvallisesti, tulla kohdelluksi kunnioittavasti ja tasa-arvoisesti sek\u00e4 harrastaa urheilua h\u00e4irint\u00e4vapaasti. Toiminnassa pyrit\u00e4\u00e4n ennaltaehk\u00e4isem\u00e4\u00e4n h\u00e4irint\u00e4\u00e4 ohjeistuksin ja yll\u00e4pit\u00e4m\u00e4ll\u00e4 turvallista seurakulttuuria.<\/p><p>T\u00e4ll\u00e4 sivulta l\u00f6yd\u00e4t ohjeita, miten toimia ja keneen ottaa yhteytt\u00e4, mik\u00e4li koet saaneesi ep\u00e4asiallista kohtelua. Ep\u00e4asiallista kohtelua ovat mm. kiusaaminen, seksuaalinen h\u00e4irint\u00e4 ja kaikenlainen v\u00e4kivalta.<\/p><p>Jos huomaat ep\u00e4asiallista kohtelua tai koet itse tulleesi kohdelluksi ep\u00e4asiallisesti SK Pohjant\u00e4hden toiminnassa tai tapahtumissa, ilmoita asiasta v\u00e4litt\u00f6m\u00e4sti paikalla olevalle vet\u00e4j\u00e4lle tai ota yhteytt\u00e4 seuran h\u00e4irint\u00e4yhteyshenkil\u00f6\u00f6n.<\/p><p>Ota rohkeasti asia puheeksi, vaikka et olisi t\u00e4ysin varma onko kyse h\u00e4irinn\u00e4st\u00e4. Asiasta voidaan keskustella puhelimitse tai sopia tapaaminen. Keskustelu on t\u00e4ysin luottamuksellista eik\u00e4 mit\u00e4\u00e4n siin\u00e4 puhuttua kerrota eteenp\u00e4in ilman lupaasi. Asiaa voidaan selvitt\u00e4\u00e4 my\u00f6s nimett\u00f6m\u00e4sti.<\/p><p><strong>SK Pohjant\u00e4hden h\u00e4irint\u00e4yhteyshenkil\u00f6<\/strong><\/p><p>Anni Hokkanen, <a href=\"mailto:hairintayhteyshenkilo@skpohjantahti.fi\" target=\"_blank\" rel=\"noopener\">hairintayhteyshenkilo@<wbr \/>skpohjantahti.fi<\/a> (seuran j\u00e4senille yhteystiedot myClubissa).<\/p><p>Jos haluat ottaa asiasta yhteytt\u00e4 seuramme ulkopuoliseen tahoon, l\u00f6yd\u00e4t apua\u00a0\u00a0<a href=\"https:\/\/etoleyksin.fi\/\" target=\"_blank\" rel=\"nofollow noopener noreferrer\">Et ole yksin<\/a>\u00a0-sivustolta.<\/p>\t\t\t\t\t\t\t\t<\/div>\n\t\t\t\t<\/div>\n\t\t\t\t\t<\/div>\n\t\t<\/div>\n\t\t\t\t<div class=\"elementor-column elementor-col-33 elementor-top-column elementor-element elementor-element-71ed79e\" data-id=\"71ed79e\" data-element_type=\"column\">\n\t\t\t<div class=\"elementor-widget-wrap elementor-element-populated\">\n\t\t\t\t\t\t<div class=\"elementor-element elementor-element-fec847a elementor-widget elementor-widget-image\" data-id=\"fec847a\" data-element_type=\"widget\" data-widget_type=\"image.default\">\n\t\t\t\t<div class=\"elementor-widget-container\">\n\t\t\t\t\t\t\t\t\t\t\t\t\t\t\t<img fetchpriority=\"high\" decoding=\"async\" width=\"724\" height=\"1024\" src=\"https:\/\/skpohjantahti.fi\/uudet\/wp-content\/uploads\/2024\/05\/Et-ole-yksin-724x1024-1.jpeg\" class=\"attachment-large size-large wp-image-4106\" alt=\"Et ole yksin toimintamalli\" srcset=\"https:\/\/skpohjantahti.fi\/uudet\/wp-content\/uploads\/2024\/05\/Et-ole-yksin-724x1024-1.jpeg 724w, https:\/\/skpohjantahti.fi\/uudet\/wp-content\/uploads\/2024\/05\/Et-ole-yksin-724x1024-1-212x300.jpeg 212w\" sizes=\"(max-width: 724px) 100vw, 724px\" \/>\t\t\t\t\t\t\t\t\t\t\t\t\t\t\t<\/div>\n\t\t\t\t<\/div>\n\t\t\t\t\t<\/div>\n\t\t<\/div>\n\t\t\t\t\t<\/div>\n\t\t<\/section>\n\t\t\t\t<\/div>\n\t\t","protected":false},"excerpt":{"rendered":"<p>Olemme sitoutuneet siihen, ett\u00e4 SK Pohjant\u00e4hdess\u00e4 voit suunnistaa turvallisesti, tulla kohdelluksi kunnioittavasti ja tasa-arvoisesti sek\u00e4 harrastaa urheilua h\u00e4irint\u00e4vapaasti. Toiminnassa pyrit\u00e4\u00e4n ennaltaehk\u00e4isem\u00e4\u00e4n h\u00e4irint\u00e4\u00e4 ohjeistuksin ja yll\u00e4pit\u00e4m\u00e4ll\u00e4 turvallista seurakulttuuria. T\u00e4ll\u00e4 sivulta l\u00f6yd\u00e4t ohjeita, miten toimia ja keneen ottaa yhteytt\u00e4, mik\u00e4li koet saaneesi ep\u00e4asiallista kohtelua. Ep\u00e4asiallista kohtelua ovat mm. kiusaaminen, seksuaalinen h\u00e4irint\u00e4 ja kaikenlainen v\u00e4kivalta. Jos huomaat ep\u00e4asiallista [&hellip;]<\/p>\n","protected":false},"author":2,"featured_media":0,"parent":0,"menu_order":0,"comment_status":"closed","ping_status":"closed","template":"","meta":{"site-sidebar-layout":"default","site-content-layout":"","ast-site-content-layout":"default","site-content-style":"default","site-sidebar-style":"default","ast-global-header-display":"","ast-banner-title-visibility":"","ast-main-header-display":"","ast-hfb-above-header-display":"","ast-hfb-below-header-display":"","ast-hfb-mobile-header-display":"","site-post-title":"","ast-breadcrumbs-content":"","ast-featured-img":"","footer-sml-layout":"","ast-disable-related-posts":"","theme-transparent-header-meta":"","adv-header-id-meta":"","stick-header-meta":"","header-above-stick-meta":"","header-main-stick-meta":"","header-below-stick-meta":"","astra-migrate-meta-layouts":"default","ast-page-background-enabled":"default","ast-page-background-meta":{"desktop":{"background-color":"","background-image":"","background-repeat":"repeat","background-position":"center center","background-size":"auto","background-attachment":"scroll","background-type":"","background-media":"","overlay-type":"","overlay-color":"","overlay-opacity":"","overlay-gradient":""},"tablet":{"background-color":"","background-image":"","background-repeat":"repeat","background-position":"center center","background-size":"auto","background-attachment":"scroll","background-type":"","background-media":"","overlay-type":"","overlay-color":"","overlay-opacity":"","overlay-gradient":""},"mobile":{"background-color":"","background-image":"","background-repeat":"repeat","background-position":"center center","background-size":"auto","background-attachment":"scroll","background-type":"","background-media":"","overlay-type":"","overlay-color":"","overlay-opacity":"","overlay-gradient":""}},"ast-content-background-meta":{"desktop":{"background-color":"var(--ast-global-color-5)","background-image":"","background-repeat":"repeat","background-position":"center center","background-size":"auto","background-attachment":"scroll","background-type":"","background-media":"","overlay-type":"","overlay-color":"","overlay-opacity":"","overlay-gradient":""},"tablet":{"background-color":"var(--ast-global-color-5)","background-image":"","background-repeat":"repeat","background-position":"center center","background-size":"auto","background-attachment":"scroll","background-type":"","background-media":"","overlay-type":"","overlay-color":"","overlay-opacity":"","overlay-gradient":""},"mobile":{"background-color":"var(--ast-global-color-5)","background-image":"","background-repeat":"repeat","background-position":"center center","background-size":"auto","background-attachment":"scroll","background-type":"","background-media":"","overlay-type":"","overlay-color":"","overlay-opacity":"","overlay-gradient":""}},"footnotes":""},"class_list":["post-4105","page","type-page","status-publish","hentry"],"yoast_head":"<!-- This site is optimized with the Yoast SEO plugin v27.2 - https:\/\/yoast.com\/product\/yoast-seo-wordpress\/ -->\n<title>Suunnistusta turvallisesti - SK Pohjant\u00e4hti<\/title>\n<meta name=\"robots\" content=\"index, follow, max-snippet:-1, max-image-preview:large, max-video-preview:-1\" \/>\n<link rel=\"canonical\" href=\"https:\/\/skpohjantahti.fi\/index.php\/suunnistusta-turvallisesti\/\" \/>\n<meta property=\"og:locale\" content=\"fi_FI\" \/>\n<meta property=\"og:type\" content=\"article\" \/>\n<meta property=\"og:title\" content=\"Suunnistusta turvallisesti - SK Pohjant\u00e4hti\" \/>\n<meta property=\"og:description\" content=\"Olemme sitoutuneet siihen, ett\u00e4 SK Pohjant\u00e4hdess\u00e4 voit suunnistaa turvallisesti, tulla kohdelluksi kunnioittavasti ja tasa-arvoisesti sek\u00e4 harrastaa urheilua h\u00e4irint\u00e4vapaasti. Toiminnassa pyrit\u00e4\u00e4n ennaltaehk\u00e4isem\u00e4\u00e4n h\u00e4irint\u00e4\u00e4 ohjeistuksin ja yll\u00e4pit\u00e4m\u00e4ll\u00e4 turvallista seurakulttuuria. T\u00e4ll\u00e4 sivulta l\u00f6yd\u00e4t ohjeita, miten toimia ja keneen ottaa yhteytt\u00e4, mik\u00e4li koet saaneesi ep\u00e4asiallista kohtelua. Ep\u00e4asiallista kohtelua ovat mm. kiusaaminen, seksuaalinen h\u00e4irint\u00e4 ja kaikenlainen v\u00e4kivalta. Jos huomaat ep\u00e4asiallista [&hellip;]\" \/>\n<meta property=\"og:url\" content=\"https:\/\/skpohjantahti.fi\/index.php\/suunnistusta-turvallisesti\/\" \/>\n<meta property=\"og:site_name\" content=\"SK Pohjant\u00e4hti\" \/>\n<meta property=\"article:publisher\" content=\"https:\/\/www.facebook.com\/skpohjantahti\" \/>\n<meta property=\"article:modified_time\" content=\"2024-06-17T13:50:41+00:00\" \/>\n<meta property=\"og:image\" content=\"https:\/\/skpohjantahti.fi\/uudet\/wp-content\/uploads\/2024\/05\/Et-ole-yksin-724x1024-1.jpeg\" \/>\n<meta name=\"twitter:card\" content=\"summary_large_image\" \/>\n<meta name=\"twitter:label1\" content=\"Arvioitu lukuaika\" \/>\n\t<meta name=\"twitter:data1\" content=\"1 minuutti\" \/>\n<script type=\"application\/ld+json\" class=\"yoast-schema-graph\">{\"@context\":\"https:\/\/schema.org\",\"@graph\":[{\"@type\":\"WebPage\",\"@id\":\"https:\/\/skpohjantahti.fi\/index.php\/suunnistusta-turvallisesti\/\",\"url\":\"https:\/\/skpohjantahti.fi\/index.php\/suunnistusta-turvallisesti\/\",\"name\":\"Suunnistusta turvallisesti - SK Pohjant\u00e4hti\",\"isPartOf\":{\"@id\":\"https:\/\/skpohjantahti.fi\/#website\"},\"primaryImageOfPage\":{\"@id\":\"https:\/\/skpohjantahti.fi\/index.php\/suunnistusta-turvallisesti\/#primaryimage\"},\"image\":{\"@id\":\"https:\/\/skpohjantahti.fi\/index.php\/suunnistusta-turvallisesti\/#primaryimage\"},\"thumbnailUrl\":\"https:\/\/skpohjantahti.fi\/uudet\/wp-content\/uploads\/2024\/05\/Et-ole-yksin-724x1024-1.jpeg\",\"datePublished\":\"2024-05-10T05:59:45+00:00\",\"dateModified\":\"2024-06-17T13:50:41+00:00\",\"breadcrumb\":{\"@id\":\"https:\/\/skpohjantahti.fi\/index.php\/suunnistusta-turvallisesti\/#breadcrumb\"},\"inLanguage\":\"fi\",\"potentialAction\":[{\"@type\":\"ReadAction\",\"target\":[\"https:\/\/skpohjantahti.fi\/index.php\/suunnistusta-turvallisesti\/\"]}]},{\"@type\":\"ImageObject\",\"inLanguage\":\"fi\",\"@id\":\"https:\/\/skpohjantahti.fi\/index.php\/suunnistusta-turvallisesti\/#primaryimage\",\"url\":\"https:\/\/skpohjantahti.fi\/uudet\/wp-content\/uploads\/2024\/05\/Et-ole-yksin-724x1024-1.jpeg\",\"contentUrl\":\"https:\/\/skpohjantahti.fi\/uudet\/wp-content\/uploads\/2024\/05\/Et-ole-yksin-724x1024-1.jpeg\",\"width\":724,\"height\":1024,\"caption\":\"Et ole yksin toimintamalli\"},{\"@type\":\"BreadcrumbList\",\"@id\":\"https:\/\/skpohjantahti.fi\/index.php\/suunnistusta-turvallisesti\/#breadcrumb\",\"itemListElement\":[{\"@type\":\"ListItem\",\"position\":1,\"name\":\"Etusivu\",\"item\":\"https:\/\/skpohjantahti.fi\/\"},{\"@type\":\"ListItem\",\"position\":2,\"name\":\"Suunnistusta turvallisesti\"}]},{\"@type\":\"WebSite\",\"@id\":\"https:\/\/skpohjantahti.fi\/#website\",\"url\":\"https:\/\/skpohjantahti.fi\/\",\"name\":\"SK Pohjant\u00e4hti\",\"description\":\"Oululainen suunnistusseura\",\"publisher\":{\"@id\":\"https:\/\/skpohjantahti.fi\/#organization\"},\"potentialAction\":[{\"@type\":\"SearchAction\",\"target\":{\"@type\":\"EntryPoint\",\"urlTemplate\":\"https:\/\/skpohjantahti.fi\/?s={search_term_string}\"},\"query-input\":{\"@type\":\"PropertyValueSpecification\",\"valueRequired\":true,\"valueName\":\"search_term_string\"}}],\"inLanguage\":\"fi\"},{\"@type\":\"Organization\",\"@id\":\"https:\/\/skpohjantahti.fi\/#organization\",\"name\":\"SK Pohjant\u00e4hti\",\"url\":\"https:\/\/skpohjantahti.fi\/\",\"logo\":{\"@type\":\"ImageObject\",\"inLanguage\":\"fi\",\"@id\":\"https:\/\/skpohjantahti.fi\/#\/schema\/logo\/image\/\",\"url\":\"https:\/\/skpohjantahti.fi\/uudet\/wp-content\/uploads\/2022\/04\/cropped-pohjantahti_log_netti_pieni.jpg\",\"contentUrl\":\"https:\/\/skpohjantahti.fi\/uudet\/wp-content\/uploads\/2022\/04\/cropped-pohjantahti_log_netti_pieni.jpg\",\"width\":198,\"height\":66,\"caption\":\"SK Pohjant\u00e4hti\"},\"image\":{\"@id\":\"https:\/\/skpohjantahti.fi\/#\/schema\/logo\/image\/\"},\"sameAs\":[\"https:\/\/www.facebook.com\/skpohjantahti\",\"https:\/\/www.instagram.com\/sk_pohjantahti\/\"]}]}<\/script>\n<!-- \/ Yoast SEO plugin. -->","yoast_head_json":{"title":"Suunnistusta turvallisesti - SK Pohjant\u00e4hti","robots":{"index":"index","follow":"follow","max-snippet":"max-snippet:-1","max-image-preview":"max-image-preview:large","max-video-preview":"max-video-preview:-1"},"canonical":"https:\/\/skpohjantahti.fi\/index.php\/suunnistusta-turvallisesti\/","og_locale":"fi_FI","og_type":"article","og_title":"Suunnistusta turvallisesti - SK Pohjant\u00e4hti","og_description":"Olemme sitoutuneet siihen, ett\u00e4 SK Pohjant\u00e4hdess\u00e4 voit suunnistaa turvallisesti, tulla kohdelluksi kunnioittavasti ja tasa-arvoisesti sek\u00e4 harrastaa urheilua h\u00e4irint\u00e4vapaasti. Toiminnassa pyrit\u00e4\u00e4n ennaltaehk\u00e4isem\u00e4\u00e4n h\u00e4irint\u00e4\u00e4 ohjeistuksin ja yll\u00e4pit\u00e4m\u00e4ll\u00e4 turvallista seurakulttuuria. T\u00e4ll\u00e4 sivulta l\u00f6yd\u00e4t ohjeita, miten toimia ja keneen ottaa yhteytt\u00e4, mik\u00e4li koet saaneesi ep\u00e4asiallista kohtelua. Ep\u00e4asiallista kohtelua ovat mm. kiusaaminen, seksuaalinen h\u00e4irint\u00e4 ja kaikenlainen v\u00e4kivalta. Jos huomaat ep\u00e4asiallista [&hellip;]","og_url":"https:\/\/skpohjantahti.fi\/index.php\/suunnistusta-turvallisesti\/","og_site_name":"SK Pohjant\u00e4hti","article_publisher":"https:\/\/www.facebook.com\/skpohjantahti","article_modified_time":"2024-06-17T13:50:41+00:00","og_image":[{"url":"https:\/\/skpohjantahti.fi\/uudet\/wp-content\/uploads\/2024\/05\/Et-ole-yksin-724x1024-1.jpeg","type":"","width":"","height":""}],"twitter_card":"summary_large_image","twitter_misc":{"Arvioitu lukuaika":"1 minuutti"},"schema":{"@context":"https:\/\/schema.org","@graph":[{"@type":"WebPage","@id":"https:\/\/skpohjantahti.fi\/index.php\/suunnistusta-turvallisesti\/","url":"https:\/\/skpohjantahti.fi\/index.php\/suunnistusta-turvallisesti\/","name":"Suunnistusta turvallisesti - SK Pohjant\u00e4hti","isPartOf":{"@id":"https:\/\/skpohjantahti.fi\/#website"},"primaryImageOfPage":{"@id":"https:\/\/skpohjantahti.fi\/index.php\/suunnistusta-turvallisesti\/#primaryimage"},"image":{"@id":"https:\/\/skpohjantahti.fi\/index.php\/suunnistusta-turvallisesti\/#primaryimage"},"thumbnailUrl":"https:\/\/skpohjantahti.fi\/uudet\/wp-content\/uploads\/2024\/05\/Et-ole-yksin-724x1024-1.jpeg","datePublished":"2024-05-10T05:59:45+00:00","dateModified":"2024-06-17T13:50:41+00:00","breadcrumb":{"@id":"https:\/\/skpohjantahti.fi\/index.php\/suunnistusta-turvallisesti\/#breadcrumb"},"inLanguage":"fi","potentialAction":[{"@type":"ReadAction","target":["https:\/\/skpohjantahti.fi\/index.php\/suunnistusta-turvallisesti\/"]}]},{"@type":"ImageObject","inLanguage":"fi","@id":"https:\/\/skpohjantahti.fi\/index.php\/suunnistusta-turvallisesti\/#primaryimage","url":"https:\/\/skpohjantahti.fi\/uudet\/wp-content\/uploads\/2024\/05\/Et-ole-yksin-724x1024-1.jpeg","contentUrl":"https:\/\/skpohjantahti.fi\/uudet\/wp-content\/uploads\/2024\/05\/Et-ole-yksin-724x1024-1.jpeg","width":724,"height":1024,"caption":"Et ole yksin toimintamalli"},{"@type":"BreadcrumbList","@id":"https:\/\/skpohjantahti.fi\/index.php\/suunnistusta-turvallisesti\/#breadcrumb","itemListElement":[{"@type":"ListItem","position":1,"name":"Etusivu","item":"https:\/\/skpohjantahti.fi\/"},{"@type":"ListItem","position":2,"name":"Suunnistusta turvallisesti"}]},{"@type":"WebSite","@id":"https:\/\/skpohjantahti.fi\/#website","url":"https:\/\/skpohjantahti.fi\/","name":"SK Pohjant\u00e4hti","description":"Oululainen suunnistusseura","publisher":{"@id":"https:\/\/skpohjantahti.fi\/#organization"},"potentialAction":[{"@type":"SearchAction","target":{"@type":"EntryPoint","urlTemplate":"https:\/\/skpohjantahti.fi\/?s={search_term_string}"},"query-input":{"@type":"PropertyValueSpecification","valueRequired":true,"valueName":"search_term_string"}}],"inLanguage":"fi"},{"@type":"Organization","@id":"https:\/\/skpohjantahti.fi\/#organization","name":"SK Pohjant\u00e4hti","url":"https:\/\/skpohjantahti.fi\/","logo":{"@type":"ImageObject","inLanguage":"fi","@id":"https:\/\/skpohjantahti.fi\/#\/schema\/logo\/image\/","url":"https:\/\/skpohjantahti.fi\/uudet\/wp-content\/uploads\/2022\/04\/cropped-pohjantahti_log_netti_pieni.jpg","contentUrl":"https:\/\/skpohjantahti.fi\/uudet\/wp-content\/uploads\/2022\/04\/cropped-pohjantahti_log_netti_pieni.jpg","width":198,"height":66,"caption":"SK Pohjant\u00e4hti"},"image":{"@id":"https:\/\/skpohjantahti.fi\/#\/schema\/logo\/image\/"},"sameAs":["https:\/\/www.facebook.com\/skpohjantahti","https:\/\/www.instagram.com\/sk_pohjantahti\/"]}]}},"_links":{"self":[{"href":"https:\/\/skpohjantahti.fi\/index.php\/wp-json\/wp\/v2\/pages\/4105","targetHints":{"allow":["GET"]}}],"collection":[{"href":"https:\/\/skpohjantahti.fi\/index.php\/wp-json\/wp\/v2\/pages"}],"about":[{"href":"https:\/\/skpohjantahti.fi\/index.php\/wp-json\/wp\/v2\/types\/page"}],"author":[{"embeddable":true,"href":"https:\/\/skpohjantahti.fi\/index.php\/wp-json\/wp\/v2\/users\/2"}],"replies":[{"embeddable":true,"href":"https:\/\/skpohjantahti.fi\/index.php\/wp-json\/wp\/v2\/comments?post=4105"}],"version-history":[{"count":12,"href":"https:\/\/skpohjantahti.fi\/index.php\/wp-json\/wp\/v2\/pages\/4105\/revisions"}],"predecessor-version":[{"id":4280,"href":"https:\/\/skpohjantahti.fi\/index.php\/wp-json\/wp\/v2\/pages\/4105\/revisions\/4280"}],"wp:attachment":[{"href":"https:\/\/skpohjantahti.fi\/index.php\/wp-json\/wp\/v2\/media?parent=4105"}],"curies":[{"name":"wp","href":"https:\/\/api.w.org\/{rel}","templated":true}]}}