{"id":468,"date":"2021-01-20T16:57:04","date_gmt":"2021-01-20T16:57:04","guid":{"rendered":"https:\/\/skpohjantahti.fi\/uudet\/index.php\/contact\/"},"modified":"2023-08-09T14:19:08","modified_gmt":"2023-08-09T14:19:08","slug":"yhteystiedot","status":"publish","type":"page","link":"https:\/\/skpohjantahti.fi\/index.php\/yhteystiedot\/","title":{"rendered":"Yhteystiedot"},"content":{"rendered":"\t\t<div data-elementor-type=\"wp-page\" data-elementor-id=\"468\" class=\"elementor elementor-468\">\n\t\t\t\t\t\t<section class=\"elementor-section elementor-top-section elementor-element elementor-element-626f9b7 elementor-section-boxed elementor-section-height-default elementor-section-height-default\" data-id=\"626f9b7\" data-element_type=\"section\">\n\t\t\t\t\t\t<div class=\"elementor-container elementor-column-gap-default\">\n\t\t\t\t\t<div class=\"elementor-column elementor-col-50 elementor-top-column elementor-element elementor-element-99a9eb7\" data-id=\"99a9eb7\" data-element_type=\"column\">\n\t\t\t<div class=\"elementor-widget-wrap elementor-element-populated\">\n\t\t\t\t\t\t<div class=\"elementor-element elementor-element-283a021 elementor-widget elementor-widget-heading\" data-id=\"283a021\" data-element_type=\"widget\" data-widget_type=\"heading.default\">\n\t\t\t\t<div class=\"elementor-widget-container\">\n\t\t\t\t\t<h6 class=\"elementor-heading-title elementor-size-default\">ota yhteytt\u00e4<\/h6>\t\t\t\t<\/div>\n\t\t\t\t<\/div>\n\t\t\t\t<div class=\"elementor-element elementor-element-2d8a1b4 elementor-widget elementor-widget-heading\" data-id=\"2d8a1b4\" data-element_type=\"widget\" data-widget_type=\"heading.default\">\n\t\t\t\t<div class=\"elementor-widget-container\">\n\t\t\t\t\t<h1 class=\"elementor-heading-title elementor-size-default\">Yhteys<\/h1>\t\t\t\t<\/div>\n\t\t\t\t<\/div>\n\t\t\t\t<div class=\"elementor-element elementor-element-64a3d4a elementor-widget elementor-widget-text-editor\" data-id=\"64a3d4a\" data-element_type=\"widget\" data-widget_type=\"text-editor.default\">\n\t\t\t\t<div class=\"elementor-widget-container\">\n\t\t\t\t\t\t\t\t\t<p>Ota yhteytt\u00e4 suoraan s\u00e4hk\u00f6postilla eri toimijoihin tai oheisella lomakkeella.<\/p><p>Eri toimijoiden s\u00e4hk\u00f6postiosoitteet l\u00f6yd\u00e4t <span style=\"text-decoration: underline;\"><a href=\"https:\/\/skpohjantahti.fi\/index.php\/sisainen_tiedotus\/\" target=\"_blank\" rel=\"noopener\">t\u00e4\u00e4lt\u00e4<\/a><\/span>.<\/p>\t\t\t\t\t\t\t\t<\/div>\n\t\t\t\t<\/div>\n\t\t\t\t<div class=\"elementor-element elementor-element-01231a5 elementor-view-stacked elementor-position-inline-start elementor-shape-circle elementor-mobile-position-block-start elementor-widget elementor-widget-icon-box\" data-id=\"01231a5\" data-element_type=\"widget\" data-widget_type=\"icon-box.default\">\n\t\t\t\t<div class=\"elementor-widget-container\">\n\t\t\t\t\t\t\t<div class=\"elementor-icon-box-wrapper\">\n\n\t\t\t\t\t\t<div class=\"elementor-icon-box-icon\">\n\t\t\t\t<span  class=\"elementor-icon\">\n\t\t\t\t<i aria-hidden=\"true\" class=\"fas fa-envelope\"><\/i>\t\t\t\t<\/span>\n\t\t\t<\/div>\n\t\t\t\n\t\t\t\t\t\t<div class=\"elementor-icon-box-content\">\n\n\t\t\t\t\t\t\t\t\t<h6 class=\"elementor-icon-box-title\">\n\t\t\t\t\t\t<span  >\n\t\t\t\t\t\t\tl\u00e4het\u00e4 s\u00e4hk\u00f6postia\t\t\t\t\t\t<\/span>\n\t\t\t\t\t<\/h6>\n\t\t\t\t\n\t\t\t\t\t\t\t\t\t<p class=\"elementor-icon-box-description\">\n\t\t\t\t\t\ttoimisto(a)skpohjantahti.fi\t\t\t\t\t<\/p>\n\t\t\t\t\n\t\t\t<\/div>\n\t\t\t\n\t\t<\/div>\n\t\t\t\t\t\t<\/div>\n\t\t\t\t<\/div>\n\t\t\t\t<section class=\"elementor-section elementor-inner-section elementor-element elementor-element-fe641c0 elementor-section-boxed elementor-section-height-default elementor-section-height-default\" data-id=\"fe641c0\" data-element_type=\"section\">\n\t\t\t\t\t\t<div class=\"elementor-container elementor-column-gap-default\">\n\t\t\t\t\t<div class=\"elementor-column elementor-col-50 elementor-inner-column elementor-element elementor-element-9f33eb0\" data-id=\"9f33eb0\" data-element_type=\"column\">\n\t\t\t<div class=\"elementor-widget-wrap elementor-element-populated\">\n\t\t\t\t\t\t<div class=\"elementor-element elementor-element-1c2e0ef elementor-widget elementor-widget-heading\" data-id=\"1c2e0ef\" data-element_type=\"widget\" data-widget_type=\"heading.default\">\n\t\t\t\t<div class=\"elementor-widget-container\">\n\t\t\t\t\t<h6 class=\"elementor-heading-title elementor-size-default\">Seuraa meit\u00e4<\/h6>\t\t\t\t<\/div>\n\t\t\t\t<\/div>\n\t\t\t\t\t<\/div>\n\t\t<\/div>\n\t\t\t\t<div class=\"elementor-column elementor-col-50 elementor-inner-column elementor-element elementor-element-9d047cd\" data-id=\"9d047cd\" data-element_type=\"column\">\n\t\t\t<div class=\"elementor-widget-wrap elementor-element-populated\">\n\t\t\t\t\t\t<div class=\"elementor-element elementor-element-2b77cc2 elementor-shape-circle e-grid-align-left elementor-grid-0 elementor-widget elementor-widget-social-icons\" data-id=\"2b77cc2\" data-element_type=\"widget\" data-widget_type=\"social-icons.default\">\n\t\t\t\t<div class=\"elementor-widget-container\">\n\t\t\t\t\t\t\t<div class=\"elementor-social-icons-wrapper elementor-grid\" role=\"list\">\n\t\t\t\t\t\t\t<span class=\"elementor-grid-item\" role=\"listitem\">\n\t\t\t\t\t<a class=\"elementor-icon elementor-social-icon elementor-social-icon-facebook elementor-repeater-item-475afc0\" href=\"https:\/\/www.facebook.com\/SK-Pohjant%C3%A4hti-115286966905905\" target=\"_blank\">\n\t\t\t\t\t\t<span class=\"elementor-screen-only\">Facebook<\/span>\n\t\t\t\t\t\t<i aria-hidden=\"true\" class=\"fab fa-facebook\"><\/i>\t\t\t\t\t<\/a>\n\t\t\t\t<\/span>\n\t\t\t\t\t\t\t<span class=\"elementor-grid-item\" role=\"listitem\">\n\t\t\t\t\t<a class=\"elementor-icon elementor-social-icon elementor-social-icon-instagram elementor-repeater-item-d832682\" href=\"https:\/\/www.instagram.com\/sk_pohjantahti\/\" target=\"_blank\">\n\t\t\t\t\t\t<span class=\"elementor-screen-only\">Instagram<\/span>\n\t\t\t\t\t\t<i aria-hidden=\"true\" class=\"fab fa-instagram\"><\/i>\t\t\t\t\t<\/a>\n\t\t\t\t<\/span>\n\t\t\t\t\t\t\t<span class=\"elementor-grid-item\" role=\"listitem\">\n\t\t\t\t\t<a class=\"elementor-icon elementor-social-icon elementor-social-icon-twitter elementor-repeater-item-165c52e\" href=\"https:\/\/twitter.com\/skpohjantahti?lang=fi\" target=\"_blank\">\n\t\t\t\t\t\t<span class=\"elementor-screen-only\">Twitter<\/span>\n\t\t\t\t\t\t<i aria-hidden=\"true\" class=\"fab fa-twitter\"><\/i>\t\t\t\t\t<\/a>\n\t\t\t\t<\/span>\n\t\t\t\t\t<\/div>\n\t\t\t\t\t\t<\/div>\n\t\t\t\t<\/div>\n\t\t\t\t\t<\/div>\n\t\t<\/div>\n\t\t\t\t\t<\/div>\n\t\t<\/section>\n\t\t\t\t\t<\/div>\n\t\t<\/div>\n\t\t\t\t<div class=\"elementor-column elementor-col-50 elementor-top-column elementor-element elementor-element-9d9f1f2\" data-id=\"9d9f1f2\" data-element_type=\"column\" data-settings=\"{&quot;background_background&quot;:&quot;classic&quot;}\">\n\t\t\t<div class=\"elementor-widget-wrap elementor-element-populated\">\n\t\t\t\t\t\t<div class=\"elementor-element elementor-element-a40b7fb elementor-widget elementor-widget-heading\" data-id=\"a40b7fb\" data-element_type=\"widget\" data-widget_type=\"heading.default\">\n\t\t\t\t<div class=\"elementor-widget-container\">\n\t\t\t\t\t<h3 class=\"elementor-heading-title elementor-size-default\">Yhteydenottolomake<\/h3>\t\t\t\t<\/div>\n\t\t\t\t<\/div>\n\t\t\t\t<div class=\"elementor-element elementor-element-79b82d4 elementor-widget elementor-widget-wpforms\" data-id=\"79b82d4\" data-element_type=\"widget\" data-widget_type=\"wpforms.default\">\n\t\t\t\t<div class=\"elementor-widget-container\">\n\t\t\t\t\t<div class=\"wpforms-container \" id=\"wpforms-6\"><form id=\"wpforms-form-6\" class=\"wpforms-validate wpforms-form\" data-formid=\"6\" method=\"post\" enctype=\"multipart\/form-data\" action=\"\/index.php\/wp-json\/wp\/v2\/pages\/468\" data-token=\"c2e327b1d223887f1d2be39821864da5\" data-token-time=\"1775407480\"><noscript class=\"wpforms-error-noscript\">Please enable JavaScript in your browser to complete this form.<\/noscript><div class=\"wpforms-field-container\"><div id=\"wpforms-6-field_0-container\" class=\"wpforms-field wpforms-field-name\" data-field-id=\"0\"><label class=\"wpforms-field-label\" for=\"wpforms-6-field_0\">Nimi <span class=\"wpforms-required-label\">*<\/span><\/label><input type=\"text\" id=\"wpforms-6-field_0\" class=\"wpforms-field-large wpforms-field-required\" name=\"wpforms[fields][0]\" required><\/div><div id=\"wpforms-6-field_1-container\" class=\"wpforms-field wpforms-field-email\" data-field-id=\"1\"><label class=\"wpforms-field-label\" for=\"wpforms-6-field_1\">S\u00e4hk\u00f6posti <span class=\"wpforms-required-label\">*<\/span><\/label><input type=\"email\" id=\"wpforms-6-field_1\" class=\"wpforms-field-large wpforms-field-required\" name=\"wpforms[fields][1]\" spellcheck=\"false\" required><\/div><div id=\"wpforms-6-field_3-container\" class=\"wpforms-field wpforms-field-text\" data-field-id=\"3\"><label class=\"wpforms-field-label\" for=\"wpforms-6-field_3\">Aihe <span class=\"wpforms-required-label\">*<\/span><\/label><input type=\"text\" id=\"wpforms-6-field_3\" class=\"wpforms-field-large wpforms-field-required\" name=\"wpforms[fields][3]\" required><\/div><div id=\"wpforms-6-field_2-container\" class=\"wpforms-field wpforms-field-textarea\" data-field-id=\"2\"><label class=\"wpforms-field-label\" for=\"wpforms-6-field_2\">Viesti <span class=\"wpforms-required-label\">*<\/span><\/label><textarea id=\"wpforms-6-field_2\" class=\"wpforms-field-medium wpforms-field-required\" name=\"wpforms[fields][2]\" required><\/textarea><\/div><\/div><!-- .wpforms-field-container --><div class=\"wpforms-recaptcha-container wpforms-is-hcaptcha\" ><div class=\"h-captcha\" data-sitekey=\"d621e73e-1bef-4591-86c8-931ab3d329fc\"><\/div><input type=\"text\" name=\"g-recaptcha-hidden\" class=\"wpforms-recaptcha-hidden\" style=\"position:absolute!important;clip:rect(0,0,0,0)!important;height:1px!important;width:1px!important;border:0!important;overflow:hidden!important;padding:0!important;margin:0!important;\" data-rule-hcaptcha=\"1\"><\/div><div class=\"wpforms-submit-container\" ><input type=\"hidden\" name=\"wpforms[id]\" value=\"6\"><input type=\"hidden\" name=\"page_title\" value=\"\"><input type=\"hidden\" name=\"page_url\" value=\"https:\/\/skpohjantahti.fi\/index.php\/wp-json\/wp\/v2\/pages\/468\"><input type=\"hidden\" name=\"url_referer\" value=\"\"><button type=\"submit\" name=\"wpforms[submit]\" id=\"wpforms-submit-6\" class=\"wpforms-submit\" data-alt-text=\"L\u00e4hetet\u00e4\u00e4n....\" data-submit-text=\"L\u00e4het\u00e4 viesti\" aria-live=\"assertive\" value=\"wpforms-submit\">L\u00e4het\u00e4 viesti<\/button><\/div><\/form><\/div>  <!-- .wpforms-container -->\t\t\t\t<\/div>\n\t\t\t\t<\/div>\n\t\t\t\t\t<\/div>\n\t\t<\/div>\n\t\t\t\t\t<\/div>\n\t\t<\/section>\n\t\t\t\t<\/div>\n\t\t","protected":false},"excerpt":{"rendered":"<p>ota yhteytt\u00e4 Yhteys Ota yhteytt\u00e4 suoraan s\u00e4hk\u00f6postilla eri toimijoihin tai oheisella lomakkeella. Eri toimijoiden s\u00e4hk\u00f6postiosoitteet l\u00f6yd\u00e4t t\u00e4\u00e4lt\u00e4. l\u00e4het\u00e4 s\u00e4hk\u00f6postia toimisto(a)skpohjantahti.fi Seuraa meit\u00e4 Facebook Instagram Twitter Yhteydenottolomake<\/p>\n","protected":false},"author":1,"featured_media":0,"parent":0,"menu_order":0,"comment_status":"closed","ping_status":"closed","template":"","meta":{"site-sidebar-layout":"no-sidebar","site-content-layout":"page-builder","ast-site-content-layout":"default","site-content-style":"default","site-sidebar-style":"default","ast-global-header-display":"","ast-banner-title-visibility":"","ast-main-header-display":"","ast-hfb-above-header-display":"","ast-hfb-below-header-display":"","ast-hfb-mobile-header-display":"","site-post-title":"disabled","ast-breadcrumbs-content":"disabled","ast-featured-img":"disabled","footer-sml-layout":"","ast-disable-related-posts":"","theme-transparent-header-meta":"enabled","adv-header-id-meta":"","stick-header-meta":"","header-above-stick-meta":"","header-main-stick-meta":"","header-below-stick-meta":"","astra-migrate-meta-layouts":"default","ast-page-background-enabled":"default","ast-page-background-meta":{"desktop":{"background-color":"","background-image":"","background-repeat":"repeat","background-position":"center center","background-size":"auto","background-attachment":"scroll","background-type":"","background-media":"","overlay-type":"","overlay-color":"","overlay-opacity":"","overlay-gradient":""},"tablet":{"background-color":"","background-image":"","background-repeat":"repeat","background-position":"center center","background-size":"auto","background-attachment":"scroll","background-type":"","background-media":"","overlay-type":"","overlay-color":"","overlay-opacity":"","overlay-gradient":""},"mobile":{"background-color":"","background-image":"","background-repeat":"repeat","background-position":"center center","background-size":"auto","background-attachment":"scroll","background-type":"","background-media":"","overlay-type":"","overlay-color":"","overlay-opacity":"","overlay-gradient":""}},"ast-content-background-meta":{"desktop":{"background-color":"var(--ast-global-color-5)","background-image":"","background-repeat":"repeat","background-position":"center center","background-size":"auto","background-attachment":"scroll","background-type":"","background-media":"","overlay-type":"","overlay-color":"","overlay-opacity":"","overlay-gradient":""},"tablet":{"background-color":"var(--ast-global-color-5)","background-image":"","background-repeat":"repeat","background-position":"center center","background-size":"auto","background-attachment":"scroll","background-type":"","background-media":"","overlay-type":"","overlay-color":"","overlay-opacity":"","overlay-gradient":""},"mobile":{"background-color":"var(--ast-global-color-5)","background-image":"","background-repeat":"repeat","background-position":"center center","background-size":"auto","background-attachment":"scroll","background-type":"","background-media":"","overlay-type":"","overlay-color":"","overlay-opacity":"","overlay-gradient":""}},"footnotes":""},"class_list":["post-468","page","type-page","status-publish","hentry"],"yoast_head":"<!-- This site is optimized with the Yoast SEO plugin v27.2 - https:\/\/yoast.com\/product\/yoast-seo-wordpress\/ -->\n<title>Yhteystiedot - SK Pohjant\u00e4hti<\/title>\n<meta name=\"robots\" content=\"index, follow, max-snippet:-1, max-image-preview:large, max-video-preview:-1\" \/>\n<link rel=\"canonical\" href=\"https:\/\/skpohjantahti.fi\/index.php\/yhteystiedot\/\" \/>\n<meta property=\"og:locale\" content=\"fi_FI\" \/>\n<meta property=\"og:type\" content=\"article\" \/>\n<meta property=\"og:title\" content=\"Yhteystiedot - SK Pohjant\u00e4hti\" \/>\n<meta property=\"og:description\" content=\"ota yhteytt\u00e4 Yhteys Ota yhteytt\u00e4 suoraan s\u00e4hk\u00f6postilla eri toimijoihin tai oheisella lomakkeella. Eri toimijoiden s\u00e4hk\u00f6postiosoitteet l\u00f6yd\u00e4t t\u00e4\u00e4lt\u00e4. l\u00e4het\u00e4 s\u00e4hk\u00f6postia toimisto(a)skpohjantahti.fi Seuraa meit\u00e4 Facebook Instagram Twitter Yhteydenottolomake\" \/>\n<meta property=\"og:url\" content=\"https:\/\/skpohjantahti.fi\/index.php\/yhteystiedot\/\" \/>\n<meta property=\"og:site_name\" content=\"SK Pohjant\u00e4hti\" \/>\n<meta property=\"article:publisher\" content=\"https:\/\/www.facebook.com\/skpohjantahti\" \/>\n<meta property=\"article:modified_time\" content=\"2023-08-09T14:19:08+00:00\" \/>\n<meta name=\"twitter:card\" content=\"summary_large_image\" \/>\n<meta name=\"twitter:label1\" content=\"Arvioitu lukuaika\" \/>\n\t<meta name=\"twitter:data1\" content=\"1 minuutti\" \/>\n<script type=\"application\/ld+json\" class=\"yoast-schema-graph\">{\"@context\":\"https:\/\/schema.org\",\"@graph\":[{\"@type\":\"WebPage\",\"@id\":\"https:\/\/skpohjantahti.fi\/index.php\/yhteystiedot\/\",\"url\":\"https:\/\/skpohjantahti.fi\/index.php\/yhteystiedot\/\",\"name\":\"Yhteystiedot - SK Pohjant\u00e4hti\",\"isPartOf\":{\"@id\":\"https:\/\/skpohjantahti.fi\/#website\"},\"datePublished\":\"2021-01-20T16:57:04+00:00\",\"dateModified\":\"2023-08-09T14:19:08+00:00\",\"breadcrumb\":{\"@id\":\"https:\/\/skpohjantahti.fi\/index.php\/yhteystiedot\/#breadcrumb\"},\"inLanguage\":\"fi\",\"potentialAction\":[{\"@type\":\"ReadAction\",\"target\":[\"https:\/\/skpohjantahti.fi\/index.php\/yhteystiedot\/\"]}]},{\"@type\":\"BreadcrumbList\",\"@id\":\"https:\/\/skpohjantahti.fi\/index.php\/yhteystiedot\/#breadcrumb\",\"itemListElement\":[{\"@type\":\"ListItem\",\"position\":1,\"name\":\"Etusivu\",\"item\":\"https:\/\/skpohjantahti.fi\/\"},{\"@type\":\"ListItem\",\"position\":2,\"name\":\"Yhteystiedot\"}]},{\"@type\":\"WebSite\",\"@id\":\"https:\/\/skpohjantahti.fi\/#website\",\"url\":\"https:\/\/skpohjantahti.fi\/\",\"name\":\"SK Pohjant\u00e4hti\",\"description\":\"Oululainen suunnistusseura\",\"publisher\":{\"@id\":\"https:\/\/skpohjantahti.fi\/#organization\"},\"potentialAction\":[{\"@type\":\"SearchAction\",\"target\":{\"@type\":\"EntryPoint\",\"urlTemplate\":\"https:\/\/skpohjantahti.fi\/?s={search_term_string}\"},\"query-input\":{\"@type\":\"PropertyValueSpecification\",\"valueRequired\":true,\"valueName\":\"search_term_string\"}}],\"inLanguage\":\"fi\"},{\"@type\":\"Organization\",\"@id\":\"https:\/\/skpohjantahti.fi\/#organization\",\"name\":\"SK Pohjant\u00e4hti\",\"url\":\"https:\/\/skpohjantahti.fi\/\",\"logo\":{\"@type\":\"ImageObject\",\"inLanguage\":\"fi\",\"@id\":\"https:\/\/skpohjantahti.fi\/#\/schema\/logo\/image\/\",\"url\":\"https:\/\/skpohjantahti.fi\/uudet\/wp-content\/uploads\/2022\/04\/cropped-pohjantahti_log_netti_pieni.jpg\",\"contentUrl\":\"https:\/\/skpohjantahti.fi\/uudet\/wp-content\/uploads\/2022\/04\/cropped-pohjantahti_log_netti_pieni.jpg\",\"width\":198,\"height\":66,\"caption\":\"SK Pohjant\u00e4hti\"},\"image\":{\"@id\":\"https:\/\/skpohjantahti.fi\/#\/schema\/logo\/image\/\"},\"sameAs\":[\"https:\/\/www.facebook.com\/skpohjantahti\",\"https:\/\/www.instagram.com\/sk_pohjantahti\/\"]}]}<\/script>\n<!-- \/ Yoast SEO plugin. -->","yoast_head_json":{"title":"Yhteystiedot - SK Pohjant\u00e4hti","robots":{"index":"index","follow":"follow","max-snippet":"max-snippet:-1","max-image-preview":"max-image-preview:large","max-video-preview":"max-video-preview:-1"},"canonical":"https:\/\/skpohjantahti.fi\/index.php\/yhteystiedot\/","og_locale":"fi_FI","og_type":"article","og_title":"Yhteystiedot - SK Pohjant\u00e4hti","og_description":"ota yhteytt\u00e4 Yhteys Ota yhteytt\u00e4 suoraan s\u00e4hk\u00f6postilla eri toimijoihin tai oheisella lomakkeella. Eri toimijoiden s\u00e4hk\u00f6postiosoitteet l\u00f6yd\u00e4t t\u00e4\u00e4lt\u00e4. l\u00e4het\u00e4 s\u00e4hk\u00f6postia toimisto(a)skpohjantahti.fi Seuraa meit\u00e4 Facebook Instagram Twitter Yhteydenottolomake","og_url":"https:\/\/skpohjantahti.fi\/index.php\/yhteystiedot\/","og_site_name":"SK Pohjant\u00e4hti","article_publisher":"https:\/\/www.facebook.com\/skpohjantahti","article_modified_time":"2023-08-09T14:19:08+00:00","twitter_card":"summary_large_image","twitter_misc":{"Arvioitu lukuaika":"1 minuutti"},"schema":{"@context":"https:\/\/schema.org","@graph":[{"@type":"WebPage","@id":"https:\/\/skpohjantahti.fi\/index.php\/yhteystiedot\/","url":"https:\/\/skpohjantahti.fi\/index.php\/yhteystiedot\/","name":"Yhteystiedot - SK Pohjant\u00e4hti","isPartOf":{"@id":"https:\/\/skpohjantahti.fi\/#website"},"datePublished":"2021-01-20T16:57:04+00:00","dateModified":"2023-08-09T14:19:08+00:00","breadcrumb":{"@id":"https:\/\/skpohjantahti.fi\/index.php\/yhteystiedot\/#breadcrumb"},"inLanguage":"fi","potentialAction":[{"@type":"ReadAction","target":["https:\/\/skpohjantahti.fi\/index.php\/yhteystiedot\/"]}]},{"@type":"BreadcrumbList","@id":"https:\/\/skpohjantahti.fi\/index.php\/yhteystiedot\/#breadcrumb","itemListElement":[{"@type":"ListItem","position":1,"name":"Etusivu","item":"https:\/\/skpohjantahti.fi\/"},{"@type":"ListItem","position":2,"name":"Yhteystiedot"}]},{"@type":"WebSite","@id":"https:\/\/skpohjantahti.fi\/#website","url":"https:\/\/skpohjantahti.fi\/","name":"SK Pohjant\u00e4hti","description":"Oululainen suunnistusseura","publisher":{"@id":"https:\/\/skpohjantahti.fi\/#organization"},"potentialAction":[{"@type":"SearchAction","target":{"@type":"EntryPoint","urlTemplate":"https:\/\/skpohjantahti.fi\/?s={search_term_string}"},"query-input":{"@type":"PropertyValueSpecification","valueRequired":true,"valueName":"search_term_string"}}],"inLanguage":"fi"},{"@type":"Organization","@id":"https:\/\/skpohjantahti.fi\/#organization","name":"SK Pohjant\u00e4hti","url":"https:\/\/skpohjantahti.fi\/","logo":{"@type":"ImageObject","inLanguage":"fi","@id":"https:\/\/skpohjantahti.fi\/#\/schema\/logo\/image\/","url":"https:\/\/skpohjantahti.fi\/uudet\/wp-content\/uploads\/2022\/04\/cropped-pohjantahti_log_netti_pieni.jpg","contentUrl":"https:\/\/skpohjantahti.fi\/uudet\/wp-content\/uploads\/2022\/04\/cropped-pohjantahti_log_netti_pieni.jpg","width":198,"height":66,"caption":"SK Pohjant\u00e4hti"},"image":{"@id":"https:\/\/skpohjantahti.fi\/#\/schema\/logo\/image\/"},"sameAs":["https:\/\/www.facebook.com\/skpohjantahti","https:\/\/www.instagram.com\/sk_pohjantahti\/"]}]}},"_links":{"self":[{"href":"https:\/\/skpohjantahti.fi\/index.php\/wp-json\/wp\/v2\/pages\/468","targetHints":{"allow":["GET"]}}],"collection":[{"href":"https:\/\/skpohjantahti.fi\/index.php\/wp-json\/wp\/v2\/pages"}],"about":[{"href":"https:\/\/skpohjantahti.fi\/index.php\/wp-json\/wp\/v2\/types\/page"}],"author":[{"embeddable":true,"href":"https:\/\/skpohjantahti.fi\/index.php\/wp-json\/wp\/v2\/users\/1"}],"replies":[{"embeddable":true,"href":"https:\/\/skpohjantahti.fi\/index.php\/wp-json\/wp\/v2\/comments?post=468"}],"version-history":[{"count":34,"href":"https:\/\/skpohjantahti.fi\/index.php\/wp-json\/wp\/v2\/pages\/468\/revisions"}],"predecessor-version":[{"id":3239,"href":"https:\/\/skpohjantahti.fi\/index.php\/wp-json\/wp\/v2\/pages\/468\/revisions\/3239"}],"wp:attachment":[{"href":"https:\/\/skpohjantahti.fi\/index.php\/wp-json\/wp\/v2\/media?parent=468"}],"curies":[{"name":"wp","href":"https:\/\/api.w.org\/{rel}","templated":true}]}}