{"id":4793,"date":"2025-03-21T10:42:25","date_gmt":"2025-03-21T08:42:25","guid":{"rendered":"https:\/\/skpohjantahti.fi\/?page_id=4793"},"modified":"2025-04-15T20:02:19","modified_gmt":"2025-04-15T17:02:19","slug":"elementor-4793","status":"publish","type":"page","link":"https:\/\/skpohjantahti.fi\/index.php\/elementor-4793\/","title":{"rendered":"Elementor #4793"},"content":{"rendered":"\t\t<div data-elementor-type=\"wp-page\" data-elementor-id=\"4793\" class=\"elementor elementor-4793\">\n\t\t\t\t\t\t<section class=\"elementor-section elementor-top-section elementor-element elementor-element-c17b5e6 elementor-section-boxed elementor-section-height-default elementor-section-height-default\" data-id=\"c17b5e6\" data-element_type=\"section\">\n\t\t\t\t\t\t<div class=\"elementor-container elementor-column-gap-default\">\n\t\t\t\t\t<div class=\"elementor-column elementor-col-100 elementor-top-column elementor-element elementor-element-e2b2446\" data-id=\"e2b2446\" data-element_type=\"column\">\n\t\t\t<div class=\"elementor-widget-wrap elementor-element-populated\">\n\t\t\t\t\t\t<div class=\"elementor-element elementor-element-b99ee02 elementor-widget elementor-widget-heading\" data-id=\"b99ee02\" data-element_type=\"widget\" data-widget_type=\"heading.default\">\n\t\t\t\t<div class=\"elementor-widget-container\">\n\t\t\t\t\t<h2 class=\"elementor-heading-title elementor-size-default\">Sprintticup 2025<\/h2>\t\t\t\t<\/div>\n\t\t\t\t<\/div>\n\t\t\t\t\t<\/div>\n\t\t<\/div>\n\t\t\t\t\t<\/div>\n\t\t<\/section>\n\t\t\t\t<section class=\"elementor-section elementor-top-section elementor-element elementor-element-3c613b9 elementor-section-boxed elementor-section-height-default elementor-section-height-default\" data-id=\"3c613b9\" data-element_type=\"section\">\n\t\t\t\t\t\t<div class=\"elementor-container elementor-column-gap-default\">\n\t\t\t\t\t<div class=\"elementor-column elementor-col-100 elementor-top-column elementor-element elementor-element-1b4bff3\" data-id=\"1b4bff3\" data-element_type=\"column\">\n\t\t\t<div class=\"elementor-widget-wrap elementor-element-populated\">\n\t\t\t\t\t\t<div class=\"elementor-element elementor-element-e54fc4c elementor-widget elementor-widget-text-editor\" data-id=\"e54fc4c\" data-element_type=\"widget\" data-widget_type=\"text-editor.default\">\n\t\t\t\t<div class=\"elementor-widget-container\">\n\t\t\t\t\t\t\t\t\t<p>Sprintticup tuo j\u00e4lleen kolme erinomaista kilpailunomaista tapahtumaa suunnistusv\u00e4en iloksi. N\u00e4ill\u00e4 radoilla on sek\u00e4 fysiikka ett\u00e4 p\u00e4\u00e4koppa kovilla.<\/p><p><b>Kaksi ratavaihtoehtoa:<\/b><\/p><p>SprinttiP H18-H21 s\u00e4\u00e4nt\u00f6m\u00e4\u00e4r\u00e4inen pituus (eli k\u00e4rki 12-15 minuuttia) ja pidemp\u00e4\u00e4 sprintti\u00e4 halajavat 3,0-4,0km<br \/>SprinttiL H16 ja nuoremmat, veteraanit ja kaikki naiset s\u00e4\u00e4nt\u00f6m\u00e4\u00e4r\u00e4inen pituus (eli k\u00e4rki 12-15 minuuttia) 2,5-3,5km<\/p><p>Tapahtumien tarkemmat kokoontumispaikat ja muut tiedot <a href=\"https:\/\/oulurastit.info\/\">Oulurastisivulla<\/a><\/p>\t\t\t\t\t\t\t\t<\/div>\n\t\t\t\t<\/div>\n\t\t\t\t\t<\/div>\n\t\t<\/div>\n\t\t\t\t\t<\/div>\n\t\t<\/section>\n\t\t\t\t<section class=\"elementor-section elementor-top-section elementor-element elementor-element-52c27bd elementor-section-boxed elementor-section-height-default elementor-section-height-default\" data-id=\"52c27bd\" data-element_type=\"section\">\n\t\t\t\t\t\t<div class=\"elementor-container elementor-column-gap-default\">\n\t\t\t\t\t<div class=\"elementor-column elementor-col-33 elementor-top-column elementor-element elementor-element-8de7503\" data-id=\"8de7503\" data-element_type=\"column\">\n\t\t\t<div class=\"elementor-widget-wrap elementor-element-populated\">\n\t\t\t\t\t\t<div class=\"elementor-element elementor-element-10afc86 elementor-widget elementor-widget-image\" data-id=\"10afc86\" data-element_type=\"widget\" data-widget_type=\"image.default\">\n\t\t\t\t<div class=\"elementor-widget-container\">\n\t\t\t\t\t\t\t\t\t\t\t\t\t\t\t<img fetchpriority=\"high\" decoding=\"async\" width=\"1024\" height=\"695\" src=\"https:\/\/skpohjantahti.fi\/uudet\/wp-content\/uploads\/2025\/03\/myllytulli-1024x695.jpg\" class=\"attachment-large size-large wp-image-4794\" alt=\"\" srcset=\"https:\/\/skpohjantahti.fi\/uudet\/wp-content\/uploads\/2025\/03\/myllytulli-1024x695.jpg 1024w, https:\/\/skpohjantahti.fi\/uudet\/wp-content\/uploads\/2025\/03\/myllytulli-300x204.jpg 300w, https:\/\/skpohjantahti.fi\/uudet\/wp-content\/uploads\/2025\/03\/myllytulli-768x521.jpg 768w, https:\/\/skpohjantahti.fi\/uudet\/wp-content\/uploads\/2025\/03\/myllytulli.jpg 1177w\" sizes=\"(max-width: 1024px) 100vw, 1024px\" \/>\t\t\t\t\t\t\t\t\t\t\t\t\t\t\t<\/div>\n\t\t\t\t<\/div>\n\t\t\t\t\t<\/div>\n\t\t<\/div>\n\t\t\t\t<div class=\"elementor-column elementor-col-66 elementor-top-column elementor-element elementor-element-fedf74c\" data-id=\"fedf74c\" data-element_type=\"column\">\n\t\t\t<div class=\"elementor-widget-wrap elementor-element-populated\">\n\t\t\t\t\t\t<div class=\"elementor-element elementor-element-b30858a elementor-widget elementor-widget-text-editor\" data-id=\"b30858a\" data-element_type=\"widget\" data-widget_type=\"text-editor.default\">\n\t\t\t\t<div class=\"elementor-widget-container\">\n\t\t\t\t\t\t\t\t\t<h3>Keskusta\/Myllytulli 1.4.2025<\/h3>\n<div>T<a href=\"https:\/\/oulurastit.info\/event\/show\/1274#tulosotsikko\">ulokset ja v\u00e4liajat<\/a><br><a href=\"https:\/\/www.tulospalvelu.fi\/gps\/20250401keskmylly\/\">GPS-seuranta<\/a><br><a href=\"https:\/\/www.livelox.com\/Events\/Show\/151801\/Sprintticup-Keskusta-Myllytulli\">Livelox<\/a><br><a href=\"https:\/\/1drv.ms\/f\/c\/6f41eee311db296c\/EmhKfbGSawxJsPXjenVkCx0B7qoNoOlzVzdRaFIJb4bMnA?e=mvlfbZ\">Lyhyen radan analyysit<\/a><\/div>\t\t\t\t\t\t\t\t<\/div>\n\t\t\t\t<\/div>\n\t\t\t\t\t<\/div>\n\t\t<\/div>\n\t\t\t\t\t<\/div>\n\t\t<\/section>\n\t\t\t\t<section class=\"elementor-section elementor-top-section elementor-element elementor-element-921ab88 elementor-section-boxed elementor-section-height-default elementor-section-height-default\" data-id=\"921ab88\" data-element_type=\"section\">\n\t\t\t\t\t\t<div class=\"elementor-container elementor-column-gap-default\">\n\t\t\t\t\t<div class=\"elementor-column elementor-col-33 elementor-top-column elementor-element elementor-element-518d254\" data-id=\"518d254\" data-element_type=\"column\">\n\t\t\t<div class=\"elementor-widget-wrap elementor-element-populated\">\n\t\t\t\t\t\t<div class=\"elementor-element elementor-element-cae81f1 elementor-widget elementor-widget-image\" data-id=\"cae81f1\" data-element_type=\"widget\" data-widget_type=\"image.default\">\n\t\t\t\t<div class=\"elementor-widget-container\">\n\t\t\t\t\t\t\t\t\t\t\t\t\t\t\t<img decoding=\"async\" width=\"1024\" height=\"695\" src=\"https:\/\/skpohjantahti.fi\/uudet\/wp-content\/uploads\/2025\/03\/heinapaa-1024x695.jpg\" class=\"attachment-large size-large wp-image-4795\" alt=\"\" srcset=\"https:\/\/skpohjantahti.fi\/uudet\/wp-content\/uploads\/2025\/03\/heinapaa-1024x695.jpg 1024w, https:\/\/skpohjantahti.fi\/uudet\/wp-content\/uploads\/2025\/03\/heinapaa-300x204.jpg 300w, https:\/\/skpohjantahti.fi\/uudet\/wp-content\/uploads\/2025\/03\/heinapaa-768x521.jpg 768w, https:\/\/skpohjantahti.fi\/uudet\/wp-content\/uploads\/2025\/03\/heinapaa.jpg 1177w\" sizes=\"(max-width: 1024px) 100vw, 1024px\" \/>\t\t\t\t\t\t\t\t\t\t\t\t\t\t\t<\/div>\n\t\t\t\t<\/div>\n\t\t\t\t\t<\/div>\n\t\t<\/div>\n\t\t\t\t<div class=\"elementor-column elementor-col-66 elementor-top-column elementor-element elementor-element-d2b8cbc\" data-id=\"d2b8cbc\" data-element_type=\"column\">\n\t\t\t<div class=\"elementor-widget-wrap elementor-element-populated\">\n\t\t\t\t\t\t<div class=\"elementor-element elementor-element-33ba3d0 elementor-widget elementor-widget-text-editor\" data-id=\"33ba3d0\" data-element_type=\"widget\" data-widget_type=\"text-editor.default\">\n\t\t\t\t<div class=\"elementor-widget-container\">\n\t\t\t\t\t\t\t\t\t<h3>Keskusta\/Hein\u00e4p\u00e4\u00e4 8.4.2025<\/h3>\n<div><a href=\"https:\/\/skpohjantahti.fi\/uudet\/wp-content\/uploads\/2025\/04\/t20250408.html\">Tulokset<\/a><br><a href=\"https:\/\/skpohjantahti.fi\/uudet\/wp-content\/uploads\/2025\/04\/v20250408.html\">V\u00e4liajat<\/a><br><a href=\"https:\/\/www.tulospalvelu.fi\/gps\/20250408Heinapaa\/\">GPS-seuranta<\/a><br><a href=\"https:\/\/www.livelox.com\/Events\/Show\/152522\/Sprintticup-Keskusta-Heinapaa\">Livelox<\/a><\/div>\t\t\t\t\t\t\t\t<\/div>\n\t\t\t\t<\/div>\n\t\t\t\t\t<\/div>\n\t\t<\/div>\n\t\t\t\t\t<\/div>\n\t\t<\/section>\n\t\t\t\t<section class=\"elementor-section elementor-top-section elementor-element elementor-element-2ebe95e elementor-section-boxed elementor-section-height-default elementor-section-height-default\" data-id=\"2ebe95e\" data-element_type=\"section\">\n\t\t\t\t\t\t<div class=\"elementor-container elementor-column-gap-default\">\n\t\t\t\t\t<div class=\"elementor-column elementor-col-33 elementor-top-column elementor-element elementor-element-3c0826b\" data-id=\"3c0826b\" data-element_type=\"column\">\n\t\t\t<div class=\"elementor-widget-wrap elementor-element-populated\">\n\t\t\t\t\t\t<div class=\"elementor-element elementor-element-ad5a81d elementor-widget elementor-widget-image\" data-id=\"ad5a81d\" data-element_type=\"widget\" data-widget_type=\"image.default\">\n\t\t\t\t<div class=\"elementor-widget-container\">\n\t\t\t\t\t\t\t\t\t\t\t\t\t\t\t<img decoding=\"async\" width=\"814\" height=\"553\" src=\"https:\/\/skpohjantahti.fi\/uudet\/wp-content\/uploads\/2025\/03\/kaijonharju.jpg\" class=\"attachment-large size-large wp-image-4796\" alt=\"\" srcset=\"https:\/\/skpohjantahti.fi\/uudet\/wp-content\/uploads\/2025\/03\/kaijonharju.jpg 814w, https:\/\/skpohjantahti.fi\/uudet\/wp-content\/uploads\/2025\/03\/kaijonharju-300x204.jpg 300w, https:\/\/skpohjantahti.fi\/uudet\/wp-content\/uploads\/2025\/03\/kaijonharju-768x522.jpg 768w\" sizes=\"(max-width: 814px) 100vw, 814px\" \/>\t\t\t\t\t\t\t\t\t\t\t\t\t\t\t<\/div>\n\t\t\t\t<\/div>\n\t\t\t\t\t<\/div>\n\t\t<\/div>\n\t\t\t\t<div class=\"elementor-column elementor-col-66 elementor-top-column elementor-element elementor-element-d233b96\" data-id=\"d233b96\" data-element_type=\"column\">\n\t\t\t<div class=\"elementor-widget-wrap elementor-element-populated\">\n\t\t\t\t\t\t<div class=\"elementor-element elementor-element-fc8dc6e elementor-widget elementor-widget-text-editor\" data-id=\"fc8dc6e\" data-element_type=\"widget\" data-widget_type=\"text-editor.default\">\n\t\t\t\t<div class=\"elementor-widget-container\">\n\t\t\t\t\t\t\t\t\t<h3>Kaijonharju 15.4.2025<\/h3>\n<div><a href=\"https:\/\/skpohjantahti.fi\/uudet\/wp-content\/uploads\/2025\/04\/t20250415.html\">Tulokset<\/a><br><a href=\"https:\/\/skpohjantahti.fi\/uudet\/wp-content\/uploads\/2025\/04\/v20250415.html\">V\u00e4liajat<\/a><br><a href=\"https:\/\/www.tulospalvelu.fi\/gps\/20250415Kaijonharju\/\">GPS-seuranta<\/a><br><a href=\"https:\/\/www.livelox.com\/Events\/Show\/153383\/Sprintticup-Kaijonharju\">Livelox<\/a><\/div>\t\t\t\t\t\t\t\t<\/div>\n\t\t\t\t<\/div>\n\t\t\t\t\t<\/div>\n\t\t<\/div>\n\t\t\t\t\t<\/div>\n\t\t<\/section>\n\t\t\t\t<\/div>\n\t\t","protected":false},"excerpt":{"rendered":"<p>Sprintticup 2025 Sprintticup tuo j\u00e4lleen kolme erinomaista kilpailunomaista tapahtumaa suunnistusv\u00e4en iloksi. N\u00e4ill\u00e4 radoilla on sek\u00e4 fysiikka ett\u00e4 p\u00e4\u00e4koppa kovilla. Kaksi ratavaihtoehtoa: SprinttiP H18-H21 s\u00e4\u00e4nt\u00f6m\u00e4\u00e4r\u00e4inen pituus (eli k\u00e4rki 12-15 minuuttia) ja pidemp\u00e4\u00e4 sprintti\u00e4 halajavat 3,0-4,0kmSprinttiL H16 ja nuoremmat, veteraanit ja kaikki naiset s\u00e4\u00e4nt\u00f6m\u00e4\u00e4r\u00e4inen pituus (eli k\u00e4rki 12-15 minuuttia) 2,5-3,5km Tapahtumien tarkemmat kokoontumispaikat ja muut tiedot Oulurastisivulla [&hellip;]<\/p>\n","protected":false},"author":2,"featured_media":0,"parent":0,"menu_order":0,"comment_status":"closed","ping_status":"closed","template":"","meta":{"site-sidebar-layout":"no-sidebar","site-content-layout":"page-builder","ast-site-content-layout":"default","site-content-style":"default","site-sidebar-style":"default","ast-global-header-display":"","ast-banner-title-visibility":"","ast-main-header-display":"","ast-hfb-above-header-display":"","ast-hfb-below-header-display":"","ast-hfb-mobile-header-display":"","site-post-title":"disabled","ast-breadcrumbs-content":"","ast-featured-img":"disabled","footer-sml-layout":"","ast-disable-related-posts":"","theme-transparent-header-meta":"","adv-header-id-meta":"","stick-header-meta":"","header-above-stick-meta":"","header-main-stick-meta":"","header-below-stick-meta":"","astra-migrate-meta-layouts":"default","ast-page-background-enabled":"default","ast-page-background-meta":{"desktop":{"background-color":"","background-image":"","background-repeat":"repeat","background-position":"center center","background-size":"auto","background-attachment":"scroll","background-type":"","background-media":"","overlay-type":"","overlay-color":"","overlay-opacity":"","overlay-gradient":""},"tablet":{"background-color":"","background-image":"","background-repeat":"repeat","background-position":"center center","background-size":"auto","background-attachment":"scroll","background-type":"","background-media":"","overlay-type":"","overlay-color":"","overlay-opacity":"","overlay-gradient":""},"mobile":{"background-color":"","background-image":"","background-repeat":"repeat","background-position":"center center","background-size":"auto","background-attachment":"scroll","background-type":"","background-media":"","overlay-type":"","overlay-color":"","overlay-opacity":"","overlay-gradient":""}},"ast-content-background-meta":{"desktop":{"background-color":"var(--ast-global-color-5)","background-image":"","background-repeat":"repeat","background-position":"center center","background-size":"auto","background-attachment":"scroll","background-type":"","background-media":"","overlay-type":"","overlay-color":"","overlay-opacity":"","overlay-gradient":""},"tablet":{"background-color":"var(--ast-global-color-5)","background-image":"","background-repeat":"repeat","background-position":"center center","background-size":"auto","background-attachment":"scroll","background-type":"","background-media":"","overlay-type":"","overlay-color":"","overlay-opacity":"","overlay-gradient":""},"mobile":{"background-color":"var(--ast-global-color-5)","background-image":"","background-repeat":"repeat","background-position":"center center","background-size":"auto","background-attachment":"scroll","background-type":"","background-media":"","overlay-type":"","overlay-color":"","overlay-opacity":"","overlay-gradient":""}},"footnotes":""},"class_list":["post-4793","page","type-page","status-publish","hentry"],"yoast_head":"<!-- This site is optimized with the Yoast SEO plugin v27.2 - https:\/\/yoast.com\/product\/yoast-seo-wordpress\/ -->\n<title>Elementor #4793 - SK Pohjant\u00e4hti<\/title>\n<meta name=\"robots\" content=\"index, follow, max-snippet:-1, max-image-preview:large, max-video-preview:-1\" \/>\n<link rel=\"canonical\" href=\"https:\/\/skpohjantahti.fi\/index.php\/elementor-4793\/\" \/>\n<meta property=\"og:locale\" content=\"fi_FI\" \/>\n<meta property=\"og:type\" content=\"article\" \/>\n<meta property=\"og:title\" content=\"Elementor #4793 - SK Pohjant\u00e4hti\" \/>\n<meta property=\"og:description\" content=\"Sprintticup 2025 Sprintticup tuo j\u00e4lleen kolme erinomaista kilpailunomaista tapahtumaa suunnistusv\u00e4en iloksi. N\u00e4ill\u00e4 radoilla on sek\u00e4 fysiikka ett\u00e4 p\u00e4\u00e4koppa kovilla. Kaksi ratavaihtoehtoa: SprinttiP H18-H21 s\u00e4\u00e4nt\u00f6m\u00e4\u00e4r\u00e4inen pituus (eli k\u00e4rki 12-15 minuuttia) ja pidemp\u00e4\u00e4 sprintti\u00e4 halajavat 3,0-4,0kmSprinttiL H16 ja nuoremmat, veteraanit ja kaikki naiset s\u00e4\u00e4nt\u00f6m\u00e4\u00e4r\u00e4inen pituus (eli k\u00e4rki 12-15 minuuttia) 2,5-3,5km Tapahtumien tarkemmat kokoontumispaikat ja muut tiedot Oulurastisivulla [&hellip;]\" \/>\n<meta property=\"og:url\" content=\"https:\/\/skpohjantahti.fi\/index.php\/elementor-4793\/\" \/>\n<meta property=\"og:site_name\" content=\"SK Pohjant\u00e4hti\" \/>\n<meta property=\"article:publisher\" content=\"https:\/\/www.facebook.com\/skpohjantahti\" \/>\n<meta property=\"article:modified_time\" content=\"2025-04-15T17:02:19+00:00\" \/>\n<meta property=\"og:image\" content=\"https:\/\/skpohjantahti.fi\/uudet\/wp-content\/uploads\/2025\/03\/myllytulli.jpg\" \/>\n\t<meta property=\"og:image:width\" content=\"1177\" \/>\n\t<meta property=\"og:image:height\" content=\"799\" \/>\n\t<meta property=\"og:image:type\" content=\"image\/jpeg\" \/>\n<meta name=\"twitter:card\" content=\"summary_large_image\" \/>\n<meta name=\"twitter:label1\" content=\"Arvioitu lukuaika\" \/>\n\t<meta name=\"twitter:data1\" content=\"2 minuuttia\" \/>\n<script type=\"application\/ld+json\" class=\"yoast-schema-graph\">{\"@context\":\"https:\/\/schema.org\",\"@graph\":[{\"@type\":\"WebPage\",\"@id\":\"https:\/\/skpohjantahti.fi\/index.php\/elementor-4793\/\",\"url\":\"https:\/\/skpohjantahti.fi\/index.php\/elementor-4793\/\",\"name\":\"Elementor #4793 - SK Pohjant\u00e4hti\",\"isPartOf\":{\"@id\":\"https:\/\/skpohjantahti.fi\/#website\"},\"primaryImageOfPage\":{\"@id\":\"https:\/\/skpohjantahti.fi\/index.php\/elementor-4793\/#primaryimage\"},\"image\":{\"@id\":\"https:\/\/skpohjantahti.fi\/index.php\/elementor-4793\/#primaryimage\"},\"thumbnailUrl\":\"https:\/\/skpohjantahti.fi\/uudet\/wp-content\/uploads\/2025\/03\/myllytulli-1024x695.jpg\",\"datePublished\":\"2025-03-21T08:42:25+00:00\",\"dateModified\":\"2025-04-15T17:02:19+00:00\",\"breadcrumb\":{\"@id\":\"https:\/\/skpohjantahti.fi\/index.php\/elementor-4793\/#breadcrumb\"},\"inLanguage\":\"fi\",\"potentialAction\":[{\"@type\":\"ReadAction\",\"target\":[\"https:\/\/skpohjantahti.fi\/index.php\/elementor-4793\/\"]}]},{\"@type\":\"ImageObject\",\"inLanguage\":\"fi\",\"@id\":\"https:\/\/skpohjantahti.fi\/index.php\/elementor-4793\/#primaryimage\",\"url\":\"https:\/\/skpohjantahti.fi\/uudet\/wp-content\/uploads\/2025\/03\/myllytulli.jpg\",\"contentUrl\":\"https:\/\/skpohjantahti.fi\/uudet\/wp-content\/uploads\/2025\/03\/myllytulli.jpg\",\"width\":1177,\"height\":799},{\"@type\":\"BreadcrumbList\",\"@id\":\"https:\/\/skpohjantahti.fi\/index.php\/elementor-4793\/#breadcrumb\",\"itemListElement\":[{\"@type\":\"ListItem\",\"position\":1,\"name\":\"Etusivu\",\"item\":\"https:\/\/skpohjantahti.fi\/\"},{\"@type\":\"ListItem\",\"position\":2,\"name\":\"Elementor #4793\"}]},{\"@type\":\"WebSite\",\"@id\":\"https:\/\/skpohjantahti.fi\/#website\",\"url\":\"https:\/\/skpohjantahti.fi\/\",\"name\":\"SK Pohjant\u00e4hti\",\"description\":\"Oululainen suunnistusseura\",\"publisher\":{\"@id\":\"https:\/\/skpohjantahti.fi\/#organization\"},\"potentialAction\":[{\"@type\":\"SearchAction\",\"target\":{\"@type\":\"EntryPoint\",\"urlTemplate\":\"https:\/\/skpohjantahti.fi\/?s={search_term_string}\"},\"query-input\":{\"@type\":\"PropertyValueSpecification\",\"valueRequired\":true,\"valueName\":\"search_term_string\"}}],\"inLanguage\":\"fi\"},{\"@type\":\"Organization\",\"@id\":\"https:\/\/skpohjantahti.fi\/#organization\",\"name\":\"SK Pohjant\u00e4hti\",\"url\":\"https:\/\/skpohjantahti.fi\/\",\"logo\":{\"@type\":\"ImageObject\",\"inLanguage\":\"fi\",\"@id\":\"https:\/\/skpohjantahti.fi\/#\/schema\/logo\/image\/\",\"url\":\"https:\/\/skpohjantahti.fi\/uudet\/wp-content\/uploads\/2022\/04\/cropped-pohjantahti_log_netti_pieni.jpg\",\"contentUrl\":\"https:\/\/skpohjantahti.fi\/uudet\/wp-content\/uploads\/2022\/04\/cropped-pohjantahti_log_netti_pieni.jpg\",\"width\":198,\"height\":66,\"caption\":\"SK Pohjant\u00e4hti\"},\"image\":{\"@id\":\"https:\/\/skpohjantahti.fi\/#\/schema\/logo\/image\/\"},\"sameAs\":[\"https:\/\/www.facebook.com\/skpohjantahti\",\"https:\/\/www.instagram.com\/sk_pohjantahti\/\"]}]}<\/script>\n<!-- \/ Yoast SEO plugin. -->","yoast_head_json":{"title":"Elementor #4793 - SK Pohjant\u00e4hti","robots":{"index":"index","follow":"follow","max-snippet":"max-snippet:-1","max-image-preview":"max-image-preview:large","max-video-preview":"max-video-preview:-1"},"canonical":"https:\/\/skpohjantahti.fi\/index.php\/elementor-4793\/","og_locale":"fi_FI","og_type":"article","og_title":"Elementor #4793 - SK Pohjant\u00e4hti","og_description":"Sprintticup 2025 Sprintticup tuo j\u00e4lleen kolme erinomaista kilpailunomaista tapahtumaa suunnistusv\u00e4en iloksi. N\u00e4ill\u00e4 radoilla on sek\u00e4 fysiikka ett\u00e4 p\u00e4\u00e4koppa kovilla. Kaksi ratavaihtoehtoa: SprinttiP H18-H21 s\u00e4\u00e4nt\u00f6m\u00e4\u00e4r\u00e4inen pituus (eli k\u00e4rki 12-15 minuuttia) ja pidemp\u00e4\u00e4 sprintti\u00e4 halajavat 3,0-4,0kmSprinttiL H16 ja nuoremmat, veteraanit ja kaikki naiset s\u00e4\u00e4nt\u00f6m\u00e4\u00e4r\u00e4inen pituus (eli k\u00e4rki 12-15 minuuttia) 2,5-3,5km Tapahtumien tarkemmat kokoontumispaikat ja muut tiedot Oulurastisivulla [&hellip;]","og_url":"https:\/\/skpohjantahti.fi\/index.php\/elementor-4793\/","og_site_name":"SK Pohjant\u00e4hti","article_publisher":"https:\/\/www.facebook.com\/skpohjantahti","article_modified_time":"2025-04-15T17:02:19+00:00","og_image":[{"width":1177,"height":799,"url":"https:\/\/skpohjantahti.fi\/uudet\/wp-content\/uploads\/2025\/03\/myllytulli.jpg","type":"image\/jpeg"}],"twitter_card":"summary_large_image","twitter_misc":{"Arvioitu lukuaika":"2 minuuttia"},"schema":{"@context":"https:\/\/schema.org","@graph":[{"@type":"WebPage","@id":"https:\/\/skpohjantahti.fi\/index.php\/elementor-4793\/","url":"https:\/\/skpohjantahti.fi\/index.php\/elementor-4793\/","name":"Elementor #4793 - SK Pohjant\u00e4hti","isPartOf":{"@id":"https:\/\/skpohjantahti.fi\/#website"},"primaryImageOfPage":{"@id":"https:\/\/skpohjantahti.fi\/index.php\/elementor-4793\/#primaryimage"},"image":{"@id":"https:\/\/skpohjantahti.fi\/index.php\/elementor-4793\/#primaryimage"},"thumbnailUrl":"https:\/\/skpohjantahti.fi\/uudet\/wp-content\/uploads\/2025\/03\/myllytulli-1024x695.jpg","datePublished":"2025-03-21T08:42:25+00:00","dateModified":"2025-04-15T17:02:19+00:00","breadcrumb":{"@id":"https:\/\/skpohjantahti.fi\/index.php\/elementor-4793\/#breadcrumb"},"inLanguage":"fi","potentialAction":[{"@type":"ReadAction","target":["https:\/\/skpohjantahti.fi\/index.php\/elementor-4793\/"]}]},{"@type":"ImageObject","inLanguage":"fi","@id":"https:\/\/skpohjantahti.fi\/index.php\/elementor-4793\/#primaryimage","url":"https:\/\/skpohjantahti.fi\/uudet\/wp-content\/uploads\/2025\/03\/myllytulli.jpg","contentUrl":"https:\/\/skpohjantahti.fi\/uudet\/wp-content\/uploads\/2025\/03\/myllytulli.jpg","width":1177,"height":799},{"@type":"BreadcrumbList","@id":"https:\/\/skpohjantahti.fi\/index.php\/elementor-4793\/#breadcrumb","itemListElement":[{"@type":"ListItem","position":1,"name":"Etusivu","item":"https:\/\/skpohjantahti.fi\/"},{"@type":"ListItem","position":2,"name":"Elementor #4793"}]},{"@type":"WebSite","@id":"https:\/\/skpohjantahti.fi\/#website","url":"https:\/\/skpohjantahti.fi\/","name":"SK Pohjant\u00e4hti","description":"Oululainen suunnistusseura","publisher":{"@id":"https:\/\/skpohjantahti.fi\/#organization"},"potentialAction":[{"@type":"SearchAction","target":{"@type":"EntryPoint","urlTemplate":"https:\/\/skpohjantahti.fi\/?s={search_term_string}"},"query-input":{"@type":"PropertyValueSpecification","valueRequired":true,"valueName":"search_term_string"}}],"inLanguage":"fi"},{"@type":"Organization","@id":"https:\/\/skpohjantahti.fi\/#organization","name":"SK Pohjant\u00e4hti","url":"https:\/\/skpohjantahti.fi\/","logo":{"@type":"ImageObject","inLanguage":"fi","@id":"https:\/\/skpohjantahti.fi\/#\/schema\/logo\/image\/","url":"https:\/\/skpohjantahti.fi\/uudet\/wp-content\/uploads\/2022\/04\/cropped-pohjantahti_log_netti_pieni.jpg","contentUrl":"https:\/\/skpohjantahti.fi\/uudet\/wp-content\/uploads\/2022\/04\/cropped-pohjantahti_log_netti_pieni.jpg","width":198,"height":66,"caption":"SK Pohjant\u00e4hti"},"image":{"@id":"https:\/\/skpohjantahti.fi\/#\/schema\/logo\/image\/"},"sameAs":["https:\/\/www.facebook.com\/skpohjantahti","https:\/\/www.instagram.com\/sk_pohjantahti\/"]}]}},"_links":{"self":[{"href":"https:\/\/skpohjantahti.fi\/index.php\/wp-json\/wp\/v2\/pages\/4793","targetHints":{"allow":["GET"]}}],"collection":[{"href":"https:\/\/skpohjantahti.fi\/index.php\/wp-json\/wp\/v2\/pages"}],"about":[{"href":"https:\/\/skpohjantahti.fi\/index.php\/wp-json\/wp\/v2\/types\/page"}],"author":[{"embeddable":true,"href":"https:\/\/skpohjantahti.fi\/index.php\/wp-json\/wp\/v2\/users\/2"}],"replies":[{"embeddable":true,"href":"https:\/\/skpohjantahti.fi\/index.php\/wp-json\/wp\/v2\/comments?post=4793"}],"version-history":[{"count":16,"href":"https:\/\/skpohjantahti.fi\/index.php\/wp-json\/wp\/v2\/pages\/4793\/revisions"}],"predecessor-version":[{"id":4902,"href":"https:\/\/skpohjantahti.fi\/index.php\/wp-json\/wp\/v2\/pages\/4793\/revisions\/4902"}],"wp:attachment":[{"href":"https:\/\/skpohjantahti.fi\/index.php\/wp-json\/wp\/v2\/media?parent=4793"}],"curies":[{"name":"wp","href":"https:\/\/api.w.org\/{rel}","templated":true}]}}