{"id":4903,"date":"2025-04-18T11:17:49","date_gmt":"2025-04-18T08:17:49","guid":{"rendered":"https:\/\/skpohjantahti.fi\/?page_id=4903"},"modified":"2025-04-21T16:46:37","modified_gmt":"2025-04-21T13:46:37","slug":"harjoituskilpailu-sallisenpera-27-4-2025","status":"publish","type":"page","link":"https:\/\/skpohjantahti.fi\/index.php\/harjoituskilpailu-sallisenpera-27-4-2025\/","title":{"rendered":"Harjoituskilpailu Sallisenper\u00e4 27.4.2025"},"content":{"rendered":"\t\t<div data-elementor-type=\"wp-page\" data-elementor-id=\"4903\" class=\"elementor elementor-4903\">\n\t\t\t\t\t\t<section class=\"elementor-section elementor-top-section elementor-element elementor-element-ed6a8d2 elementor-section-boxed elementor-section-height-default elementor-section-height-default\" data-id=\"ed6a8d2\" data-element_type=\"section\">\n\t\t\t\t\t\t<div class=\"elementor-container elementor-column-gap-default\">\n\t\t\t\t\t<div class=\"elementor-column elementor-col-100 elementor-top-column elementor-element elementor-element-2f843bf\" data-id=\"2f843bf\" data-element_type=\"column\">\n\t\t\t<div class=\"elementor-widget-wrap elementor-element-populated\">\n\t\t\t\t\t\t<div class=\"elementor-element elementor-element-c807cdd elementor-widget elementor-widget-heading\" data-id=\"c807cdd\" data-element_type=\"widget\" data-widget_type=\"heading.default\">\n\t\t\t\t<div class=\"elementor-widget-container\">\n\t\t\t\t\t<h2 class=\"elementor-heading-title elementor-size-default\">Harjoituskilpailu Sallisenper\u00e4 27.4.2025<\/h2>\t\t\t\t<\/div>\n\t\t\t\t<\/div>\n\t\t\t\t\t<\/div>\n\t\t<\/div>\n\t\t\t\t\t<\/div>\n\t\t<\/section>\n\t\t\t\t<section class=\"elementor-section elementor-top-section elementor-element elementor-element-dce70de elementor-section-boxed elementor-section-height-default elementor-section-height-default\" data-id=\"dce70de\" data-element_type=\"section\">\n\t\t\t\t\t\t<div class=\"elementor-container elementor-column-gap-default\">\n\t\t\t\t\t<div class=\"elementor-column elementor-col-100 elementor-top-column elementor-element elementor-element-3e30ba5\" data-id=\"3e30ba5\" data-element_type=\"column\">\n\t\t\t<div class=\"elementor-widget-wrap elementor-element-populated\">\n\t\t\t\t\t\t<div class=\"elementor-element elementor-element-61ca3e3 elementor-widget elementor-widget-text-editor\" data-id=\"61ca3e3\" data-element_type=\"widget\" data-widget_type=\"text-editor.default\">\n\t\t\t\t<div class=\"elementor-widget-container\">\n\t\t\t\t\t\t\t\t\t<p><span style=\"font-style: inherit; font-weight: inherit;\">Aikainen kev\u00e4t mahdollistaa &#8221;kilpailu&#8221;tuntuman ottamisen my\u00f6s kotimaastoissa. Sallisenper\u00e4n sorakuopat mahdollistavat intensiiviset ja jatkuvaan karttakontaktiin pakottavat keskimatkan radat. Radat tarjoavat t\u00e4ss\u00e4 vaiheessa kautta riitt\u00e4v\u00e4n suunnistushaasteen kev\u00e4\u00e4n t\u00e4rkeisiin kilpailuihin valmistautuville suunnistajille. Ratasuunnittelun l\u00e4ht\u00f6kohtana ovat <\/span><span style=\"font-style: inherit; font-weight: inherit; background-color: rgb(255, 255, 255);\"><a href=\"https:\/\/www.suunnistusliitto.fi\/system\/wp-content\/uploads\/2025\/03\/SSL-Suunnistusratojen-taitotasot-sarjat-ohjeajat-25.3.2025.pdf\">Suunnistusliiton ohjeet suunnistusratojen taitotasoista, pituuksista sek\u00e4 karttojen mittakaavoista<\/a><\/span><span style=\"font-style: inherit; font-weight: inherit;\">. Kaikille sarjoille ei toki l\u00f6ydy aivan oikean mittaista rataa, mutta halutessaan voi rataa v\u00e4h\u00e4n lyhent\u00e4\u00e4 tai juosta kilpailuvauhtia vain osittain niin saa hyv\u00e4n kilpailunomaisen keskimatkan harjoituksen. Kaikilla radoilla alku on intensiivisin.<\/span><\/p>\n<p><b>Radat:<\/b><\/p>\n<p>Pitk\u00e4 5,1km \/ 20 rastia \/ 1:7500 (Pohjant\u00e4hden valmennusryhmille 1:10000); suositus H18-H40 ja pidemp\u00e4\u00e4 rataa toivovat kuntoilijat (v\u00e4rikoodi &#8221;musta&#8221;\/&#8221;sininen&#8221;)<br>Keski 3,8km \/ 18 rastia \/&nbsp;&nbsp;1:7500 (Pohjant\u00e4hden valmennusryhmille 1:10000); suositus H16, D18-D21, kovavauhtisimmat D16 + kaikki veteraanit (v\u00e4rikoodi &#8221;musta&#8221;\/&#8221;sininen&#8221;)<br>Lyhyt 2,3km \/ 11 rastia \/ 1:7500; suositus H\/D12-16 + kokeneimmat veteraanit&nbsp;<span style=\"font-size: 1rem;\">(v\u00e4rikoodi &#8221;punainen&#8221;\/&#8221;oranssi&#8221;)<\/span><\/p>\n<p><b>Kartta:<\/b><\/p>\n<p>Kartta on Urpo Niemel\u00e4 k\u00e4sialaa, viimeiset p\u00e4ivitykset syyskuussa 2024. Alueella m\u00f6yrit\u00e4\u00e4n jatkuvasti mets\u00e4t\u00f6it\u00e4 ja ajellaan erin\u00e4isill\u00e4 ajoneuvoilla mink\u00e4 vuoksi kartalle merkittyjen ajourien lis\u00e4ksi maastossa on paljon erilaisia k\u00e4yt\u00f6n j\u00e4lki\u00e4 ja uria. Suunnistusta ei kannatakaan perustaa ajouriin tai polkuihin, joissa menee helposti sekaisin. Osa avoimeksi alueeksi merkityist\u00e4 hakkioista kasvaa jo l\u00e4hes miehen korkuista taimikkoa. Kartta on kuvattu kuvausohjeen mukaisesti ja kartalle kuvatut k\u00e4yr\u00e4muodot erottuvat selke\u00e4sti maastossa. Esimerkiksi pistekumpare ei t\u00e4ll\u00e4 kartalla tarkoita maatunutta muurahaispes\u00e4\u00e4 tai sammaloitunutta kive\u00e4 Oulun seudun monien karttojen tapaan vaan maastossa selke\u00e4sti erottuvaa kumparetta.<\/p>\n<p>Pitk\u00e4 rata ja keskirata on hahmoteltu kahdelle palalle, katso kuva alla.<\/p>\t\t\t\t\t\t\t\t<\/div>\n\t\t\t\t<\/div>\n\t\t\t\t\t<\/div>\n\t\t<\/div>\n\t\t\t\t\t<\/div>\n\t\t<\/section>\n\t\t\t\t<section class=\"elementor-section elementor-top-section elementor-element elementor-element-1df4331 elementor-section-boxed elementor-section-height-default elementor-section-height-default\" data-id=\"1df4331\" data-element_type=\"section\">\n\t\t\t\t\t\t<div class=\"elementor-container elementor-column-gap-default\">\n\t\t\t\t\t<div class=\"elementor-column elementor-col-100 elementor-top-column elementor-element elementor-element-7594d5c\" data-id=\"7594d5c\" data-element_type=\"column\">\n\t\t\t<div class=\"elementor-widget-wrap elementor-element-populated\">\n\t\t\t\t\t\t<div class=\"elementor-element elementor-element-48fc19e elementor-widget elementor-widget-image\" data-id=\"48fc19e\" data-element_type=\"widget\" data-widget_type=\"image.default\">\n\t\t\t\t<div class=\"elementor-widget-container\">\n\t\t\t\t\t\t\t\t\t\t\t\t\t\t\t<img fetchpriority=\"high\" decoding=\"async\" width=\"877\" height=\"620\" src=\"https:\/\/skpohjantahti.fi\/uudet\/wp-content\/uploads\/2025\/04\/Salli.jpg\" class=\"attachment-large size-large wp-image-4905\" alt=\"\" srcset=\"https:\/\/skpohjantahti.fi\/uudet\/wp-content\/uploads\/2025\/04\/Salli.jpg 877w, https:\/\/skpohjantahti.fi\/uudet\/wp-content\/uploads\/2025\/04\/Salli-300x212.jpg 300w, https:\/\/skpohjantahti.fi\/uudet\/wp-content\/uploads\/2025\/04\/Salli-768x543.jpg 768w\" sizes=\"(max-width: 877px) 100vw, 877px\" \/>\t\t\t\t\t\t\t\t\t\t\t\t\t\t\t<\/div>\n\t\t\t\t<\/div>\n\t\t\t\t\t<\/div>\n\t\t<\/div>\n\t\t\t\t\t<\/div>\n\t\t<\/section>\n\t\t\t\t<section class=\"elementor-section elementor-top-section elementor-element elementor-element-c56fd36 elementor-section-boxed elementor-section-height-default elementor-section-height-default\" data-id=\"c56fd36\" data-element_type=\"section\">\n\t\t\t\t\t\t<div class=\"elementor-container elementor-column-gap-default\">\n\t\t\t\t\t<div class=\"elementor-column elementor-col-100 elementor-top-column elementor-element elementor-element-d43a362\" data-id=\"d43a362\" data-element_type=\"column\">\n\t\t\t<div class=\"elementor-widget-wrap elementor-element-populated\">\n\t\t\t\t\t\t<div class=\"elementor-element elementor-element-529aa19 elementor-widget elementor-widget-text-editor\" data-id=\"529aa19\" data-element_type=\"widget\" data-widget_type=\"text-editor.default\">\n\t\t\t\t<div class=\"elementor-widget-container\">\n\t\t\t\t\t\t\t\t\t<p style=\"font-size: 16px; font-style: normal;\"><b>Parkkeeraus:<\/b><br>Maalin sijainti:&nbsp;<a href=\"https:\/\/maps.app.goo.gl\/sKay6cLY1YfNoUrEA\">https:\/\/maps.app.goo.gl\/sKay6cLY1YfNoUrEA<\/a>&nbsp;<br>K\u00e4y k\u00e4\u00e4nt\u00e4m\u00e4ss\u00e4 auto ja parkkeeraa omatoimisesti tien it\u00e4laitaan keula paluusuuntaan p\u00e4in. J\u00e4tet\u00e4\u00e4n tielle tilaa isompienkin koneiden liikkua, joten&nbsp;<span style=\"font-weight: bold;\"><u>\u00e4l\u00e4 parkkeeraa tien l\u00e4nsilaitaan<\/u><\/span>. Katso ohje alla.<\/p>\t\t\t\t\t\t\t\t<\/div>\n\t\t\t\t<\/div>\n\t\t\t\t\t<\/div>\n\t\t<\/div>\n\t\t\t\t\t<\/div>\n\t\t<\/section>\n\t\t\t\t<section class=\"elementor-section elementor-top-section elementor-element elementor-element-1348caf elementor-section-boxed elementor-section-height-default elementor-section-height-default\" data-id=\"1348caf\" data-element_type=\"section\">\n\t\t\t\t\t\t<div class=\"elementor-container elementor-column-gap-default\">\n\t\t\t\t\t<div class=\"elementor-column elementor-col-100 elementor-top-column elementor-element elementor-element-6affebf\" data-id=\"6affebf\" data-element_type=\"column\">\n\t\t\t<div class=\"elementor-widget-wrap elementor-element-populated\">\n\t\t\t\t\t\t<div class=\"elementor-element elementor-element-b56fa75 elementor-widget elementor-widget-image\" data-id=\"b56fa75\" data-element_type=\"widget\" data-widget_type=\"image.default\">\n\t\t\t\t<div class=\"elementor-widget-container\">\n\t\t\t\t\t\t\t\t\t\t\t\t\t\t\t<img decoding=\"async\" width=\"768\" height=\"893\" src=\"https:\/\/skpohjantahti.fi\/uudet\/wp-content\/uploads\/2025\/04\/salliopas-768x893.png\" class=\"attachment-medium_large size-medium_large wp-image-4904\" alt=\"\" srcset=\"https:\/\/skpohjantahti.fi\/uudet\/wp-content\/uploads\/2025\/04\/salliopas-768x893.png 768w, https:\/\/skpohjantahti.fi\/uudet\/wp-content\/uploads\/2025\/04\/salliopas-258x300.png 258w, https:\/\/skpohjantahti.fi\/uudet\/wp-content\/uploads\/2025\/04\/salliopas-880x1024.png 880w, https:\/\/skpohjantahti.fi\/uudet\/wp-content\/uploads\/2025\/04\/salliopas.png 1018w\" sizes=\"(max-width: 768px) 100vw, 768px\" \/>\t\t\t\t\t\t\t\t\t\t\t\t\t\t\t<\/div>\n\t\t\t\t<\/div>\n\t\t\t\t\t<\/div>\n\t\t<\/div>\n\t\t\t\t\t<\/div>\n\t\t<\/section>\n\t\t\t\t<section class=\"elementor-section elementor-top-section elementor-element elementor-element-e139b5f elementor-section-boxed elementor-section-height-default elementor-section-height-default\" data-id=\"e139b5f\" data-element_type=\"section\">\n\t\t\t\t\t\t<div class=\"elementor-container elementor-column-gap-default\">\n\t\t\t\t\t<div class=\"elementor-column elementor-col-100 elementor-top-column elementor-element elementor-element-12fb9b4\" data-id=\"12fb9b4\" data-element_type=\"column\">\n\t\t\t<div class=\"elementor-widget-wrap elementor-element-populated\">\n\t\t\t\t\t\t<div class=\"elementor-element elementor-element-837d705 elementor-widget elementor-widget-text-editor\" data-id=\"837d705\" data-element_type=\"widget\" data-widget_type=\"text-editor.default\">\n\t\t\t\t<div class=\"elementor-widget-container\">\n\t\t\t\t\t\t\t\t\t<p style=\"font-size: 16px; font-style: normal;\"><b>L\u00e4ht\u00f6:<\/b><br>Kartat saa l\u00e4ht\u00f6paikalla. L\u00e4hd\u00f6ss\u00e4 nollaus, ja nollauksesta 50 metri\u00e4 K-pisteelle pienill\u00e4 kartioilla merkitty\u00e4 viitoitusta pitkin. Kartanottopaikkaa ei ole kartan luettavuuden s\u00e4ilytt\u00e4miseksi merkitty karttaan.<\/p>\n<p style=\"font-size: 16px; font-style: normal;\">L\u00e4hd\u00f6t klo 17.00-17.45, Pohjant\u00e4hden valmennusryhm\u00e4t klo 16.30 alkaen. Eri radoille voi l\u00e4hte\u00e4 samaan aikaan, j\u00e4t\u00e4 jonkin verran v\u00e4li\u00e4 edelliseen saman radan menij\u00e4\u00e4n.<\/p>\n<p style=\"font-size: 16px; font-style: normal;\">Rasteja aletaan ker\u00e4\u00e4m\u00e4\u00e4n radan alkup\u00e4\u00e4st\u00e4 18.15 alkaen, maali sulkeutuu 19.00.<\/p>\n<p style=\"font-size: 16px; font-style: normal;\"><b>Ratakuvaus:<\/b><br>Intensiiviset keskimatkan radat.<\/p>\n<p style=\"font-size: 16px; font-style: normal;\"><b>Maksut:<\/b><br>Oulurastihinnat. Huolehdithan maksut mielell\u00e4\u00e4n etuk\u00e4teen tilisiirrolla (<b>FI70 5741 3620 4424 56 SK Pohjant\u00e4hti, viitenumero 7650<\/b>) tai liikuntasovelluksella. Paikan p\u00e4\u00e4ll\u00e4 mielell\u00e4\u00e4n tasaraha. Vuokraemittej\u00e4 ei ole saatavilla, mutta voit kiert\u00e4\u00e4 radan my\u00f6s ilman emitti\u00e4.<\/p>\n<p style=\"font-size: 16px; font-style: normal;\"><b>GPS-seuranta ja Livelox:<\/b><br>Keskiradalta tulee gps-seurantalinkki ja Livelox aukeaa kaikille mahdollisuutena ladata oma reitti sinne.<\/p>\n<p style=\"font-size: 16px; font-style: normal;\"><b>Muuta:<\/b><\/p>\n<p style=\"font-size: 16px; font-style: normal;\">Radat eiv\u00e4t j\u00e4\u00e4 omatoimirasteiksi.<\/p>\t\t\t\t\t\t\t\t<\/div>\n\t\t\t\t<\/div>\n\t\t\t\t\t<\/div>\n\t\t<\/div>\n\t\t\t\t\t<\/div>\n\t\t<\/section>\n\t\t\t\t<\/div>\n\t\t","protected":false},"excerpt":{"rendered":"<p>Harjoituskilpailu Sallisenper\u00e4 27.4.2025 Aikainen kev\u00e4t mahdollistaa &#8221;kilpailu&#8221;tuntuman ottamisen my\u00f6s kotimaastoissa. Sallisenper\u00e4n sorakuopat mahdollistavat intensiiviset ja jatkuvaan karttakontaktiin pakottavat keskimatkan radat. Radat tarjoavat t\u00e4ss\u00e4 vaiheessa kautta riitt\u00e4v\u00e4n suunnistushaasteen kev\u00e4\u00e4n t\u00e4rkeisiin kilpailuihin valmistautuville suunnistajille. Ratasuunnittelun l\u00e4ht\u00f6kohtana ovat Suunnistusliiton ohjeet suunnistusratojen taitotasoista, pituuksista sek\u00e4 karttojen mittakaavoista. Kaikille sarjoille ei toki l\u00f6ydy aivan oikean mittaista rataa, mutta halutessaan voi [&hellip;]<\/p>\n","protected":false},"author":2,"featured_media":0,"parent":0,"menu_order":0,"comment_status":"closed","ping_status":"closed","template":"","meta":{"site-sidebar-layout":"no-sidebar","site-content-layout":"page-builder","ast-site-content-layout":"default","site-content-style":"default","site-sidebar-style":"default","ast-global-header-display":"","ast-banner-title-visibility":"","ast-main-header-display":"","ast-hfb-above-header-display":"","ast-hfb-below-header-display":"","ast-hfb-mobile-header-display":"","site-post-title":"disabled","ast-breadcrumbs-content":"","ast-featured-img":"disabled","footer-sml-layout":"","ast-disable-related-posts":"","theme-transparent-header-meta":"","adv-header-id-meta":"","stick-header-meta":"","header-above-stick-meta":"","header-main-stick-meta":"","header-below-stick-meta":"","astra-migrate-meta-layouts":"default","ast-page-background-enabled":"default","ast-page-background-meta":{"desktop":{"background-color":"","background-image":"","background-repeat":"repeat","background-position":"center center","background-size":"auto","background-attachment":"scroll","background-type":"","background-media":"","overlay-type":"","overlay-color":"","overlay-opacity":"","overlay-gradient":""},"tablet":{"background-color":"","background-image":"","background-repeat":"repeat","background-position":"center center","background-size":"auto","background-attachment":"scroll","background-type":"","background-media":"","overlay-type":"","overlay-color":"","overlay-opacity":"","overlay-gradient":""},"mobile":{"background-color":"","background-image":"","background-repeat":"repeat","background-position":"center center","background-size":"auto","background-attachment":"scroll","background-type":"","background-media":"","overlay-type":"","overlay-color":"","overlay-opacity":"","overlay-gradient":""}},"ast-content-background-meta":{"desktop":{"background-color":"var(--ast-global-color-5)","background-image":"","background-repeat":"repeat","background-position":"center center","background-size":"auto","background-attachment":"scroll","background-type":"","background-media":"","overlay-type":"","overlay-color":"","overlay-opacity":"","overlay-gradient":""},"tablet":{"background-color":"var(--ast-global-color-5)","background-image":"","background-repeat":"repeat","background-position":"center center","background-size":"auto","background-attachment":"scroll","background-type":"","background-media":"","overlay-type":"","overlay-color":"","overlay-opacity":"","overlay-gradient":""},"mobile":{"background-color":"var(--ast-global-color-5)","background-image":"","background-repeat":"repeat","background-position":"center center","background-size":"auto","background-attachment":"scroll","background-type":"","background-media":"","overlay-type":"","overlay-color":"","overlay-opacity":"","overlay-gradient":""}},"footnotes":""},"class_list":["post-4903","page","type-page","status-publish","hentry"],"yoast_head":"<!-- This site is optimized with the Yoast SEO plugin v27.2 - https:\/\/yoast.com\/product\/yoast-seo-wordpress\/ -->\n<title>Harjoituskilpailu Sallisenper\u00e4 27.4.2025 - SK Pohjant\u00e4hti<\/title>\n<meta name=\"robots\" content=\"index, follow, max-snippet:-1, max-image-preview:large, max-video-preview:-1\" \/>\n<link rel=\"canonical\" href=\"https:\/\/skpohjantahti.fi\/index.php\/harjoituskilpailu-sallisenpera-27-4-2025\/\" \/>\n<meta property=\"og:locale\" content=\"fi_FI\" \/>\n<meta property=\"og:type\" content=\"article\" \/>\n<meta property=\"og:title\" content=\"Harjoituskilpailu Sallisenper\u00e4 27.4.2025 - SK Pohjant\u00e4hti\" \/>\n<meta property=\"og:description\" content=\"Harjoituskilpailu Sallisenper\u00e4 27.4.2025 Aikainen kev\u00e4t mahdollistaa &#8221;kilpailu&#8221;tuntuman ottamisen my\u00f6s kotimaastoissa. Sallisenper\u00e4n sorakuopat mahdollistavat intensiiviset ja jatkuvaan karttakontaktiin pakottavat keskimatkan radat. Radat tarjoavat t\u00e4ss\u00e4 vaiheessa kautta riitt\u00e4v\u00e4n suunnistushaasteen kev\u00e4\u00e4n t\u00e4rkeisiin kilpailuihin valmistautuville suunnistajille. Ratasuunnittelun l\u00e4ht\u00f6kohtana ovat Suunnistusliiton ohjeet suunnistusratojen taitotasoista, pituuksista sek\u00e4 karttojen mittakaavoista. Kaikille sarjoille ei toki l\u00f6ydy aivan oikean mittaista rataa, mutta halutessaan voi [&hellip;]\" \/>\n<meta property=\"og:url\" content=\"https:\/\/skpohjantahti.fi\/index.php\/harjoituskilpailu-sallisenpera-27-4-2025\/\" \/>\n<meta property=\"og:site_name\" content=\"SK Pohjant\u00e4hti\" \/>\n<meta property=\"article:publisher\" content=\"https:\/\/www.facebook.com\/skpohjantahti\" \/>\n<meta property=\"article:modified_time\" content=\"2025-04-21T13:46:37+00:00\" \/>\n<meta property=\"og:image\" content=\"https:\/\/skpohjantahti.fi\/uudet\/wp-content\/uploads\/2025\/04\/Salli.jpg\" \/>\n\t<meta property=\"og:image:width\" content=\"877\" \/>\n\t<meta property=\"og:image:height\" content=\"620\" \/>\n\t<meta property=\"og:image:type\" content=\"image\/jpeg\" \/>\n<meta name=\"twitter:card\" content=\"summary_large_image\" \/>\n<meta name=\"twitter:label1\" content=\"Arvioitu lukuaika\" \/>\n\t<meta name=\"twitter:data1\" content=\"3 minuuttia\" \/>\n<script type=\"application\/ld+json\" class=\"yoast-schema-graph\">{\"@context\":\"https:\/\/schema.org\",\"@graph\":[{\"@type\":\"WebPage\",\"@id\":\"https:\/\/skpohjantahti.fi\/index.php\/harjoituskilpailu-sallisenpera-27-4-2025\/\",\"url\":\"https:\/\/skpohjantahti.fi\/index.php\/harjoituskilpailu-sallisenpera-27-4-2025\/\",\"name\":\"Harjoituskilpailu Sallisenper\u00e4 27.4.2025 - SK Pohjant\u00e4hti\",\"isPartOf\":{\"@id\":\"https:\/\/skpohjantahti.fi\/#website\"},\"primaryImageOfPage\":{\"@id\":\"https:\/\/skpohjantahti.fi\/index.php\/harjoituskilpailu-sallisenpera-27-4-2025\/#primaryimage\"},\"image\":{\"@id\":\"https:\/\/skpohjantahti.fi\/index.php\/harjoituskilpailu-sallisenpera-27-4-2025\/#primaryimage\"},\"thumbnailUrl\":\"https:\/\/skpohjantahti.fi\/uudet\/wp-content\/uploads\/2025\/04\/Salli.jpg\",\"datePublished\":\"2025-04-18T08:17:49+00:00\",\"dateModified\":\"2025-04-21T13:46:37+00:00\",\"breadcrumb\":{\"@id\":\"https:\/\/skpohjantahti.fi\/index.php\/harjoituskilpailu-sallisenpera-27-4-2025\/#breadcrumb\"},\"inLanguage\":\"fi\",\"potentialAction\":[{\"@type\":\"ReadAction\",\"target\":[\"https:\/\/skpohjantahti.fi\/index.php\/harjoituskilpailu-sallisenpera-27-4-2025\/\"]}]},{\"@type\":\"ImageObject\",\"inLanguage\":\"fi\",\"@id\":\"https:\/\/skpohjantahti.fi\/index.php\/harjoituskilpailu-sallisenpera-27-4-2025\/#primaryimage\",\"url\":\"https:\/\/skpohjantahti.fi\/uudet\/wp-content\/uploads\/2025\/04\/Salli.jpg\",\"contentUrl\":\"https:\/\/skpohjantahti.fi\/uudet\/wp-content\/uploads\/2025\/04\/Salli.jpg\",\"width\":877,\"height\":620},{\"@type\":\"BreadcrumbList\",\"@id\":\"https:\/\/skpohjantahti.fi\/index.php\/harjoituskilpailu-sallisenpera-27-4-2025\/#breadcrumb\",\"itemListElement\":[{\"@type\":\"ListItem\",\"position\":1,\"name\":\"Etusivu\",\"item\":\"https:\/\/skpohjantahti.fi\/\"},{\"@type\":\"ListItem\",\"position\":2,\"name\":\"Harjoituskilpailu Sallisenper\u00e4 27.4.2025\"}]},{\"@type\":\"WebSite\",\"@id\":\"https:\/\/skpohjantahti.fi\/#website\",\"url\":\"https:\/\/skpohjantahti.fi\/\",\"name\":\"SK Pohjant\u00e4hti\",\"description\":\"Oululainen suunnistusseura\",\"publisher\":{\"@id\":\"https:\/\/skpohjantahti.fi\/#organization\"},\"potentialAction\":[{\"@type\":\"SearchAction\",\"target\":{\"@type\":\"EntryPoint\",\"urlTemplate\":\"https:\/\/skpohjantahti.fi\/?s={search_term_string}\"},\"query-input\":{\"@type\":\"PropertyValueSpecification\",\"valueRequired\":true,\"valueName\":\"search_term_string\"}}],\"inLanguage\":\"fi\"},{\"@type\":\"Organization\",\"@id\":\"https:\/\/skpohjantahti.fi\/#organization\",\"name\":\"SK Pohjant\u00e4hti\",\"url\":\"https:\/\/skpohjantahti.fi\/\",\"logo\":{\"@type\":\"ImageObject\",\"inLanguage\":\"fi\",\"@id\":\"https:\/\/skpohjantahti.fi\/#\/schema\/logo\/image\/\",\"url\":\"https:\/\/skpohjantahti.fi\/uudet\/wp-content\/uploads\/2022\/04\/cropped-pohjantahti_log_netti_pieni.jpg\",\"contentUrl\":\"https:\/\/skpohjantahti.fi\/uudet\/wp-content\/uploads\/2022\/04\/cropped-pohjantahti_log_netti_pieni.jpg\",\"width\":198,\"height\":66,\"caption\":\"SK Pohjant\u00e4hti\"},\"image\":{\"@id\":\"https:\/\/skpohjantahti.fi\/#\/schema\/logo\/image\/\"},\"sameAs\":[\"https:\/\/www.facebook.com\/skpohjantahti\",\"https:\/\/www.instagram.com\/sk_pohjantahti\/\"]}]}<\/script>\n<!-- \/ Yoast SEO plugin. -->","yoast_head_json":{"title":"Harjoituskilpailu Sallisenper\u00e4 27.4.2025 - SK Pohjant\u00e4hti","robots":{"index":"index","follow":"follow","max-snippet":"max-snippet:-1","max-image-preview":"max-image-preview:large","max-video-preview":"max-video-preview:-1"},"canonical":"https:\/\/skpohjantahti.fi\/index.php\/harjoituskilpailu-sallisenpera-27-4-2025\/","og_locale":"fi_FI","og_type":"article","og_title":"Harjoituskilpailu Sallisenper\u00e4 27.4.2025 - SK Pohjant\u00e4hti","og_description":"Harjoituskilpailu Sallisenper\u00e4 27.4.2025 Aikainen kev\u00e4t mahdollistaa &#8221;kilpailu&#8221;tuntuman ottamisen my\u00f6s kotimaastoissa. Sallisenper\u00e4n sorakuopat mahdollistavat intensiiviset ja jatkuvaan karttakontaktiin pakottavat keskimatkan radat. Radat tarjoavat t\u00e4ss\u00e4 vaiheessa kautta riitt\u00e4v\u00e4n suunnistushaasteen kev\u00e4\u00e4n t\u00e4rkeisiin kilpailuihin valmistautuville suunnistajille. Ratasuunnittelun l\u00e4ht\u00f6kohtana ovat Suunnistusliiton ohjeet suunnistusratojen taitotasoista, pituuksista sek\u00e4 karttojen mittakaavoista. Kaikille sarjoille ei toki l\u00f6ydy aivan oikean mittaista rataa, mutta halutessaan voi [&hellip;]","og_url":"https:\/\/skpohjantahti.fi\/index.php\/harjoituskilpailu-sallisenpera-27-4-2025\/","og_site_name":"SK Pohjant\u00e4hti","article_publisher":"https:\/\/www.facebook.com\/skpohjantahti","article_modified_time":"2025-04-21T13:46:37+00:00","og_image":[{"width":877,"height":620,"url":"https:\/\/skpohjantahti.fi\/uudet\/wp-content\/uploads\/2025\/04\/Salli.jpg","type":"image\/jpeg"}],"twitter_card":"summary_large_image","twitter_misc":{"Arvioitu lukuaika":"3 minuuttia"},"schema":{"@context":"https:\/\/schema.org","@graph":[{"@type":"WebPage","@id":"https:\/\/skpohjantahti.fi\/index.php\/harjoituskilpailu-sallisenpera-27-4-2025\/","url":"https:\/\/skpohjantahti.fi\/index.php\/harjoituskilpailu-sallisenpera-27-4-2025\/","name":"Harjoituskilpailu Sallisenper\u00e4 27.4.2025 - SK Pohjant\u00e4hti","isPartOf":{"@id":"https:\/\/skpohjantahti.fi\/#website"},"primaryImageOfPage":{"@id":"https:\/\/skpohjantahti.fi\/index.php\/harjoituskilpailu-sallisenpera-27-4-2025\/#primaryimage"},"image":{"@id":"https:\/\/skpohjantahti.fi\/index.php\/harjoituskilpailu-sallisenpera-27-4-2025\/#primaryimage"},"thumbnailUrl":"https:\/\/skpohjantahti.fi\/uudet\/wp-content\/uploads\/2025\/04\/Salli.jpg","datePublished":"2025-04-18T08:17:49+00:00","dateModified":"2025-04-21T13:46:37+00:00","breadcrumb":{"@id":"https:\/\/skpohjantahti.fi\/index.php\/harjoituskilpailu-sallisenpera-27-4-2025\/#breadcrumb"},"inLanguage":"fi","potentialAction":[{"@type":"ReadAction","target":["https:\/\/skpohjantahti.fi\/index.php\/harjoituskilpailu-sallisenpera-27-4-2025\/"]}]},{"@type":"ImageObject","inLanguage":"fi","@id":"https:\/\/skpohjantahti.fi\/index.php\/harjoituskilpailu-sallisenpera-27-4-2025\/#primaryimage","url":"https:\/\/skpohjantahti.fi\/uudet\/wp-content\/uploads\/2025\/04\/Salli.jpg","contentUrl":"https:\/\/skpohjantahti.fi\/uudet\/wp-content\/uploads\/2025\/04\/Salli.jpg","width":877,"height":620},{"@type":"BreadcrumbList","@id":"https:\/\/skpohjantahti.fi\/index.php\/harjoituskilpailu-sallisenpera-27-4-2025\/#breadcrumb","itemListElement":[{"@type":"ListItem","position":1,"name":"Etusivu","item":"https:\/\/skpohjantahti.fi\/"},{"@type":"ListItem","position":2,"name":"Harjoituskilpailu Sallisenper\u00e4 27.4.2025"}]},{"@type":"WebSite","@id":"https:\/\/skpohjantahti.fi\/#website","url":"https:\/\/skpohjantahti.fi\/","name":"SK Pohjant\u00e4hti","description":"Oululainen suunnistusseura","publisher":{"@id":"https:\/\/skpohjantahti.fi\/#organization"},"potentialAction":[{"@type":"SearchAction","target":{"@type":"EntryPoint","urlTemplate":"https:\/\/skpohjantahti.fi\/?s={search_term_string}"},"query-input":{"@type":"PropertyValueSpecification","valueRequired":true,"valueName":"search_term_string"}}],"inLanguage":"fi"},{"@type":"Organization","@id":"https:\/\/skpohjantahti.fi\/#organization","name":"SK Pohjant\u00e4hti","url":"https:\/\/skpohjantahti.fi\/","logo":{"@type":"ImageObject","inLanguage":"fi","@id":"https:\/\/skpohjantahti.fi\/#\/schema\/logo\/image\/","url":"https:\/\/skpohjantahti.fi\/uudet\/wp-content\/uploads\/2022\/04\/cropped-pohjantahti_log_netti_pieni.jpg","contentUrl":"https:\/\/skpohjantahti.fi\/uudet\/wp-content\/uploads\/2022\/04\/cropped-pohjantahti_log_netti_pieni.jpg","width":198,"height":66,"caption":"SK Pohjant\u00e4hti"},"image":{"@id":"https:\/\/skpohjantahti.fi\/#\/schema\/logo\/image\/"},"sameAs":["https:\/\/www.facebook.com\/skpohjantahti","https:\/\/www.instagram.com\/sk_pohjantahti\/"]}]}},"_links":{"self":[{"href":"https:\/\/skpohjantahti.fi\/index.php\/wp-json\/wp\/v2\/pages\/4903","targetHints":{"allow":["GET"]}}],"collection":[{"href":"https:\/\/skpohjantahti.fi\/index.php\/wp-json\/wp\/v2\/pages"}],"about":[{"href":"https:\/\/skpohjantahti.fi\/index.php\/wp-json\/wp\/v2\/types\/page"}],"author":[{"embeddable":true,"href":"https:\/\/skpohjantahti.fi\/index.php\/wp-json\/wp\/v2\/users\/2"}],"replies":[{"embeddable":true,"href":"https:\/\/skpohjantahti.fi\/index.php\/wp-json\/wp\/v2\/comments?post=4903"}],"version-history":[{"count":24,"href":"https:\/\/skpohjantahti.fi\/index.php\/wp-json\/wp\/v2\/pages\/4903\/revisions"}],"predecessor-version":[{"id":4931,"href":"https:\/\/skpohjantahti.fi\/index.php\/wp-json\/wp\/v2\/pages\/4903\/revisions\/4931"}],"wp:attachment":[{"href":"https:\/\/skpohjantahti.fi\/index.php\/wp-json\/wp\/v2\/media?parent=4903"}],"curies":[{"name":"wp","href":"https:\/\/api.w.org\/{rel}","templated":true}]}}