{"id":4941,"date":"2025-04-25T09:44:28","date_gmt":"2025-04-25T06:44:28","guid":{"rendered":"https:\/\/skpohjantahti.fi\/?page_id=4941"},"modified":"2026-04-28T19:54:08","modified_gmt":"2026-04-28T16:54:08","slug":"pyorasuunnistus","status":"publish","type":"page","link":"https:\/\/skpohjantahti.fi\/index.php\/pyorasuunnistus\/","title":{"rendered":"Py\u00f6r\u00e4suunnistus"},"content":{"rendered":"<p class=\"p1\"><b>Tarkoitus: <\/b>Py\u00f6r\u00e4suunnistustoiminnan tarkoituksena on yll\u00e4pit\u00e4\u00e4 py\u00f6r\u00e4suunnistuksen el\u00e4v\u00e4\u00e4 lajikulttuuria Oulun seudulla. Tavoitteena on ensisijaisesti mahdollistaa lasten ja nuortenpy\u00f6r\u00e4suunnistusharrastus. Toimintaa j\u00e4rjestet\u00e4\u00e4n yhteisty\u00f6ss\u00e4 hiihtosuunnistusryhm\u00e4n sek\u00e4 lasten ja nuorten ryhmien kanssa.<\/p>\n<p class=\"p1\"><b>Kohderyhm\u00e4: <\/b>Toimintaan ovat tervetulleita kaikki SK Pohjant\u00e4hden j\u00e4senet. Toiminta painottuu kuitenkin lapsiin ja nuoriin.<\/p>\n<p><strong>Py\u00f6r\u00e4suunnistusta Oulun seudulla<\/strong><\/p>\n<ul>\n<li><a href=\"https:\/\/skpohjantahti.fi\/index.php\/pyorasuunnistus\/pyorasuunnistus-linnakangas-kevat-2026\/\">Linnakangas kev\u00e4t 2026<\/a><\/li>\n<\/ul>\n<p><strong>Menneet tapahtumat<\/strong><\/p>\n<ul>\n<li><a href=\"https:\/\/skpohjantahti.fi\/index.php\/pysu-pikkarala-kevat-2024\/\">Pikkarala kev\u00e4t 2024<\/a><\/li>\n<li><a href=\"https:\/\/skpohjantahti.fi\/index.php\/pyorasuunnistus-syksy-2024\/\">Kiekonmaja syksy 2024<\/a><\/li>\n<li><a href=\"https:\/\/skpohjantahti.fi\/index.php\/pyorasuunnistus-peuhu-kevat-2025\/\">Peuhu kev\u00e4t 2025<\/a><\/li>\n<li><a href=\"https:\/\/skpohjantahti.fi\/uudet\/wp-content\/uploads\/2025\/06\/2025-06_pysu_TAHKOKANGAS_ohje.pdf\" target=\"_blank\" rel=\"noopener\">Tahkokangas kes\u00e4 2025 (pdf)<\/a><\/li>\n<\/ul>\n<p><img fetchpriority=\"high\" decoding=\"async\" class=\"alignnone size-full wp-image-4215\" src=\"https:\/\/skpohjantahti.fi\/uudet\/wp-content\/uploads\/2024\/05\/pysu_1.jpg\" alt=\"Maastopy\u00f6r\u00e4 rastilla polun varrella\" width=\"715\" height=\"537\" srcset=\"https:\/\/skpohjantahti.fi\/uudet\/wp-content\/uploads\/2024\/05\/pysu_1.jpg 715w, https:\/\/skpohjantahti.fi\/uudet\/wp-content\/uploads\/2024\/05\/pysu_1-300x225.jpg 300w\" sizes=\"(max-width: 715px) 100vw, 715px\" \/><\/p>\n","protected":false},"excerpt":{"rendered":"<p>Tarkoitus: Py\u00f6r\u00e4suunnistustoiminnan tarkoituksena on yll\u00e4pit\u00e4\u00e4 py\u00f6r\u00e4suunnistuksen el\u00e4v\u00e4\u00e4 lajikulttuuria Oulun seudulla. Tavoitteena on ensisijaisesti mahdollistaa lasten ja nuortenpy\u00f6r\u00e4suunnistusharrastus. Toimintaa j\u00e4rjestet\u00e4\u00e4n yhteisty\u00f6ss\u00e4 hiihtosuunnistusryhm\u00e4n sek\u00e4 lasten ja nuorten ryhmien kanssa. Kohderyhm\u00e4: Toimintaan ovat tervetulleita kaikki SK Pohjant\u00e4hden j\u00e4senet. Toiminta painottuu kuitenkin lapsiin ja nuoriin. Py\u00f6r\u00e4suunnistusta Oulun seudulla Linnakangas kev\u00e4t 2026 Menneet tapahtumat Pikkarala kev\u00e4t 2024 Kiekonmaja syksy 2024 [&hellip;]<\/p>\n","protected":false},"author":2,"featured_media":0,"parent":0,"menu_order":0,"comment_status":"closed","ping_status":"closed","template":"","meta":{"site-sidebar-layout":"default","site-content-layout":"default","ast-site-content-layout":"default","site-content-style":"default","site-sidebar-style":"default","ast-global-header-display":"","ast-banner-title-visibility":"","ast-main-header-display":"","ast-hfb-above-header-display":"","ast-hfb-below-header-display":"","ast-hfb-mobile-header-display":"","site-post-title":"","ast-breadcrumbs-content":"","ast-featured-img":"","footer-sml-layout":"","ast-disable-related-posts":"","theme-transparent-header-meta":"default","adv-header-id-meta":"","stick-header-meta":"","header-above-stick-meta":"","header-main-stick-meta":"","header-below-stick-meta":"","astra-migrate-meta-layouts":"set","ast-page-background-enabled":"default","ast-page-background-meta":{"desktop":{"background-color":"","background-image":"","background-repeat":"repeat","background-position":"center center","background-size":"auto","background-attachment":"scroll","background-type":"","background-media":"","overlay-type":"","overlay-color":"","overlay-opacity":"","overlay-gradient":""},"tablet":{"background-color":"","background-image":"","background-repeat":"repeat","background-position":"center center","background-size":"auto","background-attachment":"scroll","background-type":"","background-media":"","overlay-type":"","overlay-color":"","overlay-opacity":"","overlay-gradient":""},"mobile":{"background-color":"","background-image":"","background-repeat":"repeat","background-position":"center center","background-size":"auto","background-attachment":"scroll","background-type":"","background-media":"","overlay-type":"","overlay-color":"","overlay-opacity":"","overlay-gradient":""}},"ast-content-background-meta":{"desktop":{"background-color":"var(--ast-global-color-5)","background-image":"","background-repeat":"repeat","background-position":"center center","background-size":"auto","background-attachment":"scroll","background-type":"","background-media":"","overlay-type":"","overlay-color":"","overlay-opacity":"","overlay-gradient":""},"tablet":{"background-color":"var(--ast-global-color-5)","background-image":"","background-repeat":"repeat","background-position":"center center","background-size":"auto","background-attachment":"scroll","background-type":"","background-media":"","overlay-type":"","overlay-color":"","overlay-opacity":"","overlay-gradient":""},"mobile":{"background-color":"var(--ast-global-color-5)","background-image":"","background-repeat":"repeat","background-position":"center center","background-size":"auto","background-attachment":"scroll","background-type":"","background-media":"","overlay-type":"","overlay-color":"","overlay-opacity":"","overlay-gradient":""}},"footnotes":""},"class_list":["post-4941","page","type-page","status-publish","hentry"],"yoast_head":"<!-- This site is optimized with the Yoast SEO plugin v27.5 - https:\/\/yoast.com\/product\/yoast-seo-wordpress\/ -->\n<title>Py\u00f6r\u00e4suunnistus - SK Pohjant\u00e4hti<\/title>\n<meta name=\"robots\" content=\"index, follow, max-snippet:-1, max-image-preview:large, max-video-preview:-1\" \/>\n<link rel=\"canonical\" href=\"https:\/\/skpohjantahti.fi\/index.php\/pyorasuunnistus\/\" \/>\n<meta property=\"og:locale\" content=\"fi_FI\" \/>\n<meta property=\"og:type\" content=\"article\" \/>\n<meta property=\"og:title\" content=\"Py\u00f6r\u00e4suunnistus - SK Pohjant\u00e4hti\" \/>\n<meta property=\"og:description\" content=\"Tarkoitus: Py\u00f6r\u00e4suunnistustoiminnan tarkoituksena on yll\u00e4pit\u00e4\u00e4 py\u00f6r\u00e4suunnistuksen el\u00e4v\u00e4\u00e4 lajikulttuuria Oulun seudulla. Tavoitteena on ensisijaisesti mahdollistaa lasten ja nuortenpy\u00f6r\u00e4suunnistusharrastus. Toimintaa j\u00e4rjestet\u00e4\u00e4n yhteisty\u00f6ss\u00e4 hiihtosuunnistusryhm\u00e4n sek\u00e4 lasten ja nuorten ryhmien kanssa. Kohderyhm\u00e4: Toimintaan ovat tervetulleita kaikki SK Pohjant\u00e4hden j\u00e4senet. Toiminta painottuu kuitenkin lapsiin ja nuoriin. Py\u00f6r\u00e4suunnistusta Oulun seudulla Linnakangas kev\u00e4t 2026 Menneet tapahtumat Pikkarala kev\u00e4t 2024 Kiekonmaja syksy 2024 [&hellip;]\" \/>\n<meta property=\"og:url\" content=\"https:\/\/skpohjantahti.fi\/index.php\/pyorasuunnistus\/\" \/>\n<meta property=\"og:site_name\" content=\"SK Pohjant\u00e4hti\" \/>\n<meta property=\"article:publisher\" content=\"https:\/\/www.facebook.com\/skpohjantahti\" \/>\n<meta property=\"article:modified_time\" content=\"2026-04-28T16:54:08+00:00\" \/>\n<meta property=\"og:image\" content=\"https:\/\/skpohjantahti.fi\/uudet\/wp-content\/uploads\/2024\/05\/pysu_1.jpg\" \/>\n\t<meta property=\"og:image:width\" content=\"715\" \/>\n\t<meta property=\"og:image:height\" content=\"537\" \/>\n\t<meta property=\"og:image:type\" content=\"image\/jpeg\" \/>\n<meta name=\"twitter:card\" content=\"summary_large_image\" \/>\n<meta name=\"twitter:label1\" content=\"Arvioitu lukuaika\" \/>\n\t<meta name=\"twitter:data1\" content=\"1 minuutti\" \/>\n<script type=\"application\/ld+json\" class=\"yoast-schema-graph\">{\"@context\":\"https:\\\/\\\/schema.org\",\"@graph\":[{\"@type\":\"WebPage\",\"@id\":\"https:\\\/\\\/skpohjantahti.fi\\\/index.php\\\/pyorasuunnistus\\\/\",\"url\":\"https:\\\/\\\/skpohjantahti.fi\\\/index.php\\\/pyorasuunnistus\\\/\",\"name\":\"Py\u00f6r\u00e4suunnistus - SK Pohjant\u00e4hti\",\"isPartOf\":{\"@id\":\"https:\\\/\\\/skpohjantahti.fi\\\/#website\"},\"primaryImageOfPage\":{\"@id\":\"https:\\\/\\\/skpohjantahti.fi\\\/index.php\\\/pyorasuunnistus\\\/#primaryimage\"},\"image\":{\"@id\":\"https:\\\/\\\/skpohjantahti.fi\\\/index.php\\\/pyorasuunnistus\\\/#primaryimage\"},\"thumbnailUrl\":\"https:\\\/\\\/skpohjantahti.fi\\\/uudet\\\/wp-content\\\/uploads\\\/2024\\\/05\\\/pysu_1.jpg\",\"datePublished\":\"2025-04-25T06:44:28+00:00\",\"dateModified\":\"2026-04-28T16:54:08+00:00\",\"breadcrumb\":{\"@id\":\"https:\\\/\\\/skpohjantahti.fi\\\/index.php\\\/pyorasuunnistus\\\/#breadcrumb\"},\"inLanguage\":\"fi\",\"potentialAction\":[{\"@type\":\"ReadAction\",\"target\":[\"https:\\\/\\\/skpohjantahti.fi\\\/index.php\\\/pyorasuunnistus\\\/\"]}]},{\"@type\":\"ImageObject\",\"inLanguage\":\"fi\",\"@id\":\"https:\\\/\\\/skpohjantahti.fi\\\/index.php\\\/pyorasuunnistus\\\/#primaryimage\",\"url\":\"https:\\\/\\\/skpohjantahti.fi\\\/uudet\\\/wp-content\\\/uploads\\\/2024\\\/05\\\/pysu_1.jpg\",\"contentUrl\":\"https:\\\/\\\/skpohjantahti.fi\\\/uudet\\\/wp-content\\\/uploads\\\/2024\\\/05\\\/pysu_1.jpg\",\"width\":715,\"height\":537},{\"@type\":\"BreadcrumbList\",\"@id\":\"https:\\\/\\\/skpohjantahti.fi\\\/index.php\\\/pyorasuunnistus\\\/#breadcrumb\",\"itemListElement\":[{\"@type\":\"ListItem\",\"position\":1,\"name\":\"Etusivu\",\"item\":\"https:\\\/\\\/skpohjantahti.fi\\\/\"},{\"@type\":\"ListItem\",\"position\":2,\"name\":\"Py\u00f6r\u00e4suunnistus\"}]},{\"@type\":\"WebSite\",\"@id\":\"https:\\\/\\\/skpohjantahti.fi\\\/#website\",\"url\":\"https:\\\/\\\/skpohjantahti.fi\\\/\",\"name\":\"SK Pohjant\u00e4hti\",\"description\":\"Oululainen suunnistusseura\",\"publisher\":{\"@id\":\"https:\\\/\\\/skpohjantahti.fi\\\/#organization\"},\"potentialAction\":[{\"@type\":\"SearchAction\",\"target\":{\"@type\":\"EntryPoint\",\"urlTemplate\":\"https:\\\/\\\/skpohjantahti.fi\\\/?s={search_term_string}\"},\"query-input\":{\"@type\":\"PropertyValueSpecification\",\"valueRequired\":true,\"valueName\":\"search_term_string\"}}],\"inLanguage\":\"fi\"},{\"@type\":\"Organization\",\"@id\":\"https:\\\/\\\/skpohjantahti.fi\\\/#organization\",\"name\":\"SK Pohjant\u00e4hti\",\"url\":\"https:\\\/\\\/skpohjantahti.fi\\\/\",\"logo\":{\"@type\":\"ImageObject\",\"inLanguage\":\"fi\",\"@id\":\"https:\\\/\\\/skpohjantahti.fi\\\/#\\\/schema\\\/logo\\\/image\\\/\",\"url\":\"https:\\\/\\\/skpohjantahti.fi\\\/uudet\\\/wp-content\\\/uploads\\\/2022\\\/04\\\/cropped-pohjantahti_log_netti_pieni.jpg\",\"contentUrl\":\"https:\\\/\\\/skpohjantahti.fi\\\/uudet\\\/wp-content\\\/uploads\\\/2022\\\/04\\\/cropped-pohjantahti_log_netti_pieni.jpg\",\"width\":198,\"height\":66,\"caption\":\"SK Pohjant\u00e4hti\"},\"image\":{\"@id\":\"https:\\\/\\\/skpohjantahti.fi\\\/#\\\/schema\\\/logo\\\/image\\\/\"},\"sameAs\":[\"https:\\\/\\\/www.facebook.com\\\/skpohjantahti\",\"https:\\\/\\\/www.instagram.com\\\/sk_pohjantahti\\\/\"]}]}<\/script>\n<!-- \/ Yoast SEO plugin. -->","yoast_head_json":{"title":"Py\u00f6r\u00e4suunnistus - SK Pohjant\u00e4hti","robots":{"index":"index","follow":"follow","max-snippet":"max-snippet:-1","max-image-preview":"max-image-preview:large","max-video-preview":"max-video-preview:-1"},"canonical":"https:\/\/skpohjantahti.fi\/index.php\/pyorasuunnistus\/","og_locale":"fi_FI","og_type":"article","og_title":"Py\u00f6r\u00e4suunnistus - SK Pohjant\u00e4hti","og_description":"Tarkoitus: Py\u00f6r\u00e4suunnistustoiminnan tarkoituksena on yll\u00e4pit\u00e4\u00e4 py\u00f6r\u00e4suunnistuksen el\u00e4v\u00e4\u00e4 lajikulttuuria Oulun seudulla. Tavoitteena on ensisijaisesti mahdollistaa lasten ja nuortenpy\u00f6r\u00e4suunnistusharrastus. Toimintaa j\u00e4rjestet\u00e4\u00e4n yhteisty\u00f6ss\u00e4 hiihtosuunnistusryhm\u00e4n sek\u00e4 lasten ja nuorten ryhmien kanssa. Kohderyhm\u00e4: Toimintaan ovat tervetulleita kaikki SK Pohjant\u00e4hden j\u00e4senet. Toiminta painottuu kuitenkin lapsiin ja nuoriin. Py\u00f6r\u00e4suunnistusta Oulun seudulla Linnakangas kev\u00e4t 2026 Menneet tapahtumat Pikkarala kev\u00e4t 2024 Kiekonmaja syksy 2024 [&hellip;]","og_url":"https:\/\/skpohjantahti.fi\/index.php\/pyorasuunnistus\/","og_site_name":"SK Pohjant\u00e4hti","article_publisher":"https:\/\/www.facebook.com\/skpohjantahti","article_modified_time":"2026-04-28T16:54:08+00:00","og_image":[{"width":715,"height":537,"url":"https:\/\/skpohjantahti.fi\/uudet\/wp-content\/uploads\/2024\/05\/pysu_1.jpg","type":"image\/jpeg"}],"twitter_card":"summary_large_image","twitter_misc":{"Arvioitu lukuaika":"1 minuutti"},"schema":{"@context":"https:\/\/schema.org","@graph":[{"@type":"WebPage","@id":"https:\/\/skpohjantahti.fi\/index.php\/pyorasuunnistus\/","url":"https:\/\/skpohjantahti.fi\/index.php\/pyorasuunnistus\/","name":"Py\u00f6r\u00e4suunnistus - SK Pohjant\u00e4hti","isPartOf":{"@id":"https:\/\/skpohjantahti.fi\/#website"},"primaryImageOfPage":{"@id":"https:\/\/skpohjantahti.fi\/index.php\/pyorasuunnistus\/#primaryimage"},"image":{"@id":"https:\/\/skpohjantahti.fi\/index.php\/pyorasuunnistus\/#primaryimage"},"thumbnailUrl":"https:\/\/skpohjantahti.fi\/uudet\/wp-content\/uploads\/2024\/05\/pysu_1.jpg","datePublished":"2025-04-25T06:44:28+00:00","dateModified":"2026-04-28T16:54:08+00:00","breadcrumb":{"@id":"https:\/\/skpohjantahti.fi\/index.php\/pyorasuunnistus\/#breadcrumb"},"inLanguage":"fi","potentialAction":[{"@type":"ReadAction","target":["https:\/\/skpohjantahti.fi\/index.php\/pyorasuunnistus\/"]}]},{"@type":"ImageObject","inLanguage":"fi","@id":"https:\/\/skpohjantahti.fi\/index.php\/pyorasuunnistus\/#primaryimage","url":"https:\/\/skpohjantahti.fi\/uudet\/wp-content\/uploads\/2024\/05\/pysu_1.jpg","contentUrl":"https:\/\/skpohjantahti.fi\/uudet\/wp-content\/uploads\/2024\/05\/pysu_1.jpg","width":715,"height":537},{"@type":"BreadcrumbList","@id":"https:\/\/skpohjantahti.fi\/index.php\/pyorasuunnistus\/#breadcrumb","itemListElement":[{"@type":"ListItem","position":1,"name":"Etusivu","item":"https:\/\/skpohjantahti.fi\/"},{"@type":"ListItem","position":2,"name":"Py\u00f6r\u00e4suunnistus"}]},{"@type":"WebSite","@id":"https:\/\/skpohjantahti.fi\/#website","url":"https:\/\/skpohjantahti.fi\/","name":"SK Pohjant\u00e4hti","description":"Oululainen suunnistusseura","publisher":{"@id":"https:\/\/skpohjantahti.fi\/#organization"},"potentialAction":[{"@type":"SearchAction","target":{"@type":"EntryPoint","urlTemplate":"https:\/\/skpohjantahti.fi\/?s={search_term_string}"},"query-input":{"@type":"PropertyValueSpecification","valueRequired":true,"valueName":"search_term_string"}}],"inLanguage":"fi"},{"@type":"Organization","@id":"https:\/\/skpohjantahti.fi\/#organization","name":"SK Pohjant\u00e4hti","url":"https:\/\/skpohjantahti.fi\/","logo":{"@type":"ImageObject","inLanguage":"fi","@id":"https:\/\/skpohjantahti.fi\/#\/schema\/logo\/image\/","url":"https:\/\/skpohjantahti.fi\/uudet\/wp-content\/uploads\/2022\/04\/cropped-pohjantahti_log_netti_pieni.jpg","contentUrl":"https:\/\/skpohjantahti.fi\/uudet\/wp-content\/uploads\/2022\/04\/cropped-pohjantahti_log_netti_pieni.jpg","width":198,"height":66,"caption":"SK Pohjant\u00e4hti"},"image":{"@id":"https:\/\/skpohjantahti.fi\/#\/schema\/logo\/image\/"},"sameAs":["https:\/\/www.facebook.com\/skpohjantahti","https:\/\/www.instagram.com\/sk_pohjantahti\/"]}]}},"_links":{"self":[{"href":"https:\/\/skpohjantahti.fi\/index.php\/wp-json\/wp\/v2\/pages\/4941","targetHints":{"allow":["GET"]}}],"collection":[{"href":"https:\/\/skpohjantahti.fi\/index.php\/wp-json\/wp\/v2\/pages"}],"about":[{"href":"https:\/\/skpohjantahti.fi\/index.php\/wp-json\/wp\/v2\/types\/page"}],"author":[{"embeddable":true,"href":"https:\/\/skpohjantahti.fi\/index.php\/wp-json\/wp\/v2\/users\/2"}],"replies":[{"embeddable":true,"href":"https:\/\/skpohjantahti.fi\/index.php\/wp-json\/wp\/v2\/comments?post=4941"}],"version-history":[{"count":7,"href":"https:\/\/skpohjantahti.fi\/index.php\/wp-json\/wp\/v2\/pages\/4941\/revisions"}],"predecessor-version":[{"id":5684,"href":"https:\/\/skpohjantahti.fi\/index.php\/wp-json\/wp\/v2\/pages\/4941\/revisions\/5684"}],"wp:attachment":[{"href":"https:\/\/skpohjantahti.fi\/index.php\/wp-json\/wp\/v2\/media?parent=4941"}],"curies":[{"name":"wp","href":"https:\/\/api.w.org\/{rel}","templated":true}]}}