{"id":5185,"date":"2025-08-24T20:49:47","date_gmt":"2025-08-24T17:49:47","guid":{"rendered":"https:\/\/skpohjantahti.fi\/?page_id=5185"},"modified":"2025-09-13T17:34:37","modified_gmt":"2025-09-13T14:34:37","slug":"pohjantahtisprintti2025","status":"publish","type":"page","link":"https:\/\/skpohjantahti.fi\/index.php\/kilpailut\/pohjantahtisprintti2025\/","title":{"rendered":"Pohjant\u00e4hti-sprintti 2025"},"content":{"rendered":"<hr \/>\n<p style=\"text-align: center;\"><em>Avoin kansallinen kaksiosainen sprinttisuunnistuskilpailu Oulussa lauantaina 13.9.2025<\/em><\/p>\n<p>Kilpailukeskus Kastellin monitoimitalon pihalla, <a href=\"https:\/\/maps.app.goo.gl\/QbPBah64XkQrtz4e7)\">Sairaalanrinne 5.<\/a> Py\u00f6r\u00e4ll\u00e4 ja bussilla p\u00e4\u00e4see v\u00e4litt\u00f6m\u00e4\u00e4n l\u00e4heisyyteen. Pys\u00e4k\u00f6innin osoite <a href=\"https:\/\/maps.app.goo.gl\/1G1mzhWbcrKxjTk3A\">Kotkantie 1.<\/a><\/p>\n<h3>Tulokset<\/h3>\n<ul>\n<li><a href=\"https:\/\/skpohjantahti.fi\/uudet\/wp-content\/uploads\/2025\/09\/Yhteistulokset.htm\">Lopputulokset<\/a><\/li>\n<li style=\"text-align: left;\">Aamup\u00e4iv\u00e4n <a href=\"https:\/\/skpohjantahti.fi\/uudet\/wp-content\/uploads\/2025\/09\/Tulokset_13092025_aamu.htm\">tulokset<\/a> ja <a href=\"https:\/\/skpohjantahti.fi\/uudet\/wp-content\/uploads\/2025\/09\/Valiajat_13092025_aamu.htm\">v\u00e4liajat<\/a><\/li>\n<li>Iltap\u00e4iv\u00e4n <a href=\"https:\/\/skpohjantahti.fi\/uudet\/wp-content\/uploads\/2025\/09\/Tulokset_13092025_ilta.htm\">tulokset<\/a> ja <a href=\"https:\/\/skpohjantahti.fi\/uudet\/wp-content\/uploads\/2025\/09\/Valiajat_13092025_ilta.htm\">v\u00e4liajat<\/a><\/li>\n<li><a href=\"https:\/\/live.oriento.fi\/results\/2025059\">Live-tulosseuranta aamup\u00e4iv\u00e4<\/a><\/li>\n<li><a href=\"https:\/\/live.oriento.fi\/results\/2025060\">Live-tuloseuranta iltap\u00e4iv\u00e4<\/a><\/li>\n<\/ul>\n<h3>Livelox<\/h3>\n<ul>\n<li><a href=\"https:\/\/www.livelox.com\/Events\/Show\/168154\/Pohjantahti-sprintti-13-9-2025-aamupaiva-\">Livelox aamup\u00e4iv\u00e4<\/a><\/li>\n<li><a href=\"https:\/\/www.livelox.com\/Events\/Show\/168188\/Pohjantahti-sprintti-13-9-2025-iltapaiva-\">Livelox iltap\u00e4iv\u00e4<\/a><\/li>\n<\/ul>\n<h3>Kilpailuohjeet ja l\u00e4ht\u00f6ajat<\/h3>\n<ul>\n<li><a href=\"https:\/\/skpohjantahti.fi\/uudet\/wp-content\/uploads\/2025\/09\/2025-09-13-lahtolista.htm\">L\u00e4ht\u00f6ajat<\/a><\/li>\n<li><a href=\"https:\/\/skpohjantahti.fi\/uudet\/wp-content\/uploads\/2025\/09\/Kilpailuohjeet_PT-sprintti_2025.pdf\">Kilpailuohjeet<\/a> (pdf)<\/li>\n<li><a href=\"https:\/\/skpohjantahti.fi\/uudet\/wp-content\/uploads\/2025\/09\/Ratataulukko_PT-sprintti_2025.pdf\">Sarjat ja matkat<\/a>\u00a0(pdf)<\/li>\n<\/ul>\n<h3>Ratamestareiden lausunto<\/h3>\n<p>Kilpailumaasto on sprinttiin hyvin soveltuva l\u00e4hes kokonaan urbaani alue. Alueella kisattiin vuonna 2013 SK Pohjant\u00e4hden ensimm\u00e4inen &#8217;moderni&#8217; sprinttikilpailu, jonka vanhat kartat ovat erikseen n\u00e4kyvill\u00e4. Tuosta kisasta alue on muuttunut kohtalaisen paljon, joten liikaa reitinvalintoja ei kannata mieleen painaa&#8230;<\/p>\n<p>Maaston p\u00e4\u00e4osana on yliopistollisen sairaalan it\u00e4puoli ja sen v\u00e4litt\u00f6m\u00e4ss\u00e4 l\u00e4heisyydess\u00e4 oleva Sairaalanrinteen kerrostaloalue. Aamup\u00e4iv\u00e4ll\u00e4 k\u00e4yd\u00e4\u00e4n my\u00f6s uutena k\u00e4ytt\u00f6\u00f6n tulevalla Svaaninsuon asuma-alueella. Jokaisessa maastonosassa on teht\u00e4v\u00e4 oikeita reitinvalinta- ja toteutusratkaisuja eritt\u00e4in kovassa vauhdissa.<\/p>\n<p>Toinen luonteenomainen maastoalue on kartan etel\u00e4osassa oleva Kastellin monitoimitalon ymp\u00e4rist\u00f6. Siell\u00e4 onnistuminen edellytt\u00e4\u00e4 reitinvalintataitojen ja kovan vauhdin lis\u00e4ksi varmaa ymm\u00e4rryst\u00e4 siit\u00e4, millaisen aidan yli saa menn\u00e4 ja millaisen ei. Vanhainkodin, koulun ja p\u00e4iv\u00e4kotien johto suhtautunut kisaj\u00e4rjestelyihin eritt\u00e4in suopeasti.<\/p>\n<p>Kaikki radat alittavat vilkasliikenteiden kadun, pidemm\u00e4t radat jopa kaksi, alikulkutunnelia pitkin. Tiet ovat merkitty kielletyn alueen merkinn\u00e4ll\u00e4 ja siten on selv\u00e4\u00e4, ett\u00e4 niit\u00e4\u00a0<b>ei saa ylitt\u00e4\u00e4 muista kohdista.\u00a0<\/b>Samoin radoilla tulee vastaan kiellettyj\u00e4 alueita,\u00a0<b>noudattakaa nauhoituksia ja valvojien ohjeita<\/b>.<\/p>\n<p>Ratamestarointia on helpottanut kartan hyv\u00e4 laatu. Petri Karjalaisen tekem\u00e4n kartan kuvaustyyli on tarkkaa ja loogista. Pienipiirteisimmill\u00e4\u00e4n kohteita on maastossa ja kartassa kuitenkin niin paljon, ett\u00e4 jopa 1:3 000-mittakaavassa niiden lukeminen vaatii ter\u00e4v\u00e4\u00e4 n\u00e4k\u00f6\u00e4, puhumattakaan 1:4 000 mittakaavasta.<\/p>\n<p>Huomiona viel\u00e4: alue on mets\u00e4kaistaleiden rikkoma. Niit\u00e4 juostaan erityisesti iltap\u00e4iv\u00e4ll\u00e4, tosin luonnollisesti reitinvalinnoista riippuen. Kannattaa huomata, ett\u00e4 pohja on p\u00e4\u00e4osin hieman kuhmurainen ja kasvillisuus rehev\u00e4\u00e4. Niinp\u00e4 suosittelemme maastokelpoisia kenki\u00e4 (huom. nastarit on kielletty) ja naarmuja pelk\u00e4\u00e4ville kokopeitt\u00e4v\u00e4\u00e4 asua.<\/p>\n<p>Tavoiteajat kisassa ovat aamup\u00e4iv\u00e4ll\u00e4 10-12 minuuttia ja iltap\u00e4iv\u00e4ll\u00e4 15 minuuttia. Sades\u00e4\u00e4ll\u00e4 maasto kuitenkin hidastuu hieman.<\/p>\n<p>Mukavaa sprinttikisaa, tarkin ja s\u00e4h\u00e4kin voittakoot!<\/p>\n<p><em>Ratamestarit<\/em><\/p>\n<h3>Vanhat kartat<\/h3>\n<ul>\n<li><a href=\"https:\/\/skpohjantahti.fi\/uudet\/wp-content\/uploads\/2025\/09\/PT-sprintti_2013_radat_hk.1_1.pdf\">PT-sprintti 2013 &#8211; H21 &#8211; 1<\/a><\/li>\n<li><a href=\"https:\/\/skpohjantahti.fi\/uudet\/wp-content\/uploads\/2025\/09\/PT-sprintti_2013_radat_hk.1_2.pdf\">PT-sprintti 2013 &#8211; H21 -1<\/a><\/li>\n<li><a href=\"https:\/\/skpohjantahti.fi\/uudet\/wp-content\/uploads\/2025\/09\/PT-sprintti_2013_radat_viesti.A.AA_.pdf\">PT-sprintti 2013 viesti<\/a><\/li>\n<\/ul>\n<h3>Kilpailukutsu<\/h3>\n<p>Lataa pdf <a href=\"https:\/\/skpohjantahti.fi\/uudet\/wp-content\/uploads\/2025\/09\/Kilpailukutsu_PT-sprintti_2025.pdf\">Kilpailukutsu_PT-sprintti_2025<\/a><\/p>\n<p><strong>Sarjat ja maksut<\/strong>: H\/D16-85 osanottomaksu 38 \u20ac \/ 20 \u20ac. H\/D10-14 ja 10 Avoin 26 \u20ac \/ 14 \u20ac. Ensimm\u00e4inen hinta kaksi osakilpailua, toinen hinta yksi kilpailu.<\/p>\n<p><strong>Matkat:<\/strong>\u00a0S\u00e4\u00e4nt\u00f6m\u00e4\u00e4r\u00e4iset sprinttimatkat.<\/p>\n<p><strong>Ilmoittautuminen<\/strong>: Ilmoittautumiset ma 8.9.2025 klo 24:00 menness\u00e4 <a href=\"https:\/\/irma.suunnistusliitto.fi\/embed\/viewCompetition\/27049\">Irmaan.<\/a> Ongelmatilanteissa ja peruutuksissa ota yhteytt\u00e4 <a href=\"mailto:kilpailut@skpohjantahti.fi\">kilpailut@skpohjantahti.fi<\/a>.<\/p>\n<p><strong>J\u00e4lki-ilmoittautuminen:<\/strong> J\u00e4lki-ilmoittautumiset ke 10.9.2025 klo 24.00 menness\u00e4 <a href=\"https:\/\/irma.suunnistusliitto.fi\/embed\/viewCompetition\/27049\">Irmaan<\/a>, puolitoistakertainen maksu.<\/p>\n<p><strong>Leimaus:<\/strong> Emit-leimaus. Emit kortin vuokra 3 \u20ac, maksu infoon korttia noudettaessa.<\/p>\n<p><strong>Kilpailukeskus:<\/strong> Kontinkankaalla, Oulun keskustasta n. 2,5 km. Kilpailualue on harjoituskiellossa, katso kielto Suunnistusliiton <a href=\"https:\/\/karttarekisteri.fi\/index.php\/pages\/maps#\">karttarekisterist\u00e4<\/a>.<\/p>\n<p><strong>Opastus: <\/strong>Pys\u00e4k\u00f6innin osoite <a href=\"https:\/\/maps.app.goo.gl\/6vdbuvcYH95rcNdk7\" target=\"_blank\" rel=\"noopener\">Kotkantie 1, Oulu<\/a>. Opastus Joutsentien ja Kotkantien risteyksest\u00e4. Pys\u00e4k\u00f6innist\u00e4 matkaa kilpailukeskukseen 500-1000m<\/p>\n<p><strong>Ensimm\u00e4inen l\u00e4ht\u00f6:<\/strong> Lauantaina 13.9.2025 klo 11.00, toinen osa kello 13.30 alkaen.<\/p>\n<p><strong>Kartta:<\/strong> Sprinttisuunnistuskartta 1:4000\/2 m, H\/D50 (kuten SM-sprintiss\u00e4) ja vanhemmat 1:3000\/2 m. Tulostekartta 9\/2025.<\/p>\n<p><strong>Toimihenkil\u00f6t: <\/strong><\/p>\n<ul>\n<li>Kilpailun johtaja: Vesa Halonen 040 805 2049<\/li>\n<li>Ratamestarit: Panu Hyv\u00f6nen ja KeijoRuotsalainen.<\/li>\n<li>Valvoja: Pasi Niva (LaiVe).<\/li>\n<li>Tiedottaja: Topi Hanhela 040 518 0792 \/ <a href=\"mailto:toimisto@skpohjantahti.fi\">toimisto@skpohjantahti.fi\u00a0<\/a><\/li>\n<\/ul>\n<p><strong>L\u00e4ht\u00f6aikatiedustelut:<\/strong> L\u00e4ht\u00f6ajat julkaistaan t\u00e4ll\u00e4 sivulla torstaina 11.9.2025 klo 21:00 l\u00e4htien.<\/p>\n<p><strong>Kilpailukeskus:<\/strong> Kilpailukeskuksessa kahvio.<\/p>\n<p><strong>Pys\u00e4k\u00f6inti:<\/strong> Kilpailukeskuksessa tai v\u00e4litt\u00f6m\u00e4ss\u00e4 l\u00e4heisyydess\u00e4.<\/p>\n<p><strong>Palkinnot:<\/strong> Palkinnot yhteisaikojen perusteella. Lapset 12- ja 10-vuotiaat kaikki palkitaan.<\/p>\n<p><strong>Karttapalat<\/strong><\/p>\n<p><img fetchpriority=\"high\" decoding=\"async\" class=\"alignnone wp-image-5207\" src=\"https:\/\/skpohjantahti.fi\/uudet\/wp-content\/uploads\/2025\/08\/ptsprintti2025_malli-1024x403.jpg\" alt=\"karttapalat\" width=\"762\" height=\"300\" srcset=\"https:\/\/skpohjantahti.fi\/uudet\/wp-content\/uploads\/2025\/08\/ptsprintti2025_malli-1024x403.jpg 1024w, https:\/\/skpohjantahti.fi\/uudet\/wp-content\/uploads\/2025\/08\/ptsprintti2025_malli-300x118.jpg 300w, https:\/\/skpohjantahti.fi\/uudet\/wp-content\/uploads\/2025\/08\/ptsprintti2025_malli-768x303.jpg 768w, https:\/\/skpohjantahti.fi\/uudet\/wp-content\/uploads\/2025\/08\/ptsprintti2025_malli-1536x605.jpg 1536w, https:\/\/skpohjantahti.fi\/uudet\/wp-content\/uploads\/2025\/08\/ptsprintti2025_malli.jpg 1833w\" sizes=\"(max-width: 762px) 100vw, 762px\" \/><\/p>\n","protected":false},"excerpt":{"rendered":"<p>Avoin kansallinen kaksiosainen sprinttisuunnistuskilpailu Oulussa lauantaina 13.9.2025 Kilpailukeskus Kastellin monitoimitalon pihalla, Sairaalanrinne 5. Py\u00f6r\u00e4ll\u00e4 ja bussilla p\u00e4\u00e4see v\u00e4litt\u00f6m\u00e4\u00e4n l\u00e4heisyyteen. Pys\u00e4k\u00f6innin osoite Kotkantie 1. Tulokset Lopputulokset Aamup\u00e4iv\u00e4n tulokset ja v\u00e4liajat Iltap\u00e4iv\u00e4n tulokset ja v\u00e4liajat Live-tulosseuranta aamup\u00e4iv\u00e4 Live-tuloseuranta iltap\u00e4iv\u00e4 Livelox Livelox aamup\u00e4iv\u00e4 Livelox iltap\u00e4iv\u00e4 Kilpailuohjeet ja l\u00e4ht\u00f6ajat L\u00e4ht\u00f6ajat Kilpailuohjeet (pdf) Sarjat ja matkat\u00a0(pdf) Ratamestareiden lausunto Kilpailumaasto on [&hellip;]<\/p>\n","protected":false},"author":2,"featured_media":5207,"parent":909,"menu_order":0,"comment_status":"closed","ping_status":"closed","template":"elementor_theme","meta":{"site-sidebar-layout":"default","site-content-layout":"","ast-site-content-layout":"default","site-content-style":"default","site-sidebar-style":"default","ast-global-header-display":"","ast-banner-title-visibility":"","ast-main-header-display":"","ast-hfb-above-header-display":"","ast-hfb-below-header-display":"","ast-hfb-mobile-header-display":"","site-post-title":"","ast-breadcrumbs-content":"","ast-featured-img":"","footer-sml-layout":"","ast-disable-related-posts":"","theme-transparent-header-meta":"default","adv-header-id-meta":"","stick-header-meta":"","header-above-stick-meta":"","header-main-stick-meta":"","header-below-stick-meta":"","astra-migrate-meta-layouts":"set","ast-page-background-enabled":"default","ast-page-background-meta":{"desktop":{"background-color":"","background-image":"","background-repeat":"repeat","background-position":"center center","background-size":"auto","background-attachment":"scroll","background-type":"","background-media":"","overlay-type":"","overlay-color":"","overlay-opacity":"","overlay-gradient":""},"tablet":{"background-color":"","background-image":"","background-repeat":"repeat","background-position":"center center","background-size":"auto","background-attachment":"scroll","background-type":"","background-media":"","overlay-type":"","overlay-color":"","overlay-opacity":"","overlay-gradient":""},"mobile":{"background-color":"","background-image":"","background-repeat":"repeat","background-position":"center center","background-size":"auto","background-attachment":"scroll","background-type":"","background-media":"","overlay-type":"","overlay-color":"","overlay-opacity":"","overlay-gradient":""}},"ast-content-background-meta":{"desktop":{"background-color":"var(--ast-global-color-5)","background-image":"","background-repeat":"repeat","background-position":"center center","background-size":"auto","background-attachment":"scroll","background-type":"","background-media":"","overlay-type":"","overlay-color":"","overlay-opacity":"","overlay-gradient":""},"tablet":{"background-color":"var(--ast-global-color-5)","background-image":"","background-repeat":"repeat","background-position":"center center","background-size":"auto","background-attachment":"scroll","background-type":"","background-media":"","overlay-type":"","overlay-color":"","overlay-opacity":"","overlay-gradient":""},"mobile":{"background-color":"var(--ast-global-color-5)","background-image":"","background-repeat":"repeat","background-position":"center center","background-size":"auto","background-attachment":"scroll","background-type":"","background-media":"","overlay-type":"","overlay-color":"","overlay-opacity":"","overlay-gradient":""}},"footnotes":""},"class_list":["post-5185","page","type-page","status-publish","has-post-thumbnail","hentry"],"yoast_head":"<!-- This site is optimized with the Yoast SEO plugin v27.2 - https:\/\/yoast.com\/product\/yoast-seo-wordpress\/ -->\n<title>Pohjant\u00e4hti-sprintti 2025 - SK Pohjant\u00e4hti<\/title>\n<meta name=\"robots\" content=\"index, follow, max-snippet:-1, max-image-preview:large, max-video-preview:-1\" \/>\n<link rel=\"canonical\" href=\"https:\/\/skpohjantahti.fi\/index.php\/kilpailut\/pohjantahtisprintti2025\/\" \/>\n<meta property=\"og:locale\" content=\"fi_FI\" \/>\n<meta property=\"og:type\" content=\"article\" \/>\n<meta property=\"og:title\" content=\"Pohjant\u00e4hti-sprintti 2025 - SK Pohjant\u00e4hti\" \/>\n<meta property=\"og:description\" content=\"Avoin kansallinen kaksiosainen sprinttisuunnistuskilpailu Oulussa lauantaina 13.9.2025 Kilpailukeskus Kastellin monitoimitalon pihalla, Sairaalanrinne 5. Py\u00f6r\u00e4ll\u00e4 ja bussilla p\u00e4\u00e4see v\u00e4litt\u00f6m\u00e4\u00e4n l\u00e4heisyyteen. Pys\u00e4k\u00f6innin osoite Kotkantie 1. Tulokset Lopputulokset Aamup\u00e4iv\u00e4n tulokset ja v\u00e4liajat Iltap\u00e4iv\u00e4n tulokset ja v\u00e4liajat Live-tulosseuranta aamup\u00e4iv\u00e4 Live-tuloseuranta iltap\u00e4iv\u00e4 Livelox Livelox aamup\u00e4iv\u00e4 Livelox iltap\u00e4iv\u00e4 Kilpailuohjeet ja l\u00e4ht\u00f6ajat L\u00e4ht\u00f6ajat Kilpailuohjeet (pdf) Sarjat ja matkat\u00a0(pdf) Ratamestareiden lausunto Kilpailumaasto on [&hellip;]\" \/>\n<meta property=\"og:url\" content=\"https:\/\/skpohjantahti.fi\/index.php\/kilpailut\/pohjantahtisprintti2025\/\" \/>\n<meta property=\"og:site_name\" content=\"SK Pohjant\u00e4hti\" \/>\n<meta property=\"article:publisher\" content=\"https:\/\/www.facebook.com\/skpohjantahti\" \/>\n<meta property=\"article:modified_time\" content=\"2025-09-13T14:34:37+00:00\" \/>\n<meta property=\"og:image\" content=\"https:\/\/skpohjantahti.fi\/uudet\/wp-content\/uploads\/2025\/08\/ptsprintti2025_malli.jpg\" \/>\n\t<meta property=\"og:image:width\" content=\"1833\" \/>\n\t<meta property=\"og:image:height\" content=\"722\" \/>\n\t<meta property=\"og:image:type\" content=\"image\/jpeg\" \/>\n<meta name=\"twitter:card\" content=\"summary_large_image\" \/>\n<meta name=\"twitter:label1\" content=\"Arvioitu lukuaika\" \/>\n\t<meta name=\"twitter:data1\" content=\"4 minuuttia\" \/>\n<script type=\"application\/ld+json\" class=\"yoast-schema-graph\">{\"@context\":\"https:\/\/schema.org\",\"@graph\":[{\"@type\":\"WebPage\",\"@id\":\"https:\/\/skpohjantahti.fi\/index.php\/kilpailut\/pohjantahtisprintti2025\/\",\"url\":\"https:\/\/skpohjantahti.fi\/index.php\/kilpailut\/pohjantahtisprintti2025\/\",\"name\":\"Pohjant\u00e4hti-sprintti 2025 - SK Pohjant\u00e4hti\",\"isPartOf\":{\"@id\":\"https:\/\/skpohjantahti.fi\/#website\"},\"primaryImageOfPage\":{\"@id\":\"https:\/\/skpohjantahti.fi\/index.php\/kilpailut\/pohjantahtisprintti2025\/#primaryimage\"},\"image\":{\"@id\":\"https:\/\/skpohjantahti.fi\/index.php\/kilpailut\/pohjantahtisprintti2025\/#primaryimage\"},\"thumbnailUrl\":\"https:\/\/skpohjantahti.fi\/uudet\/wp-content\/uploads\/2025\/08\/ptsprintti2025_malli.jpg\",\"datePublished\":\"2025-08-24T17:49:47+00:00\",\"dateModified\":\"2025-09-13T14:34:37+00:00\",\"breadcrumb\":{\"@id\":\"https:\/\/skpohjantahti.fi\/index.php\/kilpailut\/pohjantahtisprintti2025\/#breadcrumb\"},\"inLanguage\":\"fi\",\"potentialAction\":[{\"@type\":\"ReadAction\",\"target\":[\"https:\/\/skpohjantahti.fi\/index.php\/kilpailut\/pohjantahtisprintti2025\/\"]}]},{\"@type\":\"ImageObject\",\"inLanguage\":\"fi\",\"@id\":\"https:\/\/skpohjantahti.fi\/index.php\/kilpailut\/pohjantahtisprintti2025\/#primaryimage\",\"url\":\"https:\/\/skpohjantahti.fi\/uudet\/wp-content\/uploads\/2025\/08\/ptsprintti2025_malli.jpg\",\"contentUrl\":\"https:\/\/skpohjantahti.fi\/uudet\/wp-content\/uploads\/2025\/08\/ptsprintti2025_malli.jpg\",\"width\":1833,\"height\":722},{\"@type\":\"BreadcrumbList\",\"@id\":\"https:\/\/skpohjantahti.fi\/index.php\/kilpailut\/pohjantahtisprintti2025\/#breadcrumb\",\"itemListElement\":[{\"@type\":\"ListItem\",\"position\":1,\"name\":\"Etusivu\",\"item\":\"https:\/\/skpohjantahti.fi\/\"},{\"@type\":\"ListItem\",\"position\":2,\"name\":\"Kilpailut\",\"item\":\"https:\/\/skpohjantahti.fi\/index.php\/kilpailut\/\"},{\"@type\":\"ListItem\",\"position\":3,\"name\":\"Pohjant\u00e4hti-sprintti 2025\"}]},{\"@type\":\"WebSite\",\"@id\":\"https:\/\/skpohjantahti.fi\/#website\",\"url\":\"https:\/\/skpohjantahti.fi\/\",\"name\":\"SK Pohjant\u00e4hti\",\"description\":\"Oululainen suunnistusseura\",\"publisher\":{\"@id\":\"https:\/\/skpohjantahti.fi\/#organization\"},\"potentialAction\":[{\"@type\":\"SearchAction\",\"target\":{\"@type\":\"EntryPoint\",\"urlTemplate\":\"https:\/\/skpohjantahti.fi\/?s={search_term_string}\"},\"query-input\":{\"@type\":\"PropertyValueSpecification\",\"valueRequired\":true,\"valueName\":\"search_term_string\"}}],\"inLanguage\":\"fi\"},{\"@type\":\"Organization\",\"@id\":\"https:\/\/skpohjantahti.fi\/#organization\",\"name\":\"SK Pohjant\u00e4hti\",\"url\":\"https:\/\/skpohjantahti.fi\/\",\"logo\":{\"@type\":\"ImageObject\",\"inLanguage\":\"fi\",\"@id\":\"https:\/\/skpohjantahti.fi\/#\/schema\/logo\/image\/\",\"url\":\"https:\/\/skpohjantahti.fi\/uudet\/wp-content\/uploads\/2022\/04\/cropped-pohjantahti_log_netti_pieni.jpg\",\"contentUrl\":\"https:\/\/skpohjantahti.fi\/uudet\/wp-content\/uploads\/2022\/04\/cropped-pohjantahti_log_netti_pieni.jpg\",\"width\":198,\"height\":66,\"caption\":\"SK Pohjant\u00e4hti\"},\"image\":{\"@id\":\"https:\/\/skpohjantahti.fi\/#\/schema\/logo\/image\/\"},\"sameAs\":[\"https:\/\/www.facebook.com\/skpohjantahti\",\"https:\/\/www.instagram.com\/sk_pohjantahti\/\"]}]}<\/script>\n<!-- \/ Yoast SEO plugin. -->","yoast_head_json":{"title":"Pohjant\u00e4hti-sprintti 2025 - SK Pohjant\u00e4hti","robots":{"index":"index","follow":"follow","max-snippet":"max-snippet:-1","max-image-preview":"max-image-preview:large","max-video-preview":"max-video-preview:-1"},"canonical":"https:\/\/skpohjantahti.fi\/index.php\/kilpailut\/pohjantahtisprintti2025\/","og_locale":"fi_FI","og_type":"article","og_title":"Pohjant\u00e4hti-sprintti 2025 - SK Pohjant\u00e4hti","og_description":"Avoin kansallinen kaksiosainen sprinttisuunnistuskilpailu Oulussa lauantaina 13.9.2025 Kilpailukeskus Kastellin monitoimitalon pihalla, Sairaalanrinne 5. Py\u00f6r\u00e4ll\u00e4 ja bussilla p\u00e4\u00e4see v\u00e4litt\u00f6m\u00e4\u00e4n l\u00e4heisyyteen. Pys\u00e4k\u00f6innin osoite Kotkantie 1. Tulokset Lopputulokset Aamup\u00e4iv\u00e4n tulokset ja v\u00e4liajat Iltap\u00e4iv\u00e4n tulokset ja v\u00e4liajat Live-tulosseuranta aamup\u00e4iv\u00e4 Live-tuloseuranta iltap\u00e4iv\u00e4 Livelox Livelox aamup\u00e4iv\u00e4 Livelox iltap\u00e4iv\u00e4 Kilpailuohjeet ja l\u00e4ht\u00f6ajat L\u00e4ht\u00f6ajat Kilpailuohjeet (pdf) Sarjat ja matkat\u00a0(pdf) Ratamestareiden lausunto Kilpailumaasto on [&hellip;]","og_url":"https:\/\/skpohjantahti.fi\/index.php\/kilpailut\/pohjantahtisprintti2025\/","og_site_name":"SK Pohjant\u00e4hti","article_publisher":"https:\/\/www.facebook.com\/skpohjantahti","article_modified_time":"2025-09-13T14:34:37+00:00","og_image":[{"width":1833,"height":722,"url":"https:\/\/skpohjantahti.fi\/uudet\/wp-content\/uploads\/2025\/08\/ptsprintti2025_malli.jpg","type":"image\/jpeg"}],"twitter_card":"summary_large_image","twitter_misc":{"Arvioitu lukuaika":"4 minuuttia"},"schema":{"@context":"https:\/\/schema.org","@graph":[{"@type":"WebPage","@id":"https:\/\/skpohjantahti.fi\/index.php\/kilpailut\/pohjantahtisprintti2025\/","url":"https:\/\/skpohjantahti.fi\/index.php\/kilpailut\/pohjantahtisprintti2025\/","name":"Pohjant\u00e4hti-sprintti 2025 - SK Pohjant\u00e4hti","isPartOf":{"@id":"https:\/\/skpohjantahti.fi\/#website"},"primaryImageOfPage":{"@id":"https:\/\/skpohjantahti.fi\/index.php\/kilpailut\/pohjantahtisprintti2025\/#primaryimage"},"image":{"@id":"https:\/\/skpohjantahti.fi\/index.php\/kilpailut\/pohjantahtisprintti2025\/#primaryimage"},"thumbnailUrl":"https:\/\/skpohjantahti.fi\/uudet\/wp-content\/uploads\/2025\/08\/ptsprintti2025_malli.jpg","datePublished":"2025-08-24T17:49:47+00:00","dateModified":"2025-09-13T14:34:37+00:00","breadcrumb":{"@id":"https:\/\/skpohjantahti.fi\/index.php\/kilpailut\/pohjantahtisprintti2025\/#breadcrumb"},"inLanguage":"fi","potentialAction":[{"@type":"ReadAction","target":["https:\/\/skpohjantahti.fi\/index.php\/kilpailut\/pohjantahtisprintti2025\/"]}]},{"@type":"ImageObject","inLanguage":"fi","@id":"https:\/\/skpohjantahti.fi\/index.php\/kilpailut\/pohjantahtisprintti2025\/#primaryimage","url":"https:\/\/skpohjantahti.fi\/uudet\/wp-content\/uploads\/2025\/08\/ptsprintti2025_malli.jpg","contentUrl":"https:\/\/skpohjantahti.fi\/uudet\/wp-content\/uploads\/2025\/08\/ptsprintti2025_malli.jpg","width":1833,"height":722},{"@type":"BreadcrumbList","@id":"https:\/\/skpohjantahti.fi\/index.php\/kilpailut\/pohjantahtisprintti2025\/#breadcrumb","itemListElement":[{"@type":"ListItem","position":1,"name":"Etusivu","item":"https:\/\/skpohjantahti.fi\/"},{"@type":"ListItem","position":2,"name":"Kilpailut","item":"https:\/\/skpohjantahti.fi\/index.php\/kilpailut\/"},{"@type":"ListItem","position":3,"name":"Pohjant\u00e4hti-sprintti 2025"}]},{"@type":"WebSite","@id":"https:\/\/skpohjantahti.fi\/#website","url":"https:\/\/skpohjantahti.fi\/","name":"SK Pohjant\u00e4hti","description":"Oululainen suunnistusseura","publisher":{"@id":"https:\/\/skpohjantahti.fi\/#organization"},"potentialAction":[{"@type":"SearchAction","target":{"@type":"EntryPoint","urlTemplate":"https:\/\/skpohjantahti.fi\/?s={search_term_string}"},"query-input":{"@type":"PropertyValueSpecification","valueRequired":true,"valueName":"search_term_string"}}],"inLanguage":"fi"},{"@type":"Organization","@id":"https:\/\/skpohjantahti.fi\/#organization","name":"SK Pohjant\u00e4hti","url":"https:\/\/skpohjantahti.fi\/","logo":{"@type":"ImageObject","inLanguage":"fi","@id":"https:\/\/skpohjantahti.fi\/#\/schema\/logo\/image\/","url":"https:\/\/skpohjantahti.fi\/uudet\/wp-content\/uploads\/2022\/04\/cropped-pohjantahti_log_netti_pieni.jpg","contentUrl":"https:\/\/skpohjantahti.fi\/uudet\/wp-content\/uploads\/2022\/04\/cropped-pohjantahti_log_netti_pieni.jpg","width":198,"height":66,"caption":"SK Pohjant\u00e4hti"},"image":{"@id":"https:\/\/skpohjantahti.fi\/#\/schema\/logo\/image\/"},"sameAs":["https:\/\/www.facebook.com\/skpohjantahti","https:\/\/www.instagram.com\/sk_pohjantahti\/"]}]}},"_links":{"self":[{"href":"https:\/\/skpohjantahti.fi\/index.php\/wp-json\/wp\/v2\/pages\/5185","targetHints":{"allow":["GET"]}}],"collection":[{"href":"https:\/\/skpohjantahti.fi\/index.php\/wp-json\/wp\/v2\/pages"}],"about":[{"href":"https:\/\/skpohjantahti.fi\/index.php\/wp-json\/wp\/v2\/types\/page"}],"author":[{"embeddable":true,"href":"https:\/\/skpohjantahti.fi\/index.php\/wp-json\/wp\/v2\/users\/2"}],"replies":[{"embeddable":true,"href":"https:\/\/skpohjantahti.fi\/index.php\/wp-json\/wp\/v2\/comments?post=5185"}],"version-history":[{"count":22,"href":"https:\/\/skpohjantahti.fi\/index.php\/wp-json\/wp\/v2\/pages\/5185\/revisions"}],"predecessor-version":[{"id":5247,"href":"https:\/\/skpohjantahti.fi\/index.php\/wp-json\/wp\/v2\/pages\/5185\/revisions\/5247"}],"up":[{"embeddable":true,"href":"https:\/\/skpohjantahti.fi\/index.php\/wp-json\/wp\/v2\/pages\/909"}],"wp:featuredmedia":[{"embeddable":true,"href":"https:\/\/skpohjantahti.fi\/index.php\/wp-json\/wp\/v2\/media\/5207"}],"wp:attachment":[{"href":"https:\/\/skpohjantahti.fi\/index.php\/wp-json\/wp\/v2\/media?parent=5185"}],"curies":[{"name":"wp","href":"https:\/\/api.w.org\/{rel}","templated":true}]}}