{"id":5368,"date":"2025-12-10T18:30:27","date_gmt":"2025-12-10T16:30:27","guid":{"rendered":"https:\/\/skpohjantahti.fi\/?page_id=5368"},"modified":"2025-12-18T18:25:51","modified_gmt":"2025-12-18T16:25:51","slug":"pimian-paivan-suunnistus-20-12-2025","status":"publish","type":"page","link":"https:\/\/skpohjantahti.fi\/index.php\/pimian-paivan-suunnistus-20-12-2025\/","title":{"rendered":"Pimi\u00e4n p\u00e4iv\u00e4n suunnistus 20.12.2025"},"content":{"rendered":"\t\t<div data-elementor-type=\"wp-page\" data-elementor-id=\"5368\" class=\"elementor elementor-5368\">\n\t\t\t\t\t\t<section class=\"elementor-section elementor-top-section elementor-element elementor-element-26b2658 elementor-section-boxed elementor-section-height-default elementor-section-height-default\" data-id=\"26b2658\" data-element_type=\"section\">\n\t\t\t\t\t\t<div class=\"elementor-container elementor-column-gap-default\">\n\t\t\t\t\t<div class=\"elementor-column elementor-col-100 elementor-top-column elementor-element elementor-element-54e1bec\" data-id=\"54e1bec\" data-element_type=\"column\">\n\t\t\t<div class=\"elementor-widget-wrap elementor-element-populated\">\n\t\t\t\t\t\t<div class=\"elementor-element elementor-element-55580d8 elementor-widget elementor-widget-text-editor\" data-id=\"55580d8\" data-element_type=\"widget\" data-widget_type=\"text-editor.default\">\n\t\t\t\t<div class=\"elementor-widget-container\">\n\t\t\t\t\t\t\t\t\t<h5>Vuoden pimein p\u00e4iv\u00e4. Kaksi suunnistusta: sprintti ja yhteisl\u00e4ht\u00f6. Laita lamppu lataukseen, her\u00e4tyskello her\u00e4tt\u00e4m\u00e4\u00e4n ja olet valmis viritt\u00e4m\u00e4\u00e4n itsesi iskuun jouluksi.<\/h5>\n<p>Oulurastihinnat per l\u00e4ht\u00f6: aikuiset 8 \u20ac, Opiskelijat 6 \u20ac, lapset (alle 18 v.) 3 \u20ac perheet 16 \u20ac&nbsp;ja alle 18-vuotiailta maksuton. Kilpailukortteja ei ole valitettavasti vuokralla.<\/p>\n<p>Tulokset <a href=\"https:\/\/oulurastit.info\/\">Oulurastisivulla<\/a>.<\/p>\t\t\t\t\t\t\t\t<\/div>\n\t\t\t\t<\/div>\n\t\t\t\t\t<\/div>\n\t\t<\/div>\n\t\t\t\t\t<\/div>\n\t\t<\/section>\n\t\t\t\t<section class=\"elementor-section elementor-top-section elementor-element elementor-element-6c41c09 elementor-section-boxed elementor-section-height-default elementor-section-height-default\" data-id=\"6c41c09\" data-element_type=\"section\">\n\t\t\t\t\t\t<div class=\"elementor-container elementor-column-gap-default\">\n\t\t\t\t\t<div class=\"elementor-column elementor-col-50 elementor-top-column elementor-element elementor-element-b6f5a16\" data-id=\"b6f5a16\" data-element_type=\"column\">\n\t\t\t<div class=\"elementor-widget-wrap elementor-element-populated\">\n\t\t\t\t\t\t<div class=\"elementor-element elementor-element-99bf813 elementor-widget elementor-widget-image\" data-id=\"99bf813\" data-element_type=\"widget\" data-widget_type=\"image.default\">\n\t\t\t\t<div class=\"elementor-widget-container\">\n\t\t\t\t\t\t\t\t\t\t\t\t\t\t\t<img fetchpriority=\"high\" decoding=\"async\" width=\"709\" height=\"645\" src=\"https:\/\/skpohjantahti.fi\/uudet\/wp-content\/uploads\/2025\/12\/Nayttokuva-2025-12-10-182322.png\" class=\"attachment-large size-large wp-image-5369\" alt=\"\" srcset=\"https:\/\/skpohjantahti.fi\/uudet\/wp-content\/uploads\/2025\/12\/Nayttokuva-2025-12-10-182322.png 709w, https:\/\/skpohjantahti.fi\/uudet\/wp-content\/uploads\/2025\/12\/Nayttokuva-2025-12-10-182322-300x273.png 300w\" sizes=\"(max-width: 709px) 100vw, 709px\" \/>\t\t\t\t\t\t\t\t\t\t\t\t\t\t\t<\/div>\n\t\t\t\t<\/div>\n\t\t\t\t\t<\/div>\n\t\t<\/div>\n\t\t\t\t<div class=\"elementor-column elementor-col-50 elementor-top-column elementor-element elementor-element-8541d74\" data-id=\"8541d74\" data-element_type=\"column\">\n\t\t\t<div class=\"elementor-widget-wrap elementor-element-populated\">\n\t\t\t\t\t\t<div class=\"elementor-element elementor-element-5d05215 elementor-widget elementor-widget-text-editor\" data-id=\"5d05215\" data-element_type=\"widget\" data-widget_type=\"text-editor.default\">\n\t\t\t\t<div class=\"elementor-widget-container\">\n\t\t\t\t\t\t\t\t\t<h4>Aamun sprintti It\u00e4-Tuira \/ Laanila<\/h4>\n<div>It\u00e4-Tuirassa juostaan t\u00e4ysiverinen sprintti hy\u00f6dynt\u00e4en Laanilan ja it\u00e4isimm\u00e4n Tuiran parhaat alueet.<br>Kilpailukeskus Tuiran uimarannan tuntumassa.<\/div>\n<div><a href=\"https:\/\/skpohjantahti.fi\/index.php\/pimian-paivan-aamupaiva\/\">Tapahtumaohjeet<\/a><\/div>\t\t\t\t\t\t\t\t<\/div>\n\t\t\t\t<\/div>\n\t\t\t\t\t<\/div>\n\t\t<\/div>\n\t\t\t\t\t<\/div>\n\t\t<\/section>\n\t\t\t\t<section class=\"elementor-section elementor-top-section elementor-element elementor-element-3c7163a elementor-section-boxed elementor-section-height-default elementor-section-height-default\" data-id=\"3c7163a\" data-element_type=\"section\">\n\t\t\t\t\t\t<div class=\"elementor-container elementor-column-gap-default\">\n\t\t\t\t\t<div class=\"elementor-column elementor-col-50 elementor-top-column elementor-element elementor-element-3d8c0e5\" data-id=\"3d8c0e5\" data-element_type=\"column\">\n\t\t\t<div class=\"elementor-widget-wrap elementor-element-populated\">\n\t\t\t\t\t\t<div class=\"elementor-element elementor-element-0fc3369 elementor-widget elementor-widget-image\" data-id=\"0fc3369\" data-element_type=\"widget\" data-widget_type=\"image.default\">\n\t\t\t\t<div class=\"elementor-widget-container\">\n\t\t\t\t\t\t\t\t\t\t\t\t\t\t\t<img decoding=\"async\" width=\"736\" height=\"706\" src=\"https:\/\/skpohjantahti.fi\/uudet\/wp-content\/uploads\/2025\/12\/Pikkaralafr.png\" class=\"attachment-large size-large wp-image-5389\" alt=\"\" srcset=\"https:\/\/skpohjantahti.fi\/uudet\/wp-content\/uploads\/2025\/12\/Pikkaralafr.png 736w, https:\/\/skpohjantahti.fi\/uudet\/wp-content\/uploads\/2025\/12\/Pikkaralafr-300x288.png 300w\" sizes=\"(max-width: 736px) 100vw, 736px\" \/>\t\t\t\t\t\t\t\t\t\t\t\t\t\t\t<\/div>\n\t\t\t\t<\/div>\n\t\t\t\t\t<\/div>\n\t\t<\/div>\n\t\t\t\t<div class=\"elementor-column elementor-col-50 elementor-top-column elementor-element elementor-element-3eae2ee\" data-id=\"3eae2ee\" data-element_type=\"column\">\n\t\t\t<div class=\"elementor-widget-wrap elementor-element-populated\">\n\t\t\t\t\t\t<div class=\"elementor-element elementor-element-8f8b517 elementor-widget elementor-widget-text-editor\" data-id=\"8f8b517\" data-element_type=\"widget\" data-widget_type=\"text-editor.default\">\n\t\t\t\t<div class=\"elementor-widget-container\">\n\t\t\t\t\t\t\t\t\t<h4>Iltap\u00e4iv\u00e4n yhteisl\u00e4ht\u00f6 Pikkarala frisbeegolf<\/h4><div>Pikkaralassa harvinaista herkkua. Frisbeegolfradan maasto on Pikkaralan paras osa ja nyt p\u00e4\u00e4st\u00e4\u00e4n ottamaan yhteisl\u00e4ht\u00f6 maastoon (Emit-0 eroilla). Kaikilla radoilla monipuolinen hajonta.<\/div><div><a href=\"https:\/\/skpohjantahti.fi\/index.php\/pimian-paivan-iltapaiva-pikkarala\/\">Tapahtumaohjeet<\/a><\/div>\t\t\t\t\t\t\t\t<\/div>\n\t\t\t\t<\/div>\n\t\t\t\t\t<\/div>\n\t\t<\/div>\n\t\t\t\t\t<\/div>\n\t\t<\/section>\n\t\t\t\t<\/div>\n\t\t","protected":false},"excerpt":{"rendered":"<p>Vuoden pimein p\u00e4iv\u00e4. Kaksi suunnistusta: sprintti ja yhteisl\u00e4ht\u00f6. Laita lamppu lataukseen, her\u00e4tyskello her\u00e4tt\u00e4m\u00e4\u00e4n ja olet valmis viritt\u00e4m\u00e4\u00e4n itsesi iskuun jouluksi. Oulurastihinnat per l\u00e4ht\u00f6: aikuiset 8 \u20ac, Opiskelijat 6 \u20ac, lapset (alle 18 v.) 3 \u20ac perheet 16 \u20ac&nbsp;ja alle 18-vuotiailta maksuton. Kilpailukortteja ei ole valitettavasti vuokralla. Tulokset Oulurastisivulla. Aamun sprintti It\u00e4-Tuira \/ Laanila It\u00e4-Tuirassa juostaan [&hellip;]<\/p>\n","protected":false},"author":2,"featured_media":0,"parent":0,"menu_order":0,"comment_status":"closed","ping_status":"closed","template":"","meta":{"site-sidebar-layout":"no-sidebar","site-content-layout":"page-builder","ast-site-content-layout":"full-width-container","site-content-style":"default","site-sidebar-style":"default","ast-global-header-display":"","ast-banner-title-visibility":"","ast-main-header-display":"","ast-hfb-above-header-display":"","ast-hfb-below-header-display":"","ast-hfb-mobile-header-display":"","site-post-title":"","ast-breadcrumbs-content":"","ast-featured-img":"disabled","footer-sml-layout":"","ast-disable-related-posts":"","theme-transparent-header-meta":"","adv-header-id-meta":"","stick-header-meta":"","header-above-stick-meta":"","header-main-stick-meta":"","header-below-stick-meta":"","astra-migrate-meta-layouts":"default","ast-page-background-enabled":"default","ast-page-background-meta":{"desktop":{"background-color":"","background-image":"","background-repeat":"repeat","background-position":"center center","background-size":"auto","background-attachment":"scroll","background-type":"","background-media":"","overlay-type":"","overlay-color":"","overlay-opacity":"","overlay-gradient":""},"tablet":{"background-color":"","background-image":"","background-repeat":"repeat","background-position":"center center","background-size":"auto","background-attachment":"scroll","background-type":"","background-media":"","overlay-type":"","overlay-color":"","overlay-opacity":"","overlay-gradient":""},"mobile":{"background-color":"","background-image":"","background-repeat":"repeat","background-position":"center center","background-size":"auto","background-attachment":"scroll","background-type":"","background-media":"","overlay-type":"","overlay-color":"","overlay-opacity":"","overlay-gradient":""}},"ast-content-background-meta":{"desktop":{"background-color":"var(--ast-global-color-5)","background-image":"","background-repeat":"repeat","background-position":"center center","background-size":"auto","background-attachment":"scroll","background-type":"","background-media":"","overlay-type":"","overlay-color":"","overlay-opacity":"","overlay-gradient":""},"tablet":{"background-color":"var(--ast-global-color-5)","background-image":"","background-repeat":"repeat","background-position":"center center","background-size":"auto","background-attachment":"scroll","background-type":"","background-media":"","overlay-type":"","overlay-color":"","overlay-opacity":"","overlay-gradient":""},"mobile":{"background-color":"var(--ast-global-color-5)","background-image":"","background-repeat":"repeat","background-position":"center center","background-size":"auto","background-attachment":"scroll","background-type":"","background-media":"","overlay-type":"","overlay-color":"","overlay-opacity":"","overlay-gradient":""}},"footnotes":""},"class_list":["post-5368","page","type-page","status-publish","hentry"],"yoast_head":"<!-- This site is optimized with the Yoast SEO plugin v27.4 - https:\/\/yoast.com\/product\/yoast-seo-wordpress\/ -->\n<title>Pimi\u00e4n p\u00e4iv\u00e4n suunnistus 20.12.2025 - SK Pohjant\u00e4hti<\/title>\n<meta name=\"robots\" content=\"index, follow, max-snippet:-1, max-image-preview:large, max-video-preview:-1\" \/>\n<link rel=\"canonical\" href=\"https:\/\/skpohjantahti.fi\/index.php\/pimian-paivan-suunnistus-20-12-2025\/\" \/>\n<meta property=\"og:locale\" content=\"fi_FI\" \/>\n<meta property=\"og:type\" content=\"article\" \/>\n<meta property=\"og:title\" content=\"Pimi\u00e4n p\u00e4iv\u00e4n suunnistus 20.12.2025 - SK Pohjant\u00e4hti\" \/>\n<meta property=\"og:description\" content=\"Vuoden pimein p\u00e4iv\u00e4. Kaksi suunnistusta: sprintti ja yhteisl\u00e4ht\u00f6. Laita lamppu lataukseen, her\u00e4tyskello her\u00e4tt\u00e4m\u00e4\u00e4n ja olet valmis viritt\u00e4m\u00e4\u00e4n itsesi iskuun jouluksi. Oulurastihinnat per l\u00e4ht\u00f6: aikuiset 8 \u20ac, Opiskelijat 6 \u20ac, lapset (alle 18 v.) 3 \u20ac perheet 16 \u20ac&nbsp;ja alle 18-vuotiailta maksuton. Kilpailukortteja ei ole valitettavasti vuokralla. Tulokset Oulurastisivulla. Aamun sprintti It\u00e4-Tuira \/ Laanila It\u00e4-Tuirassa juostaan [&hellip;]\" \/>\n<meta property=\"og:url\" content=\"https:\/\/skpohjantahti.fi\/index.php\/pimian-paivan-suunnistus-20-12-2025\/\" \/>\n<meta property=\"og:site_name\" content=\"SK Pohjant\u00e4hti\" \/>\n<meta property=\"article:publisher\" content=\"https:\/\/www.facebook.com\/skpohjantahti\" \/>\n<meta property=\"article:modified_time\" content=\"2025-12-18T16:25:51+00:00\" \/>\n<meta property=\"og:image\" content=\"https:\/\/skpohjantahti.fi\/uudet\/wp-content\/uploads\/2025\/12\/Nayttokuva-2025-12-10-182322.png\" \/>\n\t<meta property=\"og:image:width\" content=\"709\" \/>\n\t<meta property=\"og:image:height\" content=\"645\" \/>\n\t<meta property=\"og:image:type\" content=\"image\/png\" \/>\n<meta name=\"twitter:card\" content=\"summary_large_image\" \/>\n<meta name=\"twitter:label1\" content=\"Arvioitu lukuaika\" \/>\n\t<meta name=\"twitter:data1\" content=\"1 minuutti\" \/>\n<script type=\"application\/ld+json\" class=\"yoast-schema-graph\">{\"@context\":\"https:\\\/\\\/schema.org\",\"@graph\":[{\"@type\":\"WebPage\",\"@id\":\"https:\\\/\\\/skpohjantahti.fi\\\/index.php\\\/pimian-paivan-suunnistus-20-12-2025\\\/\",\"url\":\"https:\\\/\\\/skpohjantahti.fi\\\/index.php\\\/pimian-paivan-suunnistus-20-12-2025\\\/\",\"name\":\"Pimi\u00e4n p\u00e4iv\u00e4n suunnistus 20.12.2025 - SK Pohjant\u00e4hti\",\"isPartOf\":{\"@id\":\"https:\\\/\\\/skpohjantahti.fi\\\/#website\"},\"primaryImageOfPage\":{\"@id\":\"https:\\\/\\\/skpohjantahti.fi\\\/index.php\\\/pimian-paivan-suunnistus-20-12-2025\\\/#primaryimage\"},\"image\":{\"@id\":\"https:\\\/\\\/skpohjantahti.fi\\\/index.php\\\/pimian-paivan-suunnistus-20-12-2025\\\/#primaryimage\"},\"thumbnailUrl\":\"https:\\\/\\\/skpohjantahti.fi\\\/uudet\\\/wp-content\\\/uploads\\\/2025\\\/12\\\/Nayttokuva-2025-12-10-182322.png\",\"datePublished\":\"2025-12-10T16:30:27+00:00\",\"dateModified\":\"2025-12-18T16:25:51+00:00\",\"breadcrumb\":{\"@id\":\"https:\\\/\\\/skpohjantahti.fi\\\/index.php\\\/pimian-paivan-suunnistus-20-12-2025\\\/#breadcrumb\"},\"inLanguage\":\"fi\",\"potentialAction\":[{\"@type\":\"ReadAction\",\"target\":[\"https:\\\/\\\/skpohjantahti.fi\\\/index.php\\\/pimian-paivan-suunnistus-20-12-2025\\\/\"]}]},{\"@type\":\"ImageObject\",\"inLanguage\":\"fi\",\"@id\":\"https:\\\/\\\/skpohjantahti.fi\\\/index.php\\\/pimian-paivan-suunnistus-20-12-2025\\\/#primaryimage\",\"url\":\"https:\\\/\\\/skpohjantahti.fi\\\/uudet\\\/wp-content\\\/uploads\\\/2025\\\/12\\\/Nayttokuva-2025-12-10-182322.png\",\"contentUrl\":\"https:\\\/\\\/skpohjantahti.fi\\\/uudet\\\/wp-content\\\/uploads\\\/2025\\\/12\\\/Nayttokuva-2025-12-10-182322.png\",\"width\":709,\"height\":645},{\"@type\":\"BreadcrumbList\",\"@id\":\"https:\\\/\\\/skpohjantahti.fi\\\/index.php\\\/pimian-paivan-suunnistus-20-12-2025\\\/#breadcrumb\",\"itemListElement\":[{\"@type\":\"ListItem\",\"position\":1,\"name\":\"Etusivu\",\"item\":\"https:\\\/\\\/skpohjantahti.fi\\\/\"},{\"@type\":\"ListItem\",\"position\":2,\"name\":\"Pimi\u00e4n p\u00e4iv\u00e4n suunnistus 20.12.2025\"}]},{\"@type\":\"WebSite\",\"@id\":\"https:\\\/\\\/skpohjantahti.fi\\\/#website\",\"url\":\"https:\\\/\\\/skpohjantahti.fi\\\/\",\"name\":\"SK Pohjant\u00e4hti\",\"description\":\"Oululainen suunnistusseura\",\"publisher\":{\"@id\":\"https:\\\/\\\/skpohjantahti.fi\\\/#organization\"},\"potentialAction\":[{\"@type\":\"SearchAction\",\"target\":{\"@type\":\"EntryPoint\",\"urlTemplate\":\"https:\\\/\\\/skpohjantahti.fi\\\/?s={search_term_string}\"},\"query-input\":{\"@type\":\"PropertyValueSpecification\",\"valueRequired\":true,\"valueName\":\"search_term_string\"}}],\"inLanguage\":\"fi\"},{\"@type\":\"Organization\",\"@id\":\"https:\\\/\\\/skpohjantahti.fi\\\/#organization\",\"name\":\"SK Pohjant\u00e4hti\",\"url\":\"https:\\\/\\\/skpohjantahti.fi\\\/\",\"logo\":{\"@type\":\"ImageObject\",\"inLanguage\":\"fi\",\"@id\":\"https:\\\/\\\/skpohjantahti.fi\\\/#\\\/schema\\\/logo\\\/image\\\/\",\"url\":\"https:\\\/\\\/skpohjantahti.fi\\\/uudet\\\/wp-content\\\/uploads\\\/2022\\\/04\\\/cropped-pohjantahti_log_netti_pieni.jpg\",\"contentUrl\":\"https:\\\/\\\/skpohjantahti.fi\\\/uudet\\\/wp-content\\\/uploads\\\/2022\\\/04\\\/cropped-pohjantahti_log_netti_pieni.jpg\",\"width\":198,\"height\":66,\"caption\":\"SK Pohjant\u00e4hti\"},\"image\":{\"@id\":\"https:\\\/\\\/skpohjantahti.fi\\\/#\\\/schema\\\/logo\\\/image\\\/\"},\"sameAs\":[\"https:\\\/\\\/www.facebook.com\\\/skpohjantahti\",\"https:\\\/\\\/www.instagram.com\\\/sk_pohjantahti\\\/\"]}]}<\/script>\n<!-- \/ Yoast SEO plugin. -->","yoast_head_json":{"title":"Pimi\u00e4n p\u00e4iv\u00e4n suunnistus 20.12.2025 - SK Pohjant\u00e4hti","robots":{"index":"index","follow":"follow","max-snippet":"max-snippet:-1","max-image-preview":"max-image-preview:large","max-video-preview":"max-video-preview:-1"},"canonical":"https:\/\/skpohjantahti.fi\/index.php\/pimian-paivan-suunnistus-20-12-2025\/","og_locale":"fi_FI","og_type":"article","og_title":"Pimi\u00e4n p\u00e4iv\u00e4n suunnistus 20.12.2025 - SK Pohjant\u00e4hti","og_description":"Vuoden pimein p\u00e4iv\u00e4. Kaksi suunnistusta: sprintti ja yhteisl\u00e4ht\u00f6. Laita lamppu lataukseen, her\u00e4tyskello her\u00e4tt\u00e4m\u00e4\u00e4n ja olet valmis viritt\u00e4m\u00e4\u00e4n itsesi iskuun jouluksi. Oulurastihinnat per l\u00e4ht\u00f6: aikuiset 8 \u20ac, Opiskelijat 6 \u20ac, lapset (alle 18 v.) 3 \u20ac perheet 16 \u20ac&nbsp;ja alle 18-vuotiailta maksuton. Kilpailukortteja ei ole valitettavasti vuokralla. Tulokset Oulurastisivulla. Aamun sprintti It\u00e4-Tuira \/ Laanila It\u00e4-Tuirassa juostaan [&hellip;]","og_url":"https:\/\/skpohjantahti.fi\/index.php\/pimian-paivan-suunnistus-20-12-2025\/","og_site_name":"SK Pohjant\u00e4hti","article_publisher":"https:\/\/www.facebook.com\/skpohjantahti","article_modified_time":"2025-12-18T16:25:51+00:00","og_image":[{"width":709,"height":645,"url":"https:\/\/skpohjantahti.fi\/uudet\/wp-content\/uploads\/2025\/12\/Nayttokuva-2025-12-10-182322.png","type":"image\/png"}],"twitter_card":"summary_large_image","twitter_misc":{"Arvioitu lukuaika":"1 minuutti"},"schema":{"@context":"https:\/\/schema.org","@graph":[{"@type":"WebPage","@id":"https:\/\/skpohjantahti.fi\/index.php\/pimian-paivan-suunnistus-20-12-2025\/","url":"https:\/\/skpohjantahti.fi\/index.php\/pimian-paivan-suunnistus-20-12-2025\/","name":"Pimi\u00e4n p\u00e4iv\u00e4n suunnistus 20.12.2025 - SK Pohjant\u00e4hti","isPartOf":{"@id":"https:\/\/skpohjantahti.fi\/#website"},"primaryImageOfPage":{"@id":"https:\/\/skpohjantahti.fi\/index.php\/pimian-paivan-suunnistus-20-12-2025\/#primaryimage"},"image":{"@id":"https:\/\/skpohjantahti.fi\/index.php\/pimian-paivan-suunnistus-20-12-2025\/#primaryimage"},"thumbnailUrl":"https:\/\/skpohjantahti.fi\/uudet\/wp-content\/uploads\/2025\/12\/Nayttokuva-2025-12-10-182322.png","datePublished":"2025-12-10T16:30:27+00:00","dateModified":"2025-12-18T16:25:51+00:00","breadcrumb":{"@id":"https:\/\/skpohjantahti.fi\/index.php\/pimian-paivan-suunnistus-20-12-2025\/#breadcrumb"},"inLanguage":"fi","potentialAction":[{"@type":"ReadAction","target":["https:\/\/skpohjantahti.fi\/index.php\/pimian-paivan-suunnistus-20-12-2025\/"]}]},{"@type":"ImageObject","inLanguage":"fi","@id":"https:\/\/skpohjantahti.fi\/index.php\/pimian-paivan-suunnistus-20-12-2025\/#primaryimage","url":"https:\/\/skpohjantahti.fi\/uudet\/wp-content\/uploads\/2025\/12\/Nayttokuva-2025-12-10-182322.png","contentUrl":"https:\/\/skpohjantahti.fi\/uudet\/wp-content\/uploads\/2025\/12\/Nayttokuva-2025-12-10-182322.png","width":709,"height":645},{"@type":"BreadcrumbList","@id":"https:\/\/skpohjantahti.fi\/index.php\/pimian-paivan-suunnistus-20-12-2025\/#breadcrumb","itemListElement":[{"@type":"ListItem","position":1,"name":"Etusivu","item":"https:\/\/skpohjantahti.fi\/"},{"@type":"ListItem","position":2,"name":"Pimi\u00e4n p\u00e4iv\u00e4n suunnistus 20.12.2025"}]},{"@type":"WebSite","@id":"https:\/\/skpohjantahti.fi\/#website","url":"https:\/\/skpohjantahti.fi\/","name":"SK Pohjant\u00e4hti","description":"Oululainen suunnistusseura","publisher":{"@id":"https:\/\/skpohjantahti.fi\/#organization"},"potentialAction":[{"@type":"SearchAction","target":{"@type":"EntryPoint","urlTemplate":"https:\/\/skpohjantahti.fi\/?s={search_term_string}"},"query-input":{"@type":"PropertyValueSpecification","valueRequired":true,"valueName":"search_term_string"}}],"inLanguage":"fi"},{"@type":"Organization","@id":"https:\/\/skpohjantahti.fi\/#organization","name":"SK Pohjant\u00e4hti","url":"https:\/\/skpohjantahti.fi\/","logo":{"@type":"ImageObject","inLanguage":"fi","@id":"https:\/\/skpohjantahti.fi\/#\/schema\/logo\/image\/","url":"https:\/\/skpohjantahti.fi\/uudet\/wp-content\/uploads\/2022\/04\/cropped-pohjantahti_log_netti_pieni.jpg","contentUrl":"https:\/\/skpohjantahti.fi\/uudet\/wp-content\/uploads\/2022\/04\/cropped-pohjantahti_log_netti_pieni.jpg","width":198,"height":66,"caption":"SK Pohjant\u00e4hti"},"image":{"@id":"https:\/\/skpohjantahti.fi\/#\/schema\/logo\/image\/"},"sameAs":["https:\/\/www.facebook.com\/skpohjantahti","https:\/\/www.instagram.com\/sk_pohjantahti\/"]}]}},"_links":{"self":[{"href":"https:\/\/skpohjantahti.fi\/index.php\/wp-json\/wp\/v2\/pages\/5368","targetHints":{"allow":["GET"]}}],"collection":[{"href":"https:\/\/skpohjantahti.fi\/index.php\/wp-json\/wp\/v2\/pages"}],"about":[{"href":"https:\/\/skpohjantahti.fi\/index.php\/wp-json\/wp\/v2\/types\/page"}],"author":[{"embeddable":true,"href":"https:\/\/skpohjantahti.fi\/index.php\/wp-json\/wp\/v2\/users\/2"}],"replies":[{"embeddable":true,"href":"https:\/\/skpohjantahti.fi\/index.php\/wp-json\/wp\/v2\/comments?post=5368"}],"version-history":[{"count":27,"href":"https:\/\/skpohjantahti.fi\/index.php\/wp-json\/wp\/v2\/pages\/5368\/revisions"}],"predecessor-version":[{"id":5435,"href":"https:\/\/skpohjantahti.fi\/index.php\/wp-json\/wp\/v2\/pages\/5368\/revisions\/5435"}],"wp:attachment":[{"href":"https:\/\/skpohjantahti.fi\/index.php\/wp-json\/wp\/v2\/media?parent=5368"}],"curies":[{"name":"wp","href":"https:\/\/api.w.org\/{rel}","templated":true}]}}