{"id":5395,"date":"2025-12-16T18:51:22","date_gmt":"2025-12-16T16:51:22","guid":{"rendered":"https:\/\/skpohjantahti.fi\/?page_id=5395"},"modified":"2025-12-17T15:37:41","modified_gmt":"2025-12-17T13:37:41","slug":"pimian-paivan-iltapaiva-pikkarala","status":"publish","type":"page","link":"https:\/\/skpohjantahti.fi\/index.php\/pimian-paivan-iltapaiva-pikkarala\/","title":{"rendered":"Pimi\u00e4n p\u00e4iv\u00e4n iltap\u00e4iv\u00e4 Pikkarala"},"content":{"rendered":"\t\t<div data-elementor-type=\"wp-page\" data-elementor-id=\"5395\" class=\"elementor elementor-5395\">\n\t\t\t\t\t\t<section class=\"elementor-section elementor-top-section elementor-element elementor-element-57e40f6 elementor-section-boxed elementor-section-height-default elementor-section-height-default\" data-id=\"57e40f6\" data-element_type=\"section\">\n\t\t\t\t\t\t<div class=\"elementor-container elementor-column-gap-default\">\n\t\t\t\t\t<div class=\"elementor-column elementor-col-100 elementor-top-column elementor-element elementor-element-2c22dee\" data-id=\"2c22dee\" data-element_type=\"column\">\n\t\t\t<div class=\"elementor-widget-wrap elementor-element-populated\">\n\t\t\t\t\t\t<div class=\"elementor-element elementor-element-2e6f661 elementor-widget elementor-widget-text-editor\" data-id=\"2e6f661\" data-element_type=\"widget\" data-widget_type=\"text-editor.default\">\n\t\t\t\t<div class=\"elementor-widget-container\">\n\t\t\t\t\t\t\t\t\t<h4>Radat ja kartta<\/h4><p>A 4,6km \/ 20 rastia<\/p><p>B 3,5km \/ 16 rastia<\/p><p>C 2,0km \/ 8 rastia<\/p><p><a href=\"https:\/\/www.livelox.com\/Events\/Show\/176235\/Pimian-paivan-iltapaiva\">Livelox A-C<\/a><\/p><p>Tontturata n. 1km<\/p><p>Kaikilla radoilla (paitsi tontturadalla) hajontaa.<\/p><p>Kartta 1:7500 \/ 2,5m, Urpo Niemel\u00e4 ja Petri Karjalainen 2023. <strong>Kartalta on poistettu frisbeegolf-korit<\/strong>, sill\u00e4 niit\u00e4 on tullut maastoon niin paljon lis\u00e4\u00e4, ett\u00e4 ne antavat turhan paljon helpotusta suunnistajalle. Maastossa on lukuisia kulku-uria, joita ei ole kuvattu kartalla. Samoin uusin harvennushakkuu on vain merkitty vihre\u00e4ll\u00e4 pystyviivoituksella kartalle eik\u00e4 mets\u00e4koneuria ole kartalla. Rasteja ei ole kuitenkaan t\u00e4ll\u00e4 alueella, eik\u00e4 optimireitinvalinta vie hakkuualueen poikki.<\/p><h4>Yhteisl\u00e4hd\u00f6t (aika emit nollauksesta)<\/h4><p>A miehet ja C kaikki 15.30<\/p><p>A naiset 15.32<\/p><p>B miehet 15.34<\/p><p>B naiset 15.36<\/p><p>Radoille voi l\u00e4hte\u00e4 my\u00f6s omaan tahtiin klo 15.25-15.45.<\/p><p>Rasteja aletaan ker\u00e4t\u00e4 pois klo 16.45 alkaen ja maali sulkeutuu klo 17.00.<\/p><h4>Kilpailukeskus<\/h4><p>Sijaitsee <a href=\"https:\/\/maps.app.goo.gl\/MzQ3Ak4xdvZdxAGX6\">Pikkaralan frisbeegolf-radalla<\/a>. Kilpailukeskuksessa laavu, johon todenn\u00e4k\u00f6isesti saadaan tulet.<\/p><h4>Muut ohjeet<\/h4><p>A- ja B-radalla rata on kolmella karttapalalla (katso malli alla). Molemmat radat on rakennettu niin haastavaksi suunnistukseksi kuin maasto antaa my\u00f6ten.\u00a0 Siirry eteenp\u00e4in numeroj\u00e4rjestyksess\u00e4, katso malli alta. C-rata on helpompi, mutta sis\u00e4lt\u00e4\u00e4 my\u00f6s haastavia rastipisteit\u00e4.<\/p>\t\t\t\t\t\t\t\t<\/div>\n\t\t\t\t<\/div>\n\t\t\t\t\t<\/div>\n\t\t<\/div>\n\t\t\t\t\t<\/div>\n\t\t<\/section>\n\t\t\t\t<section class=\"elementor-section elementor-top-section elementor-element elementor-element-6c26c90 elementor-section-boxed elementor-section-height-default elementor-section-height-default\" data-id=\"6c26c90\" data-element_type=\"section\">\n\t\t\t\t\t\t<div class=\"elementor-container elementor-column-gap-default\">\n\t\t\t\t\t<div class=\"elementor-column elementor-col-100 elementor-top-column elementor-element elementor-element-61f2656\" data-id=\"61f2656\" data-element_type=\"column\">\n\t\t\t<div class=\"elementor-widget-wrap elementor-element-populated\">\n\t\t\t\t\t\t<div class=\"elementor-element elementor-element-263939e elementor-widget elementor-widget-image\" data-id=\"263939e\" data-element_type=\"widget\" data-widget_type=\"image.default\">\n\t\t\t\t<div class=\"elementor-widget-container\">\n\t\t\t\t\t\t\t\t\t\t\t\t\t\t\t<img fetchpriority=\"high\" decoding=\"async\" width=\"300\" height=\"212\" src=\"https:\/\/skpohjantahti.fi\/uudet\/wp-content\/uploads\/2025\/12\/Pikkarala-frisbee-1-300x212.jpg\" class=\"attachment-medium size-medium wp-image-5397\" alt=\"\" srcset=\"https:\/\/skpohjantahti.fi\/uudet\/wp-content\/uploads\/2025\/12\/Pikkarala-frisbee-1-300x212.jpg 300w, https:\/\/skpohjantahti.fi\/uudet\/wp-content\/uploads\/2025\/12\/Pikkarala-frisbee-1-768x543.jpg 768w, https:\/\/skpohjantahti.fi\/uudet\/wp-content\/uploads\/2025\/12\/Pikkarala-frisbee-1.jpg 877w\" sizes=\"(max-width: 300px) 100vw, 300px\" \/>\t\t\t\t\t\t\t\t\t\t\t\t\t\t\t<\/div>\n\t\t\t\t<\/div>\n\t\t\t\t\t<\/div>\n\t\t<\/div>\n\t\t\t\t\t<\/div>\n\t\t<\/section>\n\t\t\t\t<\/div>\n\t\t","protected":false},"excerpt":{"rendered":"<p>Radat ja kartta A 4,6km \/ 20 rastia B 3,5km \/ 16 rastia C 2,0km \/ 8 rastia Livelox A-C Tontturata n. 1km Kaikilla radoilla (paitsi tontturadalla) hajontaa. Kartta 1:7500 \/ 2,5m, Urpo Niemel\u00e4 ja Petri Karjalainen 2023. Kartalta on poistettu frisbeegolf-korit, sill\u00e4 niit\u00e4 on tullut maastoon niin paljon lis\u00e4\u00e4, ett\u00e4 ne antavat turhan paljon [&hellip;]<\/p>\n","protected":false},"author":2,"featured_media":0,"parent":0,"menu_order":0,"comment_status":"closed","ping_status":"closed","template":"","meta":{"site-sidebar-layout":"no-sidebar","site-content-layout":"page-builder","ast-site-content-layout":"full-width-container","site-content-style":"default","site-sidebar-style":"default","ast-global-header-display":"","ast-banner-title-visibility":"","ast-main-header-display":"","ast-hfb-above-header-display":"","ast-hfb-below-header-display":"","ast-hfb-mobile-header-display":"","site-post-title":"","ast-breadcrumbs-content":"","ast-featured-img":"disabled","footer-sml-layout":"","ast-disable-related-posts":"","theme-transparent-header-meta":"","adv-header-id-meta":"","stick-header-meta":"","header-above-stick-meta":"","header-main-stick-meta":"","header-below-stick-meta":"","astra-migrate-meta-layouts":"default","ast-page-background-enabled":"default","ast-page-background-meta":{"desktop":{"background-color":"","background-image":"","background-repeat":"repeat","background-position":"center center","background-size":"auto","background-attachment":"scroll","background-type":"","background-media":"","overlay-type":"","overlay-color":"","overlay-opacity":"","overlay-gradient":""},"tablet":{"background-color":"","background-image":"","background-repeat":"repeat","background-position":"center center","background-size":"auto","background-attachment":"scroll","background-type":"","background-media":"","overlay-type":"","overlay-color":"","overlay-opacity":"","overlay-gradient":""},"mobile":{"background-color":"","background-image":"","background-repeat":"repeat","background-position":"center center","background-size":"auto","background-attachment":"scroll","background-type":"","background-media":"","overlay-type":"","overlay-color":"","overlay-opacity":"","overlay-gradient":""}},"ast-content-background-meta":{"desktop":{"background-color":"var(--ast-global-color-5)","background-image":"","background-repeat":"repeat","background-position":"center center","background-size":"auto","background-attachment":"scroll","background-type":"","background-media":"","overlay-type":"","overlay-color":"","overlay-opacity":"","overlay-gradient":""},"tablet":{"background-color":"var(--ast-global-color-5)","background-image":"","background-repeat":"repeat","background-position":"center center","background-size":"auto","background-attachment":"scroll","background-type":"","background-media":"","overlay-type":"","overlay-color":"","overlay-opacity":"","overlay-gradient":""},"mobile":{"background-color":"var(--ast-global-color-5)","background-image":"","background-repeat":"repeat","background-position":"center center","background-size":"auto","background-attachment":"scroll","background-type":"","background-media":"","overlay-type":"","overlay-color":"","overlay-opacity":"","overlay-gradient":""}},"footnotes":""},"class_list":["post-5395","page","type-page","status-publish","hentry"],"yoast_head":"<!-- This site is optimized with the Yoast SEO plugin v27.4 - https:\/\/yoast.com\/product\/yoast-seo-wordpress\/ -->\n<title>Pimi\u00e4n p\u00e4iv\u00e4n iltap\u00e4iv\u00e4 Pikkarala - SK Pohjant\u00e4hti<\/title>\n<meta name=\"robots\" content=\"index, follow, max-snippet:-1, max-image-preview:large, max-video-preview:-1\" \/>\n<link rel=\"canonical\" href=\"https:\/\/skpohjantahti.fi\/index.php\/pimian-paivan-iltapaiva-pikkarala\/\" \/>\n<meta property=\"og:locale\" content=\"fi_FI\" \/>\n<meta property=\"og:type\" content=\"article\" \/>\n<meta property=\"og:title\" content=\"Pimi\u00e4n p\u00e4iv\u00e4n iltap\u00e4iv\u00e4 Pikkarala - SK Pohjant\u00e4hti\" \/>\n<meta property=\"og:description\" content=\"Radat ja kartta A 4,6km \/ 20 rastia B 3,5km \/ 16 rastia C 2,0km \/ 8 rastia Livelox A-C Tontturata n. 1km Kaikilla radoilla (paitsi tontturadalla) hajontaa. Kartta 1:7500 \/ 2,5m, Urpo Niemel\u00e4 ja Petri Karjalainen 2023. Kartalta on poistettu frisbeegolf-korit, sill\u00e4 niit\u00e4 on tullut maastoon niin paljon lis\u00e4\u00e4, ett\u00e4 ne antavat turhan paljon [&hellip;]\" \/>\n<meta property=\"og:url\" content=\"https:\/\/skpohjantahti.fi\/index.php\/pimian-paivan-iltapaiva-pikkarala\/\" \/>\n<meta property=\"og:site_name\" content=\"SK Pohjant\u00e4hti\" \/>\n<meta property=\"article:publisher\" content=\"https:\/\/www.facebook.com\/skpohjantahti\" \/>\n<meta property=\"article:modified_time\" content=\"2025-12-17T13:37:41+00:00\" \/>\n<meta property=\"og:image\" content=\"https:\/\/skpohjantahti.fi\/uudet\/wp-content\/uploads\/2025\/12\/Pikkarala-frisbee-1.jpg\" \/>\n\t<meta property=\"og:image:width\" content=\"877\" \/>\n\t<meta property=\"og:image:height\" content=\"620\" \/>\n\t<meta property=\"og:image:type\" content=\"image\/jpeg\" \/>\n<meta name=\"twitter:card\" content=\"summary_large_image\" \/>\n<meta name=\"twitter:label1\" content=\"Arvioitu lukuaika\" \/>\n\t<meta name=\"twitter:data1\" content=\"2 minuuttia\" \/>\n<script type=\"application\/ld+json\" class=\"yoast-schema-graph\">{\"@context\":\"https:\\\/\\\/schema.org\",\"@graph\":[{\"@type\":\"WebPage\",\"@id\":\"https:\\\/\\\/skpohjantahti.fi\\\/index.php\\\/pimian-paivan-iltapaiva-pikkarala\\\/\",\"url\":\"https:\\\/\\\/skpohjantahti.fi\\\/index.php\\\/pimian-paivan-iltapaiva-pikkarala\\\/\",\"name\":\"Pimi\u00e4n p\u00e4iv\u00e4n iltap\u00e4iv\u00e4 Pikkarala - SK Pohjant\u00e4hti\",\"isPartOf\":{\"@id\":\"https:\\\/\\\/skpohjantahti.fi\\\/#website\"},\"primaryImageOfPage\":{\"@id\":\"https:\\\/\\\/skpohjantahti.fi\\\/index.php\\\/pimian-paivan-iltapaiva-pikkarala\\\/#primaryimage\"},\"image\":{\"@id\":\"https:\\\/\\\/skpohjantahti.fi\\\/index.php\\\/pimian-paivan-iltapaiva-pikkarala\\\/#primaryimage\"},\"thumbnailUrl\":\"https:\\\/\\\/skpohjantahti.fi\\\/uudet\\\/wp-content\\\/uploads\\\/2025\\\/12\\\/Pikkarala-frisbee-1-300x212.jpg\",\"datePublished\":\"2025-12-16T16:51:22+00:00\",\"dateModified\":\"2025-12-17T13:37:41+00:00\",\"breadcrumb\":{\"@id\":\"https:\\\/\\\/skpohjantahti.fi\\\/index.php\\\/pimian-paivan-iltapaiva-pikkarala\\\/#breadcrumb\"},\"inLanguage\":\"fi\",\"potentialAction\":[{\"@type\":\"ReadAction\",\"target\":[\"https:\\\/\\\/skpohjantahti.fi\\\/index.php\\\/pimian-paivan-iltapaiva-pikkarala\\\/\"]}]},{\"@type\":\"ImageObject\",\"inLanguage\":\"fi\",\"@id\":\"https:\\\/\\\/skpohjantahti.fi\\\/index.php\\\/pimian-paivan-iltapaiva-pikkarala\\\/#primaryimage\",\"url\":\"https:\\\/\\\/skpohjantahti.fi\\\/uudet\\\/wp-content\\\/uploads\\\/2025\\\/12\\\/Pikkarala-frisbee-1.jpg\",\"contentUrl\":\"https:\\\/\\\/skpohjantahti.fi\\\/uudet\\\/wp-content\\\/uploads\\\/2025\\\/12\\\/Pikkarala-frisbee-1.jpg\",\"width\":877,\"height\":620},{\"@type\":\"BreadcrumbList\",\"@id\":\"https:\\\/\\\/skpohjantahti.fi\\\/index.php\\\/pimian-paivan-iltapaiva-pikkarala\\\/#breadcrumb\",\"itemListElement\":[{\"@type\":\"ListItem\",\"position\":1,\"name\":\"Etusivu\",\"item\":\"https:\\\/\\\/skpohjantahti.fi\\\/\"},{\"@type\":\"ListItem\",\"position\":2,\"name\":\"Pimi\u00e4n p\u00e4iv\u00e4n iltap\u00e4iv\u00e4 Pikkarala\"}]},{\"@type\":\"WebSite\",\"@id\":\"https:\\\/\\\/skpohjantahti.fi\\\/#website\",\"url\":\"https:\\\/\\\/skpohjantahti.fi\\\/\",\"name\":\"SK Pohjant\u00e4hti\",\"description\":\"Oululainen suunnistusseura\",\"publisher\":{\"@id\":\"https:\\\/\\\/skpohjantahti.fi\\\/#organization\"},\"potentialAction\":[{\"@type\":\"SearchAction\",\"target\":{\"@type\":\"EntryPoint\",\"urlTemplate\":\"https:\\\/\\\/skpohjantahti.fi\\\/?s={search_term_string}\"},\"query-input\":{\"@type\":\"PropertyValueSpecification\",\"valueRequired\":true,\"valueName\":\"search_term_string\"}}],\"inLanguage\":\"fi\"},{\"@type\":\"Organization\",\"@id\":\"https:\\\/\\\/skpohjantahti.fi\\\/#organization\",\"name\":\"SK Pohjant\u00e4hti\",\"url\":\"https:\\\/\\\/skpohjantahti.fi\\\/\",\"logo\":{\"@type\":\"ImageObject\",\"inLanguage\":\"fi\",\"@id\":\"https:\\\/\\\/skpohjantahti.fi\\\/#\\\/schema\\\/logo\\\/image\\\/\",\"url\":\"https:\\\/\\\/skpohjantahti.fi\\\/uudet\\\/wp-content\\\/uploads\\\/2022\\\/04\\\/cropped-pohjantahti_log_netti_pieni.jpg\",\"contentUrl\":\"https:\\\/\\\/skpohjantahti.fi\\\/uudet\\\/wp-content\\\/uploads\\\/2022\\\/04\\\/cropped-pohjantahti_log_netti_pieni.jpg\",\"width\":198,\"height\":66,\"caption\":\"SK Pohjant\u00e4hti\"},\"image\":{\"@id\":\"https:\\\/\\\/skpohjantahti.fi\\\/#\\\/schema\\\/logo\\\/image\\\/\"},\"sameAs\":[\"https:\\\/\\\/www.facebook.com\\\/skpohjantahti\",\"https:\\\/\\\/www.instagram.com\\\/sk_pohjantahti\\\/\"]}]}<\/script>\n<!-- \/ Yoast SEO plugin. -->","yoast_head_json":{"title":"Pimi\u00e4n p\u00e4iv\u00e4n iltap\u00e4iv\u00e4 Pikkarala - SK Pohjant\u00e4hti","robots":{"index":"index","follow":"follow","max-snippet":"max-snippet:-1","max-image-preview":"max-image-preview:large","max-video-preview":"max-video-preview:-1"},"canonical":"https:\/\/skpohjantahti.fi\/index.php\/pimian-paivan-iltapaiva-pikkarala\/","og_locale":"fi_FI","og_type":"article","og_title":"Pimi\u00e4n p\u00e4iv\u00e4n iltap\u00e4iv\u00e4 Pikkarala - SK Pohjant\u00e4hti","og_description":"Radat ja kartta A 4,6km \/ 20 rastia B 3,5km \/ 16 rastia C 2,0km \/ 8 rastia Livelox A-C Tontturata n. 1km Kaikilla radoilla (paitsi tontturadalla) hajontaa. Kartta 1:7500 \/ 2,5m, Urpo Niemel\u00e4 ja Petri Karjalainen 2023. Kartalta on poistettu frisbeegolf-korit, sill\u00e4 niit\u00e4 on tullut maastoon niin paljon lis\u00e4\u00e4, ett\u00e4 ne antavat turhan paljon [&hellip;]","og_url":"https:\/\/skpohjantahti.fi\/index.php\/pimian-paivan-iltapaiva-pikkarala\/","og_site_name":"SK Pohjant\u00e4hti","article_publisher":"https:\/\/www.facebook.com\/skpohjantahti","article_modified_time":"2025-12-17T13:37:41+00:00","og_image":[{"width":877,"height":620,"url":"https:\/\/skpohjantahti.fi\/uudet\/wp-content\/uploads\/2025\/12\/Pikkarala-frisbee-1.jpg","type":"image\/jpeg"}],"twitter_card":"summary_large_image","twitter_misc":{"Arvioitu lukuaika":"2 minuuttia"},"schema":{"@context":"https:\/\/schema.org","@graph":[{"@type":"WebPage","@id":"https:\/\/skpohjantahti.fi\/index.php\/pimian-paivan-iltapaiva-pikkarala\/","url":"https:\/\/skpohjantahti.fi\/index.php\/pimian-paivan-iltapaiva-pikkarala\/","name":"Pimi\u00e4n p\u00e4iv\u00e4n iltap\u00e4iv\u00e4 Pikkarala - SK Pohjant\u00e4hti","isPartOf":{"@id":"https:\/\/skpohjantahti.fi\/#website"},"primaryImageOfPage":{"@id":"https:\/\/skpohjantahti.fi\/index.php\/pimian-paivan-iltapaiva-pikkarala\/#primaryimage"},"image":{"@id":"https:\/\/skpohjantahti.fi\/index.php\/pimian-paivan-iltapaiva-pikkarala\/#primaryimage"},"thumbnailUrl":"https:\/\/skpohjantahti.fi\/uudet\/wp-content\/uploads\/2025\/12\/Pikkarala-frisbee-1-300x212.jpg","datePublished":"2025-12-16T16:51:22+00:00","dateModified":"2025-12-17T13:37:41+00:00","breadcrumb":{"@id":"https:\/\/skpohjantahti.fi\/index.php\/pimian-paivan-iltapaiva-pikkarala\/#breadcrumb"},"inLanguage":"fi","potentialAction":[{"@type":"ReadAction","target":["https:\/\/skpohjantahti.fi\/index.php\/pimian-paivan-iltapaiva-pikkarala\/"]}]},{"@type":"ImageObject","inLanguage":"fi","@id":"https:\/\/skpohjantahti.fi\/index.php\/pimian-paivan-iltapaiva-pikkarala\/#primaryimage","url":"https:\/\/skpohjantahti.fi\/uudet\/wp-content\/uploads\/2025\/12\/Pikkarala-frisbee-1.jpg","contentUrl":"https:\/\/skpohjantahti.fi\/uudet\/wp-content\/uploads\/2025\/12\/Pikkarala-frisbee-1.jpg","width":877,"height":620},{"@type":"BreadcrumbList","@id":"https:\/\/skpohjantahti.fi\/index.php\/pimian-paivan-iltapaiva-pikkarala\/#breadcrumb","itemListElement":[{"@type":"ListItem","position":1,"name":"Etusivu","item":"https:\/\/skpohjantahti.fi\/"},{"@type":"ListItem","position":2,"name":"Pimi\u00e4n p\u00e4iv\u00e4n iltap\u00e4iv\u00e4 Pikkarala"}]},{"@type":"WebSite","@id":"https:\/\/skpohjantahti.fi\/#website","url":"https:\/\/skpohjantahti.fi\/","name":"SK Pohjant\u00e4hti","description":"Oululainen suunnistusseura","publisher":{"@id":"https:\/\/skpohjantahti.fi\/#organization"},"potentialAction":[{"@type":"SearchAction","target":{"@type":"EntryPoint","urlTemplate":"https:\/\/skpohjantahti.fi\/?s={search_term_string}"},"query-input":{"@type":"PropertyValueSpecification","valueRequired":true,"valueName":"search_term_string"}}],"inLanguage":"fi"},{"@type":"Organization","@id":"https:\/\/skpohjantahti.fi\/#organization","name":"SK Pohjant\u00e4hti","url":"https:\/\/skpohjantahti.fi\/","logo":{"@type":"ImageObject","inLanguage":"fi","@id":"https:\/\/skpohjantahti.fi\/#\/schema\/logo\/image\/","url":"https:\/\/skpohjantahti.fi\/uudet\/wp-content\/uploads\/2022\/04\/cropped-pohjantahti_log_netti_pieni.jpg","contentUrl":"https:\/\/skpohjantahti.fi\/uudet\/wp-content\/uploads\/2022\/04\/cropped-pohjantahti_log_netti_pieni.jpg","width":198,"height":66,"caption":"SK Pohjant\u00e4hti"},"image":{"@id":"https:\/\/skpohjantahti.fi\/#\/schema\/logo\/image\/"},"sameAs":["https:\/\/www.facebook.com\/skpohjantahti","https:\/\/www.instagram.com\/sk_pohjantahti\/"]}]}},"_links":{"self":[{"href":"https:\/\/skpohjantahti.fi\/index.php\/wp-json\/wp\/v2\/pages\/5395","targetHints":{"allow":["GET"]}}],"collection":[{"href":"https:\/\/skpohjantahti.fi\/index.php\/wp-json\/wp\/v2\/pages"}],"about":[{"href":"https:\/\/skpohjantahti.fi\/index.php\/wp-json\/wp\/v2\/types\/page"}],"author":[{"embeddable":true,"href":"https:\/\/skpohjantahti.fi\/index.php\/wp-json\/wp\/v2\/users\/2"}],"replies":[{"embeddable":true,"href":"https:\/\/skpohjantahti.fi\/index.php\/wp-json\/wp\/v2\/comments?post=5395"}],"version-history":[{"count":12,"href":"https:\/\/skpohjantahti.fi\/index.php\/wp-json\/wp\/v2\/pages\/5395\/revisions"}],"predecessor-version":[{"id":5423,"href":"https:\/\/skpohjantahti.fi\/index.php\/wp-json\/wp\/v2\/pages\/5395\/revisions\/5423"}],"wp:attachment":[{"href":"https:\/\/skpohjantahti.fi\/index.php\/wp-json\/wp\/v2\/media?parent=5395"}],"curies":[{"name":"wp","href":"https:\/\/api.w.org\/{rel}","templated":true}]}}