{"id":5410,"date":"2025-12-16T19:31:22","date_gmt":"2025-12-16T17:31:22","guid":{"rendered":"https:\/\/skpohjantahti.fi\/?page_id=5410"},"modified":"2025-12-18T18:28:26","modified_gmt":"2025-12-18T16:28:26","slug":"pimian-paivan-aamupaiva","status":"publish","type":"page","link":"https:\/\/skpohjantahti.fi\/index.php\/pimian-paivan-aamupaiva\/","title":{"rendered":"Pimi\u00e4n p\u00e4iv\u00e4n aamup\u00e4iv\u00e4"},"content":{"rendered":"\t\t<div data-elementor-type=\"wp-page\" data-elementor-id=\"5410\" class=\"elementor elementor-5410\">\n\t\t\t\t\t\t<section class=\"elementor-section elementor-top-section elementor-element elementor-element-28e0bd6 elementor-section-boxed elementor-section-height-default elementor-section-height-default\" data-id=\"28e0bd6\" data-element_type=\"section\">\n\t\t\t\t\t\t<div class=\"elementor-container elementor-column-gap-default\">\n\t\t\t\t\t<div class=\"elementor-column elementor-col-100 elementor-top-column elementor-element elementor-element-7e3682c\" data-id=\"7e3682c\" data-element_type=\"column\">\n\t\t\t<div class=\"elementor-widget-wrap elementor-element-populated\">\n\t\t\t\t\t\t<div class=\"elementor-element elementor-element-cda08a5 elementor-widget elementor-widget-text-editor\" data-id=\"cda08a5\" data-element_type=\"widget\" data-widget_type=\"text-editor.default\">\n\t\t\t\t<div class=\"elementor-widget-container\">\n\t\t\t\t\t\t\t\t\t<h4>Radat ja kartta<\/h4><p>A 3,4km \/ 20 rastia<\/p><p>B 2,8km \/ 12 rastia<\/p><p>C 2,1km \/ 10 rastia<\/p><p>Kartta 1:4000 \/ 2m, Petri Karjalainen 2023. Pieni\u00e4 p\u00e4ivityksi\u00e4 ratasuunnittelun yhteydess\u00e4.<\/p><p><a href=\"https:\/\/www.livelox.com\/Events\/Show\/176322\/Pimian-paivan-aamu\">Livelox<\/a><\/p><h4>Kilpailukeskus<\/h4><p>Sijaitsee <a href=\"https:\/\/maps.app.goo.gl\/MuuqJv4A2RbBq2RE9\">Tuiran uimarannalla<\/a>. L\u00e4ht\u00f6\u00f6n Laanilan puolelle matkaa kilpailukeskuksesta n. 500m, ei viitoitusta (paikan voi katsoa kartalta. Maali Tuiran uimarannalla.<\/p><p>L\u00e4hd\u00f6t 8.45-9.30. Rasteja aletaan poistaa radan alkuosasta 9.50 alkaen ja maali sulkeutuu viimeist\u00e4\u00e4n 10.30.<\/p><h4>Ohjeet<\/h4><p>Jos haluat kilpailunomaisen harjoituksen, vilkaise vain l\u00e4ht\u00f6paikka kartalta tai kysy l\u00e4hd\u00f6n sijainti. Nollaus = K-piste. A-rata on haastava sprinttirata, muut ovat helpompia kuntorastityyppisi\u00e4 ratoja.<\/p><p>Kartalle on merkitty piha-alueita joko punaisella rasterilla tai vaihdettu nurmikon symboli oliivinvihre\u00e4ksi. Kunnioita n\u00e4it\u00e4 alueita.<\/p><p>Radat kiertelev\u00e4t kerrostalojen l\u00e4hist\u00f6ll\u00e4, joten <b>k\u00e4yt\u00e4th\u00e4n vain pient\u00e4 lamppua t<\/b><strong>ai himme\u00e4\u00e4 valotehoa.<\/strong><\/p>\t\t\t\t\t\t\t\t<\/div>\n\t\t\t\t<\/div>\n\t\t\t\t\t<\/div>\n\t\t<\/div>\n\t\t\t\t\t<\/div>\n\t\t<\/section>\n\t\t\t\t<\/div>\n\t\t","protected":false},"excerpt":{"rendered":"<p>Radat ja kartta A 3,4km \/ 20 rastia B 2,8km \/ 12 rastia C 2,1km \/ 10 rastia Kartta 1:4000 \/ 2m, Petri Karjalainen 2023. Pieni\u00e4 p\u00e4ivityksi\u00e4 ratasuunnittelun yhteydess\u00e4. Livelox Kilpailukeskus Sijaitsee Tuiran uimarannalla. L\u00e4ht\u00f6\u00f6n Laanilan puolelle matkaa kilpailukeskuksesta n. 500m, ei viitoitusta (paikan voi katsoa kartalta. Maali Tuiran uimarannalla. L\u00e4hd\u00f6t 8.45-9.30. Rasteja aletaan poistaa [&hellip;]<\/p>\n","protected":false},"author":2,"featured_media":0,"parent":0,"menu_order":0,"comment_status":"closed","ping_status":"closed","template":"","meta":{"site-sidebar-layout":"no-sidebar","site-content-layout":"page-builder","ast-site-content-layout":"full-width-container","site-content-style":"default","site-sidebar-style":"default","ast-global-header-display":"","ast-banner-title-visibility":"","ast-main-header-display":"","ast-hfb-above-header-display":"","ast-hfb-below-header-display":"","ast-hfb-mobile-header-display":"","site-post-title":"","ast-breadcrumbs-content":"","ast-featured-img":"disabled","footer-sml-layout":"","ast-disable-related-posts":"","theme-transparent-header-meta":"","adv-header-id-meta":"","stick-header-meta":"","header-above-stick-meta":"","header-main-stick-meta":"","header-below-stick-meta":"","astra-migrate-meta-layouts":"default","ast-page-background-enabled":"default","ast-page-background-meta":{"desktop":{"background-color":"","background-image":"","background-repeat":"repeat","background-position":"center center","background-size":"auto","background-attachment":"scroll","background-type":"","background-media":"","overlay-type":"","overlay-color":"","overlay-opacity":"","overlay-gradient":""},"tablet":{"background-color":"","background-image":"","background-repeat":"repeat","background-position":"center center","background-size":"auto","background-attachment":"scroll","background-type":"","background-media":"","overlay-type":"","overlay-color":"","overlay-opacity":"","overlay-gradient":""},"mobile":{"background-color":"","background-image":"","background-repeat":"repeat","background-position":"center center","background-size":"auto","background-attachment":"scroll","background-type":"","background-media":"","overlay-type":"","overlay-color":"","overlay-opacity":"","overlay-gradient":""}},"ast-content-background-meta":{"desktop":{"background-color":"var(--ast-global-color-5)","background-image":"","background-repeat":"repeat","background-position":"center center","background-size":"auto","background-attachment":"scroll","background-type":"","background-media":"","overlay-type":"","overlay-color":"","overlay-opacity":"","overlay-gradient":""},"tablet":{"background-color":"var(--ast-global-color-5)","background-image":"","background-repeat":"repeat","background-position":"center center","background-size":"auto","background-attachment":"scroll","background-type":"","background-media":"","overlay-type":"","overlay-color":"","overlay-opacity":"","overlay-gradient":""},"mobile":{"background-color":"var(--ast-global-color-5)","background-image":"","background-repeat":"repeat","background-position":"center center","background-size":"auto","background-attachment":"scroll","background-type":"","background-media":"","overlay-type":"","overlay-color":"","overlay-opacity":"","overlay-gradient":""}},"footnotes":""},"class_list":["post-5410","page","type-page","status-publish","hentry"],"yoast_head":"<!-- This site is optimized with the Yoast SEO plugin v27.4 - https:\/\/yoast.com\/product\/yoast-seo-wordpress\/ -->\n<title>Pimi\u00e4n p\u00e4iv\u00e4n aamup\u00e4iv\u00e4 - SK Pohjant\u00e4hti<\/title>\n<meta name=\"robots\" content=\"index, follow, max-snippet:-1, max-image-preview:large, max-video-preview:-1\" \/>\n<link rel=\"canonical\" href=\"https:\/\/skpohjantahti.fi\/index.php\/pimian-paivan-aamupaiva\/\" \/>\n<meta property=\"og:locale\" content=\"fi_FI\" \/>\n<meta property=\"og:type\" content=\"article\" \/>\n<meta property=\"og:title\" content=\"Pimi\u00e4n p\u00e4iv\u00e4n aamup\u00e4iv\u00e4 - SK Pohjant\u00e4hti\" \/>\n<meta property=\"og:description\" content=\"Radat ja kartta A 3,4km \/ 20 rastia B 2,8km \/ 12 rastia C 2,1km \/ 10 rastia Kartta 1:4000 \/ 2m, Petri Karjalainen 2023. Pieni\u00e4 p\u00e4ivityksi\u00e4 ratasuunnittelun yhteydess\u00e4. Livelox Kilpailukeskus Sijaitsee Tuiran uimarannalla. L\u00e4ht\u00f6\u00f6n Laanilan puolelle matkaa kilpailukeskuksesta n. 500m, ei viitoitusta (paikan voi katsoa kartalta. Maali Tuiran uimarannalla. L\u00e4hd\u00f6t 8.45-9.30. Rasteja aletaan poistaa [&hellip;]\" \/>\n<meta property=\"og:url\" content=\"https:\/\/skpohjantahti.fi\/index.php\/pimian-paivan-aamupaiva\/\" \/>\n<meta property=\"og:site_name\" content=\"SK Pohjant\u00e4hti\" \/>\n<meta property=\"article:publisher\" content=\"https:\/\/www.facebook.com\/skpohjantahti\" \/>\n<meta property=\"article:modified_time\" content=\"2025-12-18T16:28:26+00:00\" \/>\n<meta name=\"twitter:card\" content=\"summary_large_image\" \/>\n<meta name=\"twitter:label1\" content=\"Arvioitu lukuaika\" \/>\n\t<meta name=\"twitter:data1\" content=\"1 minuutti\" \/>\n<script type=\"application\/ld+json\" class=\"yoast-schema-graph\">{\"@context\":\"https:\\\/\\\/schema.org\",\"@graph\":[{\"@type\":\"WebPage\",\"@id\":\"https:\\\/\\\/skpohjantahti.fi\\\/index.php\\\/pimian-paivan-aamupaiva\\\/\",\"url\":\"https:\\\/\\\/skpohjantahti.fi\\\/index.php\\\/pimian-paivan-aamupaiva\\\/\",\"name\":\"Pimi\u00e4n p\u00e4iv\u00e4n aamup\u00e4iv\u00e4 - SK Pohjant\u00e4hti\",\"isPartOf\":{\"@id\":\"https:\\\/\\\/skpohjantahti.fi\\\/#website\"},\"datePublished\":\"2025-12-16T17:31:22+00:00\",\"dateModified\":\"2025-12-18T16:28:26+00:00\",\"breadcrumb\":{\"@id\":\"https:\\\/\\\/skpohjantahti.fi\\\/index.php\\\/pimian-paivan-aamupaiva\\\/#breadcrumb\"},\"inLanguage\":\"fi\",\"potentialAction\":[{\"@type\":\"ReadAction\",\"target\":[\"https:\\\/\\\/skpohjantahti.fi\\\/index.php\\\/pimian-paivan-aamupaiva\\\/\"]}]},{\"@type\":\"BreadcrumbList\",\"@id\":\"https:\\\/\\\/skpohjantahti.fi\\\/index.php\\\/pimian-paivan-aamupaiva\\\/#breadcrumb\",\"itemListElement\":[{\"@type\":\"ListItem\",\"position\":1,\"name\":\"Etusivu\",\"item\":\"https:\\\/\\\/skpohjantahti.fi\\\/\"},{\"@type\":\"ListItem\",\"position\":2,\"name\":\"Pimi\u00e4n p\u00e4iv\u00e4n aamup\u00e4iv\u00e4\"}]},{\"@type\":\"WebSite\",\"@id\":\"https:\\\/\\\/skpohjantahti.fi\\\/#website\",\"url\":\"https:\\\/\\\/skpohjantahti.fi\\\/\",\"name\":\"SK Pohjant\u00e4hti\",\"description\":\"Oululainen suunnistusseura\",\"publisher\":{\"@id\":\"https:\\\/\\\/skpohjantahti.fi\\\/#organization\"},\"potentialAction\":[{\"@type\":\"SearchAction\",\"target\":{\"@type\":\"EntryPoint\",\"urlTemplate\":\"https:\\\/\\\/skpohjantahti.fi\\\/?s={search_term_string}\"},\"query-input\":{\"@type\":\"PropertyValueSpecification\",\"valueRequired\":true,\"valueName\":\"search_term_string\"}}],\"inLanguage\":\"fi\"},{\"@type\":\"Organization\",\"@id\":\"https:\\\/\\\/skpohjantahti.fi\\\/#organization\",\"name\":\"SK Pohjant\u00e4hti\",\"url\":\"https:\\\/\\\/skpohjantahti.fi\\\/\",\"logo\":{\"@type\":\"ImageObject\",\"inLanguage\":\"fi\",\"@id\":\"https:\\\/\\\/skpohjantahti.fi\\\/#\\\/schema\\\/logo\\\/image\\\/\",\"url\":\"https:\\\/\\\/skpohjantahti.fi\\\/uudet\\\/wp-content\\\/uploads\\\/2022\\\/04\\\/cropped-pohjantahti_log_netti_pieni.jpg\",\"contentUrl\":\"https:\\\/\\\/skpohjantahti.fi\\\/uudet\\\/wp-content\\\/uploads\\\/2022\\\/04\\\/cropped-pohjantahti_log_netti_pieni.jpg\",\"width\":198,\"height\":66,\"caption\":\"SK Pohjant\u00e4hti\"},\"image\":{\"@id\":\"https:\\\/\\\/skpohjantahti.fi\\\/#\\\/schema\\\/logo\\\/image\\\/\"},\"sameAs\":[\"https:\\\/\\\/www.facebook.com\\\/skpohjantahti\",\"https:\\\/\\\/www.instagram.com\\\/sk_pohjantahti\\\/\"]}]}<\/script>\n<!-- \/ Yoast SEO plugin. -->","yoast_head_json":{"title":"Pimi\u00e4n p\u00e4iv\u00e4n aamup\u00e4iv\u00e4 - SK Pohjant\u00e4hti","robots":{"index":"index","follow":"follow","max-snippet":"max-snippet:-1","max-image-preview":"max-image-preview:large","max-video-preview":"max-video-preview:-1"},"canonical":"https:\/\/skpohjantahti.fi\/index.php\/pimian-paivan-aamupaiva\/","og_locale":"fi_FI","og_type":"article","og_title":"Pimi\u00e4n p\u00e4iv\u00e4n aamup\u00e4iv\u00e4 - SK Pohjant\u00e4hti","og_description":"Radat ja kartta A 3,4km \/ 20 rastia B 2,8km \/ 12 rastia C 2,1km \/ 10 rastia Kartta 1:4000 \/ 2m, Petri Karjalainen 2023. Pieni\u00e4 p\u00e4ivityksi\u00e4 ratasuunnittelun yhteydess\u00e4. Livelox Kilpailukeskus Sijaitsee Tuiran uimarannalla. L\u00e4ht\u00f6\u00f6n Laanilan puolelle matkaa kilpailukeskuksesta n. 500m, ei viitoitusta (paikan voi katsoa kartalta. Maali Tuiran uimarannalla. L\u00e4hd\u00f6t 8.45-9.30. Rasteja aletaan poistaa [&hellip;]","og_url":"https:\/\/skpohjantahti.fi\/index.php\/pimian-paivan-aamupaiva\/","og_site_name":"SK Pohjant\u00e4hti","article_publisher":"https:\/\/www.facebook.com\/skpohjantahti","article_modified_time":"2025-12-18T16:28:26+00:00","twitter_card":"summary_large_image","twitter_misc":{"Arvioitu lukuaika":"1 minuutti"},"schema":{"@context":"https:\/\/schema.org","@graph":[{"@type":"WebPage","@id":"https:\/\/skpohjantahti.fi\/index.php\/pimian-paivan-aamupaiva\/","url":"https:\/\/skpohjantahti.fi\/index.php\/pimian-paivan-aamupaiva\/","name":"Pimi\u00e4n p\u00e4iv\u00e4n aamup\u00e4iv\u00e4 - SK Pohjant\u00e4hti","isPartOf":{"@id":"https:\/\/skpohjantahti.fi\/#website"},"datePublished":"2025-12-16T17:31:22+00:00","dateModified":"2025-12-18T16:28:26+00:00","breadcrumb":{"@id":"https:\/\/skpohjantahti.fi\/index.php\/pimian-paivan-aamupaiva\/#breadcrumb"},"inLanguage":"fi","potentialAction":[{"@type":"ReadAction","target":["https:\/\/skpohjantahti.fi\/index.php\/pimian-paivan-aamupaiva\/"]}]},{"@type":"BreadcrumbList","@id":"https:\/\/skpohjantahti.fi\/index.php\/pimian-paivan-aamupaiva\/#breadcrumb","itemListElement":[{"@type":"ListItem","position":1,"name":"Etusivu","item":"https:\/\/skpohjantahti.fi\/"},{"@type":"ListItem","position":2,"name":"Pimi\u00e4n p\u00e4iv\u00e4n aamup\u00e4iv\u00e4"}]},{"@type":"WebSite","@id":"https:\/\/skpohjantahti.fi\/#website","url":"https:\/\/skpohjantahti.fi\/","name":"SK Pohjant\u00e4hti","description":"Oululainen suunnistusseura","publisher":{"@id":"https:\/\/skpohjantahti.fi\/#organization"},"potentialAction":[{"@type":"SearchAction","target":{"@type":"EntryPoint","urlTemplate":"https:\/\/skpohjantahti.fi\/?s={search_term_string}"},"query-input":{"@type":"PropertyValueSpecification","valueRequired":true,"valueName":"search_term_string"}}],"inLanguage":"fi"},{"@type":"Organization","@id":"https:\/\/skpohjantahti.fi\/#organization","name":"SK Pohjant\u00e4hti","url":"https:\/\/skpohjantahti.fi\/","logo":{"@type":"ImageObject","inLanguage":"fi","@id":"https:\/\/skpohjantahti.fi\/#\/schema\/logo\/image\/","url":"https:\/\/skpohjantahti.fi\/uudet\/wp-content\/uploads\/2022\/04\/cropped-pohjantahti_log_netti_pieni.jpg","contentUrl":"https:\/\/skpohjantahti.fi\/uudet\/wp-content\/uploads\/2022\/04\/cropped-pohjantahti_log_netti_pieni.jpg","width":198,"height":66,"caption":"SK Pohjant\u00e4hti"},"image":{"@id":"https:\/\/skpohjantahti.fi\/#\/schema\/logo\/image\/"},"sameAs":["https:\/\/www.facebook.com\/skpohjantahti","https:\/\/www.instagram.com\/sk_pohjantahti\/"]}]}},"_links":{"self":[{"href":"https:\/\/skpohjantahti.fi\/index.php\/wp-json\/wp\/v2\/pages\/5410","targetHints":{"allow":["GET"]}}],"collection":[{"href":"https:\/\/skpohjantahti.fi\/index.php\/wp-json\/wp\/v2\/pages"}],"about":[{"href":"https:\/\/skpohjantahti.fi\/index.php\/wp-json\/wp\/v2\/types\/page"}],"author":[{"embeddable":true,"href":"https:\/\/skpohjantahti.fi\/index.php\/wp-json\/wp\/v2\/users\/2"}],"replies":[{"embeddable":true,"href":"https:\/\/skpohjantahti.fi\/index.php\/wp-json\/wp\/v2\/comments?post=5410"}],"version-history":[{"count":12,"href":"https:\/\/skpohjantahti.fi\/index.php\/wp-json\/wp\/v2\/pages\/5410\/revisions"}],"predecessor-version":[{"id":5438,"href":"https:\/\/skpohjantahti.fi\/index.php\/wp-json\/wp\/v2\/pages\/5410\/revisions\/5438"}],"wp:attachment":[{"href":"https:\/\/skpohjantahti.fi\/index.php\/wp-json\/wp\/v2\/media?parent=5410"}],"curies":[{"name":"wp","href":"https:\/\/api.w.org\/{rel}","templated":true}]}}