{"id":5557,"date":"2026-03-22T16:38:50","date_gmt":"2026-03-22T14:38:50","guid":{"rendered":"https:\/\/skpohjantahti.fi\/?page_id=5557"},"modified":"2026-04-07T12:47:56","modified_gmt":"2026-04-07T09:47:56","slug":"kompassi-tapahtumat-2026","status":"publish","type":"page","link":"https:\/\/skpohjantahti.fi\/index.php\/kompassi-tapahtumat-2026\/","title":{"rendered":"Kompassi-tapahtumat 2026"},"content":{"rendered":"\t\t<div data-elementor-type=\"wp-page\" data-elementor-id=\"5557\" class=\"elementor elementor-5557\">\n\t\t\t\t\t\t<section class=\"elementor-section elementor-top-section elementor-element elementor-element-0d17ca3 elementor-section-boxed elementor-section-height-default elementor-section-height-default\" data-id=\"0d17ca3\" data-element_type=\"section\">\n\t\t\t\t\t\t<div class=\"elementor-container elementor-column-gap-default\">\n\t\t\t\t\t<div class=\"elementor-column elementor-col-100 elementor-top-column elementor-element elementor-element-275c8b9\" data-id=\"275c8b9\" data-element_type=\"column\">\n\t\t\t<div class=\"elementor-widget-wrap elementor-element-populated\">\n\t\t\t\t\t\t<div class=\"elementor-element elementor-element-9bb64be elementor-widget elementor-widget-heading\" data-id=\"9bb64be\" data-element_type=\"widget\" data-widget_type=\"heading.default\">\n\t\t\t\t<div class=\"elementor-widget-container\">\n\t\t\t\t\t<h2 class=\"elementor-heading-title elementor-size-default\">Kompassi-tapahtumat 2026<\/h2>\t\t\t\t<\/div>\n\t\t\t\t<\/div>\n\t\t\t\t\t<\/div>\n\t\t<\/div>\n\t\t\t\t\t<\/div>\n\t\t<\/section>\n\t\t\t\t<section class=\"elementor-section elementor-top-section elementor-element elementor-element-de153c1 elementor-section-boxed elementor-section-height-default elementor-section-height-default\" data-id=\"de153c1\" data-element_type=\"section\">\n\t\t\t\t\t\t<div class=\"elementor-container elementor-column-gap-default\">\n\t\t\t\t\t<div class=\"elementor-column elementor-col-50 elementor-top-column elementor-element elementor-element-7c2bde7\" data-id=\"7c2bde7\" data-element_type=\"column\">\n\t\t\t<div class=\"elementor-widget-wrap elementor-element-populated\">\n\t\t\t\t\t\t<div class=\"elementor-element elementor-element-1195b2e elementor-widget elementor-widget-image\" data-id=\"1195b2e\" data-element_type=\"widget\" data-widget_type=\"image.default\">\n\t\t\t\t<div class=\"elementor-widget-container\">\n\t\t\t\t\t\t\t\t\t\t\t\t\t\t\t<img decoding=\"async\" width=\"300\" height=\"150\" src=\"https:\/\/skpohjantahti.fi\/uudet\/wp-content\/uploads\/2023\/04\/tapahtumat_tahtaimessa_1_rgb-1-300x150.jpg\" class=\"attachment-medium size-medium wp-image-2910\" alt=\"\" srcset=\"https:\/\/skpohjantahti.fi\/uudet\/wp-content\/uploads\/2023\/04\/tapahtumat_tahtaimessa_1_rgb-1-300x150.jpg 300w, https:\/\/skpohjantahti.fi\/uudet\/wp-content\/uploads\/2023\/04\/tapahtumat_tahtaimessa_1_rgb-1-1024x512.jpg 1024w, https:\/\/skpohjantahti.fi\/uudet\/wp-content\/uploads\/2023\/04\/tapahtumat_tahtaimessa_1_rgb-1-768x384.jpg 768w, https:\/\/skpohjantahti.fi\/uudet\/wp-content\/uploads\/2023\/04\/tapahtumat_tahtaimessa_1_rgb-1-1536x768.jpg 1536w, https:\/\/skpohjantahti.fi\/uudet\/wp-content\/uploads\/2023\/04\/tapahtumat_tahtaimessa_1_rgb-1-2048x1024.jpg 2048w\" sizes=\"(max-width: 300px) 100vw, 300px\" \/>\t\t\t\t\t\t\t\t\t\t\t\t\t\t\t<\/div>\n\t\t\t\t<\/div>\n\t\t\t\t\t<\/div>\n\t\t<\/div>\n\t\t\t\t<div class=\"elementor-column elementor-col-50 elementor-top-column elementor-element elementor-element-5e31b60\" data-id=\"5e31b60\" data-element_type=\"column\">\n\t\t\t<div class=\"elementor-widget-wrap elementor-element-populated\">\n\t\t\t\t\t\t<div class=\"elementor-element elementor-element-fea3c9b elementor-widget elementor-widget-text-editor\" data-id=\"fea3c9b\" data-element_type=\"widget\" data-widget_type=\"text-editor.default\">\n\t\t\t\t<div class=\"elementor-widget-container\">\n\t\t\t\t\t\t\t\t\t<p>Kompassi-tapahtumat ovat suunnistustapahtumia, jotka on suunniteltu lasten ehdoilla. Tapahtumista l\u00f6ytyy innostavia suunnistusteht\u00e4vi\u00e4, jotka sopivat kilpailu- ja seikkailumielisille, mutta my\u00f6s aloittelijoille on tarjolla turvallisia haasteita.<\/p>\n<p\"><a  href=\"https:\/\/suunnistus.fi\/kompassitapahtumat\/\" target=\"_blank\" rel=\"noopener\">Kompassi-tapahtumat \u2013 Tule rasteille (suunnistus.fi)<\/a><\/p>\t\t\t\t\t\t\t\t<\/div>\n\t\t\t\t<\/div>\n\t\t\t\t\t<\/div>\n\t\t<\/div>\n\t\t\t\t\t<\/div>\n\t\t<\/section>\n\t\t\t\t<section class=\"elementor-section elementor-top-section elementor-element elementor-element-af40351 elementor-section-boxed elementor-section-height-default elementor-section-height-default\" data-id=\"af40351\" data-element_type=\"section\">\n\t\t\t\t\t\t<div class=\"elementor-container elementor-column-gap-default\">\n\t\t\t\t\t<div class=\"elementor-column elementor-col-100 elementor-top-column elementor-element elementor-element-05ce94f\" data-id=\"05ce94f\" data-element_type=\"column\">\n\t\t\t<div class=\"elementor-widget-wrap elementor-element-populated\">\n\t\t\t\t\t\t<div class=\"elementor-element elementor-element-22e2d2f elementor-widget elementor-widget-text-editor\" data-id=\"22e2d2f\" data-element_type=\"widget\" data-widget_type=\"text-editor.default\">\n\t\t\t\t<div class=\"elementor-widget-container\">\n\t\t\t\t\t\t\t\t\t<p>Pohjois-Pohjanmaan Kompassi-tapahtumien vuosittainen sarja alkaa toukokuussa ja p\u00e4\u00e4ttyy syyskuussa.<\/p>\t\t\t\t\t\t\t\t<\/div>\n\t\t\t\t<\/div>\n\t\t\t\t\t<\/div>\n\t\t<\/div>\n\t\t\t\t\t<\/div>\n\t\t<\/section>\n\t\t\t\t<section class=\"elementor-section elementor-top-section elementor-element elementor-element-4da6205 elementor-section-boxed elementor-section-height-default elementor-section-height-default\" data-id=\"4da6205\" data-element_type=\"section\">\n\t\t\t\t\t\t<div class=\"elementor-container elementor-column-gap-default\">\n\t\t\t\t\t<div class=\"elementor-column elementor-col-100 elementor-top-column elementor-element elementor-element-4e6293e\" data-id=\"4e6293e\" data-element_type=\"column\">\n\t\t\t<div class=\"elementor-widget-wrap elementor-element-populated\">\n\t\t\t\t\t\t<div class=\"elementor-element elementor-element-0b9f6c5 elementor-widget elementor-widget-text-editor\" data-id=\"0b9f6c5\" data-element_type=\"widget\" data-widget_type=\"text-editor.default\">\n\t\t\t\t<div class=\"elementor-widget-container\">\n\t\t\t\t\t\t\t\t\t<ul><li>12.5.2026 Seuratason tapahtuma 1, Oulun Tarmo<\/li><li>25.5.2026 Seuratason tapahtuma 2, SK Pohjant\u00e4hti<\/li><li>4.8.2026 Seuratason tapahtuma 3, Laitasaaren Veto<\/li><li>15.8.2026 Kompassi-Cup 1, SK Pohjant\u00e4hti<\/li><li>16.8.2026 Kompassi-viesti 1, SK Pohjant\u00e4hti<\/li><\/ul>\t\t\t\t\t\t\t\t<\/div>\n\t\t\t\t<\/div>\n\t\t\t\t\t<\/div>\n\t\t<\/div>\n\t\t\t\t\t<\/div>\n\t\t<\/section>\n\t\t\t\t<\/div>\n\t\t","protected":false},"excerpt":{"rendered":"<p>Kompassi-tapahtumat 2026 Kompassi-tapahtumat ovat suunnistustapahtumia, jotka on suunniteltu lasten ehdoilla. Tapahtumista l\u00f6ytyy innostavia suunnistusteht\u00e4vi\u00e4, jotka sopivat kilpailu- ja seikkailumielisille, mutta my\u00f6s aloittelijoille on tarjolla turvallisia haasteita. &lt;p&#8221;&gt;Kompassi-tapahtumat \u2013 Tule rasteille (suunnistus.fi) Pohjois-Pohjanmaan Kompassi-tapahtumien vuosittainen sarja alkaa toukokuussa ja p\u00e4\u00e4ttyy syyskuussa. 12.5.2026 Seuratason tapahtuma 1, Oulun Tarmo 25.5.2026 Seuratason tapahtuma 2, SK Pohjant\u00e4hti 4.8.2026 Seuratason tapahtuma [&hellip;]<\/p>\n","protected":false},"author":2,"featured_media":0,"parent":0,"menu_order":0,"comment_status":"closed","ping_status":"closed","template":"","meta":{"site-sidebar-layout":"default","site-content-layout":"","ast-site-content-layout":"default","site-content-style":"default","site-sidebar-style":"default","ast-global-header-display":"","ast-banner-title-visibility":"","ast-main-header-display":"","ast-hfb-above-header-display":"","ast-hfb-below-header-display":"","ast-hfb-mobile-header-display":"","site-post-title":"disabled","ast-breadcrumbs-content":"","ast-featured-img":"","footer-sml-layout":"","ast-disable-related-posts":"","theme-transparent-header-meta":"default","adv-header-id-meta":"","stick-header-meta":"","header-above-stick-meta":"","header-main-stick-meta":"","header-below-stick-meta":"","astra-migrate-meta-layouts":"set","ast-page-background-enabled":"default","ast-page-background-meta":{"desktop":{"background-color":"","background-image":"","background-repeat":"repeat","background-position":"center center","background-size":"auto","background-attachment":"scroll","background-type":"","background-media":"","overlay-type":"","overlay-color":"","overlay-opacity":"","overlay-gradient":""},"tablet":{"background-color":"","background-image":"","background-repeat":"repeat","background-position":"center center","background-size":"auto","background-attachment":"scroll","background-type":"","background-media":"","overlay-type":"","overlay-color":"","overlay-opacity":"","overlay-gradient":""},"mobile":{"background-color":"","background-image":"","background-repeat":"repeat","background-position":"center center","background-size":"auto","background-attachment":"scroll","background-type":"","background-media":"","overlay-type":"","overlay-color":"","overlay-opacity":"","overlay-gradient":""}},"ast-content-background-meta":{"desktop":{"background-color":"var(--ast-global-color-5)","background-image":"","background-repeat":"repeat","background-position":"center center","background-size":"auto","background-attachment":"scroll","background-type":"","background-media":"","overlay-type":"","overlay-color":"","overlay-opacity":"","overlay-gradient":""},"tablet":{"background-color":"var(--ast-global-color-5)","background-image":"","background-repeat":"repeat","background-position":"center center","background-size":"auto","background-attachment":"scroll","background-type":"","background-media":"","overlay-type":"","overlay-color":"","overlay-opacity":"","overlay-gradient":""},"mobile":{"background-color":"var(--ast-global-color-5)","background-image":"","background-repeat":"repeat","background-position":"center center","background-size":"auto","background-attachment":"scroll","background-type":"","background-media":"","overlay-type":"","overlay-color":"","overlay-opacity":"","overlay-gradient":""}},"footnotes":""},"class_list":["post-5557","page","type-page","status-publish","hentry"],"yoast_head":"<!-- This site is optimized with the Yoast SEO plugin v27.2 - https:\/\/yoast.com\/product\/yoast-seo-wordpress\/ -->\n<title>Kompassi-tapahtumat 2026 - SK Pohjant\u00e4hti<\/title>\n<meta name=\"robots\" content=\"index, follow, max-snippet:-1, max-image-preview:large, max-video-preview:-1\" \/>\n<link rel=\"canonical\" href=\"https:\/\/skpohjantahti.fi\/index.php\/kompassi-tapahtumat-2026\/\" \/>\n<meta property=\"og:locale\" content=\"fi_FI\" \/>\n<meta property=\"og:type\" content=\"article\" \/>\n<meta property=\"og:title\" content=\"Kompassi-tapahtumat 2026 - SK Pohjant\u00e4hti\" \/>\n<meta property=\"og:description\" content=\"Kompassi-tapahtumat 2026 Kompassi-tapahtumat ovat suunnistustapahtumia, jotka on suunniteltu lasten ehdoilla. Tapahtumista l\u00f6ytyy innostavia suunnistusteht\u00e4vi\u00e4, jotka sopivat kilpailu- ja seikkailumielisille, mutta my\u00f6s aloittelijoille on tarjolla turvallisia haasteita. &lt;p&#8221;&gt;Kompassi-tapahtumat \u2013 Tule rasteille (suunnistus.fi) Pohjois-Pohjanmaan Kompassi-tapahtumien vuosittainen sarja alkaa toukokuussa ja p\u00e4\u00e4ttyy syyskuussa. 12.5.2026 Seuratason tapahtuma 1, Oulun Tarmo 25.5.2026 Seuratason tapahtuma 2, SK Pohjant\u00e4hti 4.8.2026 Seuratason tapahtuma [&hellip;]\" \/>\n<meta property=\"og:url\" content=\"https:\/\/skpohjantahti.fi\/index.php\/kompassi-tapahtumat-2026\/\" \/>\n<meta property=\"og:site_name\" content=\"SK Pohjant\u00e4hti\" \/>\n<meta property=\"article:publisher\" content=\"https:\/\/www.facebook.com\/skpohjantahti\" \/>\n<meta property=\"article:modified_time\" content=\"2026-04-07T09:47:56+00:00\" \/>\n<meta property=\"og:image\" content=\"https:\/\/skpohjantahti.fi\/uudet\/wp-content\/uploads\/2023\/04\/tapahtumat_tahtaimessa_1_rgb-1-300x150.jpg\" \/>\n<meta name=\"twitter:card\" content=\"summary_large_image\" \/>\n<meta name=\"twitter:label1\" content=\"Arvioitu lukuaika\" \/>\n\t<meta name=\"twitter:data1\" content=\"1 minuutti\" \/>\n<script type=\"application\/ld+json\" class=\"yoast-schema-graph\">{\"@context\":\"https:\/\/schema.org\",\"@graph\":[{\"@type\":\"WebPage\",\"@id\":\"https:\/\/skpohjantahti.fi\/index.php\/kompassi-tapahtumat-2026\/\",\"url\":\"https:\/\/skpohjantahti.fi\/index.php\/kompassi-tapahtumat-2026\/\",\"name\":\"Kompassi-tapahtumat 2026 - SK Pohjant\u00e4hti\",\"isPartOf\":{\"@id\":\"https:\/\/skpohjantahti.fi\/#website\"},\"primaryImageOfPage\":{\"@id\":\"https:\/\/skpohjantahti.fi\/index.php\/kompassi-tapahtumat-2026\/#primaryimage\"},\"image\":{\"@id\":\"https:\/\/skpohjantahti.fi\/index.php\/kompassi-tapahtumat-2026\/#primaryimage\"},\"thumbnailUrl\":\"https:\/\/skpohjantahti.fi\/uudet\/wp-content\/uploads\/2023\/04\/tapahtumat_tahtaimessa_1_rgb-1-300x150.jpg\",\"datePublished\":\"2026-03-22T14:38:50+00:00\",\"dateModified\":\"2026-04-07T09:47:56+00:00\",\"breadcrumb\":{\"@id\":\"https:\/\/skpohjantahti.fi\/index.php\/kompassi-tapahtumat-2026\/#breadcrumb\"},\"inLanguage\":\"fi\",\"potentialAction\":[{\"@type\":\"ReadAction\",\"target\":[\"https:\/\/skpohjantahti.fi\/index.php\/kompassi-tapahtumat-2026\/\"]}]},{\"@type\":\"ImageObject\",\"inLanguage\":\"fi\",\"@id\":\"https:\/\/skpohjantahti.fi\/index.php\/kompassi-tapahtumat-2026\/#primaryimage\",\"url\":\"https:\/\/skpohjantahti.fi\/uudet\/wp-content\/uploads\/2023\/04\/tapahtumat_tahtaimessa_1_rgb-1.jpg\",\"contentUrl\":\"https:\/\/skpohjantahti.fi\/uudet\/wp-content\/uploads\/2023\/04\/tapahtumat_tahtaimessa_1_rgb-1.jpg\",\"width\":2362,\"height\":1181},{\"@type\":\"BreadcrumbList\",\"@id\":\"https:\/\/skpohjantahti.fi\/index.php\/kompassi-tapahtumat-2026\/#breadcrumb\",\"itemListElement\":[{\"@type\":\"ListItem\",\"position\":1,\"name\":\"Etusivu\",\"item\":\"https:\/\/skpohjantahti.fi\/\"},{\"@type\":\"ListItem\",\"position\":2,\"name\":\"Kompassi-tapahtumat 2026\"}]},{\"@type\":\"WebSite\",\"@id\":\"https:\/\/skpohjantahti.fi\/#website\",\"url\":\"https:\/\/skpohjantahti.fi\/\",\"name\":\"SK Pohjant\u00e4hti\",\"description\":\"Oululainen suunnistusseura\",\"publisher\":{\"@id\":\"https:\/\/skpohjantahti.fi\/#organization\"},\"potentialAction\":[{\"@type\":\"SearchAction\",\"target\":{\"@type\":\"EntryPoint\",\"urlTemplate\":\"https:\/\/skpohjantahti.fi\/?s={search_term_string}\"},\"query-input\":{\"@type\":\"PropertyValueSpecification\",\"valueRequired\":true,\"valueName\":\"search_term_string\"}}],\"inLanguage\":\"fi\"},{\"@type\":\"Organization\",\"@id\":\"https:\/\/skpohjantahti.fi\/#organization\",\"name\":\"SK Pohjant\u00e4hti\",\"url\":\"https:\/\/skpohjantahti.fi\/\",\"logo\":{\"@type\":\"ImageObject\",\"inLanguage\":\"fi\",\"@id\":\"https:\/\/skpohjantahti.fi\/#\/schema\/logo\/image\/\",\"url\":\"https:\/\/skpohjantahti.fi\/uudet\/wp-content\/uploads\/2022\/04\/cropped-pohjantahti_log_netti_pieni.jpg\",\"contentUrl\":\"https:\/\/skpohjantahti.fi\/uudet\/wp-content\/uploads\/2022\/04\/cropped-pohjantahti_log_netti_pieni.jpg\",\"width\":198,\"height\":66,\"caption\":\"SK Pohjant\u00e4hti\"},\"image\":{\"@id\":\"https:\/\/skpohjantahti.fi\/#\/schema\/logo\/image\/\"},\"sameAs\":[\"https:\/\/www.facebook.com\/skpohjantahti\",\"https:\/\/www.instagram.com\/sk_pohjantahti\/\"]}]}<\/script>\n<!-- \/ Yoast SEO plugin. -->","yoast_head_json":{"title":"Kompassi-tapahtumat 2026 - SK Pohjant\u00e4hti","robots":{"index":"index","follow":"follow","max-snippet":"max-snippet:-1","max-image-preview":"max-image-preview:large","max-video-preview":"max-video-preview:-1"},"canonical":"https:\/\/skpohjantahti.fi\/index.php\/kompassi-tapahtumat-2026\/","og_locale":"fi_FI","og_type":"article","og_title":"Kompassi-tapahtumat 2026 - SK Pohjant\u00e4hti","og_description":"Kompassi-tapahtumat 2026 Kompassi-tapahtumat ovat suunnistustapahtumia, jotka on suunniteltu lasten ehdoilla. Tapahtumista l\u00f6ytyy innostavia suunnistusteht\u00e4vi\u00e4, jotka sopivat kilpailu- ja seikkailumielisille, mutta my\u00f6s aloittelijoille on tarjolla turvallisia haasteita. &lt;p&#8221;&gt;Kompassi-tapahtumat \u2013 Tule rasteille (suunnistus.fi) Pohjois-Pohjanmaan Kompassi-tapahtumien vuosittainen sarja alkaa toukokuussa ja p\u00e4\u00e4ttyy syyskuussa. 12.5.2026 Seuratason tapahtuma 1, Oulun Tarmo 25.5.2026 Seuratason tapahtuma 2, SK Pohjant\u00e4hti 4.8.2026 Seuratason tapahtuma [&hellip;]","og_url":"https:\/\/skpohjantahti.fi\/index.php\/kompassi-tapahtumat-2026\/","og_site_name":"SK Pohjant\u00e4hti","article_publisher":"https:\/\/www.facebook.com\/skpohjantahti","article_modified_time":"2026-04-07T09:47:56+00:00","og_image":[{"url":"https:\/\/skpohjantahti.fi\/uudet\/wp-content\/uploads\/2023\/04\/tapahtumat_tahtaimessa_1_rgb-1-300x150.jpg","type":"","width":"","height":""}],"twitter_card":"summary_large_image","twitter_misc":{"Arvioitu lukuaika":"1 minuutti"},"schema":{"@context":"https:\/\/schema.org","@graph":[{"@type":"WebPage","@id":"https:\/\/skpohjantahti.fi\/index.php\/kompassi-tapahtumat-2026\/","url":"https:\/\/skpohjantahti.fi\/index.php\/kompassi-tapahtumat-2026\/","name":"Kompassi-tapahtumat 2026 - SK Pohjant\u00e4hti","isPartOf":{"@id":"https:\/\/skpohjantahti.fi\/#website"},"primaryImageOfPage":{"@id":"https:\/\/skpohjantahti.fi\/index.php\/kompassi-tapahtumat-2026\/#primaryimage"},"image":{"@id":"https:\/\/skpohjantahti.fi\/index.php\/kompassi-tapahtumat-2026\/#primaryimage"},"thumbnailUrl":"https:\/\/skpohjantahti.fi\/uudet\/wp-content\/uploads\/2023\/04\/tapahtumat_tahtaimessa_1_rgb-1-300x150.jpg","datePublished":"2026-03-22T14:38:50+00:00","dateModified":"2026-04-07T09:47:56+00:00","breadcrumb":{"@id":"https:\/\/skpohjantahti.fi\/index.php\/kompassi-tapahtumat-2026\/#breadcrumb"},"inLanguage":"fi","potentialAction":[{"@type":"ReadAction","target":["https:\/\/skpohjantahti.fi\/index.php\/kompassi-tapahtumat-2026\/"]}]},{"@type":"ImageObject","inLanguage":"fi","@id":"https:\/\/skpohjantahti.fi\/index.php\/kompassi-tapahtumat-2026\/#primaryimage","url":"https:\/\/skpohjantahti.fi\/uudet\/wp-content\/uploads\/2023\/04\/tapahtumat_tahtaimessa_1_rgb-1.jpg","contentUrl":"https:\/\/skpohjantahti.fi\/uudet\/wp-content\/uploads\/2023\/04\/tapahtumat_tahtaimessa_1_rgb-1.jpg","width":2362,"height":1181},{"@type":"BreadcrumbList","@id":"https:\/\/skpohjantahti.fi\/index.php\/kompassi-tapahtumat-2026\/#breadcrumb","itemListElement":[{"@type":"ListItem","position":1,"name":"Etusivu","item":"https:\/\/skpohjantahti.fi\/"},{"@type":"ListItem","position":2,"name":"Kompassi-tapahtumat 2026"}]},{"@type":"WebSite","@id":"https:\/\/skpohjantahti.fi\/#website","url":"https:\/\/skpohjantahti.fi\/","name":"SK Pohjant\u00e4hti","description":"Oululainen suunnistusseura","publisher":{"@id":"https:\/\/skpohjantahti.fi\/#organization"},"potentialAction":[{"@type":"SearchAction","target":{"@type":"EntryPoint","urlTemplate":"https:\/\/skpohjantahti.fi\/?s={search_term_string}"},"query-input":{"@type":"PropertyValueSpecification","valueRequired":true,"valueName":"search_term_string"}}],"inLanguage":"fi"},{"@type":"Organization","@id":"https:\/\/skpohjantahti.fi\/#organization","name":"SK Pohjant\u00e4hti","url":"https:\/\/skpohjantahti.fi\/","logo":{"@type":"ImageObject","inLanguage":"fi","@id":"https:\/\/skpohjantahti.fi\/#\/schema\/logo\/image\/","url":"https:\/\/skpohjantahti.fi\/uudet\/wp-content\/uploads\/2022\/04\/cropped-pohjantahti_log_netti_pieni.jpg","contentUrl":"https:\/\/skpohjantahti.fi\/uudet\/wp-content\/uploads\/2022\/04\/cropped-pohjantahti_log_netti_pieni.jpg","width":198,"height":66,"caption":"SK Pohjant\u00e4hti"},"image":{"@id":"https:\/\/skpohjantahti.fi\/#\/schema\/logo\/image\/"},"sameAs":["https:\/\/www.facebook.com\/skpohjantahti","https:\/\/www.instagram.com\/sk_pohjantahti\/"]}]}},"_links":{"self":[{"href":"https:\/\/skpohjantahti.fi\/index.php\/wp-json\/wp\/v2\/pages\/5557","targetHints":{"allow":["GET"]}}],"collection":[{"href":"https:\/\/skpohjantahti.fi\/index.php\/wp-json\/wp\/v2\/pages"}],"about":[{"href":"https:\/\/skpohjantahti.fi\/index.php\/wp-json\/wp\/v2\/types\/page"}],"author":[{"embeddable":true,"href":"https:\/\/skpohjantahti.fi\/index.php\/wp-json\/wp\/v2\/users\/2"}],"replies":[{"embeddable":true,"href":"https:\/\/skpohjantahti.fi\/index.php\/wp-json\/wp\/v2\/comments?post=5557"}],"version-history":[{"count":16,"href":"https:\/\/skpohjantahti.fi\/index.php\/wp-json\/wp\/v2\/pages\/5557\/revisions"}],"predecessor-version":[{"id":5644,"href":"https:\/\/skpohjantahti.fi\/index.php\/wp-json\/wp\/v2\/pages\/5557\/revisions\/5644"}],"wp:attachment":[{"href":"https:\/\/skpohjantahti.fi\/index.php\/wp-json\/wp\/v2\/media?parent=5557"}],"curies":[{"name":"wp","href":"https:\/\/api.w.org\/{rel}","templated":true}]}}