{"id":5680,"date":"2026-04-28T19:47:23","date_gmt":"2026-04-28T16:47:23","guid":{"rendered":"https:\/\/skpohjantahti.fi\/?page_id=5680"},"modified":"2026-04-28T19:47:23","modified_gmt":"2026-04-28T16:47:23","slug":"pyorasuunnistus-linnakangas-kevat-2026","status":"publish","type":"page","link":"https:\/\/skpohjantahti.fi\/index.php\/pyorasuunnistus\/pyorasuunnistus-linnakangas-kevat-2026\/","title":{"rendered":"Py\u00f6r\u00e4suunnistus Linnakangas kev\u00e4t 2026"},"content":{"rendered":"<h3>Omatoimipy\u00f6r\u00e4suunnistus Linnakangas, Kempele<\/h3>\n<p><strong>Radan<\/strong> pituus lyhint\u00e4 reitti\u00e4 noin 19 km (28 rastia) tai saatavilla my\u00f6s kaikki rastit kartta, josta voi piirt\u00e4\u00e4 oman radan. Kartan mittakaava 1:10 000, kartan koko A4, py\u00f6r\u00e4suunnistuskartta ja urakuvaus \u201dpullautus\u201d 4\/2026. Rasteilla on n\u00e4kyv\u00e4sti ripustettu keltainen kuitunauha.<\/p>\n<p>Maksu 8 e\/kartta SK Pohjant\u00e4hdelle liikuntasovelluksilla (Smartum, ePassi, Edenred) tai tilisiirtona SK Pohjant\u00e4hden tilille FI7057413620442456 viitteell\u00e4 2833, maksun saaja verkkopankissa Suunnistuskerho Pohjant\u00e4hti, Oulu ry.<\/p>\n<p>Kartan saa kuittia vastaan s\u00e4hk\u00f6postitse pdf-muodossa tai paperisena Linnakankaalta 700 metrin p\u00e4\u00e4st\u00e4 k-pisteest\u00e4.<\/p>\n<p>Yhteystieto\u00a0<a href=\"mailto:njaako@gmail.com\">njaako@gmail.com<\/a>.<\/p>\n<p><strong>Karttatelineet:<\/strong> Mahdollista vuokrata Suurten Seikkailijoiden karttateline, 10 e hintaan. Maksu FI7279977997215152, viesti karttatelineen vuokraus. Karttatelineit\u00e4 vuokrattavissa huhti-toukokuun ajan kuittia vastaan samasta osoitteesta kuin karttoja.<\/p>\n<p>Ennen py\u00f6r\u00e4suunnistusta, tutustu py\u00f6r\u00e4suunnistuksen urakuvaukseen sek\u00e4 suunnistuksen kiellettyihin alueisiin ja muihin karttamerkkeihin.<\/p>\n<p><a href=\"https:\/\/www.suunnistusliitto.fi\/kartta\/pyorasuunnistuskartta\/\" target=\"_blank\" rel=\"noopener\">Py\u00f6r\u00e4suunnistuskartta | (suunnistusliitto.fi)<\/a><\/p>\n<p><a href=\"https:\/\/www.suunnistus.fi\/wp-content\/uploads\/2021\/04\/Suunnistuksen-karttamerkit-Kielletyt-alueet-2020.pdf\" target=\"_blank\" rel=\"noopener\">Suunnistuksen-karttamerkit-Kielletyt-alueet-2020.pdf (suunnistus.fi)<\/a><\/p>\n<p><strong>Vauhdikasta rastinmets\u00e4styst\u00e4!<\/strong><\/p>\n","protected":false},"excerpt":{"rendered":"<p>Omatoimipy\u00f6r\u00e4suunnistus Linnakangas, Kempele Radan pituus lyhint\u00e4 reitti\u00e4 noin 19 km (28 rastia) tai saatavilla my\u00f6s kaikki rastit kartta, josta voi piirt\u00e4\u00e4 oman radan. Kartan mittakaava 1:10 000, kartan koko A4, py\u00f6r\u00e4suunnistuskartta ja urakuvaus \u201dpullautus\u201d 4\/2026. Rasteilla on n\u00e4kyv\u00e4sti ripustettu keltainen kuitunauha. Maksu 8 e\/kartta SK Pohjant\u00e4hdelle liikuntasovelluksilla (Smartum, ePassi, Edenred) tai tilisiirtona SK Pohjant\u00e4hden tilille [&hellip;]<\/p>\n","protected":false},"author":2,"featured_media":0,"parent":4941,"menu_order":0,"comment_status":"closed","ping_status":"closed","template":"","meta":{"site-sidebar-layout":"default","site-content-layout":"","ast-site-content-layout":"default","site-content-style":"default","site-sidebar-style":"default","ast-global-header-display":"","ast-banner-title-visibility":"","ast-main-header-display":"","ast-hfb-above-header-display":"","ast-hfb-below-header-display":"","ast-hfb-mobile-header-display":"","site-post-title":"","ast-breadcrumbs-content":"","ast-featured-img":"","footer-sml-layout":"","ast-disable-related-posts":"","theme-transparent-header-meta":"default","adv-header-id-meta":"","stick-header-meta":"","header-above-stick-meta":"","header-main-stick-meta":"","header-below-stick-meta":"","astra-migrate-meta-layouts":"set","ast-page-background-enabled":"default","ast-page-background-meta":{"desktop":{"background-color":"","background-image":"","background-repeat":"repeat","background-position":"center center","background-size":"auto","background-attachment":"scroll","background-type":"","background-media":"","overlay-type":"","overlay-color":"","overlay-opacity":"","overlay-gradient":""},"tablet":{"background-color":"","background-image":"","background-repeat":"repeat","background-position":"center center","background-size":"auto","background-attachment":"scroll","background-type":"","background-media":"","overlay-type":"","overlay-color":"","overlay-opacity":"","overlay-gradient":""},"mobile":{"background-color":"","background-image":"","background-repeat":"repeat","background-position":"center center","background-size":"auto","background-attachment":"scroll","background-type":"","background-media":"","overlay-type":"","overlay-color":"","overlay-opacity":"","overlay-gradient":""}},"ast-content-background-meta":{"desktop":{"background-color":"var(--ast-global-color-5)","background-image":"","background-repeat":"repeat","background-position":"center center","background-size":"auto","background-attachment":"scroll","background-type":"","background-media":"","overlay-type":"","overlay-color":"","overlay-opacity":"","overlay-gradient":""},"tablet":{"background-color":"var(--ast-global-color-5)","background-image":"","background-repeat":"repeat","background-position":"center center","background-size":"auto","background-attachment":"scroll","background-type":"","background-media":"","overlay-type":"","overlay-color":"","overlay-opacity":"","overlay-gradient":""},"mobile":{"background-color":"var(--ast-global-color-5)","background-image":"","background-repeat":"repeat","background-position":"center center","background-size":"auto","background-attachment":"scroll","background-type":"","background-media":"","overlay-type":"","overlay-color":"","overlay-opacity":"","overlay-gradient":""}},"footnotes":""},"class_list":["post-5680","page","type-page","status-publish","hentry"],"yoast_head":"<!-- This site is optimized with the Yoast SEO plugin v27.4 - https:\/\/yoast.com\/product\/yoast-seo-wordpress\/ -->\n<title>Py\u00f6r\u00e4suunnistus Linnakangas kev\u00e4t 2026 - SK Pohjant\u00e4hti<\/title>\n<meta name=\"robots\" content=\"index, follow, max-snippet:-1, max-image-preview:large, max-video-preview:-1\" \/>\n<link rel=\"canonical\" href=\"https:\/\/skpohjantahti.fi\/index.php\/pyorasuunnistus\/pyorasuunnistus-linnakangas-kevat-2026\/\" \/>\n<meta property=\"og:locale\" content=\"fi_FI\" \/>\n<meta property=\"og:type\" content=\"article\" \/>\n<meta property=\"og:title\" content=\"Py\u00f6r\u00e4suunnistus Linnakangas kev\u00e4t 2026 - SK Pohjant\u00e4hti\" \/>\n<meta property=\"og:description\" content=\"Omatoimipy\u00f6r\u00e4suunnistus Linnakangas, Kempele Radan pituus lyhint\u00e4 reitti\u00e4 noin 19 km (28 rastia) tai saatavilla my\u00f6s kaikki rastit kartta, josta voi piirt\u00e4\u00e4 oman radan. Kartan mittakaava 1:10 000, kartan koko A4, py\u00f6r\u00e4suunnistuskartta ja urakuvaus \u201dpullautus\u201d 4\/2026. Rasteilla on n\u00e4kyv\u00e4sti ripustettu keltainen kuitunauha. Maksu 8 e\/kartta SK Pohjant\u00e4hdelle liikuntasovelluksilla (Smartum, ePassi, Edenred) tai tilisiirtona SK Pohjant\u00e4hden tilille [&hellip;]\" \/>\n<meta property=\"og:url\" content=\"https:\/\/skpohjantahti.fi\/index.php\/pyorasuunnistus\/pyorasuunnistus-linnakangas-kevat-2026\/\" \/>\n<meta property=\"og:site_name\" content=\"SK Pohjant\u00e4hti\" \/>\n<meta property=\"article:publisher\" content=\"https:\/\/www.facebook.com\/skpohjantahti\" \/>\n<meta name=\"twitter:card\" content=\"summary_large_image\" \/>\n<meta name=\"twitter:label1\" content=\"Arvioitu lukuaika\" \/>\n\t<meta name=\"twitter:data1\" content=\"1 minuutti\" \/>\n<script type=\"application\/ld+json\" class=\"yoast-schema-graph\">{\"@context\":\"https:\\\/\\\/schema.org\",\"@graph\":[{\"@type\":\"WebPage\",\"@id\":\"https:\\\/\\\/skpohjantahti.fi\\\/index.php\\\/pyorasuunnistus\\\/pyorasuunnistus-linnakangas-kevat-2026\\\/\",\"url\":\"https:\\\/\\\/skpohjantahti.fi\\\/index.php\\\/pyorasuunnistus\\\/pyorasuunnistus-linnakangas-kevat-2026\\\/\",\"name\":\"Py\u00f6r\u00e4suunnistus Linnakangas kev\u00e4t 2026 - SK Pohjant\u00e4hti\",\"isPartOf\":{\"@id\":\"https:\\\/\\\/skpohjantahti.fi\\\/#website\"},\"datePublished\":\"2026-04-28T16:47:23+00:00\",\"breadcrumb\":{\"@id\":\"https:\\\/\\\/skpohjantahti.fi\\\/index.php\\\/pyorasuunnistus\\\/pyorasuunnistus-linnakangas-kevat-2026\\\/#breadcrumb\"},\"inLanguage\":\"fi\",\"potentialAction\":[{\"@type\":\"ReadAction\",\"target\":[\"https:\\\/\\\/skpohjantahti.fi\\\/index.php\\\/pyorasuunnistus\\\/pyorasuunnistus-linnakangas-kevat-2026\\\/\"]}]},{\"@type\":\"BreadcrumbList\",\"@id\":\"https:\\\/\\\/skpohjantahti.fi\\\/index.php\\\/pyorasuunnistus\\\/pyorasuunnistus-linnakangas-kevat-2026\\\/#breadcrumb\",\"itemListElement\":[{\"@type\":\"ListItem\",\"position\":1,\"name\":\"Etusivu\",\"item\":\"https:\\\/\\\/skpohjantahti.fi\\\/\"},{\"@type\":\"ListItem\",\"position\":2,\"name\":\"Py\u00f6r\u00e4suunnistus\",\"item\":\"https:\\\/\\\/skpohjantahti.fi\\\/index.php\\\/pyorasuunnistus\\\/\"},{\"@type\":\"ListItem\",\"position\":3,\"name\":\"Py\u00f6r\u00e4suunnistus Linnakangas kev\u00e4t 2026\"}]},{\"@type\":\"WebSite\",\"@id\":\"https:\\\/\\\/skpohjantahti.fi\\\/#website\",\"url\":\"https:\\\/\\\/skpohjantahti.fi\\\/\",\"name\":\"SK Pohjant\u00e4hti\",\"description\":\"Oululainen suunnistusseura\",\"publisher\":{\"@id\":\"https:\\\/\\\/skpohjantahti.fi\\\/#organization\"},\"potentialAction\":[{\"@type\":\"SearchAction\",\"target\":{\"@type\":\"EntryPoint\",\"urlTemplate\":\"https:\\\/\\\/skpohjantahti.fi\\\/?s={search_term_string}\"},\"query-input\":{\"@type\":\"PropertyValueSpecification\",\"valueRequired\":true,\"valueName\":\"search_term_string\"}}],\"inLanguage\":\"fi\"},{\"@type\":\"Organization\",\"@id\":\"https:\\\/\\\/skpohjantahti.fi\\\/#organization\",\"name\":\"SK Pohjant\u00e4hti\",\"url\":\"https:\\\/\\\/skpohjantahti.fi\\\/\",\"logo\":{\"@type\":\"ImageObject\",\"inLanguage\":\"fi\",\"@id\":\"https:\\\/\\\/skpohjantahti.fi\\\/#\\\/schema\\\/logo\\\/image\\\/\",\"url\":\"https:\\\/\\\/skpohjantahti.fi\\\/uudet\\\/wp-content\\\/uploads\\\/2022\\\/04\\\/cropped-pohjantahti_log_netti_pieni.jpg\",\"contentUrl\":\"https:\\\/\\\/skpohjantahti.fi\\\/uudet\\\/wp-content\\\/uploads\\\/2022\\\/04\\\/cropped-pohjantahti_log_netti_pieni.jpg\",\"width\":198,\"height\":66,\"caption\":\"SK Pohjant\u00e4hti\"},\"image\":{\"@id\":\"https:\\\/\\\/skpohjantahti.fi\\\/#\\\/schema\\\/logo\\\/image\\\/\"},\"sameAs\":[\"https:\\\/\\\/www.facebook.com\\\/skpohjantahti\",\"https:\\\/\\\/www.instagram.com\\\/sk_pohjantahti\\\/\"]}]}<\/script>\n<!-- \/ Yoast SEO plugin. -->","yoast_head_json":{"title":"Py\u00f6r\u00e4suunnistus Linnakangas kev\u00e4t 2026 - SK Pohjant\u00e4hti","robots":{"index":"index","follow":"follow","max-snippet":"max-snippet:-1","max-image-preview":"max-image-preview:large","max-video-preview":"max-video-preview:-1"},"canonical":"https:\/\/skpohjantahti.fi\/index.php\/pyorasuunnistus\/pyorasuunnistus-linnakangas-kevat-2026\/","og_locale":"fi_FI","og_type":"article","og_title":"Py\u00f6r\u00e4suunnistus Linnakangas kev\u00e4t 2026 - SK Pohjant\u00e4hti","og_description":"Omatoimipy\u00f6r\u00e4suunnistus Linnakangas, Kempele Radan pituus lyhint\u00e4 reitti\u00e4 noin 19 km (28 rastia) tai saatavilla my\u00f6s kaikki rastit kartta, josta voi piirt\u00e4\u00e4 oman radan. Kartan mittakaava 1:10 000, kartan koko A4, py\u00f6r\u00e4suunnistuskartta ja urakuvaus \u201dpullautus\u201d 4\/2026. Rasteilla on n\u00e4kyv\u00e4sti ripustettu keltainen kuitunauha. Maksu 8 e\/kartta SK Pohjant\u00e4hdelle liikuntasovelluksilla (Smartum, ePassi, Edenred) tai tilisiirtona SK Pohjant\u00e4hden tilille [&hellip;]","og_url":"https:\/\/skpohjantahti.fi\/index.php\/pyorasuunnistus\/pyorasuunnistus-linnakangas-kevat-2026\/","og_site_name":"SK Pohjant\u00e4hti","article_publisher":"https:\/\/www.facebook.com\/skpohjantahti","twitter_card":"summary_large_image","twitter_misc":{"Arvioitu lukuaika":"1 minuutti"},"schema":{"@context":"https:\/\/schema.org","@graph":[{"@type":"WebPage","@id":"https:\/\/skpohjantahti.fi\/index.php\/pyorasuunnistus\/pyorasuunnistus-linnakangas-kevat-2026\/","url":"https:\/\/skpohjantahti.fi\/index.php\/pyorasuunnistus\/pyorasuunnistus-linnakangas-kevat-2026\/","name":"Py\u00f6r\u00e4suunnistus Linnakangas kev\u00e4t 2026 - SK Pohjant\u00e4hti","isPartOf":{"@id":"https:\/\/skpohjantahti.fi\/#website"},"datePublished":"2026-04-28T16:47:23+00:00","breadcrumb":{"@id":"https:\/\/skpohjantahti.fi\/index.php\/pyorasuunnistus\/pyorasuunnistus-linnakangas-kevat-2026\/#breadcrumb"},"inLanguage":"fi","potentialAction":[{"@type":"ReadAction","target":["https:\/\/skpohjantahti.fi\/index.php\/pyorasuunnistus\/pyorasuunnistus-linnakangas-kevat-2026\/"]}]},{"@type":"BreadcrumbList","@id":"https:\/\/skpohjantahti.fi\/index.php\/pyorasuunnistus\/pyorasuunnistus-linnakangas-kevat-2026\/#breadcrumb","itemListElement":[{"@type":"ListItem","position":1,"name":"Etusivu","item":"https:\/\/skpohjantahti.fi\/"},{"@type":"ListItem","position":2,"name":"Py\u00f6r\u00e4suunnistus","item":"https:\/\/skpohjantahti.fi\/index.php\/pyorasuunnistus\/"},{"@type":"ListItem","position":3,"name":"Py\u00f6r\u00e4suunnistus Linnakangas kev\u00e4t 2026"}]},{"@type":"WebSite","@id":"https:\/\/skpohjantahti.fi\/#website","url":"https:\/\/skpohjantahti.fi\/","name":"SK Pohjant\u00e4hti","description":"Oululainen suunnistusseura","publisher":{"@id":"https:\/\/skpohjantahti.fi\/#organization"},"potentialAction":[{"@type":"SearchAction","target":{"@type":"EntryPoint","urlTemplate":"https:\/\/skpohjantahti.fi\/?s={search_term_string}"},"query-input":{"@type":"PropertyValueSpecification","valueRequired":true,"valueName":"search_term_string"}}],"inLanguage":"fi"},{"@type":"Organization","@id":"https:\/\/skpohjantahti.fi\/#organization","name":"SK Pohjant\u00e4hti","url":"https:\/\/skpohjantahti.fi\/","logo":{"@type":"ImageObject","inLanguage":"fi","@id":"https:\/\/skpohjantahti.fi\/#\/schema\/logo\/image\/","url":"https:\/\/skpohjantahti.fi\/uudet\/wp-content\/uploads\/2022\/04\/cropped-pohjantahti_log_netti_pieni.jpg","contentUrl":"https:\/\/skpohjantahti.fi\/uudet\/wp-content\/uploads\/2022\/04\/cropped-pohjantahti_log_netti_pieni.jpg","width":198,"height":66,"caption":"SK Pohjant\u00e4hti"},"image":{"@id":"https:\/\/skpohjantahti.fi\/#\/schema\/logo\/image\/"},"sameAs":["https:\/\/www.facebook.com\/skpohjantahti","https:\/\/www.instagram.com\/sk_pohjantahti\/"]}]}},"_links":{"self":[{"href":"https:\/\/skpohjantahti.fi\/index.php\/wp-json\/wp\/v2\/pages\/5680","targetHints":{"allow":["GET"]}}],"collection":[{"href":"https:\/\/skpohjantahti.fi\/index.php\/wp-json\/wp\/v2\/pages"}],"about":[{"href":"https:\/\/skpohjantahti.fi\/index.php\/wp-json\/wp\/v2\/types\/page"}],"author":[{"embeddable":true,"href":"https:\/\/skpohjantahti.fi\/index.php\/wp-json\/wp\/v2\/users\/2"}],"replies":[{"embeddable":true,"href":"https:\/\/skpohjantahti.fi\/index.php\/wp-json\/wp\/v2\/comments?post=5680"}],"version-history":[{"count":2,"href":"https:\/\/skpohjantahti.fi\/index.php\/wp-json\/wp\/v2\/pages\/5680\/revisions"}],"predecessor-version":[{"id":5682,"href":"https:\/\/skpohjantahti.fi\/index.php\/wp-json\/wp\/v2\/pages\/5680\/revisions\/5682"}],"up":[{"embeddable":true,"href":"https:\/\/skpohjantahti.fi\/index.php\/wp-json\/wp\/v2\/pages\/4941"}],"wp:attachment":[{"href":"https:\/\/skpohjantahti.fi\/index.php\/wp-json\/wp\/v2\/media?parent=5680"}],"curies":[{"name":"wp","href":"https:\/\/api.w.org\/{rel}","templated":true}]}}